{"id":10860,"date":"2025-12-15T15:45:37","date_gmt":"2025-12-15T15:45:37","guid":{"rendered":"https:\/\/preprod.sts-education.com\/generell-informasjon\/"},"modified":"2026-04-14T09:57:03","modified_gmt":"2026-04-14T09:57:03","slug":"generell-informasjon","status":"publish","type":"page","link":"https:\/\/www.sts-education.com\/no\/generell-informasjon\/","title":{"rendered":"Generell Informasjon"},"content":{"rendered":"\n<div class=\"wp-block-sts-text sts-text-editor has-max-width-md\"><div class=\"sts-text-editor__content\"><div class=\"sts-text-editor__content-inner\">\n<h1>Generell informasjon<\/h1>\n<\/div><\/div><\/div>\n\n\n\n<div class=\"wp-block-sts-text sts-text-editor has-max-width-md\"><div class=\"sts-text-editor__content\"><div class=\"sts-text-editor__content-inner\">\n<p>Vi p\u00e5 STS synes det er viktig at du som kunde kan kjenne deg trygg p\u00e5 oss. Nedenfor finner du v\u00e5re vilk\u00e5r der du ogs\u00e5 kan lese om intergritet samt cookies.<\/p>\n\n<ul><li><a href=\"https:\/\/www.sts-education.com\/no\/generell-informasjon\/sts-privacy-policy\/\">STS Integritetspolicy<\/a><\/li>\n<li><a href=\"https:\/\/www.sts-education.com\/no\/generell-informasjon\/cookies\/\">Cookies<\/a><\/li><\/ul>\n<\/div><\/div><\/div>\n","protected":false},"excerpt":{"rendered":"","protected":false},"author":20,"featured_media":0,"parent":0,"menu_order":0,"comment_status":"closed","ping_status":"closed","template":"templates\/template-default-with-breadcrumbs.php","meta":{"_acf_changed":false,"sts_page_background_color":"","footnotes":""},"wpw_page_folders":[95],"class_list":["post-10860","page","type-page","status-publish","hentry"],"acf":[],"yoast_head":"<!-- This site is optimized with the Yoast SEO Premium plugin v27.2 (Yoast SEO v27.2) - https:\/\/yoast.com\/product\/yoast-seo-premium-wordpress\/ -->\n<title>Generell informasjon<\/title>\n<meta name=\"description\" content=\"Vi p\u00e5 STS tycker det \u00e4r viktigt att du som kund skall k\u00e4nna dig trygg i att anlita oss. Nedan finner du v\u00e5ra villkor d\u00e4r du hittar information om integritet, cookies samt v\u00e5ra kursvillkor.\" \/>\n<meta name=\"robots\" content=\"index, follow, max-snippet:-1, max-image-preview:large, max-video-preview:-1\" \/>\n<link rel=\"canonical\" href=\"https:\/\/www.sts-education.com\/no\/generell-informasjon\/\" \/>\n<meta property=\"og:locale\" content=\"nb_NO\" \/>\n<meta property=\"og:type\" content=\"article\" \/>\n<meta property=\"og:title\" content=\"Generell Informasjon\" \/>\n<meta property=\"og:description\" content=\"Vi p\u00e5 STS tycker det \u00e4r viktigt att du som kund skall k\u00e4nna dig trygg i att anlita oss. Nedan finner du v\u00e5ra villkor d\u00e4r du hittar information om integritet, cookies samt v\u00e5ra kursvillkor.\" \/>\n<meta property=\"og:url\" content=\"https:\/\/www.sts-education.com\/no\/generell-informasjon\/\" \/>\n<meta property=\"og:site_name\" content=\"STS Education\" \/>\n<meta property=\"article:modified_time\" content=\"2026-04-14T09:57:03+00:00\" \/>\n<meta name=\"twitter:card\" content=\"summary_large_image\" \/>\n<script type=\"application\/ld+json\" class=\"yoast-schema-graph\">{\"@context\":\"https:\/\/schema.org\",\"@graph\":[{\"@type\":\"WebPage\",\"@id\":\"https:\/\/www.sts-education.com\/no\/generell-informasjon\/\",\"url\":\"https:\/\/www.sts-education.com\/no\/generell-informasjon\/\",\"name\":\"Generell informasjon\",\"isPartOf\":{\"@id\":\"https:\/\/www.sts-education.com\/no\/#website\"},\"datePublished\":\"2025-12-15T15:45:37+00:00\",\"dateModified\":\"2026-04-14T09:57:03+00:00\",\"description\":\"Vi p\u00e5 STS tycker det \u00e4r viktigt att du som kund skall k\u00e4nna dig trygg i att anlita oss. Nedan finner du v\u00e5ra villkor d\u00e4r du hittar information om integritet, cookies samt v\u00e5ra kursvillkor.\",\"breadcrumb\":{\"@id\":\"https:\/\/www.sts-education.com\/no\/generell-informasjon\/#breadcrumb\"},\"inLanguage\":\"nb-NO\",\"potentialAction\":[{\"@type\":\"ReadAction\",\"target\":[\"https:\/\/www.sts-education.com\/no\/generell-informasjon\/\"]}]},{\"@type\":\"BreadcrumbList\",\"@id\":\"https:\/\/www.sts-education.com\/no\/generell-informasjon\/#breadcrumb\",\"itemListElement\":[{\"@type\":\"ListItem\",\"position\":1,\"name\":\"Home\",\"item\":\"https:\/\/www.sts-education.com\/no\/\"},{\"@type\":\"ListItem\",\"position\":2,\"name\":\"Generell Informasjon\"}]},{\"@type\":\"WebSite\",\"@id\":\"https:\/\/www.sts-education.com\/no\/#website\",\"url\":\"https:\/\/www.sts-education.com\/no\/\",\"name\":\"STS Education\",\"description\":\"\",\"potentialAction\":[{\"@type\":\"SearchAction\",\"target\":{\"@type\":\"EntryPoint\",\"urlTemplate\":\"https:\/\/www.sts-education.com\/no\/?s={search_term_string}\"},\"query-input\":{\"@type\":\"PropertyValueSpecification\",\"valueRequired\":true,\"valueName\":\"search_term_string\"}}],\"inLanguage\":\"nb-NO\"}]}<\/script>\n<!-- \/ Yoast SEO Premium plugin. -->","yoast_head_json":{"title":"Generell informasjon","description":"Vi p\u00e5 STS tycker det \u00e4r viktigt att du som kund skall k\u00e4nna dig trygg i att anlita oss. Nedan finner du v\u00e5ra villkor d\u00e4r du hittar information om integritet, cookies samt v\u00e5ra kursvillkor.","robots":{"index":"index","follow":"follow","max-snippet":"max-snippet:-1","max-image-preview":"max-image-preview:large","max-video-preview":"max-video-preview:-1"},"canonical":"https:\/\/www.sts-education.com\/no\/generell-informasjon\/","og_locale":"nb_NO","og_type":"article","og_title":"Generell Informasjon","og_description":"Vi p\u00e5 STS tycker det \u00e4r viktigt att du som kund skall k\u00e4nna dig trygg i att anlita oss. Nedan finner du v\u00e5ra villkor d\u00e4r du hittar information om integritet, cookies samt v\u00e5ra kursvillkor.","og_url":"https:\/\/www.sts-education.com\/no\/generell-informasjon\/","og_site_name":"STS Education","article_modified_time":"2026-04-14T09:57:03+00:00","twitter_card":"summary_large_image","schema":{"@context":"https:\/\/schema.org","@graph":[{"@type":"WebPage","@id":"https:\/\/www.sts-education.com\/no\/generell-informasjon\/","url":"https:\/\/www.sts-education.com\/no\/generell-informasjon\/","name":"Generell informasjon","isPartOf":{"@id":"https:\/\/www.sts-education.com\/no\/#website"},"datePublished":"2025-12-15T15:45:37+00:00","dateModified":"2026-04-14T09:57:03+00:00","description":"Vi p\u00e5 STS tycker det \u00e4r viktigt att du som kund skall k\u00e4nna dig trygg i att anlita oss. Nedan finner du v\u00e5ra villkor d\u00e4r du hittar information om integritet, cookies samt v\u00e5ra kursvillkor.","breadcrumb":{"@id":"https:\/\/www.sts-education.com\/no\/generell-informasjon\/#breadcrumb"},"inLanguage":"nb-NO","potentialAction":[{"@type":"ReadAction","target":["https:\/\/www.sts-education.com\/no\/generell-informasjon\/"]}]},{"@type":"BreadcrumbList","@id":"https:\/\/www.sts-education.com\/no\/generell-informasjon\/#breadcrumb","itemListElement":[{"@type":"ListItem","position":1,"name":"Home","item":"https:\/\/www.sts-education.com\/no\/"},{"@type":"ListItem","position":2,"name":"Generell Informasjon"}]},{"@type":"WebSite","@id":"https:\/\/www.sts-education.com\/no\/#website","url":"https:\/\/www.sts-education.com\/no\/","name":"STS Education","description":"","potentialAction":[{"@type":"SearchAction","target":{"@type":"EntryPoint","urlTemplate":"https:\/\/www.sts-education.com\/no\/?s={search_term_string}"},"query-input":{"@type":"PropertyValueSpecification","valueRequired":true,"valueName":"search_term_string"}}],"inLanguage":"nb-NO"}]}},"_links":{"self":[{"href":"https:\/\/www.sts-education.com\/no\/wp-json\/wp\/v2\/pages\/10860","targetHints":{"allow":["GET"]}}],"collection":[{"href":"https:\/\/www.sts-education.com\/no\/wp-json\/wp\/v2\/pages"}],"about":[{"href":"https:\/\/www.sts-education.com\/no\/wp-json\/wp\/v2\/types\/page"}],"author":[{"embeddable":true,"href":"https:\/\/www.sts-education.com\/no\/wp-json\/wp\/v2\/users\/20"}],"replies":[{"embeddable":true,"href":"https:\/\/www.sts-education.com\/no\/wp-json\/wp\/v2\/comments?post=10860"}],"version-history":[{"count":4,"href":"https:\/\/www.sts-education.com\/no\/wp-json\/wp\/v2\/pages\/10860\/revisions"}],"predecessor-version":[{"id":33407,"href":"https:\/\/www.sts-education.com\/no\/wp-json\/wp\/v2\/pages\/10860\/revisions\/33407"}],"wp:attachment":[{"href":"https:\/\/www.sts-education.com\/no\/wp-json\/wp\/v2\/media?parent=10860"}],"wp:term":[{"taxonomy":"wpw_page_folders","embeddable":true,"href":"https:\/\/www.sts-education.com\/no\/wp-json\/wp\/v2\/wpw_page_folders?post=10860"}],"curies":[{"name":"wp","href":"https:\/\/api.w.org\/{rel}","templated":true}]}}