{"id":10864,"date":"2025-10-27T09:40:19","date_gmt":"2025-10-27T09:40:19","guid":{"rendered":"https:\/\/preprod.sts-education.com\/generell-informasjon\/sts-privacy-policy\/"},"modified":"2026-04-09T13:43:42","modified_gmt":"2026-04-09T13:43:42","slug":"sts-privacy-policy","status":"publish","type":"page","link":"https:\/\/www.sts-education.com\/no\/generell-informasjon\/sts-privacy-policy\/","title":{"rendered":"STS Privacy Policy"},"content":{"rendered":"\n<div class=\"wp-block-sts-text sts-text-editor has-max-width-md\"><div class=\"sts-text-editor__content\"><div class=\"sts-text-editor__content-inner\">\n<h1>STS Privacy Policy<\/h1>\n<\/div><\/div><\/div>\n\n\n\n<div class=\"wp-block-sts-text sts-text-editor has-max-width-md\"><div class=\"sts-text-editor__content\"><div class=\"sts-text-editor__content-inner\">\n<h2>En policy for ditt privatliv \u2013 Intro og Sammendrag<\/h2>\n<p>Vi i STS bryr oss om beskyttelse av data og ditt privatliv. I denne personvernspolicyen vil vi informere deg om hvordan vi behandler dine personlige data og hvilke rettigheter du har n\u00e5r du bruker nettstedet v\u00e5rt. Personlige data er all informasjon som gjelder deg, for eksempel navn og e-postadresser.<\/p>\n<p>Vi behandler hovedsakelig dine personlige data til f\u00f8lgende form\u00e5l:<\/p>\n<ul>\n<li>\u00e5 markedsf\u00f8re v\u00e5re tjenester og sende nyhetsbrev eller brosjyrer til deg p\u00e5 foresp\u00f8rsel;<\/li>\n<li>\u00e5 svare p\u00e5 dine sp\u00f8rsm\u00e5l om v\u00e5re tjenester;<\/li>\n<li>\u00e5 registrere deg for \u00e5 delta i et av v\u00e5re m\u00f8ter<\/li>\n<li>\u00e5 administrere din interesse s\u00f8knad for High School, \u00e5 bli vertsfamilie eller for \u00e5 bli ambassad\u00f8r; og<\/li>\n<li>\u00e5 administrere interesseprogrammer for \u00e5 bli vertsfamilie eller ambassad\u00f8r<\/li>\n<li>\u00e5 foreta en forel\u00f8pig vurdering av s\u00f8knaden din for \u00e5 delta p\u00e5 en av v\u00e5re turer.<\/li>\n<\/ul>\n<p>Vil du vite mer? Les v\u00e5r personvernerkl\u00e6ring i dokumentet nedenfor.<\/p>\n<p><a href=\"https:\/\/powered-by.qbank.se\/educatius\/sts\/01768b3b0ea1c04e642463292cc4a366_pdf.pdf?v=20260409153337\" target=\"_blank\" rel=\"noopener noreferrer\">STS Privat Policy<\/a><\/p>\n<\/div><\/div><\/div>\n","protected":false},"excerpt":{"rendered":"","protected":false},"author":20,"featured_media":0,"parent":10860,"menu_order":0,"comment_status":"closed","ping_status":"open","template":"","meta":{"_acf_changed":false,"sts_page_background_color":"","footnotes":""},"wpw_page_folders":[95],"class_list":["post-10864","page","type-page","status-publish","hentry"],"acf":[],"yoast_head":"<!-- This site is optimized with the Yoast SEO Premium plugin v27.2 (Yoast SEO v27.2) - https:\/\/yoast.com\/product\/yoast-seo-premium-wordpress\/ -->\n<title>STS Personsv\u00e6rnerkl\u00e6ring<\/title>\n<meta name=\"description\" content=\"&quot;STS Education AS (\u201dSTS\u201d\/\u201dvi\u201d) verner om din personlige integritet.\" \/>\n<meta name=\"robots\" content=\"index, follow, max-snippet:-1, max-image-preview:large, max-video-preview:-1\" \/>\n<link rel=\"canonical\" href=\"https:\/\/www.sts-education.com\/no\/generell-informasjon\/sts-privacy-policy\/\" \/>\n<meta property=\"og:locale\" content=\"nb_NO\" \/>\n<meta property=\"og:type\" content=\"article\" \/>\n<meta property=\"og:title\" content=\"STS Privacy Policy\" \/>\n<meta property=\"og:description\" content=\"&quot;STS Education AS (\u201dSTS\u201d\/\u201dvi\u201d) verner om din personlige integritet.\" \/>\n<meta property=\"og:url\" content=\"https:\/\/www.sts-education.com\/no\/generell-informasjon\/sts-privacy-policy\/\" \/>\n<meta property=\"og:site_name\" content=\"STS Education\" \/>\n<meta property=\"article:modified_time\" content=\"2026-04-09T13:43:42+00:00\" \/>\n<meta name=\"twitter:card\" content=\"summary_large_image\" \/>\n<meta name=\"twitter:label1\" content=\"Ansl. lesetid\" \/>\n\t<meta name=\"twitter:data1\" content=\"1 minutt\" \/>\n<script type=\"application\/ld+json\" class=\"yoast-schema-graph\">{\"@context\":\"https:\/\/schema.org\",\"@graph\":[{\"@type\":\"WebPage\",\"@id\":\"https:\/\/www.sts-education.com\/no\/generell-informasjon\/sts-privacy-policy\/\",\"url\":\"https:\/\/www.sts-education.com\/no\/generell-informasjon\/sts-privacy-policy\/\",\"name\":\"STS Personsv\u00e6rnerkl\u00e6ring\",\"isPartOf\":{\"@id\":\"https:\/\/www.sts-education.com\/no\/#website\"},\"datePublished\":\"2025-10-27T09:40:19+00:00\",\"dateModified\":\"2026-04-09T13:43:42+00:00\",\"description\":\"\\\"STS Education AS (\u201dSTS\u201d\/\u201dvi\u201d) verner om din personlige integritet.\",\"breadcrumb\":{\"@id\":\"https:\/\/www.sts-education.com\/no\/generell-informasjon\/sts-privacy-policy\/#breadcrumb\"},\"inLanguage\":\"nb-NO\",\"potentialAction\":[{\"@type\":\"ReadAction\",\"target\":[\"https:\/\/www.sts-education.com\/no\/generell-informasjon\/sts-privacy-policy\/\"]}]},{\"@type\":\"BreadcrumbList\",\"@id\":\"https:\/\/www.sts-education.com\/no\/generell-informasjon\/sts-privacy-policy\/#breadcrumb\",\"itemListElement\":[{\"@type\":\"ListItem\",\"position\":1,\"name\":\"Home\",\"item\":\"https:\/\/www.sts-education.com\/no\/\"},{\"@type\":\"ListItem\",\"position\":2,\"name\":\"Generell Informasjon\",\"item\":\"https:\/\/www.sts-education.com\/no\/generell-informasjon\/\"},{\"@type\":\"ListItem\",\"position\":3,\"name\":\"STS Privacy Policy\"}]},{\"@type\":\"WebSite\",\"@id\":\"https:\/\/www.sts-education.com\/no\/#website\",\"url\":\"https:\/\/www.sts-education.com\/no\/\",\"name\":\"STS Education\",\"description\":\"\",\"potentialAction\":[{\"@type\":\"SearchAction\",\"target\":{\"@type\":\"EntryPoint\",\"urlTemplate\":\"https:\/\/www.sts-education.com\/no\/?s={search_term_string}\"},\"query-input\":{\"@type\":\"PropertyValueSpecification\",\"valueRequired\":true,\"valueName\":\"search_term_string\"}}],\"inLanguage\":\"nb-NO\"}]}<\/script>\n<!-- \/ Yoast SEO Premium plugin. -->","yoast_head_json":{"title":"STS Personsv\u00e6rnerkl\u00e6ring","description":"\"STS Education AS (\u201dSTS\u201d\/\u201dvi\u201d) verner om din personlige integritet.","robots":{"index":"index","follow":"follow","max-snippet":"max-snippet:-1","max-image-preview":"max-image-preview:large","max-video-preview":"max-video-preview:-1"},"canonical":"https:\/\/www.sts-education.com\/no\/generell-informasjon\/sts-privacy-policy\/","og_locale":"nb_NO","og_type":"article","og_title":"STS Privacy Policy","og_description":"\"STS Education AS (\u201dSTS\u201d\/\u201dvi\u201d) verner om din personlige integritet.","og_url":"https:\/\/www.sts-education.com\/no\/generell-informasjon\/sts-privacy-policy\/","og_site_name":"STS Education","article_modified_time":"2026-04-09T13:43:42+00:00","twitter_card":"summary_large_image","twitter_misc":{"Ansl. lesetid":"1 minutt"},"schema":{"@context":"https:\/\/schema.org","@graph":[{"@type":"WebPage","@id":"https:\/\/www.sts-education.com\/no\/generell-informasjon\/sts-privacy-policy\/","url":"https:\/\/www.sts-education.com\/no\/generell-informasjon\/sts-privacy-policy\/","name":"STS Personsv\u00e6rnerkl\u00e6ring","isPartOf":{"@id":"https:\/\/www.sts-education.com\/no\/#website"},"datePublished":"2025-10-27T09:40:19+00:00","dateModified":"2026-04-09T13:43:42+00:00","description":"\"STS Education AS (\u201dSTS\u201d\/\u201dvi\u201d) verner om din personlige integritet.","breadcrumb":{"@id":"https:\/\/www.sts-education.com\/no\/generell-informasjon\/sts-privacy-policy\/#breadcrumb"},"inLanguage":"nb-NO","potentialAction":[{"@type":"ReadAction","target":["https:\/\/www.sts-education.com\/no\/generell-informasjon\/sts-privacy-policy\/"]}]},{"@type":"BreadcrumbList","@id":"https:\/\/www.sts-education.com\/no\/generell-informasjon\/sts-privacy-policy\/#breadcrumb","itemListElement":[{"@type":"ListItem","position":1,"name":"Home","item":"https:\/\/www.sts-education.com\/no\/"},{"@type":"ListItem","position":2,"name":"Generell Informasjon","item":"https:\/\/www.sts-education.com\/no\/generell-informasjon\/"},{"@type":"ListItem","position":3,"name":"STS Privacy Policy"}]},{"@type":"WebSite","@id":"https:\/\/www.sts-education.com\/no\/#website","url":"https:\/\/www.sts-education.com\/no\/","name":"STS Education","description":"","potentialAction":[{"@type":"SearchAction","target":{"@type":"EntryPoint","urlTemplate":"https:\/\/www.sts-education.com\/no\/?s={search_term_string}"},"query-input":{"@type":"PropertyValueSpecification","valueRequired":true,"valueName":"search_term_string"}}],"inLanguage":"nb-NO"}]}},"_links":{"self":[{"href":"https:\/\/www.sts-education.com\/no\/wp-json\/wp\/v2\/pages\/10864","targetHints":{"allow":["GET"]}}],"collection":[{"href":"https:\/\/www.sts-education.com\/no\/wp-json\/wp\/v2\/pages"}],"about":[{"href":"https:\/\/www.sts-education.com\/no\/wp-json\/wp\/v2\/types\/page"}],"author":[{"embeddable":true,"href":"https:\/\/www.sts-education.com\/no\/wp-json\/wp\/v2\/users\/20"}],"replies":[{"embeddable":true,"href":"https:\/\/www.sts-education.com\/no\/wp-json\/wp\/v2\/comments?post=10864"}],"version-history":[{"count":6,"href":"https:\/\/www.sts-education.com\/no\/wp-json\/wp\/v2\/pages\/10864\/revisions"}],"predecessor-version":[{"id":31742,"href":"https:\/\/www.sts-education.com\/no\/wp-json\/wp\/v2\/pages\/10864\/revisions\/31742"}],"up":[{"embeddable":true,"href":"https:\/\/www.sts-education.com\/no\/wp-json\/wp\/v2\/pages\/10860"}],"wp:attachment":[{"href":"https:\/\/www.sts-education.com\/no\/wp-json\/wp\/v2\/media?parent=10864"}],"wp:term":[{"taxonomy":"wpw_page_folders","embeddable":true,"href":"https:\/\/www.sts-education.com\/no\/wp-json\/wp\/v2\/wpw_page_folders?post=10864"}],"curies":[{"name":"wp","href":"https:\/\/api.w.org\/{rel}","templated":true}]}}