{"id":10868,"date":"2025-12-16T10:05:12","date_gmt":"2025-12-16T10:05:12","guid":{"rendered":"https:\/\/preprod.sts-education.com\/high-school\/for-aret-i-utlandet\/"},"modified":"2026-04-01T01:23:26","modified_gmt":"2026-04-01T01:23:26","slug":"for-aret-i-utlandet","status":"publish","type":"page","link":"https:\/\/www.sts-education.com\/no\/high-school\/for-aret-i-utlandet\/","title":{"rendered":"For Aret I Utlandet"},"content":{"rendered":"\n<div class=\"wp-block-sts-text sts-text-editor has-max-width-md\"><div class=\"sts-text-editor__content\"><div class=\"sts-text-editor__content-inner\">\n<h1>F\u00f8r \u00e5ret i utlandet<\/h1>\n<\/div><\/div><\/div>\n\n\n\n<div class=\"wp-block-sts-text sts-text-editor has-max-width-md\"><div class=\"sts-text-editor__content\"><div class=\"sts-text-editor__content-inner\">\n<p>Vi har jobbet med internasjonal utveksling i over 65 \u00e5r, og vi har all den n\u00f8dvendige kunnskapen og erfaringen som kreves for \u00e5 gi deg en unik opplevelse. Mange av oss i STS har v\u00e6rt utvekslingselever selv, s\u00e5 vi vet akkurat hvordan det er \u00e5 ta et \u00e5r p\u00e5 skole i utlandet. Vi vet hva som venter deg, og vi vet hvordan det f\u00f8les. Vi er lidenskapelig opptatt av at alle v\u00e5re elever skal f\u00e5 et mest mulig innholdsrikt utenlandsopphold, og vi gleder oss veldig til \u00e5 fortelle deg alt om v\u00e5re utvekslingsprogrammer. Du har en utrolig reise foran deg, og vi er her for \u00e5 s\u00f8rge for at den blir ditt livs st\u00f8rste opplevelse!<\/p>\n\n<h2>Vi er her for \u00e5 hjelpe deg!<\/h2>\n\n<p>Forberedelsene er en spennende og viktig del av \u00e5ret i utlandet, og ingen kan gj\u00f8re deg bedre forberedt enn vi kan. Jo mer du vet om det du har i vente, desto bedre er det. S\u00e5 l\u00e6r s\u00e5 mye du kan f\u00f8r avreise, og ikke v\u00e6r redd for \u00e5 sp\u00f8rre oss om hjelp. Vi veileder deg gjennom de ulike stegene \u2013 fra s\u00f8knadsprosessen til forberedelsene og avreisen.<\/p>\n\n<h2>Valg av land<\/h2>\n\n<p>Har du lyst til \u00e5 oppleve den amerikanske high school-stemningen? Det har de fleste av v\u00e5re elever, men vi p\u00e5 STS er stolte av \u00e5 kunne tilby s\u00e5 mange som 20 forskjellige land \u00e5 velge mellom. <a href=\"\/no\/high-school\/tripfinder\/?q=\">Her kan du ta en titt p\u00e5 v\u00e5re ulike destinasjoner for et \u00e5r i utlandet:<\/a><\/p>\n\n<h2>S\u00f8k i god tid!<\/h2>\n\n<p>Du b\u00f8r helst s\u00f8ke ett \u00e5r f\u00f8r du har tenkt \u00e5 reise \u2013 men senest i mars samme \u00e5r. En sen s\u00f8knad kan b\u00e5de bety at utvalget av land du kan reise til er begrenset, og at en sen s\u00f8knad kan medf\u00f8re ekstra kostnader.<\/p>\n\n<p>Prosessen med \u00e5 finne en vertsfamilie og en skole som passer for deg, er ogs\u00e5 viktig. S\u00e5 jo tidligere vi kan begynne \u00e5 lete etter familie og skole til deg, desto bedre! Husk: Send inn s\u00f8knaden i god tid for \u00e5 gi deg selv et forsprang. Kontakt oss for mer informasjon.<\/p>\n\n<h2>S\u00f8knad om visum<\/h2>\n\n<p>I noen land trenger du visum for \u00e5 kunne bo og studere. Hvis dette gjelder for landet du har valgt, gir vi deg alt du trenger av informasjon for at s\u00f8knadsprosessen skal bli s\u00e5 smidig som mulig. Du s\u00f8ker om visum p\u00e5 egen h\u00e5nd ettersom dette er et personlig dokument, men vi veileder deg gjennom prosessen. Dersom visum er p\u00e5krevd, m\u00e5 du dekke denne kostnaden selv.<\/p>\n\n<h2>Webinar<\/h2>\n\n<p>Vi inviterer deg til et webinar hvor vi gir deg trinnvis veiledning i de ulike oppgavene du m\u00e5 gj\u00f8re f\u00f8r avreise.<\/p>\n\n<h2>Forberedende m\u00f8te<\/h2>\n\n<p>Vi inviterer deg og alle de andre utvekslingselevene til et forberedende m\u00f8te hvor vi deler informasjon og inspirasjon. Disse m\u00f8tene arrangeres i en rekke ulike byer, men hvis du ikke har mulighet til \u00e5 m\u00f8te opp fysisk, kan du delta digitalt p\u00e5 et slikt m\u00f8te. Her f\u00e5r du treffe andre som gleder seg like mye til \u00e5 g\u00e5 p\u00e5 high school i utlandet som det du gj\u00f8r. Foreldre er ogs\u00e5 velkomne her, for vi vet hvor viktig det er at de kjenner til og forst\u00e5r alle de fantastiske opplevelsene du har foran deg.<\/p>\n<\/div><\/div><\/div>\n\n","protected":false},"excerpt":{"rendered":"","protected":false},"author":20,"featured_media":15849,"parent":5375,"menu_order":0,"comment_status":"closed","ping_status":"closed","template":"templates\/template-default-with-breadcrumbs.php","meta":{"_acf_changed":false,"sts_page_background_color":"","footnotes":""},"wpw_page_folders":[80],"class_list":["post-10868","page","type-page","status-publish","has-post-thumbnail","hentry"],"acf":[],"yoast_head":"<!-- This site is optimized with the Yoast SEO Premium plugin v27.2 (Yoast SEO v27.3) - https:\/\/yoast.com\/product\/yoast-seo-premium-wordpress\/ -->\n<title>Ting \u00e5 huske p\u00e5 f\u00f8r et \u00e5r i utlandet<\/title>\n<meta name=\"description\" content=\"Forberedelser er en viktig del av \u00e5ret i utlandet. S\u00f8k i god tid, og delta p\u00e5 v\u00e5re informasjonsm\u00f8ter. Vi har 20 forskjellige land \u00e5 velge mellom.\" \/>\n<meta name=\"robots\" content=\"index, follow, max-snippet:-1, max-image-preview:large, max-video-preview:-1\" \/>\n<link rel=\"canonical\" href=\"https:\/\/www.sts-education.com\/no\/high-school\/for-aret-i-utlandet\/\" \/>\n<meta property=\"og:locale\" content=\"nb_NO\" \/>\n<meta property=\"og:type\" content=\"article\" \/>\n<meta property=\"og:title\" content=\"For Aret I Utlandet\" \/>\n<meta property=\"og:description\" content=\"Forberedelser er en viktig del av \u00e5ret i utlandet. S\u00f8k i god tid, og delta p\u00e5 v\u00e5re informasjonsm\u00f8ter. Vi har 20 forskjellige land \u00e5 velge mellom.\" \/>\n<meta property=\"og:url\" content=\"https:\/\/www.sts-education.com\/no\/high-school\/for-aret-i-utlandet\/\" \/>\n<meta property=\"og:site_name\" content=\"STS Education\" \/>\n<meta property=\"article:modified_time\" content=\"2026-04-01T01:23:26+00:00\" \/>\n<meta property=\"og:image\" content=\"https:\/\/powered-by.qbank.se\/educatius\/sts\/\/df7e1de23b6e8c68863e49e03d05ef0e_1-1-thumb.webp\" \/>\n\t<meta property=\"og:image:width\" content=\"150\" \/>\n\t<meta property=\"og:image:height\" content=\"150\" \/>\n\t<meta property=\"og:image:type\" content=\"image\/jpeg\" \/>\n<meta name=\"twitter:card\" content=\"summary_large_image\" \/>\n<meta name=\"twitter:label1\" content=\"Ansl. lesetid\" \/>\n\t<meta name=\"twitter:data1\" content=\"3 minutter\" \/>\n<script type=\"application\/ld+json\" class=\"yoast-schema-graph\">{\"@context\":\"https:\\\/\\\/schema.org\",\"@graph\":[{\"@type\":\"WebPage\",\"@id\":\"https:\\\/\\\/www.sts-education.com\\\/no\\\/high-school\\\/for-aret-i-utlandet\\\/\",\"url\":\"https:\\\/\\\/www.sts-education.com\\\/no\\\/high-school\\\/for-aret-i-utlandet\\\/\",\"name\":\"Ting \u00e5 huske p\u00e5 f\u00f8r et \u00e5r i utlandet\",\"isPartOf\":{\"@id\":\"https:\\\/\\\/www.sts-education.com\\\/no\\\/#website\"},\"primaryImageOfPage\":{\"@id\":\"https:\\\/\\\/www.sts-education.com\\\/no\\\/high-school\\\/for-aret-i-utlandet\\\/#primaryimage\"},\"image\":{\"@id\":\"https:\\\/\\\/www.sts-education.com\\\/no\\\/high-school\\\/for-aret-i-utlandet\\\/#primaryimage\"},\"thumbnailUrl\":\"https:\\\/\\\/powered-by.qbank.se\\\/educatius\\\/sts\\\/\\\/df7e1de23b6e8c68863e49e03d05ef0e_1-1-thumb.webp\",\"datePublished\":\"2025-12-16T10:05:12+00:00\",\"dateModified\":\"2026-04-01T01:23:26+00:00\",\"description\":\"Forberedelser er en viktig del av \u00e5ret i utlandet. S\u00f8k i god tid, og delta p\u00e5 v\u00e5re informasjonsm\u00f8ter. Vi har 20 forskjellige land \u00e5 velge mellom.\",\"breadcrumb\":{\"@id\":\"https:\\\/\\\/www.sts-education.com\\\/no\\\/high-school\\\/for-aret-i-utlandet\\\/#breadcrumb\"},\"inLanguage\":\"nb-NO\",\"potentialAction\":[{\"@type\":\"ReadAction\",\"target\":[\"https:\\\/\\\/www.sts-education.com\\\/no\\\/high-school\\\/for-aret-i-utlandet\\\/\"]}]},{\"@type\":\"ImageObject\",\"inLanguage\":\"nb-NO\",\"@id\":\"https:\\\/\\\/www.sts-education.com\\\/no\\\/high-school\\\/for-aret-i-utlandet\\\/#primaryimage\",\"url\":\"https:\\\/\\\/powered-by.qbank.se\\\/educatius\\\/sts\\\/\\\/df7e1de23b6e8c68863e49e03d05ef0e_1-1-thumb.webp\",\"contentUrl\":\"https:\\\/\\\/powered-by.qbank.se\\\/educatius\\\/sts\\\/\\\/df7e1de23b6e8c68863e49e03d05ef0e_1-1-thumb.webp\",\"width\":150,\"height\":150},{\"@type\":\"BreadcrumbList\",\"@id\":\"https:\\\/\\\/www.sts-education.com\\\/no\\\/high-school\\\/for-aret-i-utlandet\\\/#breadcrumb\",\"itemListElement\":[{\"@type\":\"ListItem\",\"position\":1,\"name\":\"Home\",\"item\":\"https:\\\/\\\/www.sts-education.com\\\/no\\\/\"},{\"@type\":\"ListItem\",\"position\":2,\"name\":\"High school\",\"item\":\"https:\\\/\\\/www.sts-education.com\\\/no\\\/high-school\\\/\"},{\"@type\":\"ListItem\",\"position\":3,\"name\":\"For Aret I Utlandet\"}]},{\"@type\":\"WebSite\",\"@id\":\"https:\\\/\\\/www.sts-education.com\\\/no\\\/#website\",\"url\":\"https:\\\/\\\/www.sts-education.com\\\/no\\\/\",\"name\":\"STS Education\",\"description\":\"\",\"potentialAction\":[{\"@type\":\"SearchAction\",\"target\":{\"@type\":\"EntryPoint\",\"urlTemplate\":\"https:\\\/\\\/www.sts-education.com\\\/no\\\/?s={search_term_string}\"},\"query-input\":{\"@type\":\"PropertyValueSpecification\",\"valueRequired\":true,\"valueName\":\"search_term_string\"}}],\"inLanguage\":\"nb-NO\"}]}<\/script>\n<!-- \/ Yoast SEO Premium plugin. -->","yoast_head_json":{"title":"Ting \u00e5 huske p\u00e5 f\u00f8r et \u00e5r i utlandet","description":"Forberedelser er en viktig del av \u00e5ret i utlandet. S\u00f8k i god tid, og delta p\u00e5 v\u00e5re informasjonsm\u00f8ter. Vi har 20 forskjellige land \u00e5 velge mellom.","robots":{"index":"index","follow":"follow","max-snippet":"max-snippet:-1","max-image-preview":"max-image-preview:large","max-video-preview":"max-video-preview:-1"},"canonical":"https:\/\/www.sts-education.com\/no\/high-school\/for-aret-i-utlandet\/","og_locale":"nb_NO","og_type":"article","og_title":"For Aret I Utlandet","og_description":"Forberedelser er en viktig del av \u00e5ret i utlandet. S\u00f8k i god tid, og delta p\u00e5 v\u00e5re informasjonsm\u00f8ter. Vi har 20 forskjellige land \u00e5 velge mellom.","og_url":"https:\/\/www.sts-education.com\/no\/high-school\/for-aret-i-utlandet\/","og_site_name":"STS Education","article_modified_time":"2026-04-01T01:23:26+00:00","og_image":[{"width":150,"height":150,"url":"https:\/\/powered-by.qbank.se\/educatius\/sts\/\/df7e1de23b6e8c68863e49e03d05ef0e_1-1-thumb.webp","type":"image\/jpeg"}],"twitter_card":"summary_large_image","twitter_misc":{"Ansl. lesetid":"3 minutter"},"schema":{"@context":"https:\/\/schema.org","@graph":[{"@type":"WebPage","@id":"https:\/\/www.sts-education.com\/no\/high-school\/for-aret-i-utlandet\/","url":"https:\/\/www.sts-education.com\/no\/high-school\/for-aret-i-utlandet\/","name":"Ting \u00e5 huske p\u00e5 f\u00f8r et \u00e5r i utlandet","isPartOf":{"@id":"https:\/\/www.sts-education.com\/no\/#website"},"primaryImageOfPage":{"@id":"https:\/\/www.sts-education.com\/no\/high-school\/for-aret-i-utlandet\/#primaryimage"},"image":{"@id":"https:\/\/www.sts-education.com\/no\/high-school\/for-aret-i-utlandet\/#primaryimage"},"thumbnailUrl":"https:\/\/powered-by.qbank.se\/educatius\/sts\/\/df7e1de23b6e8c68863e49e03d05ef0e_1-1-thumb.webp","datePublished":"2025-12-16T10:05:12+00:00","dateModified":"2026-04-01T01:23:26+00:00","description":"Forberedelser er en viktig del av \u00e5ret i utlandet. S\u00f8k i god tid, og delta p\u00e5 v\u00e5re informasjonsm\u00f8ter. Vi har 20 forskjellige land \u00e5 velge mellom.","breadcrumb":{"@id":"https:\/\/www.sts-education.com\/no\/high-school\/for-aret-i-utlandet\/#breadcrumb"},"inLanguage":"nb-NO","potentialAction":[{"@type":"ReadAction","target":["https:\/\/www.sts-education.com\/no\/high-school\/for-aret-i-utlandet\/"]}]},{"@type":"ImageObject","inLanguage":"nb-NO","@id":"https:\/\/www.sts-education.com\/no\/high-school\/for-aret-i-utlandet\/#primaryimage","url":"https:\/\/powered-by.qbank.se\/educatius\/sts\/\/df7e1de23b6e8c68863e49e03d05ef0e_1-1-thumb.webp","contentUrl":"https:\/\/powered-by.qbank.se\/educatius\/sts\/\/df7e1de23b6e8c68863e49e03d05ef0e_1-1-thumb.webp","width":150,"height":150},{"@type":"BreadcrumbList","@id":"https:\/\/www.sts-education.com\/no\/high-school\/for-aret-i-utlandet\/#breadcrumb","itemListElement":[{"@type":"ListItem","position":1,"name":"Home","item":"https:\/\/www.sts-education.com\/no\/"},{"@type":"ListItem","position":2,"name":"High school","item":"https:\/\/www.sts-education.com\/no\/high-school\/"},{"@type":"ListItem","position":3,"name":"For Aret I Utlandet"}]},{"@type":"WebSite","@id":"https:\/\/www.sts-education.com\/no\/#website","url":"https:\/\/www.sts-education.com\/no\/","name":"STS Education","description":"","potentialAction":[{"@type":"SearchAction","target":{"@type":"EntryPoint","urlTemplate":"https:\/\/www.sts-education.com\/no\/?s={search_term_string}"},"query-input":{"@type":"PropertyValueSpecification","valueRequired":true,"valueName":"search_term_string"}}],"inLanguage":"nb-NO"}]}},"_links":{"self":[{"href":"https:\/\/www.sts-education.com\/no\/wp-json\/wp\/v2\/pages\/10868","targetHints":{"allow":["GET"]}}],"collection":[{"href":"https:\/\/www.sts-education.com\/no\/wp-json\/wp\/v2\/pages"}],"about":[{"href":"https:\/\/www.sts-education.com\/no\/wp-json\/wp\/v2\/types\/page"}],"author":[{"embeddable":true,"href":"https:\/\/www.sts-education.com\/no\/wp-json\/wp\/v2\/users\/20"}],"replies":[{"embeddable":true,"href":"https:\/\/www.sts-education.com\/no\/wp-json\/wp\/v2\/comments?post=10868"}],"version-history":[{"count":2,"href":"https:\/\/www.sts-education.com\/no\/wp-json\/wp\/v2\/pages\/10868\/revisions"}],"predecessor-version":[{"id":20018,"href":"https:\/\/www.sts-education.com\/no\/wp-json\/wp\/v2\/pages\/10868\/revisions\/20018"}],"up":[{"embeddable":true,"href":"https:\/\/www.sts-education.com\/no\/wp-json\/wp\/v2\/pages\/5375"}],"wp:featuredmedia":[{"embeddable":true,"href":"https:\/\/www.sts-education.com\/no\/wp-json\/wp\/v2\/media\/15849"}],"wp:attachment":[{"href":"https:\/\/www.sts-education.com\/no\/wp-json\/wp\/v2\/media?parent=10868"}],"wp:term":[{"taxonomy":"wpw_page_folders","embeddable":true,"href":"https:\/\/www.sts-education.com\/no\/wp-json\/wp\/v2\/wpw_page_folders?post=10868"}],"curies":[{"name":"wp","href":"https:\/\/api.w.org\/{rel}","templated":true}]}}