{"id":10869,"date":"2025-12-16T10:10:09","date_gmt":"2025-12-16T10:10:09","guid":{"rendered":"https:\/\/preprod.sts-education.com\/high-school\/i-lopet-av-utenlandsoppholdet\/"},"modified":"2026-04-14T09:56:51","modified_gmt":"2026-04-14T09:56:51","slug":"i-lopet-av-utenlandsoppholdet","status":"publish","type":"page","link":"https:\/\/www.sts-education.com\/no\/high-school\/i-lopet-av-utenlandsoppholdet\/","title":{"rendered":"I Lopet Av Utenlandsoppholdet"},"content":{"rendered":"\n<section class=\"wp-block-sts-hero sts-block-hero is-variant-full-background has-text-light has-background-media\" style=\"--sts-hero-padding-mobile:0px;--sts-hero-padding-desktop:0px;--sts-hero-text-color:var(--wp--preset--color--base-10, #fff);\" data-variant=\"full-background\"><div class=\"sts-block-hero__background\"><picture class=\"sts-responsive-image has-fit-cover is-skeleton\"><img src=\"https:\/\/cdn.sts-education.com\/12565_hero_lg_xl.jpg\" alt=\"I l\u00f8pet av utenlandsoppholdet\" loading=\"lazy\" decoding=\"async\" fetchpriority=\"low\" sizes=\"100vw\" \/><\/picture><span class=\"sts-block-hero__overlay\" aria-hidden=\"true\"><\/span><\/div><div class=\"sts-block-hero__inner\"><div class=\"sts-block-hero__content has-align-center\"><div class=\"sts-block-hero__content-inner\"><h1 class=\"sts-block-hero__heading\">I l\u00f8pet av utenlandsoppholdet<\/h1><\/div><\/div><\/div><\/section>\n\n\n\n<div class=\"wp-block-sts-text sts-text-editor has-max-width-md\"><div class=\"sts-text-editor__content\"><div class=\"sts-text-editor__content-inner\">\n<p>Etter et \u00e5r som utvekslingselev sitter du igjen med ny kunnskap, nye inntrykk, masse inspirasjon og minner for livet. Det gir deg muligheten til \u00e5 oppleve noe nytt og interessant. Kort sagt vil det bli det beste \u00e5ret i livet ditt!<\/p>\n\n<h2>Plutselig snakker du et fremmedspr\u00e5k helt flytende<\/h2>\n\n<p>En av de st\u00f8rste fordelene med \u00e5 l\u00e6re et fremmedspr\u00e5k i et land hvor det snakkes, er at du blir eksponert for det hele tiden. Du h\u00f8rer det rundt middagsbordet med vertsfamilien, p\u00e5 skolen, p\u00e5 trening, p\u00e5 kafeer og i butikker. Uttalen og aksenten din vil bli kontinuerlig forbedret. Du kommer til \u00e5 l\u00e6re nye ord og uttrykk. Og f\u00f8r du vet ordet av det, har du tilegnet deg alt dette \u2013 samtidig som du har vokst som person. Det skjer nesten automatisk, og det er s\u00e5 moro!<\/p>\n\n<h2>Del erfaringene dine!<\/h2>\n\n<p>Kunne du tenke deg \u00e5 skrive eller snakke om erfaringene dine underveis? Del dem med oss, s\u00e5 kan du f\u00e5 muligheten til \u00e5 bli vist p\u00e5 v\u00e5re sosiale kanaler. Kontakt oss p\u00e5 <a href=\"mailto:social.media@sts-education.com\">social.media@sts-education.com<\/a>.<\/p>\n\n<p><a href=\"https:\/\/www.sts-education.com\/no\/high-school\/student-stories\/\">Les mer og se videoer og elevhistorier fra v\u00e5re tidligere elever.<\/a><\/p>\n<\/div><\/div><\/div>\n","protected":false},"excerpt":{"rendered":"","protected":false},"author":20,"featured_media":0,"parent":5375,"menu_order":0,"comment_status":"closed","ping_status":"closed","template":"templates\/template-default-with-breadcrumbs.php","meta":{"_acf_changed":false,"sts_page_background_color":"","footnotes":""},"wpw_page_folders":[83],"class_list":["post-10869","page","type-page","status-publish","hentry"],"acf":[],"yoast_head":"<!-- This site is optimized with the Yoast SEO Premium plugin v27.2 (Yoast SEO v27.3) - https:\/\/yoast.com\/product\/yoast-seo-premium-wordpress\/ -->\n<title>Ditt \u00e5r som utvekslingsstudent i et annet land | STS<\/title>\n<meta name=\"description\" content=\"Et \u00e5r som utvekslingsstudent vil gi deg kunnskap, inntrykk, inspirasjon og minner. Det blir rett og slett det beste \u00e5ret i ditt liv!\" \/>\n<meta name=\"robots\" content=\"index, follow, max-snippet:-1, max-image-preview:large, max-video-preview:-1\" \/>\n<link rel=\"canonical\" href=\"https:\/\/www.sts-education.com\/no\/high-school\/i-lopet-av-utenlandsoppholdet\/\" \/>\n<meta property=\"og:locale\" content=\"nb_NO\" \/>\n<meta property=\"og:type\" content=\"article\" \/>\n<meta property=\"og:title\" content=\"I Lopet Av Utenlandsoppholdet\" \/>\n<meta property=\"og:description\" content=\"Et \u00e5r som utvekslingsstudent vil gi deg kunnskap, inntrykk, inspirasjon og minner. Det blir rett og slett det beste \u00e5ret i ditt liv!\" \/>\n<meta property=\"og:url\" content=\"https:\/\/www.sts-education.com\/no\/high-school\/i-lopet-av-utenlandsoppholdet\/\" \/>\n<meta property=\"og:site_name\" content=\"STS Education\" \/>\n<meta property=\"article:modified_time\" content=\"2026-04-14T09:56:51+00:00\" \/>\n<meta property=\"og:image\" content=\"https:\/\/cdn.sts-education.com\/12565_hero_lg_xl.jpg\" \/>\n<meta name=\"twitter:card\" content=\"summary_large_image\" \/>\n<meta name=\"twitter:label1\" content=\"Ansl. lesetid\" \/>\n\t<meta name=\"twitter:data1\" content=\"1 minutt\" \/>\n<script type=\"application\/ld+json\" class=\"yoast-schema-graph\">{\"@context\":\"https:\\\/\\\/schema.org\",\"@graph\":[{\"@type\":\"WebPage\",\"@id\":\"https:\\\/\\\/www.sts-education.com\\\/no\\\/high-school\\\/i-lopet-av-utenlandsoppholdet\\\/\",\"url\":\"https:\\\/\\\/www.sts-education.com\\\/no\\\/high-school\\\/i-lopet-av-utenlandsoppholdet\\\/\",\"name\":\"Ditt \u00e5r som utvekslingsstudent i et annet land | STS\",\"isPartOf\":{\"@id\":\"https:\\\/\\\/www.sts-education.com\\\/no\\\/#website\"},\"primaryImageOfPage\":{\"@id\":\"https:\\\/\\\/www.sts-education.com\\\/no\\\/high-school\\\/i-lopet-av-utenlandsoppholdet\\\/#primaryimage\"},\"image\":{\"@id\":\"https:\\\/\\\/www.sts-education.com\\\/no\\\/high-school\\\/i-lopet-av-utenlandsoppholdet\\\/#primaryimage\"},\"thumbnailUrl\":\"https:\\\/\\\/cdn.sts-education.com\\\/12565_hero_lg_xl.jpg\",\"datePublished\":\"2025-12-16T10:10:09+00:00\",\"dateModified\":\"2026-04-14T09:56:51+00:00\",\"description\":\"Et \u00e5r som utvekslingsstudent vil gi deg kunnskap, inntrykk, inspirasjon og minner. Det blir rett og slett det beste \u00e5ret i ditt liv!\",\"breadcrumb\":{\"@id\":\"https:\\\/\\\/www.sts-education.com\\\/no\\\/high-school\\\/i-lopet-av-utenlandsoppholdet\\\/#breadcrumb\"},\"inLanguage\":\"nb-NO\",\"potentialAction\":[{\"@type\":\"ReadAction\",\"target\":[\"https:\\\/\\\/www.sts-education.com\\\/no\\\/high-school\\\/i-lopet-av-utenlandsoppholdet\\\/\"]}]},{\"@type\":\"ImageObject\",\"inLanguage\":\"nb-NO\",\"@id\":\"https:\\\/\\\/www.sts-education.com\\\/no\\\/high-school\\\/i-lopet-av-utenlandsoppholdet\\\/#primaryimage\",\"url\":\"https:\\\/\\\/cdn.sts-education.com\\\/12565_hero_lg_xl.jpg\",\"contentUrl\":\"https:\\\/\\\/cdn.sts-education.com\\\/12565_hero_lg_xl.jpg\"},{\"@type\":\"BreadcrumbList\",\"@id\":\"https:\\\/\\\/www.sts-education.com\\\/no\\\/high-school\\\/i-lopet-av-utenlandsoppholdet\\\/#breadcrumb\",\"itemListElement\":[{\"@type\":\"ListItem\",\"position\":1,\"name\":\"Home\",\"item\":\"https:\\\/\\\/www.sts-education.com\\\/no\\\/\"},{\"@type\":\"ListItem\",\"position\":2,\"name\":\"High school\",\"item\":\"https:\\\/\\\/www.sts-education.com\\\/no\\\/high-school\\\/\"},{\"@type\":\"ListItem\",\"position\":3,\"name\":\"I Lopet Av Utenlandsoppholdet\"}]},{\"@type\":\"WebSite\",\"@id\":\"https:\\\/\\\/www.sts-education.com\\\/no\\\/#website\",\"url\":\"https:\\\/\\\/www.sts-education.com\\\/no\\\/\",\"name\":\"STS Education\",\"description\":\"\",\"potentialAction\":[{\"@type\":\"SearchAction\",\"target\":{\"@type\":\"EntryPoint\",\"urlTemplate\":\"https:\\\/\\\/www.sts-education.com\\\/no\\\/?s={search_term_string}\"},\"query-input\":{\"@type\":\"PropertyValueSpecification\",\"valueRequired\":true,\"valueName\":\"search_term_string\"}}],\"inLanguage\":\"nb-NO\"}]}<\/script>\n<!-- \/ Yoast SEO Premium plugin. -->","yoast_head_json":{"title":"Ditt \u00e5r som utvekslingsstudent i et annet land | STS","description":"Et \u00e5r som utvekslingsstudent vil gi deg kunnskap, inntrykk, inspirasjon og minner. Det blir rett og slett det beste \u00e5ret i ditt liv!","robots":{"index":"index","follow":"follow","max-snippet":"max-snippet:-1","max-image-preview":"max-image-preview:large","max-video-preview":"max-video-preview:-1"},"canonical":"https:\/\/www.sts-education.com\/no\/high-school\/i-lopet-av-utenlandsoppholdet\/","og_locale":"nb_NO","og_type":"article","og_title":"I Lopet Av Utenlandsoppholdet","og_description":"Et \u00e5r som utvekslingsstudent vil gi deg kunnskap, inntrykk, inspirasjon og minner. Det blir rett og slett det beste \u00e5ret i ditt liv!","og_url":"https:\/\/www.sts-education.com\/no\/high-school\/i-lopet-av-utenlandsoppholdet\/","og_site_name":"STS Education","article_modified_time":"2026-04-14T09:56:51+00:00","og_image":[{"url":"https:\/\/cdn.sts-education.com\/12565_hero_lg_xl.jpg","type":"","width":"","height":""}],"twitter_card":"summary_large_image","twitter_misc":{"Ansl. lesetid":"1 minutt"},"schema":{"@context":"https:\/\/schema.org","@graph":[{"@type":"WebPage","@id":"https:\/\/www.sts-education.com\/no\/high-school\/i-lopet-av-utenlandsoppholdet\/","url":"https:\/\/www.sts-education.com\/no\/high-school\/i-lopet-av-utenlandsoppholdet\/","name":"Ditt \u00e5r som utvekslingsstudent i et annet land | STS","isPartOf":{"@id":"https:\/\/www.sts-education.com\/no\/#website"},"primaryImageOfPage":{"@id":"https:\/\/www.sts-education.com\/no\/high-school\/i-lopet-av-utenlandsoppholdet\/#primaryimage"},"image":{"@id":"https:\/\/www.sts-education.com\/no\/high-school\/i-lopet-av-utenlandsoppholdet\/#primaryimage"},"thumbnailUrl":"https:\/\/cdn.sts-education.com\/12565_hero_lg_xl.jpg","datePublished":"2025-12-16T10:10:09+00:00","dateModified":"2026-04-14T09:56:51+00:00","description":"Et \u00e5r som utvekslingsstudent vil gi deg kunnskap, inntrykk, inspirasjon og minner. Det blir rett og slett det beste \u00e5ret i ditt liv!","breadcrumb":{"@id":"https:\/\/www.sts-education.com\/no\/high-school\/i-lopet-av-utenlandsoppholdet\/#breadcrumb"},"inLanguage":"nb-NO","potentialAction":[{"@type":"ReadAction","target":["https:\/\/www.sts-education.com\/no\/high-school\/i-lopet-av-utenlandsoppholdet\/"]}]},{"@type":"ImageObject","inLanguage":"nb-NO","@id":"https:\/\/www.sts-education.com\/no\/high-school\/i-lopet-av-utenlandsoppholdet\/#primaryimage","url":"https:\/\/cdn.sts-education.com\/12565_hero_lg_xl.jpg","contentUrl":"https:\/\/cdn.sts-education.com\/12565_hero_lg_xl.jpg"},{"@type":"BreadcrumbList","@id":"https:\/\/www.sts-education.com\/no\/high-school\/i-lopet-av-utenlandsoppholdet\/#breadcrumb","itemListElement":[{"@type":"ListItem","position":1,"name":"Home","item":"https:\/\/www.sts-education.com\/no\/"},{"@type":"ListItem","position":2,"name":"High school","item":"https:\/\/www.sts-education.com\/no\/high-school\/"},{"@type":"ListItem","position":3,"name":"I Lopet Av Utenlandsoppholdet"}]},{"@type":"WebSite","@id":"https:\/\/www.sts-education.com\/no\/#website","url":"https:\/\/www.sts-education.com\/no\/","name":"STS Education","description":"","potentialAction":[{"@type":"SearchAction","target":{"@type":"EntryPoint","urlTemplate":"https:\/\/www.sts-education.com\/no\/?s={search_term_string}"},"query-input":{"@type":"PropertyValueSpecification","valueRequired":true,"valueName":"search_term_string"}}],"inLanguage":"nb-NO"}]}},"_links":{"self":[{"href":"https:\/\/www.sts-education.com\/no\/wp-json\/wp\/v2\/pages\/10869","targetHints":{"allow":["GET"]}}],"collection":[{"href":"https:\/\/www.sts-education.com\/no\/wp-json\/wp\/v2\/pages"}],"about":[{"href":"https:\/\/www.sts-education.com\/no\/wp-json\/wp\/v2\/types\/page"}],"author":[{"embeddable":true,"href":"https:\/\/www.sts-education.com\/no\/wp-json\/wp\/v2\/users\/20"}],"replies":[{"embeddable":true,"href":"https:\/\/www.sts-education.com\/no\/wp-json\/wp\/v2\/comments?post=10869"}],"version-history":[{"count":4,"href":"https:\/\/www.sts-education.com\/no\/wp-json\/wp\/v2\/pages\/10869\/revisions"}],"predecessor-version":[{"id":33399,"href":"https:\/\/www.sts-education.com\/no\/wp-json\/wp\/v2\/pages\/10869\/revisions\/33399"}],"up":[{"embeddable":true,"href":"https:\/\/www.sts-education.com\/no\/wp-json\/wp\/v2\/pages\/5375"}],"wp:attachment":[{"href":"https:\/\/www.sts-education.com\/no\/wp-json\/wp\/v2\/media?parent=10869"}],"wp:term":[{"taxonomy":"wpw_page_folders","embeddable":true,"href":"https:\/\/www.sts-education.com\/no\/wp-json\/wp\/v2\/wpw_page_folders?post=10869"}],"curies":[{"name":"wp","href":"https:\/\/api.w.org\/{rel}","templated":true}]}}