{"id":10873,"date":"2025-12-16T10:22:10","date_gmt":"2025-12-16T08:22:10","guid":{"rendered":"https:\/\/preprod.sts-education.com\/om-sts\/hvorfor-velge-sts\/"},"modified":"2026-04-30T14:40:33","modified_gmt":"2026-04-30T12:40:33","slug":"hvorfor-velge-sts","status":"publish","type":"page","link":"https:\/\/www.sts-education.com\/no\/om-sts\/hvorfor-velge-sts\/","title":{"rendered":"Hvorfor velge STS"},"content":{"rendered":"\n<section class=\"wp-block-sts-hero sts-block-hero sts-block-hero is-variant-full-background has-text-light has-background-media\" style=\"--sts-hero-padding-mobile:0px;--sts-hero-padding-desktop:0px;--sts-hero-text-color:var(--wp--preset--color--base-10, #fff)\" data-variant=\"full-background\"><div class=\"sts-block-hero__background\"><picture class=\"sts-responsive-image has-responsive-pos is-skeleton\" style=\"--sts-responsive-object-position-mobile:21% 23%;--sts-responsive-object-position-desktop:45% 54%\"><source media=\"(max-width: 640.98px)\" srcset=\"https:\/\/powered-by.qbank.se\/educatius\/sts\/6eebba19df90b99745033c579b20deef_9-16-small.webp 450w, https:\/\/powered-by.qbank.se\/educatius\/sts\/6eebba19df90b99745033c579b20deef_9-16-medium.webp 576w, https:\/\/powered-by.qbank.se\/educatius\/sts\/6eebba19df90b99745033c579b20deef_9-16-large.webp 864w\" sizes=\"(max-width: 640px) max(100vw, calc(clamp(320px, 100vh, 720px) * 9 \/ 16)), (max-width: 840px) max(100vw, calc(clamp(320px, 100vh, 720px) * 1 \/ 1)), max(100vw, calc(clamp(320px, 100vh, 720px) * 16 \/ 9))\" type=\"image\/webp\"\/><source media=\"(min-width: 641px) and (max-width: 840.98px)\" srcset=\"https:\/\/powered-by.qbank.se\/educatius\/sts\/6eebba19df90b99745033c579b20deef_1-1-thumb.webp 150w, https:\/\/powered-by.qbank.se\/educatius\/sts\/6eebba19df90b99745033c579b20deef_1-1-xsmall.webp 500w, https:\/\/powered-by.qbank.se\/educatius\/sts\/6eebba19df90b99745033c579b20deef_1-1-small.webp 800w, https:\/\/powered-by.qbank.se\/educatius\/sts\/6eebba19df90b99745033c579b20deef_1-1-medium.webp 1024w, https:\/\/powered-by.qbank.se\/educatius\/sts\/6eebba19df90b99745033c579b20deef_1-1-large.webp 1536w\" sizes=\"(max-width: 640px) max(100vw, calc(clamp(320px, 100vh, 720px) * 9 \/ 16)), (max-width: 840px) max(100vw, calc(clamp(320px, 100vh, 720px) * 1 \/ 1)), max(100vw, calc(clamp(320px, 100vh, 720px) * 16 \/ 9))\" type=\"image\/webp\"\/><source media=\"(min-width: 841px)\" srcset=\"https:\/\/powered-by.qbank.se\/educatius\/sts\/6eebba19df90b99745033c579b20deef_16-9-small.webp 800w, https:\/\/powered-by.qbank.se\/educatius\/sts\/6eebba19df90b99745033c579b20deef_16-9-medium.webp 1024w, https:\/\/powered-by.qbank.se\/educatius\/sts\/6eebba19df90b99745033c579b20deef_16-9-large.webp 1536w\" sizes=\"(max-width: 640px) max(100vw, calc(clamp(320px, 100vh, 720px) * 9 \/ 16)), (max-width: 840px) max(100vw, calc(clamp(320px, 100vh, 720px) * 1 \/ 1)), max(100vw, calc(clamp(320px, 100vh, 720px) * 16 \/ 9))\" type=\"image\/webp\"\/><img src=\"https:\/\/powered-by.qbank.se\/educatius\/sts\/6eebba19df90b99745033c579b20deef_1-1-thumb.webp\" alt=\"Hvorfor velge STS?\" loading=\"lazy\" decoding=\"async\" fetchpriority=\"low\"\/><\/picture><span class=\"sts-block-hero__overlay\" aria-hidden=\"true\"><\/span><\/div><div class=\"sts-block-hero__inner\"><div class=\"sts-block-hero__content has-align-center\"><div class=\"sts-block-hero__content-inner\"><\/div><\/div><\/div><\/section>\n\n\n\n<section class=\"wp-block-sts-text-image-video sts-block-text-image-video is-desktop-text-left is-mobile-media-first has-max-width-lg is-media-video\"><div class=\"sts-block-text-image-video__inner\"><div class=\"sts-block-text-image-video__text\"><div class=\"sts-content-stack sts-content-stack--left\"><h1 class=\"sts-content-stack__heading\">Du blir v\u00e5r fremste prioritet!<\/h1><div class=\"sts-content-stack__paragraph\">\n<p>Vi liker \u00e5 gj\u00f8re det personlig. Vi kjenner elevene v\u00e5re ved navn og f\u00f8lger dem fra reisens begynnelse til slutt.Vi er fullt og helt engasjert i din opplevelse, velv\u00e6re og fremtid \u2013 og vi har viet livet til \u00e5 hjelpe unge mennesker med \u00e5 n\u00e5 sitt fulle potensial.<\/p>\n<\/div><\/div><\/div><div class=\"sts-block-text-image-video__media\"><section class=\"sts-block-text-image-video__video sts-block-video\"><div class=\"sts-video sts-video--landscape\"><div class=\"sts-video__handler\"><button type=\"button\" class=\"sts-video__play-button\" aria-label=\"Play video\" aria-pressed=\"false\" data-playing=\"false\"><span class=\"sts-video__play-icon\"><img decoding=\"async\" class=\"play-icon\" src=\"data:image\/svg+xml,%3csvg%20width='32'%20height='32'%20viewBox='0%200%2032%2032'%20fill='none'%20xmlns='http:\/\/www.w3.org\/2000\/svg'%3e%3cmask%20id='mask0_2459_8201'%20style='mask-type:alpha'%20maskUnits='userSpaceOnUse'%20x='0'%20y='0'%20width='32'%20height='32'%3e%3crect%20width='32'%20height='32'%20fill='%23D9D9D9'\/%3e%3c\/mask%3e%3cg%20mask='url(%23mask0_2459_8201)'%3e%3cpath%20d='M10.667%2022.8999V9.09993C10.667%208.72216%2010.8003%208.40549%2011.067%208.14993C11.3337%207.89438%2011.6448%207.7666%2012.0003%207.7666C12.1114%207.7666%2012.2281%207.78327%2012.3503%207.8166C12.4725%207.84993%2012.5892%207.89993%2012.7003%207.9666L23.567%2014.8666C23.767%2014.9999%2023.917%2015.1666%2024.017%2015.3666C24.117%2015.5666%2024.167%2015.7777%2024.167%2015.9999C24.167%2016.2222%2024.117%2016.4333%2024.017%2016.6333C23.917%2016.8333%2023.767%2016.9999%2023.567%2017.1333L12.7003%2024.0333C12.5892%2024.0999%2012.4725%2024.1499%2012.3503%2024.1833C12.2281%2024.2166%2012.1114%2024.2333%2012.0003%2024.2333C11.6448%2024.2333%2011.3337%2024.1055%2011.067%2023.8499C10.8003%2023.5944%2010.667%2023.2777%2010.667%2022.8999Z'%20fill='black'\/%3e%3c\/g%3e%3c\/svg%3e\" alt=\"\" aria-hidden=\"true\"\/><img decoding=\"async\" class=\"pause-icon\" src=\"data:image\/svg+xml,%3csvg%20width='32'%20height='32'%20viewBox='0%200%2032%2032'%20fill='none'%20xmlns='http:\/\/www.w3.org\/2000\/svg'%3e%3cmask%20id='mask0_pause'%20style='mask-type:alpha'%20maskUnits='userSpaceOnUse'%20x='0'%20y='0'%20width='32'%20height='32'%3e%3crect%20width='32'%20height='32'%20fill='%23D9D9D9'\/%3e%3c\/mask%3e%3cg%20mask='url(%23mask0_pause)'%3e%3c!--%20Left%20bar%20--%3e%3crect%20x='10'%20y='8'%20width='4'%20height='16'%20rx='1'%20fill='black'\/%3e%3c!--%20Right%20bar%20--%3e%3crect%20x='18'%20y='8'%20width='4'%20height='16'%20rx='1'%20fill='black'\/%3e%3c\/g%3e%3c\/svg%3e\" alt=\"\" aria-hidden=\"true\"\/><\/span><\/button><strong class=\"sts-video__duration\" data-duration-prefix=\"Video duration:\" data-unit-second=\"second\" data-unit-seconds=\"seconds\" data-unit-minute=\"minute\" data-unit-minutes=\"minutes\" aria-label=\"Video duration: 40 seconds\">40 secs<\/strong><\/div><div class=\"sts-video__media\" data-video-source=\"youtube\" data-video-url=\"\"><div class=\"sts-video__external-shell\" data-embed-url=\"https:\/\/www.youtube.com\/embed\/LVFuYBJk26A?rel=0&amp;controls=1&amp;modestbranding=1&amp;playsinline=1&amp;enablejsapi=1&amp;autoplay=0&amp;origin=https%3A%2F%2Fwww.sts-education.com\"><iframe class=\"sts-video__iframe\" src=\"https:\/\/www.youtube.com\/embed\/LVFuYBJk26A?rel=0&amp;controls=1&amp;modestbranding=1&amp;playsinline=1&amp;enablejsapi=1&amp;autoplay=0&amp;origin=https%3A%2F%2Fwww.sts-education.com\" title=\"Video poster\nheading\" allow=\"autoplay; fullscreen\" allowfullscreen loading=\"lazy\" data-provider=\"youtube\" data-embed-url=\"https:\/\/www.youtube.com\/embed\/LVFuYBJk26A?rel=0&amp;controls=1&amp;modestbranding=1&amp;playsinline=1&amp;enablejsapi=1&amp;autoplay=0&amp;origin=https%3A%2F%2Fwww.sts-education.com\"><\/iframe><\/div><\/div><\/div><\/section><\/div><\/div><\/section>\n\n\n\n<div class=\"wp-block-sts-text sts-text-editor has-max-width-md\"><div class=\"sts-text-editor__content\"><div class=\"sts-text-editor__content-inner\">\n<h2> <\/h2>\n<p> <\/p>\n<h2>Din reise er v\u00e5r lidenskap.<\/h2>\n<p>Dette er ingen vanlig jobb for oss \u2013 det er en lidenskap og livsstil. Nesten alle p\u00e5 STS har g\u00e5tt p\u00e5 skole eller jobbet i utlandet. Vi gj\u00f8r dette fordi vi elsker det. Vi elsker \u00e5 se at du utvikler deg som person, at du f\u00e5r \u00f8kt forst\u00e5else for andre kulturer, og sist, men ikke minst: hvor utrolig morsomt du f\u00e5r det underveis! Og vi elsker \u00e5 kunne tilby denne opplevelsen til alle som \u00f8nsker den.<\/p>\n<h2>Du er trygg hos oss.<\/h2>\n<p>Din sikkerhet er alfa og omega for oss. Vi s\u00f8rger for at du har full st\u00f8tte og f\u00f8ler deg ivaretatt gjennom hele reisen. Sammen med v\u00e5rt globale nettverk av h\u00e5ndplukkede skoler, vertsfamilier, partnere og lokale medarbeidere s\u00f8rger vi for at du har det bra i hver eneste fase av reisen. Vi tar oss av detaljene, slik at du ikke trenger det.<\/p>\n<h2>Du kan nyte godt av v\u00e5r lange erfaring.<\/h2>\n<p>Vi har drevet med dette siden 1958, og over 1 200 000 elever har reist med oss siden den gang. Ettersom vi har gjort dr\u00f8mmer til virkelighet hver dag i 65 \u00e5r, vet vi hva vi driver med.<\/p>\n<h2>Elevhistorier<\/h2>\n<p>Ta gjerne en titt p\u00e5 v\u00e5re <a href=\"https:\/\/www.sts-education.com\/no\/high-school\/student-stories\/studenthistorier\/\">Elevhistorier<\/a>. Der kan du lese om v\u00e5re elevers erfaringer, eller du kan f\u00f8lge oss p\u00e5 <a href=\"https:\/\/www.instagram.com\/stsworldwide\/\" target=\"_blank\" rel=\"noopener noreferrer\">Instagram<\/a> og <a href=\"https:\/\/www.tiktok.com\/@stsworldwide\" target=\"_blank\" rel=\"noopener noreferrer\">TikTok<\/a> og f\u00e5 daglige oppdateringer direkte fra dem.<\/p>\n<\/div><\/div><\/div>\n","protected":false},"excerpt":{"rendered":"","protected":false},"author":20,"featured_media":0,"parent":10862,"menu_order":0,"comment_status":"closed","ping_status":"closed","template":"templates\/template-default-with-breadcrumbs.php","meta":{"_acf_changed":false,"sts_page_background_color":"","footnotes":""},"wpw_page_folders":[77],"class_list":["post-10873","page","type-page","status-publish","hentry"],"acf":[],"yoast_head":"<!-- This site is optimized with the Yoast SEO Premium plugin v27.2 (Yoast SEO v27.2) - https:\/\/yoast.com\/product\/yoast-seo-premium-wordpress\/ -->\n<title>Hvorfor velge STS?<\/title>\n<meta name=\"description\" content=\"Vi har mange \u00e5rs erfaring innen spr\u00e5kreiser og utvekslings\u00e5r. Velg blant flere ulike destinasjoner.\" \/>\n<meta name=\"robots\" content=\"index, follow, max-snippet:-1, max-image-preview:large, max-video-preview:-1\" \/>\n<link rel=\"canonical\" href=\"https:\/\/www.sts-education.com\/no\/om-sts\/hvorfor-velge-sts\/\" \/>\n<meta property=\"og:locale\" content=\"nb_NO\" \/>\n<meta property=\"og:type\" content=\"article\" \/>\n<meta property=\"og:title\" content=\"Hvorfor velge STS\" \/>\n<meta property=\"og:description\" content=\"Vi har mange \u00e5rs erfaring innen spr\u00e5kreiser og utvekslings\u00e5r. Velg blant flere ulike destinasjoner.\" \/>\n<meta property=\"og:url\" content=\"https:\/\/www.sts-education.com\/no\/om-sts\/hvorfor-velge-sts\/\" \/>\n<meta property=\"og:site_name\" content=\"STS Education\" \/>\n<meta property=\"article:modified_time\" content=\"2026-04-30T12:40:33+00:00\" \/>\n<meta property=\"og:image\" content=\"https:\/\/powered-by.qbank.se\/educatius\/sts\/6eebba19df90b99745033c579b20deef_1-1-thumb.webp\" \/>\n<meta name=\"twitter:card\" content=\"summary_large_image\" \/>\n<meta name=\"twitter:label1\" content=\"Ansl. lesetid\" \/>\n\t<meta name=\"twitter:data1\" content=\"2 minutter\" \/>\n<script type=\"application\/ld+json\" class=\"yoast-schema-graph\">{\"@context\":\"https:\/\/schema.org\",\"@graph\":[{\"@type\":\"WebPage\",\"@id\":\"https:\/\/www.sts-education.com\/no\/om-sts\/hvorfor-velge-sts\/\",\"url\":\"https:\/\/www.sts-education.com\/no\/om-sts\/hvorfor-velge-sts\/\",\"name\":\"Hvorfor velge STS?\",\"isPartOf\":{\"@id\":\"https:\/\/www.sts-education.com\/no\/#website\"},\"primaryImageOfPage\":{\"@id\":\"https:\/\/www.sts-education.com\/no\/om-sts\/hvorfor-velge-sts\/#primaryimage\"},\"image\":{\"@id\":\"https:\/\/www.sts-education.com\/no\/om-sts\/hvorfor-velge-sts\/#primaryimage\"},\"thumbnailUrl\":\"https:\/\/powered-by.qbank.se\/educatius\/sts\/6eebba19df90b99745033c579b20deef_1-1-thumb.webp\",\"datePublished\":\"2025-12-16T08:22:10+00:00\",\"dateModified\":\"2026-04-30T12:40:33+00:00\",\"description\":\"Vi har mange \u00e5rs erfaring innen spr\u00e5kreiser og utvekslings\u00e5r. Velg blant flere ulike destinasjoner.\",\"breadcrumb\":{\"@id\":\"https:\/\/www.sts-education.com\/no\/om-sts\/hvorfor-velge-sts\/#breadcrumb\"},\"inLanguage\":\"nb-NO\",\"potentialAction\":[{\"@type\":\"ReadAction\",\"target\":[\"https:\/\/www.sts-education.com\/no\/om-sts\/hvorfor-velge-sts\/\"]}]},{\"@type\":\"ImageObject\",\"inLanguage\":\"nb-NO\",\"@id\":\"https:\/\/www.sts-education.com\/no\/om-sts\/hvorfor-velge-sts\/#primaryimage\",\"url\":\"https:\/\/powered-by.qbank.se\/educatius\/sts\/6eebba19df90b99745033c579b20deef_1-1-thumb.webp\",\"contentUrl\":\"https:\/\/powered-by.qbank.se\/educatius\/sts\/6eebba19df90b99745033c579b20deef_1-1-thumb.webp\"},{\"@type\":\"BreadcrumbList\",\"@id\":\"https:\/\/www.sts-education.com\/no\/om-sts\/hvorfor-velge-sts\/#breadcrumb\",\"itemListElement\":[{\"@type\":\"ListItem\",\"position\":1,\"name\":\"Home\",\"item\":\"https:\/\/www.sts-education.com\/no\/\"},{\"@type\":\"ListItem\",\"position\":2,\"name\":\"Om STS\",\"item\":\"https:\/\/www.sts-education.com\/no\/om-sts\/\"},{\"@type\":\"ListItem\",\"position\":3,\"name\":\"Hvorfor velge STS\"}]},{\"@type\":\"WebSite\",\"@id\":\"https:\/\/www.sts-education.com\/no\/#website\",\"url\":\"https:\/\/www.sts-education.com\/no\/\",\"name\":\"STS Education\",\"description\":\"\",\"potentialAction\":[{\"@type\":\"SearchAction\",\"target\":{\"@type\":\"EntryPoint\",\"urlTemplate\":\"https:\/\/www.sts-education.com\/no\/?s={search_term_string}\"},\"query-input\":{\"@type\":\"PropertyValueSpecification\",\"valueRequired\":true,\"valueName\":\"search_term_string\"}}],\"inLanguage\":\"nb-NO\"}]}<\/script>\n<!-- \/ Yoast SEO Premium plugin. -->","yoast_head_json":{"title":"Hvorfor velge STS?","description":"Vi har mange \u00e5rs erfaring innen spr\u00e5kreiser og utvekslings\u00e5r. Velg blant flere ulike destinasjoner.","robots":{"index":"index","follow":"follow","max-snippet":"max-snippet:-1","max-image-preview":"max-image-preview:large","max-video-preview":"max-video-preview:-1"},"canonical":"https:\/\/www.sts-education.com\/no\/om-sts\/hvorfor-velge-sts\/","og_locale":"nb_NO","og_type":"article","og_title":"Hvorfor velge STS","og_description":"Vi har mange \u00e5rs erfaring innen spr\u00e5kreiser og utvekslings\u00e5r. Velg blant flere ulike destinasjoner.","og_url":"https:\/\/www.sts-education.com\/no\/om-sts\/hvorfor-velge-sts\/","og_site_name":"STS Education","article_modified_time":"2026-04-30T12:40:33+00:00","og_image":[{"url":"https:\/\/powered-by.qbank.se\/educatius\/sts\/6eebba19df90b99745033c579b20deef_1-1-thumb.webp","type":"","width":"","height":""}],"twitter_card":"summary_large_image","twitter_misc":{"Ansl. lesetid":"2 minutter"},"schema":{"@context":"https:\/\/schema.org","@graph":[{"@type":"WebPage","@id":"https:\/\/www.sts-education.com\/no\/om-sts\/hvorfor-velge-sts\/","url":"https:\/\/www.sts-education.com\/no\/om-sts\/hvorfor-velge-sts\/","name":"Hvorfor velge STS?","isPartOf":{"@id":"https:\/\/www.sts-education.com\/no\/#website"},"primaryImageOfPage":{"@id":"https:\/\/www.sts-education.com\/no\/om-sts\/hvorfor-velge-sts\/#primaryimage"},"image":{"@id":"https:\/\/www.sts-education.com\/no\/om-sts\/hvorfor-velge-sts\/#primaryimage"},"thumbnailUrl":"https:\/\/powered-by.qbank.se\/educatius\/sts\/6eebba19df90b99745033c579b20deef_1-1-thumb.webp","datePublished":"2025-12-16T08:22:10+00:00","dateModified":"2026-04-30T12:40:33+00:00","description":"Vi har mange \u00e5rs erfaring innen spr\u00e5kreiser og utvekslings\u00e5r. Velg blant flere ulike destinasjoner.","breadcrumb":{"@id":"https:\/\/www.sts-education.com\/no\/om-sts\/hvorfor-velge-sts\/#breadcrumb"},"inLanguage":"nb-NO","potentialAction":[{"@type":"ReadAction","target":["https:\/\/www.sts-education.com\/no\/om-sts\/hvorfor-velge-sts\/"]}]},{"@type":"ImageObject","inLanguage":"nb-NO","@id":"https:\/\/www.sts-education.com\/no\/om-sts\/hvorfor-velge-sts\/#primaryimage","url":"https:\/\/powered-by.qbank.se\/educatius\/sts\/6eebba19df90b99745033c579b20deef_1-1-thumb.webp","contentUrl":"https:\/\/powered-by.qbank.se\/educatius\/sts\/6eebba19df90b99745033c579b20deef_1-1-thumb.webp"},{"@type":"BreadcrumbList","@id":"https:\/\/www.sts-education.com\/no\/om-sts\/hvorfor-velge-sts\/#breadcrumb","itemListElement":[{"@type":"ListItem","position":1,"name":"Home","item":"https:\/\/www.sts-education.com\/no\/"},{"@type":"ListItem","position":2,"name":"Om STS","item":"https:\/\/www.sts-education.com\/no\/om-sts\/"},{"@type":"ListItem","position":3,"name":"Hvorfor velge STS"}]},{"@type":"WebSite","@id":"https:\/\/www.sts-education.com\/no\/#website","url":"https:\/\/www.sts-education.com\/no\/","name":"STS Education","description":"","potentialAction":[{"@type":"SearchAction","target":{"@type":"EntryPoint","urlTemplate":"https:\/\/www.sts-education.com\/no\/?s={search_term_string}"},"query-input":{"@type":"PropertyValueSpecification","valueRequired":true,"valueName":"search_term_string"}}],"inLanguage":"nb-NO"}]}},"_links":{"self":[{"href":"https:\/\/www.sts-education.com\/no\/wp-json\/wp\/v2\/pages\/10873","targetHints":{"allow":["GET"]}}],"collection":[{"href":"https:\/\/www.sts-education.com\/no\/wp-json\/wp\/v2\/pages"}],"about":[{"href":"https:\/\/www.sts-education.com\/no\/wp-json\/wp\/v2\/types\/page"}],"author":[{"embeddable":true,"href":"https:\/\/www.sts-education.com\/no\/wp-json\/wp\/v2\/users\/20"}],"replies":[{"embeddable":true,"href":"https:\/\/www.sts-education.com\/no\/wp-json\/wp\/v2\/comments?post=10873"}],"version-history":[{"count":7,"href":"https:\/\/www.sts-education.com\/no\/wp-json\/wp\/v2\/pages\/10873\/revisions"}],"predecessor-version":[{"id":44453,"href":"https:\/\/www.sts-education.com\/no\/wp-json\/wp\/v2\/pages\/10873\/revisions\/44453"}],"up":[{"embeddable":true,"href":"https:\/\/www.sts-education.com\/no\/wp-json\/wp\/v2\/pages\/10862"}],"wp:attachment":[{"href":"https:\/\/www.sts-education.com\/no\/wp-json\/wp\/v2\/media?parent=10873"}],"wp:term":[{"taxonomy":"wpw_page_folders","embeddable":true,"href":"https:\/\/www.sts-education.com\/no\/wp-json\/wp\/v2\/wpw_page_folders?post=10873"}],"curies":[{"name":"wp","href":"https:\/\/api.w.org\/{rel}","templated":true}]}}