{"id":10876,"date":"2023-01-20T08:34:50","date_gmt":"2023-01-20T08:34:50","guid":{"rendered":"https:\/\/preprod.sts-education.com\/vertsfamilie\/family-stories\/"},"modified":"2026-04-03T14:55:49","modified_gmt":"2026-04-03T14:55:49","slug":"family-stories","status":"publish","type":"page","link":"https:\/\/www.sts-education.com\/no\/vertsfamilie\/family-stories\/","title":{"rendered":"Family Stories"},"content":{"rendered":"\n<section class=\"wp-block-sts-hero sts-block-hero sts-block-hero is-variant-full-background has-text-light has-background-media\" style=\"--sts-hero-padding-mobile:0px;--sts-hero-padding-desktop:0px;--sts-hero-text-color:var(--wp--preset--color--base-10, #fff)\" data-variant=\"full-background\"><div class=\"sts-block-hero__background\"><picture class=\"sts-responsive-image has-pos-center is-skeleton\"><img src=\"https:\/\/cdn.sts-education.com\/13128_hero_lg_xl.jpg\" alt=\"Andre familiers historier\" loading=\"lazy\" decoding=\"async\" fetchpriority=\"low\" sizes=\"(max-width: 640px) max(100vw, calc(clamp(320px, 100vh, 720px) * 9 \/ 16)), (max-width: 840px) max(100vw, calc(clamp(320px, 100vh, 720px) * 1 \/ 1)), max(100vw, calc(clamp(320px, 100vh, 720px) * 16 \/ 9))\" style=\"object-position:center\"\/><\/picture><span class=\"sts-block-hero__overlay\" aria-hidden=\"true\"><\/span><\/div><div class=\"sts-block-hero__inner\"><div class=\"sts-block-hero__content has-align-center\"><div class=\"sts-block-hero__content-inner\"><h1 class=\"sts-block-hero__heading\">Andre familiers historier<\/h1><\/div><\/div><\/div><\/section>\n\n\n\n<div class=\"wp-block-sts-text sts-text-editor has-max-width-md\"><div class=\"sts-text-editor__content\"><div class=\"sts-text-editor__content-inner\">\n<p>\u00c5 ha en utvekslingselev boende hos seg er en unik erfaring. Da blir man kjent med en ny person som raskt vil f\u00f8les som et medlem av familien. Du f\u00e5r muligheten til \u00e5 vise frem ditt eget n\u00e6romr\u00e5de, kultur og spr\u00e5k p\u00e5 en helt egen m\u00e5te.<\/p>\n<p>Les historier fra andre familier som har v\u00e6rt vertsfamilie \u2013 og fra elever om hvordan det er \u00e5 bo hos en vertsfamilie.<\/p>\n<h2>Vil du fortelle om din erfaring som vertsfamilie?<\/h2>\n<p>Kunne du tenke deg \u00e5 dele dine opplevelser som vertsfamilie p\u00e5 v\u00e5re kanaler? Send en e-post til <a href=\"mailto:social.media@sts-education.com\">social.media@sts-education.com<\/a> s\u00e5 kanskje det blir du og din familie som dukker opp p\u00e5 kanalene v\u00e5re neste gang.<\/p>\n<\/div><\/div><\/div>\n","protected":false},"excerpt":{"rendered":"","protected":false},"author":20,"featured_media":0,"parent":9133,"menu_order":0,"comment_status":"closed","ping_status":"closed","template":"","meta":{"_acf_changed":false,"sts_page_background_color":"","footnotes":""},"wpw_page_folders":[528],"class_list":["post-10876","page","type-page","status-publish","hentry"],"acf":[],"yoast_head":"<!-- This site is optimized with the Yoast SEO Premium plugin v27.2 (Yoast SEO v27.3) - https:\/\/yoast.com\/product\/yoast-seo-premium-wordpress\/ -->\n<title>Family Stories<\/title>\n<meta name=\"robots\" content=\"index, follow, max-snippet:-1, max-image-preview:large, max-video-preview:-1\" \/>\n<link rel=\"canonical\" href=\"https:\/\/www.sts-education.com\/no\/vertsfamilie\/family-stories\/\" \/>\n<meta property=\"og:locale\" content=\"nb_NO\" \/>\n<meta property=\"og:type\" content=\"article\" \/>\n<meta property=\"og:title\" content=\"Family Stories\" \/>\n<meta property=\"og:url\" content=\"https:\/\/www.sts-education.com\/no\/vertsfamilie\/family-stories\/\" \/>\n<meta property=\"og:site_name\" content=\"STS Education\" \/>\n<meta property=\"article:modified_time\" content=\"2026-04-03T14:55:49+00:00\" \/>\n<meta property=\"og:image\" content=\"https:\/\/cdn.sts-education.com\/13128_hero_lg_xl.jpg\" \/>\n<meta name=\"twitter:card\" content=\"summary_large_image\" \/>\n<meta name=\"twitter:label1\" content=\"Ansl. lesetid\" \/>\n\t<meta name=\"twitter:data1\" content=\"1 minutt\" \/>\n<script type=\"application\/ld+json\" class=\"yoast-schema-graph\">{\"@context\":\"https:\\\/\\\/schema.org\",\"@graph\":[{\"@type\":\"WebPage\",\"@id\":\"https:\\\/\\\/www.sts-education.com\\\/no\\\/vertsfamilie\\\/family-stories\\\/\",\"url\":\"https:\\\/\\\/www.sts-education.com\\\/no\\\/vertsfamilie\\\/family-stories\\\/\",\"name\":\"Family Stories\",\"isPartOf\":{\"@id\":\"https:\\\/\\\/www.sts-education.com\\\/no\\\/#website\"},\"primaryImageOfPage\":{\"@id\":\"https:\\\/\\\/www.sts-education.com\\\/no\\\/vertsfamilie\\\/family-stories\\\/#primaryimage\"},\"image\":{\"@id\":\"https:\\\/\\\/www.sts-education.com\\\/no\\\/vertsfamilie\\\/family-stories\\\/#primaryimage\"},\"thumbnailUrl\":\"https:\\\/\\\/cdn.sts-education.com\\\/13128_hero_lg_xl.jpg\",\"datePublished\":\"2023-01-20T08:34:50+00:00\",\"dateModified\":\"2026-04-03T14:55:49+00:00\",\"breadcrumb\":{\"@id\":\"https:\\\/\\\/www.sts-education.com\\\/no\\\/vertsfamilie\\\/family-stories\\\/#breadcrumb\"},\"inLanguage\":\"nb-NO\",\"potentialAction\":[{\"@type\":\"ReadAction\",\"target\":[\"https:\\\/\\\/www.sts-education.com\\\/no\\\/vertsfamilie\\\/family-stories\\\/\"]}]},{\"@type\":\"ImageObject\",\"inLanguage\":\"nb-NO\",\"@id\":\"https:\\\/\\\/www.sts-education.com\\\/no\\\/vertsfamilie\\\/family-stories\\\/#primaryimage\",\"url\":\"https:\\\/\\\/cdn.sts-education.com\\\/13128_hero_lg_xl.jpg\",\"contentUrl\":\"https:\\\/\\\/cdn.sts-education.com\\\/13128_hero_lg_xl.jpg\"},{\"@type\":\"BreadcrumbList\",\"@id\":\"https:\\\/\\\/www.sts-education.com\\\/no\\\/vertsfamilie\\\/family-stories\\\/#breadcrumb\",\"itemListElement\":[{\"@type\":\"ListItem\",\"position\":1,\"name\":\"Home\",\"item\":\"https:\\\/\\\/www.sts-education.com\\\/no\\\/\"},{\"@type\":\"ListItem\",\"position\":2,\"name\":\"Vertsfamilie\",\"item\":\"https:\\\/\\\/www.sts-education.com\\\/no\\\/vertsfamilie\\\/\"},{\"@type\":\"ListItem\",\"position\":3,\"name\":\"Family Stories\"}]},{\"@type\":\"WebSite\",\"@id\":\"https:\\\/\\\/www.sts-education.com\\\/no\\\/#website\",\"url\":\"https:\\\/\\\/www.sts-education.com\\\/no\\\/\",\"name\":\"STS Education\",\"description\":\"\",\"potentialAction\":[{\"@type\":\"SearchAction\",\"target\":{\"@type\":\"EntryPoint\",\"urlTemplate\":\"https:\\\/\\\/www.sts-education.com\\\/no\\\/?s={search_term_string}\"},\"query-input\":{\"@type\":\"PropertyValueSpecification\",\"valueRequired\":true,\"valueName\":\"search_term_string\"}}],\"inLanguage\":\"nb-NO\"}]}<\/script>\n<!-- \/ Yoast SEO Premium plugin. -->","yoast_head_json":{"title":"Family Stories","robots":{"index":"index","follow":"follow","max-snippet":"max-snippet:-1","max-image-preview":"max-image-preview:large","max-video-preview":"max-video-preview:-1"},"canonical":"https:\/\/www.sts-education.com\/no\/vertsfamilie\/family-stories\/","og_locale":"nb_NO","og_type":"article","og_title":"Family Stories","og_url":"https:\/\/www.sts-education.com\/no\/vertsfamilie\/family-stories\/","og_site_name":"STS Education","article_modified_time":"2026-04-03T14:55:49+00:00","og_image":[{"url":"https:\/\/cdn.sts-education.com\/13128_hero_lg_xl.jpg","type":"","width":"","height":""}],"twitter_card":"summary_large_image","twitter_misc":{"Ansl. lesetid":"1 minutt"},"schema":{"@context":"https:\/\/schema.org","@graph":[{"@type":"WebPage","@id":"https:\/\/www.sts-education.com\/no\/vertsfamilie\/family-stories\/","url":"https:\/\/www.sts-education.com\/no\/vertsfamilie\/family-stories\/","name":"Family Stories","isPartOf":{"@id":"https:\/\/www.sts-education.com\/no\/#website"},"primaryImageOfPage":{"@id":"https:\/\/www.sts-education.com\/no\/vertsfamilie\/family-stories\/#primaryimage"},"image":{"@id":"https:\/\/www.sts-education.com\/no\/vertsfamilie\/family-stories\/#primaryimage"},"thumbnailUrl":"https:\/\/cdn.sts-education.com\/13128_hero_lg_xl.jpg","datePublished":"2023-01-20T08:34:50+00:00","dateModified":"2026-04-03T14:55:49+00:00","breadcrumb":{"@id":"https:\/\/www.sts-education.com\/no\/vertsfamilie\/family-stories\/#breadcrumb"},"inLanguage":"nb-NO","potentialAction":[{"@type":"ReadAction","target":["https:\/\/www.sts-education.com\/no\/vertsfamilie\/family-stories\/"]}]},{"@type":"ImageObject","inLanguage":"nb-NO","@id":"https:\/\/www.sts-education.com\/no\/vertsfamilie\/family-stories\/#primaryimage","url":"https:\/\/cdn.sts-education.com\/13128_hero_lg_xl.jpg","contentUrl":"https:\/\/cdn.sts-education.com\/13128_hero_lg_xl.jpg"},{"@type":"BreadcrumbList","@id":"https:\/\/www.sts-education.com\/no\/vertsfamilie\/family-stories\/#breadcrumb","itemListElement":[{"@type":"ListItem","position":1,"name":"Home","item":"https:\/\/www.sts-education.com\/no\/"},{"@type":"ListItem","position":2,"name":"Vertsfamilie","item":"https:\/\/www.sts-education.com\/no\/vertsfamilie\/"},{"@type":"ListItem","position":3,"name":"Family Stories"}]},{"@type":"WebSite","@id":"https:\/\/www.sts-education.com\/no\/#website","url":"https:\/\/www.sts-education.com\/no\/","name":"STS Education","description":"","potentialAction":[{"@type":"SearchAction","target":{"@type":"EntryPoint","urlTemplate":"https:\/\/www.sts-education.com\/no\/?s={search_term_string}"},"query-input":{"@type":"PropertyValueSpecification","valueRequired":true,"valueName":"search_term_string"}}],"inLanguage":"nb-NO"}]}},"_links":{"self":[{"href":"https:\/\/www.sts-education.com\/no\/wp-json\/wp\/v2\/pages\/10876","targetHints":{"allow":["GET"]}}],"collection":[{"href":"https:\/\/www.sts-education.com\/no\/wp-json\/wp\/v2\/pages"}],"about":[{"href":"https:\/\/www.sts-education.com\/no\/wp-json\/wp\/v2\/types\/page"}],"author":[{"embeddable":true,"href":"https:\/\/www.sts-education.com\/no\/wp-json\/wp\/v2\/users\/20"}],"replies":[{"embeddable":true,"href":"https:\/\/www.sts-education.com\/no\/wp-json\/wp\/v2\/comments?post=10876"}],"version-history":[{"count":3,"href":"https:\/\/www.sts-education.com\/no\/wp-json\/wp\/v2\/pages\/10876\/revisions"}],"predecessor-version":[{"id":27896,"href":"https:\/\/www.sts-education.com\/no\/wp-json\/wp\/v2\/pages\/10876\/revisions\/27896"}],"up":[{"embeddable":true,"href":"https:\/\/www.sts-education.com\/no\/wp-json\/wp\/v2\/pages\/9133"}],"wp:attachment":[{"href":"https:\/\/www.sts-education.com\/no\/wp-json\/wp\/v2\/media?parent=10876"}],"wp:term":[{"taxonomy":"wpw_page_folders","embeddable":true,"href":"https:\/\/www.sts-education.com\/no\/wp-json\/wp\/v2\/wpw_page_folders?post=10876"}],"curies":[{"name":"wp","href":"https:\/\/api.w.org\/{rel}","templated":true}]}}