{"id":10886,"date":"2025-12-16T10:18:24","date_gmt":"2025-12-16T10:18:24","guid":{"rendered":"https:\/\/preprod.sts-education.com\/high-school\/fakta-og-prisinformasjon\/alt-dette-er-inkludert\/"},"modified":"2026-04-14T09:56:44","modified_gmt":"2026-04-14T09:56:44","slug":"alt-dette-er-inkludert","status":"publish","type":"page","link":"https:\/\/www.sts-education.com\/no\/high-school\/fakta-og-prisinformasjon\/alt-dette-er-inkludert\/","title":{"rendered":"Alt Dette Er Inkludert"},"content":{"rendered":"\n<section class=\"wp-block-sts-hero sts-block-hero is-variant-full-background has-text-light has-background-media\" style=\"--sts-hero-padding-mobile:0px;--sts-hero-padding-desktop:0px;--sts-hero-text-color:var(--wp--preset--color--base-10, #fff);\" data-variant=\"full-background\"><div class=\"sts-block-hero__background\"><picture class=\"sts-responsive-image has-fit-cover is-skeleton\"><img src=\"https:\/\/cdn.sts-education.com\/12639_hero_lg_xl.jpg\" alt=\"Alt dette er inkludert\" loading=\"lazy\" decoding=\"async\" fetchpriority=\"low\" sizes=\"100vw\" \/><\/picture><span class=\"sts-block-hero__overlay\" aria-hidden=\"true\"><\/span><\/div><div class=\"sts-block-hero__inner\"><div class=\"sts-block-hero__content has-align-center\"><div class=\"sts-block-hero__content-inner\"><h1 class=\"sts-block-hero__heading\">Alt dette er inkludert<\/h1><\/div><\/div><\/div><\/section>\n\n\n\n<div class=\"wp-block-sts-text sts-text-editor has-max-width-md\"><div class=\"sts-text-editor__content\"><div class=\"sts-text-editor__content-inner\">\n<p>Et utvekslings\u00e5r p\u00e5 high school gir deg uforglemmelige opplevelser. Du vil oppleve mange herlige \u00f8yeblikk som blir minner for livet.<\/p>\n<p>N\u00e5r du reiser med STS, f\u00e5r du tilgang til all kunnskapen som v\u00e5re utrolig dyktige high school-eksperter besitter, samt veiledningen du trenger for at utenlandsoppholdet skal bli s\u00e5 bra som overhodet mulig.<\/p>\n<h2>Alt dette er inkludert med STS<\/h2>\n<ul><li>Intervju, m\u00f8ter og materiell som forbereder deg og foreldrene dine p\u00e5 utenlandsoppholdet.<\/li>\n<li>STS Welcome Camp er inkludert p\u00e5 nesten alle destinasjoner n\u00e5r du tar et \u00e5r p\u00e5 high school med avreise om h\u00f8sten.<\/li>\n<li>Tog- eller flybilletter tur\/retur til vertslandet.<\/li>\n<li>Avreisegaranti &#8211; Hvis du blir antatt og av en eller annen grunn ikke f\u00e5r plass etter ditt opprinnelige valg, kan vi alltid tilby deg et alternativ.<\/li>\n<li>STS-ryggsekk.<\/li>\n<li>En en lokalt ansatt eller vertsfamilien m\u00f8ter deg p\u00e5 flyplassen n\u00e5r du kommer.<\/li>\n<li>Opphold hos en vertsfamilie med kost og losji.<\/li>\n<li>STS\u2019 omr\u00e5derepresentanter, regionskontor og hovedkontor er tilgjengelig for deg gjennom hele programmet.<\/li>\n<li>24-timers telefontjeneste. Du kan alltid komme i kontakt med oss.<\/li>\n<li>Informasjonsm\u00f8ter underveis i skole\u00e5ret, med omr\u00e5derepresentanter og andre utvekslingselever.<\/li>\n<li>Diplom etter det fullf\u00f8rte \u00e5ret\/skole\u00e5ret i utlandet.<\/li><\/ul>\n<h2>\u00d8vrige kostnader<\/h2>\n<p>Det finnes ogs\u00e5 noen ting som du kan velge som tilvalg og <a href=\"https:\/\/www.sts-education.com\/no\/high-school\/fakta-og-prisinformasjon\/alternativer\/\">ekstra alternativer<\/a> samt noen \u00f8vrige kostnader i forbindelse med utenlandsoppholdet ditt.<\/p>\n<p><strong>\u00d8vrige kostnader kan v\u00e6re: <\/strong><\/p>\n<ul><li>Helsekontroller<\/li>\n<li>Eventuelle vaksiner<\/li>\n<li>Eventuelt visum og utgifter i tilknytning til dette<\/li>\n<li>Avbestillingsbeskyttelse<\/li>\n<li>Flyskatter, avgifter og tilleggsavgifter<\/li>\n<li>Lommepenger<\/li>\n<li>Hygieneprodukter<\/li>\n<li>Eventuelle utgifter til reiser og andre aktiviteter i vertslandet<\/li>\n<li>Skoleuniform dersom det er p\u00e5krevd p\u00e5 skolen din<\/li>\n<li>Skolemat<\/li>\n<li>Kollektivtransport\/skolebuss<\/li>\n<li>Forsikring<\/li>\n<li>Eventuelle valutagebyrer<\/li>\n<li>Det kan ogs\u00e5 p\u00e5l\u00f8pe ekstra kostnader ved spesielle kostholdsbehov<\/li><\/ul>\n<\/div><\/div><\/div>\n","protected":false},"excerpt":{"rendered":"","protected":false},"author":20,"featured_media":0,"parent":10866,"menu_order":0,"comment_status":"closed","ping_status":"closed","template":"templates\/template-default-with-breadcrumbs.php","meta":{"_acf_changed":false,"sts_page_background_color":"","footnotes":""},"wpw_page_folders":[86],"class_list":["post-10886","page","type-page","status-publish","hentry"],"acf":[],"yoast_head":"<!-- This site is optimized with the Yoast SEO Premium plugin v27.2 (Yoast SEO v27.3) - https:\/\/yoast.com\/product\/yoast-seo-premium-wordpress\/ -->\n<title>Hva er inkludert i prisen p\u00e5 \u00e5ret som utvekslingselev<\/title>\n<meta name=\"description\" content=\"Alt dette er inkludert i n\u00e5r du tar et \u00e5r i utlandet med STS. Intervju, Welcome Camp, reisen, skolen, husly, diplom og mye annet.\" \/>\n<meta name=\"robots\" content=\"index, follow, max-snippet:-1, max-image-preview:large, max-video-preview:-1\" \/>\n<link rel=\"canonical\" href=\"https:\/\/www.sts-education.com\/no\/high-school\/fakta-og-prisinformasjon\/alt-dette-er-inkludert\/\" \/>\n<meta property=\"og:locale\" content=\"nb_NO\" \/>\n<meta property=\"og:type\" content=\"article\" \/>\n<meta property=\"og:title\" content=\"Alt Dette Er Inkludert\" \/>\n<meta property=\"og:description\" content=\"Alt dette er inkludert i n\u00e5r du tar et \u00e5r i utlandet med STS. Intervju, Welcome Camp, reisen, skolen, husly, diplom og mye annet.\" \/>\n<meta property=\"og:url\" content=\"https:\/\/www.sts-education.com\/no\/high-school\/fakta-og-prisinformasjon\/alt-dette-er-inkludert\/\" \/>\n<meta property=\"og:site_name\" content=\"STS Education\" \/>\n<meta property=\"article:modified_time\" content=\"2026-04-14T09:56:44+00:00\" \/>\n<meta property=\"og:image\" content=\"https:\/\/cdn.sts-education.com\/12639_hero_lg_xl.jpg\" \/>\n<meta name=\"twitter:card\" content=\"summary_large_image\" \/>\n<meta name=\"twitter:label1\" content=\"Ansl. lesetid\" \/>\n\t<meta name=\"twitter:data1\" content=\"1 minutt\" \/>\n<script type=\"application\/ld+json\" class=\"yoast-schema-graph\">{\"@context\":\"https:\\\/\\\/schema.org\",\"@graph\":[{\"@type\":\"WebPage\",\"@id\":\"https:\\\/\\\/www.sts-education.com\\\/no\\\/high-school\\\/fakta-og-prisinformasjon\\\/alt-dette-er-inkludert\\\/\",\"url\":\"https:\\\/\\\/www.sts-education.com\\\/no\\\/high-school\\\/fakta-og-prisinformasjon\\\/alt-dette-er-inkludert\\\/\",\"name\":\"Hva er inkludert i prisen p\u00e5 \u00e5ret som utvekslingselev\",\"isPartOf\":{\"@id\":\"https:\\\/\\\/www.sts-education.com\\\/no\\\/#website\"},\"primaryImageOfPage\":{\"@id\":\"https:\\\/\\\/www.sts-education.com\\\/no\\\/high-school\\\/fakta-og-prisinformasjon\\\/alt-dette-er-inkludert\\\/#primaryimage\"},\"image\":{\"@id\":\"https:\\\/\\\/www.sts-education.com\\\/no\\\/high-school\\\/fakta-og-prisinformasjon\\\/alt-dette-er-inkludert\\\/#primaryimage\"},\"thumbnailUrl\":\"https:\\\/\\\/cdn.sts-education.com\\\/12639_hero_lg_xl.jpg\",\"datePublished\":\"2025-12-16T10:18:24+00:00\",\"dateModified\":\"2026-04-14T09:56:44+00:00\",\"description\":\"Alt dette er inkludert i n\u00e5r du tar et \u00e5r i utlandet med STS. Intervju, Welcome Camp, reisen, skolen, husly, diplom og mye annet.\",\"breadcrumb\":{\"@id\":\"https:\\\/\\\/www.sts-education.com\\\/no\\\/high-school\\\/fakta-og-prisinformasjon\\\/alt-dette-er-inkludert\\\/#breadcrumb\"},\"inLanguage\":\"nb-NO\",\"potentialAction\":[{\"@type\":\"ReadAction\",\"target\":[\"https:\\\/\\\/www.sts-education.com\\\/no\\\/high-school\\\/fakta-og-prisinformasjon\\\/alt-dette-er-inkludert\\\/\"]}]},{\"@type\":\"ImageObject\",\"inLanguage\":\"nb-NO\",\"@id\":\"https:\\\/\\\/www.sts-education.com\\\/no\\\/high-school\\\/fakta-og-prisinformasjon\\\/alt-dette-er-inkludert\\\/#primaryimage\",\"url\":\"https:\\\/\\\/cdn.sts-education.com\\\/12639_hero_lg_xl.jpg\",\"contentUrl\":\"https:\\\/\\\/cdn.sts-education.com\\\/12639_hero_lg_xl.jpg\"},{\"@type\":\"BreadcrumbList\",\"@id\":\"https:\\\/\\\/www.sts-education.com\\\/no\\\/high-school\\\/fakta-og-prisinformasjon\\\/alt-dette-er-inkludert\\\/#breadcrumb\",\"itemListElement\":[{\"@type\":\"ListItem\",\"position\":1,\"name\":\"Home\",\"item\":\"https:\\\/\\\/www.sts-education.com\\\/no\\\/\"},{\"@type\":\"ListItem\",\"position\":2,\"name\":\"High school\",\"item\":\"https:\\\/\\\/www.sts-education.com\\\/no\\\/high-school\\\/\"},{\"@type\":\"ListItem\",\"position\":3,\"name\":\"Fakta Og Prisinformasjon\",\"item\":\"https:\\\/\\\/www.sts-education.com\\\/no\\\/high-school\\\/fakta-og-prisinformasjon\\\/\"},{\"@type\":\"ListItem\",\"position\":4,\"name\":\"Alt Dette Er Inkludert\"}]},{\"@type\":\"WebSite\",\"@id\":\"https:\\\/\\\/www.sts-education.com\\\/no\\\/#website\",\"url\":\"https:\\\/\\\/www.sts-education.com\\\/no\\\/\",\"name\":\"STS Education\",\"description\":\"\",\"potentialAction\":[{\"@type\":\"SearchAction\",\"target\":{\"@type\":\"EntryPoint\",\"urlTemplate\":\"https:\\\/\\\/www.sts-education.com\\\/no\\\/?s={search_term_string}\"},\"query-input\":{\"@type\":\"PropertyValueSpecification\",\"valueRequired\":true,\"valueName\":\"search_term_string\"}}],\"inLanguage\":\"nb-NO\"}]}<\/script>\n<!-- \/ Yoast SEO Premium plugin. -->","yoast_head_json":{"title":"Hva er inkludert i prisen p\u00e5 \u00e5ret som utvekslingselev","description":"Alt dette er inkludert i n\u00e5r du tar et \u00e5r i utlandet med STS. Intervju, Welcome Camp, reisen, skolen, husly, diplom og mye annet.","robots":{"index":"index","follow":"follow","max-snippet":"max-snippet:-1","max-image-preview":"max-image-preview:large","max-video-preview":"max-video-preview:-1"},"canonical":"https:\/\/www.sts-education.com\/no\/high-school\/fakta-og-prisinformasjon\/alt-dette-er-inkludert\/","og_locale":"nb_NO","og_type":"article","og_title":"Alt Dette Er Inkludert","og_description":"Alt dette er inkludert i n\u00e5r du tar et \u00e5r i utlandet med STS. Intervju, Welcome Camp, reisen, skolen, husly, diplom og mye annet.","og_url":"https:\/\/www.sts-education.com\/no\/high-school\/fakta-og-prisinformasjon\/alt-dette-er-inkludert\/","og_site_name":"STS Education","article_modified_time":"2026-04-14T09:56:44+00:00","og_image":[{"url":"https:\/\/cdn.sts-education.com\/12639_hero_lg_xl.jpg","type":"","width":"","height":""}],"twitter_card":"summary_large_image","twitter_misc":{"Ansl. lesetid":"1 minutt"},"schema":{"@context":"https:\/\/schema.org","@graph":[{"@type":"WebPage","@id":"https:\/\/www.sts-education.com\/no\/high-school\/fakta-og-prisinformasjon\/alt-dette-er-inkludert\/","url":"https:\/\/www.sts-education.com\/no\/high-school\/fakta-og-prisinformasjon\/alt-dette-er-inkludert\/","name":"Hva er inkludert i prisen p\u00e5 \u00e5ret som utvekslingselev","isPartOf":{"@id":"https:\/\/www.sts-education.com\/no\/#website"},"primaryImageOfPage":{"@id":"https:\/\/www.sts-education.com\/no\/high-school\/fakta-og-prisinformasjon\/alt-dette-er-inkludert\/#primaryimage"},"image":{"@id":"https:\/\/www.sts-education.com\/no\/high-school\/fakta-og-prisinformasjon\/alt-dette-er-inkludert\/#primaryimage"},"thumbnailUrl":"https:\/\/cdn.sts-education.com\/12639_hero_lg_xl.jpg","datePublished":"2025-12-16T10:18:24+00:00","dateModified":"2026-04-14T09:56:44+00:00","description":"Alt dette er inkludert i n\u00e5r du tar et \u00e5r i utlandet med STS. Intervju, Welcome Camp, reisen, skolen, husly, diplom og mye annet.","breadcrumb":{"@id":"https:\/\/www.sts-education.com\/no\/high-school\/fakta-og-prisinformasjon\/alt-dette-er-inkludert\/#breadcrumb"},"inLanguage":"nb-NO","potentialAction":[{"@type":"ReadAction","target":["https:\/\/www.sts-education.com\/no\/high-school\/fakta-og-prisinformasjon\/alt-dette-er-inkludert\/"]}]},{"@type":"ImageObject","inLanguage":"nb-NO","@id":"https:\/\/www.sts-education.com\/no\/high-school\/fakta-og-prisinformasjon\/alt-dette-er-inkludert\/#primaryimage","url":"https:\/\/cdn.sts-education.com\/12639_hero_lg_xl.jpg","contentUrl":"https:\/\/cdn.sts-education.com\/12639_hero_lg_xl.jpg"},{"@type":"BreadcrumbList","@id":"https:\/\/www.sts-education.com\/no\/high-school\/fakta-og-prisinformasjon\/alt-dette-er-inkludert\/#breadcrumb","itemListElement":[{"@type":"ListItem","position":1,"name":"Home","item":"https:\/\/www.sts-education.com\/no\/"},{"@type":"ListItem","position":2,"name":"High school","item":"https:\/\/www.sts-education.com\/no\/high-school\/"},{"@type":"ListItem","position":3,"name":"Fakta Og Prisinformasjon","item":"https:\/\/www.sts-education.com\/no\/high-school\/fakta-og-prisinformasjon\/"},{"@type":"ListItem","position":4,"name":"Alt Dette Er Inkludert"}]},{"@type":"WebSite","@id":"https:\/\/www.sts-education.com\/no\/#website","url":"https:\/\/www.sts-education.com\/no\/","name":"STS Education","description":"","potentialAction":[{"@type":"SearchAction","target":{"@type":"EntryPoint","urlTemplate":"https:\/\/www.sts-education.com\/no\/?s={search_term_string}"},"query-input":{"@type":"PropertyValueSpecification","valueRequired":true,"valueName":"search_term_string"}}],"inLanguage":"nb-NO"}]}},"_links":{"self":[{"href":"https:\/\/www.sts-education.com\/no\/wp-json\/wp\/v2\/pages\/10886","targetHints":{"allow":["GET"]}}],"collection":[{"href":"https:\/\/www.sts-education.com\/no\/wp-json\/wp\/v2\/pages"}],"about":[{"href":"https:\/\/www.sts-education.com\/no\/wp-json\/wp\/v2\/types\/page"}],"author":[{"embeddable":true,"href":"https:\/\/www.sts-education.com\/no\/wp-json\/wp\/v2\/users\/20"}],"replies":[{"embeddable":true,"href":"https:\/\/www.sts-education.com\/no\/wp-json\/wp\/v2\/comments?post=10886"}],"version-history":[{"count":4,"href":"https:\/\/www.sts-education.com\/no\/wp-json\/wp\/v2\/pages\/10886\/revisions"}],"predecessor-version":[{"id":33394,"href":"https:\/\/www.sts-education.com\/no\/wp-json\/wp\/v2\/pages\/10886\/revisions\/33394"}],"up":[{"embeddable":true,"href":"https:\/\/www.sts-education.com\/no\/wp-json\/wp\/v2\/pages\/10866"}],"wp:attachment":[{"href":"https:\/\/www.sts-education.com\/no\/wp-json\/wp\/v2\/media?parent=10886"}],"wp:term":[{"taxonomy":"wpw_page_folders","embeddable":true,"href":"https:\/\/www.sts-education.com\/no\/wp-json\/wp\/v2\/wpw_page_folders?post=10886"}],"curies":[{"name":"wp","href":"https:\/\/api.w.org\/{rel}","templated":true}]}}