{"id":10887,"date":"2025-12-16T10:18:50","date_gmt":"2025-12-16T10:18:50","guid":{"rendered":"https:\/\/preprod.sts-education.com\/high-school\/fakta-og-prisinformasjon\/alternativer\/"},"modified":"2026-04-14T09:56:42","modified_gmt":"2026-04-14T09:56:42","slug":"alternativer","status":"publish","type":"page","link":"https:\/\/www.sts-education.com\/no\/high-school\/fakta-og-prisinformasjon\/alternativer\/","title":{"rendered":"Alternativer"},"content":{"rendered":"\n<section class=\"wp-block-sts-hero sts-block-hero is-variant-full-background has-text-light has-background-media\" style=\"--sts-hero-padding-mobile:0px;--sts-hero-padding-desktop:0px;--sts-hero-text-color:var(--wp--preset--color--base-10, #fff);\" data-variant=\"full-background\"><div class=\"sts-block-hero__background\"><picture class=\"sts-responsive-image has-fit-cover is-skeleton\"><img src=\"https:\/\/cdn.sts-education.com\/12838_hero_lg_xl.jpg\" alt=\"Velg mer\" loading=\"lazy\" decoding=\"async\" fetchpriority=\"low\" sizes=\"100vw\" \/><\/picture><span class=\"sts-block-hero__overlay\" aria-hidden=\"true\"><\/span><\/div><div class=\"sts-block-hero__inner\"><div class=\"sts-block-hero__content has-align-center\"><div class=\"sts-block-hero__content-inner\"><h1 class=\"sts-block-hero__heading\">Velg mer<\/h1><\/div><\/div><\/div><\/section>\n\n\n\n<div class=\"wp-block-sts-text sts-text-editor has-max-width-md\"><div class=\"sts-text-editor__content\"><div class=\"sts-text-editor__content-inner\">\n<p>V\u00e5re utenlandsopphold kan se ganske s\u00e5 forskjellig ut. Hvis du har spesielle \u00f8nsker eller ting du har lyst til \u00e5 legge til, er du alltid velkommen til \u00e5 kontakte oss. Etter 65 \u00e5r i utdanningsbransjen har vi erfaring med og l\u00f8sning p\u00e5 det meste.<\/p>\n\n<h2>\u00d8nske region<\/h2>\n\n<p>Har du en klar id\u00e9 om hvor i vertslandet du \u00f8nsker \u00e5 bo? P\u00e5 noen av v\u00e5re destinasjoner kan du be om en bestemt stat, region eller by. Muligheten for \u00e5 velge dette kommer an p\u00e5 hvilket vertsland du \u00f8nsker deg til \u2013 og dessuten har vi begrenset med slike plasser siden det krever en helt annet administrativ prosess for innskriving p\u00e5 skole og valg av egnet vertsfamilie.<\/p>\n\n<p>Hvis du \u00f8nsker \u00e5 velge en bestemt stat, region eller by, er det noe du oppgir i forbindelse med s\u00f8knaden din. Deretter gj\u00f8r vi alt vi kan for \u00e5 im\u00f8tekomme foresp\u00f8rselen. Klarer vi det, vil det p\u00e5l\u00f8pe en ekstra avgift knyttet til tilordningen av sted. <a href=\"\/no\/high-school\/tripfinder\/?q=\">Du kan lese mer om dette under hvert enkelt land<\/a>.<\/p>\n\n<h2>Mulighet til \u00e5 velge skole<\/h2>\n\n<p>For noen av v\u00e5re utvekslingselever er det viktig \u00e5 ta et bestemt fag eller drive med en bestemt idrett i en bestemt by under utenlandsoppholdet. I s\u00e5 fall tilbyr vi et program kalt STS High School Select. Dette er et litt annerledes produkt med betydelig h\u00f8yere programavgift, ettersom du her kan skreddersy programmet ditt og velge ut en privatskole som det koster mer \u00e5 g\u00e5 p\u00e5. Hvis du er interessert i dette programmet, kan du <a href=\"https:\/\/www.sts-education.com\/no\/high-school\/for-aret-i-utlandet\/velg-hvor-og-hvordan-du-vil-ga-pa-skole\/\">lese mer om High School Select her.<\/a><\/p>\n\n<h2>Ekstraturer under oppholdet<\/h2>\n\n<p>P\u00e5 de fleste av v\u00e5re destinasjoner arrangeres det ekstraturer for alle v\u00e5re utvekslingselever i det aktuelle landet. Hvilke turer som blir satt opp, vil f\u00f8rst v\u00e6re klart n\u00e5r du er p\u00e5 plass p\u00e5 stedet, men felles for dem alle er at de byr p\u00e5 en fantastisk mulighet til \u00e5 utforske severdigheter og byer i vertslandet. Samtidig f\u00e5r du mulighet til \u00e5 treffe andre utvekslingselever som er p\u00e5 et lignende utlandseventyr som deg. Registrering og betaling for disse ekstraturene gj\u00f8res n\u00e5r du er p\u00e5 plass i vertslandet.<\/p>\n<\/div><\/div><\/div>\n","protected":false},"excerpt":{"rendered":"","protected":false},"author":20,"featured_media":0,"parent":10866,"menu_order":0,"comment_status":"closed","ping_status":"closed","template":"templates\/template-default-with-breadcrumbs.php","meta":{"_acf_changed":false,"sts_page_background_color":"","footnotes":""},"wpw_page_folders":[86],"class_list":["post-10887","page","type-page","status-publish","hentry"],"acf":[],"yoast_head":"<!-- This site is optimized with the Yoast SEO Premium plugin v27.2 (Yoast SEO v27.3) - https:\/\/yoast.com\/product\/yoast-seo-premium-wordpress\/ -->\n<title>Spesifikke \u00f8nsker og alternativer for utvekslings\u00e5ret ditt p\u00e5 STS<\/title>\n<meta name=\"description\" content=\"Et utvekslings\u00e5r kan ta mange ulike former. Hvis du har spesielle \u00f8nsker eller alternativer, er du alltid velkommen til \u00e5 kontakte oss.\" \/>\n<meta name=\"robots\" content=\"index, follow, max-snippet:-1, max-image-preview:large, max-video-preview:-1\" \/>\n<link rel=\"canonical\" href=\"https:\/\/www.sts-education.com\/no\/high-school\/fakta-og-prisinformasjon\/alternativer\/\" \/>\n<meta property=\"og:locale\" content=\"nb_NO\" \/>\n<meta property=\"og:type\" content=\"article\" \/>\n<meta property=\"og:title\" content=\"Alternativer\" \/>\n<meta property=\"og:description\" content=\"Et utvekslings\u00e5r kan ta mange ulike former. Hvis du har spesielle \u00f8nsker eller alternativer, er du alltid velkommen til \u00e5 kontakte oss.\" \/>\n<meta property=\"og:url\" content=\"https:\/\/www.sts-education.com\/no\/high-school\/fakta-og-prisinformasjon\/alternativer\/\" \/>\n<meta property=\"og:site_name\" content=\"STS Education\" \/>\n<meta property=\"article:modified_time\" content=\"2026-04-14T09:56:42+00:00\" \/>\n<meta property=\"og:image\" content=\"https:\/\/cdn.sts-education.com\/12838_hero_lg_xl.jpg\" \/>\n<meta name=\"twitter:card\" content=\"summary_large_image\" \/>\n<meta name=\"twitter:label1\" content=\"Ansl. lesetid\" \/>\n\t<meta name=\"twitter:data1\" content=\"2 minutter\" \/>\n<script type=\"application\/ld+json\" class=\"yoast-schema-graph\">{\"@context\":\"https:\\\/\\\/schema.org\",\"@graph\":[{\"@type\":\"WebPage\",\"@id\":\"https:\\\/\\\/www.sts-education.com\\\/no\\\/high-school\\\/fakta-og-prisinformasjon\\\/alternativer\\\/\",\"url\":\"https:\\\/\\\/www.sts-education.com\\\/no\\\/high-school\\\/fakta-og-prisinformasjon\\\/alternativer\\\/\",\"name\":\"Spesifikke \u00f8nsker og alternativer for utvekslings\u00e5ret ditt p\u00e5 STS\",\"isPartOf\":{\"@id\":\"https:\\\/\\\/www.sts-education.com\\\/no\\\/#website\"},\"primaryImageOfPage\":{\"@id\":\"https:\\\/\\\/www.sts-education.com\\\/no\\\/high-school\\\/fakta-og-prisinformasjon\\\/alternativer\\\/#primaryimage\"},\"image\":{\"@id\":\"https:\\\/\\\/www.sts-education.com\\\/no\\\/high-school\\\/fakta-og-prisinformasjon\\\/alternativer\\\/#primaryimage\"},\"thumbnailUrl\":\"https:\\\/\\\/cdn.sts-education.com\\\/12838_hero_lg_xl.jpg\",\"datePublished\":\"2025-12-16T10:18:50+00:00\",\"dateModified\":\"2026-04-14T09:56:42+00:00\",\"description\":\"Et utvekslings\u00e5r kan ta mange ulike former. Hvis du har spesielle \u00f8nsker eller alternativer, er du alltid velkommen til \u00e5 kontakte oss.\",\"breadcrumb\":{\"@id\":\"https:\\\/\\\/www.sts-education.com\\\/no\\\/high-school\\\/fakta-og-prisinformasjon\\\/alternativer\\\/#breadcrumb\"},\"inLanguage\":\"nb-NO\",\"potentialAction\":[{\"@type\":\"ReadAction\",\"target\":[\"https:\\\/\\\/www.sts-education.com\\\/no\\\/high-school\\\/fakta-og-prisinformasjon\\\/alternativer\\\/\"]}]},{\"@type\":\"ImageObject\",\"inLanguage\":\"nb-NO\",\"@id\":\"https:\\\/\\\/www.sts-education.com\\\/no\\\/high-school\\\/fakta-og-prisinformasjon\\\/alternativer\\\/#primaryimage\",\"url\":\"https:\\\/\\\/cdn.sts-education.com\\\/12838_hero_lg_xl.jpg\",\"contentUrl\":\"https:\\\/\\\/cdn.sts-education.com\\\/12838_hero_lg_xl.jpg\"},{\"@type\":\"BreadcrumbList\",\"@id\":\"https:\\\/\\\/www.sts-education.com\\\/no\\\/high-school\\\/fakta-og-prisinformasjon\\\/alternativer\\\/#breadcrumb\",\"itemListElement\":[{\"@type\":\"ListItem\",\"position\":1,\"name\":\"Home\",\"item\":\"https:\\\/\\\/www.sts-education.com\\\/no\\\/\"},{\"@type\":\"ListItem\",\"position\":2,\"name\":\"High school\",\"item\":\"https:\\\/\\\/www.sts-education.com\\\/no\\\/high-school\\\/\"},{\"@type\":\"ListItem\",\"position\":3,\"name\":\"Fakta Og Prisinformasjon\",\"item\":\"https:\\\/\\\/www.sts-education.com\\\/no\\\/high-school\\\/fakta-og-prisinformasjon\\\/\"},{\"@type\":\"ListItem\",\"position\":4,\"name\":\"Alternativer\"}]},{\"@type\":\"WebSite\",\"@id\":\"https:\\\/\\\/www.sts-education.com\\\/no\\\/#website\",\"url\":\"https:\\\/\\\/www.sts-education.com\\\/no\\\/\",\"name\":\"STS Education\",\"description\":\"\",\"potentialAction\":[{\"@type\":\"SearchAction\",\"target\":{\"@type\":\"EntryPoint\",\"urlTemplate\":\"https:\\\/\\\/www.sts-education.com\\\/no\\\/?s={search_term_string}\"},\"query-input\":{\"@type\":\"PropertyValueSpecification\",\"valueRequired\":true,\"valueName\":\"search_term_string\"}}],\"inLanguage\":\"nb-NO\"}]}<\/script>\n<!-- \/ Yoast SEO Premium plugin. -->","yoast_head_json":{"title":"Spesifikke \u00f8nsker og alternativer for utvekslings\u00e5ret ditt p\u00e5 STS","description":"Et utvekslings\u00e5r kan ta mange ulike former. Hvis du har spesielle \u00f8nsker eller alternativer, er du alltid velkommen til \u00e5 kontakte oss.","robots":{"index":"index","follow":"follow","max-snippet":"max-snippet:-1","max-image-preview":"max-image-preview:large","max-video-preview":"max-video-preview:-1"},"canonical":"https:\/\/www.sts-education.com\/no\/high-school\/fakta-og-prisinformasjon\/alternativer\/","og_locale":"nb_NO","og_type":"article","og_title":"Alternativer","og_description":"Et utvekslings\u00e5r kan ta mange ulike former. Hvis du har spesielle \u00f8nsker eller alternativer, er du alltid velkommen til \u00e5 kontakte oss.","og_url":"https:\/\/www.sts-education.com\/no\/high-school\/fakta-og-prisinformasjon\/alternativer\/","og_site_name":"STS Education","article_modified_time":"2026-04-14T09:56:42+00:00","og_image":[{"url":"https:\/\/cdn.sts-education.com\/12838_hero_lg_xl.jpg","type":"","width":"","height":""}],"twitter_card":"summary_large_image","twitter_misc":{"Ansl. lesetid":"2 minutter"},"schema":{"@context":"https:\/\/schema.org","@graph":[{"@type":"WebPage","@id":"https:\/\/www.sts-education.com\/no\/high-school\/fakta-og-prisinformasjon\/alternativer\/","url":"https:\/\/www.sts-education.com\/no\/high-school\/fakta-og-prisinformasjon\/alternativer\/","name":"Spesifikke \u00f8nsker og alternativer for utvekslings\u00e5ret ditt p\u00e5 STS","isPartOf":{"@id":"https:\/\/www.sts-education.com\/no\/#website"},"primaryImageOfPage":{"@id":"https:\/\/www.sts-education.com\/no\/high-school\/fakta-og-prisinformasjon\/alternativer\/#primaryimage"},"image":{"@id":"https:\/\/www.sts-education.com\/no\/high-school\/fakta-og-prisinformasjon\/alternativer\/#primaryimage"},"thumbnailUrl":"https:\/\/cdn.sts-education.com\/12838_hero_lg_xl.jpg","datePublished":"2025-12-16T10:18:50+00:00","dateModified":"2026-04-14T09:56:42+00:00","description":"Et utvekslings\u00e5r kan ta mange ulike former. Hvis du har spesielle \u00f8nsker eller alternativer, er du alltid velkommen til \u00e5 kontakte oss.","breadcrumb":{"@id":"https:\/\/www.sts-education.com\/no\/high-school\/fakta-og-prisinformasjon\/alternativer\/#breadcrumb"},"inLanguage":"nb-NO","potentialAction":[{"@type":"ReadAction","target":["https:\/\/www.sts-education.com\/no\/high-school\/fakta-og-prisinformasjon\/alternativer\/"]}]},{"@type":"ImageObject","inLanguage":"nb-NO","@id":"https:\/\/www.sts-education.com\/no\/high-school\/fakta-og-prisinformasjon\/alternativer\/#primaryimage","url":"https:\/\/cdn.sts-education.com\/12838_hero_lg_xl.jpg","contentUrl":"https:\/\/cdn.sts-education.com\/12838_hero_lg_xl.jpg"},{"@type":"BreadcrumbList","@id":"https:\/\/www.sts-education.com\/no\/high-school\/fakta-og-prisinformasjon\/alternativer\/#breadcrumb","itemListElement":[{"@type":"ListItem","position":1,"name":"Home","item":"https:\/\/www.sts-education.com\/no\/"},{"@type":"ListItem","position":2,"name":"High school","item":"https:\/\/www.sts-education.com\/no\/high-school\/"},{"@type":"ListItem","position":3,"name":"Fakta Og Prisinformasjon","item":"https:\/\/www.sts-education.com\/no\/high-school\/fakta-og-prisinformasjon\/"},{"@type":"ListItem","position":4,"name":"Alternativer"}]},{"@type":"WebSite","@id":"https:\/\/www.sts-education.com\/no\/#website","url":"https:\/\/www.sts-education.com\/no\/","name":"STS Education","description":"","potentialAction":[{"@type":"SearchAction","target":{"@type":"EntryPoint","urlTemplate":"https:\/\/www.sts-education.com\/no\/?s={search_term_string}"},"query-input":{"@type":"PropertyValueSpecification","valueRequired":true,"valueName":"search_term_string"}}],"inLanguage":"nb-NO"}]}},"_links":{"self":[{"href":"https:\/\/www.sts-education.com\/no\/wp-json\/wp\/v2\/pages\/10887","targetHints":{"allow":["GET"]}}],"collection":[{"href":"https:\/\/www.sts-education.com\/no\/wp-json\/wp\/v2\/pages"}],"about":[{"href":"https:\/\/www.sts-education.com\/no\/wp-json\/wp\/v2\/types\/page"}],"author":[{"embeddable":true,"href":"https:\/\/www.sts-education.com\/no\/wp-json\/wp\/v2\/users\/20"}],"replies":[{"embeddable":true,"href":"https:\/\/www.sts-education.com\/no\/wp-json\/wp\/v2\/comments?post=10887"}],"version-history":[{"count":4,"href":"https:\/\/www.sts-education.com\/no\/wp-json\/wp\/v2\/pages\/10887\/revisions"}],"predecessor-version":[{"id":33393,"href":"https:\/\/www.sts-education.com\/no\/wp-json\/wp\/v2\/pages\/10887\/revisions\/33393"}],"up":[{"embeddable":true,"href":"https:\/\/www.sts-education.com\/no\/wp-json\/wp\/v2\/pages\/10866"}],"wp:attachment":[{"href":"https:\/\/www.sts-education.com\/no\/wp-json\/wp\/v2\/media?parent=10887"}],"wp:term":[{"taxonomy":"wpw_page_folders","embeddable":true,"href":"https:\/\/www.sts-education.com\/no\/wp-json\/wp\/v2\/wpw_page_folders?post=10887"}],"curies":[{"name":"wp","href":"https:\/\/api.w.org\/{rel}","templated":true}]}}