{"id":10888,"date":"2025-12-16T10:19:15","date_gmt":"2025-12-16T10:19:15","guid":{"rendered":"https:\/\/preprod.sts-education.com\/high-school\/fakta-og-prisinformasjon\/bestilling-og-betaling\/"},"modified":"2026-04-14T09:56:41","modified_gmt":"2026-04-14T09:56:41","slug":"bestilling-og-betaling","status":"publish","type":"page","link":"https:\/\/www.sts-education.com\/no\/high-school\/fakta-og-prisinformasjon\/bestilling-og-betaling\/","title":{"rendered":"Bestilling Og Betaling"},"content":{"rendered":"\n<section class=\"wp-block-sts-hero sts-block-hero is-variant-full-background has-text-light has-background-media\" style=\"--sts-hero-padding-mobile:0px;--sts-hero-padding-desktop:0px;--sts-hero-text-color:var(--wp--preset--color--base-10, #fff);\" data-variant=\"full-background\"><div class=\"sts-block-hero__background\"><picture class=\"sts-responsive-image has-fit-cover is-skeleton\"><img src=\"https:\/\/cdn.sts-education.com\/12578_hero_lg_xl.jpg\" alt=\"Bestilling og betaling\" loading=\"lazy\" decoding=\"async\" fetchpriority=\"low\" sizes=\"100vw\" \/><\/picture><span class=\"sts-block-hero__overlay\" aria-hidden=\"true\"><\/span><\/div><div class=\"sts-block-hero__inner\"><div class=\"sts-block-hero__content has-align-center\"><div class=\"sts-block-hero__content-inner\"><h1 class=\"sts-block-hero__heading\">Bestilling og betaling<\/h1><\/div><\/div><\/div><\/section>\n\n\n\n<div class=\"wp-block-sts-text sts-text-editor has-max-width-md\"><div class=\"sts-text-editor__content\"><div class=\"sts-text-editor__content-inner\">\n<h2>Registreringsavgift<\/h2>\n\n<p>N\u00e5r du s\u00f8ker p\u00e5 og blir akseptert til et av v\u00e5re utvekslingsprogrammer, betaler du en registreringsavgift. Dette er felles for alle organisasjoner som driver med utvekslingsprogrammer, og fungerer som en bekreftelse p\u00e5 at du \u00f8nsker at vi skal g\u00e5 videre med s\u00f8knaden din.<\/p>\n\n<p>Registreringsavgiften er p\u00e5 5000 kr uansett destinasjon og inng\u00e5r i den totale programavgiften.<\/p>\n\n<h2>Programavgift<\/h2>\n\n<p>Hvor mye utvekslingen koster, kommer an p\u00e5 destinasjon, lengde og tilvalg. Under hver destinasjon finner du den aktuelle programavgiften for et High School Classic-program.<\/p>\n\n<p>For programmer som begynner om h\u00f8sten, gjelder f\u00f8lgende betalingsplan, med prosenter av den totale programavgiften:<\/p>\n\n<p><em>* Refunderes ikke<br>** Sluttfaktura inkluderer rest av programavgiften, valutatillegg, studentforsikring og eventuelle tilleggstjenester. Eventuelle rabatter blir ogs\u00e5 trukket fra p\u00e5 sluttfaktura, med frist 15. juni. Finn ut mer om hva som er <a href=\"https:\/\/www.sts-education.com\/no\/high-school\/fakta-og-prisinformasjon\/alt-dette-er-inkludert\/\">inkludert i programavgiften<\/a> og hvilke kostnader som kan komme i tillegg.<\/em>.<\/p>\n\n<h2>Forsikring<\/h2>\n\n<p>Det er obligatorisk for alle STS-elever \u00e5 ha gyldig forsikring som gjelder for hele oppholdet i vertslandet. Vi tilbyr en tilpasset forsikring som dekker sykdom, ulykker, bagasje og ansvar, og som er godkjent av myndighetene i landet du skal til.<\/p>\n\n<p>Hvis du \u00f8nsker \u00e5 tegne en annen forsikring, m\u00e5 den godkjennes av en myndighet i vertslandet (f.eks. en offentlig etat eller skole). Snakk med oss p\u00e5 STS, s\u00e5 veileder vi deg til \u00e5 velge rett med tanke p\u00e5 forsikring.<\/p>\n\n<h2>Avbestilling og avbestillingsbeskyttelse<\/h2>\n\n<h3>Avbestilling av reisen<\/h3>\n\n<p>Hvis du \u00f8nsker \u00e5 avbestille utenlandsoppholdet n\u00e5r det er mer enn fem m\u00e5neder igjen til avreisedatoen, f\u00e5r du ikke tilbakebetalt registreringsavgiften. Etter det gjelder andre avbestillingsvilk\u00e5r.<\/p>\n\n<h2>Avbestillingsbeskyttelse<\/h2>\n\n<p>Vi tilbyr to ulike typer avbestillingsbeskyttelse som tilvalg n\u00e5r du bestiller et utvekslings\u00e5r med oss:<\/p>\n\n<p><strong>Standard:<\/strong> Vi har n\u00e5 gjort v\u00e5r mest popul\u00e6re avbestillingsbeskyttelse enda bedre. Denne forsikringen gir deg fullstendig refusjon av det innbetalte bel\u00f8pet* ved sykdom, ulykker eller d\u00f8dsfall i familien forutsatt fremleggelse av legeattest. <br>Pris: <strong>3 950 kr.<\/strong><\/p>\n\n<p><strong>Utvidet avbestillingsbeskyttelse:<\/strong> Med utvidet avbestillingsbeskyttelse kan du helt uten begrunnelse velge \u00e5 avbestille reisen og f\u00e5 fullstendig refusjon av det innbetalte bel\u00f8pet* helt inntil 10 dager f\u00f8r avreise.<\/p>\n\n<p>Pris: <strong>15 000 kr<\/strong> for v\u00e5rt Classic-program og <strong>7 500 kr<\/strong> for v\u00e5rt Select-program (dette dekker kun avgiftene som betales til STS).<\/p>\n\n<p><em>*foruten prisen p\u00e5 den faktisk avbestillingsbeskyttelsen.<\/em><\/p>\n\n<h2>L\u00e5nekassen<\/h2>\n\n<p>Alle som reiser p\u00e5 utveksling 2 \u00e5ret p\u00e5 videreg\u00e5ende skole i Norge har rett til st\u00f8tte fra L\u00e5nekassen. <a href=\"https:\/\/www.sts-education.com\/no\/high-school\/fakta-og-prisinformasjon\/finansering-lanekassen\/\">Les mer om st\u00f8tten fra L\u00e5nekassen her<\/a><\/p>\n\n<h2>Sp\u00f8rsm\u00e5l om betaling<\/h2>\n\n<p>Hvis du har sp\u00f8rsm\u00e5l om betaling, finansiering, forsikring, vertsfamilien, tilvalg eller annet, er det bare \u00e5 <a href=\"https:\/\/www.sts-education.com\/no\/om-sts\/kontakt-oss\/\">kontakte oss<\/a>, s\u00e5 hjelper vi deg!<\/p>\n<\/div><\/div><\/div>\n","protected":false},"excerpt":{"rendered":"","protected":false},"author":20,"featured_media":0,"parent":10866,"menu_order":0,"comment_status":"closed","ping_status":"closed","template":"templates\/template-default-with-breadcrumbs.php","meta":{"_acf_changed":false,"sts_page_background_color":"","footnotes":""},"wpw_page_folders":[86],"class_list":["post-10888","page","type-page","status-publish","hentry"],"acf":[],"yoast_head":"<!-- This site is optimized with the Yoast SEO Premium plugin v27.2 (Yoast SEO v27.3) - https:\/\/yoast.com\/product\/yoast-seo-premium-wordpress\/ -->\n<title>Bestilling og sikker betaling for utvekslings\u00e5ret ditt | STS<\/title>\n<meta name=\"description\" content=\"N\u00e5r du har s\u00f8kt og f\u00e5tt plass p\u00e5 et av utvekslingsprogrammene v\u00e5re, betaler du et s\u00f8knadsgebyr. Betalingen deles deretter opp i flere avdrag.\" \/>\n<meta name=\"robots\" content=\"index, follow, max-snippet:-1, max-image-preview:large, max-video-preview:-1\" \/>\n<link rel=\"canonical\" href=\"https:\/\/www.sts-education.com\/no\/high-school\/fakta-og-prisinformasjon\/bestilling-og-betaling\/\" \/>\n<meta property=\"og:locale\" content=\"nb_NO\" \/>\n<meta property=\"og:type\" content=\"article\" \/>\n<meta property=\"og:title\" content=\"Bestilling Og Betaling\" \/>\n<meta property=\"og:description\" content=\"N\u00e5r du har s\u00f8kt og f\u00e5tt plass p\u00e5 et av utvekslingsprogrammene v\u00e5re, betaler du et s\u00f8knadsgebyr. Betalingen deles deretter opp i flere avdrag.\" \/>\n<meta property=\"og:url\" content=\"https:\/\/www.sts-education.com\/no\/high-school\/fakta-og-prisinformasjon\/bestilling-og-betaling\/\" \/>\n<meta property=\"og:site_name\" content=\"STS Education\" \/>\n<meta property=\"article:modified_time\" content=\"2026-04-14T09:56:41+00:00\" \/>\n<meta property=\"og:image\" content=\"https:\/\/cdn.sts-education.com\/12578_hero_lg_xl.jpg\" \/>\n<meta name=\"twitter:card\" content=\"summary_large_image\" \/>\n<meta name=\"twitter:label1\" content=\"Ansl. lesetid\" \/>\n\t<meta name=\"twitter:data1\" content=\"2 minutter\" \/>\n<script type=\"application\/ld+json\" class=\"yoast-schema-graph\">{\"@context\":\"https:\\\/\\\/schema.org\",\"@graph\":[{\"@type\":\"WebPage\",\"@id\":\"https:\\\/\\\/www.sts-education.com\\\/no\\\/high-school\\\/fakta-og-prisinformasjon\\\/bestilling-og-betaling\\\/\",\"url\":\"https:\\\/\\\/www.sts-education.com\\\/no\\\/high-school\\\/fakta-og-prisinformasjon\\\/bestilling-og-betaling\\\/\",\"name\":\"Bestilling og sikker betaling for utvekslings\u00e5ret ditt | STS\",\"isPartOf\":{\"@id\":\"https:\\\/\\\/www.sts-education.com\\\/no\\\/#website\"},\"primaryImageOfPage\":{\"@id\":\"https:\\\/\\\/www.sts-education.com\\\/no\\\/high-school\\\/fakta-og-prisinformasjon\\\/bestilling-og-betaling\\\/#primaryimage\"},\"image\":{\"@id\":\"https:\\\/\\\/www.sts-education.com\\\/no\\\/high-school\\\/fakta-og-prisinformasjon\\\/bestilling-og-betaling\\\/#primaryimage\"},\"thumbnailUrl\":\"https:\\\/\\\/cdn.sts-education.com\\\/12578_hero_lg_xl.jpg\",\"datePublished\":\"2025-12-16T10:19:15+00:00\",\"dateModified\":\"2026-04-14T09:56:41+00:00\",\"description\":\"N\u00e5r du har s\u00f8kt og f\u00e5tt plass p\u00e5 et av utvekslingsprogrammene v\u00e5re, betaler du et s\u00f8knadsgebyr. Betalingen deles deretter opp i flere avdrag.\",\"breadcrumb\":{\"@id\":\"https:\\\/\\\/www.sts-education.com\\\/no\\\/high-school\\\/fakta-og-prisinformasjon\\\/bestilling-og-betaling\\\/#breadcrumb\"},\"inLanguage\":\"nb-NO\",\"potentialAction\":[{\"@type\":\"ReadAction\",\"target\":[\"https:\\\/\\\/www.sts-education.com\\\/no\\\/high-school\\\/fakta-og-prisinformasjon\\\/bestilling-og-betaling\\\/\"]}]},{\"@type\":\"ImageObject\",\"inLanguage\":\"nb-NO\",\"@id\":\"https:\\\/\\\/www.sts-education.com\\\/no\\\/high-school\\\/fakta-og-prisinformasjon\\\/bestilling-og-betaling\\\/#primaryimage\",\"url\":\"https:\\\/\\\/cdn.sts-education.com\\\/12578_hero_lg_xl.jpg\",\"contentUrl\":\"https:\\\/\\\/cdn.sts-education.com\\\/12578_hero_lg_xl.jpg\"},{\"@type\":\"BreadcrumbList\",\"@id\":\"https:\\\/\\\/www.sts-education.com\\\/no\\\/high-school\\\/fakta-og-prisinformasjon\\\/bestilling-og-betaling\\\/#breadcrumb\",\"itemListElement\":[{\"@type\":\"ListItem\",\"position\":1,\"name\":\"Home\",\"item\":\"https:\\\/\\\/www.sts-education.com\\\/no\\\/\"},{\"@type\":\"ListItem\",\"position\":2,\"name\":\"High school\",\"item\":\"https:\\\/\\\/www.sts-education.com\\\/no\\\/high-school\\\/\"},{\"@type\":\"ListItem\",\"position\":3,\"name\":\"Fakta Og Prisinformasjon\",\"item\":\"https:\\\/\\\/www.sts-education.com\\\/no\\\/high-school\\\/fakta-og-prisinformasjon\\\/\"},{\"@type\":\"ListItem\",\"position\":4,\"name\":\"Bestilling Og Betaling\"}]},{\"@type\":\"WebSite\",\"@id\":\"https:\\\/\\\/www.sts-education.com\\\/no\\\/#website\",\"url\":\"https:\\\/\\\/www.sts-education.com\\\/no\\\/\",\"name\":\"STS Education\",\"description\":\"\",\"potentialAction\":[{\"@type\":\"SearchAction\",\"target\":{\"@type\":\"EntryPoint\",\"urlTemplate\":\"https:\\\/\\\/www.sts-education.com\\\/no\\\/?s={search_term_string}\"},\"query-input\":{\"@type\":\"PropertyValueSpecification\",\"valueRequired\":true,\"valueName\":\"search_term_string\"}}],\"inLanguage\":\"nb-NO\"}]}<\/script>\n<!-- \/ Yoast SEO Premium plugin. -->","yoast_head_json":{"title":"Bestilling og sikker betaling for utvekslings\u00e5ret ditt | STS","description":"N\u00e5r du har s\u00f8kt og f\u00e5tt plass p\u00e5 et av utvekslingsprogrammene v\u00e5re, betaler du et s\u00f8knadsgebyr. Betalingen deles deretter opp i flere avdrag.","robots":{"index":"index","follow":"follow","max-snippet":"max-snippet:-1","max-image-preview":"max-image-preview:large","max-video-preview":"max-video-preview:-1"},"canonical":"https:\/\/www.sts-education.com\/no\/high-school\/fakta-og-prisinformasjon\/bestilling-og-betaling\/","og_locale":"nb_NO","og_type":"article","og_title":"Bestilling Og Betaling","og_description":"N\u00e5r du har s\u00f8kt og f\u00e5tt plass p\u00e5 et av utvekslingsprogrammene v\u00e5re, betaler du et s\u00f8knadsgebyr. Betalingen deles deretter opp i flere avdrag.","og_url":"https:\/\/www.sts-education.com\/no\/high-school\/fakta-og-prisinformasjon\/bestilling-og-betaling\/","og_site_name":"STS Education","article_modified_time":"2026-04-14T09:56:41+00:00","og_image":[{"url":"https:\/\/cdn.sts-education.com\/12578_hero_lg_xl.jpg","type":"","width":"","height":""}],"twitter_card":"summary_large_image","twitter_misc":{"Ansl. lesetid":"2 minutter"},"schema":{"@context":"https:\/\/schema.org","@graph":[{"@type":"WebPage","@id":"https:\/\/www.sts-education.com\/no\/high-school\/fakta-og-prisinformasjon\/bestilling-og-betaling\/","url":"https:\/\/www.sts-education.com\/no\/high-school\/fakta-og-prisinformasjon\/bestilling-og-betaling\/","name":"Bestilling og sikker betaling for utvekslings\u00e5ret ditt | STS","isPartOf":{"@id":"https:\/\/www.sts-education.com\/no\/#website"},"primaryImageOfPage":{"@id":"https:\/\/www.sts-education.com\/no\/high-school\/fakta-og-prisinformasjon\/bestilling-og-betaling\/#primaryimage"},"image":{"@id":"https:\/\/www.sts-education.com\/no\/high-school\/fakta-og-prisinformasjon\/bestilling-og-betaling\/#primaryimage"},"thumbnailUrl":"https:\/\/cdn.sts-education.com\/12578_hero_lg_xl.jpg","datePublished":"2025-12-16T10:19:15+00:00","dateModified":"2026-04-14T09:56:41+00:00","description":"N\u00e5r du har s\u00f8kt og f\u00e5tt plass p\u00e5 et av utvekslingsprogrammene v\u00e5re, betaler du et s\u00f8knadsgebyr. Betalingen deles deretter opp i flere avdrag.","breadcrumb":{"@id":"https:\/\/www.sts-education.com\/no\/high-school\/fakta-og-prisinformasjon\/bestilling-og-betaling\/#breadcrumb"},"inLanguage":"nb-NO","potentialAction":[{"@type":"ReadAction","target":["https:\/\/www.sts-education.com\/no\/high-school\/fakta-og-prisinformasjon\/bestilling-og-betaling\/"]}]},{"@type":"ImageObject","inLanguage":"nb-NO","@id":"https:\/\/www.sts-education.com\/no\/high-school\/fakta-og-prisinformasjon\/bestilling-og-betaling\/#primaryimage","url":"https:\/\/cdn.sts-education.com\/12578_hero_lg_xl.jpg","contentUrl":"https:\/\/cdn.sts-education.com\/12578_hero_lg_xl.jpg"},{"@type":"BreadcrumbList","@id":"https:\/\/www.sts-education.com\/no\/high-school\/fakta-og-prisinformasjon\/bestilling-og-betaling\/#breadcrumb","itemListElement":[{"@type":"ListItem","position":1,"name":"Home","item":"https:\/\/www.sts-education.com\/no\/"},{"@type":"ListItem","position":2,"name":"High school","item":"https:\/\/www.sts-education.com\/no\/high-school\/"},{"@type":"ListItem","position":3,"name":"Fakta Og Prisinformasjon","item":"https:\/\/www.sts-education.com\/no\/high-school\/fakta-og-prisinformasjon\/"},{"@type":"ListItem","position":4,"name":"Bestilling Og Betaling"}]},{"@type":"WebSite","@id":"https:\/\/www.sts-education.com\/no\/#website","url":"https:\/\/www.sts-education.com\/no\/","name":"STS Education","description":"","potentialAction":[{"@type":"SearchAction","target":{"@type":"EntryPoint","urlTemplate":"https:\/\/www.sts-education.com\/no\/?s={search_term_string}"},"query-input":{"@type":"PropertyValueSpecification","valueRequired":true,"valueName":"search_term_string"}}],"inLanguage":"nb-NO"}]}},"_links":{"self":[{"href":"https:\/\/www.sts-education.com\/no\/wp-json\/wp\/v2\/pages\/10888","targetHints":{"allow":["GET"]}}],"collection":[{"href":"https:\/\/www.sts-education.com\/no\/wp-json\/wp\/v2\/pages"}],"about":[{"href":"https:\/\/www.sts-education.com\/no\/wp-json\/wp\/v2\/types\/page"}],"author":[{"embeddable":true,"href":"https:\/\/www.sts-education.com\/no\/wp-json\/wp\/v2\/users\/20"}],"replies":[{"embeddable":true,"href":"https:\/\/www.sts-education.com\/no\/wp-json\/wp\/v2\/comments?post=10888"}],"version-history":[{"count":4,"href":"https:\/\/www.sts-education.com\/no\/wp-json\/wp\/v2\/pages\/10888\/revisions"}],"predecessor-version":[{"id":33392,"href":"https:\/\/www.sts-education.com\/no\/wp-json\/wp\/v2\/pages\/10888\/revisions\/33392"}],"up":[{"embeddable":true,"href":"https:\/\/www.sts-education.com\/no\/wp-json\/wp\/v2\/pages\/10866"}],"wp:attachment":[{"href":"https:\/\/www.sts-education.com\/no\/wp-json\/wp\/v2\/media?parent=10888"}],"wp:term":[{"taxonomy":"wpw_page_folders","embeddable":true,"href":"https:\/\/www.sts-education.com\/no\/wp-json\/wp\/v2\/wpw_page_folders?post=10888"}],"curies":[{"name":"wp","href":"https:\/\/api.w.org\/{rel}","templated":true}]}}