{"id":10889,"date":"2023-02-13T16:24:42","date_gmt":"2023-02-13T16:24:42","guid":{"rendered":"https:\/\/preprod.sts-education.com\/high-school\/fakta-og-prisinformasjon\/finansering-lanekassen\/"},"modified":"2026-04-01T01:33:51","modified_gmt":"2026-04-01T01:33:51","slug":"finansering-lanekassen","status":"publish","type":"page","link":"https:\/\/www.sts-education.com\/no\/high-school\/fakta-og-prisinformasjon\/finansering-lanekassen\/","title":{"rendered":"Finansering Lanekassen"},"content":{"rendered":"\n<div class=\"wp-block-sts-text sts-text-editor has-max-width-md\"><div class=\"sts-text-editor__content\"><div class=\"sts-text-editor__content-inner\">\n<h1>Finansering &#8211; L\u00e5nekassen<\/h1>\n<\/div><\/div><\/div>\n\n\n\n<div class=\"wp-block-sts-text sts-text-editor has-max-width-md\"><div class=\"sts-text-editor__content\"><div class=\"sts-text-editor__content-inner\">\n<p>STS er godkjent for utdanningsst\u00f8tte og du kan derfor ha mulighet \u00e5 s\u00f8ke st\u00f8tte fra L\u00e5nekassen dersom reiser p\u00e5 utveksling med oss. Du kan f\u00e5 st\u00f8tte av L\u00e5nekassen til \u00e5 finansiere oppholdet om du f\u00e5r utvekslings\u00e5ret ditt <a href=\"\/no\/high-school\/fakta-og-prisinformasjon\/godkjenning-av-videregaende-opplaring-i-utlandet\/\">forh\u00e5ndsgodkjent.<\/a><\/p>\n\n<h2>F\u00e5 utveklings\u00e5ret godkjent<\/h2>\n\n<p><strong>Du kan s\u00f8ke om:<\/strong><\/p>\n\n<ul><li>Utstyrsstipend<\/li>\n<li>Borteboerstipend<\/li>\n<li>Reisestipend mellom <\/li>\n<li>Inntektsavhengig stipend*<\/li>\n<li>Stipend til skolepenger (Select)**<\/li>\n<li>L\u00e5n til skolepenger (Select)**<\/li><\/ul>\n\n<p>*Du har mulighet \u00e5 s\u00f8ke <a href=\"https:\/\/lanekassen.no\/nb-NO\/stipend-og-lan\/norge\/videregaende-skole\/videregaende-skole\/inntektsavhengig-stipend\/\" target=\"_blank\" rel=\"noopener noreferrer\">inntektsavhengig stipend<\/a> dersom familien din har s\u00e6rlig svag \u00f8konomi.<\/p>\n\n<p>**Om du i tillegg skal betale skolepenger p\u00e5 skolen du g\u00e5r p\u00e5 (Select- programmet) kan du ogs\u00e5 f\u00e5 skolepengestipend opp til 111 974 kr. Du kan i tillegg s\u00f8ke om l\u00e5n for \u00e5 dekke skolepenger.<\/p>\n\n<p>Merk at alle s\u00f8knader blir individuelt behandlet. STS kan aldri garantere at du f\u00e5r st\u00f8tte fra L\u00e5nekassen. Hvor mye du f\u00e5r i st\u00f8tte avhenger av hvor du skal reise p\u00e5 utveksling og hvilket utvekslingsprogram du reiser p\u00e5. For aktuelle satser og sp\u00f8rsm\u00e5l om hva du kan f\u00e5 i st\u00f8tte anbefaler vi dere til \u00e5 lese p\u00e5 <a href=\"https:\/\/lanekassen.no\/nb-NO\/stipend-og-lan\/utland\/videregaende-i-utlandet\/utveksling-pa-vg2\/\" target=\"_blank\" rel=\"noopener noreferrer\">L\u00e5nekassens hjemmesider<\/a>.<\/p>\n\n<p>For \u00e5 s\u00f8ke om st\u00f8tte fra L\u00e5nekassen m\u00e5 du f\u00f8rst ha f\u00e5tt skoleplass i vertslandet. Det er ogs\u00e5 viktig \u00e5 merke seg at L\u00e5nekassens utbetalinger som oftest skjer etter eleven har reist. Det betyr at st\u00f8tten ikke kan bli brukt til \u00e5 betale programprisen til STS, som skal skje f\u00f8r avreise. Derfor tilbyr vi ogs\u00e5 nedbetalingsplaner.<\/p>\n<\/div><\/div><\/div>\n\n","protected":false},"excerpt":{"rendered":"","protected":false},"author":20,"featured_media":0,"parent":10866,"menu_order":0,"comment_status":"closed","ping_status":"closed","template":"","meta":{"_acf_changed":false,"sts_page_background_color":"","footnotes":""},"wpw_page_folders":[86],"class_list":["post-10889","page","type-page","status-publish","hentry"],"acf":[],"yoast_head":"<!-- This site is optimized with the Yoast SEO Premium plugin v27.2 (Yoast SEO v27.3) - https:\/\/yoast.com\/product\/yoast-seo-premium-wordpress\/ -->\n<title>Finansering - L\u00e5nekassen<\/title>\n<meta name=\"robots\" content=\"index, follow, max-snippet:-1, max-image-preview:large, max-video-preview:-1\" \/>\n<link rel=\"canonical\" href=\"https:\/\/www.sts-education.com\/no\/high-school\/fakta-og-prisinformasjon\/finansering-lanekassen\/\" \/>\n<meta property=\"og:locale\" content=\"nb_NO\" \/>\n<meta property=\"og:type\" content=\"article\" \/>\n<meta property=\"og:title\" content=\"Finansering Lanekassen\" \/>\n<meta property=\"og:url\" content=\"https:\/\/www.sts-education.com\/no\/high-school\/fakta-og-prisinformasjon\/finansering-lanekassen\/\" \/>\n<meta property=\"og:site_name\" content=\"STS Education\" \/>\n<meta property=\"article:modified_time\" content=\"2026-04-01T01:33:51+00:00\" \/>\n<meta name=\"twitter:card\" content=\"summary_large_image\" \/>\n<meta name=\"twitter:label1\" content=\"Ansl. lesetid\" \/>\n\t<meta name=\"twitter:data1\" content=\"1 minutt\" \/>\n<script type=\"application\/ld+json\" class=\"yoast-schema-graph\">{\"@context\":\"https:\\\/\\\/schema.org\",\"@graph\":[{\"@type\":\"WebPage\",\"@id\":\"https:\\\/\\\/www.sts-education.com\\\/no\\\/high-school\\\/fakta-og-prisinformasjon\\\/finansering-lanekassen\\\/\",\"url\":\"https:\\\/\\\/www.sts-education.com\\\/no\\\/high-school\\\/fakta-og-prisinformasjon\\\/finansering-lanekassen\\\/\",\"name\":\"Finansering - L\u00e5nekassen\",\"isPartOf\":{\"@id\":\"https:\\\/\\\/www.sts-education.com\\\/no\\\/#website\"},\"datePublished\":\"2023-02-13T16:24:42+00:00\",\"dateModified\":\"2026-04-01T01:33:51+00:00\",\"breadcrumb\":{\"@id\":\"https:\\\/\\\/www.sts-education.com\\\/no\\\/high-school\\\/fakta-og-prisinformasjon\\\/finansering-lanekassen\\\/#breadcrumb\"},\"inLanguage\":\"nb-NO\",\"potentialAction\":[{\"@type\":\"ReadAction\",\"target\":[\"https:\\\/\\\/www.sts-education.com\\\/no\\\/high-school\\\/fakta-og-prisinformasjon\\\/finansering-lanekassen\\\/\"]}]},{\"@type\":\"BreadcrumbList\",\"@id\":\"https:\\\/\\\/www.sts-education.com\\\/no\\\/high-school\\\/fakta-og-prisinformasjon\\\/finansering-lanekassen\\\/#breadcrumb\",\"itemListElement\":[{\"@type\":\"ListItem\",\"position\":1,\"name\":\"Home\",\"item\":\"https:\\\/\\\/www.sts-education.com\\\/no\\\/\"},{\"@type\":\"ListItem\",\"position\":2,\"name\":\"High school\",\"item\":\"https:\\\/\\\/www.sts-education.com\\\/no\\\/high-school\\\/\"},{\"@type\":\"ListItem\",\"position\":3,\"name\":\"Fakta Og Prisinformasjon\",\"item\":\"https:\\\/\\\/www.sts-education.com\\\/no\\\/high-school\\\/fakta-og-prisinformasjon\\\/\"},{\"@type\":\"ListItem\",\"position\":4,\"name\":\"Finansering Lanekassen\"}]},{\"@type\":\"WebSite\",\"@id\":\"https:\\\/\\\/www.sts-education.com\\\/no\\\/#website\",\"url\":\"https:\\\/\\\/www.sts-education.com\\\/no\\\/\",\"name\":\"STS Education\",\"description\":\"\",\"potentialAction\":[{\"@type\":\"SearchAction\",\"target\":{\"@type\":\"EntryPoint\",\"urlTemplate\":\"https:\\\/\\\/www.sts-education.com\\\/no\\\/?s={search_term_string}\"},\"query-input\":{\"@type\":\"PropertyValueSpecification\",\"valueRequired\":true,\"valueName\":\"search_term_string\"}}],\"inLanguage\":\"nb-NO\"}]}<\/script>\n<!-- \/ Yoast SEO Premium plugin. -->","yoast_head_json":{"title":"Finansering - L\u00e5nekassen","robots":{"index":"index","follow":"follow","max-snippet":"max-snippet:-1","max-image-preview":"max-image-preview:large","max-video-preview":"max-video-preview:-1"},"canonical":"https:\/\/www.sts-education.com\/no\/high-school\/fakta-og-prisinformasjon\/finansering-lanekassen\/","og_locale":"nb_NO","og_type":"article","og_title":"Finansering Lanekassen","og_url":"https:\/\/www.sts-education.com\/no\/high-school\/fakta-og-prisinformasjon\/finansering-lanekassen\/","og_site_name":"STS Education","article_modified_time":"2026-04-01T01:33:51+00:00","twitter_card":"summary_large_image","twitter_misc":{"Ansl. lesetid":"1 minutt"},"schema":{"@context":"https:\/\/schema.org","@graph":[{"@type":"WebPage","@id":"https:\/\/www.sts-education.com\/no\/high-school\/fakta-og-prisinformasjon\/finansering-lanekassen\/","url":"https:\/\/www.sts-education.com\/no\/high-school\/fakta-og-prisinformasjon\/finansering-lanekassen\/","name":"Finansering - L\u00e5nekassen","isPartOf":{"@id":"https:\/\/www.sts-education.com\/no\/#website"},"datePublished":"2023-02-13T16:24:42+00:00","dateModified":"2026-04-01T01:33:51+00:00","breadcrumb":{"@id":"https:\/\/www.sts-education.com\/no\/high-school\/fakta-og-prisinformasjon\/finansering-lanekassen\/#breadcrumb"},"inLanguage":"nb-NO","potentialAction":[{"@type":"ReadAction","target":["https:\/\/www.sts-education.com\/no\/high-school\/fakta-og-prisinformasjon\/finansering-lanekassen\/"]}]},{"@type":"BreadcrumbList","@id":"https:\/\/www.sts-education.com\/no\/high-school\/fakta-og-prisinformasjon\/finansering-lanekassen\/#breadcrumb","itemListElement":[{"@type":"ListItem","position":1,"name":"Home","item":"https:\/\/www.sts-education.com\/no\/"},{"@type":"ListItem","position":2,"name":"High school","item":"https:\/\/www.sts-education.com\/no\/high-school\/"},{"@type":"ListItem","position":3,"name":"Fakta Og Prisinformasjon","item":"https:\/\/www.sts-education.com\/no\/high-school\/fakta-og-prisinformasjon\/"},{"@type":"ListItem","position":4,"name":"Finansering Lanekassen"}]},{"@type":"WebSite","@id":"https:\/\/www.sts-education.com\/no\/#website","url":"https:\/\/www.sts-education.com\/no\/","name":"STS Education","description":"","potentialAction":[{"@type":"SearchAction","target":{"@type":"EntryPoint","urlTemplate":"https:\/\/www.sts-education.com\/no\/?s={search_term_string}"},"query-input":{"@type":"PropertyValueSpecification","valueRequired":true,"valueName":"search_term_string"}}],"inLanguage":"nb-NO"}]}},"_links":{"self":[{"href":"https:\/\/www.sts-education.com\/no\/wp-json\/wp\/v2\/pages\/10889","targetHints":{"allow":["GET"]}}],"collection":[{"href":"https:\/\/www.sts-education.com\/no\/wp-json\/wp\/v2\/pages"}],"about":[{"href":"https:\/\/www.sts-education.com\/no\/wp-json\/wp\/v2\/types\/page"}],"author":[{"embeddable":true,"href":"https:\/\/www.sts-education.com\/no\/wp-json\/wp\/v2\/users\/20"}],"replies":[{"embeddable":true,"href":"https:\/\/www.sts-education.com\/no\/wp-json\/wp\/v2\/comments?post=10889"}],"version-history":[{"count":2,"href":"https:\/\/www.sts-education.com\/no\/wp-json\/wp\/v2\/pages\/10889\/revisions"}],"predecessor-version":[{"id":20249,"href":"https:\/\/www.sts-education.com\/no\/wp-json\/wp\/v2\/pages\/10889\/revisions\/20249"}],"up":[{"embeddable":true,"href":"https:\/\/www.sts-education.com\/no\/wp-json\/wp\/v2\/pages\/10866"}],"wp:attachment":[{"href":"https:\/\/www.sts-education.com\/no\/wp-json\/wp\/v2\/media?parent=10889"}],"wp:term":[{"taxonomy":"wpw_page_folders","embeddable":true,"href":"https:\/\/www.sts-education.com\/no\/wp-json\/wp\/v2\/wpw_page_folders?post=10889"}],"curies":[{"name":"wp","href":"https:\/\/api.w.org\/{rel}","templated":true}]}}