{"id":10890,"date":"2018-11-15T10:46:12","date_gmt":"2018-11-15T10:46:12","guid":{"rendered":"https:\/\/preprod.sts-education.com\/high-school\/fakta-og-prisinformasjon\/godkjenning-av-videregaende-opplaring-i-utlandet\/"},"modified":"2026-04-01T01:33:53","modified_gmt":"2026-04-01T01:33:53","slug":"godkjenning-av-videregaende-opplaring-i-utlandet","status":"publish","type":"page","link":"https:\/\/www.sts-education.com\/no\/high-school\/fakta-og-prisinformasjon\/godkjenning-av-videregaende-opplaring-i-utlandet\/","title":{"rendered":"Godkjenning Av Videregaende Opplaring I Utlandet"},"content":{"rendered":"\n<div class=\"wp-block-sts-text sts-text-editor has-max-width-md\"><div class=\"sts-text-editor__content\"><div class=\"sts-text-editor__content-inner\">\n<h1>Godkjenning av videreg\u00e5ende oppl\u00e6ring i utlandet<\/h1>\n<\/div><\/div><\/div>\n\n\n\n<div class=\"wp-block-sts-text sts-text-editor has-max-width-md\"><div class=\"sts-text-editor__content\"><div class=\"sts-text-editor__content-inner\">\n<p>Elever kan f\u00e5 godkjent et skole\u00e5r fra utlandet som Vg1 eller Vg2 i Norge. I tillegg m\u00e5 elevene oppfylle kravene til vitnem\u00e5l. For \u00e5 kunne f\u00e5 st\u00f8tte fra L\u00e5nekassen, m\u00e5 du s\u00f8ke om \u00e5 f\u00e5 utvekslings\u00e5ret ditt godkjent som Vg2. Det er ikke mulig \u00e5 f\u00e5 utvekslings\u00e5ret godkjent som Vg3, p\u00e5 grunn av avsluttende eksamener. Denne ordningen gjelder i utgangspunktet for alle utdanningsprogram, men er lettest \u00e5 f\u00e5 til for elever som g\u00e5r studieforberedende.<\/p>\n\n<p><a href=\"https:\/\/www.udir.no\/regelverkstolkninger\/opplaring\/Vitnemal\/Udir-6-2012\/\">Utdanningsdirektoratet har lagt frem en rekke retningslinjer for<\/a> hvordan man skal kunne avgj\u00f8re om elevene f\u00e5r godkjent \u00e5ret sitt utenlands. Mens det offisielt er fylkeskommunen som godkjenner utvekslings\u00e5ret som en del av den videreg\u00e5ende oppl\u00e6ringen, s\u00e5 er det i praksis n\u00e6rmest alltid r\u00e5dgiverne p\u00e5 skolen til utvekslingseleven i Norge som tar avgj\u00f8relsen.<\/p>\n\n<p>Det betyr at det er opp til r\u00e5dgiveren, skolen og eleven hvordan man kan l\u00f8se dette p\u00e5 best mulig m\u00e5te. a kontakt med r\u00e5dgiver p\u00e5 skolen din s\u00e5 tidlig som mulig for \u00e5 unders\u00f8ke hva som m\u00e5 til for at du kan dra p\u00e5 utveksling. Dette er ikke noe STS, eller noen annen utvekslingsorganisasjon, kan bestemme, men vi vil selvf\u00f8lgelig v\u00e6re behjelpelige med \u00e5 r\u00e5df\u00f8re oss med b\u00e5de elev og r\u00e5dgivere.<\/p>\n\n<h2>F\u00f8rh\u00e5ndstilsagn om godkjenning<\/h2>\n\n<p>\u00d8nsker du \u00e5 f\u00e5 \u00e5ret godkjent m\u00e5 du s\u00f8ke om forh\u00e5ndstilsagn om godkjenning av oppl\u00e6ringen i utlandet. Det er en avtale mellom deg og skolen\/fylkeskommunen din i Norge, som spesifiserer hvilke forutsetninger som m\u00e5 oppfylles for at utvekslings\u00e5ret kan godkjennes som et tellende skole\u00e5r i Norge n\u00e5r du er tilbake.<\/p>\n\n<p>Du trenger ikke \u00e5 vite hvilken skole du skal g\u00e5 p\u00e5 eller hvilke fag du skal ta i vertslandet for \u00e5 f\u00e5 en forh\u00e5ndsgodkjenning. Forh\u00e5ndsgodkjenningen skal liste opp hvilke generelle krav som m\u00e5 oppfylles. I tillegg til dette kan ogs\u00e5 hver skole sette egne krav til sine elever.<\/p>\n\n<p>Du er selv ansvarlig for \u00e5 f\u00f8lge opp anbefalingene i forh\u00e5ndstilsagnet i l\u00f8pet av utvekslings\u00e5ret, og for \u00e5 f\u00e5 med deg all n\u00f8dvendig dokumentasjon fra vertsskolen hjem. P\u00e5 bakgrunn av denne dokumentasjonen vurderer skolen\/fylkeskommunen om du oppfyller vilk\u00e5rene for \u00e5 f\u00e5 godkjent utvekslings\u00e5ret ditt. Om du ikke f\u00e5r godkjent et helt \u00e5r i utlandet, har du mulighet \u00e5 ta opp enkelte fag som privatist, eller s\u00f8ke om fritak for enkeltfag.<\/p>\n\n<h2>Fellesfagene<\/h2>\n\n<p>Kravet til fremmedspr\u00e5k, historie og geografi er viktig i godkjennelsesprosessen, og de fleste skoler utvekslingselevene v\u00e5re drar til tilbyr dette. Her er det ingen krav til at faget m\u00e5 ha like mange timer som i Norge, men det m\u00e5 v\u00e6re likeverdig eller mer omfattende pensum. Du m\u00e5 ha alle fellesfagene, ogs\u00e5 fremmedspr\u00e5k og geografi, for \u00e5 f\u00e5 vitnem\u00e5l. Hvis du gjennomf\u00f8rer og best\u00e5r fremmedspr\u00e5k eller geografi i utlandet kan dette bli godkjent som likeverdig med det norske faget n\u00e5r du kommer hjem til Norge.<\/p>\n\n<h2>Programfag<\/h2>\n\n<p>Dette er kanskje det som b\u00e5de elever, r\u00e5dgivere og oss som veiledere synes er vanskeligst. Det er i hovedsak fordi det er f\u00e5 retningslinjer, og veldig opp til hver enkelt skole. Vi har jo likevel gjort oss noen erfaringer, og ser at mange er fleksible og nytenkende p\u00e5 hva som kan overlappe og kan bli godkjent. Det viktigste at man er ser p\u00e5 omfang, og ikke timeantall er navn p\u00e5 faget. Dette gjelder de fleste linjene, ikke bare studiespesialiserende.<\/p>\n\n<p>STS kan aldri garantere akkurat hvilke fag skolen eleven ender opp p\u00e5 tilbyr, men vi og partnerne v\u00e5re gj\u00f8r v\u00e5rt ytterste for \u00e5 hjelpe til!<\/p>\n<\/div><\/div><\/div>\n\n","protected":false},"excerpt":{"rendered":"","protected":false},"author":20,"featured_media":0,"parent":10866,"menu_order":0,"comment_status":"closed","ping_status":"closed","template":"","meta":{"_acf_changed":false,"sts_page_background_color":"","footnotes":""},"wpw_page_folders":[86],"class_list":["post-10890","page","type-page","status-publish","hentry"],"acf":[],"yoast_head":"<!-- This site is optimized with the Yoast SEO Premium plugin v27.2 (Yoast SEO v27.3) - https:\/\/yoast.com\/product\/yoast-seo-premium-wordpress\/ -->\n<title>Godkjenning av videreg\u00e5ende oppl\u00e6ring i utlandet<\/title>\n<meta name=\"robots\" content=\"index, follow, max-snippet:-1, max-image-preview:large, max-video-preview:-1\" \/>\n<link rel=\"canonical\" href=\"https:\/\/www.sts-education.com\/no\/high-school\/fakta-og-prisinformasjon\/godkjenning-av-videregaende-opplaring-i-utlandet\/\" \/>\n<meta property=\"og:locale\" content=\"nb_NO\" \/>\n<meta property=\"og:type\" content=\"article\" \/>\n<meta property=\"og:title\" content=\"Godkjenning Av Videregaende Opplaring I Utlandet\" \/>\n<meta property=\"og:url\" content=\"https:\/\/www.sts-education.com\/no\/high-school\/fakta-og-prisinformasjon\/godkjenning-av-videregaende-opplaring-i-utlandet\/\" \/>\n<meta property=\"og:site_name\" content=\"STS Education\" \/>\n<meta property=\"article:modified_time\" content=\"2026-04-01T01:33:53+00:00\" \/>\n<meta name=\"twitter:card\" content=\"summary_large_image\" \/>\n<meta name=\"twitter:label1\" content=\"Ansl. lesetid\" \/>\n\t<meta name=\"twitter:data1\" content=\"3 minutter\" \/>\n<script type=\"application\/ld+json\" class=\"yoast-schema-graph\">{\"@context\":\"https:\\\/\\\/schema.org\",\"@graph\":[{\"@type\":\"WebPage\",\"@id\":\"https:\\\/\\\/www.sts-education.com\\\/no\\\/high-school\\\/fakta-og-prisinformasjon\\\/godkjenning-av-videregaende-opplaring-i-utlandet\\\/\",\"url\":\"https:\\\/\\\/www.sts-education.com\\\/no\\\/high-school\\\/fakta-og-prisinformasjon\\\/godkjenning-av-videregaende-opplaring-i-utlandet\\\/\",\"name\":\"Godkjenning av videreg\u00e5ende oppl\u00e6ring i utlandet\",\"isPartOf\":{\"@id\":\"https:\\\/\\\/www.sts-education.com\\\/no\\\/#website\"},\"datePublished\":\"2018-11-15T10:46:12+00:00\",\"dateModified\":\"2026-04-01T01:33:53+00:00\",\"breadcrumb\":{\"@id\":\"https:\\\/\\\/www.sts-education.com\\\/no\\\/high-school\\\/fakta-og-prisinformasjon\\\/godkjenning-av-videregaende-opplaring-i-utlandet\\\/#breadcrumb\"},\"inLanguage\":\"nb-NO\",\"potentialAction\":[{\"@type\":\"ReadAction\",\"target\":[\"https:\\\/\\\/www.sts-education.com\\\/no\\\/high-school\\\/fakta-og-prisinformasjon\\\/godkjenning-av-videregaende-opplaring-i-utlandet\\\/\"]}]},{\"@type\":\"BreadcrumbList\",\"@id\":\"https:\\\/\\\/www.sts-education.com\\\/no\\\/high-school\\\/fakta-og-prisinformasjon\\\/godkjenning-av-videregaende-opplaring-i-utlandet\\\/#breadcrumb\",\"itemListElement\":[{\"@type\":\"ListItem\",\"position\":1,\"name\":\"Home\",\"item\":\"https:\\\/\\\/www.sts-education.com\\\/no\\\/\"},{\"@type\":\"ListItem\",\"position\":2,\"name\":\"High school\",\"item\":\"https:\\\/\\\/www.sts-education.com\\\/no\\\/high-school\\\/\"},{\"@type\":\"ListItem\",\"position\":3,\"name\":\"Fakta Og Prisinformasjon\",\"item\":\"https:\\\/\\\/www.sts-education.com\\\/no\\\/high-school\\\/fakta-og-prisinformasjon\\\/\"},{\"@type\":\"ListItem\",\"position\":4,\"name\":\"Godkjenning Av Videregaende Opplaring I Utlandet\"}]},{\"@type\":\"WebSite\",\"@id\":\"https:\\\/\\\/www.sts-education.com\\\/no\\\/#website\",\"url\":\"https:\\\/\\\/www.sts-education.com\\\/no\\\/\",\"name\":\"STS Education\",\"description\":\"\",\"potentialAction\":[{\"@type\":\"SearchAction\",\"target\":{\"@type\":\"EntryPoint\",\"urlTemplate\":\"https:\\\/\\\/www.sts-education.com\\\/no\\\/?s={search_term_string}\"},\"query-input\":{\"@type\":\"PropertyValueSpecification\",\"valueRequired\":true,\"valueName\":\"search_term_string\"}}],\"inLanguage\":\"nb-NO\"}]}<\/script>\n<!-- \/ Yoast SEO Premium plugin. -->","yoast_head_json":{"title":"Godkjenning av videreg\u00e5ende oppl\u00e6ring i utlandet","robots":{"index":"index","follow":"follow","max-snippet":"max-snippet:-1","max-image-preview":"max-image-preview:large","max-video-preview":"max-video-preview:-1"},"canonical":"https:\/\/www.sts-education.com\/no\/high-school\/fakta-og-prisinformasjon\/godkjenning-av-videregaende-opplaring-i-utlandet\/","og_locale":"nb_NO","og_type":"article","og_title":"Godkjenning Av Videregaende Opplaring I Utlandet","og_url":"https:\/\/www.sts-education.com\/no\/high-school\/fakta-og-prisinformasjon\/godkjenning-av-videregaende-opplaring-i-utlandet\/","og_site_name":"STS Education","article_modified_time":"2026-04-01T01:33:53+00:00","twitter_card":"summary_large_image","twitter_misc":{"Ansl. lesetid":"3 minutter"},"schema":{"@context":"https:\/\/schema.org","@graph":[{"@type":"WebPage","@id":"https:\/\/www.sts-education.com\/no\/high-school\/fakta-og-prisinformasjon\/godkjenning-av-videregaende-opplaring-i-utlandet\/","url":"https:\/\/www.sts-education.com\/no\/high-school\/fakta-og-prisinformasjon\/godkjenning-av-videregaende-opplaring-i-utlandet\/","name":"Godkjenning av videreg\u00e5ende oppl\u00e6ring i utlandet","isPartOf":{"@id":"https:\/\/www.sts-education.com\/no\/#website"},"datePublished":"2018-11-15T10:46:12+00:00","dateModified":"2026-04-01T01:33:53+00:00","breadcrumb":{"@id":"https:\/\/www.sts-education.com\/no\/high-school\/fakta-og-prisinformasjon\/godkjenning-av-videregaende-opplaring-i-utlandet\/#breadcrumb"},"inLanguage":"nb-NO","potentialAction":[{"@type":"ReadAction","target":["https:\/\/www.sts-education.com\/no\/high-school\/fakta-og-prisinformasjon\/godkjenning-av-videregaende-opplaring-i-utlandet\/"]}]},{"@type":"BreadcrumbList","@id":"https:\/\/www.sts-education.com\/no\/high-school\/fakta-og-prisinformasjon\/godkjenning-av-videregaende-opplaring-i-utlandet\/#breadcrumb","itemListElement":[{"@type":"ListItem","position":1,"name":"Home","item":"https:\/\/www.sts-education.com\/no\/"},{"@type":"ListItem","position":2,"name":"High school","item":"https:\/\/www.sts-education.com\/no\/high-school\/"},{"@type":"ListItem","position":3,"name":"Fakta Og Prisinformasjon","item":"https:\/\/www.sts-education.com\/no\/high-school\/fakta-og-prisinformasjon\/"},{"@type":"ListItem","position":4,"name":"Godkjenning Av Videregaende Opplaring I Utlandet"}]},{"@type":"WebSite","@id":"https:\/\/www.sts-education.com\/no\/#website","url":"https:\/\/www.sts-education.com\/no\/","name":"STS Education","description":"","potentialAction":[{"@type":"SearchAction","target":{"@type":"EntryPoint","urlTemplate":"https:\/\/www.sts-education.com\/no\/?s={search_term_string}"},"query-input":{"@type":"PropertyValueSpecification","valueRequired":true,"valueName":"search_term_string"}}],"inLanguage":"nb-NO"}]}},"_links":{"self":[{"href":"https:\/\/www.sts-education.com\/no\/wp-json\/wp\/v2\/pages\/10890","targetHints":{"allow":["GET"]}}],"collection":[{"href":"https:\/\/www.sts-education.com\/no\/wp-json\/wp\/v2\/pages"}],"about":[{"href":"https:\/\/www.sts-education.com\/no\/wp-json\/wp\/v2\/types\/page"}],"author":[{"embeddable":true,"href":"https:\/\/www.sts-education.com\/no\/wp-json\/wp\/v2\/users\/20"}],"replies":[{"embeddable":true,"href":"https:\/\/www.sts-education.com\/no\/wp-json\/wp\/v2\/comments?post=10890"}],"version-history":[{"count":2,"href":"https:\/\/www.sts-education.com\/no\/wp-json\/wp\/v2\/pages\/10890\/revisions"}],"predecessor-version":[{"id":20250,"href":"https:\/\/www.sts-education.com\/no\/wp-json\/wp\/v2\/pages\/10890\/revisions\/20250"}],"up":[{"embeddable":true,"href":"https:\/\/www.sts-education.com\/no\/wp-json\/wp\/v2\/pages\/10866"}],"wp:attachment":[{"href":"https:\/\/www.sts-education.com\/no\/wp-json\/wp\/v2\/media?parent=10890"}],"wp:term":[{"taxonomy":"wpw_page_folders","embeddable":true,"href":"https:\/\/www.sts-education.com\/no\/wp-json\/wp\/v2\/wpw_page_folders?post=10890"}],"curies":[{"name":"wp","href":"https:\/\/api.w.org\/{rel}","templated":true}]}}