{"id":10891,"date":"2023-06-01T12:32:11","date_gmt":"2023-06-01T12:32:11","guid":{"rendered":"https:\/\/preprod.sts-education.com\/high-school\/fakta-og-prisinformasjon\/tilbud-og-rabatter\/"},"modified":"2026-04-14T09:57:57","modified_gmt":"2026-04-14T09:57:57","slug":"tilbud-og-rabatter","status":"publish","type":"page","link":"https:\/\/www.sts-education.com\/no\/high-school\/fakta-og-prisinformasjon\/tilbud-og-rabatter\/","title":{"rendered":"Tilbud Og Rabatter"},"content":{"rendered":"\n<section class=\"wp-block-sts-hero sts-block-hero is-variant-full-background has-text-light has-background-media\" style=\"--sts-hero-padding-mobile:0px;--sts-hero-padding-desktop:0px;--sts-hero-text-color:var(--wp--preset--color--base-10, #fff);\" data-variant=\"full-background\"><div class=\"sts-block-hero__background\"><picture class=\"sts-responsive-image has-fit-cover is-skeleton\"><img src=\"https:\/\/cdn.sts-education.com\/12640_hero_lg_xl.jpg\" alt=\"Tilbud og rabatter\" loading=\"lazy\" decoding=\"async\" fetchpriority=\"low\" sizes=\"100vw\" \/><\/picture><span class=\"sts-block-hero__overlay\" aria-hidden=\"true\"><\/span><\/div><div class=\"sts-block-hero__inner\"><div class=\"sts-block-hero__content has-align-center\"><div class=\"sts-block-hero__content-inner\"><h1 class=\"sts-block-hero__heading\">Tilbud og rabatter<\/h1><\/div><\/div><\/div><\/section>\n\n\n\n<div class=\"wp-block-sts-text sts-text-editor has-max-width-md\"><div class=\"sts-text-editor__content\"><div class=\"sts-text-editor__content-inner\">\n<p>Skal du v\u00e6re utvekslingsstudent hos STS High School? Sjekk i s\u00e5 fall om v\u00e5re spesialtilbud kan gi deg en bedre pris. Dette er de aktuelle tilbudene. Ta gjerne <a href=\"https:\/\/www.sts-education.com\/no\/om-sts\/kontakt-oss\/\">kontakt<\/a> med oss for mer informasjon.<\/p>\n\n<h2>Gj\u00f8r dr\u00f8mmen din til virkelighet<\/h2>\n\n<p>N\u00e5 er det perfekt tidspunkt \u00e5 planlegge<strong> utveksling i VG2<\/strong>. Alle programmene for 2027 er \u00e5pne, noe som gir deg friheten til \u00e5 velge akkurat den destinasjonen du dr\u00f8mmer om \u2013 <strong>USA, Australia, Storbritannia, Irland<\/strong> eller et helt annet sted. S\u00f8k f\u00f8r <strong>30. april<\/strong> for \u00e5 f\u00e5 v\u00e5rt <a href=\"\/no\/high-school\/first-choice-2026\/\">First Choice-tilbud<\/a>.<\/p>\n\n<p>\u2714 Bestill n\u00e5 og f\u00e5 2026-programprisen + en ekstra rabatt p\u00e5 5 000 NOK<br>\u2714 Sikre deg dr\u00f8mmedestinasjonen<br>\u2714 Gratis Welcome Camp<br>\u2714 Gratis avbestilling frem til 15. oktober (verdi 5 000 NOK)<\/p>\n\n<h2>Returnee-rabatt<\/h2>\n\n<p>Har du v\u00e6rt p\u00e5 spr\u00e5kreise med STS f\u00f8r? S\u00e5 kult! N\u00e5 f\u00e5r du 5000 kr avslag dersom du fortsetter eventyret med et \u00e5r p\u00e5 high school i utlandet hos oss.<\/p>\n\n<p>Du benytter deg av tilbudet ved \u00e5 legge inn koden <strong>STSRETURNEE<\/strong> n\u00e5r du bestiller. Dette tilbudet kan ikke kombineres med andre rabatter.<\/p>\n\n<p><a href=\"\/no\/high-school\/tripfinder\/?q=\">Finn destinasjon<\/a><\/p>\n\n<h2>S\u00f8skenrabatt<\/h2>\n\n<p>Har du et s\u00f8sken som har tatt et \u00e5r p\u00e5 high school i utlandet med oss tidligere? Supert! Da f\u00e5r du 5000 kr avslag n\u00e5r du bestiller ditt eget high school-eventyr hos oss.<\/p>\n\n<p>Du benytter deg av tilbudet ved \u00e5 legge inn koden <strong>STSSIBLINGS<\/strong> n\u00e5r du bestiller. Dette tilbudet kan ikke kombineres med andre rabatter.<\/p>\n\n<p><a href=\"\/no\/high-school\/tripfinder\/?q=\">Finn destinasjon<\/a><\/p>\n\n<h2>Host &amp; Go<\/h2>\n\n<p>Hvis du tar imot en internasjonal utvekslingselev mens din egen ungdom er p\u00e5 reise med STS, kan du benytte deg av v\u00e5r \u00abHost &amp; Go\u00bb-rabatt. Du f\u00e5r opptil <strong>5000 kr<\/strong> i rabatt hvis du er vertsfamilie i ett \u00e5r, og <strong>3000 kr<\/strong> i rabatt for seks m\u00e5neder. Har du sp\u00f8rsm\u00e5l om det \u00e5 v\u00e6re vertsfamilie? Les mer om v\u00e5re utvekslingselever og hvordan det hele fungerer, og send inn en interesses\u00f8knad <a href=\"https:\/\/www.sts-education.com\/no\/hvorfor-man-bor-blivertsfamilie\/kompensasjon-host-and-go\/\">Host &amp; Go!<\/a><\/p>\n<\/div><\/div><\/div>\n","protected":false},"excerpt":{"rendered":"","protected":false},"author":20,"featured_media":0,"parent":10866,"menu_order":0,"comment_status":"closed","ping_status":"closed","template":"","meta":{"_acf_changed":false,"sts_page_background_color":"","footnotes":""},"wpw_page_folders":[86],"class_list":["post-10891","page","type-page","status-publish","hentry"],"acf":[],"yoast_head":"<!-- This site is optimized with the Yoast SEO Premium plugin v27.2 (Yoast SEO v27.3) - https:\/\/yoast.com\/product\/yoast-seo-premium-wordpress\/ -->\n<title>Tilbud og rabatter med STS<\/title>\n<meta name=\"description\" content=\"Vi har mange tilbud p\u00e5 v\u00e5re ulike utenlandsopphold med STS. Har du eller noen andre i familien din reist med STS f\u00f8r?\" \/>\n<meta name=\"robots\" content=\"index, follow, max-snippet:-1, max-image-preview:large, max-video-preview:-1\" \/>\n<link rel=\"canonical\" href=\"https:\/\/www.sts-education.com\/no\/high-school\/fakta-og-prisinformasjon\/tilbud-og-rabatter\/\" \/>\n<meta property=\"og:locale\" content=\"nb_NO\" \/>\n<meta property=\"og:type\" content=\"article\" \/>\n<meta property=\"og:title\" content=\"Tilbud Og Rabatter\" \/>\n<meta property=\"og:description\" content=\"Vi har mange tilbud p\u00e5 v\u00e5re ulike utenlandsopphold med STS. Har du eller noen andre i familien din reist med STS f\u00f8r?\" \/>\n<meta property=\"og:url\" content=\"https:\/\/www.sts-education.com\/no\/high-school\/fakta-og-prisinformasjon\/tilbud-og-rabatter\/\" \/>\n<meta property=\"og:site_name\" content=\"STS Education\" \/>\n<meta property=\"article:modified_time\" content=\"2026-04-14T09:57:57+00:00\" \/>\n<meta property=\"og:image\" content=\"https:\/\/cdn.sts-education.com\/12640_hero_lg_xl.jpg\" \/>\n<meta name=\"twitter:card\" content=\"summary_large_image\" \/>\n<meta name=\"twitter:label1\" content=\"Ansl. lesetid\" \/>\n\t<meta name=\"twitter:data1\" content=\"2 minutter\" \/>\n<script type=\"application\/ld+json\" class=\"yoast-schema-graph\">{\"@context\":\"https:\\\/\\\/schema.org\",\"@graph\":[{\"@type\":\"WebPage\",\"@id\":\"https:\\\/\\\/www.sts-education.com\\\/no\\\/high-school\\\/fakta-og-prisinformasjon\\\/tilbud-og-rabatter\\\/\",\"url\":\"https:\\\/\\\/www.sts-education.com\\\/no\\\/high-school\\\/fakta-og-prisinformasjon\\\/tilbud-og-rabatter\\\/\",\"name\":\"Tilbud og rabatter med STS\",\"isPartOf\":{\"@id\":\"https:\\\/\\\/www.sts-education.com\\\/no\\\/#website\"},\"primaryImageOfPage\":{\"@id\":\"https:\\\/\\\/www.sts-education.com\\\/no\\\/high-school\\\/fakta-og-prisinformasjon\\\/tilbud-og-rabatter\\\/#primaryimage\"},\"image\":{\"@id\":\"https:\\\/\\\/www.sts-education.com\\\/no\\\/high-school\\\/fakta-og-prisinformasjon\\\/tilbud-og-rabatter\\\/#primaryimage\"},\"thumbnailUrl\":\"https:\\\/\\\/cdn.sts-education.com\\\/12640_hero_lg_xl.jpg\",\"datePublished\":\"2023-06-01T12:32:11+00:00\",\"dateModified\":\"2026-04-14T09:57:57+00:00\",\"description\":\"Vi har mange tilbud p\u00e5 v\u00e5re ulike utenlandsopphold med STS. Har du eller noen andre i familien din reist med STS f\u00f8r?\",\"breadcrumb\":{\"@id\":\"https:\\\/\\\/www.sts-education.com\\\/no\\\/high-school\\\/fakta-og-prisinformasjon\\\/tilbud-og-rabatter\\\/#breadcrumb\"},\"inLanguage\":\"nb-NO\",\"potentialAction\":[{\"@type\":\"ReadAction\",\"target\":[\"https:\\\/\\\/www.sts-education.com\\\/no\\\/high-school\\\/fakta-og-prisinformasjon\\\/tilbud-og-rabatter\\\/\"]}]},{\"@type\":\"ImageObject\",\"inLanguage\":\"nb-NO\",\"@id\":\"https:\\\/\\\/www.sts-education.com\\\/no\\\/high-school\\\/fakta-og-prisinformasjon\\\/tilbud-og-rabatter\\\/#primaryimage\",\"url\":\"https:\\\/\\\/cdn.sts-education.com\\\/12640_hero_lg_xl.jpg\",\"contentUrl\":\"https:\\\/\\\/cdn.sts-education.com\\\/12640_hero_lg_xl.jpg\"},{\"@type\":\"BreadcrumbList\",\"@id\":\"https:\\\/\\\/www.sts-education.com\\\/no\\\/high-school\\\/fakta-og-prisinformasjon\\\/tilbud-og-rabatter\\\/#breadcrumb\",\"itemListElement\":[{\"@type\":\"ListItem\",\"position\":1,\"name\":\"Home\",\"item\":\"https:\\\/\\\/www.sts-education.com\\\/no\\\/\"},{\"@type\":\"ListItem\",\"position\":2,\"name\":\"High school\",\"item\":\"https:\\\/\\\/www.sts-education.com\\\/no\\\/high-school\\\/\"},{\"@type\":\"ListItem\",\"position\":3,\"name\":\"Fakta Og Prisinformasjon\",\"item\":\"https:\\\/\\\/www.sts-education.com\\\/no\\\/high-school\\\/fakta-og-prisinformasjon\\\/\"},{\"@type\":\"ListItem\",\"position\":4,\"name\":\"Tilbud Og Rabatter\"}]},{\"@type\":\"WebSite\",\"@id\":\"https:\\\/\\\/www.sts-education.com\\\/no\\\/#website\",\"url\":\"https:\\\/\\\/www.sts-education.com\\\/no\\\/\",\"name\":\"STS Education\",\"description\":\"\",\"potentialAction\":[{\"@type\":\"SearchAction\",\"target\":{\"@type\":\"EntryPoint\",\"urlTemplate\":\"https:\\\/\\\/www.sts-education.com\\\/no\\\/?s={search_term_string}\"},\"query-input\":{\"@type\":\"PropertyValueSpecification\",\"valueRequired\":true,\"valueName\":\"search_term_string\"}}],\"inLanguage\":\"nb-NO\"}]}<\/script>\n<!-- \/ Yoast SEO Premium plugin. -->","yoast_head_json":{"title":"Tilbud og rabatter med STS","description":"Vi har mange tilbud p\u00e5 v\u00e5re ulike utenlandsopphold med STS. Har du eller noen andre i familien din reist med STS f\u00f8r?","robots":{"index":"index","follow":"follow","max-snippet":"max-snippet:-1","max-image-preview":"max-image-preview:large","max-video-preview":"max-video-preview:-1"},"canonical":"https:\/\/www.sts-education.com\/no\/high-school\/fakta-og-prisinformasjon\/tilbud-og-rabatter\/","og_locale":"nb_NO","og_type":"article","og_title":"Tilbud Og Rabatter","og_description":"Vi har mange tilbud p\u00e5 v\u00e5re ulike utenlandsopphold med STS. Har du eller noen andre i familien din reist med STS f\u00f8r?","og_url":"https:\/\/www.sts-education.com\/no\/high-school\/fakta-og-prisinformasjon\/tilbud-og-rabatter\/","og_site_name":"STS Education","article_modified_time":"2026-04-14T09:57:57+00:00","og_image":[{"url":"https:\/\/cdn.sts-education.com\/12640_hero_lg_xl.jpg","type":"","width":"","height":""}],"twitter_card":"summary_large_image","twitter_misc":{"Ansl. lesetid":"2 minutter"},"schema":{"@context":"https:\/\/schema.org","@graph":[{"@type":"WebPage","@id":"https:\/\/www.sts-education.com\/no\/high-school\/fakta-og-prisinformasjon\/tilbud-og-rabatter\/","url":"https:\/\/www.sts-education.com\/no\/high-school\/fakta-og-prisinformasjon\/tilbud-og-rabatter\/","name":"Tilbud og rabatter med STS","isPartOf":{"@id":"https:\/\/www.sts-education.com\/no\/#website"},"primaryImageOfPage":{"@id":"https:\/\/www.sts-education.com\/no\/high-school\/fakta-og-prisinformasjon\/tilbud-og-rabatter\/#primaryimage"},"image":{"@id":"https:\/\/www.sts-education.com\/no\/high-school\/fakta-og-prisinformasjon\/tilbud-og-rabatter\/#primaryimage"},"thumbnailUrl":"https:\/\/cdn.sts-education.com\/12640_hero_lg_xl.jpg","datePublished":"2023-06-01T12:32:11+00:00","dateModified":"2026-04-14T09:57:57+00:00","description":"Vi har mange tilbud p\u00e5 v\u00e5re ulike utenlandsopphold med STS. Har du eller noen andre i familien din reist med STS f\u00f8r?","breadcrumb":{"@id":"https:\/\/www.sts-education.com\/no\/high-school\/fakta-og-prisinformasjon\/tilbud-og-rabatter\/#breadcrumb"},"inLanguage":"nb-NO","potentialAction":[{"@type":"ReadAction","target":["https:\/\/www.sts-education.com\/no\/high-school\/fakta-og-prisinformasjon\/tilbud-og-rabatter\/"]}]},{"@type":"ImageObject","inLanguage":"nb-NO","@id":"https:\/\/www.sts-education.com\/no\/high-school\/fakta-og-prisinformasjon\/tilbud-og-rabatter\/#primaryimage","url":"https:\/\/cdn.sts-education.com\/12640_hero_lg_xl.jpg","contentUrl":"https:\/\/cdn.sts-education.com\/12640_hero_lg_xl.jpg"},{"@type":"BreadcrumbList","@id":"https:\/\/www.sts-education.com\/no\/high-school\/fakta-og-prisinformasjon\/tilbud-og-rabatter\/#breadcrumb","itemListElement":[{"@type":"ListItem","position":1,"name":"Home","item":"https:\/\/www.sts-education.com\/no\/"},{"@type":"ListItem","position":2,"name":"High school","item":"https:\/\/www.sts-education.com\/no\/high-school\/"},{"@type":"ListItem","position":3,"name":"Fakta Og Prisinformasjon","item":"https:\/\/www.sts-education.com\/no\/high-school\/fakta-og-prisinformasjon\/"},{"@type":"ListItem","position":4,"name":"Tilbud Og Rabatter"}]},{"@type":"WebSite","@id":"https:\/\/www.sts-education.com\/no\/#website","url":"https:\/\/www.sts-education.com\/no\/","name":"STS Education","description":"","potentialAction":[{"@type":"SearchAction","target":{"@type":"EntryPoint","urlTemplate":"https:\/\/www.sts-education.com\/no\/?s={search_term_string}"},"query-input":{"@type":"PropertyValueSpecification","valueRequired":true,"valueName":"search_term_string"}}],"inLanguage":"nb-NO"}]}},"_links":{"self":[{"href":"https:\/\/www.sts-education.com\/no\/wp-json\/wp\/v2\/pages\/10891","targetHints":{"allow":["GET"]}}],"collection":[{"href":"https:\/\/www.sts-education.com\/no\/wp-json\/wp\/v2\/pages"}],"about":[{"href":"https:\/\/www.sts-education.com\/no\/wp-json\/wp\/v2\/types\/page"}],"author":[{"embeddable":true,"href":"https:\/\/www.sts-education.com\/no\/wp-json\/wp\/v2\/users\/20"}],"replies":[{"embeddable":true,"href":"https:\/\/www.sts-education.com\/no\/wp-json\/wp\/v2\/comments?post=10891"}],"version-history":[{"count":6,"href":"https:\/\/www.sts-education.com\/no\/wp-json\/wp\/v2\/pages\/10891\/revisions"}],"predecessor-version":[{"id":33434,"href":"https:\/\/www.sts-education.com\/no\/wp-json\/wp\/v2\/pages\/10891\/revisions\/33434"}],"up":[{"embeddable":true,"href":"https:\/\/www.sts-education.com\/no\/wp-json\/wp\/v2\/pages\/10866"}],"wp:attachment":[{"href":"https:\/\/www.sts-education.com\/no\/wp-json\/wp\/v2\/media?parent=10891"}],"wp:term":[{"taxonomy":"wpw_page_folders","embeddable":true,"href":"https:\/\/www.sts-education.com\/no\/wp-json\/wp\/v2\/wpw_page_folders?post=10891"}],"curies":[{"name":"wp","href":"https:\/\/api.w.org\/{rel}","templated":true}]}}