{"id":10892,"date":"2025-12-16T10:09:44","date_gmt":"2025-12-16T10:09:44","guid":{"rendered":"https:\/\/preprod.sts-education.com\/high-school\/for-aret-i-utlandet\/10-ting-du-bor-ta-med-deg-pa-utvekslingsaret\/"},"modified":"2026-04-01T01:26:38","modified_gmt":"2026-04-01T01:26:38","slug":"10-ting-du-bor-ta-med-deg-pa-utvekslingsaret","status":"publish","type":"page","link":"https:\/\/www.sts-education.com\/no\/high-school\/for-aret-i-utlandet\/10-ting-du-bor-ta-med-deg-pa-utvekslingsaret\/","title":{"rendered":"10 Ting Du Bor Ta Med Deg Pa Utvekslingsaret"},"content":{"rendered":"\n<section class=\"wp-block-sts-hero sts-block-hero is-variant-full-background has-text-light has-background-media\" style=\"--sts-hero-padding-mobile:0px;--sts-hero-padding-desktop:0px;--sts-hero-text-color:var(--wp--preset--color--base-10, #fff);\" data-variant=\"full-background\"><div class=\"sts-block-hero__background\"><picture class=\"sts-responsive-image has-fit-cover is-skeleton\"><img src=\"https:\/\/cdn.sts-education.com\/11090_hero_lg_xl.jpg\" alt=\"10 ting du b\u00f8r ta med deg p\u00e5 utvekslings\u00e5ret\" loading=\"lazy\" decoding=\"async\" fetchpriority=\"low\" sizes=\"100vw\" \/><\/picture><span class=\"sts-block-hero__overlay\" aria-hidden=\"true\"><\/span><\/div><div class=\"sts-block-hero__inner\"><div class=\"sts-block-hero__content has-align-center\"><div class=\"sts-block-hero__content-inner\"><h1 class=\"sts-block-hero__heading\">10 ting du b\u00f8r ta med deg p\u00e5 utvekslings\u00e5ret<\/h1><\/div><\/div><\/div><\/section>\n\n\n\n<div class=\"wp-block-sts-text sts-text-editor has-max-width-md\"><div class=\"sts-text-editor__content\"><div class=\"sts-text-editor__content-inner\">\n<p>Tenk p\u00e5 \u00e5 pakke s\u00e5 lett som mulig. Du kommer til \u00e5 samle p\u00e5 deg mange nye ting i l\u00f8pet av et \u00e5r borte, og du vil sannsynligvis \u00f8nske \u00e5 ta med deg alt hjem igjen. Men noen f\u00e5 ting som kan v\u00e6re greit \u00e5 ha med seg er:<\/p>\n\n<ol><li>Pass, eventuelle vaksinasjonsattester og visum<\/li>\n<li>Telefon, hodetelefoner og eventuelt kamera<\/li>\n<li>Datamaskin<\/li>\n<li>Lader og adapter hvis vertslandet har andre stikkontakter enn du har hjemme.<\/li>\n<li>Reseptbelagte medisiner<\/li>\n<li>Hygieneartikler for den f\u00f8rste tiden i landet<\/li>\n<li>Hvis du har briller, b\u00f8r du ta med deg et ekstra par.<\/li>\n<li>Kl\u00e6r &#8211; skal du bruke uniform p\u00e5 skolen, eller er det andre kleskoder du m\u00e5 ta hensyn til? Husk ogs\u00e5 at du kommer til \u00e5 kj\u00f8pe mye kl\u00e6r p\u00e5 stedet.<\/li>\n<li>Yndlingstingen din som du ikke vil v\u00e6re foruten<\/li>\n<li>En liten gave til vertsfamilien din. Det trenger ikke \u00e5 v\u00e6re noe stort eller overd\u00e5dig. Favorittgodteriet ditt eller en kokebok med oppskrifter fra landet ditt er en fin gave!<\/li><\/ol>\n\n<p>N\u00e5r du kommer i kontakt med vertsfamilien din, kan du gjerne be dem om tips ogs\u00e5!<\/p>\n<\/div><\/div><\/div>\n\n","protected":false},"excerpt":{"rendered":"","protected":false},"author":20,"featured_media":15877,"parent":10868,"menu_order":0,"comment_status":"closed","ping_status":"closed","template":"","meta":{"_acf_changed":false,"sts_page_background_color":"","footnotes":""},"wpw_page_folders":[80],"class_list":["post-10892","page","type-page","status-publish","has-post-thumbnail","hentry"],"acf":[],"yoast_head":"<!-- This site is optimized with the Yoast SEO Premium plugin v27.2 (Yoast SEO v27.3) - https:\/\/yoast.com\/product\/yoast-seo-premium-wordpress\/ -->\n<title>10 ting du b\u00f8r ta med deg p\u00e5 utvekslings\u00e5ret<\/title>\n<meta name=\"description\" content=\"Det er mye \u00e5 tenke p\u00e5 f\u00f8r du reiser til utvekslings\u00e5ret ditt. Her er 10 ting du b\u00f8r ta med deg.\" \/>\n<meta name=\"robots\" content=\"index, follow, max-snippet:-1, max-image-preview:large, max-video-preview:-1\" \/>\n<link rel=\"canonical\" href=\"https:\/\/www.sts-education.com\/no\/high-school\/for-aret-i-utlandet\/10-ting-du-bor-ta-med-deg-pa-utvekslingsaret\/\" \/>\n<meta property=\"og:locale\" content=\"nb_NO\" \/>\n<meta property=\"og:type\" content=\"article\" \/>\n<meta property=\"og:title\" content=\"10 Ting Du Bor Ta Med Deg Pa Utvekslingsaret\" \/>\n<meta property=\"og:description\" content=\"Det er mye \u00e5 tenke p\u00e5 f\u00f8r du reiser til utvekslings\u00e5ret ditt. Her er 10 ting du b\u00f8r ta med deg.\" \/>\n<meta property=\"og:url\" content=\"https:\/\/www.sts-education.com\/no\/high-school\/for-aret-i-utlandet\/10-ting-du-bor-ta-med-deg-pa-utvekslingsaret\/\" \/>\n<meta property=\"og:site_name\" content=\"STS Education\" \/>\n<meta property=\"article:modified_time\" content=\"2026-04-01T01:26:38+00:00\" \/>\n<meta property=\"og:image\" content=\"https:\/\/powered-by.qbank.se\/educatius\/sts\/\/85617c1aa79c47e1a5a41ee38a7b25bd_1-1-thumb.webp\" \/>\n\t<meta property=\"og:image:width\" content=\"150\" \/>\n\t<meta property=\"og:image:height\" content=\"150\" \/>\n\t<meta property=\"og:image:type\" content=\"image\/jpeg\" \/>\n<meta name=\"twitter:card\" content=\"summary_large_image\" \/>\n<meta name=\"twitter:label1\" content=\"Ansl. lesetid\" \/>\n\t<meta name=\"twitter:data1\" content=\"1 minutt\" \/>\n<script type=\"application\/ld+json\" class=\"yoast-schema-graph\">{\"@context\":\"https:\\\/\\\/schema.org\",\"@graph\":[{\"@type\":\"WebPage\",\"@id\":\"https:\\\/\\\/www.sts-education.com\\\/no\\\/high-school\\\/for-aret-i-utlandet\\\/10-ting-du-bor-ta-med-deg-pa-utvekslingsaret\\\/\",\"url\":\"https:\\\/\\\/www.sts-education.com\\\/no\\\/high-school\\\/for-aret-i-utlandet\\\/10-ting-du-bor-ta-med-deg-pa-utvekslingsaret\\\/\",\"name\":\"10 ting du b\u00f8r ta med deg p\u00e5 utvekslings\u00e5ret\",\"isPartOf\":{\"@id\":\"https:\\\/\\\/www.sts-education.com\\\/no\\\/#website\"},\"primaryImageOfPage\":{\"@id\":\"https:\\\/\\\/www.sts-education.com\\\/no\\\/high-school\\\/for-aret-i-utlandet\\\/10-ting-du-bor-ta-med-deg-pa-utvekslingsaret\\\/#primaryimage\"},\"image\":{\"@id\":\"https:\\\/\\\/www.sts-education.com\\\/no\\\/high-school\\\/for-aret-i-utlandet\\\/10-ting-du-bor-ta-med-deg-pa-utvekslingsaret\\\/#primaryimage\"},\"thumbnailUrl\":\"https:\\\/\\\/powered-by.qbank.se\\\/educatius\\\/sts\\\/\\\/85617c1aa79c47e1a5a41ee38a7b25bd_1-1-thumb.webp\",\"datePublished\":\"2025-12-16T10:09:44+00:00\",\"dateModified\":\"2026-04-01T01:26:38+00:00\",\"description\":\"Det er mye \u00e5 tenke p\u00e5 f\u00f8r du reiser til utvekslings\u00e5ret ditt. Her er 10 ting du b\u00f8r ta med deg.\",\"breadcrumb\":{\"@id\":\"https:\\\/\\\/www.sts-education.com\\\/no\\\/high-school\\\/for-aret-i-utlandet\\\/10-ting-du-bor-ta-med-deg-pa-utvekslingsaret\\\/#breadcrumb\"},\"inLanguage\":\"nb-NO\",\"potentialAction\":[{\"@type\":\"ReadAction\",\"target\":[\"https:\\\/\\\/www.sts-education.com\\\/no\\\/high-school\\\/for-aret-i-utlandet\\\/10-ting-du-bor-ta-med-deg-pa-utvekslingsaret\\\/\"]}]},{\"@type\":\"ImageObject\",\"inLanguage\":\"nb-NO\",\"@id\":\"https:\\\/\\\/www.sts-education.com\\\/no\\\/high-school\\\/for-aret-i-utlandet\\\/10-ting-du-bor-ta-med-deg-pa-utvekslingsaret\\\/#primaryimage\",\"url\":\"https:\\\/\\\/powered-by.qbank.se\\\/educatius\\\/sts\\\/\\\/85617c1aa79c47e1a5a41ee38a7b25bd_1-1-thumb.webp\",\"contentUrl\":\"https:\\\/\\\/powered-by.qbank.se\\\/educatius\\\/sts\\\/\\\/85617c1aa79c47e1a5a41ee38a7b25bd_1-1-thumb.webp\",\"width\":150,\"height\":150},{\"@type\":\"BreadcrumbList\",\"@id\":\"https:\\\/\\\/www.sts-education.com\\\/no\\\/high-school\\\/for-aret-i-utlandet\\\/10-ting-du-bor-ta-med-deg-pa-utvekslingsaret\\\/#breadcrumb\",\"itemListElement\":[{\"@type\":\"ListItem\",\"position\":1,\"name\":\"Home\",\"item\":\"https:\\\/\\\/www.sts-education.com\\\/no\\\/\"},{\"@type\":\"ListItem\",\"position\":2,\"name\":\"High school\",\"item\":\"https:\\\/\\\/www.sts-education.com\\\/no\\\/high-school\\\/\"},{\"@type\":\"ListItem\",\"position\":3,\"name\":\"For Aret I Utlandet\",\"item\":\"https:\\\/\\\/www.sts-education.com\\\/no\\\/high-school\\\/for-aret-i-utlandet\\\/\"},{\"@type\":\"ListItem\",\"position\":4,\"name\":\"10 Ting Du Bor Ta Med Deg Pa Utvekslingsaret\"}]},{\"@type\":\"WebSite\",\"@id\":\"https:\\\/\\\/www.sts-education.com\\\/no\\\/#website\",\"url\":\"https:\\\/\\\/www.sts-education.com\\\/no\\\/\",\"name\":\"STS Education\",\"description\":\"\",\"potentialAction\":[{\"@type\":\"SearchAction\",\"target\":{\"@type\":\"EntryPoint\",\"urlTemplate\":\"https:\\\/\\\/www.sts-education.com\\\/no\\\/?s={search_term_string}\"},\"query-input\":{\"@type\":\"PropertyValueSpecification\",\"valueRequired\":true,\"valueName\":\"search_term_string\"}}],\"inLanguage\":\"nb-NO\"}]}<\/script>\n<!-- \/ Yoast SEO Premium plugin. -->","yoast_head_json":{"title":"10 ting du b\u00f8r ta med deg p\u00e5 utvekslings\u00e5ret","description":"Det er mye \u00e5 tenke p\u00e5 f\u00f8r du reiser til utvekslings\u00e5ret ditt. Her er 10 ting du b\u00f8r ta med deg.","robots":{"index":"index","follow":"follow","max-snippet":"max-snippet:-1","max-image-preview":"max-image-preview:large","max-video-preview":"max-video-preview:-1"},"canonical":"https:\/\/www.sts-education.com\/no\/high-school\/for-aret-i-utlandet\/10-ting-du-bor-ta-med-deg-pa-utvekslingsaret\/","og_locale":"nb_NO","og_type":"article","og_title":"10 Ting Du Bor Ta Med Deg Pa Utvekslingsaret","og_description":"Det er mye \u00e5 tenke p\u00e5 f\u00f8r du reiser til utvekslings\u00e5ret ditt. Her er 10 ting du b\u00f8r ta med deg.","og_url":"https:\/\/www.sts-education.com\/no\/high-school\/for-aret-i-utlandet\/10-ting-du-bor-ta-med-deg-pa-utvekslingsaret\/","og_site_name":"STS Education","article_modified_time":"2026-04-01T01:26:38+00:00","og_image":[{"width":150,"height":150,"url":"https:\/\/powered-by.qbank.se\/educatius\/sts\/\/85617c1aa79c47e1a5a41ee38a7b25bd_1-1-thumb.webp","type":"image\/jpeg"}],"twitter_card":"summary_large_image","twitter_misc":{"Ansl. lesetid":"1 minutt"},"schema":{"@context":"https:\/\/schema.org","@graph":[{"@type":"WebPage","@id":"https:\/\/www.sts-education.com\/no\/high-school\/for-aret-i-utlandet\/10-ting-du-bor-ta-med-deg-pa-utvekslingsaret\/","url":"https:\/\/www.sts-education.com\/no\/high-school\/for-aret-i-utlandet\/10-ting-du-bor-ta-med-deg-pa-utvekslingsaret\/","name":"10 ting du b\u00f8r ta med deg p\u00e5 utvekslings\u00e5ret","isPartOf":{"@id":"https:\/\/www.sts-education.com\/no\/#website"},"primaryImageOfPage":{"@id":"https:\/\/www.sts-education.com\/no\/high-school\/for-aret-i-utlandet\/10-ting-du-bor-ta-med-deg-pa-utvekslingsaret\/#primaryimage"},"image":{"@id":"https:\/\/www.sts-education.com\/no\/high-school\/for-aret-i-utlandet\/10-ting-du-bor-ta-med-deg-pa-utvekslingsaret\/#primaryimage"},"thumbnailUrl":"https:\/\/powered-by.qbank.se\/educatius\/sts\/\/85617c1aa79c47e1a5a41ee38a7b25bd_1-1-thumb.webp","datePublished":"2025-12-16T10:09:44+00:00","dateModified":"2026-04-01T01:26:38+00:00","description":"Det er mye \u00e5 tenke p\u00e5 f\u00f8r du reiser til utvekslings\u00e5ret ditt. Her er 10 ting du b\u00f8r ta med deg.","breadcrumb":{"@id":"https:\/\/www.sts-education.com\/no\/high-school\/for-aret-i-utlandet\/10-ting-du-bor-ta-med-deg-pa-utvekslingsaret\/#breadcrumb"},"inLanguage":"nb-NO","potentialAction":[{"@type":"ReadAction","target":["https:\/\/www.sts-education.com\/no\/high-school\/for-aret-i-utlandet\/10-ting-du-bor-ta-med-deg-pa-utvekslingsaret\/"]}]},{"@type":"ImageObject","inLanguage":"nb-NO","@id":"https:\/\/www.sts-education.com\/no\/high-school\/for-aret-i-utlandet\/10-ting-du-bor-ta-med-deg-pa-utvekslingsaret\/#primaryimage","url":"https:\/\/powered-by.qbank.se\/educatius\/sts\/\/85617c1aa79c47e1a5a41ee38a7b25bd_1-1-thumb.webp","contentUrl":"https:\/\/powered-by.qbank.se\/educatius\/sts\/\/85617c1aa79c47e1a5a41ee38a7b25bd_1-1-thumb.webp","width":150,"height":150},{"@type":"BreadcrumbList","@id":"https:\/\/www.sts-education.com\/no\/high-school\/for-aret-i-utlandet\/10-ting-du-bor-ta-med-deg-pa-utvekslingsaret\/#breadcrumb","itemListElement":[{"@type":"ListItem","position":1,"name":"Home","item":"https:\/\/www.sts-education.com\/no\/"},{"@type":"ListItem","position":2,"name":"High school","item":"https:\/\/www.sts-education.com\/no\/high-school\/"},{"@type":"ListItem","position":3,"name":"For Aret I Utlandet","item":"https:\/\/www.sts-education.com\/no\/high-school\/for-aret-i-utlandet\/"},{"@type":"ListItem","position":4,"name":"10 Ting Du Bor Ta Med Deg Pa Utvekslingsaret"}]},{"@type":"WebSite","@id":"https:\/\/www.sts-education.com\/no\/#website","url":"https:\/\/www.sts-education.com\/no\/","name":"STS Education","description":"","potentialAction":[{"@type":"SearchAction","target":{"@type":"EntryPoint","urlTemplate":"https:\/\/www.sts-education.com\/no\/?s={search_term_string}"},"query-input":{"@type":"PropertyValueSpecification","valueRequired":true,"valueName":"search_term_string"}}],"inLanguage":"nb-NO"}]}},"_links":{"self":[{"href":"https:\/\/www.sts-education.com\/no\/wp-json\/wp\/v2\/pages\/10892","targetHints":{"allow":["GET"]}}],"collection":[{"href":"https:\/\/www.sts-education.com\/no\/wp-json\/wp\/v2\/pages"}],"about":[{"href":"https:\/\/www.sts-education.com\/no\/wp-json\/wp\/v2\/types\/page"}],"author":[{"embeddable":true,"href":"https:\/\/www.sts-education.com\/no\/wp-json\/wp\/v2\/users\/20"}],"replies":[{"embeddable":true,"href":"https:\/\/www.sts-education.com\/no\/wp-json\/wp\/v2\/comments?post=10892"}],"version-history":[{"count":2,"href":"https:\/\/www.sts-education.com\/no\/wp-json\/wp\/v2\/pages\/10892\/revisions"}],"predecessor-version":[{"id":20090,"href":"https:\/\/www.sts-education.com\/no\/wp-json\/wp\/v2\/pages\/10892\/revisions\/20090"}],"up":[{"embeddable":true,"href":"https:\/\/www.sts-education.com\/no\/wp-json\/wp\/v2\/pages\/10868"}],"wp:featuredmedia":[{"embeddable":true,"href":"https:\/\/www.sts-education.com\/no\/wp-json\/wp\/v2\/media\/15877"}],"wp:attachment":[{"href":"https:\/\/www.sts-education.com\/no\/wp-json\/wp\/v2\/media?parent=10892"}],"wp:term":[{"taxonomy":"wpw_page_folders","embeddable":true,"href":"https:\/\/www.sts-education.com\/no\/wp-json\/wp\/v2\/wpw_page_folders?post=10892"}],"curies":[{"name":"wp","href":"https:\/\/api.w.org\/{rel}","templated":true}]}}