{"id":10893,"date":"2025-12-16T10:08:36","date_gmt":"2025-12-16T10:08:36","guid":{"rendered":"https:\/\/preprod.sts-education.com\/high-school\/for-aret-i-utlandet\/forbered-deg-med-vare-sprakkurs\/"},"modified":"2026-04-14T09:56:53","modified_gmt":"2026-04-14T09:56:53","slug":"forbered-deg-med-vare-sprakkurs","status":"publish","type":"page","link":"https:\/\/www.sts-education.com\/no\/high-school\/for-aret-i-utlandet\/forbered-deg-med-vare-sprakkurs\/","title":{"rendered":"Forbered Deg Med Vare Sprakkurs"},"content":{"rendered":"\n<section class=\"wp-block-sts-hero sts-block-hero is-variant-full-background has-text-light has-background-media\" style=\"--sts-hero-padding-mobile:0px;--sts-hero-padding-desktop:0px;--sts-hero-text-color:var(--wp--preset--color--base-10, #fff);\" data-variant=\"full-background\"><div class=\"sts-block-hero__background\"><picture class=\"sts-responsive-image has-fit-cover is-skeleton\"><img src=\"https:\/\/cdn.sts-education.com\/13655_hero_lg_xl.jpg\" alt=\"Forbered deg med et spr\u00e5kkurs!\" loading=\"lazy\" decoding=\"async\" fetchpriority=\"low\" sizes=\"100vw\" \/><\/picture><span class=\"sts-block-hero__overlay\" aria-hidden=\"true\"><\/span><\/div><div class=\"sts-block-hero__inner\"><div class=\"sts-block-hero__content has-align-center\"><div class=\"sts-block-hero__content-inner\"><h1 class=\"sts-block-hero__heading\">Forbered deg med et spr\u00e5kkurs!<\/h1><\/div><\/div><\/div><\/section>\n\n\n\n<div class=\"wp-block-sts-text sts-text-editor has-max-width-md\"><div class=\"sts-text-editor__content\"><div class=\"sts-text-editor__content-inner\">\n<p>Skal du p\u00e5 utvekslings\u00e5r til et engelsk-, spansk-, tysk- eller italiensktalende land? Forbered deg med v\u00e5rt digitale spr\u00e5kkurs! Det vil hjelpe deg med \u00e5 mestre spr\u00e5ket n\u00e5r du f\u00f8rst er der, og gj\u00f8re det lettere \u00e5 forst\u00e5 hva dine nye venner, vertsfamilie og l\u00e6rere sier fra f\u00f8rste stund.<\/p>\n\n<h2>I disse kursene l\u00e6rer du<\/h2>\n\n<ul><li>I sm\u00e5 klasser p\u00e5 nettet. Du vil ha de samme klassekameratene og l\u00e6reren gjennom hele kurset.<\/li>\n<li>Funksjonelt spr\u00e5k for hverdagssituasjoner du vil m\u00f8te i l\u00f8pet av ditt \u00e5r i utlandet.<\/li>\n<li>Culture Corners \u2014 interaktive sesjoner som utforsker tradisjonene og hverdagslivet i destinasjonslandet.<\/li><\/ul>\n\n<p>Sesjonene gir deg en dypere forst\u00e5else av det lokale livet, noe som gj\u00f8r \u00e5ret ditt i utlandet b\u00e5de spr\u00e5klig berikende og kulturelt meningsfullt.<\/p>\n\n<p>Du vil ogs\u00e5 motta et deltakerbevis ved slutten av kurset!<\/p>\n\n<h2>Startdato og timer<\/h2>\n\n<p><strong>Engelsk<\/strong> (se <a href=\"https:\/\/www.sts-education.com\/no\/high-school\/destinasjoner\/nord-amerika\/usa\/#tilvalg\">pris<\/a>)<\/p>\n\n<p>Kurset er tilgjengelig p\u00e5 flere ulike niv\u00e5er, omfatter 35 timer og starter flere ganger i l\u00f8pet av \u00e5ret.<\/p>\n\n<p><strong>Spansk, tysk, italiensk, fransk<\/strong><\/p>\n\n<p>Kursene er tilgjengelige p\u00e5 forskjellige niv\u00e5er, omfatter 15 timer med studier og starter vanligvis i april.<\/p>\n\n<p><a href=\"https:\/\/www.sts-education.com\/no\/high-school\/destinasjoner\/europa\/spania\/#tillegg\">Pris for spansk kurs<\/a><\/p>\n\n<p><a href=\"https:\/\/www.sts-education.com\/no\/high-school\/destinasjoner\/europa\/tyskland\/#tilvalg\">Pris for tysk kurs<\/a><\/p>\n\n<p><a href=\"https:\/\/www.sts-education.com\/no\/high-school\/destinasjoner\/europa\/italia\/#tillegg\">Pris for italiensk kurs<\/a><\/p>\n\n<p><a href=\"https:\/\/www.sts-education.com\/no\/high-school\/destinasjoner\/europa\/frankrike\/#tillegg\">Pris for fransk kurs<\/a><\/p>\n\n<p><a href=\"https:\/\/www.sts-education.com\/no\/om-sts\/kontakt-oss\/\">Kontakt oss<\/a> for \u00e5 h\u00f8re mer.<\/p>\n<\/div><\/div><\/div>\n","protected":false},"excerpt":{"rendered":"","protected":false},"author":20,"featured_media":0,"parent":10868,"menu_order":0,"comment_status":"closed","ping_status":"closed","template":"templates\/template-default-with-breadcrumbs.php","meta":{"_acf_changed":false,"sts_page_background_color":"","footnotes":""},"wpw_page_folders":[80],"class_list":["post-10893","page","type-page","status-publish","hentry"],"acf":[],"yoast_head":"<!-- This site is optimized with the Yoast SEO Premium plugin v27.2 (Yoast SEO v27.3) - https:\/\/yoast.com\/product\/yoast-seo-premium-wordpress\/ -->\n<title>Forbered deg med et spr\u00e5kkurs!<\/title>\n<meta name=\"description\" content=\"Skal du p\u00e5 utvekslings\u00e5r til et engelsk-, spansk-, tysk- eller italiensktalende land? Forbered deg med v\u00e5rt digitale spr\u00e5kkurs!\" \/>\n<meta name=\"robots\" content=\"index, follow, max-snippet:-1, max-image-preview:large, max-video-preview:-1\" \/>\n<link rel=\"canonical\" href=\"https:\/\/www.sts-education.com\/no\/high-school\/for-aret-i-utlandet\/forbered-deg-med-vare-sprakkurs\/\" \/>\n<meta property=\"og:locale\" content=\"nb_NO\" \/>\n<meta property=\"og:type\" content=\"article\" \/>\n<meta property=\"og:title\" content=\"Forbered Deg Med Vare Sprakkurs\" \/>\n<meta property=\"og:description\" content=\"Skal du p\u00e5 utvekslings\u00e5r til et engelsk-, spansk-, tysk- eller italiensktalende land? Forbered deg med v\u00e5rt digitale spr\u00e5kkurs!\" \/>\n<meta property=\"og:url\" content=\"https:\/\/www.sts-education.com\/no\/high-school\/for-aret-i-utlandet\/forbered-deg-med-vare-sprakkurs\/\" \/>\n<meta property=\"og:site_name\" content=\"STS Education\" \/>\n<meta property=\"article:modified_time\" content=\"2026-04-14T09:56:53+00:00\" \/>\n<meta property=\"og:image\" content=\"https:\/\/cdn.sts-education.com\/13655_hero_lg_xl.jpg\" \/>\n<meta name=\"twitter:card\" content=\"summary_large_image\" \/>\n<meta name=\"twitter:label1\" content=\"Ansl. lesetid\" \/>\n\t<meta name=\"twitter:data1\" content=\"1 minutt\" \/>\n<script type=\"application\/ld+json\" class=\"yoast-schema-graph\">{\"@context\":\"https:\\\/\\\/schema.org\",\"@graph\":[{\"@type\":\"WebPage\",\"@id\":\"https:\\\/\\\/www.sts-education.com\\\/no\\\/high-school\\\/for-aret-i-utlandet\\\/forbered-deg-med-vare-sprakkurs\\\/\",\"url\":\"https:\\\/\\\/www.sts-education.com\\\/no\\\/high-school\\\/for-aret-i-utlandet\\\/forbered-deg-med-vare-sprakkurs\\\/\",\"name\":\"Forbered deg med et spr\u00e5kkurs!\",\"isPartOf\":{\"@id\":\"https:\\\/\\\/www.sts-education.com\\\/no\\\/#website\"},\"primaryImageOfPage\":{\"@id\":\"https:\\\/\\\/www.sts-education.com\\\/no\\\/high-school\\\/for-aret-i-utlandet\\\/forbered-deg-med-vare-sprakkurs\\\/#primaryimage\"},\"image\":{\"@id\":\"https:\\\/\\\/www.sts-education.com\\\/no\\\/high-school\\\/for-aret-i-utlandet\\\/forbered-deg-med-vare-sprakkurs\\\/#primaryimage\"},\"thumbnailUrl\":\"https:\\\/\\\/cdn.sts-education.com\\\/13655_hero_lg_xl.jpg\",\"datePublished\":\"2025-12-16T10:08:36+00:00\",\"dateModified\":\"2026-04-14T09:56:53+00:00\",\"description\":\"Skal du p\u00e5 utvekslings\u00e5r til et engelsk-, spansk-, tysk- eller italiensktalende land? Forbered deg med v\u00e5rt digitale spr\u00e5kkurs!\",\"breadcrumb\":{\"@id\":\"https:\\\/\\\/www.sts-education.com\\\/no\\\/high-school\\\/for-aret-i-utlandet\\\/forbered-deg-med-vare-sprakkurs\\\/#breadcrumb\"},\"inLanguage\":\"nb-NO\",\"potentialAction\":[{\"@type\":\"ReadAction\",\"target\":[\"https:\\\/\\\/www.sts-education.com\\\/no\\\/high-school\\\/for-aret-i-utlandet\\\/forbered-deg-med-vare-sprakkurs\\\/\"]}]},{\"@type\":\"ImageObject\",\"inLanguage\":\"nb-NO\",\"@id\":\"https:\\\/\\\/www.sts-education.com\\\/no\\\/high-school\\\/for-aret-i-utlandet\\\/forbered-deg-med-vare-sprakkurs\\\/#primaryimage\",\"url\":\"https:\\\/\\\/cdn.sts-education.com\\\/13655_hero_lg_xl.jpg\",\"contentUrl\":\"https:\\\/\\\/cdn.sts-education.com\\\/13655_hero_lg_xl.jpg\"},{\"@type\":\"BreadcrumbList\",\"@id\":\"https:\\\/\\\/www.sts-education.com\\\/no\\\/high-school\\\/for-aret-i-utlandet\\\/forbered-deg-med-vare-sprakkurs\\\/#breadcrumb\",\"itemListElement\":[{\"@type\":\"ListItem\",\"position\":1,\"name\":\"Home\",\"item\":\"https:\\\/\\\/www.sts-education.com\\\/no\\\/\"},{\"@type\":\"ListItem\",\"position\":2,\"name\":\"High school\",\"item\":\"https:\\\/\\\/www.sts-education.com\\\/no\\\/high-school\\\/\"},{\"@type\":\"ListItem\",\"position\":3,\"name\":\"For Aret I Utlandet\",\"item\":\"https:\\\/\\\/www.sts-education.com\\\/no\\\/high-school\\\/for-aret-i-utlandet\\\/\"},{\"@type\":\"ListItem\",\"position\":4,\"name\":\"Forbered Deg Med Vare Sprakkurs\"}]},{\"@type\":\"WebSite\",\"@id\":\"https:\\\/\\\/www.sts-education.com\\\/no\\\/#website\",\"url\":\"https:\\\/\\\/www.sts-education.com\\\/no\\\/\",\"name\":\"STS Education\",\"description\":\"\",\"potentialAction\":[{\"@type\":\"SearchAction\",\"target\":{\"@type\":\"EntryPoint\",\"urlTemplate\":\"https:\\\/\\\/www.sts-education.com\\\/no\\\/?s={search_term_string}\"},\"query-input\":{\"@type\":\"PropertyValueSpecification\",\"valueRequired\":true,\"valueName\":\"search_term_string\"}}],\"inLanguage\":\"nb-NO\"}]}<\/script>\n<!-- \/ Yoast SEO Premium plugin. -->","yoast_head_json":{"title":"Forbered deg med et spr\u00e5kkurs!","description":"Skal du p\u00e5 utvekslings\u00e5r til et engelsk-, spansk-, tysk- eller italiensktalende land? Forbered deg med v\u00e5rt digitale spr\u00e5kkurs!","robots":{"index":"index","follow":"follow","max-snippet":"max-snippet:-1","max-image-preview":"max-image-preview:large","max-video-preview":"max-video-preview:-1"},"canonical":"https:\/\/www.sts-education.com\/no\/high-school\/for-aret-i-utlandet\/forbered-deg-med-vare-sprakkurs\/","og_locale":"nb_NO","og_type":"article","og_title":"Forbered Deg Med Vare Sprakkurs","og_description":"Skal du p\u00e5 utvekslings\u00e5r til et engelsk-, spansk-, tysk- eller italiensktalende land? Forbered deg med v\u00e5rt digitale spr\u00e5kkurs!","og_url":"https:\/\/www.sts-education.com\/no\/high-school\/for-aret-i-utlandet\/forbered-deg-med-vare-sprakkurs\/","og_site_name":"STS Education","article_modified_time":"2026-04-14T09:56:53+00:00","og_image":[{"url":"https:\/\/cdn.sts-education.com\/13655_hero_lg_xl.jpg","type":"","width":"","height":""}],"twitter_card":"summary_large_image","twitter_misc":{"Ansl. lesetid":"1 minutt"},"schema":{"@context":"https:\/\/schema.org","@graph":[{"@type":"WebPage","@id":"https:\/\/www.sts-education.com\/no\/high-school\/for-aret-i-utlandet\/forbered-deg-med-vare-sprakkurs\/","url":"https:\/\/www.sts-education.com\/no\/high-school\/for-aret-i-utlandet\/forbered-deg-med-vare-sprakkurs\/","name":"Forbered deg med et spr\u00e5kkurs!","isPartOf":{"@id":"https:\/\/www.sts-education.com\/no\/#website"},"primaryImageOfPage":{"@id":"https:\/\/www.sts-education.com\/no\/high-school\/for-aret-i-utlandet\/forbered-deg-med-vare-sprakkurs\/#primaryimage"},"image":{"@id":"https:\/\/www.sts-education.com\/no\/high-school\/for-aret-i-utlandet\/forbered-deg-med-vare-sprakkurs\/#primaryimage"},"thumbnailUrl":"https:\/\/cdn.sts-education.com\/13655_hero_lg_xl.jpg","datePublished":"2025-12-16T10:08:36+00:00","dateModified":"2026-04-14T09:56:53+00:00","description":"Skal du p\u00e5 utvekslings\u00e5r til et engelsk-, spansk-, tysk- eller italiensktalende land? Forbered deg med v\u00e5rt digitale spr\u00e5kkurs!","breadcrumb":{"@id":"https:\/\/www.sts-education.com\/no\/high-school\/for-aret-i-utlandet\/forbered-deg-med-vare-sprakkurs\/#breadcrumb"},"inLanguage":"nb-NO","potentialAction":[{"@type":"ReadAction","target":["https:\/\/www.sts-education.com\/no\/high-school\/for-aret-i-utlandet\/forbered-deg-med-vare-sprakkurs\/"]}]},{"@type":"ImageObject","inLanguage":"nb-NO","@id":"https:\/\/www.sts-education.com\/no\/high-school\/for-aret-i-utlandet\/forbered-deg-med-vare-sprakkurs\/#primaryimage","url":"https:\/\/cdn.sts-education.com\/13655_hero_lg_xl.jpg","contentUrl":"https:\/\/cdn.sts-education.com\/13655_hero_lg_xl.jpg"},{"@type":"BreadcrumbList","@id":"https:\/\/www.sts-education.com\/no\/high-school\/for-aret-i-utlandet\/forbered-deg-med-vare-sprakkurs\/#breadcrumb","itemListElement":[{"@type":"ListItem","position":1,"name":"Home","item":"https:\/\/www.sts-education.com\/no\/"},{"@type":"ListItem","position":2,"name":"High school","item":"https:\/\/www.sts-education.com\/no\/high-school\/"},{"@type":"ListItem","position":3,"name":"For Aret I Utlandet","item":"https:\/\/www.sts-education.com\/no\/high-school\/for-aret-i-utlandet\/"},{"@type":"ListItem","position":4,"name":"Forbered Deg Med Vare Sprakkurs"}]},{"@type":"WebSite","@id":"https:\/\/www.sts-education.com\/no\/#website","url":"https:\/\/www.sts-education.com\/no\/","name":"STS Education","description":"","potentialAction":[{"@type":"SearchAction","target":{"@type":"EntryPoint","urlTemplate":"https:\/\/www.sts-education.com\/no\/?s={search_term_string}"},"query-input":{"@type":"PropertyValueSpecification","valueRequired":true,"valueName":"search_term_string"}}],"inLanguage":"nb-NO"}]}},"_links":{"self":[{"href":"https:\/\/www.sts-education.com\/no\/wp-json\/wp\/v2\/pages\/10893","targetHints":{"allow":["GET"]}}],"collection":[{"href":"https:\/\/www.sts-education.com\/no\/wp-json\/wp\/v2\/pages"}],"about":[{"href":"https:\/\/www.sts-education.com\/no\/wp-json\/wp\/v2\/types\/page"}],"author":[{"embeddable":true,"href":"https:\/\/www.sts-education.com\/no\/wp-json\/wp\/v2\/users\/20"}],"replies":[{"embeddable":true,"href":"https:\/\/www.sts-education.com\/no\/wp-json\/wp\/v2\/comments?post=10893"}],"version-history":[{"count":4,"href":"https:\/\/www.sts-education.com\/no\/wp-json\/wp\/v2\/pages\/10893\/revisions"}],"predecessor-version":[{"id":33401,"href":"https:\/\/www.sts-education.com\/no\/wp-json\/wp\/v2\/pages\/10893\/revisions\/33401"}],"up":[{"embeddable":true,"href":"https:\/\/www.sts-education.com\/no\/wp-json\/wp\/v2\/pages\/10868"}],"wp:attachment":[{"href":"https:\/\/www.sts-education.com\/no\/wp-json\/wp\/v2\/media?parent=10893"}],"wp:term":[{"taxonomy":"wpw_page_folders","embeddable":true,"href":"https:\/\/www.sts-education.com\/no\/wp-json\/wp\/v2\/wpw_page_folders?post=10893"}],"curies":[{"name":"wp","href":"https:\/\/api.w.org\/{rel}","templated":true}]}}