{"id":10895,"date":"2025-12-16T10:06:08","date_gmt":"2025-12-16T10:06:08","guid":{"rendered":"https:\/\/preprod.sts-education.com\/high-school\/for-aret-i-utlandet\/hvem-kan-soke\/"},"modified":"2026-04-14T09:56:56","modified_gmt":"2026-04-14T09:56:56","slug":"hvem-kan-soke","status":"publish","type":"page","link":"https:\/\/www.sts-education.com\/no\/high-school\/for-aret-i-utlandet\/hvem-kan-soke\/","title":{"rendered":"Hvem Kan Soke"},"content":{"rendered":"\n<section class=\"wp-block-sts-hero sts-block-hero is-variant-full-background has-text-light has-background-media\" style=\"--sts-hero-padding-mobile:0px;--sts-hero-padding-desktop:0px;--sts-hero-text-color:var(--wp--preset--color--base-10, #fff);\" data-variant=\"full-background\"><div class=\"sts-block-hero__background\"><picture class=\"sts-responsive-image has-fit-cover is-skeleton\"><img src=\"https:\/\/cdn.sts-education.com\/12638_hero_lg_xl.jpg\" alt=\"Hvem kan dra p\u00e5 et utvekslings\u00e5r?\" loading=\"lazy\" decoding=\"async\" fetchpriority=\"low\" sizes=\"100vw\" \/><\/picture><span class=\"sts-block-hero__overlay\" aria-hidden=\"true\"><\/span><\/div><div class=\"sts-block-hero__inner\"><div class=\"sts-block-hero__content has-align-center\"><div class=\"sts-block-hero__content-inner\"><h1 class=\"sts-block-hero__heading\">Hvem kan dra p\u00e5 et utvekslings\u00e5r?<\/h1><\/div><\/div><\/div><\/section>\n\n\n\n<div class=\"wp-block-sts-text sts-text-editor has-max-width-md\"><div class=\"sts-text-editor__content\"><div class=\"sts-text-editor__content-inner\">\n<p>Et \u00e5r i utlandet som utvekslingselev byr p\u00e5 unike muligheter. Det viktigste er at du er nysgjerrig og har et \u00e5pent sinn. Du vil f\u00e5 massevis av utrolige nye opplevelser som du ikke ville f\u00e5tt hjemme.<\/p>\n\n<p>Allergier eller sykdommer trenger ikke \u00e5 v\u00e6re en hindring, men det er viktig at du forteller om dem til oss, slik at vi kan finne en familie og en skole som im\u00f8tekommer dine behov. Husk ogs\u00e5 at noen land krever at reisende dit tar visse typer vaksiner.<\/p>\n\n<h2>Hva er aldersgrensene for et utvekslings\u00e5r?<\/h2>\n\n<p>For \u00e5 dra p\u00e5 utvekslings\u00e5r i l\u00f8pet av videreg\u00e5ende skole m\u00e5 du v\u00e6re mellom 14 og 18 \u00e5r n\u00e5r du starter p\u00e5 utvekslings\u00e5ret, men dette kan variere avhengig av skolesystemet i de ulike landene. Du finner mer informasjon p\u00e5 sidene for landet du er interessert i. Husk at det kan p\u00e5l\u00f8pe ekstra avgifter dersom du har fylt 18.<\/p>\n\n<h2>Hvilke spr\u00e5kferdigheter trenger jeg for \u00e5 dra p\u00e5 utvekslings\u00e5r?<\/h2>\n\n<p>Grunnleggende engelsk er forutsatt p\u00e5 alle v\u00e5re destinasjoner. Det betyr at du b\u00f8r kunne snakke, forst\u00e5, lese og skrive grunnleggende engelsk. I ikke-engelskspr\u00e5klige land kan det v\u00e6re andre krav. Du finner all n\u00f8dvendig informasjon om dette p\u00e5 sidene for landet du er interessert i.<\/p>\n\n<p>Du m\u00e5 ogs\u00e5 best\u00e5 intervjuet med oss, og noen av v\u00e5re destinasjoner krever en ekstra onlinetest eller et Skype-intervju.<\/p>\n\n<p>Skal du p\u00e5 utvekslings\u00e5r til et engelsk-, spansk-, tysk- eller italiensktalende land og vil \u00f8ve dine spr\u00e5kkunnskaper litt ekstra f\u00f8r du drar? Forbered deg med v\u00e5rt <a href=\"https:\/\/www.sts-education.com\/no\/high-school\/for-aret-i-utlandet\/forbered-deg-med-vare-sprakkurs\/\">digitale spr\u00e5kkurs<\/a>!<\/p>\n\n<h2>Hvilke karakterer trenger jeg for et utvekslings\u00e5r p\u00e5 videreg\u00e5ende skole?<\/h2>\n\n<p>For \u00e5 bli akseptert m\u00e5 du ha minst best\u00e5tt i alle fag, og du m\u00e5 ha v\u00e6rt fulltidselev i \u00e5ret som gikk f\u00f8r avreise. Hvis du har lavere karakter enn best\u00e5tt i noen fag, kan du kontakte oss for en individuell vurdering. Vi \u00f8nsker alltid \u00e5 gj\u00f8re alt vi kan for at s\u00e5 mange som mulig skal kunne ta et \u00e5r som utvekslingselev.<\/p>\n\n<p><a href=\"https:\/\/www.sts-education.com\/no\/om-sts\/kontakt-oss\/\">Sp\u00f8rsm\u00e5l? Ta kontakt med oss!<\/a><\/p>\n<\/div><\/div><\/div>\n","protected":false},"excerpt":{"rendered":"","protected":false},"author":20,"featured_media":15884,"parent":10868,"menu_order":0,"comment_status":"closed","ping_status":"closed","template":"templates\/template-default-with-breadcrumbs.php","meta":{"_acf_changed":false,"sts_page_background_color":"","footnotes":""},"wpw_page_folders":[80],"class_list":["post-10895","page","type-page","status-publish","has-post-thumbnail","hentry"],"acf":[],"yoast_head":"<!-- This site is optimized with the Yoast SEO Premium plugin v27.2 (Yoast SEO v27.3) - https:\/\/yoast.com\/product\/yoast-seo-premium-wordpress\/ -->\n<title>Hvem kan s\u00f8ke om et \u00e5r som utvekslingselev?<\/title>\n<meta name=\"description\" content=\"De fleste kan ta et utenlandsopphold som dette. Allergier eller sykdommer trenger ikke \u00e5 v\u00e6re en hindring. Det viktigste er at du er nysgjerrig og har et \u00e5pent sinn.\" \/>\n<meta name=\"robots\" content=\"index, follow, max-snippet:-1, max-image-preview:large, max-video-preview:-1\" \/>\n<link rel=\"canonical\" href=\"https:\/\/www.sts-education.com\/no\/high-school\/for-aret-i-utlandet\/hvem-kan-soke\/\" \/>\n<meta property=\"og:locale\" content=\"nb_NO\" \/>\n<meta property=\"og:type\" content=\"article\" \/>\n<meta property=\"og:title\" content=\"Hvem Kan Soke\" \/>\n<meta property=\"og:description\" content=\"De fleste kan ta et utenlandsopphold som dette. Allergier eller sykdommer trenger ikke \u00e5 v\u00e6re en hindring. Det viktigste er at du er nysgjerrig og har et \u00e5pent sinn.\" \/>\n<meta property=\"og:url\" content=\"https:\/\/www.sts-education.com\/no\/high-school\/for-aret-i-utlandet\/hvem-kan-soke\/\" \/>\n<meta property=\"og:site_name\" content=\"STS Education\" \/>\n<meta property=\"article:modified_time\" content=\"2026-04-14T09:56:56+00:00\" \/>\n<meta property=\"og:image\" content=\"https:\/\/powered-by.qbank.se\/educatius\/sts\/\/654adcd0696a9cfff110373a8858629b_1-1-thumb.webp\" \/>\n\t<meta property=\"og:image:width\" content=\"150\" \/>\n\t<meta property=\"og:image:height\" content=\"150\" \/>\n\t<meta property=\"og:image:type\" content=\"image\/jpeg\" \/>\n<meta name=\"twitter:card\" content=\"summary_large_image\" \/>\n<meta name=\"twitter:label1\" content=\"Ansl. lesetid\" \/>\n\t<meta name=\"twitter:data1\" content=\"2 minutter\" \/>\n<script type=\"application\/ld+json\" class=\"yoast-schema-graph\">{\"@context\":\"https:\\\/\\\/schema.org\",\"@graph\":[{\"@type\":\"WebPage\",\"@id\":\"https:\\\/\\\/www.sts-education.com\\\/no\\\/high-school\\\/for-aret-i-utlandet\\\/hvem-kan-soke\\\/\",\"url\":\"https:\\\/\\\/www.sts-education.com\\\/no\\\/high-school\\\/for-aret-i-utlandet\\\/hvem-kan-soke\\\/\",\"name\":\"Hvem kan s\u00f8ke om et \u00e5r som utvekslingselev?\",\"isPartOf\":{\"@id\":\"https:\\\/\\\/www.sts-education.com\\\/no\\\/#website\"},\"primaryImageOfPage\":{\"@id\":\"https:\\\/\\\/www.sts-education.com\\\/no\\\/high-school\\\/for-aret-i-utlandet\\\/hvem-kan-soke\\\/#primaryimage\"},\"image\":{\"@id\":\"https:\\\/\\\/www.sts-education.com\\\/no\\\/high-school\\\/for-aret-i-utlandet\\\/hvem-kan-soke\\\/#primaryimage\"},\"thumbnailUrl\":\"https:\\\/\\\/powered-by.qbank.se\\\/educatius\\\/sts\\\/\\\/654adcd0696a9cfff110373a8858629b_1-1-thumb.webp\",\"datePublished\":\"2025-12-16T10:06:08+00:00\",\"dateModified\":\"2026-04-14T09:56:56+00:00\",\"description\":\"De fleste kan ta et utenlandsopphold som dette. Allergier eller sykdommer trenger ikke \u00e5 v\u00e6re en hindring. Det viktigste er at du er nysgjerrig og har et \u00e5pent sinn.\",\"breadcrumb\":{\"@id\":\"https:\\\/\\\/www.sts-education.com\\\/no\\\/high-school\\\/for-aret-i-utlandet\\\/hvem-kan-soke\\\/#breadcrumb\"},\"inLanguage\":\"nb-NO\",\"potentialAction\":[{\"@type\":\"ReadAction\",\"target\":[\"https:\\\/\\\/www.sts-education.com\\\/no\\\/high-school\\\/for-aret-i-utlandet\\\/hvem-kan-soke\\\/\"]}]},{\"@type\":\"ImageObject\",\"inLanguage\":\"nb-NO\",\"@id\":\"https:\\\/\\\/www.sts-education.com\\\/no\\\/high-school\\\/for-aret-i-utlandet\\\/hvem-kan-soke\\\/#primaryimage\",\"url\":\"https:\\\/\\\/powered-by.qbank.se\\\/educatius\\\/sts\\\/\\\/654adcd0696a9cfff110373a8858629b_1-1-thumb.webp\",\"contentUrl\":\"https:\\\/\\\/powered-by.qbank.se\\\/educatius\\\/sts\\\/\\\/654adcd0696a9cfff110373a8858629b_1-1-thumb.webp\",\"width\":150,\"height\":150},{\"@type\":\"BreadcrumbList\",\"@id\":\"https:\\\/\\\/www.sts-education.com\\\/no\\\/high-school\\\/for-aret-i-utlandet\\\/hvem-kan-soke\\\/#breadcrumb\",\"itemListElement\":[{\"@type\":\"ListItem\",\"position\":1,\"name\":\"Home\",\"item\":\"https:\\\/\\\/www.sts-education.com\\\/no\\\/\"},{\"@type\":\"ListItem\",\"position\":2,\"name\":\"High school\",\"item\":\"https:\\\/\\\/www.sts-education.com\\\/no\\\/high-school\\\/\"},{\"@type\":\"ListItem\",\"position\":3,\"name\":\"For Aret I Utlandet\",\"item\":\"https:\\\/\\\/www.sts-education.com\\\/no\\\/high-school\\\/for-aret-i-utlandet\\\/\"},{\"@type\":\"ListItem\",\"position\":4,\"name\":\"Hvem Kan Soke\"}]},{\"@type\":\"WebSite\",\"@id\":\"https:\\\/\\\/www.sts-education.com\\\/no\\\/#website\",\"url\":\"https:\\\/\\\/www.sts-education.com\\\/no\\\/\",\"name\":\"STS Education\",\"description\":\"\",\"potentialAction\":[{\"@type\":\"SearchAction\",\"target\":{\"@type\":\"EntryPoint\",\"urlTemplate\":\"https:\\\/\\\/www.sts-education.com\\\/no\\\/?s={search_term_string}\"},\"query-input\":{\"@type\":\"PropertyValueSpecification\",\"valueRequired\":true,\"valueName\":\"search_term_string\"}}],\"inLanguage\":\"nb-NO\"}]}<\/script>\n<!-- \/ Yoast SEO Premium plugin. -->","yoast_head_json":{"title":"Hvem kan s\u00f8ke om et \u00e5r som utvekslingselev?","description":"De fleste kan ta et utenlandsopphold som dette. Allergier eller sykdommer trenger ikke \u00e5 v\u00e6re en hindring. Det viktigste er at du er nysgjerrig og har et \u00e5pent sinn.","robots":{"index":"index","follow":"follow","max-snippet":"max-snippet:-1","max-image-preview":"max-image-preview:large","max-video-preview":"max-video-preview:-1"},"canonical":"https:\/\/www.sts-education.com\/no\/high-school\/for-aret-i-utlandet\/hvem-kan-soke\/","og_locale":"nb_NO","og_type":"article","og_title":"Hvem Kan Soke","og_description":"De fleste kan ta et utenlandsopphold som dette. Allergier eller sykdommer trenger ikke \u00e5 v\u00e6re en hindring. Det viktigste er at du er nysgjerrig og har et \u00e5pent sinn.","og_url":"https:\/\/www.sts-education.com\/no\/high-school\/for-aret-i-utlandet\/hvem-kan-soke\/","og_site_name":"STS Education","article_modified_time":"2026-04-14T09:56:56+00:00","og_image":[{"width":150,"height":150,"url":"https:\/\/powered-by.qbank.se\/educatius\/sts\/\/654adcd0696a9cfff110373a8858629b_1-1-thumb.webp","type":"image\/jpeg"}],"twitter_card":"summary_large_image","twitter_misc":{"Ansl. lesetid":"2 minutter"},"schema":{"@context":"https:\/\/schema.org","@graph":[{"@type":"WebPage","@id":"https:\/\/www.sts-education.com\/no\/high-school\/for-aret-i-utlandet\/hvem-kan-soke\/","url":"https:\/\/www.sts-education.com\/no\/high-school\/for-aret-i-utlandet\/hvem-kan-soke\/","name":"Hvem kan s\u00f8ke om et \u00e5r som utvekslingselev?","isPartOf":{"@id":"https:\/\/www.sts-education.com\/no\/#website"},"primaryImageOfPage":{"@id":"https:\/\/www.sts-education.com\/no\/high-school\/for-aret-i-utlandet\/hvem-kan-soke\/#primaryimage"},"image":{"@id":"https:\/\/www.sts-education.com\/no\/high-school\/for-aret-i-utlandet\/hvem-kan-soke\/#primaryimage"},"thumbnailUrl":"https:\/\/powered-by.qbank.se\/educatius\/sts\/\/654adcd0696a9cfff110373a8858629b_1-1-thumb.webp","datePublished":"2025-12-16T10:06:08+00:00","dateModified":"2026-04-14T09:56:56+00:00","description":"De fleste kan ta et utenlandsopphold som dette. Allergier eller sykdommer trenger ikke \u00e5 v\u00e6re en hindring. Det viktigste er at du er nysgjerrig og har et \u00e5pent sinn.","breadcrumb":{"@id":"https:\/\/www.sts-education.com\/no\/high-school\/for-aret-i-utlandet\/hvem-kan-soke\/#breadcrumb"},"inLanguage":"nb-NO","potentialAction":[{"@type":"ReadAction","target":["https:\/\/www.sts-education.com\/no\/high-school\/for-aret-i-utlandet\/hvem-kan-soke\/"]}]},{"@type":"ImageObject","inLanguage":"nb-NO","@id":"https:\/\/www.sts-education.com\/no\/high-school\/for-aret-i-utlandet\/hvem-kan-soke\/#primaryimage","url":"https:\/\/powered-by.qbank.se\/educatius\/sts\/\/654adcd0696a9cfff110373a8858629b_1-1-thumb.webp","contentUrl":"https:\/\/powered-by.qbank.se\/educatius\/sts\/\/654adcd0696a9cfff110373a8858629b_1-1-thumb.webp","width":150,"height":150},{"@type":"BreadcrumbList","@id":"https:\/\/www.sts-education.com\/no\/high-school\/for-aret-i-utlandet\/hvem-kan-soke\/#breadcrumb","itemListElement":[{"@type":"ListItem","position":1,"name":"Home","item":"https:\/\/www.sts-education.com\/no\/"},{"@type":"ListItem","position":2,"name":"High school","item":"https:\/\/www.sts-education.com\/no\/high-school\/"},{"@type":"ListItem","position":3,"name":"For Aret I Utlandet","item":"https:\/\/www.sts-education.com\/no\/high-school\/for-aret-i-utlandet\/"},{"@type":"ListItem","position":4,"name":"Hvem Kan Soke"}]},{"@type":"WebSite","@id":"https:\/\/www.sts-education.com\/no\/#website","url":"https:\/\/www.sts-education.com\/no\/","name":"STS Education","description":"","potentialAction":[{"@type":"SearchAction","target":{"@type":"EntryPoint","urlTemplate":"https:\/\/www.sts-education.com\/no\/?s={search_term_string}"},"query-input":{"@type":"PropertyValueSpecification","valueRequired":true,"valueName":"search_term_string"}}],"inLanguage":"nb-NO"}]}},"_links":{"self":[{"href":"https:\/\/www.sts-education.com\/no\/wp-json\/wp\/v2\/pages\/10895","targetHints":{"allow":["GET"]}}],"collection":[{"href":"https:\/\/www.sts-education.com\/no\/wp-json\/wp\/v2\/pages"}],"about":[{"href":"https:\/\/www.sts-education.com\/no\/wp-json\/wp\/v2\/types\/page"}],"author":[{"embeddable":true,"href":"https:\/\/www.sts-education.com\/no\/wp-json\/wp\/v2\/users\/20"}],"replies":[{"embeddable":true,"href":"https:\/\/www.sts-education.com\/no\/wp-json\/wp\/v2\/comments?post=10895"}],"version-history":[{"count":4,"href":"https:\/\/www.sts-education.com\/no\/wp-json\/wp\/v2\/pages\/10895\/revisions"}],"predecessor-version":[{"id":33403,"href":"https:\/\/www.sts-education.com\/no\/wp-json\/wp\/v2\/pages\/10895\/revisions\/33403"}],"up":[{"embeddable":true,"href":"https:\/\/www.sts-education.com\/no\/wp-json\/wp\/v2\/pages\/10868"}],"wp:featuredmedia":[{"embeddable":true,"href":"https:\/\/www.sts-education.com\/no\/wp-json\/wp\/v2\/media\/15884"}],"wp:attachment":[{"href":"https:\/\/www.sts-education.com\/no\/wp-json\/wp\/v2\/media?parent=10895"}],"wp:term":[{"taxonomy":"wpw_page_folders","embeddable":true,"href":"https:\/\/www.sts-education.com\/no\/wp-json\/wp\/v2\/wpw_page_folders?post=10895"}],"curies":[{"name":"wp","href":"https:\/\/api.w.org\/{rel}","templated":true}]}}