{"id":10896,"date":"2025-12-16T10:07:29","date_gmt":"2025-12-16T10:07:29","guid":{"rendered":"https:\/\/preprod.sts-education.com\/high-school\/for-aret-i-utlandet\/mot-oss\/"},"modified":"2026-04-02T14:26:29","modified_gmt":"2026-04-02T14:26:29","slug":"mot-oss","status":"publish","type":"page","link":"https:\/\/www.sts-education.com\/no\/high-school\/for-aret-i-utlandet\/mot-oss\/","title":{"rendered":"Mot Oss"},"content":{"rendered":"\n<section class=\"wp-block-sts-hero sts-block-hero sts-block-hero is-variant-full-background has-text-light has-background-media\" style=\"--sts-hero-padding-mobile:0px;--sts-hero-padding-desktop:0px;--sts-hero-text-color:var(--wp--preset--color--base-10, #fff)\" data-variant=\"full-background\"><div class=\"sts-block-hero__background\"><picture class=\"sts-responsive-image has-pos-center is-skeleton\"><img src=\"https:\/\/cdn.sts-education.com\/13768_hero_lg_xl.jpg\" alt=\"Alt du trenger \u00e5 vite\" loading=\"lazy\" decoding=\"async\" fetchpriority=\"low\" sizes=\"(max-width: 640px) max(100vw, calc(clamp(320px, 100vh, 720px) * 9 \/ 16)), (max-width: 840px) max(100vw, calc(clamp(320px, 100vh, 720px) * 1 \/ 1)), max(100vw, calc(clamp(320px, 100vh, 720px) * 16 \/ 9))\" style=\"object-position:center\"\/><\/picture><span class=\"sts-block-hero__overlay\" aria-hidden=\"true\"><\/span><\/div><div class=\"sts-block-hero__inner\"><div class=\"sts-block-hero__content has-align-center\"><div class=\"sts-block-hero__content-inner\"><h1 class=\"sts-block-hero__heading\">Alt du trenger \u00e5 vite<\/h1><\/div><\/div><\/div><\/section>\n\n\n\n<div class=\"wp-block-sts-text sts-text-editor has-max-width-md\"><div class=\"sts-text-editor__content\"><div class=\"sts-text-editor__content-inner\">\n<p>Vurderer du \u00e5 ta et \u00e5r i utlandet som utvekslingselev? Da b\u00f8r du delta p\u00e5 et webinar. Under webinaret forteller v\u00e5re eksperter deg alt om \u00e5 g\u00e5 p\u00e5 skole i utlandet, om STS, om hvordan det er \u00e5 bo i en vertsfamilie, hvilke land du kan velge mellom, og hvorfor et utenlandsopphold kan bli din st\u00f8rste opplevelse noensinne!<\/p>\n<h2>M\u00f8t oss<\/h2>\n<p>P\u00e5 v\u00e5re webinar f\u00e5r du ikke bare m\u00f8te STS-ansatte, men ogs\u00e5 tidligere utvekslingselever. Iblant deltar ogs\u00e5 representanter fra skoler i land hvor vi har programmer. Her forteller vi deg selvf\u00f8lgelig alt om s\u00f8knadsprosessen og besvarer eventuelle sp\u00f8rsm\u00e5l du m\u00e5tte ha.<\/p>\n<p>Det er en god id\u00e9 \u00e5 ta med foreldrene dine. Venner og s\u00f8sken er ogs\u00e5 velkommen. Webinaret er selvsagt kostnadsfritt.<\/p>\n<h2>Har du sp\u00f8rsm\u00e5l som ikke kan vente?<\/h2>\n<p>Har du sp\u00f8rsm\u00e5l som du trenger svar p\u00e5 umiddelbart? Da er det bare \u00e5 kontakte oss! V\u00e5re high school-eksperter er her for \u00e5 gi deg svar p\u00e5 alt du lurer p\u00e5. N\u00f8l ikke med \u00e5 ringe oss p\u00e5 <a href=\"tel:+47%2023%2035%2088%2050\">+47 23 35 88 50<\/a> eller sende en e-post til <a href=\"mailto:support@sts-education.no\">support@sts-education.no<\/a><\/p>\n<p>Og husk: Dette kan v\u00e6re starten p\u00e5 ditt livs st\u00f8rste eventyr!<\/p>\n<h3>Kommende datoer:<\/h3>\n<\/div><\/div><\/div>\n\n\n<div class=\"sts-block-cards sts-block-cards--listing is-empty has-max-width-md wp-block-sts-cards\"><\/div>","protected":false},"excerpt":{"rendered":"","protected":false},"author":20,"featured_media":15887,"parent":10868,"menu_order":0,"comment_status":"closed","ping_status":"closed","template":"templates\/template-default-with-breadcrumbs.php","meta":{"_acf_changed":false,"sts_page_background_color":"","footnotes":""},"wpw_page_folders":[80],"class_list":["post-10896","page","type-page","status-publish","has-post-thumbnail","hentry"],"acf":[],"yoast_head":"<!-- This site is optimized with the Yoast SEO Premium plugin v27.2 (Yoast SEO v27.3) - https:\/\/yoast.com\/product\/yoast-seo-premium-wordpress\/ -->\n<title>M\u00f8t oss<\/title>\n<meta name=\"description\" content=\"M\u00f8t oss p\u00e5 et webinar for \u00e5 f\u00e5 all den informasjonen du trenger for \u00e5 starte p\u00e5 ditt livs eventyr!\" \/>\n<meta name=\"robots\" content=\"index, follow, max-snippet:-1, max-image-preview:large, max-video-preview:-1\" \/>\n<link rel=\"canonical\" href=\"https:\/\/www.sts-education.com\/no\/high-school\/for-aret-i-utlandet\/mot-oss\/\" \/>\n<meta property=\"og:locale\" content=\"nb_NO\" \/>\n<meta property=\"og:type\" content=\"article\" \/>\n<meta property=\"og:title\" content=\"Mot Oss\" \/>\n<meta property=\"og:description\" content=\"M\u00f8t oss p\u00e5 et webinar for \u00e5 f\u00e5 all den informasjonen du trenger for \u00e5 starte p\u00e5 ditt livs eventyr!\" \/>\n<meta property=\"og:url\" content=\"https:\/\/www.sts-education.com\/no\/high-school\/for-aret-i-utlandet\/mot-oss\/\" \/>\n<meta property=\"og:site_name\" content=\"STS Education\" \/>\n<meta property=\"article:modified_time\" content=\"2026-04-02T14:26:29+00:00\" \/>\n<meta property=\"og:image\" content=\"https:\/\/powered-by.qbank.se\/educatius\/sts\/\/ea90a4812ed10cb09ee7c1ba94498d70_1-1-thumb.webp\" \/>\n\t<meta property=\"og:image:width\" content=\"150\" \/>\n\t<meta property=\"og:image:height\" content=\"150\" \/>\n\t<meta property=\"og:image:type\" content=\"image\/jpeg\" \/>\n<meta name=\"twitter:card\" content=\"summary_large_image\" \/>\n<meta name=\"twitter:label1\" content=\"Ansl. lesetid\" \/>\n\t<meta name=\"twitter:data1\" content=\"2 minutter\" \/>\n<script type=\"application\/ld+json\" class=\"yoast-schema-graph\">{\"@context\":\"https:\\\/\\\/schema.org\",\"@graph\":[{\"@type\":\"WebPage\",\"@id\":\"https:\\\/\\\/www.sts-education.com\\\/no\\\/high-school\\\/for-aret-i-utlandet\\\/mot-oss\\\/\",\"url\":\"https:\\\/\\\/www.sts-education.com\\\/no\\\/high-school\\\/for-aret-i-utlandet\\\/mot-oss\\\/\",\"name\":\"M\u00f8t oss\",\"isPartOf\":{\"@id\":\"https:\\\/\\\/www.sts-education.com\\\/no\\\/#website\"},\"primaryImageOfPage\":{\"@id\":\"https:\\\/\\\/www.sts-education.com\\\/no\\\/high-school\\\/for-aret-i-utlandet\\\/mot-oss\\\/#primaryimage\"},\"image\":{\"@id\":\"https:\\\/\\\/www.sts-education.com\\\/no\\\/high-school\\\/for-aret-i-utlandet\\\/mot-oss\\\/#primaryimage\"},\"thumbnailUrl\":\"https:\\\/\\\/powered-by.qbank.se\\\/educatius\\\/sts\\\/\\\/ea90a4812ed10cb09ee7c1ba94498d70_1-1-thumb.webp\",\"datePublished\":\"2025-12-16T10:07:29+00:00\",\"dateModified\":\"2026-04-02T14:26:29+00:00\",\"description\":\"M\u00f8t oss p\u00e5 et webinar for \u00e5 f\u00e5 all den informasjonen du trenger for \u00e5 starte p\u00e5 ditt livs eventyr!\",\"breadcrumb\":{\"@id\":\"https:\\\/\\\/www.sts-education.com\\\/no\\\/high-school\\\/for-aret-i-utlandet\\\/mot-oss\\\/#breadcrumb\"},\"inLanguage\":\"nb-NO\",\"potentialAction\":[{\"@type\":\"ReadAction\",\"target\":[\"https:\\\/\\\/www.sts-education.com\\\/no\\\/high-school\\\/for-aret-i-utlandet\\\/mot-oss\\\/\"]}]},{\"@type\":\"ImageObject\",\"inLanguage\":\"nb-NO\",\"@id\":\"https:\\\/\\\/www.sts-education.com\\\/no\\\/high-school\\\/for-aret-i-utlandet\\\/mot-oss\\\/#primaryimage\",\"url\":\"https:\\\/\\\/powered-by.qbank.se\\\/educatius\\\/sts\\\/\\\/ea90a4812ed10cb09ee7c1ba94498d70_1-1-thumb.webp\",\"contentUrl\":\"https:\\\/\\\/powered-by.qbank.se\\\/educatius\\\/sts\\\/\\\/ea90a4812ed10cb09ee7c1ba94498d70_1-1-thumb.webp\",\"width\":150,\"height\":150},{\"@type\":\"BreadcrumbList\",\"@id\":\"https:\\\/\\\/www.sts-education.com\\\/no\\\/high-school\\\/for-aret-i-utlandet\\\/mot-oss\\\/#breadcrumb\",\"itemListElement\":[{\"@type\":\"ListItem\",\"position\":1,\"name\":\"Home\",\"item\":\"https:\\\/\\\/www.sts-education.com\\\/no\\\/\"},{\"@type\":\"ListItem\",\"position\":2,\"name\":\"High school\",\"item\":\"https:\\\/\\\/www.sts-education.com\\\/no\\\/high-school\\\/\"},{\"@type\":\"ListItem\",\"position\":3,\"name\":\"For Aret I Utlandet\",\"item\":\"https:\\\/\\\/www.sts-education.com\\\/no\\\/high-school\\\/for-aret-i-utlandet\\\/\"},{\"@type\":\"ListItem\",\"position\":4,\"name\":\"Mot Oss\"}]},{\"@type\":\"WebSite\",\"@id\":\"https:\\\/\\\/www.sts-education.com\\\/no\\\/#website\",\"url\":\"https:\\\/\\\/www.sts-education.com\\\/no\\\/\",\"name\":\"STS Education\",\"description\":\"\",\"potentialAction\":[{\"@type\":\"SearchAction\",\"target\":{\"@type\":\"EntryPoint\",\"urlTemplate\":\"https:\\\/\\\/www.sts-education.com\\\/no\\\/?s={search_term_string}\"},\"query-input\":{\"@type\":\"PropertyValueSpecification\",\"valueRequired\":true,\"valueName\":\"search_term_string\"}}],\"inLanguage\":\"nb-NO\"}]}<\/script>\n<!-- \/ Yoast SEO Premium plugin. -->","yoast_head_json":{"title":"M\u00f8t oss","description":"M\u00f8t oss p\u00e5 et webinar for \u00e5 f\u00e5 all den informasjonen du trenger for \u00e5 starte p\u00e5 ditt livs eventyr!","robots":{"index":"index","follow":"follow","max-snippet":"max-snippet:-1","max-image-preview":"max-image-preview:large","max-video-preview":"max-video-preview:-1"},"canonical":"https:\/\/www.sts-education.com\/no\/high-school\/for-aret-i-utlandet\/mot-oss\/","og_locale":"nb_NO","og_type":"article","og_title":"Mot Oss","og_description":"M\u00f8t oss p\u00e5 et webinar for \u00e5 f\u00e5 all den informasjonen du trenger for \u00e5 starte p\u00e5 ditt livs eventyr!","og_url":"https:\/\/www.sts-education.com\/no\/high-school\/for-aret-i-utlandet\/mot-oss\/","og_site_name":"STS Education","article_modified_time":"2026-04-02T14:26:29+00:00","og_image":[{"width":150,"height":150,"url":"https:\/\/powered-by.qbank.se\/educatius\/sts\/\/ea90a4812ed10cb09ee7c1ba94498d70_1-1-thumb.webp","type":"image\/jpeg"}],"twitter_card":"summary_large_image","twitter_misc":{"Ansl. lesetid":"2 minutter"},"schema":{"@context":"https:\/\/schema.org","@graph":[{"@type":"WebPage","@id":"https:\/\/www.sts-education.com\/no\/high-school\/for-aret-i-utlandet\/mot-oss\/","url":"https:\/\/www.sts-education.com\/no\/high-school\/for-aret-i-utlandet\/mot-oss\/","name":"M\u00f8t oss","isPartOf":{"@id":"https:\/\/www.sts-education.com\/no\/#website"},"primaryImageOfPage":{"@id":"https:\/\/www.sts-education.com\/no\/high-school\/for-aret-i-utlandet\/mot-oss\/#primaryimage"},"image":{"@id":"https:\/\/www.sts-education.com\/no\/high-school\/for-aret-i-utlandet\/mot-oss\/#primaryimage"},"thumbnailUrl":"https:\/\/powered-by.qbank.se\/educatius\/sts\/\/ea90a4812ed10cb09ee7c1ba94498d70_1-1-thumb.webp","datePublished":"2025-12-16T10:07:29+00:00","dateModified":"2026-04-02T14:26:29+00:00","description":"M\u00f8t oss p\u00e5 et webinar for \u00e5 f\u00e5 all den informasjonen du trenger for \u00e5 starte p\u00e5 ditt livs eventyr!","breadcrumb":{"@id":"https:\/\/www.sts-education.com\/no\/high-school\/for-aret-i-utlandet\/mot-oss\/#breadcrumb"},"inLanguage":"nb-NO","potentialAction":[{"@type":"ReadAction","target":["https:\/\/www.sts-education.com\/no\/high-school\/for-aret-i-utlandet\/mot-oss\/"]}]},{"@type":"ImageObject","inLanguage":"nb-NO","@id":"https:\/\/www.sts-education.com\/no\/high-school\/for-aret-i-utlandet\/mot-oss\/#primaryimage","url":"https:\/\/powered-by.qbank.se\/educatius\/sts\/\/ea90a4812ed10cb09ee7c1ba94498d70_1-1-thumb.webp","contentUrl":"https:\/\/powered-by.qbank.se\/educatius\/sts\/\/ea90a4812ed10cb09ee7c1ba94498d70_1-1-thumb.webp","width":150,"height":150},{"@type":"BreadcrumbList","@id":"https:\/\/www.sts-education.com\/no\/high-school\/for-aret-i-utlandet\/mot-oss\/#breadcrumb","itemListElement":[{"@type":"ListItem","position":1,"name":"Home","item":"https:\/\/www.sts-education.com\/no\/"},{"@type":"ListItem","position":2,"name":"High school","item":"https:\/\/www.sts-education.com\/no\/high-school\/"},{"@type":"ListItem","position":3,"name":"For Aret I Utlandet","item":"https:\/\/www.sts-education.com\/no\/high-school\/for-aret-i-utlandet\/"},{"@type":"ListItem","position":4,"name":"Mot Oss"}]},{"@type":"WebSite","@id":"https:\/\/www.sts-education.com\/no\/#website","url":"https:\/\/www.sts-education.com\/no\/","name":"STS Education","description":"","potentialAction":[{"@type":"SearchAction","target":{"@type":"EntryPoint","urlTemplate":"https:\/\/www.sts-education.com\/no\/?s={search_term_string}"},"query-input":{"@type":"PropertyValueSpecification","valueRequired":true,"valueName":"search_term_string"}}],"inLanguage":"nb-NO"}]}},"_links":{"self":[{"href":"https:\/\/www.sts-education.com\/no\/wp-json\/wp\/v2\/pages\/10896","targetHints":{"allow":["GET"]}}],"collection":[{"href":"https:\/\/www.sts-education.com\/no\/wp-json\/wp\/v2\/pages"}],"about":[{"href":"https:\/\/www.sts-education.com\/no\/wp-json\/wp\/v2\/types\/page"}],"author":[{"embeddable":true,"href":"https:\/\/www.sts-education.com\/no\/wp-json\/wp\/v2\/users\/20"}],"replies":[{"embeddable":true,"href":"https:\/\/www.sts-education.com\/no\/wp-json\/wp\/v2\/comments?post=10896"}],"version-history":[{"count":3,"href":"https:\/\/www.sts-education.com\/no\/wp-json\/wp\/v2\/pages\/10896\/revisions"}],"predecessor-version":[{"id":27673,"href":"https:\/\/www.sts-education.com\/no\/wp-json\/wp\/v2\/pages\/10896\/revisions\/27673"}],"up":[{"embeddable":true,"href":"https:\/\/www.sts-education.com\/no\/wp-json\/wp\/v2\/pages\/10868"}],"wp:featuredmedia":[{"embeddable":true,"href":"https:\/\/www.sts-education.com\/no\/wp-json\/wp\/v2\/media\/15887"}],"wp:attachment":[{"href":"https:\/\/www.sts-education.com\/no\/wp-json\/wp\/v2\/media?parent=10896"}],"wp:term":[{"taxonomy":"wpw_page_folders","embeddable":true,"href":"https:\/\/www.sts-education.com\/no\/wp-json\/wp\/v2\/wpw_page_folders?post=10896"}],"curies":[{"name":"wp","href":"https:\/\/api.w.org\/{rel}","templated":true}]}}