{"id":10897,"date":"2025-12-16T10:07:58","date_gmt":"2025-12-16T10:07:58","guid":{"rendered":"https:\/\/preprod.sts-education.com\/high-school\/for-aret-i-utlandet\/velg-hvor-og-hvordan-du-vil-ga-pa-skole\/"},"modified":"2026-04-14T09:56:55","modified_gmt":"2026-04-14T09:56:55","slug":"velg-hvor-og-hvordan-du-vil-ga-pa-skole","status":"publish","type":"page","link":"https:\/\/www.sts-education.com\/no\/high-school\/for-aret-i-utlandet\/velg-hvor-og-hvordan-du-vil-ga-pa-skole\/","title":{"rendered":"Velg Hvor Og Hvordan Du Vil Ga Pa Skole"},"content":{"rendered":"\n<section class=\"wp-block-sts-hero sts-block-hero is-variant-full-background has-text-light has-background-media\" style=\"--sts-hero-padding-mobile:0px;--sts-hero-padding-desktop:0px;--sts-hero-text-color:var(--wp--preset--color--base-10, #fff);\" data-variant=\"full-background\"><div class=\"sts-block-hero__background\"><picture class=\"sts-responsive-image has-fit-cover is-skeleton\"><img src=\"https:\/\/cdn.sts-education.com\/12561_hero_lg_xl.jpg\" alt=\"Velg mellom Classic og Select\" loading=\"lazy\" decoding=\"async\" fetchpriority=\"low\" sizes=\"100vw\" \/><\/picture><span class=\"sts-block-hero__overlay\" aria-hidden=\"true\"><\/span><\/div><div class=\"sts-block-hero__inner\"><div class=\"sts-block-hero__content has-align-center\"><div class=\"sts-block-hero__content-inner\"><h1 class=\"sts-block-hero__heading\">Velg mellom Classic og Select<\/h1><\/div><\/div><\/div><\/section>\n\n\n\n<div class=\"wp-block-sts-text sts-text-editor has-max-width-md\"><div class=\"sts-text-editor__content\"><div class=\"sts-text-editor__content-inner\">\n<p>Et \u00e5r i utlandet er et springbrett til \u00e5 n\u00e5 ditt fulle potensial \u2013 fremtiden er i dine hender. \u00c5 ta et \u00e5r p\u00e5 high school i utlandet som ten\u00e5ring er utrolig givende, og de som har gjort det, sier ofte etterp\u00e5 at det var det beste \u00e5ret i livet deres.<\/p>\n\n<p><strong>STS High School Classic<\/strong> er det tradisjonelle utvekslingsprogrammet p\u00e5 high school-niv\u00e5. De fleste av v\u00e5re elever velger dette. Det er det perfekte programmet for deg som vil ha en autentisk high school-opplevelse i utlandet. Her blir du plassert hos en vertsfamilie i det landet du har valgt, og du blir umiddelbart en del av familien \u2013 som ganske fort vil f\u00f8les som din egen reservefamilie. Du g\u00e5r p\u00e5 en lokal high school hvor du m\u00f8ter og stifter b\u00e5nd med andre som bor i omr\u00e5det. Skolene tar godt imot v\u00e5re utvekslingselever, s\u00e5 du kommer raskt til \u00e5 f\u00f8le deg hjemme p\u00e5 skolen. P\u00e5 noen av v\u00e5re destinasjoner kan du be om \u00e5 komme til et bestemt omr\u00e5de eller en bestemt stat mot en ekstra avgift. Les mer om hva som gjelder for hver enkelt destinasjon.<\/p>\n\n<p>For noen av v\u00e5re utvekslingselever er det viktig \u00e5 ta et bestemt fag eller drive med en bestemt idrett. I s\u00e5 fall tilbyr vi et program kalt STS <strong>High School Select<\/strong>. Dette betyr ofte at du g\u00e5r p\u00e5 en privatskole og at du betaler en ekstra programavgift. Her kan du bestemme selv hvilken by du vil bo i, og som regel kan du ogs\u00e5 velge akkurat hvilken skole du skal g\u00e5 p\u00e5. Dette er viktig om du \u00f8nsker \u00e5 ta et bestemt fag, drive med en bestemt idrett eller spille et bestemt instrument i l\u00f8pet av utenlandsoppholdet. Dette programmet er tilgjengelig i <a href=\"https:\/\/www.sts-education.com\/no\/high-school\/destinasjoner\/nord-amerika\/usa\/\">USA<\/a>, <a href=\"https:\/\/www.sts-education.com\/no\/high-school\/destinasjoner\/nord-amerika\/canada\/\">Canada<\/a>, <a href=\"https:\/\/www.sts-education.com\/no\/high-school\/destinasjoner\/oseania\/australia\/\">Australia<\/a>, <a href=\"https:\/\/www.sts-education.com\/no\/high-school\/destinasjoner\/oseania\/new-zealand\/\">New Zealand<\/a> og <a href=\"https:\/\/www.sts-education.com\/no\/high-school\/destinasjoner\/europa\/storbritannia\/\">Storbritannia<\/a>. Du kan lese mer om v\u00e5rt Select-program under hver enkelt destinasjon eller kontakte oss for mer informasjon.<\/p>\n\n<p>Vi hjelper deg gjerne. Ved \u00e5 bli kjent med deg kan vi sammen finne den beste byen og skolen for dine preferanser. Og husk at uansett hva du velger, kommer dette til \u00e5 bli den beste tiden i livet ditt!<\/p>\n<\/div><\/div><\/div>\n","protected":false},"excerpt":{"rendered":"","protected":false},"author":20,"featured_media":15882,"parent":10868,"menu_order":0,"comment_status":"closed","ping_status":"closed","template":"templates\/template-default-with-breadcrumbs.php","meta":{"_acf_changed":false,"sts_page_background_color":"","footnotes":""},"wpw_page_folders":[80],"class_list":["post-10897","page","type-page","status-publish","has-post-thumbnail","hentry"],"acf":[],"yoast_head":"<!-- This site is optimized with the Yoast SEO Premium plugin v27.2 (Yoast SEO v27.3) - https:\/\/yoast.com\/product\/yoast-seo-premium-wordpress\/ -->\n<title>Skreddersy utenlandsoppholdet etter dine \u00f8nsker<\/title>\n<meta name=\"description\" content=\"De fleste velger v\u00e5rt tradisjonelle utvekslingsprogram. Men hvis du har \u00f8nsker om et bestemt fag eller en bestemt idrett, kan du velge v\u00e5rt Select-program.\" \/>\n<meta name=\"robots\" content=\"index, follow, max-snippet:-1, max-image-preview:large, max-video-preview:-1\" \/>\n<link rel=\"canonical\" href=\"https:\/\/www.sts-education.com\/no\/high-school\/for-aret-i-utlandet\/velg-hvor-og-hvordan-du-vil-ga-pa-skole\/\" \/>\n<meta property=\"og:locale\" content=\"nb_NO\" \/>\n<meta property=\"og:type\" content=\"article\" \/>\n<meta property=\"og:title\" content=\"Velg Hvor Og Hvordan Du Vil Ga Pa Skole\" \/>\n<meta property=\"og:description\" content=\"De fleste velger v\u00e5rt tradisjonelle utvekslingsprogram. Men hvis du har \u00f8nsker om et bestemt fag eller en bestemt idrett, kan du velge v\u00e5rt Select-program.\" \/>\n<meta property=\"og:url\" content=\"https:\/\/www.sts-education.com\/no\/high-school\/for-aret-i-utlandet\/velg-hvor-og-hvordan-du-vil-ga-pa-skole\/\" \/>\n<meta property=\"og:site_name\" content=\"STS Education\" \/>\n<meta property=\"article:modified_time\" content=\"2026-04-14T09:56:55+00:00\" \/>\n<meta property=\"og:image\" content=\"https:\/\/powered-by.qbank.se\/educatius\/sts\/\/1f2700e23e28608434f21942f3298107_1-1-thumb.webp\" \/>\n\t<meta property=\"og:image:width\" content=\"150\" \/>\n\t<meta property=\"og:image:height\" content=\"150\" \/>\n\t<meta property=\"og:image:type\" content=\"image\/jpeg\" \/>\n<meta name=\"twitter:card\" content=\"summary_large_image\" \/>\n<meta name=\"twitter:label1\" content=\"Ansl. lesetid\" \/>\n\t<meta name=\"twitter:data1\" content=\"2 minutter\" \/>\n<script type=\"application\/ld+json\" class=\"yoast-schema-graph\">{\"@context\":\"https:\\\/\\\/schema.org\",\"@graph\":[{\"@type\":\"WebPage\",\"@id\":\"https:\\\/\\\/www.sts-education.com\\\/no\\\/high-school\\\/for-aret-i-utlandet\\\/velg-hvor-og-hvordan-du-vil-ga-pa-skole\\\/\",\"url\":\"https:\\\/\\\/www.sts-education.com\\\/no\\\/high-school\\\/for-aret-i-utlandet\\\/velg-hvor-og-hvordan-du-vil-ga-pa-skole\\\/\",\"name\":\"Skreddersy utenlandsoppholdet etter dine \u00f8nsker\",\"isPartOf\":{\"@id\":\"https:\\\/\\\/www.sts-education.com\\\/no\\\/#website\"},\"primaryImageOfPage\":{\"@id\":\"https:\\\/\\\/www.sts-education.com\\\/no\\\/high-school\\\/for-aret-i-utlandet\\\/velg-hvor-og-hvordan-du-vil-ga-pa-skole\\\/#primaryimage\"},\"image\":{\"@id\":\"https:\\\/\\\/www.sts-education.com\\\/no\\\/high-school\\\/for-aret-i-utlandet\\\/velg-hvor-og-hvordan-du-vil-ga-pa-skole\\\/#primaryimage\"},\"thumbnailUrl\":\"https:\\\/\\\/powered-by.qbank.se\\\/educatius\\\/sts\\\/\\\/1f2700e23e28608434f21942f3298107_1-1-thumb.webp\",\"datePublished\":\"2025-12-16T10:07:58+00:00\",\"dateModified\":\"2026-04-14T09:56:55+00:00\",\"description\":\"De fleste velger v\u00e5rt tradisjonelle utvekslingsprogram. Men hvis du har \u00f8nsker om et bestemt fag eller en bestemt idrett, kan du velge v\u00e5rt Select-program.\",\"breadcrumb\":{\"@id\":\"https:\\\/\\\/www.sts-education.com\\\/no\\\/high-school\\\/for-aret-i-utlandet\\\/velg-hvor-og-hvordan-du-vil-ga-pa-skole\\\/#breadcrumb\"},\"inLanguage\":\"nb-NO\",\"potentialAction\":[{\"@type\":\"ReadAction\",\"target\":[\"https:\\\/\\\/www.sts-education.com\\\/no\\\/high-school\\\/for-aret-i-utlandet\\\/velg-hvor-og-hvordan-du-vil-ga-pa-skole\\\/\"]}]},{\"@type\":\"ImageObject\",\"inLanguage\":\"nb-NO\",\"@id\":\"https:\\\/\\\/www.sts-education.com\\\/no\\\/high-school\\\/for-aret-i-utlandet\\\/velg-hvor-og-hvordan-du-vil-ga-pa-skole\\\/#primaryimage\",\"url\":\"https:\\\/\\\/powered-by.qbank.se\\\/educatius\\\/sts\\\/\\\/1f2700e23e28608434f21942f3298107_1-1-thumb.webp\",\"contentUrl\":\"https:\\\/\\\/powered-by.qbank.se\\\/educatius\\\/sts\\\/\\\/1f2700e23e28608434f21942f3298107_1-1-thumb.webp\",\"width\":150,\"height\":150},{\"@type\":\"BreadcrumbList\",\"@id\":\"https:\\\/\\\/www.sts-education.com\\\/no\\\/high-school\\\/for-aret-i-utlandet\\\/velg-hvor-og-hvordan-du-vil-ga-pa-skole\\\/#breadcrumb\",\"itemListElement\":[{\"@type\":\"ListItem\",\"position\":1,\"name\":\"Home\",\"item\":\"https:\\\/\\\/www.sts-education.com\\\/no\\\/\"},{\"@type\":\"ListItem\",\"position\":2,\"name\":\"High school\",\"item\":\"https:\\\/\\\/www.sts-education.com\\\/no\\\/high-school\\\/\"},{\"@type\":\"ListItem\",\"position\":3,\"name\":\"For Aret I Utlandet\",\"item\":\"https:\\\/\\\/www.sts-education.com\\\/no\\\/high-school\\\/for-aret-i-utlandet\\\/\"},{\"@type\":\"ListItem\",\"position\":4,\"name\":\"Velg Hvor Og Hvordan Du Vil Ga Pa Skole\"}]},{\"@type\":\"WebSite\",\"@id\":\"https:\\\/\\\/www.sts-education.com\\\/no\\\/#website\",\"url\":\"https:\\\/\\\/www.sts-education.com\\\/no\\\/\",\"name\":\"STS Education\",\"description\":\"\",\"potentialAction\":[{\"@type\":\"SearchAction\",\"target\":{\"@type\":\"EntryPoint\",\"urlTemplate\":\"https:\\\/\\\/www.sts-education.com\\\/no\\\/?s={search_term_string}\"},\"query-input\":{\"@type\":\"PropertyValueSpecification\",\"valueRequired\":true,\"valueName\":\"search_term_string\"}}],\"inLanguage\":\"nb-NO\"}]}<\/script>\n<!-- \/ Yoast SEO Premium plugin. -->","yoast_head_json":{"title":"Skreddersy utenlandsoppholdet etter dine \u00f8nsker","description":"De fleste velger v\u00e5rt tradisjonelle utvekslingsprogram. Men hvis du har \u00f8nsker om et bestemt fag eller en bestemt idrett, kan du velge v\u00e5rt Select-program.","robots":{"index":"index","follow":"follow","max-snippet":"max-snippet:-1","max-image-preview":"max-image-preview:large","max-video-preview":"max-video-preview:-1"},"canonical":"https:\/\/www.sts-education.com\/no\/high-school\/for-aret-i-utlandet\/velg-hvor-og-hvordan-du-vil-ga-pa-skole\/","og_locale":"nb_NO","og_type":"article","og_title":"Velg Hvor Og Hvordan Du Vil Ga Pa Skole","og_description":"De fleste velger v\u00e5rt tradisjonelle utvekslingsprogram. Men hvis du har \u00f8nsker om et bestemt fag eller en bestemt idrett, kan du velge v\u00e5rt Select-program.","og_url":"https:\/\/www.sts-education.com\/no\/high-school\/for-aret-i-utlandet\/velg-hvor-og-hvordan-du-vil-ga-pa-skole\/","og_site_name":"STS Education","article_modified_time":"2026-04-14T09:56:55+00:00","og_image":[{"width":150,"height":150,"url":"https:\/\/powered-by.qbank.se\/educatius\/sts\/\/1f2700e23e28608434f21942f3298107_1-1-thumb.webp","type":"image\/jpeg"}],"twitter_card":"summary_large_image","twitter_misc":{"Ansl. lesetid":"2 minutter"},"schema":{"@context":"https:\/\/schema.org","@graph":[{"@type":"WebPage","@id":"https:\/\/www.sts-education.com\/no\/high-school\/for-aret-i-utlandet\/velg-hvor-og-hvordan-du-vil-ga-pa-skole\/","url":"https:\/\/www.sts-education.com\/no\/high-school\/for-aret-i-utlandet\/velg-hvor-og-hvordan-du-vil-ga-pa-skole\/","name":"Skreddersy utenlandsoppholdet etter dine \u00f8nsker","isPartOf":{"@id":"https:\/\/www.sts-education.com\/no\/#website"},"primaryImageOfPage":{"@id":"https:\/\/www.sts-education.com\/no\/high-school\/for-aret-i-utlandet\/velg-hvor-og-hvordan-du-vil-ga-pa-skole\/#primaryimage"},"image":{"@id":"https:\/\/www.sts-education.com\/no\/high-school\/for-aret-i-utlandet\/velg-hvor-og-hvordan-du-vil-ga-pa-skole\/#primaryimage"},"thumbnailUrl":"https:\/\/powered-by.qbank.se\/educatius\/sts\/\/1f2700e23e28608434f21942f3298107_1-1-thumb.webp","datePublished":"2025-12-16T10:07:58+00:00","dateModified":"2026-04-14T09:56:55+00:00","description":"De fleste velger v\u00e5rt tradisjonelle utvekslingsprogram. Men hvis du har \u00f8nsker om et bestemt fag eller en bestemt idrett, kan du velge v\u00e5rt Select-program.","breadcrumb":{"@id":"https:\/\/www.sts-education.com\/no\/high-school\/for-aret-i-utlandet\/velg-hvor-og-hvordan-du-vil-ga-pa-skole\/#breadcrumb"},"inLanguage":"nb-NO","potentialAction":[{"@type":"ReadAction","target":["https:\/\/www.sts-education.com\/no\/high-school\/for-aret-i-utlandet\/velg-hvor-og-hvordan-du-vil-ga-pa-skole\/"]}]},{"@type":"ImageObject","inLanguage":"nb-NO","@id":"https:\/\/www.sts-education.com\/no\/high-school\/for-aret-i-utlandet\/velg-hvor-og-hvordan-du-vil-ga-pa-skole\/#primaryimage","url":"https:\/\/powered-by.qbank.se\/educatius\/sts\/\/1f2700e23e28608434f21942f3298107_1-1-thumb.webp","contentUrl":"https:\/\/powered-by.qbank.se\/educatius\/sts\/\/1f2700e23e28608434f21942f3298107_1-1-thumb.webp","width":150,"height":150},{"@type":"BreadcrumbList","@id":"https:\/\/www.sts-education.com\/no\/high-school\/for-aret-i-utlandet\/velg-hvor-og-hvordan-du-vil-ga-pa-skole\/#breadcrumb","itemListElement":[{"@type":"ListItem","position":1,"name":"Home","item":"https:\/\/www.sts-education.com\/no\/"},{"@type":"ListItem","position":2,"name":"High school","item":"https:\/\/www.sts-education.com\/no\/high-school\/"},{"@type":"ListItem","position":3,"name":"For Aret I Utlandet","item":"https:\/\/www.sts-education.com\/no\/high-school\/for-aret-i-utlandet\/"},{"@type":"ListItem","position":4,"name":"Velg Hvor Og Hvordan Du Vil Ga Pa Skole"}]},{"@type":"WebSite","@id":"https:\/\/www.sts-education.com\/no\/#website","url":"https:\/\/www.sts-education.com\/no\/","name":"STS Education","description":"","potentialAction":[{"@type":"SearchAction","target":{"@type":"EntryPoint","urlTemplate":"https:\/\/www.sts-education.com\/no\/?s={search_term_string}"},"query-input":{"@type":"PropertyValueSpecification","valueRequired":true,"valueName":"search_term_string"}}],"inLanguage":"nb-NO"}]}},"_links":{"self":[{"href":"https:\/\/www.sts-education.com\/no\/wp-json\/wp\/v2\/pages\/10897","targetHints":{"allow":["GET"]}}],"collection":[{"href":"https:\/\/www.sts-education.com\/no\/wp-json\/wp\/v2\/pages"}],"about":[{"href":"https:\/\/www.sts-education.com\/no\/wp-json\/wp\/v2\/types\/page"}],"author":[{"embeddable":true,"href":"https:\/\/www.sts-education.com\/no\/wp-json\/wp\/v2\/users\/20"}],"replies":[{"embeddable":true,"href":"https:\/\/www.sts-education.com\/no\/wp-json\/wp\/v2\/comments?post=10897"}],"version-history":[{"count":4,"href":"https:\/\/www.sts-education.com\/no\/wp-json\/wp\/v2\/pages\/10897\/revisions"}],"predecessor-version":[{"id":33402,"href":"https:\/\/www.sts-education.com\/no\/wp-json\/wp\/v2\/pages\/10897\/revisions\/33402"}],"up":[{"embeddable":true,"href":"https:\/\/www.sts-education.com\/no\/wp-json\/wp\/v2\/pages\/10868"}],"wp:featuredmedia":[{"embeddable":true,"href":"https:\/\/www.sts-education.com\/no\/wp-json\/wp\/v2\/media\/15882"}],"wp:attachment":[{"href":"https:\/\/www.sts-education.com\/no\/wp-json\/wp\/v2\/media?parent=10897"}],"wp:term":[{"taxonomy":"wpw_page_folders","embeddable":true,"href":"https:\/\/www.sts-education.com\/no\/wp-json\/wp\/v2\/wpw_page_folders?post=10897"}],"curies":[{"name":"wp","href":"https:\/\/api.w.org\/{rel}","templated":true}]}}