{"id":10898,"date":"2025-12-16T10:16:07","date_gmt":"2025-12-16T10:16:07","guid":{"rendered":"https:\/\/preprod.sts-education.com\/high-school\/i-lopet-av-utenlandsoppholdet\/10-tips-til-et-vellykket-ar-i-utlandet\/"},"modified":"2026-04-14T09:56:46","modified_gmt":"2026-04-14T09:56:46","slug":"10-tips-til-et-vellykket-ar-i-utlandet","status":"publish","type":"page","link":"https:\/\/www.sts-education.com\/no\/high-school\/i-lopet-av-utenlandsoppholdet\/10-tips-til-et-vellykket-ar-i-utlandet\/","title":{"rendered":"10 Tips Til Et Vellykket Ar I Utlandet"},"content":{"rendered":"\n<section class=\"wp-block-sts-hero sts-block-hero is-variant-full-background has-text-light has-background-media\" style=\"--sts-hero-padding-mobile:0px;--sts-hero-padding-desktop:0px;--sts-hero-text-color:var(--wp--preset--color--base-10, #fff);\" data-variant=\"full-background\"><div class=\"sts-block-hero__background\"><picture class=\"sts-responsive-image has-fit-cover is-skeleton\"><img src=\"https:\/\/cdn.sts-education.com\/11218_hero_lg_xl.jpg\" alt=\"10 tips til et vellykket \u00e5r i utlandet\" loading=\"lazy\" decoding=\"async\" fetchpriority=\"low\" sizes=\"100vw\" \/><\/picture><span class=\"sts-block-hero__overlay\" aria-hidden=\"true\"><\/span><\/div><div class=\"sts-block-hero__inner\"><div class=\"sts-block-hero__content has-align-center\"><div class=\"sts-block-hero__content-inner\"><h1 class=\"sts-block-hero__heading\">10 tips til et vellykket \u00e5r i utlandet<\/h1><\/div><\/div><\/div><\/section>\n\n\n\n<div class=\"wp-block-sts-text sts-text-editor has-max-width-md\"><div class=\"sts-text-editor__content\"><div class=\"sts-text-editor__content-inner\">\n<p>Et halvt eller helt \u00e5r som utvekslingselev i utlandet er et stort eventyr som vil forandre deg for alltid. Du kommer til \u00e5 bli kjent med deg selv p\u00e5 en m\u00e5te du ellers ikke ville ha blitt \u2013 og du kommer til \u00e5 vokse og bli mer selvstendig. Du kommer til l\u00e6re masse nytt, og det beste av alt er at du f\u00e5r nye venner og et andre hjemland.<\/p>\n\n<p><strong>Her f\u00f8lger 10 tips som vil gj\u00f8re utenlandsoppholdet til det beste \u00e5ret i livet ditt!<\/strong><\/p>\n\n<ol><li>Smil og v\u00e6r positiv<\/li>\n<li>Ha et \u00e5pent sinn<\/li>\n<li>V\u00e6r opptatt av \u00e5 utvikle din kulturelle kompetanse<\/li>\n<li>Ikke v\u00e6r redd for \u00e5 stille sp\u00f8rsm\u00e5l<\/li>\n<li>V\u00e6r nysgjerrig og involvert<\/li>\n<li>V\u00e6r delaktig i familien<\/li>\n<li>V\u00e6r en ambassad\u00f8r for hjemlandet ditt<\/li>\n<li>Ta gode valg<\/li>\n<li>Mindre skjermtid = mer moro<\/li>\n<li>Kos deg og nyt tiden i utlandet!<\/li><\/ol>\n<\/div><\/div><\/div>\n\n\n\n<section class=\"wp-block-sts-video sts-block-video sts-block-video--landscape has-max-width-lg\"><div class=\"sts-video sts-video--landscape\"><div class=\"sts-video__handler\"><button type=\"button\" class=\"sts-video__play-button\" aria-label=\"Play video\" aria-pressed=\"false\" data-playing=\"false\"><span class=\"sts-video__play-icon\"><img decoding=\"async\" class=\"play-icon\" src=\"data:image\/svg+xml,%3csvg%20width='32'%20height='32'%20viewBox='0%200%2032%2032'%20fill='none'%20xmlns='http:\/\/www.w3.org\/2000\/svg'%3e%3cmask%20id='mask0_2459_8201'%20style='mask-type:alpha'%20maskUnits='userSpaceOnUse'%20x='0'%20y='0'%20width='32'%20height='32'%3e%3crect%20width='32'%20height='32'%20fill='%23D9D9D9'\/%3e%3c\/mask%3e%3cg%20mask='url(%23mask0_2459_8201)'%3e%3cpath%20d='M10.667%2022.8999V9.09993C10.667%208.72216%2010.8003%208.40549%2011.067%208.14993C11.3337%207.89438%2011.6448%207.7666%2012.0003%207.7666C12.1114%207.7666%2012.2281%207.78327%2012.3503%207.8166C12.4725%207.84993%2012.5892%207.89993%2012.7003%207.9666L23.567%2014.8666C23.767%2014.9999%2023.917%2015.1666%2024.017%2015.3666C24.117%2015.5666%2024.167%2015.7777%2024.167%2015.9999C24.167%2016.2222%2024.117%2016.4333%2024.017%2016.6333C23.917%2016.8333%2023.767%2016.9999%2023.567%2017.1333L12.7003%2024.0333C12.5892%2024.0999%2012.4725%2024.1499%2012.3503%2024.1833C12.2281%2024.2166%2012.1114%2024.2333%2012.0003%2024.2333C11.6448%2024.2333%2011.3337%2024.1055%2011.067%2023.8499C10.8003%2023.5944%2010.667%2023.2777%2010.667%2022.8999Z'%20fill='black'\/%3e%3c\/g%3e%3c\/svg%3e\" alt=\"\" aria-hidden=\"true\"\/><img decoding=\"async\" class=\"pause-icon\" src=\"data:image\/svg+xml,%3csvg%20width='32'%20height='32'%20viewBox='0%200%2032%2032'%20fill='none'%20xmlns='http:\/\/www.w3.org\/2000\/svg'%3e%3cmask%20id='mask0_pause'%20style='mask-type:alpha'%20maskUnits='userSpaceOnUse'%20x='0'%20y='0'%20width='32'%20height='32'%3e%3crect%20width='32'%20height='32'%20fill='%23D9D9D9'\/%3e%3c\/mask%3e%3cg%20mask='url(%23mask0_pause)'%3e%3c!--%20Left%20bar%20--%3e%3crect%20x='10'%20y='8'%20width='4'%20height='16'%20rx='1'%20fill='black'\/%3e%3c!--%20Right%20bar%20--%3e%3crect%20x='18'%20y='8'%20width='4'%20height='16'%20rx='1'%20fill='black'\/%3e%3c\/g%3e%3c\/svg%3e\" alt=\"\" aria-hidden=\"true\"\/><\/span><\/button><strong class=\"sts-video__duration\" data-duration-prefix=\"Video duration:\" data-unit-second=\"second\" data-unit-seconds=\"seconds\" data-unit-minute=\"minute\" data-unit-minutes=\"minutes\" aria-label=\"Video duration: 40.0 seconds\">40.0 secs<\/strong><\/div><div class=\"sts-video__media\" data-video-source=\"youtube\" data-video-url=\"\"><div class=\"sts-video__external-shell\" data-embed-url=\"https:\/\/www.youtube.com\/embed\/nF-1MBPdk0I?rel=0&amp;controls=1&amp;modestbranding=1&amp;playsinline=1&amp;enablejsapi=1&amp;autoplay=0&amp;origin=https%3A%2F%2Fwww.sts-education.com\"><iframe class=\"sts-video__iframe\" src=\"https:\/\/www.youtube.com\/embed\/nF-1MBPdk0I?rel=0&amp;controls=1&amp;modestbranding=1&amp;playsinline=1&amp;enablejsapi=1&amp;autoplay=0&amp;origin=https%3A%2F%2Fwww.sts-education.com\" title=\"Video poster\nheading\" allow=\"autoplay; fullscreen\" allowfullscreen loading=\"lazy\" data-provider=\"youtube\" data-embed-url=\"https:\/\/www.youtube.com\/embed\/nF-1MBPdk0I?rel=0&amp;controls=1&amp;modestbranding=1&amp;playsinline=1&amp;enablejsapi=1&amp;autoplay=0&amp;origin=https%3A%2F%2Fwww.sts-education.com\"><\/iframe><\/div><\/div><\/div><\/section>\n","protected":false},"excerpt":{"rendered":"","protected":false},"author":20,"featured_media":0,"parent":10869,"menu_order":0,"comment_status":"closed","ping_status":"closed","template":"templates\/template-default-with-breadcrumbs.php","meta":{"_acf_changed":false,"sts_page_background_color":"","footnotes":""},"wpw_page_folders":[83],"class_list":["post-10898","page","type-page","status-publish","hentry"],"acf":[],"yoast_head":"<!-- This site is optimized with the Yoast SEO Premium plugin v27.2 (Yoast SEO v27.3) - https:\/\/yoast.com\/product\/yoast-seo-premium-wordpress\/ -->\n<title>10 tips til et vellykket \u00e5r p\u00e5 high school i utlandet<\/title>\n<meta name=\"description\" content=\"F\u00e5 mest mulig ut av utenlandsoppholdet. Et \u00e5r som utvekslingselev i utlandet er et stort eventyr som vil gj\u00f8re deg mer selvstendig. Se v\u00e5re 10 tips til et vellykket \u00e5r i utlandet.\" \/>\n<meta name=\"robots\" content=\"index, follow, max-snippet:-1, max-image-preview:large, max-video-preview:-1\" \/>\n<link rel=\"canonical\" href=\"https:\/\/www.sts-education.com\/no\/high-school\/i-lopet-av-utenlandsoppholdet\/10-tips-til-et-vellykket-ar-i-utlandet\/\" \/>\n<meta property=\"og:locale\" content=\"nb_NO\" \/>\n<meta property=\"og:type\" content=\"article\" \/>\n<meta property=\"og:title\" content=\"10 Tips Til Et Vellykket Ar I Utlandet\" \/>\n<meta property=\"og:description\" content=\"F\u00e5 mest mulig ut av utenlandsoppholdet. Et \u00e5r som utvekslingselev i utlandet er et stort eventyr som vil gj\u00f8re deg mer selvstendig. Se v\u00e5re 10 tips til et vellykket \u00e5r i utlandet.\" \/>\n<meta property=\"og:url\" content=\"https:\/\/www.sts-education.com\/no\/high-school\/i-lopet-av-utenlandsoppholdet\/10-tips-til-et-vellykket-ar-i-utlandet\/\" \/>\n<meta property=\"og:site_name\" content=\"STS Education\" \/>\n<meta property=\"article:modified_time\" content=\"2026-04-14T09:56:46+00:00\" \/>\n<meta property=\"og:image\" content=\"https:\/\/cdn.sts-education.com\/11218_hero_lg_xl.jpg\" \/>\n<meta name=\"twitter:card\" content=\"summary_large_image\" \/>\n<meta name=\"twitter:label1\" content=\"Ansl. lesetid\" \/>\n\t<meta name=\"twitter:data1\" content=\"1 minutt\" \/>\n<script type=\"application\/ld+json\" class=\"yoast-schema-graph\">{\"@context\":\"https:\\\/\\\/schema.org\",\"@graph\":[{\"@type\":\"WebPage\",\"@id\":\"https:\\\/\\\/www.sts-education.com\\\/no\\\/high-school\\\/i-lopet-av-utenlandsoppholdet\\\/10-tips-til-et-vellykket-ar-i-utlandet\\\/\",\"url\":\"https:\\\/\\\/www.sts-education.com\\\/no\\\/high-school\\\/i-lopet-av-utenlandsoppholdet\\\/10-tips-til-et-vellykket-ar-i-utlandet\\\/\",\"name\":\"10 tips til et vellykket \u00e5r p\u00e5 high school i utlandet\",\"isPartOf\":{\"@id\":\"https:\\\/\\\/www.sts-education.com\\\/no\\\/#website\"},\"primaryImageOfPage\":{\"@id\":\"https:\\\/\\\/www.sts-education.com\\\/no\\\/high-school\\\/i-lopet-av-utenlandsoppholdet\\\/10-tips-til-et-vellykket-ar-i-utlandet\\\/#primaryimage\"},\"image\":{\"@id\":\"https:\\\/\\\/www.sts-education.com\\\/no\\\/high-school\\\/i-lopet-av-utenlandsoppholdet\\\/10-tips-til-et-vellykket-ar-i-utlandet\\\/#primaryimage\"},\"thumbnailUrl\":\"https:\\\/\\\/cdn.sts-education.com\\\/11218_hero_lg_xl.jpg\",\"datePublished\":\"2025-12-16T10:16:07+00:00\",\"dateModified\":\"2026-04-14T09:56:46+00:00\",\"description\":\"F\u00e5 mest mulig ut av utenlandsoppholdet. Et \u00e5r som utvekslingselev i utlandet er et stort eventyr som vil gj\u00f8re deg mer selvstendig. Se v\u00e5re 10 tips til et vellykket \u00e5r i utlandet.\",\"breadcrumb\":{\"@id\":\"https:\\\/\\\/www.sts-education.com\\\/no\\\/high-school\\\/i-lopet-av-utenlandsoppholdet\\\/10-tips-til-et-vellykket-ar-i-utlandet\\\/#breadcrumb\"},\"inLanguage\":\"nb-NO\",\"potentialAction\":[{\"@type\":\"ReadAction\",\"target\":[\"https:\\\/\\\/www.sts-education.com\\\/no\\\/high-school\\\/i-lopet-av-utenlandsoppholdet\\\/10-tips-til-et-vellykket-ar-i-utlandet\\\/\"]}]},{\"@type\":\"ImageObject\",\"inLanguage\":\"nb-NO\",\"@id\":\"https:\\\/\\\/www.sts-education.com\\\/no\\\/high-school\\\/i-lopet-av-utenlandsoppholdet\\\/10-tips-til-et-vellykket-ar-i-utlandet\\\/#primaryimage\",\"url\":\"https:\\\/\\\/cdn.sts-education.com\\\/11218_hero_lg_xl.jpg\",\"contentUrl\":\"https:\\\/\\\/cdn.sts-education.com\\\/11218_hero_lg_xl.jpg\"},{\"@type\":\"BreadcrumbList\",\"@id\":\"https:\\\/\\\/www.sts-education.com\\\/no\\\/high-school\\\/i-lopet-av-utenlandsoppholdet\\\/10-tips-til-et-vellykket-ar-i-utlandet\\\/#breadcrumb\",\"itemListElement\":[{\"@type\":\"ListItem\",\"position\":1,\"name\":\"Home\",\"item\":\"https:\\\/\\\/www.sts-education.com\\\/no\\\/\"},{\"@type\":\"ListItem\",\"position\":2,\"name\":\"High school\",\"item\":\"https:\\\/\\\/www.sts-education.com\\\/no\\\/high-school\\\/\"},{\"@type\":\"ListItem\",\"position\":3,\"name\":\"I Lopet Av Utenlandsoppholdet\",\"item\":\"https:\\\/\\\/www.sts-education.com\\\/no\\\/high-school\\\/i-lopet-av-utenlandsoppholdet\\\/\"},{\"@type\":\"ListItem\",\"position\":4,\"name\":\"10 Tips Til Et Vellykket Ar I Utlandet\"}]},{\"@type\":\"WebSite\",\"@id\":\"https:\\\/\\\/www.sts-education.com\\\/no\\\/#website\",\"url\":\"https:\\\/\\\/www.sts-education.com\\\/no\\\/\",\"name\":\"STS Education\",\"description\":\"\",\"potentialAction\":[{\"@type\":\"SearchAction\",\"target\":{\"@type\":\"EntryPoint\",\"urlTemplate\":\"https:\\\/\\\/www.sts-education.com\\\/no\\\/?s={search_term_string}\"},\"query-input\":{\"@type\":\"PropertyValueSpecification\",\"valueRequired\":true,\"valueName\":\"search_term_string\"}}],\"inLanguage\":\"nb-NO\"}]}<\/script>\n<!-- \/ Yoast SEO Premium plugin. -->","yoast_head_json":{"title":"10 tips til et vellykket \u00e5r p\u00e5 high school i utlandet","description":"F\u00e5 mest mulig ut av utenlandsoppholdet. Et \u00e5r som utvekslingselev i utlandet er et stort eventyr som vil gj\u00f8re deg mer selvstendig. Se v\u00e5re 10 tips til et vellykket \u00e5r i utlandet.","robots":{"index":"index","follow":"follow","max-snippet":"max-snippet:-1","max-image-preview":"max-image-preview:large","max-video-preview":"max-video-preview:-1"},"canonical":"https:\/\/www.sts-education.com\/no\/high-school\/i-lopet-av-utenlandsoppholdet\/10-tips-til-et-vellykket-ar-i-utlandet\/","og_locale":"nb_NO","og_type":"article","og_title":"10 Tips Til Et Vellykket Ar I Utlandet","og_description":"F\u00e5 mest mulig ut av utenlandsoppholdet. Et \u00e5r som utvekslingselev i utlandet er et stort eventyr som vil gj\u00f8re deg mer selvstendig. Se v\u00e5re 10 tips til et vellykket \u00e5r i utlandet.","og_url":"https:\/\/www.sts-education.com\/no\/high-school\/i-lopet-av-utenlandsoppholdet\/10-tips-til-et-vellykket-ar-i-utlandet\/","og_site_name":"STS Education","article_modified_time":"2026-04-14T09:56:46+00:00","og_image":[{"url":"https:\/\/cdn.sts-education.com\/11218_hero_lg_xl.jpg","type":"","width":"","height":""}],"twitter_card":"summary_large_image","twitter_misc":{"Ansl. lesetid":"1 minutt"},"schema":{"@context":"https:\/\/schema.org","@graph":[{"@type":"WebPage","@id":"https:\/\/www.sts-education.com\/no\/high-school\/i-lopet-av-utenlandsoppholdet\/10-tips-til-et-vellykket-ar-i-utlandet\/","url":"https:\/\/www.sts-education.com\/no\/high-school\/i-lopet-av-utenlandsoppholdet\/10-tips-til-et-vellykket-ar-i-utlandet\/","name":"10 tips til et vellykket \u00e5r p\u00e5 high school i utlandet","isPartOf":{"@id":"https:\/\/www.sts-education.com\/no\/#website"},"primaryImageOfPage":{"@id":"https:\/\/www.sts-education.com\/no\/high-school\/i-lopet-av-utenlandsoppholdet\/10-tips-til-et-vellykket-ar-i-utlandet\/#primaryimage"},"image":{"@id":"https:\/\/www.sts-education.com\/no\/high-school\/i-lopet-av-utenlandsoppholdet\/10-tips-til-et-vellykket-ar-i-utlandet\/#primaryimage"},"thumbnailUrl":"https:\/\/cdn.sts-education.com\/11218_hero_lg_xl.jpg","datePublished":"2025-12-16T10:16:07+00:00","dateModified":"2026-04-14T09:56:46+00:00","description":"F\u00e5 mest mulig ut av utenlandsoppholdet. Et \u00e5r som utvekslingselev i utlandet er et stort eventyr som vil gj\u00f8re deg mer selvstendig. Se v\u00e5re 10 tips til et vellykket \u00e5r i utlandet.","breadcrumb":{"@id":"https:\/\/www.sts-education.com\/no\/high-school\/i-lopet-av-utenlandsoppholdet\/10-tips-til-et-vellykket-ar-i-utlandet\/#breadcrumb"},"inLanguage":"nb-NO","potentialAction":[{"@type":"ReadAction","target":["https:\/\/www.sts-education.com\/no\/high-school\/i-lopet-av-utenlandsoppholdet\/10-tips-til-et-vellykket-ar-i-utlandet\/"]}]},{"@type":"ImageObject","inLanguage":"nb-NO","@id":"https:\/\/www.sts-education.com\/no\/high-school\/i-lopet-av-utenlandsoppholdet\/10-tips-til-et-vellykket-ar-i-utlandet\/#primaryimage","url":"https:\/\/cdn.sts-education.com\/11218_hero_lg_xl.jpg","contentUrl":"https:\/\/cdn.sts-education.com\/11218_hero_lg_xl.jpg"},{"@type":"BreadcrumbList","@id":"https:\/\/www.sts-education.com\/no\/high-school\/i-lopet-av-utenlandsoppholdet\/10-tips-til-et-vellykket-ar-i-utlandet\/#breadcrumb","itemListElement":[{"@type":"ListItem","position":1,"name":"Home","item":"https:\/\/www.sts-education.com\/no\/"},{"@type":"ListItem","position":2,"name":"High school","item":"https:\/\/www.sts-education.com\/no\/high-school\/"},{"@type":"ListItem","position":3,"name":"I Lopet Av Utenlandsoppholdet","item":"https:\/\/www.sts-education.com\/no\/high-school\/i-lopet-av-utenlandsoppholdet\/"},{"@type":"ListItem","position":4,"name":"10 Tips Til Et Vellykket Ar I Utlandet"}]},{"@type":"WebSite","@id":"https:\/\/www.sts-education.com\/no\/#website","url":"https:\/\/www.sts-education.com\/no\/","name":"STS Education","description":"","potentialAction":[{"@type":"SearchAction","target":{"@type":"EntryPoint","urlTemplate":"https:\/\/www.sts-education.com\/no\/?s={search_term_string}"},"query-input":{"@type":"PropertyValueSpecification","valueRequired":true,"valueName":"search_term_string"}}],"inLanguage":"nb-NO"}]}},"_links":{"self":[{"href":"https:\/\/www.sts-education.com\/no\/wp-json\/wp\/v2\/pages\/10898","targetHints":{"allow":["GET"]}}],"collection":[{"href":"https:\/\/www.sts-education.com\/no\/wp-json\/wp\/v2\/pages"}],"about":[{"href":"https:\/\/www.sts-education.com\/no\/wp-json\/wp\/v2\/types\/page"}],"author":[{"embeddable":true,"href":"https:\/\/www.sts-education.com\/no\/wp-json\/wp\/v2\/users\/20"}],"replies":[{"embeddable":true,"href":"https:\/\/www.sts-education.com\/no\/wp-json\/wp\/v2\/comments?post=10898"}],"version-history":[{"count":4,"href":"https:\/\/www.sts-education.com\/no\/wp-json\/wp\/v2\/pages\/10898\/revisions"}],"predecessor-version":[{"id":33396,"href":"https:\/\/www.sts-education.com\/no\/wp-json\/wp\/v2\/pages\/10898\/revisions\/33396"}],"up":[{"embeddable":true,"href":"https:\/\/www.sts-education.com\/no\/wp-json\/wp\/v2\/pages\/10869"}],"wp:attachment":[{"href":"https:\/\/www.sts-education.com\/no\/wp-json\/wp\/v2\/media?parent=10898"}],"wp:term":[{"taxonomy":"wpw_page_folders","embeddable":true,"href":"https:\/\/www.sts-education.com\/no\/wp-json\/wp\/v2\/wpw_page_folders?post=10898"}],"curies":[{"name":"wp","href":"https:\/\/api.w.org\/{rel}","templated":true}]}}