{"id":10899,"date":"2025-12-16T10:14:43","date_gmt":"2025-12-16T10:14:43","guid":{"rendered":"https:\/\/preprod.sts-education.com\/high-school\/i-lopet-av-utenlandsoppholdet\/a-bo-i-et-annet-land\/"},"modified":"2026-04-14T09:56:48","modified_gmt":"2026-04-14T09:56:48","slug":"a-bo-i-et-annet-land","status":"publish","type":"page","link":"https:\/\/www.sts-education.com\/no\/high-school\/i-lopet-av-utenlandsoppholdet\/a-bo-i-et-annet-land\/","title":{"rendered":"A Bo I Et Annet Land"},"content":{"rendered":"\n<section class=\"wp-block-sts-hero sts-block-hero is-variant-full-background has-text-light has-background-media\" style=\"--sts-hero-padding-mobile:0px;--sts-hero-padding-desktop:0px;--sts-hero-text-color:var(--wp--preset--color--base-10, #fff);\" data-variant=\"full-background\"><div class=\"sts-block-hero__background\"><picture class=\"sts-responsive-image has-fit-cover is-skeleton\"><img src=\"https:\/\/cdn.sts-education.com\/12613_hero_lg_xl.jpg\" alt=\"\u00c5 bo i et annet land\" loading=\"lazy\" decoding=\"async\" fetchpriority=\"low\" sizes=\"100vw\" \/><\/picture><span class=\"sts-block-hero__overlay\" aria-hidden=\"true\"><\/span><\/div><div class=\"sts-block-hero__inner\"><div class=\"sts-block-hero__content has-align-center\"><div class=\"sts-block-hero__content-inner\"><h1 class=\"sts-block-hero__heading\">\u00c5 bo i et annet land<\/h1><\/div><\/div><\/div><\/section>\n\n\n\n<div class=\"wp-block-sts-text sts-text-editor has-max-width-md\"><div class=\"sts-text-editor__content\"><div class=\"sts-text-editor__content-inner\">\n<p>Det er mange fordeler med \u00e5 bo en periode i utlandet. Du f\u00e5r mange morsomme opplevelser, massevis av fantastiske minner og l\u00e6rer et fremmedspr\u00e5k. I tillegg blir du kjent med nye mennesker og en ny kultur.<\/p>\n\n<p>Det kan dessuten hende du st\u00f8ter p\u00e5 ting du ikke er vant til hjemmefra. Kanskje du m\u00e5 hjelpe til mer i huset hos vertsfamilien enn du m\u00e5tte hjemme, og kanskje du m\u00e5 v\u00e6re tidligere inne om kvelden. Maten er kanskje annerledes, og det kan hende du m\u00e5 sp\u00f8rre om lov til \u00e5 delta p\u00e5 ulike aktiviteter. Men det er ogs\u00e5 litt av sjarmen: Alle land har sin egen kultur, og det er jo akkurat det du f\u00e5r oppleve i l\u00f8pet av et \u00e5r som utvekslingselev.<\/p>\n\n<p>Gjennom god og \u00e5pen dialog med vertsfamilien og forst\u00e5else for hva som forventes av deg, s\u00f8rger du for f\u00e6rre misforst\u00e5elser og mindre kulturkollisjon. Vertsfamilien er til stede og ansvarlig for deg under oppholdet. S\u00e5 lenge dere har en \u00e6rlig dialog, vil dere forst\u00e5 hverandre. Sammen vil dere finne et opplegg som fungerer for dere, selv om reglene kanskje er annerledes enn reglene du er vant til hjemmefra.<\/p>\n\n<h2>\u00c5 bo hos en vertsfamilie<\/h2>\n\n<p>Uansett hvor i verden du skal p\u00e5 utveksling, kommer du til \u00e5 bo med en lokal vertsfamilie. Det er naturlig \u00e5 v\u00e6re litt nerv\u00f8s for \u00e5 reise til et nytt sted og bo med folk du aldri har m\u00f8tt f\u00f8r, men erfaring viser at livet med vertsfamilien ofte blir den mest minneverdige og betydningsfulle delen av hele utvekslingsoppholdet. Det er derfor vi er s\u00e5 n\u00f8ye med utvelgelsen av vertsfamiliene v\u00e5re. Og vi gj\u00f8r alltid v\u00e5rt beste for \u00e5 finne den rette familien for deg \u2013 ofte i samarbeid med lokale organisasjoner og ansatte i omr\u00e5det.<\/p>\n\n<p>Alle vertsfamilier er forskjellige, akkurat som alle andre familier. Det finnes sportsfamilier, friluftsfamilier og familier som er mer glade i hus og hjem. Det finnes familier som er aktive innen frivillig arbeid eller i den lokale menigheten, og vi har vertsfamilier b\u00e5de med og uten barn. Men \u00e9n ting har de til felles, og det er en genuin interesse for elevene som kommer for \u00e5 bo hos dem. Sannsynligvis blir oppholdet ditt i familien starten p\u00e5 et livslangt vennskap.<\/p>\n\n<p>F\u00f8l deg som hjemme, kommuniser, hjelp til med husarbeid, og respekter husets regler \u2013 akkurat som du gj\u00f8r hjemme med din egen familie. Til gjengjeld f\u00e5r du unik innsikt i en annerledes livsstil og kultur, som er noe helt annet enn opplevelsene du f\u00e5r gjennom vanlige turistreiser. Kanskje du kunne tenke deg \u00e5 oppleve thanksgiving i USA, \u00abafternoon tea\u00bb i Storbritannia eller fotballkulturen i Italia? Alle land har sin egen sjarm, og vi lover deg at du vil f\u00e5 mange vidunderlige minner sammen med vertsfamilien!<\/p>\n\n<p>Vertsfamilien din er ansvarlig for deg og gir deg kost og losji under oppholdet. \u00d8vrige kostnader betaler du for selv, slik som hygieneprodukter, bussbilletter, fritidsaktiviteter, reiser, kl\u00e6r og s\u00e5 videre. Vertsfamilien bestemmer ogs\u00e5 regler som hjemmetider og hva du forventes \u00e5 hjelpe til med i huset. De sitter pris p\u00e5 om du deltar i diverse aktiviteter og familietradisjoner, men du f\u00e5r selvf\u00f8lgelig ogs\u00e5 tid til dine egne fritidsaktiviteter. Husk alltid \u00e5 si ifra til vertsfamilien hvor du skal, og husk at vertsfamilien gjerne vil m\u00f8te de nye vennene dine.<\/p>\n\n<p><a href=\"https:\/\/www.sts-education.com\/no\/vertsfamilie\/family-stories\/tidligere-elever-forteller\/\">Her kan du lese mer om hva v\u00e5re tidligere elever sier om \u00e5 bo hos en vertsfamilie!<\/a><\/p>\n<\/div><\/div><\/div>\n","protected":false},"excerpt":{"rendered":"","protected":false},"author":20,"featured_media":0,"parent":10869,"menu_order":0,"comment_status":"closed","ping_status":"closed","template":"templates\/template-default-with-breadcrumbs.php","meta":{"_acf_changed":false,"sts_page_background_color":"","footnotes":""},"wpw_page_folders":[83],"class_list":["post-10899","page","type-page","status-publish","hentry"],"acf":[],"yoast_head":"<!-- This site is optimized with the Yoast SEO Premium plugin v27.2 (Yoast SEO v27.3) - https:\/\/yoast.com\/product\/yoast-seo-premium-wordpress\/ -->\n<title>\u00c5 bo i et annet land som utvekslingsstudent<\/title>\n<meta name=\"description\" content=\"\u00c5 bo i et annet land er annerledes enn \u00e5 v\u00e6re hjemme, men det er jo litt av sjarmen med det hele. Det er mange fordeler med \u00e5 bo en periode i utlandet.\" \/>\n<meta name=\"robots\" content=\"index, follow, max-snippet:-1, max-image-preview:large, max-video-preview:-1\" \/>\n<link rel=\"canonical\" href=\"https:\/\/www.sts-education.com\/no\/high-school\/i-lopet-av-utenlandsoppholdet\/a-bo-i-et-annet-land\/\" \/>\n<meta property=\"og:locale\" content=\"nb_NO\" \/>\n<meta property=\"og:type\" content=\"article\" \/>\n<meta property=\"og:title\" content=\"A Bo I Et Annet Land\" \/>\n<meta property=\"og:description\" content=\"\u00c5 bo i et annet land er annerledes enn \u00e5 v\u00e6re hjemme, men det er jo litt av sjarmen med det hele. Det er mange fordeler med \u00e5 bo en periode i utlandet.\" \/>\n<meta property=\"og:url\" content=\"https:\/\/www.sts-education.com\/no\/high-school\/i-lopet-av-utenlandsoppholdet\/a-bo-i-et-annet-land\/\" \/>\n<meta property=\"og:site_name\" content=\"STS Education\" \/>\n<meta property=\"article:modified_time\" content=\"2026-04-14T09:56:48+00:00\" \/>\n<meta property=\"og:image\" content=\"https:\/\/cdn.sts-education.com\/12613_hero_lg_xl.jpg\" \/>\n<meta name=\"twitter:card\" content=\"summary_large_image\" \/>\n<meta name=\"twitter:label1\" content=\"Ansl. lesetid\" \/>\n\t<meta name=\"twitter:data1\" content=\"3 minutter\" \/>\n<script type=\"application\/ld+json\" class=\"yoast-schema-graph\">{\"@context\":\"https:\\\/\\\/schema.org\",\"@graph\":[{\"@type\":\"WebPage\",\"@id\":\"https:\\\/\\\/www.sts-education.com\\\/no\\\/high-school\\\/i-lopet-av-utenlandsoppholdet\\\/a-bo-i-et-annet-land\\\/\",\"url\":\"https:\\\/\\\/www.sts-education.com\\\/no\\\/high-school\\\/i-lopet-av-utenlandsoppholdet\\\/a-bo-i-et-annet-land\\\/\",\"name\":\"\u00c5 bo i et annet land som utvekslingsstudent\",\"isPartOf\":{\"@id\":\"https:\\\/\\\/www.sts-education.com\\\/no\\\/#website\"},\"primaryImageOfPage\":{\"@id\":\"https:\\\/\\\/www.sts-education.com\\\/no\\\/high-school\\\/i-lopet-av-utenlandsoppholdet\\\/a-bo-i-et-annet-land\\\/#primaryimage\"},\"image\":{\"@id\":\"https:\\\/\\\/www.sts-education.com\\\/no\\\/high-school\\\/i-lopet-av-utenlandsoppholdet\\\/a-bo-i-et-annet-land\\\/#primaryimage\"},\"thumbnailUrl\":\"https:\\\/\\\/cdn.sts-education.com\\\/12613_hero_lg_xl.jpg\",\"datePublished\":\"2025-12-16T10:14:43+00:00\",\"dateModified\":\"2026-04-14T09:56:48+00:00\",\"description\":\"\u00c5 bo i et annet land er annerledes enn \u00e5 v\u00e6re hjemme, men det er jo litt av sjarmen med det hele. Det er mange fordeler med \u00e5 bo en periode i utlandet.\",\"breadcrumb\":{\"@id\":\"https:\\\/\\\/www.sts-education.com\\\/no\\\/high-school\\\/i-lopet-av-utenlandsoppholdet\\\/a-bo-i-et-annet-land\\\/#breadcrumb\"},\"inLanguage\":\"nb-NO\",\"potentialAction\":[{\"@type\":\"ReadAction\",\"target\":[\"https:\\\/\\\/www.sts-education.com\\\/no\\\/high-school\\\/i-lopet-av-utenlandsoppholdet\\\/a-bo-i-et-annet-land\\\/\"]}]},{\"@type\":\"ImageObject\",\"inLanguage\":\"nb-NO\",\"@id\":\"https:\\\/\\\/www.sts-education.com\\\/no\\\/high-school\\\/i-lopet-av-utenlandsoppholdet\\\/a-bo-i-et-annet-land\\\/#primaryimage\",\"url\":\"https:\\\/\\\/cdn.sts-education.com\\\/12613_hero_lg_xl.jpg\",\"contentUrl\":\"https:\\\/\\\/cdn.sts-education.com\\\/12613_hero_lg_xl.jpg\"},{\"@type\":\"BreadcrumbList\",\"@id\":\"https:\\\/\\\/www.sts-education.com\\\/no\\\/high-school\\\/i-lopet-av-utenlandsoppholdet\\\/a-bo-i-et-annet-land\\\/#breadcrumb\",\"itemListElement\":[{\"@type\":\"ListItem\",\"position\":1,\"name\":\"Home\",\"item\":\"https:\\\/\\\/www.sts-education.com\\\/no\\\/\"},{\"@type\":\"ListItem\",\"position\":2,\"name\":\"High school\",\"item\":\"https:\\\/\\\/www.sts-education.com\\\/no\\\/high-school\\\/\"},{\"@type\":\"ListItem\",\"position\":3,\"name\":\"I Lopet Av Utenlandsoppholdet\",\"item\":\"https:\\\/\\\/www.sts-education.com\\\/no\\\/high-school\\\/i-lopet-av-utenlandsoppholdet\\\/\"},{\"@type\":\"ListItem\",\"position\":4,\"name\":\"A Bo I Et Annet Land\"}]},{\"@type\":\"WebSite\",\"@id\":\"https:\\\/\\\/www.sts-education.com\\\/no\\\/#website\",\"url\":\"https:\\\/\\\/www.sts-education.com\\\/no\\\/\",\"name\":\"STS Education\",\"description\":\"\",\"potentialAction\":[{\"@type\":\"SearchAction\",\"target\":{\"@type\":\"EntryPoint\",\"urlTemplate\":\"https:\\\/\\\/www.sts-education.com\\\/no\\\/?s={search_term_string}\"},\"query-input\":{\"@type\":\"PropertyValueSpecification\",\"valueRequired\":true,\"valueName\":\"search_term_string\"}}],\"inLanguage\":\"nb-NO\"}]}<\/script>\n<!-- \/ Yoast SEO Premium plugin. -->","yoast_head_json":{"title":"\u00c5 bo i et annet land som utvekslingsstudent","description":"\u00c5 bo i et annet land er annerledes enn \u00e5 v\u00e6re hjemme, men det er jo litt av sjarmen med det hele. Det er mange fordeler med \u00e5 bo en periode i utlandet.","robots":{"index":"index","follow":"follow","max-snippet":"max-snippet:-1","max-image-preview":"max-image-preview:large","max-video-preview":"max-video-preview:-1"},"canonical":"https:\/\/www.sts-education.com\/no\/high-school\/i-lopet-av-utenlandsoppholdet\/a-bo-i-et-annet-land\/","og_locale":"nb_NO","og_type":"article","og_title":"A Bo I Et Annet Land","og_description":"\u00c5 bo i et annet land er annerledes enn \u00e5 v\u00e6re hjemme, men det er jo litt av sjarmen med det hele. Det er mange fordeler med \u00e5 bo en periode i utlandet.","og_url":"https:\/\/www.sts-education.com\/no\/high-school\/i-lopet-av-utenlandsoppholdet\/a-bo-i-et-annet-land\/","og_site_name":"STS Education","article_modified_time":"2026-04-14T09:56:48+00:00","og_image":[{"url":"https:\/\/cdn.sts-education.com\/12613_hero_lg_xl.jpg","type":"","width":"","height":""}],"twitter_card":"summary_large_image","twitter_misc":{"Ansl. lesetid":"3 minutter"},"schema":{"@context":"https:\/\/schema.org","@graph":[{"@type":"WebPage","@id":"https:\/\/www.sts-education.com\/no\/high-school\/i-lopet-av-utenlandsoppholdet\/a-bo-i-et-annet-land\/","url":"https:\/\/www.sts-education.com\/no\/high-school\/i-lopet-av-utenlandsoppholdet\/a-bo-i-et-annet-land\/","name":"\u00c5 bo i et annet land som utvekslingsstudent","isPartOf":{"@id":"https:\/\/www.sts-education.com\/no\/#website"},"primaryImageOfPage":{"@id":"https:\/\/www.sts-education.com\/no\/high-school\/i-lopet-av-utenlandsoppholdet\/a-bo-i-et-annet-land\/#primaryimage"},"image":{"@id":"https:\/\/www.sts-education.com\/no\/high-school\/i-lopet-av-utenlandsoppholdet\/a-bo-i-et-annet-land\/#primaryimage"},"thumbnailUrl":"https:\/\/cdn.sts-education.com\/12613_hero_lg_xl.jpg","datePublished":"2025-12-16T10:14:43+00:00","dateModified":"2026-04-14T09:56:48+00:00","description":"\u00c5 bo i et annet land er annerledes enn \u00e5 v\u00e6re hjemme, men det er jo litt av sjarmen med det hele. Det er mange fordeler med \u00e5 bo en periode i utlandet.","breadcrumb":{"@id":"https:\/\/www.sts-education.com\/no\/high-school\/i-lopet-av-utenlandsoppholdet\/a-bo-i-et-annet-land\/#breadcrumb"},"inLanguage":"nb-NO","potentialAction":[{"@type":"ReadAction","target":["https:\/\/www.sts-education.com\/no\/high-school\/i-lopet-av-utenlandsoppholdet\/a-bo-i-et-annet-land\/"]}]},{"@type":"ImageObject","inLanguage":"nb-NO","@id":"https:\/\/www.sts-education.com\/no\/high-school\/i-lopet-av-utenlandsoppholdet\/a-bo-i-et-annet-land\/#primaryimage","url":"https:\/\/cdn.sts-education.com\/12613_hero_lg_xl.jpg","contentUrl":"https:\/\/cdn.sts-education.com\/12613_hero_lg_xl.jpg"},{"@type":"BreadcrumbList","@id":"https:\/\/www.sts-education.com\/no\/high-school\/i-lopet-av-utenlandsoppholdet\/a-bo-i-et-annet-land\/#breadcrumb","itemListElement":[{"@type":"ListItem","position":1,"name":"Home","item":"https:\/\/www.sts-education.com\/no\/"},{"@type":"ListItem","position":2,"name":"High school","item":"https:\/\/www.sts-education.com\/no\/high-school\/"},{"@type":"ListItem","position":3,"name":"I Lopet Av Utenlandsoppholdet","item":"https:\/\/www.sts-education.com\/no\/high-school\/i-lopet-av-utenlandsoppholdet\/"},{"@type":"ListItem","position":4,"name":"A Bo I Et Annet Land"}]},{"@type":"WebSite","@id":"https:\/\/www.sts-education.com\/no\/#website","url":"https:\/\/www.sts-education.com\/no\/","name":"STS Education","description":"","potentialAction":[{"@type":"SearchAction","target":{"@type":"EntryPoint","urlTemplate":"https:\/\/www.sts-education.com\/no\/?s={search_term_string}"},"query-input":{"@type":"PropertyValueSpecification","valueRequired":true,"valueName":"search_term_string"}}],"inLanguage":"nb-NO"}]}},"_links":{"self":[{"href":"https:\/\/www.sts-education.com\/no\/wp-json\/wp\/v2\/pages\/10899","targetHints":{"allow":["GET"]}}],"collection":[{"href":"https:\/\/www.sts-education.com\/no\/wp-json\/wp\/v2\/pages"}],"about":[{"href":"https:\/\/www.sts-education.com\/no\/wp-json\/wp\/v2\/types\/page"}],"author":[{"embeddable":true,"href":"https:\/\/www.sts-education.com\/no\/wp-json\/wp\/v2\/users\/20"}],"replies":[{"embeddable":true,"href":"https:\/\/www.sts-education.com\/no\/wp-json\/wp\/v2\/comments?post=10899"}],"version-history":[{"count":4,"href":"https:\/\/www.sts-education.com\/no\/wp-json\/wp\/v2\/pages\/10899\/revisions"}],"predecessor-version":[{"id":33397,"href":"https:\/\/www.sts-education.com\/no\/wp-json\/wp\/v2\/pages\/10899\/revisions\/33397"}],"up":[{"embeddable":true,"href":"https:\/\/www.sts-education.com\/no\/wp-json\/wp\/v2\/pages\/10869"}],"wp:attachment":[{"href":"https:\/\/www.sts-education.com\/no\/wp-json\/wp\/v2\/media?parent=10899"}],"wp:term":[{"taxonomy":"wpw_page_folders","embeddable":true,"href":"https:\/\/www.sts-education.com\/no\/wp-json\/wp\/v2\/wpw_page_folders?post=10899"}],"curies":[{"name":"wp","href":"https:\/\/api.w.org\/{rel}","templated":true}]}}