{"id":10900,"date":"2025-12-16T10:16:36","date_gmt":"2025-12-16T10:16:36","guid":{"rendered":"https:\/\/preprod.sts-education.com\/high-school\/i-lopet-av-utenlandsoppholdet\/hjemme-igjen\/"},"modified":"2026-04-14T09:56:45","modified_gmt":"2026-04-14T09:56:45","slug":"hjemme-igjen","status":"publish","type":"page","link":"https:\/\/www.sts-education.com\/no\/high-school\/i-lopet-av-utenlandsoppholdet\/hjemme-igjen\/","title":{"rendered":"Hjemme Igjen"},"content":{"rendered":"\n<section class=\"wp-block-sts-hero sts-block-hero is-variant-full-background has-text-light has-background-media\" style=\"--sts-hero-padding-mobile:0px;--sts-hero-padding-desktop:0px;--sts-hero-text-color:var(--wp--preset--color--base-10, #fff);\" data-variant=\"full-background\"><div class=\"sts-block-hero__background\"><picture class=\"sts-responsive-image has-fit-cover is-skeleton\"><img src=\"https:\/\/cdn.sts-education.com\/12573_hero_lg_xl.jpg\" alt=\"Hjemme igjen\" loading=\"lazy\" decoding=\"async\" fetchpriority=\"low\" sizes=\"100vw\" \/><\/picture><span class=\"sts-block-hero__overlay\" aria-hidden=\"true\"><\/span><\/div><div class=\"sts-block-hero__inner\"><div class=\"sts-block-hero__content has-align-center\"><div class=\"sts-block-hero__content-inner\"><h1 class=\"sts-block-hero__heading\">Hjemme igjen<\/h1><\/div><\/div><\/div><\/section>\n\n\n\n<div class=\"wp-block-sts-text sts-text-editor has-max-width-md\"><div class=\"sts-text-editor__content\"><div class=\"sts-text-editor__content-inner\">\n<p>Du kommer hjem igjen senest ti dager etter skoleslutt. Da kommer vennene dine og familien din antakelig til \u00e5 f\u00f8le at du har blitt en litt annen person, fordi du har endret deg og f\u00e5tt nye perspektiver. Kanskje merker foreldrene dine ogs\u00e5 at du har blitt mer selvstendig, og vennene dine vil sikkert h\u00f8re deg fortelle om alt du har opplevd.<\/p>\n\n<p>Noen opplever et slags omvendt kultursjokk n\u00e5r de kommer hjem igjen \u2013 de savner vertsfamilien og kulturen i vertslandet. Tipset v\u00e5rt hvis det skjer, er \u00e5 holde kontakten med vertslandet og de nye vennene dine, men ogs\u00e5 \u00e5 delta p\u00e5 v\u00e5re informasjonsm\u00f8ter for nye elever og andre ved \u00e5 bli en <a href=\"https:\/\/www.sts-education.com\/no\/om-sts\/karriere\/\">STS-ambassad\u00f8r.<\/a><\/p>\n\n<p>Du kan ogs\u00e5 f\u00e5 engasjement som <a href=\"https:\/\/www.sts-education.com\/no\/om-sts\/karriere\/\">lokal koordinator<\/a>, eller kanskje du vil begynne \u00e5 jobbe for STS og gi flere sjansen til \u00e5 oppleve sitt livs eventyr? Her finner du v\u00e5re <a href=\"https:\/\/www.sts-education.com\/no\/om-sts\/karriere\/\">ledige stillinger<\/a> og muligheter for internship hos oss.<\/p>\n\n<p><strong>Og husk: \u00abIkke gr\u00e5t for at det er over \u2013 smil for at det skjedde.\u00bb<\/strong><\/p>\n\n<h2>Dine tilbakemeldinger er viktige for oss!<\/h2>\n\n<p>Vi vil gjerne h\u00f8re hvordan ditt \u00e5r i utlandet var \u2013 dine synspunkter er nemlig viktige for oss. N\u00e5r du har kommet hjem igjen, f\u00e5r du en e-post fra oss med diverse sp\u00f8rsm\u00e5l om hele opplevelsen. Kommentarene dine er sv\u00e6rt verdifulle for oss. De hjelper oss \u00e5 utvikle og forbedre oss, noe som kommer v\u00e5re fremtidige utvekslingselever til nytte.<\/p>\n<\/div><\/div><\/div>\n","protected":false},"excerpt":{"rendered":"","protected":false},"author":20,"featured_media":15892,"parent":10869,"menu_order":0,"comment_status":"closed","ping_status":"closed","template":"templates\/template-default-with-breadcrumbs.php","meta":{"_acf_changed":false,"sts_page_background_color":"","footnotes":""},"wpw_page_folders":[83],"class_list":["post-10900","page","type-page","status-publish","has-post-thumbnail","hentry"],"acf":[],"yoast_head":"<!-- This site is optimized with the Yoast SEO Premium plugin v27.2 (Yoast SEO v27.3) - https:\/\/yoast.com\/product\/yoast-seo-premium-wordpress\/ -->\n<title>N\u00e5r du kommer tilbake fra utvekslings\u00e5ret | STS<\/title>\n<meta name=\"description\" content=\"Noen studenter opplever et slags omvendt kultursjokk n\u00e5r de er hjemme igjen, og savner vertsfamilien og kulturen i vertslandet.\" \/>\n<meta name=\"robots\" content=\"index, follow, max-snippet:-1, max-image-preview:large, max-video-preview:-1\" \/>\n<link rel=\"canonical\" href=\"https:\/\/www.sts-education.com\/no\/high-school\/i-lopet-av-utenlandsoppholdet\/hjemme-igjen\/\" \/>\n<meta property=\"og:locale\" content=\"nb_NO\" \/>\n<meta property=\"og:type\" content=\"article\" \/>\n<meta property=\"og:title\" content=\"Hjemme Igjen\" \/>\n<meta property=\"og:description\" content=\"Noen studenter opplever et slags omvendt kultursjokk n\u00e5r de er hjemme igjen, og savner vertsfamilien og kulturen i vertslandet.\" \/>\n<meta property=\"og:url\" content=\"https:\/\/www.sts-education.com\/no\/high-school\/i-lopet-av-utenlandsoppholdet\/hjemme-igjen\/\" \/>\n<meta property=\"og:site_name\" content=\"STS Education\" \/>\n<meta property=\"article:modified_time\" content=\"2026-04-14T09:56:45+00:00\" \/>\n<meta property=\"og:image\" content=\"https:\/\/powered-by.qbank.se\/educatius\/sts\/\/282984b385d80166ba0d4f32a7843f53_1-1-thumb.webp\" \/>\n\t<meta property=\"og:image:width\" content=\"150\" \/>\n\t<meta property=\"og:image:height\" content=\"150\" \/>\n\t<meta property=\"og:image:type\" content=\"image\/jpeg\" \/>\n<meta name=\"twitter:card\" content=\"summary_large_image\" \/>\n<meta name=\"twitter:label1\" content=\"Ansl. lesetid\" \/>\n\t<meta name=\"twitter:data1\" content=\"1 minutt\" \/>\n<script type=\"application\/ld+json\" class=\"yoast-schema-graph\">{\"@context\":\"https:\\\/\\\/schema.org\",\"@graph\":[{\"@type\":\"WebPage\",\"@id\":\"https:\\\/\\\/www.sts-education.com\\\/no\\\/high-school\\\/i-lopet-av-utenlandsoppholdet\\\/hjemme-igjen\\\/\",\"url\":\"https:\\\/\\\/www.sts-education.com\\\/no\\\/high-school\\\/i-lopet-av-utenlandsoppholdet\\\/hjemme-igjen\\\/\",\"name\":\"N\u00e5r du kommer tilbake fra utvekslings\u00e5ret | STS\",\"isPartOf\":{\"@id\":\"https:\\\/\\\/www.sts-education.com\\\/no\\\/#website\"},\"primaryImageOfPage\":{\"@id\":\"https:\\\/\\\/www.sts-education.com\\\/no\\\/high-school\\\/i-lopet-av-utenlandsoppholdet\\\/hjemme-igjen\\\/#primaryimage\"},\"image\":{\"@id\":\"https:\\\/\\\/www.sts-education.com\\\/no\\\/high-school\\\/i-lopet-av-utenlandsoppholdet\\\/hjemme-igjen\\\/#primaryimage\"},\"thumbnailUrl\":\"https:\\\/\\\/powered-by.qbank.se\\\/educatius\\\/sts\\\/\\\/282984b385d80166ba0d4f32a7843f53_1-1-thumb.webp\",\"datePublished\":\"2025-12-16T10:16:36+00:00\",\"dateModified\":\"2026-04-14T09:56:45+00:00\",\"description\":\"Noen studenter opplever et slags omvendt kultursjokk n\u00e5r de er hjemme igjen, og savner vertsfamilien og kulturen i vertslandet.\",\"breadcrumb\":{\"@id\":\"https:\\\/\\\/www.sts-education.com\\\/no\\\/high-school\\\/i-lopet-av-utenlandsoppholdet\\\/hjemme-igjen\\\/#breadcrumb\"},\"inLanguage\":\"nb-NO\",\"potentialAction\":[{\"@type\":\"ReadAction\",\"target\":[\"https:\\\/\\\/www.sts-education.com\\\/no\\\/high-school\\\/i-lopet-av-utenlandsoppholdet\\\/hjemme-igjen\\\/\"]}]},{\"@type\":\"ImageObject\",\"inLanguage\":\"nb-NO\",\"@id\":\"https:\\\/\\\/www.sts-education.com\\\/no\\\/high-school\\\/i-lopet-av-utenlandsoppholdet\\\/hjemme-igjen\\\/#primaryimage\",\"url\":\"https:\\\/\\\/powered-by.qbank.se\\\/educatius\\\/sts\\\/\\\/282984b385d80166ba0d4f32a7843f53_1-1-thumb.webp\",\"contentUrl\":\"https:\\\/\\\/powered-by.qbank.se\\\/educatius\\\/sts\\\/\\\/282984b385d80166ba0d4f32a7843f53_1-1-thumb.webp\",\"width\":150,\"height\":150},{\"@type\":\"BreadcrumbList\",\"@id\":\"https:\\\/\\\/www.sts-education.com\\\/no\\\/high-school\\\/i-lopet-av-utenlandsoppholdet\\\/hjemme-igjen\\\/#breadcrumb\",\"itemListElement\":[{\"@type\":\"ListItem\",\"position\":1,\"name\":\"Home\",\"item\":\"https:\\\/\\\/www.sts-education.com\\\/no\\\/\"},{\"@type\":\"ListItem\",\"position\":2,\"name\":\"High school\",\"item\":\"https:\\\/\\\/www.sts-education.com\\\/no\\\/high-school\\\/\"},{\"@type\":\"ListItem\",\"position\":3,\"name\":\"I Lopet Av Utenlandsoppholdet\",\"item\":\"https:\\\/\\\/www.sts-education.com\\\/no\\\/high-school\\\/i-lopet-av-utenlandsoppholdet\\\/\"},{\"@type\":\"ListItem\",\"position\":4,\"name\":\"Hjemme Igjen\"}]},{\"@type\":\"WebSite\",\"@id\":\"https:\\\/\\\/www.sts-education.com\\\/no\\\/#website\",\"url\":\"https:\\\/\\\/www.sts-education.com\\\/no\\\/\",\"name\":\"STS Education\",\"description\":\"\",\"potentialAction\":[{\"@type\":\"SearchAction\",\"target\":{\"@type\":\"EntryPoint\",\"urlTemplate\":\"https:\\\/\\\/www.sts-education.com\\\/no\\\/?s={search_term_string}\"},\"query-input\":{\"@type\":\"PropertyValueSpecification\",\"valueRequired\":true,\"valueName\":\"search_term_string\"}}],\"inLanguage\":\"nb-NO\"}]}<\/script>\n<!-- \/ Yoast SEO Premium plugin. -->","yoast_head_json":{"title":"N\u00e5r du kommer tilbake fra utvekslings\u00e5ret | STS","description":"Noen studenter opplever et slags omvendt kultursjokk n\u00e5r de er hjemme igjen, og savner vertsfamilien og kulturen i vertslandet.","robots":{"index":"index","follow":"follow","max-snippet":"max-snippet:-1","max-image-preview":"max-image-preview:large","max-video-preview":"max-video-preview:-1"},"canonical":"https:\/\/www.sts-education.com\/no\/high-school\/i-lopet-av-utenlandsoppholdet\/hjemme-igjen\/","og_locale":"nb_NO","og_type":"article","og_title":"Hjemme Igjen","og_description":"Noen studenter opplever et slags omvendt kultursjokk n\u00e5r de er hjemme igjen, og savner vertsfamilien og kulturen i vertslandet.","og_url":"https:\/\/www.sts-education.com\/no\/high-school\/i-lopet-av-utenlandsoppholdet\/hjemme-igjen\/","og_site_name":"STS Education","article_modified_time":"2026-04-14T09:56:45+00:00","og_image":[{"width":150,"height":150,"url":"https:\/\/powered-by.qbank.se\/educatius\/sts\/\/282984b385d80166ba0d4f32a7843f53_1-1-thumb.webp","type":"image\/jpeg"}],"twitter_card":"summary_large_image","twitter_misc":{"Ansl. lesetid":"1 minutt"},"schema":{"@context":"https:\/\/schema.org","@graph":[{"@type":"WebPage","@id":"https:\/\/www.sts-education.com\/no\/high-school\/i-lopet-av-utenlandsoppholdet\/hjemme-igjen\/","url":"https:\/\/www.sts-education.com\/no\/high-school\/i-lopet-av-utenlandsoppholdet\/hjemme-igjen\/","name":"N\u00e5r du kommer tilbake fra utvekslings\u00e5ret | STS","isPartOf":{"@id":"https:\/\/www.sts-education.com\/no\/#website"},"primaryImageOfPage":{"@id":"https:\/\/www.sts-education.com\/no\/high-school\/i-lopet-av-utenlandsoppholdet\/hjemme-igjen\/#primaryimage"},"image":{"@id":"https:\/\/www.sts-education.com\/no\/high-school\/i-lopet-av-utenlandsoppholdet\/hjemme-igjen\/#primaryimage"},"thumbnailUrl":"https:\/\/powered-by.qbank.se\/educatius\/sts\/\/282984b385d80166ba0d4f32a7843f53_1-1-thumb.webp","datePublished":"2025-12-16T10:16:36+00:00","dateModified":"2026-04-14T09:56:45+00:00","description":"Noen studenter opplever et slags omvendt kultursjokk n\u00e5r de er hjemme igjen, og savner vertsfamilien og kulturen i vertslandet.","breadcrumb":{"@id":"https:\/\/www.sts-education.com\/no\/high-school\/i-lopet-av-utenlandsoppholdet\/hjemme-igjen\/#breadcrumb"},"inLanguage":"nb-NO","potentialAction":[{"@type":"ReadAction","target":["https:\/\/www.sts-education.com\/no\/high-school\/i-lopet-av-utenlandsoppholdet\/hjemme-igjen\/"]}]},{"@type":"ImageObject","inLanguage":"nb-NO","@id":"https:\/\/www.sts-education.com\/no\/high-school\/i-lopet-av-utenlandsoppholdet\/hjemme-igjen\/#primaryimage","url":"https:\/\/powered-by.qbank.se\/educatius\/sts\/\/282984b385d80166ba0d4f32a7843f53_1-1-thumb.webp","contentUrl":"https:\/\/powered-by.qbank.se\/educatius\/sts\/\/282984b385d80166ba0d4f32a7843f53_1-1-thumb.webp","width":150,"height":150},{"@type":"BreadcrumbList","@id":"https:\/\/www.sts-education.com\/no\/high-school\/i-lopet-av-utenlandsoppholdet\/hjemme-igjen\/#breadcrumb","itemListElement":[{"@type":"ListItem","position":1,"name":"Home","item":"https:\/\/www.sts-education.com\/no\/"},{"@type":"ListItem","position":2,"name":"High school","item":"https:\/\/www.sts-education.com\/no\/high-school\/"},{"@type":"ListItem","position":3,"name":"I Lopet Av Utenlandsoppholdet","item":"https:\/\/www.sts-education.com\/no\/high-school\/i-lopet-av-utenlandsoppholdet\/"},{"@type":"ListItem","position":4,"name":"Hjemme Igjen"}]},{"@type":"WebSite","@id":"https:\/\/www.sts-education.com\/no\/#website","url":"https:\/\/www.sts-education.com\/no\/","name":"STS Education","description":"","potentialAction":[{"@type":"SearchAction","target":{"@type":"EntryPoint","urlTemplate":"https:\/\/www.sts-education.com\/no\/?s={search_term_string}"},"query-input":{"@type":"PropertyValueSpecification","valueRequired":true,"valueName":"search_term_string"}}],"inLanguage":"nb-NO"}]}},"_links":{"self":[{"href":"https:\/\/www.sts-education.com\/no\/wp-json\/wp\/v2\/pages\/10900","targetHints":{"allow":["GET"]}}],"collection":[{"href":"https:\/\/www.sts-education.com\/no\/wp-json\/wp\/v2\/pages"}],"about":[{"href":"https:\/\/www.sts-education.com\/no\/wp-json\/wp\/v2\/types\/page"}],"author":[{"embeddable":true,"href":"https:\/\/www.sts-education.com\/no\/wp-json\/wp\/v2\/users\/20"}],"replies":[{"embeddable":true,"href":"https:\/\/www.sts-education.com\/no\/wp-json\/wp\/v2\/comments?post=10900"}],"version-history":[{"count":4,"href":"https:\/\/www.sts-education.com\/no\/wp-json\/wp\/v2\/pages\/10900\/revisions"}],"predecessor-version":[{"id":33395,"href":"https:\/\/www.sts-education.com\/no\/wp-json\/wp\/v2\/pages\/10900\/revisions\/33395"}],"up":[{"embeddable":true,"href":"https:\/\/www.sts-education.com\/no\/wp-json\/wp\/v2\/pages\/10869"}],"wp:featuredmedia":[{"embeddable":true,"href":"https:\/\/www.sts-education.com\/no\/wp-json\/wp\/v2\/media\/15892"}],"wp:attachment":[{"href":"https:\/\/www.sts-education.com\/no\/wp-json\/wp\/v2\/media?parent=10900"}],"wp:term":[{"taxonomy":"wpw_page_folders","embeddable":true,"href":"https:\/\/www.sts-education.com\/no\/wp-json\/wp\/v2\/wpw_page_folders?post=10900"}],"curies":[{"name":"wp","href":"https:\/\/api.w.org\/{rel}","templated":true}]}}