{"id":10901,"date":"2025-12-16T10:12:41","date_gmt":"2025-12-16T10:12:41","guid":{"rendered":"https:\/\/preprod.sts-education.com\/high-school\/i-lopet-av-utenlandsoppholdet\/reisen-til-destinasjonen\/"},"modified":"2026-04-01T01:28:19","modified_gmt":"2026-04-01T01:28:19","slug":"reisen-til-destinasjonen","status":"publish","type":"page","link":"https:\/\/www.sts-education.com\/no\/high-school\/i-lopet-av-utenlandsoppholdet\/reisen-til-destinasjonen\/","title":{"rendered":"Reisen Til Destinasjonen"},"content":{"rendered":"\n<section class=\"wp-block-sts-hero sts-block-hero is-variant-full-background has-text-light has-background-media\" style=\"--sts-hero-padding-mobile:0px;--sts-hero-padding-desktop:0px;--sts-hero-text-color:var(--wp--preset--color--base-10, #fff);\" data-variant=\"full-background\"><div class=\"sts-block-hero__background\"><picture class=\"sts-responsive-image has-fit-cover is-skeleton\"><img src=\"https:\/\/cdn.sts-education.com\/12568_hero_lg_xl.jpg\" alt=\"Reisen til destinasjonen\" loading=\"lazy\" decoding=\"async\" fetchpriority=\"low\" sizes=\"100vw\" \/><\/picture><span class=\"sts-block-hero__overlay\" aria-hidden=\"true\"><\/span><\/div><div class=\"sts-block-hero__inner\"><div class=\"sts-block-hero__content has-align-center\"><div class=\"sts-block-hero__content-inner\"><h1 class=\"sts-block-hero__heading\">Reisen til destinasjonen<\/h1><\/div><\/div><\/div><\/section>\n\n\n\n<div class=\"wp-block-sts-text sts-text-editor has-max-width-md\"><div class=\"sts-text-editor__content\"><div class=\"sts-text-editor__content-inner\">\n<p>De fleste utvekslingselever reiser alene til destinasjonen, ettersom elevene v\u00e5re kommer fra mange ulike steder. Men det kan ogs\u00e5 hende du reiser med andre utvekslingselever, noe som avhenger av hvor du skal, og hvor mange som skal til samme sted som deg.<\/p>\n\n<p>Tidspunktet for avreisen til det store eventyret kommer an p\u00e5 n\u00e5r skolen begynner, og n\u00e5r vertsfamilien din kan ta deg imot. Husk at mange skoler i utlandet begynner i september. Hvis Welcome Camp er en del av reisen din, drar du dit f\u00f8rst og deretter videre til din endelige destinasjon.<\/p>\n\n<p>STS bestiller reisen for deg og sender deg billettene n\u00e5r det n\u00e6rmer seg avreise. Reisedokumentene er digitale og vil v\u00e6re tilgjengelig p\u00e5 telefonen din. Husk \u00e5 ha pass, visum og \u00f8vrige reisedokumenter lett tilgjengelig i h\u00e5ndbagasjen. Du b\u00f8r ogs\u00e5 ha adressen og telefonnummeret til vertsfamilien og din lokale koordinator tilgjengelig.<\/p>\n\n<h2>Ankomsten i vertslandet<\/h2>\n\n<p>N\u00e5r du kommer til destinasjonen, m\u00f8ter vi deg p\u00e5 togstasjonen eller flyplassen. Deretter drar vi sammen for \u00e5 m\u00f8te vertsfamilien din. N\u00e5r du kommer til vertsfamilien, er det lurt \u00e5 g\u00e5 gjennom reglene deres og hvordan du og vertsfamilien skal forholde dere til hverandre, gjerne s\u00e5 fort som mulig. P\u00e5 den m\u00e5ten kan dere unng\u00e5 misforst\u00e5elser fra f\u00f8rste stund.<\/p>\n\n<p>Det er ogs\u00e5 greit \u00e5 vite at vi iblant tar bilder av elevene p\u00e5 v\u00e5r Welcome Camp. Disse bildene kan bli delt p\u00e5 STS\u2019 sosiale kanaler, slik som <a href=\"https:\/\/www.tiktok.com\/@stsworldwide\" target=\"_blank\" rel=\"noopener noreferrer\">TikTok<\/a>, <a href=\"https:\/\/www.instagram.com\/stsworldwide\/\" target=\"_blank\" rel=\"noopener noreferrer\">Instagram<\/a> og <a href=\"https:\/\/www.facebook.com\/stsworldwide\" target=\"_blank\" rel=\"noopener noreferrer\">Facebook<\/a>. Dersom du eller foreldrene dine ikke \u00f8nsker \u00e5 bli tatt med p\u00e5 slike bilder, er det viktig at du sier ifra til oss om dette i god tid f\u00f8r avreise.<\/p>\n<\/div><\/div><\/div>\n\n","protected":false},"excerpt":{"rendered":"","protected":false},"author":20,"featured_media":0,"parent":10869,"menu_order":0,"comment_status":"closed","ping_status":"closed","template":"templates\/template-default-with-breadcrumbs.php","meta":{"_acf_changed":false,"sts_page_background_color":"","footnotes":""},"wpw_page_folders":[83],"class_list":["post-10901","page","type-page","status-publish","hentry"],"acf":[],"yoast_head":"<!-- This site is optimized with the Yoast SEO Premium plugin v27.2 (Yoast SEO v27.3) - https:\/\/yoast.com\/product\/yoast-seo-premium-wordpress\/ -->\n<title>Slik reiser du til utvekslings\u00e5ret ditt | STS<\/title>\n<meta name=\"description\" content=\"De fleste utvekslingsstudenter reiser selv til destinasjonen sin, ettersom alle reiser fra forskjellige steder. Avreisedato bestemmes av n\u00e5r skolen starter.\" \/>\n<meta name=\"robots\" content=\"index, follow, max-snippet:-1, max-image-preview:large, max-video-preview:-1\" \/>\n<link rel=\"canonical\" href=\"https:\/\/www.sts-education.com\/no\/high-school\/i-lopet-av-utenlandsoppholdet\/reisen-til-destinasjonen\/\" \/>\n<meta property=\"og:locale\" content=\"nb_NO\" \/>\n<meta property=\"og:type\" content=\"article\" \/>\n<meta property=\"og:title\" content=\"Reisen Til Destinasjonen\" \/>\n<meta property=\"og:description\" content=\"De fleste utvekslingsstudenter reiser selv til destinasjonen sin, ettersom alle reiser fra forskjellige steder. Avreisedato bestemmes av n\u00e5r skolen starter.\" \/>\n<meta property=\"og:url\" content=\"https:\/\/www.sts-education.com\/no\/high-school\/i-lopet-av-utenlandsoppholdet\/reisen-til-destinasjonen\/\" \/>\n<meta property=\"og:site_name\" content=\"STS Education\" \/>\n<meta property=\"article:modified_time\" content=\"2026-04-01T01:28:19+00:00\" \/>\n<meta property=\"og:image\" content=\"https:\/\/cdn.sts-education.com\/12568_hero_lg_xl.jpg\" \/>\n<meta name=\"twitter:card\" content=\"summary_large_image\" \/>\n<meta name=\"twitter:label1\" content=\"Ansl. lesetid\" \/>\n\t<meta name=\"twitter:data1\" content=\"1 minutt\" \/>\n<script type=\"application\/ld+json\" class=\"yoast-schema-graph\">{\"@context\":\"https:\\\/\\\/schema.org\",\"@graph\":[{\"@type\":\"WebPage\",\"@id\":\"https:\\\/\\\/www.sts-education.com\\\/no\\\/high-school\\\/i-lopet-av-utenlandsoppholdet\\\/reisen-til-destinasjonen\\\/\",\"url\":\"https:\\\/\\\/www.sts-education.com\\\/no\\\/high-school\\\/i-lopet-av-utenlandsoppholdet\\\/reisen-til-destinasjonen\\\/\",\"name\":\"Slik reiser du til utvekslings\u00e5ret ditt | STS\",\"isPartOf\":{\"@id\":\"https:\\\/\\\/www.sts-education.com\\\/no\\\/#website\"},\"primaryImageOfPage\":{\"@id\":\"https:\\\/\\\/www.sts-education.com\\\/no\\\/high-school\\\/i-lopet-av-utenlandsoppholdet\\\/reisen-til-destinasjonen\\\/#primaryimage\"},\"image\":{\"@id\":\"https:\\\/\\\/www.sts-education.com\\\/no\\\/high-school\\\/i-lopet-av-utenlandsoppholdet\\\/reisen-til-destinasjonen\\\/#primaryimage\"},\"thumbnailUrl\":\"https:\\\/\\\/cdn.sts-education.com\\\/12568_hero_lg_xl.jpg\",\"datePublished\":\"2025-12-16T10:12:41+00:00\",\"dateModified\":\"2026-04-01T01:28:19+00:00\",\"description\":\"De fleste utvekslingsstudenter reiser selv til destinasjonen sin, ettersom alle reiser fra forskjellige steder. Avreisedato bestemmes av n\u00e5r skolen starter.\",\"breadcrumb\":{\"@id\":\"https:\\\/\\\/www.sts-education.com\\\/no\\\/high-school\\\/i-lopet-av-utenlandsoppholdet\\\/reisen-til-destinasjonen\\\/#breadcrumb\"},\"inLanguage\":\"nb-NO\",\"potentialAction\":[{\"@type\":\"ReadAction\",\"target\":[\"https:\\\/\\\/www.sts-education.com\\\/no\\\/high-school\\\/i-lopet-av-utenlandsoppholdet\\\/reisen-til-destinasjonen\\\/\"]}]},{\"@type\":\"ImageObject\",\"inLanguage\":\"nb-NO\",\"@id\":\"https:\\\/\\\/www.sts-education.com\\\/no\\\/high-school\\\/i-lopet-av-utenlandsoppholdet\\\/reisen-til-destinasjonen\\\/#primaryimage\",\"url\":\"https:\\\/\\\/cdn.sts-education.com\\\/12568_hero_lg_xl.jpg\",\"contentUrl\":\"https:\\\/\\\/cdn.sts-education.com\\\/12568_hero_lg_xl.jpg\"},{\"@type\":\"BreadcrumbList\",\"@id\":\"https:\\\/\\\/www.sts-education.com\\\/no\\\/high-school\\\/i-lopet-av-utenlandsoppholdet\\\/reisen-til-destinasjonen\\\/#breadcrumb\",\"itemListElement\":[{\"@type\":\"ListItem\",\"position\":1,\"name\":\"Home\",\"item\":\"https:\\\/\\\/www.sts-education.com\\\/no\\\/\"},{\"@type\":\"ListItem\",\"position\":2,\"name\":\"High school\",\"item\":\"https:\\\/\\\/www.sts-education.com\\\/no\\\/high-school\\\/\"},{\"@type\":\"ListItem\",\"position\":3,\"name\":\"I Lopet Av Utenlandsoppholdet\",\"item\":\"https:\\\/\\\/www.sts-education.com\\\/no\\\/high-school\\\/i-lopet-av-utenlandsoppholdet\\\/\"},{\"@type\":\"ListItem\",\"position\":4,\"name\":\"Reisen Til Destinasjonen\"}]},{\"@type\":\"WebSite\",\"@id\":\"https:\\\/\\\/www.sts-education.com\\\/no\\\/#website\",\"url\":\"https:\\\/\\\/www.sts-education.com\\\/no\\\/\",\"name\":\"STS Education\",\"description\":\"\",\"potentialAction\":[{\"@type\":\"SearchAction\",\"target\":{\"@type\":\"EntryPoint\",\"urlTemplate\":\"https:\\\/\\\/www.sts-education.com\\\/no\\\/?s={search_term_string}\"},\"query-input\":{\"@type\":\"PropertyValueSpecification\",\"valueRequired\":true,\"valueName\":\"search_term_string\"}}],\"inLanguage\":\"nb-NO\"}]}<\/script>\n<!-- \/ Yoast SEO Premium plugin. -->","yoast_head_json":{"title":"Slik reiser du til utvekslings\u00e5ret ditt | STS","description":"De fleste utvekslingsstudenter reiser selv til destinasjonen sin, ettersom alle reiser fra forskjellige steder. Avreisedato bestemmes av n\u00e5r skolen starter.","robots":{"index":"index","follow":"follow","max-snippet":"max-snippet:-1","max-image-preview":"max-image-preview:large","max-video-preview":"max-video-preview:-1"},"canonical":"https:\/\/www.sts-education.com\/no\/high-school\/i-lopet-av-utenlandsoppholdet\/reisen-til-destinasjonen\/","og_locale":"nb_NO","og_type":"article","og_title":"Reisen Til Destinasjonen","og_description":"De fleste utvekslingsstudenter reiser selv til destinasjonen sin, ettersom alle reiser fra forskjellige steder. Avreisedato bestemmes av n\u00e5r skolen starter.","og_url":"https:\/\/www.sts-education.com\/no\/high-school\/i-lopet-av-utenlandsoppholdet\/reisen-til-destinasjonen\/","og_site_name":"STS Education","article_modified_time":"2026-04-01T01:28:19+00:00","og_image":[{"url":"https:\/\/cdn.sts-education.com\/12568_hero_lg_xl.jpg","type":"","width":"","height":""}],"twitter_card":"summary_large_image","twitter_misc":{"Ansl. lesetid":"1 minutt"},"schema":{"@context":"https:\/\/schema.org","@graph":[{"@type":"WebPage","@id":"https:\/\/www.sts-education.com\/no\/high-school\/i-lopet-av-utenlandsoppholdet\/reisen-til-destinasjonen\/","url":"https:\/\/www.sts-education.com\/no\/high-school\/i-lopet-av-utenlandsoppholdet\/reisen-til-destinasjonen\/","name":"Slik reiser du til utvekslings\u00e5ret ditt | STS","isPartOf":{"@id":"https:\/\/www.sts-education.com\/no\/#website"},"primaryImageOfPage":{"@id":"https:\/\/www.sts-education.com\/no\/high-school\/i-lopet-av-utenlandsoppholdet\/reisen-til-destinasjonen\/#primaryimage"},"image":{"@id":"https:\/\/www.sts-education.com\/no\/high-school\/i-lopet-av-utenlandsoppholdet\/reisen-til-destinasjonen\/#primaryimage"},"thumbnailUrl":"https:\/\/cdn.sts-education.com\/12568_hero_lg_xl.jpg","datePublished":"2025-12-16T10:12:41+00:00","dateModified":"2026-04-01T01:28:19+00:00","description":"De fleste utvekslingsstudenter reiser selv til destinasjonen sin, ettersom alle reiser fra forskjellige steder. Avreisedato bestemmes av n\u00e5r skolen starter.","breadcrumb":{"@id":"https:\/\/www.sts-education.com\/no\/high-school\/i-lopet-av-utenlandsoppholdet\/reisen-til-destinasjonen\/#breadcrumb"},"inLanguage":"nb-NO","potentialAction":[{"@type":"ReadAction","target":["https:\/\/www.sts-education.com\/no\/high-school\/i-lopet-av-utenlandsoppholdet\/reisen-til-destinasjonen\/"]}]},{"@type":"ImageObject","inLanguage":"nb-NO","@id":"https:\/\/www.sts-education.com\/no\/high-school\/i-lopet-av-utenlandsoppholdet\/reisen-til-destinasjonen\/#primaryimage","url":"https:\/\/cdn.sts-education.com\/12568_hero_lg_xl.jpg","contentUrl":"https:\/\/cdn.sts-education.com\/12568_hero_lg_xl.jpg"},{"@type":"BreadcrumbList","@id":"https:\/\/www.sts-education.com\/no\/high-school\/i-lopet-av-utenlandsoppholdet\/reisen-til-destinasjonen\/#breadcrumb","itemListElement":[{"@type":"ListItem","position":1,"name":"Home","item":"https:\/\/www.sts-education.com\/no\/"},{"@type":"ListItem","position":2,"name":"High school","item":"https:\/\/www.sts-education.com\/no\/high-school\/"},{"@type":"ListItem","position":3,"name":"I Lopet Av Utenlandsoppholdet","item":"https:\/\/www.sts-education.com\/no\/high-school\/i-lopet-av-utenlandsoppholdet\/"},{"@type":"ListItem","position":4,"name":"Reisen Til Destinasjonen"}]},{"@type":"WebSite","@id":"https:\/\/www.sts-education.com\/no\/#website","url":"https:\/\/www.sts-education.com\/no\/","name":"STS Education","description":"","potentialAction":[{"@type":"SearchAction","target":{"@type":"EntryPoint","urlTemplate":"https:\/\/www.sts-education.com\/no\/?s={search_term_string}"},"query-input":{"@type":"PropertyValueSpecification","valueRequired":true,"valueName":"search_term_string"}}],"inLanguage":"nb-NO"}]}},"_links":{"self":[{"href":"https:\/\/www.sts-education.com\/no\/wp-json\/wp\/v2\/pages\/10901","targetHints":{"allow":["GET"]}}],"collection":[{"href":"https:\/\/www.sts-education.com\/no\/wp-json\/wp\/v2\/pages"}],"about":[{"href":"https:\/\/www.sts-education.com\/no\/wp-json\/wp\/v2\/types\/page"}],"author":[{"embeddable":true,"href":"https:\/\/www.sts-education.com\/no\/wp-json\/wp\/v2\/users\/20"}],"replies":[{"embeddable":true,"href":"https:\/\/www.sts-education.com\/no\/wp-json\/wp\/v2\/comments?post=10901"}],"version-history":[{"count":2,"href":"https:\/\/www.sts-education.com\/no\/wp-json\/wp\/v2\/pages\/10901\/revisions"}],"predecessor-version":[{"id":20126,"href":"https:\/\/www.sts-education.com\/no\/wp-json\/wp\/v2\/pages\/10901\/revisions\/20126"}],"up":[{"embeddable":true,"href":"https:\/\/www.sts-education.com\/no\/wp-json\/wp\/v2\/pages\/10869"}],"wp:attachment":[{"href":"https:\/\/www.sts-education.com\/no\/wp-json\/wp\/v2\/media?parent=10901"}],"wp:term":[{"taxonomy":"wpw_page_folders","embeddable":true,"href":"https:\/\/www.sts-education.com\/no\/wp-json\/wp\/v2\/wpw_page_folders?post=10901"}],"curies":[{"name":"wp","href":"https:\/\/api.w.org\/{rel}","templated":true}]}}