{"id":10902,"date":"2025-12-16T10:15:33","date_gmt":"2025-12-16T10:15:33","guid":{"rendered":"https:\/\/preprod.sts-education.com\/high-school\/i-lopet-av-utenlandsoppholdet\/skole-og-fritid\/"},"modified":"2026-04-01T01:29:54","modified_gmt":"2026-04-01T01:29:54","slug":"skole-og-fritid","status":"publish","type":"page","link":"https:\/\/www.sts-education.com\/no\/high-school\/i-lopet-av-utenlandsoppholdet\/skole-og-fritid\/","title":{"rendered":"Skole Og Fritid"},"content":{"rendered":"\n<section class=\"wp-block-sts-hero sts-block-hero is-variant-full-background has-text-light has-background-media\" style=\"--sts-hero-padding-mobile:0px;--sts-hero-padding-desktop:0px;--sts-hero-text-color:var(--wp--preset--color--base-10, #fff);\" data-variant=\"full-background\"><div class=\"sts-block-hero__background\"><picture class=\"sts-responsive-image has-fit-cover is-skeleton\"><img src=\"https:\/\/cdn.sts-education.com\/12572_hero_lg_xl.jpg\" alt=\"Skole og fritid\" loading=\"lazy\" decoding=\"async\" fetchpriority=\"low\" sizes=\"100vw\" \/><\/picture><span class=\"sts-block-hero__overlay\" aria-hidden=\"true\"><\/span><\/div><div class=\"sts-block-hero__inner\"><div class=\"sts-block-hero__content has-align-center\"><div class=\"sts-block-hero__content-inner\"><h1 class=\"sts-block-hero__heading\">Skole og fritid<\/h1><\/div><\/div><\/div><\/section>\n\n\n\n<div class=\"wp-block-sts-text sts-text-editor has-max-width-md\"><div class=\"sts-text-editor__content\"><div class=\"sts-text-editor__content-inner\">\n<h2>Den nye skolen din<\/h2>\n\n<p>Opplev forskjellen! Den nye skolen din vil garantert oppleves som annerledes, uansett hva du har v\u00e6rt vant til fra tidligere. Det er veldig spennende \u00e5 bli en del av skolesystemet i et annet land. Du venner deg fort til de nye rutinene, som hvordan man hilser p\u00e5 l\u00e6reren, og hvordan du finner veien til neste fag og time. Det er viktig at du respekterer reglene p\u00e5 skolen og m\u00f8ter opp til timene i tide. P\u00e5 de fleste skoler bruker elevene sine egne kl\u00e6r, men noen steder m\u00e5 du bruke skoleuniform. Dette kommer helt an p\u00e5 hvilken skole du havner p\u00e5. Som utvekslingselev er det dessuten veldig moro \u00e5 fortelle ting om hjemlandet ditt. L\u00e6rerne og klassekameratene dine er nysgjerrige p\u00e5 det.<\/p>\n\n<p>Det er morsomt og spennende \u00e5 l\u00e6re et fremmedspr\u00e5k i nye omgivelser, og ofte har man blitt helt flytende i dette spr\u00e5ket innen man reiser hjem. Det er kunnskap du tar med deg og f\u00e5r god nytte av gjennom livet.<\/p>\n\n<p>Men utenlandsoppholdet kommer til \u00e5 handle om mye mer enn bare skolen. Det blir massevis av tid til aktiviteter, trening og utflukter som gj\u00f8r at du vokser enda mer i l\u00f8pet av \u00e5ret. Et \u00e5r p\u00e5 high school i utlandet \u00e5pner mange nye d\u00f8rer \u2013 det er det ingen tvil om.<\/p>\n\n<h2>P\u00e5 fritiden<\/h2>\n\n<p>P\u00e5 fritiden f\u00e5r du muligheten til \u00e5 bli kjent med vertslandet ditt. Du kan dra p\u00e5 utflukter, g\u00e5 turer eller henge med de nye vennene dine. Bli med p\u00e5 et fotballag, pr\u00f8v en ny sport, spill et instrument i et band, tren med et dansekompani, involver deg i frivillig arbeid, eller heng med venner p\u00e5 kafeer. Hovedsaken er at du tilbringer tid med andre mennesker, er utadvendt og benytter fritiden best mulig.<\/p>\n\n<p>I mange land arrangerer skolene ogs\u00e5 fritidsaktiviteter, som gir deg muligheten til \u00e5 drive med favorittsporten din eller teste ut nye hobbyer. Du f\u00e5r selvsagt ogs\u00e5 hjelp av vertsfamilien, klassekamerater og omr\u00e5derepresentanten til \u00e5 finne de lokale perlene i omr\u00e5det hvor du bor.<\/p>\n\n<p>I tillegg er det ogs\u00e5 ofte muligheter for \u00e5 dra p\u00e5 turer og andre utflukter som er spesielt beregnet p\u00e5 utvekslingselever. Be den lokale representanten din om mer informasjon n\u00e5r du har kommet frem.<\/p>\n\n<h3>Lommepenger i l\u00f8pet av \u00e5ret i utlandet<\/h3>\n\n<p>STS anbefaler deg \u00e5 ha med 400 USD \/ 300 EUR i m\u00e5neden i lommepenger under oppholdet. V\u00e6r forberedt p\u00e5 at utgiftene kan v\u00e6re litt h\u00f8yere i begynnelsen av oppholdet, siden du kanskje m\u00e5 bruke penger p\u00e5 l\u00e6reb\u00f8ker, medlemskap, busskort eller andre n\u00f8dvendigheter. (I USA er skolebussen gratis.) Vertsfamilien er ikke ansvarlig for \u00e5 dekke utgifter du har til slikt som fritidsaktiviteter, kl\u00e6r og hygieneprodukter.<\/p>\n\n<p>Og husk at du aldri skal l\u00e5ne penger til eller av noen i l\u00f8pet av oppholdet \u2013 det gjelder b\u00e5de venner og vertsfamilien. Det kan nemlig lett lede til misforst\u00e5elser og uenigheter.<\/p>\n<\/div><\/div><\/div>\n\n","protected":false},"excerpt":{"rendered":"","protected":false},"author":20,"featured_media":0,"parent":10869,"menu_order":0,"comment_status":"closed","ping_status":"closed","template":"","meta":{"_acf_changed":false,"sts_page_background_color":"","footnotes":""},"wpw_page_folders":[83],"class_list":["post-10902","page","type-page","status-publish","hentry"],"acf":[],"yoast_head":"<!-- This site is optimized with the Yoast SEO Premium plugin v27.2 (Yoast SEO v27.3) - https:\/\/yoast.com\/product\/yoast-seo-premium-wordpress\/ -->\n<title>Spennende utvekslings\u00e5r med fokus p\u00e5 skole og fritid | STS<\/title>\n<meta name=\"description\" content=\"Du f\u00e5r god tid til aktiviteter, trening og utflukter som gj\u00f8r at du kan utvikle deg videre i l\u00f8pet av utvekslings\u00e5ret.\" \/>\n<meta name=\"robots\" content=\"index, follow, max-snippet:-1, max-image-preview:large, max-video-preview:-1\" \/>\n<link rel=\"canonical\" href=\"https:\/\/www.sts-education.com\/no\/high-school\/i-lopet-av-utenlandsoppholdet\/skole-og-fritid\/\" \/>\n<meta property=\"og:locale\" content=\"nb_NO\" \/>\n<meta property=\"og:type\" content=\"article\" \/>\n<meta property=\"og:title\" content=\"Skole Og Fritid\" \/>\n<meta property=\"og:description\" content=\"Du f\u00e5r god tid til aktiviteter, trening og utflukter som gj\u00f8r at du kan utvikle deg videre i l\u00f8pet av utvekslings\u00e5ret.\" \/>\n<meta property=\"og:url\" content=\"https:\/\/www.sts-education.com\/no\/high-school\/i-lopet-av-utenlandsoppholdet\/skole-og-fritid\/\" \/>\n<meta property=\"og:site_name\" content=\"STS Education\" \/>\n<meta property=\"article:modified_time\" content=\"2026-04-01T01:29:54+00:00\" \/>\n<meta property=\"og:image\" content=\"https:\/\/cdn.sts-education.com\/12572_hero_lg_xl.jpg\" \/>\n<meta name=\"twitter:card\" content=\"summary_large_image\" \/>\n<meta name=\"twitter:label1\" content=\"Ansl. lesetid\" \/>\n\t<meta name=\"twitter:data1\" content=\"2 minutter\" \/>\n<script type=\"application\/ld+json\" class=\"yoast-schema-graph\">{\"@context\":\"https:\\\/\\\/schema.org\",\"@graph\":[{\"@type\":\"WebPage\",\"@id\":\"https:\\\/\\\/www.sts-education.com\\\/no\\\/high-school\\\/i-lopet-av-utenlandsoppholdet\\\/skole-og-fritid\\\/\",\"url\":\"https:\\\/\\\/www.sts-education.com\\\/no\\\/high-school\\\/i-lopet-av-utenlandsoppholdet\\\/skole-og-fritid\\\/\",\"name\":\"Spennende utvekslings\u00e5r med fokus p\u00e5 skole og fritid | STS\",\"isPartOf\":{\"@id\":\"https:\\\/\\\/www.sts-education.com\\\/no\\\/#website\"},\"primaryImageOfPage\":{\"@id\":\"https:\\\/\\\/www.sts-education.com\\\/no\\\/high-school\\\/i-lopet-av-utenlandsoppholdet\\\/skole-og-fritid\\\/#primaryimage\"},\"image\":{\"@id\":\"https:\\\/\\\/www.sts-education.com\\\/no\\\/high-school\\\/i-lopet-av-utenlandsoppholdet\\\/skole-og-fritid\\\/#primaryimage\"},\"thumbnailUrl\":\"https:\\\/\\\/cdn.sts-education.com\\\/12572_hero_lg_xl.jpg\",\"datePublished\":\"2025-12-16T10:15:33+00:00\",\"dateModified\":\"2026-04-01T01:29:54+00:00\",\"description\":\"Du f\u00e5r god tid til aktiviteter, trening og utflukter som gj\u00f8r at du kan utvikle deg videre i l\u00f8pet av utvekslings\u00e5ret.\",\"breadcrumb\":{\"@id\":\"https:\\\/\\\/www.sts-education.com\\\/no\\\/high-school\\\/i-lopet-av-utenlandsoppholdet\\\/skole-og-fritid\\\/#breadcrumb\"},\"inLanguage\":\"nb-NO\",\"potentialAction\":[{\"@type\":\"ReadAction\",\"target\":[\"https:\\\/\\\/www.sts-education.com\\\/no\\\/high-school\\\/i-lopet-av-utenlandsoppholdet\\\/skole-og-fritid\\\/\"]}]},{\"@type\":\"ImageObject\",\"inLanguage\":\"nb-NO\",\"@id\":\"https:\\\/\\\/www.sts-education.com\\\/no\\\/high-school\\\/i-lopet-av-utenlandsoppholdet\\\/skole-og-fritid\\\/#primaryimage\",\"url\":\"https:\\\/\\\/cdn.sts-education.com\\\/12572_hero_lg_xl.jpg\",\"contentUrl\":\"https:\\\/\\\/cdn.sts-education.com\\\/12572_hero_lg_xl.jpg\"},{\"@type\":\"BreadcrumbList\",\"@id\":\"https:\\\/\\\/www.sts-education.com\\\/no\\\/high-school\\\/i-lopet-av-utenlandsoppholdet\\\/skole-og-fritid\\\/#breadcrumb\",\"itemListElement\":[{\"@type\":\"ListItem\",\"position\":1,\"name\":\"Home\",\"item\":\"https:\\\/\\\/www.sts-education.com\\\/no\\\/\"},{\"@type\":\"ListItem\",\"position\":2,\"name\":\"High school\",\"item\":\"https:\\\/\\\/www.sts-education.com\\\/no\\\/high-school\\\/\"},{\"@type\":\"ListItem\",\"position\":3,\"name\":\"I Lopet Av Utenlandsoppholdet\",\"item\":\"https:\\\/\\\/www.sts-education.com\\\/no\\\/high-school\\\/i-lopet-av-utenlandsoppholdet\\\/\"},{\"@type\":\"ListItem\",\"position\":4,\"name\":\"Skole Og Fritid\"}]},{\"@type\":\"WebSite\",\"@id\":\"https:\\\/\\\/www.sts-education.com\\\/no\\\/#website\",\"url\":\"https:\\\/\\\/www.sts-education.com\\\/no\\\/\",\"name\":\"STS Education\",\"description\":\"\",\"potentialAction\":[{\"@type\":\"SearchAction\",\"target\":{\"@type\":\"EntryPoint\",\"urlTemplate\":\"https:\\\/\\\/www.sts-education.com\\\/no\\\/?s={search_term_string}\"},\"query-input\":{\"@type\":\"PropertyValueSpecification\",\"valueRequired\":true,\"valueName\":\"search_term_string\"}}],\"inLanguage\":\"nb-NO\"}]}<\/script>\n<!-- \/ Yoast SEO Premium plugin. -->","yoast_head_json":{"title":"Spennende utvekslings\u00e5r med fokus p\u00e5 skole og fritid | STS","description":"Du f\u00e5r god tid til aktiviteter, trening og utflukter som gj\u00f8r at du kan utvikle deg videre i l\u00f8pet av utvekslings\u00e5ret.","robots":{"index":"index","follow":"follow","max-snippet":"max-snippet:-1","max-image-preview":"max-image-preview:large","max-video-preview":"max-video-preview:-1"},"canonical":"https:\/\/www.sts-education.com\/no\/high-school\/i-lopet-av-utenlandsoppholdet\/skole-og-fritid\/","og_locale":"nb_NO","og_type":"article","og_title":"Skole Og Fritid","og_description":"Du f\u00e5r god tid til aktiviteter, trening og utflukter som gj\u00f8r at du kan utvikle deg videre i l\u00f8pet av utvekslings\u00e5ret.","og_url":"https:\/\/www.sts-education.com\/no\/high-school\/i-lopet-av-utenlandsoppholdet\/skole-og-fritid\/","og_site_name":"STS Education","article_modified_time":"2026-04-01T01:29:54+00:00","og_image":[{"url":"https:\/\/cdn.sts-education.com\/12572_hero_lg_xl.jpg","type":"","width":"","height":""}],"twitter_card":"summary_large_image","twitter_misc":{"Ansl. lesetid":"2 minutter"},"schema":{"@context":"https:\/\/schema.org","@graph":[{"@type":"WebPage","@id":"https:\/\/www.sts-education.com\/no\/high-school\/i-lopet-av-utenlandsoppholdet\/skole-og-fritid\/","url":"https:\/\/www.sts-education.com\/no\/high-school\/i-lopet-av-utenlandsoppholdet\/skole-og-fritid\/","name":"Spennende utvekslings\u00e5r med fokus p\u00e5 skole og fritid | STS","isPartOf":{"@id":"https:\/\/www.sts-education.com\/no\/#website"},"primaryImageOfPage":{"@id":"https:\/\/www.sts-education.com\/no\/high-school\/i-lopet-av-utenlandsoppholdet\/skole-og-fritid\/#primaryimage"},"image":{"@id":"https:\/\/www.sts-education.com\/no\/high-school\/i-lopet-av-utenlandsoppholdet\/skole-og-fritid\/#primaryimage"},"thumbnailUrl":"https:\/\/cdn.sts-education.com\/12572_hero_lg_xl.jpg","datePublished":"2025-12-16T10:15:33+00:00","dateModified":"2026-04-01T01:29:54+00:00","description":"Du f\u00e5r god tid til aktiviteter, trening og utflukter som gj\u00f8r at du kan utvikle deg videre i l\u00f8pet av utvekslings\u00e5ret.","breadcrumb":{"@id":"https:\/\/www.sts-education.com\/no\/high-school\/i-lopet-av-utenlandsoppholdet\/skole-og-fritid\/#breadcrumb"},"inLanguage":"nb-NO","potentialAction":[{"@type":"ReadAction","target":["https:\/\/www.sts-education.com\/no\/high-school\/i-lopet-av-utenlandsoppholdet\/skole-og-fritid\/"]}]},{"@type":"ImageObject","inLanguage":"nb-NO","@id":"https:\/\/www.sts-education.com\/no\/high-school\/i-lopet-av-utenlandsoppholdet\/skole-og-fritid\/#primaryimage","url":"https:\/\/cdn.sts-education.com\/12572_hero_lg_xl.jpg","contentUrl":"https:\/\/cdn.sts-education.com\/12572_hero_lg_xl.jpg"},{"@type":"BreadcrumbList","@id":"https:\/\/www.sts-education.com\/no\/high-school\/i-lopet-av-utenlandsoppholdet\/skole-og-fritid\/#breadcrumb","itemListElement":[{"@type":"ListItem","position":1,"name":"Home","item":"https:\/\/www.sts-education.com\/no\/"},{"@type":"ListItem","position":2,"name":"High school","item":"https:\/\/www.sts-education.com\/no\/high-school\/"},{"@type":"ListItem","position":3,"name":"I Lopet Av Utenlandsoppholdet","item":"https:\/\/www.sts-education.com\/no\/high-school\/i-lopet-av-utenlandsoppholdet\/"},{"@type":"ListItem","position":4,"name":"Skole Og Fritid"}]},{"@type":"WebSite","@id":"https:\/\/www.sts-education.com\/no\/#website","url":"https:\/\/www.sts-education.com\/no\/","name":"STS Education","description":"","potentialAction":[{"@type":"SearchAction","target":{"@type":"EntryPoint","urlTemplate":"https:\/\/www.sts-education.com\/no\/?s={search_term_string}"},"query-input":{"@type":"PropertyValueSpecification","valueRequired":true,"valueName":"search_term_string"}}],"inLanguage":"nb-NO"}]}},"_links":{"self":[{"href":"https:\/\/www.sts-education.com\/no\/wp-json\/wp\/v2\/pages\/10902","targetHints":{"allow":["GET"]}}],"collection":[{"href":"https:\/\/www.sts-education.com\/no\/wp-json\/wp\/v2\/pages"}],"about":[{"href":"https:\/\/www.sts-education.com\/no\/wp-json\/wp\/v2\/types\/page"}],"author":[{"embeddable":true,"href":"https:\/\/www.sts-education.com\/no\/wp-json\/wp\/v2\/users\/20"}],"replies":[{"embeddable":true,"href":"https:\/\/www.sts-education.com\/no\/wp-json\/wp\/v2\/comments?post=10902"}],"version-history":[{"count":2,"href":"https:\/\/www.sts-education.com\/no\/wp-json\/wp\/v2\/pages\/10902\/revisions"}],"predecessor-version":[{"id":20162,"href":"https:\/\/www.sts-education.com\/no\/wp-json\/wp\/v2\/pages\/10902\/revisions\/20162"}],"up":[{"embeddable":true,"href":"https:\/\/www.sts-education.com\/no\/wp-json\/wp\/v2\/pages\/10869"}],"wp:attachment":[{"href":"https:\/\/www.sts-education.com\/no\/wp-json\/wp\/v2\/media?parent=10902"}],"wp:term":[{"taxonomy":"wpw_page_folders","embeddable":true,"href":"https:\/\/www.sts-education.com\/no\/wp-json\/wp\/v2\/wpw_page_folders?post=10902"}],"curies":[{"name":"wp","href":"https:\/\/api.w.org\/{rel}","templated":true}]}}