{"id":10903,"date":"2025-12-16T10:12:07","date_gmt":"2025-12-16T10:12:07","guid":{"rendered":"https:\/\/preprod.sts-education.com\/high-school\/i-lopet-av-utenlandsoppholdet\/vi-er-her-for-deg\/"},"modified":"2026-04-14T09:56:49","modified_gmt":"2026-04-14T09:56:49","slug":"vi-er-her-for-deg","status":"publish","type":"page","link":"https:\/\/www.sts-education.com\/no\/high-school\/i-lopet-av-utenlandsoppholdet\/vi-er-her-for-deg\/","title":{"rendered":"Vi Er Her For Deg"},"content":{"rendered":"\n<section class=\"wp-block-sts-hero sts-block-hero sts-block-hero is-variant-full-background has-text-light has-background-media\" style=\"--sts-hero-padding-mobile:0px;--sts-hero-padding-desktop:0px;--sts-hero-text-color:var(--wp--preset--color--base-10, #fff)\" data-variant=\"full-background\"><div class=\"sts-block-hero__background\"><picture class=\"sts-responsive-image has-pos-center is-skeleton\"><img src=\"https:\/\/cdn.sts-education.com\/12567_hero_lg_xl.jpg\" alt=\"Vi er her for deg\" loading=\"lazy\" decoding=\"async\" fetchpriority=\"low\" sizes=\"(max-width: 640px) max(100vw, calc(clamp(320px, 100vh, 720px) * 9 \/ 16)), (max-width: 840px) max(100vw, calc(clamp(320px, 100vh, 720px) * 1 \/ 1)), max(100vw, calc(clamp(320px, 100vh, 720px) * 16 \/ 9))\" style=\"object-position:center\"\/><\/picture><span class=\"sts-block-hero__overlay\" aria-hidden=\"true\"><\/span><\/div><div class=\"sts-block-hero__inner\"><div class=\"sts-block-hero__content has-align-center\"><div class=\"sts-block-hero__content-inner\"><h1 class=\"sts-block-hero__heading\">Vi er her for deg<\/h1><\/div><\/div><\/div><\/section>\n\n\n\n<div class=\"wp-block-sts-text sts-text-editor has-max-width-md\"><div class=\"sts-text-editor__content\"><div class=\"sts-text-editor__content-inner\">\n<p>Uansett hvor du velger \u00e5 reise, er vi her for deg gjennom hele utenlandsoppholdet. Vi ordner med reisen og s\u00f8rger for at du er godt forberedt n\u00e5r det er tid for avreise. Vi er ogs\u00e5 til stede for deg underveis i oppholdet, blant annet gjennom vertsfamilien din, v\u00e5re lokale koordinatorer og selvsagt p\u00e5 telefon om du trenger det.<\/p>\n<h2>Omr\u00e5derepresentant<\/h2>\n<p>N\u00e5r du kommer frem til destinasjonen, har vi alltid en lokal kontaktperson, en \u00abomr\u00e5derepresentant\u00bb eller en lokal koordinator p\u00e5 stedet. Denne personen er lokalkjent og hjelper deg om du trenger det. Du m\u00f8ter vedkommende regelmessig i l\u00f8pet av \u00e5ret.<\/p>\n<p>Vertsfamilien din kan hjelpe deg med \u00e5 komme i gang p\u00e5 skolen og f\u00e5 kontakt med andre utvekslingselever. Dersom foreldrene dine har sp\u00f8rsm\u00e5l mens du er borte, er det enklest for dem \u00e5 ringe oss p\u00e5 STS direkte.<\/p>\n<h2>Ring oss n\u00e5r som helst<\/h2>\n<p>Du er viktig for oss, og vi er opptatt av at du har det bra. Derfor skal du vite at du kan kontakte oss n\u00e5r som helst. F\u00f8r avreise gir vi deg et nummer som du kan kontakte oss p\u00e5 utenfor kontortid \u2013 d\u00f8gnet rundt. Det er en trygg og praktisk ordning.<\/p>\n<h2>Se mer \u2013 bli med ut p\u00e5 tur<\/h2>\n<p>Iblant trenger man en pause fra skole og lekser. Derfor arrangerer vi turer for alle v\u00e5re utvekslingselever p\u00e5 mange av v\u00e5re destinasjoner, disse turene er en fin anledning til \u00e5 se mer av ditt nye land. Du f\u00e5r all n\u00f8dvendig informasjon om disse turene av omr\u00e5derepresentanten din. Disse turene er ikke inkludert i programavgiften, og de varierer fra land til land.<\/p>\n<p><a href=\"https:\/\/www.sts-education.com\/no\/high-school\/destinasjoner\/\">Du kan lese om de ulike landene her<\/a>.<\/p>\n<\/div><\/div><\/div>\n","protected":false},"excerpt":{"rendered":"","protected":false},"author":20,"featured_media":0,"parent":10869,"menu_order":0,"comment_status":"closed","ping_status":"closed","template":"templates\/template-default-with-breadcrumbs.php","meta":{"_acf_changed":false,"sts_page_background_color":"","footnotes":""},"wpw_page_folders":[83],"class_list":["post-10903","page","type-page","status-publish","hentry"],"acf":[],"yoast_head":"<!-- This site is optimized with the Yoast SEO Premium plugin v27.2 (Yoast SEO v27.3) - https:\/\/yoast.com\/product\/yoast-seo-premium-wordpress\/ -->\n<title>Vi er her for \u00e5 hjelpe deg i l\u00f8pet av utvekslings\u00e5ret ditt | STS<\/title>\n<meta name=\"description\" content=\"N\u00e5r du drar p\u00e5 utvekslings\u00e5r i utlandet med oss, er vi der for \u00e5 hjelpe deg d\u00f8gnet rundt. Trygt og praktisk.\" \/>\n<meta name=\"robots\" content=\"index, follow, max-snippet:-1, max-image-preview:large, max-video-preview:-1\" \/>\n<link rel=\"canonical\" href=\"https:\/\/www.sts-education.com\/no\/high-school\/i-lopet-av-utenlandsoppholdet\/vi-er-her-for-deg\/\" \/>\n<meta property=\"og:locale\" content=\"nb_NO\" \/>\n<meta property=\"og:type\" content=\"article\" \/>\n<meta property=\"og:title\" content=\"Vi Er Her For Deg\" \/>\n<meta property=\"og:description\" content=\"N\u00e5r du drar p\u00e5 utvekslings\u00e5r i utlandet med oss, er vi der for \u00e5 hjelpe deg d\u00f8gnet rundt. Trygt og praktisk.\" \/>\n<meta property=\"og:url\" content=\"https:\/\/www.sts-education.com\/no\/high-school\/i-lopet-av-utenlandsoppholdet\/vi-er-her-for-deg\/\" \/>\n<meta property=\"og:site_name\" content=\"STS Education\" \/>\n<meta property=\"article:modified_time\" content=\"2026-04-14T09:56:49+00:00\" \/>\n<meta property=\"og:image\" content=\"https:\/\/cdn.sts-education.com\/12567_hero_lg_xl.jpg\" \/>\n<meta name=\"twitter:card\" content=\"summary_large_image\" \/>\n<meta name=\"twitter:label1\" content=\"Ansl. lesetid\" \/>\n\t<meta name=\"twitter:data1\" content=\"2 minutter\" \/>\n<script type=\"application\/ld+json\" class=\"yoast-schema-graph\">{\"@context\":\"https:\\\/\\\/schema.org\",\"@graph\":[{\"@type\":\"WebPage\",\"@id\":\"https:\\\/\\\/www.sts-education.com\\\/no\\\/high-school\\\/i-lopet-av-utenlandsoppholdet\\\/vi-er-her-for-deg\\\/\",\"url\":\"https:\\\/\\\/www.sts-education.com\\\/no\\\/high-school\\\/i-lopet-av-utenlandsoppholdet\\\/vi-er-her-for-deg\\\/\",\"name\":\"Vi er her for \u00e5 hjelpe deg i l\u00f8pet av utvekslings\u00e5ret ditt | STS\",\"isPartOf\":{\"@id\":\"https:\\\/\\\/www.sts-education.com\\\/no\\\/#website\"},\"primaryImageOfPage\":{\"@id\":\"https:\\\/\\\/www.sts-education.com\\\/no\\\/high-school\\\/i-lopet-av-utenlandsoppholdet\\\/vi-er-her-for-deg\\\/#primaryimage\"},\"image\":{\"@id\":\"https:\\\/\\\/www.sts-education.com\\\/no\\\/high-school\\\/i-lopet-av-utenlandsoppholdet\\\/vi-er-her-for-deg\\\/#primaryimage\"},\"thumbnailUrl\":\"https:\\\/\\\/cdn.sts-education.com\\\/12567_hero_lg_xl.jpg\",\"datePublished\":\"2025-12-16T10:12:07+00:00\",\"dateModified\":\"2026-04-14T09:56:49+00:00\",\"description\":\"N\u00e5r du drar p\u00e5 utvekslings\u00e5r i utlandet med oss, er vi der for \u00e5 hjelpe deg d\u00f8gnet rundt. Trygt og praktisk.\",\"breadcrumb\":{\"@id\":\"https:\\\/\\\/www.sts-education.com\\\/no\\\/high-school\\\/i-lopet-av-utenlandsoppholdet\\\/vi-er-her-for-deg\\\/#breadcrumb\"},\"inLanguage\":\"nb-NO\",\"potentialAction\":[{\"@type\":\"ReadAction\",\"target\":[\"https:\\\/\\\/www.sts-education.com\\\/no\\\/high-school\\\/i-lopet-av-utenlandsoppholdet\\\/vi-er-her-for-deg\\\/\"]}]},{\"@type\":\"ImageObject\",\"inLanguage\":\"nb-NO\",\"@id\":\"https:\\\/\\\/www.sts-education.com\\\/no\\\/high-school\\\/i-lopet-av-utenlandsoppholdet\\\/vi-er-her-for-deg\\\/#primaryimage\",\"url\":\"https:\\\/\\\/cdn.sts-education.com\\\/12567_hero_lg_xl.jpg\",\"contentUrl\":\"https:\\\/\\\/cdn.sts-education.com\\\/12567_hero_lg_xl.jpg\"},{\"@type\":\"BreadcrumbList\",\"@id\":\"https:\\\/\\\/www.sts-education.com\\\/no\\\/high-school\\\/i-lopet-av-utenlandsoppholdet\\\/vi-er-her-for-deg\\\/#breadcrumb\",\"itemListElement\":[{\"@type\":\"ListItem\",\"position\":1,\"name\":\"Home\",\"item\":\"https:\\\/\\\/www.sts-education.com\\\/no\\\/\"},{\"@type\":\"ListItem\",\"position\":2,\"name\":\"High school\",\"item\":\"https:\\\/\\\/www.sts-education.com\\\/no\\\/high-school\\\/\"},{\"@type\":\"ListItem\",\"position\":3,\"name\":\"I Lopet Av Utenlandsoppholdet\",\"item\":\"https:\\\/\\\/www.sts-education.com\\\/no\\\/high-school\\\/i-lopet-av-utenlandsoppholdet\\\/\"},{\"@type\":\"ListItem\",\"position\":4,\"name\":\"Vi Er Her For Deg\"}]},{\"@type\":\"WebSite\",\"@id\":\"https:\\\/\\\/www.sts-education.com\\\/no\\\/#website\",\"url\":\"https:\\\/\\\/www.sts-education.com\\\/no\\\/\",\"name\":\"STS Education\",\"description\":\"\",\"potentialAction\":[{\"@type\":\"SearchAction\",\"target\":{\"@type\":\"EntryPoint\",\"urlTemplate\":\"https:\\\/\\\/www.sts-education.com\\\/no\\\/?s={search_term_string}\"},\"query-input\":{\"@type\":\"PropertyValueSpecification\",\"valueRequired\":true,\"valueName\":\"search_term_string\"}}],\"inLanguage\":\"nb-NO\"}]}<\/script>\n<!-- \/ Yoast SEO Premium plugin. -->","yoast_head_json":{"title":"Vi er her for \u00e5 hjelpe deg i l\u00f8pet av utvekslings\u00e5ret ditt | STS","description":"N\u00e5r du drar p\u00e5 utvekslings\u00e5r i utlandet med oss, er vi der for \u00e5 hjelpe deg d\u00f8gnet rundt. Trygt og praktisk.","robots":{"index":"index","follow":"follow","max-snippet":"max-snippet:-1","max-image-preview":"max-image-preview:large","max-video-preview":"max-video-preview:-1"},"canonical":"https:\/\/www.sts-education.com\/no\/high-school\/i-lopet-av-utenlandsoppholdet\/vi-er-her-for-deg\/","og_locale":"nb_NO","og_type":"article","og_title":"Vi Er Her For Deg","og_description":"N\u00e5r du drar p\u00e5 utvekslings\u00e5r i utlandet med oss, er vi der for \u00e5 hjelpe deg d\u00f8gnet rundt. Trygt og praktisk.","og_url":"https:\/\/www.sts-education.com\/no\/high-school\/i-lopet-av-utenlandsoppholdet\/vi-er-her-for-deg\/","og_site_name":"STS Education","article_modified_time":"2026-04-14T09:56:49+00:00","og_image":[{"url":"https:\/\/cdn.sts-education.com\/12567_hero_lg_xl.jpg","type":"","width":"","height":""}],"twitter_card":"summary_large_image","twitter_misc":{"Ansl. lesetid":"2 minutter"},"schema":{"@context":"https:\/\/schema.org","@graph":[{"@type":"WebPage","@id":"https:\/\/www.sts-education.com\/no\/high-school\/i-lopet-av-utenlandsoppholdet\/vi-er-her-for-deg\/","url":"https:\/\/www.sts-education.com\/no\/high-school\/i-lopet-av-utenlandsoppholdet\/vi-er-her-for-deg\/","name":"Vi er her for \u00e5 hjelpe deg i l\u00f8pet av utvekslings\u00e5ret ditt | STS","isPartOf":{"@id":"https:\/\/www.sts-education.com\/no\/#website"},"primaryImageOfPage":{"@id":"https:\/\/www.sts-education.com\/no\/high-school\/i-lopet-av-utenlandsoppholdet\/vi-er-her-for-deg\/#primaryimage"},"image":{"@id":"https:\/\/www.sts-education.com\/no\/high-school\/i-lopet-av-utenlandsoppholdet\/vi-er-her-for-deg\/#primaryimage"},"thumbnailUrl":"https:\/\/cdn.sts-education.com\/12567_hero_lg_xl.jpg","datePublished":"2025-12-16T10:12:07+00:00","dateModified":"2026-04-14T09:56:49+00:00","description":"N\u00e5r du drar p\u00e5 utvekslings\u00e5r i utlandet med oss, er vi der for \u00e5 hjelpe deg d\u00f8gnet rundt. Trygt og praktisk.","breadcrumb":{"@id":"https:\/\/www.sts-education.com\/no\/high-school\/i-lopet-av-utenlandsoppholdet\/vi-er-her-for-deg\/#breadcrumb"},"inLanguage":"nb-NO","potentialAction":[{"@type":"ReadAction","target":["https:\/\/www.sts-education.com\/no\/high-school\/i-lopet-av-utenlandsoppholdet\/vi-er-her-for-deg\/"]}]},{"@type":"ImageObject","inLanguage":"nb-NO","@id":"https:\/\/www.sts-education.com\/no\/high-school\/i-lopet-av-utenlandsoppholdet\/vi-er-her-for-deg\/#primaryimage","url":"https:\/\/cdn.sts-education.com\/12567_hero_lg_xl.jpg","contentUrl":"https:\/\/cdn.sts-education.com\/12567_hero_lg_xl.jpg"},{"@type":"BreadcrumbList","@id":"https:\/\/www.sts-education.com\/no\/high-school\/i-lopet-av-utenlandsoppholdet\/vi-er-her-for-deg\/#breadcrumb","itemListElement":[{"@type":"ListItem","position":1,"name":"Home","item":"https:\/\/www.sts-education.com\/no\/"},{"@type":"ListItem","position":2,"name":"High school","item":"https:\/\/www.sts-education.com\/no\/high-school\/"},{"@type":"ListItem","position":3,"name":"I Lopet Av Utenlandsoppholdet","item":"https:\/\/www.sts-education.com\/no\/high-school\/i-lopet-av-utenlandsoppholdet\/"},{"@type":"ListItem","position":4,"name":"Vi Er Her For Deg"}]},{"@type":"WebSite","@id":"https:\/\/www.sts-education.com\/no\/#website","url":"https:\/\/www.sts-education.com\/no\/","name":"STS Education","description":"","potentialAction":[{"@type":"SearchAction","target":{"@type":"EntryPoint","urlTemplate":"https:\/\/www.sts-education.com\/no\/?s={search_term_string}"},"query-input":{"@type":"PropertyValueSpecification","valueRequired":true,"valueName":"search_term_string"}}],"inLanguage":"nb-NO"}]}},"_links":{"self":[{"href":"https:\/\/www.sts-education.com\/no\/wp-json\/wp\/v2\/pages\/10903","targetHints":{"allow":["GET"]}}],"collection":[{"href":"https:\/\/www.sts-education.com\/no\/wp-json\/wp\/v2\/pages"}],"about":[{"href":"https:\/\/www.sts-education.com\/no\/wp-json\/wp\/v2\/types\/page"}],"author":[{"embeddable":true,"href":"https:\/\/www.sts-education.com\/no\/wp-json\/wp\/v2\/users\/20"}],"replies":[{"embeddable":true,"href":"https:\/\/www.sts-education.com\/no\/wp-json\/wp\/v2\/comments?post=10903"}],"version-history":[{"count":5,"href":"https:\/\/www.sts-education.com\/no\/wp-json\/wp\/v2\/pages\/10903\/revisions"}],"predecessor-version":[{"id":33398,"href":"https:\/\/www.sts-education.com\/no\/wp-json\/wp\/v2\/pages\/10903\/revisions\/33398"}],"up":[{"embeddable":true,"href":"https:\/\/www.sts-education.com\/no\/wp-json\/wp\/v2\/pages\/10869"}],"wp:attachment":[{"href":"https:\/\/www.sts-education.com\/no\/wp-json\/wp\/v2\/media?parent=10903"}],"wp:term":[{"taxonomy":"wpw_page_folders","embeddable":true,"href":"https:\/\/www.sts-education.com\/no\/wp-json\/wp\/v2\/wpw_page_folders?post=10903"}],"curies":[{"name":"wp","href":"https:\/\/api.w.org\/{rel}","templated":true}]}}