{"id":10904,"date":"2025-12-16T10:13:17","date_gmt":"2025-12-16T10:13:17","guid":{"rendered":"https:\/\/preprod.sts-education.com\/high-school\/i-lopet-av-utenlandsoppholdet\/welcome-camp\/"},"modified":"2026-04-01T01:28:50","modified_gmt":"2026-04-01T01:28:50","slug":"welcome-camp","status":"publish","type":"page","link":"https:\/\/www.sts-education.com\/no\/high-school\/i-lopet-av-utenlandsoppholdet\/welcome-camp\/","title":{"rendered":"Welcome Camp"},"content":{"rendered":"\n<section class=\"wp-block-sts-hero sts-block-hero is-variant-full-background has-text-light has-background-media\" style=\"--sts-hero-padding-mobile:0px;--sts-hero-padding-desktop:0px;--sts-hero-text-color:var(--wp--preset--color--base-10, #fff);\" data-variant=\"full-background\"><div class=\"sts-block-hero__background\"><picture class=\"sts-responsive-image has-fit-cover is-skeleton\"><img src=\"https:\/\/cdn.sts-education.com\/12570_hero_lg_xl.jpg\" alt=\"Welcome Camp er inkludert\" loading=\"lazy\" decoding=\"async\" fetchpriority=\"low\" sizes=\"100vw\" \/><\/picture><span class=\"sts-block-hero__overlay\" aria-hidden=\"true\"><\/span><\/div><div class=\"sts-block-hero__inner\"><div class=\"sts-block-hero__content has-align-center\"><div class=\"sts-block-hero__content-inner\"><h1 class=\"sts-block-hero__heading\">Welcome Camp er inkludert<\/h1><\/div><\/div><\/div><\/section>\n\n\n\n<div class=\"wp-block-sts-text sts-text-editor has-max-width-md\"><div class=\"sts-text-editor__content\"><div class=\"sts-text-editor__content-inner\">\n<p>For \u00e5 gi deg den perfekte introduksjonen begynner utenlandsoppholdet p\u00e5 nesten alle destinasjoner med STS Welcome Camp, som er inkludert i programavgiften. Den skal fungere som en slags \u00abmyk landing\u00bb hvor du f\u00e5r mulighet til \u00e5 m\u00f8te andre STS-elever og skaffe deg en oversikt over hva du kan vente deg av eventyret du nettopp har lagt ut p\u00e5. Welcome Camp gir deg den beste mulige starten p\u00e5 eventyret, og du f\u00e5r sjansen til \u00e5 m\u00f8te mange andre elever fra hele verden som ogs\u00e5 nettopp har begynt p\u00e5 sitt \u00e5r i utlandet.<\/p>\n\n<p>V\u00e5re Welcome Camps blir arrangert i litt st\u00f8rre og mer kjente byer og strekker seg over flere dager. Hvilket land og hvilken by leiren arrangeres i, kommer an p\u00e5 hvor du skal ta utenlandsoppholdet ditt. Men det som er sikkert, er at den vil by p\u00e5 interessante workshops og morsomme aktiviteter med diverse temaer som kan v\u00e6re nyttige for deg under utvekslingen. Det kan for eksempel v\u00e6re hvordan man takler hjemlengsel og tilpasser seg et nytt hjem, hva du gj\u00f8r om du trenger hjelp eller st\u00f8tte, og diverse annet.<\/p>\n\n<p>Du vil ogs\u00e5 f\u00e5 muligheten til \u00e5 utforske byen i form av sightseeing og bes\u00f8k p\u00e5 noen kjente steder. Alt dette gj\u00f8r du sammen med andre STS-elever som ogs\u00e5 nettopp har lagt ut p\u00e5 eventyr. Vi lover deg at du f\u00e5r minner for livet \u2013 og en perfekt start p\u00e5 utenlandsoppholdet. Etter STS Welcome Camp er du klar til \u00e5 reise til din egentlige destinasjon, m\u00f8te vertsfamilien og finne deg til rette.<\/p>\n\n<p><a href=\"\/no\/high-school\/tripfinder\/?q=\">Her kan du lese mer om v\u00e5re Welcome Camps i hvert enkelt land<\/a><\/p>\n<\/div><\/div><\/div>\n\n\n\n<figure class=\"wp-block-sts-image sts-block-image sts-block-image--count-1 has-max-width-md\" data-count=\"1\"><div class=\"sts-block-image__grid\"><div class=\"sts-block-image__item\"><picture class=\"sts-responsive-image has-fit-cover has-pos-top is-skeleton\"><img src=\"https:\/\/cdn.sts-education.com\/13063_hero_md.jpg\" alt=\"Welcome Camp er inkludert\" loading=\"lazy\" decoding=\"async\" fetchpriority=\"low\" sizes=\"(max-width: 736px) 100vw, 736px\"\/><\/picture><\/div><\/div><\/figure>\n\n\n\n<div class=\"wp-block-sts-text sts-text-editor has-max-width-md\"><div class=\"sts-text-editor__content\"><div class=\"sts-text-editor__content-inner\">\n<p><em>\u00abWelcome Camp var absolutt et av h\u00f8ydepunktene og en fantastisk start p\u00e5 \u00e5ret som utvekslingselev. Jeg har fortsatt kontakt med mange fra leiren. Alle de ulike aktivitetene gjorde at jeg f\u00f8lte meg mye bedre forberedt p\u00e5 \u00e5ret. Jeg skulle gjerne ha opplevd de dagene igjen om det var mulig!\u00bb<\/em><\/p>\n<p><em>Jessica, fra Sveits, deltok p\u00e5 STS Welcome Camp i New York.<\/em><\/p>\n<\/div><\/div><\/div>\n\n","protected":false},"excerpt":{"rendered":"","protected":false},"author":20,"featured_media":15895,"parent":10869,"menu_order":0,"comment_status":"closed","ping_status":"closed","template":"templates\/template-default-with-breadcrumbs.php","meta":{"_acf_changed":false,"sts_page_background_color":"","footnotes":""},"wpw_page_folders":[83],"class_list":["post-10904","page","type-page","status-publish","has-post-thumbnail","hentry"],"acf":[],"yoast_head":"<!-- This site is optimized with the Yoast SEO Premium plugin v27.2 (Yoast SEO v27.3) - https:\/\/yoast.com\/product\/yoast-seo-premium-wordpress\/ -->\n<title>Start utvekslings\u00e5ret med en Welcome Camp | STS<\/title>\n<meta name=\"description\" content=\"Kickstart utvekslings\u00e5ret ditt med v\u00e5r velkomstcamp og f\u00e5 den beste starten! M\u00f8t andre som er p\u00e5 samme reise, og finn ut mer om hva du kan forvente.\" \/>\n<meta name=\"robots\" content=\"index, follow, max-snippet:-1, max-image-preview:large, max-video-preview:-1\" \/>\n<link rel=\"canonical\" href=\"https:\/\/www.sts-education.com\/no\/high-school\/i-lopet-av-utenlandsoppholdet\/welcome-camp\/\" \/>\n<meta property=\"og:locale\" content=\"nb_NO\" \/>\n<meta property=\"og:type\" content=\"article\" \/>\n<meta property=\"og:title\" content=\"Welcome Camp\" \/>\n<meta property=\"og:description\" content=\"Kickstart utvekslings\u00e5ret ditt med v\u00e5r velkomstcamp og f\u00e5 den beste starten! M\u00f8t andre som er p\u00e5 samme reise, og finn ut mer om hva du kan forvente.\" \/>\n<meta property=\"og:url\" content=\"https:\/\/www.sts-education.com\/no\/high-school\/i-lopet-av-utenlandsoppholdet\/welcome-camp\/\" \/>\n<meta property=\"og:site_name\" content=\"STS Education\" \/>\n<meta property=\"article:modified_time\" content=\"2026-04-01T01:28:50+00:00\" \/>\n<meta property=\"og:image\" content=\"https:\/\/powered-by.qbank.se\/educatius\/sts\/\/97cdc9382a1d068b806b8d3eacbd0cae_1-1-thumb.webp\" \/>\n\t<meta property=\"og:image:width\" content=\"150\" \/>\n\t<meta property=\"og:image:height\" content=\"150\" \/>\n\t<meta property=\"og:image:type\" content=\"image\/jpeg\" \/>\n<meta name=\"twitter:card\" content=\"summary_large_image\" \/>\n<meta name=\"twitter:label1\" content=\"Ansl. lesetid\" \/>\n\t<meta name=\"twitter:data1\" content=\"2 minutter\" \/>\n<script type=\"application\/ld+json\" class=\"yoast-schema-graph\">{\"@context\":\"https:\\\/\\\/schema.org\",\"@graph\":[{\"@type\":\"WebPage\",\"@id\":\"https:\\\/\\\/www.sts-education.com\\\/no\\\/high-school\\\/i-lopet-av-utenlandsoppholdet\\\/welcome-camp\\\/\",\"url\":\"https:\\\/\\\/www.sts-education.com\\\/no\\\/high-school\\\/i-lopet-av-utenlandsoppholdet\\\/welcome-camp\\\/\",\"name\":\"Start utvekslings\u00e5ret med en Welcome Camp | STS\",\"isPartOf\":{\"@id\":\"https:\\\/\\\/www.sts-education.com\\\/no\\\/#website\"},\"primaryImageOfPage\":{\"@id\":\"https:\\\/\\\/www.sts-education.com\\\/no\\\/high-school\\\/i-lopet-av-utenlandsoppholdet\\\/welcome-camp\\\/#primaryimage\"},\"image\":{\"@id\":\"https:\\\/\\\/www.sts-education.com\\\/no\\\/high-school\\\/i-lopet-av-utenlandsoppholdet\\\/welcome-camp\\\/#primaryimage\"},\"thumbnailUrl\":\"https:\\\/\\\/powered-by.qbank.se\\\/educatius\\\/sts\\\/\\\/97cdc9382a1d068b806b8d3eacbd0cae_1-1-thumb.webp\",\"datePublished\":\"2025-12-16T10:13:17+00:00\",\"dateModified\":\"2026-04-01T01:28:50+00:00\",\"description\":\"Kickstart utvekslings\u00e5ret ditt med v\u00e5r velkomstcamp og f\u00e5 den beste starten! M\u00f8t andre som er p\u00e5 samme reise, og finn ut mer om hva du kan forvente.\",\"breadcrumb\":{\"@id\":\"https:\\\/\\\/www.sts-education.com\\\/no\\\/high-school\\\/i-lopet-av-utenlandsoppholdet\\\/welcome-camp\\\/#breadcrumb\"},\"inLanguage\":\"nb-NO\",\"potentialAction\":[{\"@type\":\"ReadAction\",\"target\":[\"https:\\\/\\\/www.sts-education.com\\\/no\\\/high-school\\\/i-lopet-av-utenlandsoppholdet\\\/welcome-camp\\\/\"]}]},{\"@type\":\"ImageObject\",\"inLanguage\":\"nb-NO\",\"@id\":\"https:\\\/\\\/www.sts-education.com\\\/no\\\/high-school\\\/i-lopet-av-utenlandsoppholdet\\\/welcome-camp\\\/#primaryimage\",\"url\":\"https:\\\/\\\/powered-by.qbank.se\\\/educatius\\\/sts\\\/\\\/97cdc9382a1d068b806b8d3eacbd0cae_1-1-thumb.webp\",\"contentUrl\":\"https:\\\/\\\/powered-by.qbank.se\\\/educatius\\\/sts\\\/\\\/97cdc9382a1d068b806b8d3eacbd0cae_1-1-thumb.webp\",\"width\":150,\"height\":150},{\"@type\":\"BreadcrumbList\",\"@id\":\"https:\\\/\\\/www.sts-education.com\\\/no\\\/high-school\\\/i-lopet-av-utenlandsoppholdet\\\/welcome-camp\\\/#breadcrumb\",\"itemListElement\":[{\"@type\":\"ListItem\",\"position\":1,\"name\":\"Home\",\"item\":\"https:\\\/\\\/www.sts-education.com\\\/no\\\/\"},{\"@type\":\"ListItem\",\"position\":2,\"name\":\"High school\",\"item\":\"https:\\\/\\\/www.sts-education.com\\\/no\\\/high-school\\\/\"},{\"@type\":\"ListItem\",\"position\":3,\"name\":\"I Lopet Av Utenlandsoppholdet\",\"item\":\"https:\\\/\\\/www.sts-education.com\\\/no\\\/high-school\\\/i-lopet-av-utenlandsoppholdet\\\/\"},{\"@type\":\"ListItem\",\"position\":4,\"name\":\"Welcome Camp\"}]},{\"@type\":\"WebSite\",\"@id\":\"https:\\\/\\\/www.sts-education.com\\\/no\\\/#website\",\"url\":\"https:\\\/\\\/www.sts-education.com\\\/no\\\/\",\"name\":\"STS Education\",\"description\":\"\",\"potentialAction\":[{\"@type\":\"SearchAction\",\"target\":{\"@type\":\"EntryPoint\",\"urlTemplate\":\"https:\\\/\\\/www.sts-education.com\\\/no\\\/?s={search_term_string}\"},\"query-input\":{\"@type\":\"PropertyValueSpecification\",\"valueRequired\":true,\"valueName\":\"search_term_string\"}}],\"inLanguage\":\"nb-NO\"}]}<\/script>\n<!-- \/ Yoast SEO Premium plugin. -->","yoast_head_json":{"title":"Start utvekslings\u00e5ret med en Welcome Camp | STS","description":"Kickstart utvekslings\u00e5ret ditt med v\u00e5r velkomstcamp og f\u00e5 den beste starten! M\u00f8t andre som er p\u00e5 samme reise, og finn ut mer om hva du kan forvente.","robots":{"index":"index","follow":"follow","max-snippet":"max-snippet:-1","max-image-preview":"max-image-preview:large","max-video-preview":"max-video-preview:-1"},"canonical":"https:\/\/www.sts-education.com\/no\/high-school\/i-lopet-av-utenlandsoppholdet\/welcome-camp\/","og_locale":"nb_NO","og_type":"article","og_title":"Welcome Camp","og_description":"Kickstart utvekslings\u00e5ret ditt med v\u00e5r velkomstcamp og f\u00e5 den beste starten! M\u00f8t andre som er p\u00e5 samme reise, og finn ut mer om hva du kan forvente.","og_url":"https:\/\/www.sts-education.com\/no\/high-school\/i-lopet-av-utenlandsoppholdet\/welcome-camp\/","og_site_name":"STS Education","article_modified_time":"2026-04-01T01:28:50+00:00","og_image":[{"width":150,"height":150,"url":"https:\/\/powered-by.qbank.se\/educatius\/sts\/\/97cdc9382a1d068b806b8d3eacbd0cae_1-1-thumb.webp","type":"image\/jpeg"}],"twitter_card":"summary_large_image","twitter_misc":{"Ansl. lesetid":"2 minutter"},"schema":{"@context":"https:\/\/schema.org","@graph":[{"@type":"WebPage","@id":"https:\/\/www.sts-education.com\/no\/high-school\/i-lopet-av-utenlandsoppholdet\/welcome-camp\/","url":"https:\/\/www.sts-education.com\/no\/high-school\/i-lopet-av-utenlandsoppholdet\/welcome-camp\/","name":"Start utvekslings\u00e5ret med en Welcome Camp | STS","isPartOf":{"@id":"https:\/\/www.sts-education.com\/no\/#website"},"primaryImageOfPage":{"@id":"https:\/\/www.sts-education.com\/no\/high-school\/i-lopet-av-utenlandsoppholdet\/welcome-camp\/#primaryimage"},"image":{"@id":"https:\/\/www.sts-education.com\/no\/high-school\/i-lopet-av-utenlandsoppholdet\/welcome-camp\/#primaryimage"},"thumbnailUrl":"https:\/\/powered-by.qbank.se\/educatius\/sts\/\/97cdc9382a1d068b806b8d3eacbd0cae_1-1-thumb.webp","datePublished":"2025-12-16T10:13:17+00:00","dateModified":"2026-04-01T01:28:50+00:00","description":"Kickstart utvekslings\u00e5ret ditt med v\u00e5r velkomstcamp og f\u00e5 den beste starten! M\u00f8t andre som er p\u00e5 samme reise, og finn ut mer om hva du kan forvente.","breadcrumb":{"@id":"https:\/\/www.sts-education.com\/no\/high-school\/i-lopet-av-utenlandsoppholdet\/welcome-camp\/#breadcrumb"},"inLanguage":"nb-NO","potentialAction":[{"@type":"ReadAction","target":["https:\/\/www.sts-education.com\/no\/high-school\/i-lopet-av-utenlandsoppholdet\/welcome-camp\/"]}]},{"@type":"ImageObject","inLanguage":"nb-NO","@id":"https:\/\/www.sts-education.com\/no\/high-school\/i-lopet-av-utenlandsoppholdet\/welcome-camp\/#primaryimage","url":"https:\/\/powered-by.qbank.se\/educatius\/sts\/\/97cdc9382a1d068b806b8d3eacbd0cae_1-1-thumb.webp","contentUrl":"https:\/\/powered-by.qbank.se\/educatius\/sts\/\/97cdc9382a1d068b806b8d3eacbd0cae_1-1-thumb.webp","width":150,"height":150},{"@type":"BreadcrumbList","@id":"https:\/\/www.sts-education.com\/no\/high-school\/i-lopet-av-utenlandsoppholdet\/welcome-camp\/#breadcrumb","itemListElement":[{"@type":"ListItem","position":1,"name":"Home","item":"https:\/\/www.sts-education.com\/no\/"},{"@type":"ListItem","position":2,"name":"High school","item":"https:\/\/www.sts-education.com\/no\/high-school\/"},{"@type":"ListItem","position":3,"name":"I Lopet Av Utenlandsoppholdet","item":"https:\/\/www.sts-education.com\/no\/high-school\/i-lopet-av-utenlandsoppholdet\/"},{"@type":"ListItem","position":4,"name":"Welcome Camp"}]},{"@type":"WebSite","@id":"https:\/\/www.sts-education.com\/no\/#website","url":"https:\/\/www.sts-education.com\/no\/","name":"STS Education","description":"","potentialAction":[{"@type":"SearchAction","target":{"@type":"EntryPoint","urlTemplate":"https:\/\/www.sts-education.com\/no\/?s={search_term_string}"},"query-input":{"@type":"PropertyValueSpecification","valueRequired":true,"valueName":"search_term_string"}}],"inLanguage":"nb-NO"}]}},"_links":{"self":[{"href":"https:\/\/www.sts-education.com\/no\/wp-json\/wp\/v2\/pages\/10904","targetHints":{"allow":["GET"]}}],"collection":[{"href":"https:\/\/www.sts-education.com\/no\/wp-json\/wp\/v2\/pages"}],"about":[{"href":"https:\/\/www.sts-education.com\/no\/wp-json\/wp\/v2\/types\/page"}],"author":[{"embeddable":true,"href":"https:\/\/www.sts-education.com\/no\/wp-json\/wp\/v2\/users\/20"}],"replies":[{"embeddable":true,"href":"https:\/\/www.sts-education.com\/no\/wp-json\/wp\/v2\/comments?post=10904"}],"version-history":[{"count":2,"href":"https:\/\/www.sts-education.com\/no\/wp-json\/wp\/v2\/pages\/10904\/revisions"}],"predecessor-version":[{"id":20138,"href":"https:\/\/www.sts-education.com\/no\/wp-json\/wp\/v2\/pages\/10904\/revisions\/20138"}],"up":[{"embeddable":true,"href":"https:\/\/www.sts-education.com\/no\/wp-json\/wp\/v2\/pages\/10869"}],"wp:featuredmedia":[{"embeddable":true,"href":"https:\/\/www.sts-education.com\/no\/wp-json\/wp\/v2\/media\/15895"}],"wp:attachment":[{"href":"https:\/\/www.sts-education.com\/no\/wp-json\/wp\/v2\/media?parent=10904"}],"wp:term":[{"taxonomy":"wpw_page_folders","embeddable":true,"href":"https:\/\/www.sts-education.com\/no\/wp-json\/wp\/v2\/wpw_page_folders?post=10904"}],"curies":[{"name":"wp","href":"https:\/\/api.w.org\/{rel}","templated":true}]}}