{"id":10910,"date":"2025-12-16T10:24:56","date_gmt":"2025-12-16T08:24:56","guid":{"rendered":"https:\/\/preprod.sts-education.com\/om-sts\/karriere\/intervju-lucas\/"},"modified":"2026-04-30T10:42:53","modified_gmt":"2026-04-30T08:42:53","slug":"intervju-lucas","status":"publish","type":"page","link":"https:\/\/www.sts-education.com\/no\/om-sts\/karriere\/intervju-lucas\/","title":{"rendered":"Intervju Lucas"},"content":{"rendered":"\n<div class=\"wp-block-sts-text sts-text-editor has-max-width-md\"><div class=\"sts-text-editor__content\"><div class=\"sts-text-editor__content-inner\">\n<h1>Lucas Kehrein, lokal koordinator (LC)<\/h1>\n<\/div><\/div><\/div>\n\n\n\n<div class=\"wp-block-sts-text sts-text-editor has-max-width-md\"><div class=\"sts-text-editor__content\"><div class=\"sts-text-editor__content-inner\">\n<p><em>Lucas var STS-utvekslingselev i Minnesota i USA i 2015\/16. Familien hans i Sverige har v\u00e6rt vertsfamilie tre ganger. Lucas har jobbet som lokal koordinator (LC) i 2022 og 2023.<\/em><\/p>\n<\/div><\/div><\/div>\n\n\n\n<figure class=\"wp-block-sts-image sts-block-image sts-block-image--count-1 has-max-width-md\" data-count=\"1\"><div class=\"sts-block-image__grid\"><div class=\"sts-block-image__item\"><picture class=\"sts-responsive-image has-fit-cover has-pos-top is-skeleton\"><source media=\"(max-width: 834.98px)\" srcset=\"https:\/\/powered-by.qbank.se\/educatius\/sts\/40772d79fcee172a2a2eec9de43b95c2_1-1-thumb.webp 150w, https:\/\/powered-by.qbank.se\/educatius\/sts\/40772d79fcee172a2a2eec9de43b95c2_1-1-xsmall.webp 500w, https:\/\/powered-by.qbank.se\/educatius\/sts\/40772d79fcee172a2a2eec9de43b95c2_1-1-small.webp 800w, https:\/\/powered-by.qbank.se\/educatius\/sts\/40772d79fcee172a2a2eec9de43b95c2_1-1-medium.webp 1024w, https:\/\/powered-by.qbank.se\/educatius\/sts\/40772d79fcee172a2a2eec9de43b95c2_1-1-large.webp 1536w\" sizes=\"(max-width: 736px) 100vw, 736px\" type=\"image\/webp\" \/><source media=\"(min-width: 835px)\" srcset=\"https:\/\/powered-by.qbank.se\/educatius\/sts\/40772d79fcee172a2a2eec9de43b95c2_1-1-thumb.webp 150w, https:\/\/powered-by.qbank.se\/educatius\/sts\/40772d79fcee172a2a2eec9de43b95c2_1-1-xsmall.webp 500w, https:\/\/powered-by.qbank.se\/educatius\/sts\/40772d79fcee172a2a2eec9de43b95c2_1-1-small.webp 800w, https:\/\/powered-by.qbank.se\/educatius\/sts\/40772d79fcee172a2a2eec9de43b95c2_1-1-medium.webp 1024w, https:\/\/powered-by.qbank.se\/educatius\/sts\/40772d79fcee172a2a2eec9de43b95c2_1-1-large.webp 1536w\" sizes=\"(max-width: 736px) 100vw, 736px\" type=\"image\/webp\" \/><img src=\"https:\/\/powered-by.qbank.se\/educatius\/sts\/40772d79fcee172a2a2eec9de43b95c2_1-1-thumb.webp\" alt=\"\" loading=\"lazy\" decoding=\"async\" fetchpriority=\"low\" style=\"object-position:top\" \/><\/picture><\/div><\/div><\/figure>\n\n\n\n<div class=\"wp-block-sts-text sts-text-editor has-max-width-md\"><div class=\"sts-text-editor__content\"><div class=\"sts-text-editor__content-inner\">\n<p><strong>Hvor mange elever har du v\u00e6rt LC for?<\/strong><br \/>Jeg har v\u00e6rt LC for fire elever: \u00e9n fra USA, to fra Tyskland og \u00e9n fra Brasil. Det var herlige folk, alle sammen!<\/p>\n<p><strong>Hva inneb\u00e6rer det \u00e5 v\u00e6re LC?<\/strong><br \/>Som LC skal du v\u00e6re et slags bindeledd mellom og v\u00e6re til hjelp for b\u00e5de utvekslingseleven og vertsfamilien. Ansvarsomr\u00e5dene varierer noe, men det viktigste er \u00e5 s\u00f8rge for at utvekslingseleven og vertsfamilien er forn\u00f8yde. Det er ikke alltid s\u00e5 lett \u00e5 v\u00e6re utvekslingselev, men som LC kan du bidra til at eleven f\u00e5r en fin opplevelse. Det kan v\u00e6re alt fra \u00e5 ta en kaffe, dra p\u00e5 bowling eller noe annet du synes er artig. Jeg har ogs\u00e5 tatt med alle utvekslingselevene mine p\u00e5 paintball med lillebroren min, som ogs\u00e5 har v\u00e6rt p\u00e5 utveksling. En annen del av jobben er \u00e5 finne nye vertsfamilier. STS\u2019 ansatte er veldig hjelpsomme. Jeg har alltid f\u00e5tt hjelp n\u00e5r jeg har hatt sp\u00f8rsm\u00e5l eller bekymringer.<\/p>\n<p><strong>Hvorfor ville du bli LC?<\/strong><br \/>Jeg kan relatere meg veldig til b\u00e5de rollen som utvekslingselev og vertsfamilie, s\u00e5 jeg tenkte at jeg kunne bidra med mine erfaringer. Jeg har selv v\u00e6rt utvekslingselev, familien min har v\u00e6rt vertsfamilie, og jeg har dessuten jobbet i utlandet. I tillegg tenkte jeg det kunne v\u00e6re moro \u00e5 gj\u00f8re ting sammen med utvekslingselevene. Det har v\u00e6rt en stor fordel \u00e5 ha den bakgrunnen jeg har, men du trenger ikke \u00e5 ha samme erfaring som meg.<\/p>\n<p><strong>Hvordan har jobben p\u00e5virket deg?<\/strong><br \/>Jeg har f\u00e5tt nye venner \u2013 jeg holder kontakt med utvekslingselevene mine selv om jeg ikke lenger er LC-en deres. I tillegg er det veldig interessant og artig \u00e5 utveksle ideer og tanker om utvekslingselevenes kultur og sammenligne den med deres opplevelse av Sverige. Det har gitt meg et nytt syn p\u00e5 b\u00e5de Sverige og utvekslingselevenes hjemland.<\/p>\n<p><strong>Har du hatt noen store utfordringer?<\/strong><br \/>Den st\u00f8rste utfordringen er \u00e5 finne gode vertsfamilier.<\/p>\n<p><strong>Noen hyggelige minner du vil dele?<\/strong><br \/>Jeg var aktivitetsleder for den siste aktiviteten f\u00f8r utvekslingselevene dro hjem igjen. Det var utrolig morsomt \u00e5 h\u00f8re hvor flinke mange av dem hadde blitt i svensk. Jeg ble helt paff over hvor feilfritt den ene av dem snakket. Ellers m\u00e5 jeg si at alle kaf\u00e9bes\u00f8kene med utvekslingselevene har v\u00e6rt utrolig hyggelige \u2013 da har vi snakket om livet.<\/p>\n<p><strong>Vil du anbefale andre \u00e5 bli LC?<\/strong><br \/>Absolutt! Det er en fantastisk ekstrajobb og definitivt en verdifull erfaring.<\/p>\n<p><strong>Har du noen tips til fremtidige LC-er?<\/strong><br \/>V\u00e6r til stede for utvekslingseleven og familien \u2013 det er det viktigste. Pr\u00f8v \u00e5 finne p\u00e5 ting med utvekslingseleven annenhver m\u00e5ned eller noe. Det er verdifullt for eleven og hjelper deg \u00e5 bygge en god relasjon.<\/p>\n<p><strong>Har du fremdeles kontakt med noen av elevene dine?<\/strong><br \/>Ja, jeg har kontakt med alle de tidligere elevene mine.<\/p>\n<\/div><\/div><\/div>\n","protected":false},"excerpt":{"rendered":"","protected":false},"author":20,"featured_media":15905,"parent":10874,"menu_order":0,"comment_status":"closed","ping_status":"closed","template":"templates\/template-default-with-breadcrumbs.php","meta":{"_acf_changed":false,"sts_page_background_color":"","footnotes":""},"wpw_page_folders":[77],"class_list":["post-10910","page","type-page","status-publish","has-post-thumbnail","hentry"],"acf":[],"yoast_head":"<!-- This site is optimized with the Yoast SEO Premium plugin v27.2 (Yoast SEO v27.2) - https:\/\/yoast.com\/product\/yoast-seo-premium-wordpress\/ -->\n<title>Intervju Lucas<\/title>\n<meta name=\"robots\" content=\"index, follow, max-snippet:-1, max-image-preview:large, max-video-preview:-1\" \/>\n<link rel=\"canonical\" href=\"https:\/\/www.sts-education.com\/no\/om-sts\/karriere\/intervju-lucas\/\" \/>\n<meta property=\"og:locale\" content=\"nb_NO\" \/>\n<meta property=\"og:type\" content=\"article\" \/>\n<meta property=\"og:title\" content=\"Intervju Lucas\" \/>\n<meta property=\"og:url\" content=\"https:\/\/www.sts-education.com\/no\/om-sts\/karriere\/intervju-lucas\/\" \/>\n<meta property=\"og:site_name\" content=\"STS Education\" \/>\n<meta property=\"article:modified_time\" content=\"2026-04-30T08:42:53+00:00\" \/>\n<meta property=\"og:image\" content=\"https:\/\/powered-by.qbank.se\/educatius\/sts\/\/40772d79fcee172a2a2eec9de43b95c2_1-1-thumb.webp\" \/>\n\t<meta property=\"og:image:width\" content=\"150\" \/>\n\t<meta property=\"og:image:height\" content=\"150\" \/>\n\t<meta property=\"og:image:type\" content=\"image\/jpeg\" \/>\n<meta name=\"twitter:card\" content=\"summary_large_image\" \/>\n<meta name=\"twitter:label1\" content=\"Ansl. lesetid\" \/>\n\t<meta name=\"twitter:data1\" content=\"4 minutter\" \/>\n<script type=\"application\/ld+json\" class=\"yoast-schema-graph\">{\"@context\":\"https:\/\/schema.org\",\"@graph\":[{\"@type\":\"WebPage\",\"@id\":\"https:\/\/www.sts-education.com\/no\/om-sts\/karriere\/intervju-lucas\/\",\"url\":\"https:\/\/www.sts-education.com\/no\/om-sts\/karriere\/intervju-lucas\/\",\"name\":\"Intervju Lucas\",\"isPartOf\":{\"@id\":\"https:\/\/www.sts-education.com\/no\/#website\"},\"primaryImageOfPage\":{\"@id\":\"https:\/\/www.sts-education.com\/no\/om-sts\/karriere\/intervju-lucas\/#primaryimage\"},\"image\":{\"@id\":\"https:\/\/www.sts-education.com\/no\/om-sts\/karriere\/intervju-lucas\/#primaryimage\"},\"thumbnailUrl\":\"https:\/\/powered-by.qbank.se\/educatius\/sts\/\/40772d79fcee172a2a2eec9de43b95c2_1-1-thumb.webp\",\"datePublished\":\"2025-12-16T08:24:56+00:00\",\"dateModified\":\"2026-04-30T08:42:53+00:00\",\"breadcrumb\":{\"@id\":\"https:\/\/www.sts-education.com\/no\/om-sts\/karriere\/intervju-lucas\/#breadcrumb\"},\"inLanguage\":\"nb-NO\",\"potentialAction\":[{\"@type\":\"ReadAction\",\"target\":[\"https:\/\/www.sts-education.com\/no\/om-sts\/karriere\/intervju-lucas\/\"]}]},{\"@type\":\"ImageObject\",\"inLanguage\":\"nb-NO\",\"@id\":\"https:\/\/www.sts-education.com\/no\/om-sts\/karriere\/intervju-lucas\/#primaryimage\",\"url\":\"https:\/\/powered-by.qbank.se\/educatius\/sts\/\/40772d79fcee172a2a2eec9de43b95c2_1-1-thumb.webp\",\"contentUrl\":\"https:\/\/powered-by.qbank.se\/educatius\/sts\/\/40772d79fcee172a2a2eec9de43b95c2_1-1-thumb.webp\",\"width\":150,\"height\":150},{\"@type\":\"BreadcrumbList\",\"@id\":\"https:\/\/www.sts-education.com\/no\/om-sts\/karriere\/intervju-lucas\/#breadcrumb\",\"itemListElement\":[{\"@type\":\"ListItem\",\"position\":1,\"name\":\"Home\",\"item\":\"https:\/\/www.sts-education.com\/no\/\"},{\"@type\":\"ListItem\",\"position\":2,\"name\":\"Om STS\",\"item\":\"https:\/\/www.sts-education.com\/no\/om-sts\/\"},{\"@type\":\"ListItem\",\"position\":3,\"name\":\"Karriere\",\"item\":\"https:\/\/www.sts-education.com\/no\/om-sts\/karriere\/\"},{\"@type\":\"ListItem\",\"position\":4,\"name\":\"Intervju Lucas\"}]},{\"@type\":\"WebSite\",\"@id\":\"https:\/\/www.sts-education.com\/no\/#website\",\"url\":\"https:\/\/www.sts-education.com\/no\/\",\"name\":\"STS Education\",\"description\":\"\",\"potentialAction\":[{\"@type\":\"SearchAction\",\"target\":{\"@type\":\"EntryPoint\",\"urlTemplate\":\"https:\/\/www.sts-education.com\/no\/?s={search_term_string}\"},\"query-input\":{\"@type\":\"PropertyValueSpecification\",\"valueRequired\":true,\"valueName\":\"search_term_string\"}}],\"inLanguage\":\"nb-NO\"}]}<\/script>\n<!-- \/ Yoast SEO Premium plugin. -->","yoast_head_json":{"title":"Intervju Lucas","robots":{"index":"index","follow":"follow","max-snippet":"max-snippet:-1","max-image-preview":"max-image-preview:large","max-video-preview":"max-video-preview:-1"},"canonical":"https:\/\/www.sts-education.com\/no\/om-sts\/karriere\/intervju-lucas\/","og_locale":"nb_NO","og_type":"article","og_title":"Intervju Lucas","og_url":"https:\/\/www.sts-education.com\/no\/om-sts\/karriere\/intervju-lucas\/","og_site_name":"STS Education","article_modified_time":"2026-04-30T08:42:53+00:00","og_image":[{"width":150,"height":150,"url":"https:\/\/powered-by.qbank.se\/educatius\/sts\/\/40772d79fcee172a2a2eec9de43b95c2_1-1-thumb.webp","type":"image\/jpeg"}],"twitter_card":"summary_large_image","twitter_misc":{"Ansl. lesetid":"4 minutter"},"schema":{"@context":"https:\/\/schema.org","@graph":[{"@type":"WebPage","@id":"https:\/\/www.sts-education.com\/no\/om-sts\/karriere\/intervju-lucas\/","url":"https:\/\/www.sts-education.com\/no\/om-sts\/karriere\/intervju-lucas\/","name":"Intervju Lucas","isPartOf":{"@id":"https:\/\/www.sts-education.com\/no\/#website"},"primaryImageOfPage":{"@id":"https:\/\/www.sts-education.com\/no\/om-sts\/karriere\/intervju-lucas\/#primaryimage"},"image":{"@id":"https:\/\/www.sts-education.com\/no\/om-sts\/karriere\/intervju-lucas\/#primaryimage"},"thumbnailUrl":"https:\/\/powered-by.qbank.se\/educatius\/sts\/\/40772d79fcee172a2a2eec9de43b95c2_1-1-thumb.webp","datePublished":"2025-12-16T08:24:56+00:00","dateModified":"2026-04-30T08:42:53+00:00","breadcrumb":{"@id":"https:\/\/www.sts-education.com\/no\/om-sts\/karriere\/intervju-lucas\/#breadcrumb"},"inLanguage":"nb-NO","potentialAction":[{"@type":"ReadAction","target":["https:\/\/www.sts-education.com\/no\/om-sts\/karriere\/intervju-lucas\/"]}]},{"@type":"ImageObject","inLanguage":"nb-NO","@id":"https:\/\/www.sts-education.com\/no\/om-sts\/karriere\/intervju-lucas\/#primaryimage","url":"https:\/\/powered-by.qbank.se\/educatius\/sts\/\/40772d79fcee172a2a2eec9de43b95c2_1-1-thumb.webp","contentUrl":"https:\/\/powered-by.qbank.se\/educatius\/sts\/\/40772d79fcee172a2a2eec9de43b95c2_1-1-thumb.webp","width":150,"height":150},{"@type":"BreadcrumbList","@id":"https:\/\/www.sts-education.com\/no\/om-sts\/karriere\/intervju-lucas\/#breadcrumb","itemListElement":[{"@type":"ListItem","position":1,"name":"Home","item":"https:\/\/www.sts-education.com\/no\/"},{"@type":"ListItem","position":2,"name":"Om STS","item":"https:\/\/www.sts-education.com\/no\/om-sts\/"},{"@type":"ListItem","position":3,"name":"Karriere","item":"https:\/\/www.sts-education.com\/no\/om-sts\/karriere\/"},{"@type":"ListItem","position":4,"name":"Intervju Lucas"}]},{"@type":"WebSite","@id":"https:\/\/www.sts-education.com\/no\/#website","url":"https:\/\/www.sts-education.com\/no\/","name":"STS Education","description":"","potentialAction":[{"@type":"SearchAction","target":{"@type":"EntryPoint","urlTemplate":"https:\/\/www.sts-education.com\/no\/?s={search_term_string}"},"query-input":{"@type":"PropertyValueSpecification","valueRequired":true,"valueName":"search_term_string"}}],"inLanguage":"nb-NO"}]}},"_links":{"self":[{"href":"https:\/\/www.sts-education.com\/no\/wp-json\/wp\/v2\/pages\/10910","targetHints":{"allow":["GET"]}}],"collection":[{"href":"https:\/\/www.sts-education.com\/no\/wp-json\/wp\/v2\/pages"}],"about":[{"href":"https:\/\/www.sts-education.com\/no\/wp-json\/wp\/v2\/types\/page"}],"author":[{"embeddable":true,"href":"https:\/\/www.sts-education.com\/no\/wp-json\/wp\/v2\/users\/20"}],"replies":[{"embeddable":true,"href":"https:\/\/www.sts-education.com\/no\/wp-json\/wp\/v2\/comments?post=10910"}],"version-history":[{"count":3,"href":"https:\/\/www.sts-education.com\/no\/wp-json\/wp\/v2\/pages\/10910\/revisions"}],"predecessor-version":[{"id":44421,"href":"https:\/\/www.sts-education.com\/no\/wp-json\/wp\/v2\/pages\/10910\/revisions\/44421"}],"up":[{"embeddable":true,"href":"https:\/\/www.sts-education.com\/no\/wp-json\/wp\/v2\/pages\/10874"}],"wp:featuredmedia":[{"embeddable":true,"href":"https:\/\/www.sts-education.com\/no\/wp-json\/wp\/v2\/media\/15905"}],"wp:attachment":[{"href":"https:\/\/www.sts-education.com\/no\/wp-json\/wp\/v2\/media?parent=10910"}],"wp:term":[{"taxonomy":"wpw_page_folders","embeddable":true,"href":"https:\/\/www.sts-education.com\/no\/wp-json\/wp\/v2\/wpw_page_folders?post=10910"}],"curies":[{"name":"wp","href":"https:\/\/api.w.org\/{rel}","templated":true}]}}