{"id":10913,"date":"2019-03-12T11:16:57","date_gmt":"2019-03-12T09:16:57","guid":{"rendered":"https:\/\/preprod.sts-education.com\/vertsfamilie\/elever\/bli-kjent-med-vare-elever\/"},"modified":"2026-04-30T15:47:05","modified_gmt":"2026-04-30T13:47:05","slug":"bli-kjent-med-vare-elever","status":"publish","type":"page","link":"https:\/\/www.sts-education.com\/no\/vertsfamilie\/elever\/bli-kjent-med-vare-elever\/","title":{"rendered":"Bli kjent med v\u00e5re elever"},"content":{"rendered":"\n<figure class=\"wp-block-sts-image sts-block-image sts-block-image--count-1 has-max-width-lg\" data-count=\"1\"><div class=\"sts-block-image__grid\"><div class=\"sts-block-image__item\"><picture class=\"sts-responsive-image has-fit-cover is-skeleton\"><source media=\"(max-width: 834.98px)\" srcset=\"https:\/\/powered-by.qbank.se\/educatius\/sts\/e9db1027039edf04b8f623398c62441c_1-1-thumb.webp 150w, https:\/\/powered-by.qbank.se\/educatius\/sts\/e9db1027039edf04b8f623398c62441c_1-1-xsmall.webp 500w, https:\/\/powered-by.qbank.se\/educatius\/sts\/e9db1027039edf04b8f623398c62441c_1-1-small.webp 800w, https:\/\/powered-by.qbank.se\/educatius\/sts\/e9db1027039edf04b8f623398c62441c_1-1-medium.webp 1024w, https:\/\/powered-by.qbank.se\/educatius\/sts\/e9db1027039edf04b8f623398c62441c_1-1-large.webp 1536w\" sizes=\"(max-width: 768px) 100vw, (max-width: 1200px) 100vw, 1200px\" type=\"image\/webp\"\/><source media=\"(min-width: 835px)\" srcset=\"https:\/\/powered-by.qbank.se\/educatius\/sts\/e9db1027039edf04b8f623398c62441c_16-9-small.webp 800w, https:\/\/powered-by.qbank.se\/educatius\/sts\/e9db1027039edf04b8f623398c62441c_16-9-medium.webp 1024w, https:\/\/powered-by.qbank.se\/educatius\/sts\/e9db1027039edf04b8f623398c62441c_16-9-large.webp 1536w\" sizes=\"(max-width: 768px) 100vw, (max-width: 1200px) 100vw, 1200px\" type=\"image\/webp\"\/><img src=\"https:\/\/powered-by.qbank.se\/educatius\/sts\/e9db1027039edf04b8f623398c62441c_1-1-thumb.webp\" alt=\"\" loading=\"lazy\" decoding=\"async\" fetchpriority=\"low\" style=\"object-position:51% 45%\"\/><\/picture><\/div><\/div><\/figure>\n\n\n\n<div class=\"wp-block-sts-text sts-text-editor has-max-width-md\"><div class=\"sts-text-editor__content\"><div class=\"sts-text-editor__content-inner\">\n<h1>Bli kjent med v\u00e5re elever<\/h1>\n<p>Har du hjertet p\u00e5 rett sted og kunne tenke deg \u00e5 ha en utvekslingselev boende hos deg? Eller kanskje du vet om noen andre som kunne tenke seg det? Vil du bli kjent med en ny kultur og f\u00e5 en venn for livet? Vi er p\u00e5 jakt etter engasjerte familier til v\u00e5re utvekslingselever som kommer til Norge fra hele verden. <a href=\"https:\/\/www.sts-education.com\/no\/hvorfor-man-bor-blivertsfamilie\/interesseskjema\/\">Da kan du melde interesse for \u00e5 bli vertsfamilie her<\/a>. \u00c5 melde interesse er selvf\u00f8lgelig ikke-bindende.<\/p>\n<p>Om h\u00f8sten kommer det nye elever til Norge fra land som USA, Brasil, Japan, Tyskland, Sverige, Italia og flere. Som vertsfamilie kan du selvsagt velge hvilken elev du \u00f8nsker \u00e5 ha boende hos deg, s\u00e5 benytt muligheten til \u00e5 lese mer og bli kjent med de ulike elevene for \u00e5 se om en av dem kunne passet for din familie!<\/p>\n<p>Og meld deg gjerne p\u00e5 et av v\u00e5re <a href=\"https:\/\/www.sts-education.com\/no\/hvorfor-man-bor-blivertsfamilie\/informasjonsmoten\/\">informasjonsm\u00f8ter<\/a>, hvor vi forteller mer om hvordan det er \u00e5 v\u00e6re vertsfamilie. Du kan ogs\u00e5 lese v\u00e5re <a href=\"https:\/\/www.sts-education.com\/no\/vertsfamilie\/faq\/\">vanlige sp\u00f8rsm\u00e5l<\/a> og om v\u00e5re <a href=\"https:\/\/www.sts-education.com\/no\/vertsfamilie\/family-stories\/tidligere-vertsfamilier-forteller\/\">tidligere vertsfamiliers erfaringer<\/a> med \u00e5 ha en utvekslingselev boende hos seg.<\/p>\n<p>\u00d8nsker du informasjon om andre elever send oss gjerne en mail p\u00e5 <a href=\"mailto:host.nordics@sts-education.com\">host.nordics@sts-education.com<\/a> eller ta kontakt p\u00e5 telefon 23 35 88 50.<\/p>\n<\/div><\/div><\/div>\n\n\n\n<div class=\"wp-block-sts-campaign-banner sts-block-campaign-banner sts-block-campaign-banner has-cta\" style=\"--sts-campaign-banner-background:var(--wp--preset--color--accent-10, #FFF8BF);--sts-campaign-banner-highlight:var(--wp--preset--color--accent-10, #FFF04F);--sts-campaign-banner-text-color:var(--wp--preset--color--base-90, #000000)\" data-campaign-banner=\"true\" data-dismiss-hours=\"24\" data-dismiss-key=\"32d1d9a7-2332-49e4-a486-3d8f4720c0c3\" role=\"region\" aria-label=\"Campaign banner\"><div class=\"sts-block-campaign-banner__inner\"><p class=\"sts-block-campaign-banner__text\" aria-live=\"polite\"><span class=\"sts-block-campaign-banner__text-visual\">Inviter verden hjem! Bli vertsfamilie for en internasjonal elev!<\/span><\/p><div class=\"sts-block-campaign-banner__cta\"><a class=\"sts-cta sts-cta--filled sts-cta--size-medium sts-cta--mobile-size-small sts-block-campaign-banner__cta-link\" href=\"https:\/\/www.sts-education.com\/no\/vertsfamilie\/hvorfor-man-bor-blivertsfamilie\/\" target=\"_self\" rel=\"noopener\" style=\"--sts-cta-color:var(--wp--preset--color--base-90, #000000);--sts-cta-color-hover:var(--wp--preset--color--base-70, #383838);--sts-cta-text-color:var(--wp--preset--color--base-10, #FFFFFF);--sts-cta-outline-color:var(--wp--preset--color--base-90, #000000);--sts-cta-link-color:var(--wp--preset--color--accent-10, #FFF04F);--sts-cta-link-hover:var(--wp--preset--color--base-90, #000000)\"><span class=\"sts-cta__label\">Les mer<\/span><\/a><\/div><button type=\"button\" class=\"sts-block-campaign-banner__dismiss\" aria-label=\"Dismiss campaign banner\" data-dismiss-button=\"true\"><svg xmlns=\"http:\/\/www.w3.org\/2000\/svg\" width=\"14\" height=\"14\" viewBox=\"0 0 14 14\" fill=\"none\" aria-hidden=\"true\"><path d=\"M6.575 7.975L1.675 12.875C1.49167 13.0583 1.25833 13.15 0.975 13.15C0.691667 13.15 0.458333 13.0583 0.275 12.875C0.0916667 12.6917 0 12.4583 0 12.175C0 11.8917 0.0916667 11.6583 0.275 11.475L5.175 6.575L0.275 1.675C0.0916667 1.49167 0 1.25833 0 0.975C0 0.691667 0.0916667 0.458333 0.275 0.275C0.458333 0.0916667 0.691667 0 0.975 0C1.25833 0 1.49167 0.0916667 1.675 0.275L6.575 5.175L11.475 0.275C11.6583 0.0916667 11.8917 0 12.175 0C12.4583 0 12.6917 0.0916667 12.875 0.275C13.0583 0.458333 13.15 0.691667 13.15 0.975C13.15 1.25833 13.0583 1.49167 12.875 1.675L7.975 6.575L12.875 11.475C13.0583 11.6583 13.15 11.8917 13.15 12.175C13.15 12.4583 13.0583 12.6917 12.875 12.875C12.6917 13.0583 12.4583 13.15 12.175 13.15C11.8917 13.15 11.6583 13.0583 11.475 12.875L6.575 7.975Z\" fill=\"black\"><\/path><\/svg><\/button><\/div><\/div>\n","protected":false},"excerpt":{"rendered":"","protected":false},"author":20,"featured_media":0,"parent":10912,"menu_order":0,"comment_status":"closed","ping_status":"closed","template":"","meta":{"_acf_changed":false,"sts_page_background_color":"","footnotes":""},"wpw_page_folders":[89],"class_list":["post-10913","page","type-page","status-publish","hentry"],"acf":[],"yoast_head":"<!-- This site is optimized with the Yoast SEO Premium plugin v27.2 (Yoast SEO v27.2) - https:\/\/yoast.com\/product\/yoast-seo-premium-wordpress\/ -->\n<title>Bli kjent med v\u00e5re studenter fra hele verden | STS<\/title>\n<meta name=\"description\" content=\"Er du interessert i \u00e5 bli vertsfamilie for en utvekslingsstudent? Finn ut mer om studentene v\u00e5re og se deres personlige hilsener her.\" \/>\n<meta name=\"robots\" content=\"index, follow, max-snippet:-1, max-image-preview:large, max-video-preview:-1\" \/>\n<link rel=\"canonical\" href=\"https:\/\/www.sts-education.com\/no\/vertsfamilie\/elever\/bli-kjent-med-vare-elever\/\" \/>\n<meta property=\"og:locale\" content=\"nb_NO\" \/>\n<meta property=\"og:type\" content=\"article\" \/>\n<meta property=\"og:title\" content=\"Bli kjent med v\u00e5re elever\" \/>\n<meta property=\"og:description\" content=\"Er du interessert i \u00e5 bli vertsfamilie for en utvekslingsstudent? Finn ut mer om studentene v\u00e5re og se deres personlige hilsener her.\" \/>\n<meta property=\"og:url\" content=\"https:\/\/www.sts-education.com\/no\/vertsfamilie\/elever\/bli-kjent-med-vare-elever\/\" \/>\n<meta property=\"og:site_name\" content=\"STS Education\" \/>\n<meta property=\"article:modified_time\" content=\"2026-04-30T13:47:05+00:00\" \/>\n<meta property=\"og:image\" content=\"https:\/\/powered-by.qbank.se\/educatius\/sts\/e9db1027039edf04b8f623398c62441c_1-1-thumb.webp\" \/>\n<meta name=\"twitter:card\" content=\"summary_large_image\" \/>\n<meta name=\"twitter:label1\" content=\"Ansl. lesetid\" \/>\n\t<meta name=\"twitter:data1\" content=\"2 minutter\" \/>\n<script type=\"application\/ld+json\" class=\"yoast-schema-graph\">{\"@context\":\"https:\/\/schema.org\",\"@graph\":[{\"@type\":\"WebPage\",\"@id\":\"https:\/\/www.sts-education.com\/no\/vertsfamilie\/elever\/bli-kjent-med-vare-elever\/\",\"url\":\"https:\/\/www.sts-education.com\/no\/vertsfamilie\/elever\/bli-kjent-med-vare-elever\/\",\"name\":\"Bli kjent med v\u00e5re studenter fra hele verden | STS\",\"isPartOf\":{\"@id\":\"https:\/\/www.sts-education.com\/no\/#website\"},\"primaryImageOfPage\":{\"@id\":\"https:\/\/www.sts-education.com\/no\/vertsfamilie\/elever\/bli-kjent-med-vare-elever\/#primaryimage\"},\"image\":{\"@id\":\"https:\/\/www.sts-education.com\/no\/vertsfamilie\/elever\/bli-kjent-med-vare-elever\/#primaryimage\"},\"thumbnailUrl\":\"https:\/\/powered-by.qbank.se\/educatius\/sts\/e9db1027039edf04b8f623398c62441c_1-1-thumb.webp\",\"datePublished\":\"2019-03-12T09:16:57+00:00\",\"dateModified\":\"2026-04-30T13:47:05+00:00\",\"description\":\"Er du interessert i \u00e5 bli vertsfamilie for en utvekslingsstudent? Finn ut mer om studentene v\u00e5re og se deres personlige hilsener her.\",\"breadcrumb\":{\"@id\":\"https:\/\/www.sts-education.com\/no\/vertsfamilie\/elever\/bli-kjent-med-vare-elever\/#breadcrumb\"},\"inLanguage\":\"nb-NO\",\"potentialAction\":[{\"@type\":\"ReadAction\",\"target\":[\"https:\/\/www.sts-education.com\/no\/vertsfamilie\/elever\/bli-kjent-med-vare-elever\/\"]}]},{\"@type\":\"ImageObject\",\"inLanguage\":\"nb-NO\",\"@id\":\"https:\/\/www.sts-education.com\/no\/vertsfamilie\/elever\/bli-kjent-med-vare-elever\/#primaryimage\",\"url\":\"https:\/\/powered-by.qbank.se\/educatius\/sts\/e9db1027039edf04b8f623398c62441c_1-1-thumb.webp\",\"contentUrl\":\"https:\/\/powered-by.qbank.se\/educatius\/sts\/e9db1027039edf04b8f623398c62441c_1-1-thumb.webp\"},{\"@type\":\"BreadcrumbList\",\"@id\":\"https:\/\/www.sts-education.com\/no\/vertsfamilie\/elever\/bli-kjent-med-vare-elever\/#breadcrumb\",\"itemListElement\":[{\"@type\":\"ListItem\",\"position\":1,\"name\":\"Home\",\"item\":\"https:\/\/www.sts-education.com\/no\/\"},{\"@type\":\"ListItem\",\"position\":2,\"name\":\"Vertsfamilie\",\"item\":\"https:\/\/www.sts-education.com\/no\/vertsfamilie\/\"},{\"@type\":\"ListItem\",\"position\":3,\"name\":\"Elever\",\"item\":\"https:\/\/www.sts-education.com\/no\/vertsfamilie\/elever\/\"},{\"@type\":\"ListItem\",\"position\":4,\"name\":\"Bli kjent med v\u00e5re elever\"}]},{\"@type\":\"WebSite\",\"@id\":\"https:\/\/www.sts-education.com\/no\/#website\",\"url\":\"https:\/\/www.sts-education.com\/no\/\",\"name\":\"STS Education\",\"description\":\"\",\"potentialAction\":[{\"@type\":\"SearchAction\",\"target\":{\"@type\":\"EntryPoint\",\"urlTemplate\":\"https:\/\/www.sts-education.com\/no\/?s={search_term_string}\"},\"query-input\":{\"@type\":\"PropertyValueSpecification\",\"valueRequired\":true,\"valueName\":\"search_term_string\"}}],\"inLanguage\":\"nb-NO\"}]}<\/script>\n<!-- \/ Yoast SEO Premium plugin. -->","yoast_head_json":{"title":"Bli kjent med v\u00e5re studenter fra hele verden | STS","description":"Er du interessert i \u00e5 bli vertsfamilie for en utvekslingsstudent? Finn ut mer om studentene v\u00e5re og se deres personlige hilsener her.","robots":{"index":"index","follow":"follow","max-snippet":"max-snippet:-1","max-image-preview":"max-image-preview:large","max-video-preview":"max-video-preview:-1"},"canonical":"https:\/\/www.sts-education.com\/no\/vertsfamilie\/elever\/bli-kjent-med-vare-elever\/","og_locale":"nb_NO","og_type":"article","og_title":"Bli kjent med v\u00e5re elever","og_description":"Er du interessert i \u00e5 bli vertsfamilie for en utvekslingsstudent? Finn ut mer om studentene v\u00e5re og se deres personlige hilsener her.","og_url":"https:\/\/www.sts-education.com\/no\/vertsfamilie\/elever\/bli-kjent-med-vare-elever\/","og_site_name":"STS Education","article_modified_time":"2026-04-30T13:47:05+00:00","og_image":[{"url":"https:\/\/powered-by.qbank.se\/educatius\/sts\/e9db1027039edf04b8f623398c62441c_1-1-thumb.webp","type":"","width":"","height":""}],"twitter_card":"summary_large_image","twitter_misc":{"Ansl. lesetid":"2 minutter"},"schema":{"@context":"https:\/\/schema.org","@graph":[{"@type":"WebPage","@id":"https:\/\/www.sts-education.com\/no\/vertsfamilie\/elever\/bli-kjent-med-vare-elever\/","url":"https:\/\/www.sts-education.com\/no\/vertsfamilie\/elever\/bli-kjent-med-vare-elever\/","name":"Bli kjent med v\u00e5re studenter fra hele verden | STS","isPartOf":{"@id":"https:\/\/www.sts-education.com\/no\/#website"},"primaryImageOfPage":{"@id":"https:\/\/www.sts-education.com\/no\/vertsfamilie\/elever\/bli-kjent-med-vare-elever\/#primaryimage"},"image":{"@id":"https:\/\/www.sts-education.com\/no\/vertsfamilie\/elever\/bli-kjent-med-vare-elever\/#primaryimage"},"thumbnailUrl":"https:\/\/powered-by.qbank.se\/educatius\/sts\/e9db1027039edf04b8f623398c62441c_1-1-thumb.webp","datePublished":"2019-03-12T09:16:57+00:00","dateModified":"2026-04-30T13:47:05+00:00","description":"Er du interessert i \u00e5 bli vertsfamilie for en utvekslingsstudent? Finn ut mer om studentene v\u00e5re og se deres personlige hilsener her.","breadcrumb":{"@id":"https:\/\/www.sts-education.com\/no\/vertsfamilie\/elever\/bli-kjent-med-vare-elever\/#breadcrumb"},"inLanguage":"nb-NO","potentialAction":[{"@type":"ReadAction","target":["https:\/\/www.sts-education.com\/no\/vertsfamilie\/elever\/bli-kjent-med-vare-elever\/"]}]},{"@type":"ImageObject","inLanguage":"nb-NO","@id":"https:\/\/www.sts-education.com\/no\/vertsfamilie\/elever\/bli-kjent-med-vare-elever\/#primaryimage","url":"https:\/\/powered-by.qbank.se\/educatius\/sts\/e9db1027039edf04b8f623398c62441c_1-1-thumb.webp","contentUrl":"https:\/\/powered-by.qbank.se\/educatius\/sts\/e9db1027039edf04b8f623398c62441c_1-1-thumb.webp"},{"@type":"BreadcrumbList","@id":"https:\/\/www.sts-education.com\/no\/vertsfamilie\/elever\/bli-kjent-med-vare-elever\/#breadcrumb","itemListElement":[{"@type":"ListItem","position":1,"name":"Home","item":"https:\/\/www.sts-education.com\/no\/"},{"@type":"ListItem","position":2,"name":"Vertsfamilie","item":"https:\/\/www.sts-education.com\/no\/vertsfamilie\/"},{"@type":"ListItem","position":3,"name":"Elever","item":"https:\/\/www.sts-education.com\/no\/vertsfamilie\/elever\/"},{"@type":"ListItem","position":4,"name":"Bli kjent med v\u00e5re elever"}]},{"@type":"WebSite","@id":"https:\/\/www.sts-education.com\/no\/#website","url":"https:\/\/www.sts-education.com\/no\/","name":"STS Education","description":"","potentialAction":[{"@type":"SearchAction","target":{"@type":"EntryPoint","urlTemplate":"https:\/\/www.sts-education.com\/no\/?s={search_term_string}"},"query-input":{"@type":"PropertyValueSpecification","valueRequired":true,"valueName":"search_term_string"}}],"inLanguage":"nb-NO"}]}},"_links":{"self":[{"href":"https:\/\/www.sts-education.com\/no\/wp-json\/wp\/v2\/pages\/10913","targetHints":{"allow":["GET"]}}],"collection":[{"href":"https:\/\/www.sts-education.com\/no\/wp-json\/wp\/v2\/pages"}],"about":[{"href":"https:\/\/www.sts-education.com\/no\/wp-json\/wp\/v2\/types\/page"}],"author":[{"embeddable":true,"href":"https:\/\/www.sts-education.com\/no\/wp-json\/wp\/v2\/users\/20"}],"replies":[{"embeddable":true,"href":"https:\/\/www.sts-education.com\/no\/wp-json\/wp\/v2\/comments?post=10913"}],"version-history":[{"count":9,"href":"https:\/\/www.sts-education.com\/no\/wp-json\/wp\/v2\/pages\/10913\/revisions"}],"predecessor-version":[{"id":44568,"href":"https:\/\/www.sts-education.com\/no\/wp-json\/wp\/v2\/pages\/10913\/revisions\/44568"}],"up":[{"embeddable":true,"href":"https:\/\/www.sts-education.com\/no\/wp-json\/wp\/v2\/pages\/10912"}],"wp:attachment":[{"href":"https:\/\/www.sts-education.com\/no\/wp-json\/wp\/v2\/media?parent=10913"}],"wp:term":[{"taxonomy":"wpw_page_folders","embeddable":true,"href":"https:\/\/www.sts-education.com\/no\/wp-json\/wp\/v2\/wpw_page_folders?post=10913"}],"curies":[{"name":"wp","href":"https:\/\/api.w.org\/{rel}","templated":true}]}}