{"id":10916,"date":"2022-05-04T09:43:40","date_gmt":"2022-05-04T09:43:40","guid":{"rendered":"https:\/\/preprod.sts-education.com\/vertsfamilie\/hvorfor-man-bor-blivertsfamilie\/informasjonsmoten\/"},"modified":"2026-04-03T14:52:33","modified_gmt":"2026-04-03T14:52:33","slug":"informasjonsmoten","status":"publish","type":"page","link":"https:\/\/www.sts-education.com\/no\/vertsfamilie\/hvorfor-man-bor-blivertsfamilie\/informasjonsmoten\/","title":{"rendered":"Informasjonsmoten"},"content":{"rendered":"\n<div class=\"wp-block-sts-text sts-text-editor has-max-width-md\"><div class=\"sts-text-editor__content\"><div class=\"sts-text-editor__content-inner\">\n<h1>Delta p\u00e5 et webinar<\/h1>\n<\/div><\/div><\/div>\n\n\n\n<div class=\"wp-block-sts-text sts-text-editor has-max-width-md\"><div class=\"sts-text-editor__content\"><div class=\"sts-text-editor__content-inner\">\n<p>Vurderer du \u00e5 \u00e5pne hjemmet og bli vertsfamilie for en utvekslingselev fra utlandet? Har du sp\u00f8rsm\u00e5l og ting du lurer p\u00e5? Da kan du delta p\u00e5 et av v\u00e5re webinar og f\u00e5 alle n\u00f8dvendige fakta om det \u00e5 v\u00e6re vertsfamilie.<\/p>\n<p>P\u00e5 dette webinaret forteller vi deg alt om STS, v\u00e5rt vertsfamilieprogram og hvorfor det \u00e5 v\u00e6re vertsfamilie kan bli det beste du og familien din noen gang har gjort!<\/p>\n<h2>M\u00f8t oss \u2013 og en n\u00e5v\u00e6rende vertsforelder<\/h2>\n<p>Som regel deltar en n\u00e5v\u00e6rende vertsforelder og deres utvekslingselev p\u00e5 webinaret. De snakker om sine opplevelser og erfaringer, og sammen med oss svarer de p\u00e5 eventuelle sp\u00f8rsm\u00e5l du har. Iblant presenterer vi ogs\u00e5 utvekslingselever som vi leter etter en vertsfamilie til.<\/p>\n<p>Ta med familie og slektninger. Webinaret er selvsagt kostnadsfritt, og du forplikter deg ikke til noe ved \u00e5 delta.<\/p>\n<h2>Har du sp\u00f8rsm\u00e5l som ikke kan vente?<\/h2>\n<p>N\u00f8l ikke med \u00e5 ringe oss p\u00e5 +47 23 35 88 50 eller sende en e-post til <a href=\"mailto:host.nordics@sts-education.com\">host.nordics@sts-education.com<\/a><\/p>\n<p>Og husk: Dette kan v\u00e6re starten p\u00e5 en fantastisk opplevelse!<\/p>\n<h3>Kommende datoer:<\/h3>\n<\/div><\/div><\/div>\n\n\n<div class=\"sts-block-cards sts-block-cards--listing is-empty has-max-width-md wp-block-sts-cards\"><\/div>","protected":false},"excerpt":{"rendered":"","protected":false},"author":20,"featured_media":0,"parent":27799,"menu_order":0,"comment_status":"closed","ping_status":"closed","template":"","meta":{"_acf_changed":false,"sts_page_background_color":"","footnotes":""},"wpw_page_folders":[89],"class_list":["post-10916","page","type-page","status-publish","hentry"],"acf":[],"yoast_head":"<!-- This site is optimized with the Yoast SEO Premium plugin v27.2 (Yoast SEO v27.3) - https:\/\/yoast.com\/product\/yoast-seo-premium-wordpress\/ -->\n<title>Webinar<\/title>\n<meta name=\"robots\" content=\"index, follow, max-snippet:-1, max-image-preview:large, max-video-preview:-1\" \/>\n<link rel=\"canonical\" href=\"https:\/\/www.sts-education.com\/no\/vertsfamilie\/hvorfor-man-bor-blivertsfamilie\/informasjonsmoten\/\" \/>\n<meta property=\"og:locale\" content=\"nb_NO\" \/>\n<meta property=\"og:type\" content=\"article\" \/>\n<meta property=\"og:title\" content=\"Informasjonsmoten\" \/>\n<meta property=\"og:url\" content=\"https:\/\/www.sts-education.com\/no\/vertsfamilie\/hvorfor-man-bor-blivertsfamilie\/informasjonsmoten\/\" \/>\n<meta property=\"og:site_name\" content=\"STS Education\" \/>\n<meta property=\"article:modified_time\" content=\"2026-04-03T14:52:33+00:00\" \/>\n<meta name=\"twitter:card\" content=\"summary_large_image\" \/>\n<meta name=\"twitter:label1\" content=\"Ansl. lesetid\" \/>\n\t<meta name=\"twitter:data1\" content=\"1 minutt\" \/>\n<script type=\"application\/ld+json\" class=\"yoast-schema-graph\">{\"@context\":\"https:\\\/\\\/schema.org\",\"@graph\":[{\"@type\":\"WebPage\",\"@id\":\"https:\\\/\\\/www.sts-education.com\\\/no\\\/vertsfamilie\\\/hvorfor-man-bor-blivertsfamilie\\\/informasjonsmoten\\\/\",\"url\":\"https:\\\/\\\/www.sts-education.com\\\/no\\\/vertsfamilie\\\/hvorfor-man-bor-blivertsfamilie\\\/informasjonsmoten\\\/\",\"name\":\"Webinar\",\"isPartOf\":{\"@id\":\"https:\\\/\\\/www.sts-education.com\\\/no\\\/#website\"},\"datePublished\":\"2022-05-04T09:43:40+00:00\",\"dateModified\":\"2026-04-03T14:52:33+00:00\",\"breadcrumb\":{\"@id\":\"https:\\\/\\\/www.sts-education.com\\\/no\\\/vertsfamilie\\\/hvorfor-man-bor-blivertsfamilie\\\/informasjonsmoten\\\/#breadcrumb\"},\"inLanguage\":\"nb-NO\",\"potentialAction\":[{\"@type\":\"ReadAction\",\"target\":[\"https:\\\/\\\/www.sts-education.com\\\/no\\\/vertsfamilie\\\/hvorfor-man-bor-blivertsfamilie\\\/informasjonsmoten\\\/\"]}]},{\"@type\":\"BreadcrumbList\",\"@id\":\"https:\\\/\\\/www.sts-education.com\\\/no\\\/vertsfamilie\\\/hvorfor-man-bor-blivertsfamilie\\\/informasjonsmoten\\\/#breadcrumb\",\"itemListElement\":[{\"@type\":\"ListItem\",\"position\":1,\"name\":\"Home\",\"item\":\"https:\\\/\\\/www.sts-education.com\\\/no\\\/\"},{\"@type\":\"ListItem\",\"position\":2,\"name\":\"Vertsfamilie\",\"item\":\"https:\\\/\\\/www.sts-education.com\\\/no\\\/vertsfamilie\\\/\"},{\"@type\":\"ListItem\",\"position\":3,\"name\":\"Hvorfor man b\u00f8r blivertsfamilie\",\"item\":\"https:\\\/\\\/www.sts-education.com\\\/no\\\/vertsfamilie\\\/hvorfor-man-bor-blivertsfamilie\\\/\"},{\"@type\":\"ListItem\",\"position\":4,\"name\":\"Informasjonsmoten\"}]},{\"@type\":\"WebSite\",\"@id\":\"https:\\\/\\\/www.sts-education.com\\\/no\\\/#website\",\"url\":\"https:\\\/\\\/www.sts-education.com\\\/no\\\/\",\"name\":\"STS Education\",\"description\":\"\",\"potentialAction\":[{\"@type\":\"SearchAction\",\"target\":{\"@type\":\"EntryPoint\",\"urlTemplate\":\"https:\\\/\\\/www.sts-education.com\\\/no\\\/?s={search_term_string}\"},\"query-input\":{\"@type\":\"PropertyValueSpecification\",\"valueRequired\":true,\"valueName\":\"search_term_string\"}}],\"inLanguage\":\"nb-NO\"}]}<\/script>\n<!-- \/ Yoast SEO Premium plugin. -->","yoast_head_json":{"title":"Webinar","robots":{"index":"index","follow":"follow","max-snippet":"max-snippet:-1","max-image-preview":"max-image-preview:large","max-video-preview":"max-video-preview:-1"},"canonical":"https:\/\/www.sts-education.com\/no\/vertsfamilie\/hvorfor-man-bor-blivertsfamilie\/informasjonsmoten\/","og_locale":"nb_NO","og_type":"article","og_title":"Informasjonsmoten","og_url":"https:\/\/www.sts-education.com\/no\/vertsfamilie\/hvorfor-man-bor-blivertsfamilie\/informasjonsmoten\/","og_site_name":"STS Education","article_modified_time":"2026-04-03T14:52:33+00:00","twitter_card":"summary_large_image","twitter_misc":{"Ansl. lesetid":"1 minutt"},"schema":{"@context":"https:\/\/schema.org","@graph":[{"@type":"WebPage","@id":"https:\/\/www.sts-education.com\/no\/vertsfamilie\/hvorfor-man-bor-blivertsfamilie\/informasjonsmoten\/","url":"https:\/\/www.sts-education.com\/no\/vertsfamilie\/hvorfor-man-bor-blivertsfamilie\/informasjonsmoten\/","name":"Webinar","isPartOf":{"@id":"https:\/\/www.sts-education.com\/no\/#website"},"datePublished":"2022-05-04T09:43:40+00:00","dateModified":"2026-04-03T14:52:33+00:00","breadcrumb":{"@id":"https:\/\/www.sts-education.com\/no\/vertsfamilie\/hvorfor-man-bor-blivertsfamilie\/informasjonsmoten\/#breadcrumb"},"inLanguage":"nb-NO","potentialAction":[{"@type":"ReadAction","target":["https:\/\/www.sts-education.com\/no\/vertsfamilie\/hvorfor-man-bor-blivertsfamilie\/informasjonsmoten\/"]}]},{"@type":"BreadcrumbList","@id":"https:\/\/www.sts-education.com\/no\/vertsfamilie\/hvorfor-man-bor-blivertsfamilie\/informasjonsmoten\/#breadcrumb","itemListElement":[{"@type":"ListItem","position":1,"name":"Home","item":"https:\/\/www.sts-education.com\/no\/"},{"@type":"ListItem","position":2,"name":"Vertsfamilie","item":"https:\/\/www.sts-education.com\/no\/vertsfamilie\/"},{"@type":"ListItem","position":3,"name":"Hvorfor man b\u00f8r blivertsfamilie","item":"https:\/\/www.sts-education.com\/no\/vertsfamilie\/hvorfor-man-bor-blivertsfamilie\/"},{"@type":"ListItem","position":4,"name":"Informasjonsmoten"}]},{"@type":"WebSite","@id":"https:\/\/www.sts-education.com\/no\/#website","url":"https:\/\/www.sts-education.com\/no\/","name":"STS Education","description":"","potentialAction":[{"@type":"SearchAction","target":{"@type":"EntryPoint","urlTemplate":"https:\/\/www.sts-education.com\/no\/?s={search_term_string}"},"query-input":{"@type":"PropertyValueSpecification","valueRequired":true,"valueName":"search_term_string"}}],"inLanguage":"nb-NO"}]}},"_links":{"self":[{"href":"https:\/\/www.sts-education.com\/no\/wp-json\/wp\/v2\/pages\/10916","targetHints":{"allow":["GET"]}}],"collection":[{"href":"https:\/\/www.sts-education.com\/no\/wp-json\/wp\/v2\/pages"}],"about":[{"href":"https:\/\/www.sts-education.com\/no\/wp-json\/wp\/v2\/types\/page"}],"author":[{"embeddable":true,"href":"https:\/\/www.sts-education.com\/no\/wp-json\/wp\/v2\/users\/20"}],"replies":[{"embeddable":true,"href":"https:\/\/www.sts-education.com\/no\/wp-json\/wp\/v2\/comments?post=10916"}],"version-history":[{"count":3,"href":"https:\/\/www.sts-education.com\/no\/wp-json\/wp\/v2\/pages\/10916\/revisions"}],"predecessor-version":[{"id":27893,"href":"https:\/\/www.sts-education.com\/no\/wp-json\/wp\/v2\/pages\/10916\/revisions\/27893"}],"up":[{"embeddable":true,"href":"https:\/\/www.sts-education.com\/no\/wp-json\/wp\/v2\/pages\/27799"}],"wp:attachment":[{"href":"https:\/\/www.sts-education.com\/no\/wp-json\/wp\/v2\/media?parent=10916"}],"wp:term":[{"taxonomy":"wpw_page_folders","embeddable":true,"href":"https:\/\/www.sts-education.com\/no\/wp-json\/wp\/v2\/wpw_page_folders?post=10916"}],"curies":[{"name":"wp","href":"https:\/\/api.w.org\/{rel}","templated":true}]}}