{"id":10918,"date":"2019-03-12T10:34:46","date_gmt":"2019-03-12T10:34:46","guid":{"rendered":"https:\/\/preprod.sts-education.com\/vertsfamilie\/hvorfor-man-bor-blivertsfamilie\/kompensasjon-host-and-go\/"},"modified":"2026-04-03T14:52:50","modified_gmt":"2026-04-03T14:52:50","slug":"kompensasjon-host-and-go","status":"publish","type":"page","link":"https:\/\/www.sts-education.com\/no\/vertsfamilie\/hvorfor-man-bor-blivertsfamilie\/kompensasjon-host-and-go\/","title":{"rendered":"Kompensasjon Host And Go"},"content":{"rendered":"\n<section class=\"wp-block-sts-hero sts-block-hero sts-block-hero is-variant-full-background has-text-light has-background-media\" style=\"--sts-hero-padding-mobile:0px;--sts-hero-padding-desktop:0px;--sts-hero-text-color:var(--wp--preset--color--base-10, #fff)\" data-variant=\"full-background\"><div class=\"sts-block-hero__background\"><picture class=\"sts-responsive-image has-pos-center is-skeleton\"><img src=\"https:\/\/cdn.sts-education.com\/12231_hero_lg_xl.jpg\" alt=\"Bli vertsfamilie med Host &amp; Go\" loading=\"lazy\" decoding=\"async\" fetchpriority=\"low\" sizes=\"(max-width: 640px) max(100vw, calc(clamp(320px, 100vh, 720px) * 9 \/ 16)), (max-width: 840px) max(100vw, calc(clamp(320px, 100vh, 720px) * 1 \/ 1)), max(100vw, calc(clamp(320px, 100vh, 720px) * 16 \/ 9))\" style=\"object-position:center\"\/><\/picture><span class=\"sts-block-hero__overlay\" aria-hidden=\"true\"><\/span><\/div><div class=\"sts-block-hero__inner\"><div class=\"sts-block-hero__content has-align-center\"><div class=\"sts-block-hero__content-inner\"><h1 class=\"sts-block-hero__heading\">Bli vertsfamilie med Host &amp; Go<\/h1><\/div><\/div><\/div><\/section>\n\n\n\n<div class=\"wp-block-sts-text sts-text-editor has-max-width-md\"><div class=\"sts-text-editor__content\"><div class=\"sts-text-editor__content-inner\">\n<p>Har din h\u00e5pefulle lyst til \u00e5 g\u00e5 p\u00e5 high school i utlandet med STS? Og kunne du tenke deg \u00e5 ta imot en elev fra et annet sted i verden samtidig? Perfekt! Akkurat n\u00e5 gir STS en Host &amp; Go-rabatt p\u00e5 opptil <strong>5000 kr<\/strong> til familier som kunne tenke seg \u00e5 v\u00e6re vertsfamilie for en utvekslingselev i ti m\u00e5neder og <strong>3000 kr<\/strong> til familier som kunne tenke seg \u00e5 v\u00e6re vertsfamilie i fem m\u00e5neder mens din egen ungdom er utenlands p\u00e5 et high school-eventyr gjennom oss. I tillegg vil du ogs\u00e5 motta en m\u00e5nedlig kompensasjon som takk for gjestfriheten mens studenten bor hos deg.<\/p>\n<p>Som vertsfamilie er du en viktig del av elevens opplevelse i landet, og du f\u00e5r f\u00f8lge elevens personlige og spr\u00e5klige utvikling. Hvis du er vertsfamilie mens din egen ungdom er p\u00e5 high school i utlandet, f\u00e5r hele familien oppleve en kulturell utveksling. Det er en verdifull erfaring som gir b\u00e5de nye perspektiver og venner for livet.<\/p>\n<h2>Bruk Host &amp; Go b\u00e5de f\u00f8r og etter<\/h2>\n<p>\u00d8nsker du \u00e5 v\u00e6re vertsfamilie f\u00f8r din egen ungdom drar et \u00e5r til utlandet, slik at han, hun eller hen kan forberede seg og forst\u00e5 hva det inneb\u00e6rer? Ikke noe problem! Det er mulig \u00e5 benytte Host &amp; Go-tilbudet opptil tre \u00e5r etter at du har v\u00e6rt vertsfamilie for en annen utvekslingselev i minst fem m\u00e5neder.Hvis du \u00f8nsker \u00e5 v\u00e6re vertsfamilie etter at din egen ungdom har v\u00e6rt et \u00e5r i utlandet, er det ogs\u00e5 mulig \u00e5 dra nytte av Host &amp; Go-tilbudet opptil tre \u00e5r etter at ungdommen din har kommet hjem.<\/p>\n<p>Eleven du tar imot og har boende hos deg, er selv ansvarlig for utgifter som busskort, hygieneprodukter, kl\u00e6r og fritidsaktiviteter. Du skal bare st\u00e5 for kost og losji.<\/p>\n<p>Kontakkan kombineres med andre aktuelle rabatter. Du n\u00e5r oss p\u00e5 +47 (0)771-202040, ved \u00e5 sende en e-post til <a href=\"mailto:host.nordics@sts-education.com\">host.nordics@sts-education.com<\/a> eller ved \u00e5 fylle ut skjemaet under.<\/p>\n<\/div><\/div><\/div>\n","protected":false},"excerpt":{"rendered":"","protected":false},"author":20,"featured_media":0,"parent":27799,"menu_order":0,"comment_status":"closed","ping_status":"closed","template":"","meta":{"_acf_changed":false,"sts_page_background_color":"","footnotes":""},"wpw_page_folders":[89],"class_list":["post-10918","page","type-page","status-publish","hentry"],"acf":[],"yoast_head":"<!-- This site is optimized with the Yoast SEO Premium plugin v27.2 (Yoast SEO v27.3) - https:\/\/yoast.com\/product\/yoast-seo-premium-wordpress\/ -->\n<title>Host and Go - f\u00e5 rabatt p\u00e5 utvekslings\u00e5ret<\/title>\n<meta name=\"description\" content=\"F\u00e5 opptil 15 000 kroner i Host &amp; Go-rabatt dersom du blir vertsfamilie for en utvekslingsstudent n\u00e5r barnet ditt skal p\u00e5 utvekslings\u00e5r.\" \/>\n<meta name=\"robots\" content=\"index, follow, max-snippet:-1, max-image-preview:large, max-video-preview:-1\" \/>\n<link rel=\"canonical\" href=\"https:\/\/www.sts-education.com\/no\/vertsfamilie\/hvorfor-man-bor-blivertsfamilie\/kompensasjon-host-and-go\/\" \/>\n<meta property=\"og:locale\" content=\"nb_NO\" \/>\n<meta property=\"og:type\" content=\"article\" \/>\n<meta property=\"og:title\" content=\"Kompensasjon Host And Go\" \/>\n<meta property=\"og:description\" content=\"F\u00e5 opptil 15 000 kroner i Host &amp; Go-rabatt dersom du blir vertsfamilie for en utvekslingsstudent n\u00e5r barnet ditt skal p\u00e5 utvekslings\u00e5r.\" \/>\n<meta property=\"og:url\" content=\"https:\/\/www.sts-education.com\/no\/vertsfamilie\/hvorfor-man-bor-blivertsfamilie\/kompensasjon-host-and-go\/\" \/>\n<meta property=\"og:site_name\" content=\"STS Education\" \/>\n<meta property=\"article:modified_time\" content=\"2026-04-03T14:52:50+00:00\" \/>\n<meta property=\"og:image\" content=\"https:\/\/cdn.sts-education.com\/12231_hero_lg_xl.jpg\" \/>\n<meta name=\"twitter:card\" content=\"summary_large_image\" \/>\n<meta name=\"twitter:label1\" content=\"Ansl. lesetid\" \/>\n\t<meta name=\"twitter:data1\" content=\"2 minutter\" \/>\n<script type=\"application\/ld+json\" class=\"yoast-schema-graph\">{\"@context\":\"https:\\\/\\\/schema.org\",\"@graph\":[{\"@type\":\"WebPage\",\"@id\":\"https:\\\/\\\/www.sts-education.com\\\/no\\\/vertsfamilie\\\/hvorfor-man-bor-blivertsfamilie\\\/kompensasjon-host-and-go\\\/\",\"url\":\"https:\\\/\\\/www.sts-education.com\\\/no\\\/vertsfamilie\\\/hvorfor-man-bor-blivertsfamilie\\\/kompensasjon-host-and-go\\\/\",\"name\":\"Host and Go - f\u00e5 rabatt p\u00e5 utvekslings\u00e5ret\",\"isPartOf\":{\"@id\":\"https:\\\/\\\/www.sts-education.com\\\/no\\\/#website\"},\"primaryImageOfPage\":{\"@id\":\"https:\\\/\\\/www.sts-education.com\\\/no\\\/vertsfamilie\\\/hvorfor-man-bor-blivertsfamilie\\\/kompensasjon-host-and-go\\\/#primaryimage\"},\"image\":{\"@id\":\"https:\\\/\\\/www.sts-education.com\\\/no\\\/vertsfamilie\\\/hvorfor-man-bor-blivertsfamilie\\\/kompensasjon-host-and-go\\\/#primaryimage\"},\"thumbnailUrl\":\"https:\\\/\\\/cdn.sts-education.com\\\/12231_hero_lg_xl.jpg\",\"datePublished\":\"2019-03-12T10:34:46+00:00\",\"dateModified\":\"2026-04-03T14:52:50+00:00\",\"description\":\"F\u00e5 opptil 15 000 kroner i Host & Go-rabatt dersom du blir vertsfamilie for en utvekslingsstudent n\u00e5r barnet ditt skal p\u00e5 utvekslings\u00e5r.\",\"breadcrumb\":{\"@id\":\"https:\\\/\\\/www.sts-education.com\\\/no\\\/vertsfamilie\\\/hvorfor-man-bor-blivertsfamilie\\\/kompensasjon-host-and-go\\\/#breadcrumb\"},\"inLanguage\":\"nb-NO\",\"potentialAction\":[{\"@type\":\"ReadAction\",\"target\":[\"https:\\\/\\\/www.sts-education.com\\\/no\\\/vertsfamilie\\\/hvorfor-man-bor-blivertsfamilie\\\/kompensasjon-host-and-go\\\/\"]}]},{\"@type\":\"ImageObject\",\"inLanguage\":\"nb-NO\",\"@id\":\"https:\\\/\\\/www.sts-education.com\\\/no\\\/vertsfamilie\\\/hvorfor-man-bor-blivertsfamilie\\\/kompensasjon-host-and-go\\\/#primaryimage\",\"url\":\"https:\\\/\\\/cdn.sts-education.com\\\/12231_hero_lg_xl.jpg\",\"contentUrl\":\"https:\\\/\\\/cdn.sts-education.com\\\/12231_hero_lg_xl.jpg\"},{\"@type\":\"BreadcrumbList\",\"@id\":\"https:\\\/\\\/www.sts-education.com\\\/no\\\/vertsfamilie\\\/hvorfor-man-bor-blivertsfamilie\\\/kompensasjon-host-and-go\\\/#breadcrumb\",\"itemListElement\":[{\"@type\":\"ListItem\",\"position\":1,\"name\":\"Home\",\"item\":\"https:\\\/\\\/www.sts-education.com\\\/no\\\/\"},{\"@type\":\"ListItem\",\"position\":2,\"name\":\"Vertsfamilie\",\"item\":\"https:\\\/\\\/www.sts-education.com\\\/no\\\/vertsfamilie\\\/\"},{\"@type\":\"ListItem\",\"position\":3,\"name\":\"Hvorfor man b\u00f8r blivertsfamilie\",\"item\":\"https:\\\/\\\/www.sts-education.com\\\/no\\\/vertsfamilie\\\/hvorfor-man-bor-blivertsfamilie\\\/\"},{\"@type\":\"ListItem\",\"position\":4,\"name\":\"Kompensasjon Host And Go\"}]},{\"@type\":\"WebSite\",\"@id\":\"https:\\\/\\\/www.sts-education.com\\\/no\\\/#website\",\"url\":\"https:\\\/\\\/www.sts-education.com\\\/no\\\/\",\"name\":\"STS Education\",\"description\":\"\",\"potentialAction\":[{\"@type\":\"SearchAction\",\"target\":{\"@type\":\"EntryPoint\",\"urlTemplate\":\"https:\\\/\\\/www.sts-education.com\\\/no\\\/?s={search_term_string}\"},\"query-input\":{\"@type\":\"PropertyValueSpecification\",\"valueRequired\":true,\"valueName\":\"search_term_string\"}}],\"inLanguage\":\"nb-NO\"}]}<\/script>\n<!-- \/ Yoast SEO Premium plugin. -->","yoast_head_json":{"title":"Host and Go - f\u00e5 rabatt p\u00e5 utvekslings\u00e5ret","description":"F\u00e5 opptil 15 000 kroner i Host & Go-rabatt dersom du blir vertsfamilie for en utvekslingsstudent n\u00e5r barnet ditt skal p\u00e5 utvekslings\u00e5r.","robots":{"index":"index","follow":"follow","max-snippet":"max-snippet:-1","max-image-preview":"max-image-preview:large","max-video-preview":"max-video-preview:-1"},"canonical":"https:\/\/www.sts-education.com\/no\/vertsfamilie\/hvorfor-man-bor-blivertsfamilie\/kompensasjon-host-and-go\/","og_locale":"nb_NO","og_type":"article","og_title":"Kompensasjon Host And Go","og_description":"F\u00e5 opptil 15 000 kroner i Host & Go-rabatt dersom du blir vertsfamilie for en utvekslingsstudent n\u00e5r barnet ditt skal p\u00e5 utvekslings\u00e5r.","og_url":"https:\/\/www.sts-education.com\/no\/vertsfamilie\/hvorfor-man-bor-blivertsfamilie\/kompensasjon-host-and-go\/","og_site_name":"STS Education","article_modified_time":"2026-04-03T14:52:50+00:00","og_image":[{"url":"https:\/\/cdn.sts-education.com\/12231_hero_lg_xl.jpg","type":"","width":"","height":""}],"twitter_card":"summary_large_image","twitter_misc":{"Ansl. lesetid":"2 minutter"},"schema":{"@context":"https:\/\/schema.org","@graph":[{"@type":"WebPage","@id":"https:\/\/www.sts-education.com\/no\/vertsfamilie\/hvorfor-man-bor-blivertsfamilie\/kompensasjon-host-and-go\/","url":"https:\/\/www.sts-education.com\/no\/vertsfamilie\/hvorfor-man-bor-blivertsfamilie\/kompensasjon-host-and-go\/","name":"Host and Go - f\u00e5 rabatt p\u00e5 utvekslings\u00e5ret","isPartOf":{"@id":"https:\/\/www.sts-education.com\/no\/#website"},"primaryImageOfPage":{"@id":"https:\/\/www.sts-education.com\/no\/vertsfamilie\/hvorfor-man-bor-blivertsfamilie\/kompensasjon-host-and-go\/#primaryimage"},"image":{"@id":"https:\/\/www.sts-education.com\/no\/vertsfamilie\/hvorfor-man-bor-blivertsfamilie\/kompensasjon-host-and-go\/#primaryimage"},"thumbnailUrl":"https:\/\/cdn.sts-education.com\/12231_hero_lg_xl.jpg","datePublished":"2019-03-12T10:34:46+00:00","dateModified":"2026-04-03T14:52:50+00:00","description":"F\u00e5 opptil 15 000 kroner i Host & Go-rabatt dersom du blir vertsfamilie for en utvekslingsstudent n\u00e5r barnet ditt skal p\u00e5 utvekslings\u00e5r.","breadcrumb":{"@id":"https:\/\/www.sts-education.com\/no\/vertsfamilie\/hvorfor-man-bor-blivertsfamilie\/kompensasjon-host-and-go\/#breadcrumb"},"inLanguage":"nb-NO","potentialAction":[{"@type":"ReadAction","target":["https:\/\/www.sts-education.com\/no\/vertsfamilie\/hvorfor-man-bor-blivertsfamilie\/kompensasjon-host-and-go\/"]}]},{"@type":"ImageObject","inLanguage":"nb-NO","@id":"https:\/\/www.sts-education.com\/no\/vertsfamilie\/hvorfor-man-bor-blivertsfamilie\/kompensasjon-host-and-go\/#primaryimage","url":"https:\/\/cdn.sts-education.com\/12231_hero_lg_xl.jpg","contentUrl":"https:\/\/cdn.sts-education.com\/12231_hero_lg_xl.jpg"},{"@type":"BreadcrumbList","@id":"https:\/\/www.sts-education.com\/no\/vertsfamilie\/hvorfor-man-bor-blivertsfamilie\/kompensasjon-host-and-go\/#breadcrumb","itemListElement":[{"@type":"ListItem","position":1,"name":"Home","item":"https:\/\/www.sts-education.com\/no\/"},{"@type":"ListItem","position":2,"name":"Vertsfamilie","item":"https:\/\/www.sts-education.com\/no\/vertsfamilie\/"},{"@type":"ListItem","position":3,"name":"Hvorfor man b\u00f8r blivertsfamilie","item":"https:\/\/www.sts-education.com\/no\/vertsfamilie\/hvorfor-man-bor-blivertsfamilie\/"},{"@type":"ListItem","position":4,"name":"Kompensasjon Host And Go"}]},{"@type":"WebSite","@id":"https:\/\/www.sts-education.com\/no\/#website","url":"https:\/\/www.sts-education.com\/no\/","name":"STS Education","description":"","potentialAction":[{"@type":"SearchAction","target":{"@type":"EntryPoint","urlTemplate":"https:\/\/www.sts-education.com\/no\/?s={search_term_string}"},"query-input":{"@type":"PropertyValueSpecification","valueRequired":true,"valueName":"search_term_string"}}],"inLanguage":"nb-NO"}]}},"_links":{"self":[{"href":"https:\/\/www.sts-education.com\/no\/wp-json\/wp\/v2\/pages\/10918","targetHints":{"allow":["GET"]}}],"collection":[{"href":"https:\/\/www.sts-education.com\/no\/wp-json\/wp\/v2\/pages"}],"about":[{"href":"https:\/\/www.sts-education.com\/no\/wp-json\/wp\/v2\/types\/page"}],"author":[{"embeddable":true,"href":"https:\/\/www.sts-education.com\/no\/wp-json\/wp\/v2\/users\/20"}],"replies":[{"embeddable":true,"href":"https:\/\/www.sts-education.com\/no\/wp-json\/wp\/v2\/comments?post=10918"}],"version-history":[{"count":3,"href":"https:\/\/www.sts-education.com\/no\/wp-json\/wp\/v2\/pages\/10918\/revisions"}],"predecessor-version":[{"id":27894,"href":"https:\/\/www.sts-education.com\/no\/wp-json\/wp\/v2\/pages\/10918\/revisions\/27894"}],"up":[{"embeddable":true,"href":"https:\/\/www.sts-education.com\/no\/wp-json\/wp\/v2\/pages\/27799"}],"wp:attachment":[{"href":"https:\/\/www.sts-education.com\/no\/wp-json\/wp\/v2\/media?parent=10918"}],"wp:term":[{"taxonomy":"wpw_page_folders","embeddable":true,"href":"https:\/\/www.sts-education.com\/no\/wp-json\/wp\/v2\/wpw_page_folders?post=10918"}],"curies":[{"name":"wp","href":"https:\/\/api.w.org\/{rel}","templated":true}]}}