{"id":10919,"date":"2019-03-12T10:29:24","date_gmt":"2019-03-12T10:29:24","guid":{"rendered":"https:\/\/preprod.sts-education.com\/vertsfamilie\/hvorfor-man-bor-blivertsfamilie\/trinn-for-trinn-bli-en-vertsfamilie\/"},"modified":"2026-04-14T09:58:04","modified_gmt":"2026-04-14T09:58:04","slug":"trinn-for-trinn-bli-en-vertsfamilie","status":"publish","type":"page","link":"https:\/\/www.sts-education.com\/no\/vertsfamilie\/hvorfor-man-bor-blivertsfamilie\/trinn-for-trinn-bli-en-vertsfamilie\/","title":{"rendered":"Trinn For Trinn Bli En Vertsfamilie"},"content":{"rendered":"\n<section class=\"wp-block-sts-hero sts-block-hero sts-block-hero is-variant-full-background has-text-light has-background-media\" style=\"--sts-hero-padding-mobile:0px;--sts-hero-padding-desktop:0px;--sts-hero-text-color:var(--wp--preset--color--base-10, #fff)\" data-variant=\"full-background\"><div class=\"sts-block-hero__background\"><picture class=\"sts-responsive-image has-pos-center is-skeleton\"><img src=\"https:\/\/cdn.sts-education.com\/12665_hero_lg_xl.jpg\" alt=\"Trinn for trinn \u2013 bli en vertsfamilie\" loading=\"lazy\" decoding=\"async\" fetchpriority=\"low\" sizes=\"(max-width: 640px) max(100vw, calc(clamp(320px, 100vh, 720px) * 9 \/ 16)), (max-width: 840px) max(100vw, calc(clamp(320px, 100vh, 720px) * 1 \/ 1)), max(100vw, calc(clamp(320px, 100vh, 720px) * 16 \/ 9))\" style=\"object-position:center\"\/><\/picture><span class=\"sts-block-hero__overlay\" aria-hidden=\"true\"><\/span><\/div><div class=\"sts-block-hero__inner\"><div class=\"sts-block-hero__content has-align-center\"><div class=\"sts-block-hero__content-inner\"><h1 class=\"sts-block-hero__heading\">Trinn for trinn \u2013 bli en vertsfamilie<\/h1><\/div><\/div><\/div><\/section>\n\n\n\n<div class=\"wp-block-sts-text sts-text-editor has-max-width-md\"><div class=\"sts-text-editor__content\"><div class=\"sts-text-editor__content-inner\">\n<ol>\n<li><strong>Meld din interesse<\/strong><br \/>Fyll inn og meld din interesse \u2013 det er ikke bindende p\u00e5 noen m\u00e5te!<\/li>\n<li><strong>Vi tar kontakt<\/strong><br \/>Vi tar kontakt og forteller litt mer om hvordan det fungerer \u00e5 v\u00e6re vertsfamilie, svarer p\u00e5 det dere lurer p\u00e5, og foretar et kort intervju med dere. S\u00e5 finner vi en aktuell elev til dere, basert p\u00e5 deres interesser og preferanser. Dere f\u00e5r informasjon om v\u00e5re elever og kan velge hvilken av dem dere \u00f8nsker \u00e5 ta imot.<\/li>\n<li><strong>Hjemmebes\u00f8k<\/strong><br \/>N\u00e5r dere har valgt en elev, kommer v\u00e5r lokale representant hjem til dere for \u00e5 fortelle mer om hvordan det er \u00e5 v\u00e6re vertsfamilie. Og dere f\u00e5r selvsagt ogs\u00e5 muligheten til \u00e5 stille sp\u00f8rsm\u00e5l om utvekslingselevene og livet som vertsfamilie. Den lokale representanten er der for b\u00e5de familien og eleven gjennom hele utvekslingsoppholdet.<\/li>\n<li><strong>Bli kjent med utvekslingseleven<\/strong><br \/>N\u00e5r dere har valgt elev, fyller dere inn en s\u00f8knad om \u00e5 bli vertsfamilie, og vi setter dere i kontakt med eleven. N\u00e5r s\u00f8knaden er godkjent, f\u00e5r dere hverandres kontaktinformasjon og kan begynne \u00e5 bli kjent med hverandre f\u00f8r selve utvekslingsprogrammet.<\/li>\n<li><strong>N\u00e5 begynner eventyret<\/strong><br \/>N\u00e5 kan dere begynne \u00e5 forberede dere og se frem til den spennende tiden dere har i vente. STS organiserer alt knyttet til elevens reise og selve utvekslingen generelt, slik som flybilletter, skoleplass og forsikring.<\/li>\n<\/ol>\n<p>Har du en ungdom hjemme som kunne tenke seg \u00e5 ta et \u00e5r i utlandet? Da kan dere benytte dere av v\u00e5rt <a href=\"https:\/\/www.sts-education.com\/no\/hvorfor-man-bor-blivertsfamilie\/kompensasjon-host-and-go\/\">Host &amp; Go-tilbud<\/a> og spare opptil 15 000 Nok p\u00e5 ungdommens utenlandsopphold hvis dere selv er vertsfamilie for en annen utvekslingselev!<\/p>\n<\/div><\/div><\/div>\n","protected":false},"excerpt":{"rendered":"","protected":false},"author":20,"featured_media":0,"parent":27799,"menu_order":0,"comment_status":"closed","ping_status":"closed","template":"","meta":{"_acf_changed":false,"sts_page_background_color":"","footnotes":""},"wpw_page_folders":[89],"class_list":["post-10919","page","type-page","status-publish","hentry"],"acf":[],"yoast_head":"<!-- This site is optimized with the Yoast SEO Premium plugin v27.2 (Yoast SEO v27.3) - https:\/\/yoast.com\/product\/yoast-seo-premium-wordpress\/ -->\n<title>Steg for steg \u2013 \u00e5 bli vertsfamilie<\/title>\n<meta name=\"description\" content=\"Hvordan blir du vertsfamilie? Fyll ut v\u00e5r interessemelding - den er p\u00e5 ingen m\u00e5te bindende og vi vil kontakte deg med mer informasjon.\" \/>\n<meta name=\"robots\" content=\"index, follow, max-snippet:-1, max-image-preview:large, max-video-preview:-1\" \/>\n<link rel=\"canonical\" href=\"https:\/\/www.sts-education.com\/no\/vertsfamilie\/hvorfor-man-bor-blivertsfamilie\/trinn-for-trinn-bli-en-vertsfamilie\/\" \/>\n<meta property=\"og:locale\" content=\"nb_NO\" \/>\n<meta property=\"og:type\" content=\"article\" \/>\n<meta property=\"og:title\" content=\"Trinn For Trinn Bli En Vertsfamilie\" \/>\n<meta property=\"og:description\" content=\"Hvordan blir du vertsfamilie? Fyll ut v\u00e5r interessemelding - den er p\u00e5 ingen m\u00e5te bindende og vi vil kontakte deg med mer informasjon.\" \/>\n<meta property=\"og:url\" content=\"https:\/\/www.sts-education.com\/no\/vertsfamilie\/hvorfor-man-bor-blivertsfamilie\/trinn-for-trinn-bli-en-vertsfamilie\/\" \/>\n<meta property=\"og:site_name\" content=\"STS Education\" \/>\n<meta property=\"article:modified_time\" content=\"2026-04-14T09:58:04+00:00\" \/>\n<meta property=\"og:image\" content=\"https:\/\/cdn.sts-education.com\/12665_hero_lg_xl.jpg\" \/>\n<meta name=\"twitter:card\" content=\"summary_large_image\" \/>\n<meta name=\"twitter:label1\" content=\"Ansl. lesetid\" \/>\n\t<meta name=\"twitter:data1\" content=\"2 minutter\" \/>\n<script type=\"application\/ld+json\" class=\"yoast-schema-graph\">{\"@context\":\"https:\\\/\\\/schema.org\",\"@graph\":[{\"@type\":\"WebPage\",\"@id\":\"https:\\\/\\\/www.sts-education.com\\\/no\\\/vertsfamilie\\\/hvorfor-man-bor-blivertsfamilie\\\/trinn-for-trinn-bli-en-vertsfamilie\\\/\",\"url\":\"https:\\\/\\\/www.sts-education.com\\\/no\\\/vertsfamilie\\\/hvorfor-man-bor-blivertsfamilie\\\/trinn-for-trinn-bli-en-vertsfamilie\\\/\",\"name\":\"Steg for steg \u2013 \u00e5 bli vertsfamilie\",\"isPartOf\":{\"@id\":\"https:\\\/\\\/www.sts-education.com\\\/no\\\/#website\"},\"primaryImageOfPage\":{\"@id\":\"https:\\\/\\\/www.sts-education.com\\\/no\\\/vertsfamilie\\\/hvorfor-man-bor-blivertsfamilie\\\/trinn-for-trinn-bli-en-vertsfamilie\\\/#primaryimage\"},\"image\":{\"@id\":\"https:\\\/\\\/www.sts-education.com\\\/no\\\/vertsfamilie\\\/hvorfor-man-bor-blivertsfamilie\\\/trinn-for-trinn-bli-en-vertsfamilie\\\/#primaryimage\"},\"thumbnailUrl\":\"https:\\\/\\\/cdn.sts-education.com\\\/12665_hero_lg_xl.jpg\",\"datePublished\":\"2019-03-12T10:29:24+00:00\",\"dateModified\":\"2026-04-14T09:58:04+00:00\",\"description\":\"Hvordan blir du vertsfamilie? Fyll ut v\u00e5r interessemelding - den er p\u00e5 ingen m\u00e5te bindende og vi vil kontakte deg med mer informasjon.\",\"breadcrumb\":{\"@id\":\"https:\\\/\\\/www.sts-education.com\\\/no\\\/vertsfamilie\\\/hvorfor-man-bor-blivertsfamilie\\\/trinn-for-trinn-bli-en-vertsfamilie\\\/#breadcrumb\"},\"inLanguage\":\"nb-NO\",\"potentialAction\":[{\"@type\":\"ReadAction\",\"target\":[\"https:\\\/\\\/www.sts-education.com\\\/no\\\/vertsfamilie\\\/hvorfor-man-bor-blivertsfamilie\\\/trinn-for-trinn-bli-en-vertsfamilie\\\/\"]}]},{\"@type\":\"ImageObject\",\"inLanguage\":\"nb-NO\",\"@id\":\"https:\\\/\\\/www.sts-education.com\\\/no\\\/vertsfamilie\\\/hvorfor-man-bor-blivertsfamilie\\\/trinn-for-trinn-bli-en-vertsfamilie\\\/#primaryimage\",\"url\":\"https:\\\/\\\/cdn.sts-education.com\\\/12665_hero_lg_xl.jpg\",\"contentUrl\":\"https:\\\/\\\/cdn.sts-education.com\\\/12665_hero_lg_xl.jpg\"},{\"@type\":\"BreadcrumbList\",\"@id\":\"https:\\\/\\\/www.sts-education.com\\\/no\\\/vertsfamilie\\\/hvorfor-man-bor-blivertsfamilie\\\/trinn-for-trinn-bli-en-vertsfamilie\\\/#breadcrumb\",\"itemListElement\":[{\"@type\":\"ListItem\",\"position\":1,\"name\":\"Home\",\"item\":\"https:\\\/\\\/www.sts-education.com\\\/no\\\/\"},{\"@type\":\"ListItem\",\"position\":2,\"name\":\"Vertsfamilie\",\"item\":\"https:\\\/\\\/www.sts-education.com\\\/no\\\/vertsfamilie\\\/\"},{\"@type\":\"ListItem\",\"position\":3,\"name\":\"Hvorfor man b\u00f8r blivertsfamilie\",\"item\":\"https:\\\/\\\/www.sts-education.com\\\/no\\\/vertsfamilie\\\/hvorfor-man-bor-blivertsfamilie\\\/\"},{\"@type\":\"ListItem\",\"position\":4,\"name\":\"Trinn For Trinn Bli En Vertsfamilie\"}]},{\"@type\":\"WebSite\",\"@id\":\"https:\\\/\\\/www.sts-education.com\\\/no\\\/#website\",\"url\":\"https:\\\/\\\/www.sts-education.com\\\/no\\\/\",\"name\":\"STS Education\",\"description\":\"\",\"potentialAction\":[{\"@type\":\"SearchAction\",\"target\":{\"@type\":\"EntryPoint\",\"urlTemplate\":\"https:\\\/\\\/www.sts-education.com\\\/no\\\/?s={search_term_string}\"},\"query-input\":{\"@type\":\"PropertyValueSpecification\",\"valueRequired\":true,\"valueName\":\"search_term_string\"}}],\"inLanguage\":\"nb-NO\"}]}<\/script>\n<!-- \/ Yoast SEO Premium plugin. -->","yoast_head_json":{"title":"Steg for steg \u2013 \u00e5 bli vertsfamilie","description":"Hvordan blir du vertsfamilie? Fyll ut v\u00e5r interessemelding - den er p\u00e5 ingen m\u00e5te bindende og vi vil kontakte deg med mer informasjon.","robots":{"index":"index","follow":"follow","max-snippet":"max-snippet:-1","max-image-preview":"max-image-preview:large","max-video-preview":"max-video-preview:-1"},"canonical":"https:\/\/www.sts-education.com\/no\/vertsfamilie\/hvorfor-man-bor-blivertsfamilie\/trinn-for-trinn-bli-en-vertsfamilie\/","og_locale":"nb_NO","og_type":"article","og_title":"Trinn For Trinn Bli En Vertsfamilie","og_description":"Hvordan blir du vertsfamilie? Fyll ut v\u00e5r interessemelding - den er p\u00e5 ingen m\u00e5te bindende og vi vil kontakte deg med mer informasjon.","og_url":"https:\/\/www.sts-education.com\/no\/vertsfamilie\/hvorfor-man-bor-blivertsfamilie\/trinn-for-trinn-bli-en-vertsfamilie\/","og_site_name":"STS Education","article_modified_time":"2026-04-14T09:58:04+00:00","og_image":[{"url":"https:\/\/cdn.sts-education.com\/12665_hero_lg_xl.jpg","type":"","width":"","height":""}],"twitter_card":"summary_large_image","twitter_misc":{"Ansl. lesetid":"2 minutter"},"schema":{"@context":"https:\/\/schema.org","@graph":[{"@type":"WebPage","@id":"https:\/\/www.sts-education.com\/no\/vertsfamilie\/hvorfor-man-bor-blivertsfamilie\/trinn-for-trinn-bli-en-vertsfamilie\/","url":"https:\/\/www.sts-education.com\/no\/vertsfamilie\/hvorfor-man-bor-blivertsfamilie\/trinn-for-trinn-bli-en-vertsfamilie\/","name":"Steg for steg \u2013 \u00e5 bli vertsfamilie","isPartOf":{"@id":"https:\/\/www.sts-education.com\/no\/#website"},"primaryImageOfPage":{"@id":"https:\/\/www.sts-education.com\/no\/vertsfamilie\/hvorfor-man-bor-blivertsfamilie\/trinn-for-trinn-bli-en-vertsfamilie\/#primaryimage"},"image":{"@id":"https:\/\/www.sts-education.com\/no\/vertsfamilie\/hvorfor-man-bor-blivertsfamilie\/trinn-for-trinn-bli-en-vertsfamilie\/#primaryimage"},"thumbnailUrl":"https:\/\/cdn.sts-education.com\/12665_hero_lg_xl.jpg","datePublished":"2019-03-12T10:29:24+00:00","dateModified":"2026-04-14T09:58:04+00:00","description":"Hvordan blir du vertsfamilie? Fyll ut v\u00e5r interessemelding - den er p\u00e5 ingen m\u00e5te bindende og vi vil kontakte deg med mer informasjon.","breadcrumb":{"@id":"https:\/\/www.sts-education.com\/no\/vertsfamilie\/hvorfor-man-bor-blivertsfamilie\/trinn-for-trinn-bli-en-vertsfamilie\/#breadcrumb"},"inLanguage":"nb-NO","potentialAction":[{"@type":"ReadAction","target":["https:\/\/www.sts-education.com\/no\/vertsfamilie\/hvorfor-man-bor-blivertsfamilie\/trinn-for-trinn-bli-en-vertsfamilie\/"]}]},{"@type":"ImageObject","inLanguage":"nb-NO","@id":"https:\/\/www.sts-education.com\/no\/vertsfamilie\/hvorfor-man-bor-blivertsfamilie\/trinn-for-trinn-bli-en-vertsfamilie\/#primaryimage","url":"https:\/\/cdn.sts-education.com\/12665_hero_lg_xl.jpg","contentUrl":"https:\/\/cdn.sts-education.com\/12665_hero_lg_xl.jpg"},{"@type":"BreadcrumbList","@id":"https:\/\/www.sts-education.com\/no\/vertsfamilie\/hvorfor-man-bor-blivertsfamilie\/trinn-for-trinn-bli-en-vertsfamilie\/#breadcrumb","itemListElement":[{"@type":"ListItem","position":1,"name":"Home","item":"https:\/\/www.sts-education.com\/no\/"},{"@type":"ListItem","position":2,"name":"Vertsfamilie","item":"https:\/\/www.sts-education.com\/no\/vertsfamilie\/"},{"@type":"ListItem","position":3,"name":"Hvorfor man b\u00f8r blivertsfamilie","item":"https:\/\/www.sts-education.com\/no\/vertsfamilie\/hvorfor-man-bor-blivertsfamilie\/"},{"@type":"ListItem","position":4,"name":"Trinn For Trinn Bli En Vertsfamilie"}]},{"@type":"WebSite","@id":"https:\/\/www.sts-education.com\/no\/#website","url":"https:\/\/www.sts-education.com\/no\/","name":"STS Education","description":"","potentialAction":[{"@type":"SearchAction","target":{"@type":"EntryPoint","urlTemplate":"https:\/\/www.sts-education.com\/no\/?s={search_term_string}"},"query-input":{"@type":"PropertyValueSpecification","valueRequired":true,"valueName":"search_term_string"}}],"inLanguage":"nb-NO"}]}},"_links":{"self":[{"href":"https:\/\/www.sts-education.com\/no\/wp-json\/wp\/v2\/pages\/10919","targetHints":{"allow":["GET"]}}],"collection":[{"href":"https:\/\/www.sts-education.com\/no\/wp-json\/wp\/v2\/pages"}],"about":[{"href":"https:\/\/www.sts-education.com\/no\/wp-json\/wp\/v2\/types\/page"}],"author":[{"embeddable":true,"href":"https:\/\/www.sts-education.com\/no\/wp-json\/wp\/v2\/users\/20"}],"replies":[{"embeddable":true,"href":"https:\/\/www.sts-education.com\/no\/wp-json\/wp\/v2\/comments?post=10919"}],"version-history":[{"count":5,"href":"https:\/\/www.sts-education.com\/no\/wp-json\/wp\/v2\/pages\/10919\/revisions"}],"predecessor-version":[{"id":33440,"href":"https:\/\/www.sts-education.com\/no\/wp-json\/wp\/v2\/pages\/10919\/revisions\/33440"}],"up":[{"embeddable":true,"href":"https:\/\/www.sts-education.com\/no\/wp-json\/wp\/v2\/pages\/27799"}],"wp:attachment":[{"href":"https:\/\/www.sts-education.com\/no\/wp-json\/wp\/v2\/media?parent=10919"}],"wp:term":[{"taxonomy":"wpw_page_folders","embeddable":true,"href":"https:\/\/www.sts-education.com\/no\/wp-json\/wp\/v2\/wpw_page_folders?post=10919"}],"curies":[{"name":"wp","href":"https:\/\/api.w.org\/{rel}","templated":true}]}}