{"id":10920,"date":"2023-03-30T11:07:36","date_gmt":"2023-03-30T11:07:36","guid":{"rendered":"https:\/\/preprod.sts-education.com\/vertsfamilie\/hvorfor-man-bor-blivertsfamilie\/velkomstfamilie-eller-lokal-koordinator\/"},"modified":"2026-04-14T09:57:58","modified_gmt":"2026-04-14T09:57:58","slug":"velkomstfamilie-eller-lokal-koordinator","status":"publish","type":"page","link":"https:\/\/www.sts-education.com\/no\/vertsfamilie\/hvorfor-man-bor-blivertsfamilie\/velkomstfamilie-eller-lokal-koordinator\/","title":{"rendered":"Velkomstfamilie Eller Lokal Koordinator"},"content":{"rendered":"\n<section class=\"wp-block-sts-hero sts-block-hero sts-block-hero is-variant-full-background has-text-light has-background-media\" style=\"--sts-hero-padding-mobile:0px;--sts-hero-padding-desktop:0px;--sts-hero-text-color:var(--wp--preset--color--base-10, #fff)\" data-variant=\"full-background\"><div class=\"sts-block-hero__background\"><picture class=\"sts-responsive-image has-pos-center is-skeleton\"><img src=\"https:\/\/cdn.sts-education.com\/12667_hero_lg_xl.jpg\" alt=\"Velkomstfamilie eller lokal koordinator\" loading=\"lazy\" decoding=\"async\" fetchpriority=\"low\" sizes=\"(max-width: 640px) max(100vw, calc(clamp(320px, 100vh, 720px) * 9 \/ 16)), (max-width: 840px) max(100vw, calc(clamp(320px, 100vh, 720px) * 1 \/ 1)), max(100vw, calc(clamp(320px, 100vh, 720px) * 16 \/ 9))\" style=\"object-position:center\"\/><\/picture><span class=\"sts-block-hero__overlay\" aria-hidden=\"true\"><\/span><\/div><div class=\"sts-block-hero__inner\"><div class=\"sts-block-hero__content has-align-center\"><div class=\"sts-block-hero__content-inner\"><h1 class=\"sts-block-hero__heading\">Velkomstfamilie eller lokal koordinator<\/h1><\/div><\/div><\/div><\/section>\n\n\n\n<div class=\"wp-block-sts-text sts-text-editor has-max-width-md\"><div class=\"sts-text-editor__content\"><div class=\"sts-text-editor__content-inner\">\n<p>Har du aldri v\u00e6rt vertsfamilie f\u00f8r, men er nysgjerrige p\u00e5 hvordan det er? Da kan du bli velkomstfamilie! Det inneb\u00e6rer at du er velkomsthjem for en elev fra utlandet i minst tre m\u00e5neder n\u00e5r han, hun eller hen kommer til landet. Deretter flytter eleven til en annen vertsfamilie. <a href=\"https:\/\/www.sts-education.com\/no\/hvorfor-man-bor-blivertsfamilie\/interesseskjema\/\">Meld din interesse<\/a>, s\u00e5 kontakter vi deg med mer informasjon. \u00c5 melde interesse er selvf\u00f8lgelig ikke-bindende.<\/p>\n<p>Kunne du tenke deg \u00e5 fungere som v\u00e5r h\u00f8yre h\u00e5nd og v\u00e6re STS-representant i ditt omr\u00e5de? <a href=\"https:\/\/www.sts-education.com\/no\/om-sts\/karriere\/\">Du kan lese mer om \u00e5 bli lokal koordinator her<\/a>.<\/p>\n<\/div><\/div><\/div>\n","protected":false},"excerpt":{"rendered":"","protected":false},"author":20,"featured_media":0,"parent":27799,"menu_order":0,"comment_status":"closed","ping_status":"closed","template":"","meta":{"_acf_changed":false,"sts_page_background_color":"","footnotes":""},"wpw_page_folders":[89],"class_list":["post-10920","page","type-page","status-publish","hentry"],"acf":[],"yoast_head":"<!-- This site is optimized with the Yoast SEO Premium plugin v27.2 (Yoast SEO v27.3) - https:\/\/yoast.com\/product\/yoast-seo-premium-wordpress\/ -->\n<title>Velkomstfamilie<\/title>\n<meta name=\"robots\" content=\"index, follow, max-snippet:-1, max-image-preview:large, max-video-preview:-1\" \/>\n<link rel=\"canonical\" href=\"https:\/\/www.sts-education.com\/no\/vertsfamilie\/hvorfor-man-bor-blivertsfamilie\/velkomstfamilie-eller-lokal-koordinator\/\" \/>\n<meta property=\"og:locale\" content=\"nb_NO\" \/>\n<meta property=\"og:type\" content=\"article\" \/>\n<meta property=\"og:title\" content=\"Velkomstfamilie Eller Lokal Koordinator\" \/>\n<meta property=\"og:url\" content=\"https:\/\/www.sts-education.com\/no\/vertsfamilie\/hvorfor-man-bor-blivertsfamilie\/velkomstfamilie-eller-lokal-koordinator\/\" \/>\n<meta property=\"og:site_name\" content=\"STS Education\" \/>\n<meta property=\"article:modified_time\" content=\"2026-04-14T09:57:58+00:00\" \/>\n<meta property=\"og:image\" content=\"https:\/\/cdn.sts-education.com\/12667_hero_lg_xl.jpg\" \/>\n<meta name=\"twitter:card\" content=\"summary_large_image\" \/>\n<meta name=\"twitter:label1\" content=\"Ansl. lesetid\" \/>\n\t<meta name=\"twitter:data1\" content=\"1 minutt\" \/>\n<script type=\"application\/ld+json\" class=\"yoast-schema-graph\">{\"@context\":\"https:\\\/\\\/schema.org\",\"@graph\":[{\"@type\":\"WebPage\",\"@id\":\"https:\\\/\\\/www.sts-education.com\\\/no\\\/vertsfamilie\\\/hvorfor-man-bor-blivertsfamilie\\\/velkomstfamilie-eller-lokal-koordinator\\\/\",\"url\":\"https:\\\/\\\/www.sts-education.com\\\/no\\\/vertsfamilie\\\/hvorfor-man-bor-blivertsfamilie\\\/velkomstfamilie-eller-lokal-koordinator\\\/\",\"name\":\"Velkomstfamilie\",\"isPartOf\":{\"@id\":\"https:\\\/\\\/www.sts-education.com\\\/no\\\/#website\"},\"primaryImageOfPage\":{\"@id\":\"https:\\\/\\\/www.sts-education.com\\\/no\\\/vertsfamilie\\\/hvorfor-man-bor-blivertsfamilie\\\/velkomstfamilie-eller-lokal-koordinator\\\/#primaryimage\"},\"image\":{\"@id\":\"https:\\\/\\\/www.sts-education.com\\\/no\\\/vertsfamilie\\\/hvorfor-man-bor-blivertsfamilie\\\/velkomstfamilie-eller-lokal-koordinator\\\/#primaryimage\"},\"thumbnailUrl\":\"https:\\\/\\\/cdn.sts-education.com\\\/12667_hero_lg_xl.jpg\",\"datePublished\":\"2023-03-30T11:07:36+00:00\",\"dateModified\":\"2026-04-14T09:57:58+00:00\",\"breadcrumb\":{\"@id\":\"https:\\\/\\\/www.sts-education.com\\\/no\\\/vertsfamilie\\\/hvorfor-man-bor-blivertsfamilie\\\/velkomstfamilie-eller-lokal-koordinator\\\/#breadcrumb\"},\"inLanguage\":\"nb-NO\",\"potentialAction\":[{\"@type\":\"ReadAction\",\"target\":[\"https:\\\/\\\/www.sts-education.com\\\/no\\\/vertsfamilie\\\/hvorfor-man-bor-blivertsfamilie\\\/velkomstfamilie-eller-lokal-koordinator\\\/\"]}]},{\"@type\":\"ImageObject\",\"inLanguage\":\"nb-NO\",\"@id\":\"https:\\\/\\\/www.sts-education.com\\\/no\\\/vertsfamilie\\\/hvorfor-man-bor-blivertsfamilie\\\/velkomstfamilie-eller-lokal-koordinator\\\/#primaryimage\",\"url\":\"https:\\\/\\\/cdn.sts-education.com\\\/12667_hero_lg_xl.jpg\",\"contentUrl\":\"https:\\\/\\\/cdn.sts-education.com\\\/12667_hero_lg_xl.jpg\"},{\"@type\":\"BreadcrumbList\",\"@id\":\"https:\\\/\\\/www.sts-education.com\\\/no\\\/vertsfamilie\\\/hvorfor-man-bor-blivertsfamilie\\\/velkomstfamilie-eller-lokal-koordinator\\\/#breadcrumb\",\"itemListElement\":[{\"@type\":\"ListItem\",\"position\":1,\"name\":\"Home\",\"item\":\"https:\\\/\\\/www.sts-education.com\\\/no\\\/\"},{\"@type\":\"ListItem\",\"position\":2,\"name\":\"Vertsfamilie\",\"item\":\"https:\\\/\\\/www.sts-education.com\\\/no\\\/vertsfamilie\\\/\"},{\"@type\":\"ListItem\",\"position\":3,\"name\":\"Hvorfor man b\u00f8r blivertsfamilie\",\"item\":\"https:\\\/\\\/www.sts-education.com\\\/no\\\/vertsfamilie\\\/hvorfor-man-bor-blivertsfamilie\\\/\"},{\"@type\":\"ListItem\",\"position\":4,\"name\":\"Velkomstfamilie Eller Lokal Koordinator\"}]},{\"@type\":\"WebSite\",\"@id\":\"https:\\\/\\\/www.sts-education.com\\\/no\\\/#website\",\"url\":\"https:\\\/\\\/www.sts-education.com\\\/no\\\/\",\"name\":\"STS Education\",\"description\":\"\",\"potentialAction\":[{\"@type\":\"SearchAction\",\"target\":{\"@type\":\"EntryPoint\",\"urlTemplate\":\"https:\\\/\\\/www.sts-education.com\\\/no\\\/?s={search_term_string}\"},\"query-input\":{\"@type\":\"PropertyValueSpecification\",\"valueRequired\":true,\"valueName\":\"search_term_string\"}}],\"inLanguage\":\"nb-NO\"}]}<\/script>\n<!-- \/ Yoast SEO Premium plugin. -->","yoast_head_json":{"title":"Velkomstfamilie","robots":{"index":"index","follow":"follow","max-snippet":"max-snippet:-1","max-image-preview":"max-image-preview:large","max-video-preview":"max-video-preview:-1"},"canonical":"https:\/\/www.sts-education.com\/no\/vertsfamilie\/hvorfor-man-bor-blivertsfamilie\/velkomstfamilie-eller-lokal-koordinator\/","og_locale":"nb_NO","og_type":"article","og_title":"Velkomstfamilie Eller Lokal Koordinator","og_url":"https:\/\/www.sts-education.com\/no\/vertsfamilie\/hvorfor-man-bor-blivertsfamilie\/velkomstfamilie-eller-lokal-koordinator\/","og_site_name":"STS Education","article_modified_time":"2026-04-14T09:57:58+00:00","og_image":[{"url":"https:\/\/cdn.sts-education.com\/12667_hero_lg_xl.jpg","type":"","width":"","height":""}],"twitter_card":"summary_large_image","twitter_misc":{"Ansl. lesetid":"1 minutt"},"schema":{"@context":"https:\/\/schema.org","@graph":[{"@type":"WebPage","@id":"https:\/\/www.sts-education.com\/no\/vertsfamilie\/hvorfor-man-bor-blivertsfamilie\/velkomstfamilie-eller-lokal-koordinator\/","url":"https:\/\/www.sts-education.com\/no\/vertsfamilie\/hvorfor-man-bor-blivertsfamilie\/velkomstfamilie-eller-lokal-koordinator\/","name":"Velkomstfamilie","isPartOf":{"@id":"https:\/\/www.sts-education.com\/no\/#website"},"primaryImageOfPage":{"@id":"https:\/\/www.sts-education.com\/no\/vertsfamilie\/hvorfor-man-bor-blivertsfamilie\/velkomstfamilie-eller-lokal-koordinator\/#primaryimage"},"image":{"@id":"https:\/\/www.sts-education.com\/no\/vertsfamilie\/hvorfor-man-bor-blivertsfamilie\/velkomstfamilie-eller-lokal-koordinator\/#primaryimage"},"thumbnailUrl":"https:\/\/cdn.sts-education.com\/12667_hero_lg_xl.jpg","datePublished":"2023-03-30T11:07:36+00:00","dateModified":"2026-04-14T09:57:58+00:00","breadcrumb":{"@id":"https:\/\/www.sts-education.com\/no\/vertsfamilie\/hvorfor-man-bor-blivertsfamilie\/velkomstfamilie-eller-lokal-koordinator\/#breadcrumb"},"inLanguage":"nb-NO","potentialAction":[{"@type":"ReadAction","target":["https:\/\/www.sts-education.com\/no\/vertsfamilie\/hvorfor-man-bor-blivertsfamilie\/velkomstfamilie-eller-lokal-koordinator\/"]}]},{"@type":"ImageObject","inLanguage":"nb-NO","@id":"https:\/\/www.sts-education.com\/no\/vertsfamilie\/hvorfor-man-bor-blivertsfamilie\/velkomstfamilie-eller-lokal-koordinator\/#primaryimage","url":"https:\/\/cdn.sts-education.com\/12667_hero_lg_xl.jpg","contentUrl":"https:\/\/cdn.sts-education.com\/12667_hero_lg_xl.jpg"},{"@type":"BreadcrumbList","@id":"https:\/\/www.sts-education.com\/no\/vertsfamilie\/hvorfor-man-bor-blivertsfamilie\/velkomstfamilie-eller-lokal-koordinator\/#breadcrumb","itemListElement":[{"@type":"ListItem","position":1,"name":"Home","item":"https:\/\/www.sts-education.com\/no\/"},{"@type":"ListItem","position":2,"name":"Vertsfamilie","item":"https:\/\/www.sts-education.com\/no\/vertsfamilie\/"},{"@type":"ListItem","position":3,"name":"Hvorfor man b\u00f8r blivertsfamilie","item":"https:\/\/www.sts-education.com\/no\/vertsfamilie\/hvorfor-man-bor-blivertsfamilie\/"},{"@type":"ListItem","position":4,"name":"Velkomstfamilie Eller Lokal Koordinator"}]},{"@type":"WebSite","@id":"https:\/\/www.sts-education.com\/no\/#website","url":"https:\/\/www.sts-education.com\/no\/","name":"STS Education","description":"","potentialAction":[{"@type":"SearchAction","target":{"@type":"EntryPoint","urlTemplate":"https:\/\/www.sts-education.com\/no\/?s={search_term_string}"},"query-input":{"@type":"PropertyValueSpecification","valueRequired":true,"valueName":"search_term_string"}}],"inLanguage":"nb-NO"}]}},"_links":{"self":[{"href":"https:\/\/www.sts-education.com\/no\/wp-json\/wp\/v2\/pages\/10920","targetHints":{"allow":["GET"]}}],"collection":[{"href":"https:\/\/www.sts-education.com\/no\/wp-json\/wp\/v2\/pages"}],"about":[{"href":"https:\/\/www.sts-education.com\/no\/wp-json\/wp\/v2\/types\/page"}],"author":[{"embeddable":true,"href":"https:\/\/www.sts-education.com\/no\/wp-json\/wp\/v2\/users\/20"}],"replies":[{"embeddable":true,"href":"https:\/\/www.sts-education.com\/no\/wp-json\/wp\/v2\/comments?post=10920"}],"version-history":[{"count":5,"href":"https:\/\/www.sts-education.com\/no\/wp-json\/wp\/v2\/pages\/10920\/revisions"}],"predecessor-version":[{"id":33435,"href":"https:\/\/www.sts-education.com\/no\/wp-json\/wp\/v2\/pages\/10920\/revisions\/33435"}],"up":[{"embeddable":true,"href":"https:\/\/www.sts-education.com\/no\/wp-json\/wp\/v2\/pages\/27799"}],"wp:attachment":[{"href":"https:\/\/www.sts-education.com\/no\/wp-json\/wp\/v2\/media?parent=10920"}],"wp:term":[{"taxonomy":"wpw_page_folders","embeddable":true,"href":"https:\/\/www.sts-education.com\/no\/wp-json\/wp\/v2\/wpw_page_folders?post=10920"}],"curies":[{"name":"wp","href":"https:\/\/api.w.org\/{rel}","templated":true}]}}