{"id":10936,"date":"2023-03-29T07:44:30","date_gmt":"2023-03-29T07:44:30","guid":{"rendered":"https:\/\/preprod.sts-education.com\/vertsfamilie\/family-stories\/tidligere-vertsfamilier-forteller\/familien-petersson\/"},"modified":"2026-04-03T14:57:01","modified_gmt":"2026-04-03T14:57:01","slug":"familien-petersson","status":"publish","type":"page","link":"https:\/\/www.sts-education.com\/no\/vertsfamilie\/family-stories\/tidligere-vertsfamilier-forteller\/familien-petersson\/","title":{"rendered":"Familien Petersson"},"content":{"rendered":"\n<div class=\"wp-block-sts-text sts-text-editor has-max-width-md\"><div class=\"sts-text-editor__content\"><div class=\"sts-text-editor__content-inner\">\n<h1>Familien Petersson er vertskap for Philip fra Tyskland<\/h1>\n<\/div><\/div><\/div>\n\n\n\n<div class=\"wp-block-sts-text sts-text-editor has-max-width-md\"><div class=\"sts-text-editor__content\"><div class=\"sts-text-editor__content-inner\">\n<p>\u00c5 dra p\u00e5 high school-utveksling betyr at du g\u00e5r p\u00e5 en lokal videreg\u00e5ende skole og bor i en lokal vertsfamilie i et annet land. Vertsfamilien er sentral for hele opplevelsen. Og i de fleste tilfeller opplever vertsfamiliene at det er sv\u00e6rt givende \u00e5 v\u00e6re vertsfamilie, og at forholdet mellom vertsfamilien og eleven ender opp med \u00e5 bli sv\u00e6rt tett og livslangt. Erika og Stefan Pettersson, sammen med sine tre barn Clara 13, Alice 15 og Edit 17, er vertsfamilie for Philip fra Tyskland.<\/p>\n<\/div><\/div><\/div>\n\n\n\n<figure class=\"wp-block-sts-image sts-block-image sts-block-image--count-1 has-max-width-md\" data-count=\"1\"><div class=\"sts-block-image__grid\"><div class=\"sts-block-image__item\"><picture class=\"sts-responsive-image has-fit-cover has-pos-top is-skeleton\"><img src=\"https:\/\/cdn.sts-education.com\/12707_hero_md.jpg\" alt=\"Familien Petersson er vertskap for Philip fra Tyskland\" loading=\"lazy\" decoding=\"async\" fetchpriority=\"low\" sizes=\"(max-width: 736px) 100vw, 736px\" style=\"object-position:top\"\/><\/picture><\/div><\/div><\/figure>\n\n\n\n<div class=\"wp-block-sts-text sts-text-editor has-max-width-md\"><div class=\"sts-text-editor__content\"><div class=\"sts-text-editor__content-inner\">\n<p>Da eldstedatteren Edit dro til Texas som utvekslingsstudent, fikk de ideen om \u00e5 ta imot en utvekslingsstudent selv. Vertspappa Stefan:<\/p>\n<p>&quot;Allerede etter en uke hadde vi f\u00e5tt et nytt syn p\u00e5 Sverige og hvordan vi gj\u00f8r ting. Man f\u00e5r et annet perspektiv og l\u00e6rer mye om seg selv. Det er en ny dynamikk i familien, men det har ikke v\u00e6rt dramatisk. Philip er i ferd med \u00e5 gli inn i familien, og vi lager mat, vasker kl\u00e6r og gj\u00f8r rent sammen. Clara, som vil l\u00e6re seg tysk, synes det er kjempebra, og jeg har endelig f\u00e5tt noen \u00e5 jogge med.&quot;<\/p>\n<p>Gratulerer med beslutningen om \u00e5 bli vertsfamilie.<\/p>\n<h2>Philip &#8211; n\u00e5 en lokal kjendis<\/h2>\n<p>STS-eleven Philip fra Tyskland, som er p\u00e5 utveksling i Vallda i Sverige, er blitt en kjendis etter at lokalavisen Norra Halland brakte et intervju med ham. Philip forteller om vertsfamilien og skolen: &quot;Jeg har en fantastisk vertsfamilie med tre s\u00f8sken, to katter, to kaniner og et akvarium. Jeg liker at familielivet er litt livlig, i Tyskland er jeg enebarn. P\u00e5 skolen er l\u00e6rerne entusiastiske, og elevene liker faktisk \u00e5 g\u00e5 p\u00e5 skolen. Jeg liker at man f\u00e5r sin egen datamaskin. Jeg var litt nerv\u00f8s i begynnelsen, men n\u00e5 g\u00e5r det bra.&quot; Om v\u00e6ret sier han: &quot;Jeg gleder meg til vinteren og h\u00e5per p\u00e5 sn\u00f8. Jeg vil gjerne g\u00e5 p\u00e5 ski!&quot;<\/p>\n<p>Vi \u00f8nsker Philip lykke til og en god utveksling! Takk for at du delte!<\/p>\n<\/div><\/div><\/div>\n","protected":false},"excerpt":{"rendered":"","protected":false},"author":20,"featured_media":0,"parent":10915,"menu_order":0,"comment_status":"closed","ping_status":"closed","template":"","meta":{"_acf_changed":false,"sts_page_background_color":"","footnotes":""},"wpw_page_folders":[528],"class_list":["post-10936","page","type-page","status-publish","hentry"],"acf":[],"yoast_head":"<!-- This site is optimized with the Yoast SEO Premium plugin v27.2 (Yoast SEO v27.2) - https:\/\/yoast.com\/product\/yoast-seo-premium-wordpress\/ -->\n<title>Familien Petersson<\/title>\n<meta name=\"robots\" content=\"index, follow, max-snippet:-1, max-image-preview:large, max-video-preview:-1\" \/>\n<link rel=\"canonical\" href=\"https:\/\/www.sts-education.com\/no\/vertsfamilie\/family-stories\/tidligere-vertsfamilier-forteller\/familien-petersson\/\" \/>\n<meta property=\"og:locale\" content=\"nb_NO\" \/>\n<meta property=\"og:type\" content=\"article\" \/>\n<meta property=\"og:title\" content=\"Familien Petersson\" \/>\n<meta property=\"og:url\" content=\"https:\/\/www.sts-education.com\/no\/vertsfamilie\/family-stories\/tidligere-vertsfamilier-forteller\/familien-petersson\/\" \/>\n<meta property=\"og:site_name\" content=\"STS Education\" \/>\n<meta property=\"article:modified_time\" content=\"2026-04-03T14:57:01+00:00\" \/>\n<meta property=\"og:image\" content=\"https:\/\/cdn.sts-education.com\/12707_hero_md.jpg\" \/>\n<meta name=\"twitter:card\" content=\"summary_large_image\" \/>\n<meta name=\"twitter:label1\" content=\"Ansl. lesetid\" \/>\n\t<meta name=\"twitter:data1\" content=\"2 minutter\" \/>\n<script type=\"application\/ld+json\" class=\"yoast-schema-graph\">{\"@context\":\"https:\/\/schema.org\",\"@graph\":[{\"@type\":\"WebPage\",\"@id\":\"https:\/\/www.sts-education.com\/no\/vertsfamilie\/family-stories\/tidligere-vertsfamilier-forteller\/familien-petersson\/\",\"url\":\"https:\/\/www.sts-education.com\/no\/vertsfamilie\/family-stories\/tidligere-vertsfamilier-forteller\/familien-petersson\/\",\"name\":\"Familien Petersson\",\"isPartOf\":{\"@id\":\"https:\/\/www.sts-education.com\/no\/#website\"},\"primaryImageOfPage\":{\"@id\":\"https:\/\/www.sts-education.com\/no\/vertsfamilie\/family-stories\/tidligere-vertsfamilier-forteller\/familien-petersson\/#primaryimage\"},\"image\":{\"@id\":\"https:\/\/www.sts-education.com\/no\/vertsfamilie\/family-stories\/tidligere-vertsfamilier-forteller\/familien-petersson\/#primaryimage\"},\"thumbnailUrl\":\"https:\/\/cdn.sts-education.com\/12707_hero_md.jpg\",\"datePublished\":\"2023-03-29T07:44:30+00:00\",\"dateModified\":\"2026-04-03T14:57:01+00:00\",\"breadcrumb\":{\"@id\":\"https:\/\/www.sts-education.com\/no\/vertsfamilie\/family-stories\/tidligere-vertsfamilier-forteller\/familien-petersson\/#breadcrumb\"},\"inLanguage\":\"nb-NO\",\"potentialAction\":[{\"@type\":\"ReadAction\",\"target\":[\"https:\/\/www.sts-education.com\/no\/vertsfamilie\/family-stories\/tidligere-vertsfamilier-forteller\/familien-petersson\/\"]}]},{\"@type\":\"ImageObject\",\"inLanguage\":\"nb-NO\",\"@id\":\"https:\/\/www.sts-education.com\/no\/vertsfamilie\/family-stories\/tidligere-vertsfamilier-forteller\/familien-petersson\/#primaryimage\",\"url\":\"https:\/\/cdn.sts-education.com\/12707_hero_md.jpg\",\"contentUrl\":\"https:\/\/cdn.sts-education.com\/12707_hero_md.jpg\"},{\"@type\":\"BreadcrumbList\",\"@id\":\"https:\/\/www.sts-education.com\/no\/vertsfamilie\/family-stories\/tidligere-vertsfamilier-forteller\/familien-petersson\/#breadcrumb\",\"itemListElement\":[{\"@type\":\"ListItem\",\"position\":1,\"name\":\"Home\",\"item\":\"https:\/\/www.sts-education.com\/no\/\"},{\"@type\":\"ListItem\",\"position\":2,\"name\":\"Vertsfamilie\",\"item\":\"https:\/\/www.sts-education.com\/no\/vertsfamilie\/\"},{\"@type\":\"ListItem\",\"position\":3,\"name\":\"Family Stories\",\"item\":\"https:\/\/www.sts-education.com\/no\/vertsfamilie\/family-stories\/\"},{\"@type\":\"ListItem\",\"position\":4,\"name\":\"Tidligere vertsfamilier forteller\",\"item\":\"https:\/\/www.sts-education.com\/no\/vertsfamilie\/family-stories\/tidligere-vertsfamilier-forteller\/\"},{\"@type\":\"ListItem\",\"position\":5,\"name\":\"Familien Petersson\"}]},{\"@type\":\"WebSite\",\"@id\":\"https:\/\/www.sts-education.com\/no\/#website\",\"url\":\"https:\/\/www.sts-education.com\/no\/\",\"name\":\"STS Education\",\"description\":\"\",\"potentialAction\":[{\"@type\":\"SearchAction\",\"target\":{\"@type\":\"EntryPoint\",\"urlTemplate\":\"https:\/\/www.sts-education.com\/no\/?s={search_term_string}\"},\"query-input\":{\"@type\":\"PropertyValueSpecification\",\"valueRequired\":true,\"valueName\":\"search_term_string\"}}],\"inLanguage\":\"nb-NO\"}]}<\/script>\n<!-- \/ Yoast SEO Premium plugin. -->","yoast_head_json":{"title":"Familien Petersson","robots":{"index":"index","follow":"follow","max-snippet":"max-snippet:-1","max-image-preview":"max-image-preview:large","max-video-preview":"max-video-preview:-1"},"canonical":"https:\/\/www.sts-education.com\/no\/vertsfamilie\/family-stories\/tidligere-vertsfamilier-forteller\/familien-petersson\/","og_locale":"nb_NO","og_type":"article","og_title":"Familien Petersson","og_url":"https:\/\/www.sts-education.com\/no\/vertsfamilie\/family-stories\/tidligere-vertsfamilier-forteller\/familien-petersson\/","og_site_name":"STS Education","article_modified_time":"2026-04-03T14:57:01+00:00","og_image":[{"url":"https:\/\/cdn.sts-education.com\/12707_hero_md.jpg","type":"","width":"","height":""}],"twitter_card":"summary_large_image","twitter_misc":{"Ansl. lesetid":"2 minutter"},"schema":{"@context":"https:\/\/schema.org","@graph":[{"@type":"WebPage","@id":"https:\/\/www.sts-education.com\/no\/vertsfamilie\/family-stories\/tidligere-vertsfamilier-forteller\/familien-petersson\/","url":"https:\/\/www.sts-education.com\/no\/vertsfamilie\/family-stories\/tidligere-vertsfamilier-forteller\/familien-petersson\/","name":"Familien Petersson","isPartOf":{"@id":"https:\/\/www.sts-education.com\/no\/#website"},"primaryImageOfPage":{"@id":"https:\/\/www.sts-education.com\/no\/vertsfamilie\/family-stories\/tidligere-vertsfamilier-forteller\/familien-petersson\/#primaryimage"},"image":{"@id":"https:\/\/www.sts-education.com\/no\/vertsfamilie\/family-stories\/tidligere-vertsfamilier-forteller\/familien-petersson\/#primaryimage"},"thumbnailUrl":"https:\/\/cdn.sts-education.com\/12707_hero_md.jpg","datePublished":"2023-03-29T07:44:30+00:00","dateModified":"2026-04-03T14:57:01+00:00","breadcrumb":{"@id":"https:\/\/www.sts-education.com\/no\/vertsfamilie\/family-stories\/tidligere-vertsfamilier-forteller\/familien-petersson\/#breadcrumb"},"inLanguage":"nb-NO","potentialAction":[{"@type":"ReadAction","target":["https:\/\/www.sts-education.com\/no\/vertsfamilie\/family-stories\/tidligere-vertsfamilier-forteller\/familien-petersson\/"]}]},{"@type":"ImageObject","inLanguage":"nb-NO","@id":"https:\/\/www.sts-education.com\/no\/vertsfamilie\/family-stories\/tidligere-vertsfamilier-forteller\/familien-petersson\/#primaryimage","url":"https:\/\/cdn.sts-education.com\/12707_hero_md.jpg","contentUrl":"https:\/\/cdn.sts-education.com\/12707_hero_md.jpg"},{"@type":"BreadcrumbList","@id":"https:\/\/www.sts-education.com\/no\/vertsfamilie\/family-stories\/tidligere-vertsfamilier-forteller\/familien-petersson\/#breadcrumb","itemListElement":[{"@type":"ListItem","position":1,"name":"Home","item":"https:\/\/www.sts-education.com\/no\/"},{"@type":"ListItem","position":2,"name":"Vertsfamilie","item":"https:\/\/www.sts-education.com\/no\/vertsfamilie\/"},{"@type":"ListItem","position":3,"name":"Family Stories","item":"https:\/\/www.sts-education.com\/no\/vertsfamilie\/family-stories\/"},{"@type":"ListItem","position":4,"name":"Tidligere vertsfamilier forteller","item":"https:\/\/www.sts-education.com\/no\/vertsfamilie\/family-stories\/tidligere-vertsfamilier-forteller\/"},{"@type":"ListItem","position":5,"name":"Familien Petersson"}]},{"@type":"WebSite","@id":"https:\/\/www.sts-education.com\/no\/#website","url":"https:\/\/www.sts-education.com\/no\/","name":"STS Education","description":"","potentialAction":[{"@type":"SearchAction","target":{"@type":"EntryPoint","urlTemplate":"https:\/\/www.sts-education.com\/no\/?s={search_term_string}"},"query-input":{"@type":"PropertyValueSpecification","valueRequired":true,"valueName":"search_term_string"}}],"inLanguage":"nb-NO"}]}},"_links":{"self":[{"href":"https:\/\/www.sts-education.com\/no\/wp-json\/wp\/v2\/pages\/10936","targetHints":{"allow":["GET"]}}],"collection":[{"href":"https:\/\/www.sts-education.com\/no\/wp-json\/wp\/v2\/pages"}],"about":[{"href":"https:\/\/www.sts-education.com\/no\/wp-json\/wp\/v2\/types\/page"}],"author":[{"embeddable":true,"href":"https:\/\/www.sts-education.com\/no\/wp-json\/wp\/v2\/users\/20"}],"replies":[{"embeddable":true,"href":"https:\/\/www.sts-education.com\/no\/wp-json\/wp\/v2\/comments?post=10936"}],"version-history":[{"count":3,"href":"https:\/\/www.sts-education.com\/no\/wp-json\/wp\/v2\/pages\/10936\/revisions"}],"predecessor-version":[{"id":27903,"href":"https:\/\/www.sts-education.com\/no\/wp-json\/wp\/v2\/pages\/10936\/revisions\/27903"}],"up":[{"embeddable":true,"href":"https:\/\/www.sts-education.com\/no\/wp-json\/wp\/v2\/pages\/10915"}],"wp:attachment":[{"href":"https:\/\/www.sts-education.com\/no\/wp-json\/wp\/v2\/media?parent=10936"}],"wp:term":[{"taxonomy":"wpw_page_folders","embeddable":true,"href":"https:\/\/www.sts-education.com\/no\/wp-json\/wp\/v2\/wpw_page_folders?post=10936"}],"curies":[{"name":"wp","href":"https:\/\/api.w.org\/{rel}","templated":true}]}}