{"id":10937,"date":"2021-02-11T12:01:00","date_gmt":"2021-02-11T12:01:00","guid":{"rendered":"https:\/\/preprod.sts-education.com\/vertsfamilie\/family-stories\/tidligere-vertsfamilier-forteller\/family-vogt-canada\/"},"modified":"2026-04-14T09:57:59","modified_gmt":"2026-04-14T09:57:59","slug":"family-vogt-canada","status":"publish","type":"page","link":"https:\/\/www.sts-education.com\/no\/vertsfamilie\/family-stories\/tidligere-vertsfamilier-forteller\/family-vogt-canada\/","title":{"rendered":"Family Vogt Canada"},"content":{"rendered":"\n<section class=\"wp-block-sts-hero sts-block-hero sts-block-hero is-variant-full-background has-text-light has-background-media\" style=\"--sts-hero-padding-mobile:0px;--sts-hero-padding-desktop:0px;--sts-hero-text-color:var(--wp--preset--color--base-10, #fff)\" data-variant=\"full-background\"><div class=\"sts-block-hero__background\"><picture class=\"sts-responsive-image has-pos-center is-skeleton\"><img src=\"https:\/\/cdn.sts-education.com\/12788_hero_lg_xl.jpg\" alt=\"Det \u00e5 v\u00e6re vertsfamilie for en internasjonal elev kan forandre livet ditt\" loading=\"lazy\" decoding=\"async\" fetchpriority=\"low\" sizes=\"(max-width: 640px) max(100vw, calc(clamp(320px, 100vh, 720px) * 9 \/ 16)), (max-width: 840px) max(100vw, calc(clamp(320px, 100vh, 720px) * 1 \/ 1)), max(100vw, calc(clamp(320px, 100vh, 720px) * 16 \/ 9))\" style=\"object-position:center\"\/><\/picture><span class=\"sts-block-hero__overlay\" aria-hidden=\"true\"><\/span><\/div><div class=\"sts-block-hero__inner\"><div class=\"sts-block-hero__content has-align-center\"><div class=\"sts-block-hero__content-inner\"><h1 class=\"sts-block-hero__heading\">Det \u00e5 v\u00e6re vertsfamilie for en internasjonal elev kan forandre livet ditt<\/h1><\/div><\/div><\/div><\/section>\n\n\n\n<div class=\"wp-block-sts-text sts-text-editor has-max-width-md\"><div class=\"sts-text-editor__content\"><div class=\"sts-text-editor__content-inner\">\n<p>Da telefonen ringte og alle s\u00e5 det var Gaby som ringte fra Ecuador, ble ansiktene deres straks opplyst. De samlet seg rundt telefonen og begynte \u00e5 snakke som om de s\u00e5 hverandre hver dag. Gaby, Lita, Sonja og Verena, fire jenter fra fire forskjellige land, som for bare noen dager siden aldri hadde m\u00f8ttes tidligere. Men de delte et b\u00e5nd som gikk dypt: de hadde alle tatt et utvekslings\u00e5r i Prince George, British Columbia da de gikk p\u00e5 videreg\u00e5ende. Og der hadde alle bodd hos samme vertsfamilie, nemlig familien Vogt.<\/p>\n<\/div><\/div><\/div>\n\n\n\n<section class=\"wp-block-sts-video sts-block-video sts-block-video--landscape has-max-width-lg\"><div class=\"sts-video sts-video--landscape\"><div class=\"sts-video__handler\"><button type=\"button\" class=\"sts-video__play-button\" aria-label=\"Play video\" aria-pressed=\"false\" data-playing=\"false\"><span class=\"sts-video__play-icon\"><img decoding=\"async\" class=\"play-icon\" src=\"data:image\/svg+xml,%3csvg%20width='32'%20height='32'%20viewBox='0%200%2032%2032'%20fill='none'%20xmlns='http:\/\/www.w3.org\/2000\/svg'%3e%3cmask%20id='mask0_2459_8201'%20style='mask-type:alpha'%20maskUnits='userSpaceOnUse'%20x='0'%20y='0'%20width='32'%20height='32'%3e%3crect%20width='32'%20height='32'%20fill='%23D9D9D9'\/%3e%3c\/mask%3e%3cg%20mask='url(%23mask0_2459_8201)'%3e%3cpath%20d='M10.667%2022.8999V9.09993C10.667%208.72216%2010.8003%208.40549%2011.067%208.14993C11.3337%207.89438%2011.6448%207.7666%2012.0003%207.7666C12.1114%207.7666%2012.2281%207.78327%2012.3503%207.8166C12.4725%207.84993%2012.5892%207.89993%2012.7003%207.9666L23.567%2014.8666C23.767%2014.9999%2023.917%2015.1666%2024.017%2015.3666C24.117%2015.5666%2024.167%2015.7777%2024.167%2015.9999C24.167%2016.2222%2024.117%2016.4333%2024.017%2016.6333C23.917%2016.8333%2023.767%2016.9999%2023.567%2017.1333L12.7003%2024.0333C12.5892%2024.0999%2012.4725%2024.1499%2012.3503%2024.1833C12.2281%2024.2166%2012.1114%2024.2333%2012.0003%2024.2333C11.6448%2024.2333%2011.3337%2024.1055%2011.067%2023.8499C10.8003%2023.5944%2010.667%2023.2777%2010.667%2022.8999Z'%20fill='black'\/%3e%3c\/g%3e%3c\/svg%3e\" alt=\"\" aria-hidden=\"true\"\/><img decoding=\"async\" class=\"pause-icon\" src=\"data:image\/svg+xml,%3csvg%20width='32'%20height='32'%20viewBox='0%200%2032%2032'%20fill='none'%20xmlns='http:\/\/www.w3.org\/2000\/svg'%3e%3cmask%20id='mask0_pause'%20style='mask-type:alpha'%20maskUnits='userSpaceOnUse'%20x='0'%20y='0'%20width='32'%20height='32'%3e%3crect%20width='32'%20height='32'%20fill='%23D9D9D9'\/%3e%3c\/mask%3e%3cg%20mask='url(%23mask0_pause)'%3e%3c!--%20Left%20bar%20--%3e%3crect%20x='10'%20y='8'%20width='4'%20height='16'%20rx='1'%20fill='black'\/%3e%3c!--%20Right%20bar%20--%3e%3crect%20x='18'%20y='8'%20width='4'%20height='16'%20rx='1'%20fill='black'\/%3e%3c\/g%3e%3c\/svg%3e\" alt=\"\" aria-hidden=\"true\"\/><\/span><\/button><strong class=\"sts-video__duration\" data-duration-prefix=\"Video duration:\" data-unit-second=\"second\" data-unit-seconds=\"seconds\" data-unit-minute=\"minute\" data-unit-minutes=\"minutes\" aria-label=\"Video duration: 1.7 minutes\">1.7 mins<\/strong><\/div><div class=\"sts-video__media\" data-video-source=\"youtube\" data-video-url=\"\"><div class=\"sts-video__external-shell\" data-embed-url=\"https:\/\/www.youtube.com\/embed\/ehQWOD9vBks?rel=0&amp;controls=1&amp;modestbranding=1&amp;playsinline=1&amp;enablejsapi=1&amp;autoplay=0&amp;origin=https%3A%2F%2Fwww.sts-education.com\"><iframe class=\"sts-video__iframe\" src=\"https:\/\/www.youtube.com\/embed\/ehQWOD9vBks?rel=0&amp;controls=1&amp;modestbranding=1&amp;playsinline=1&amp;enablejsapi=1&amp;autoplay=0&amp;origin=https%3A%2F%2Fwww.sts-education.com\" title=\"Video poster\nheading\" allow=\"autoplay; fullscreen\" allowfullscreen loading=\"lazy\" data-provider=\"youtube\" data-embed-url=\"https:\/\/www.youtube.com\/embed\/ehQWOD9vBks?rel=0&amp;controls=1&amp;modestbranding=1&amp;playsinline=1&amp;enablejsapi=1&amp;autoplay=0&amp;origin=https%3A%2F%2Fwww.sts-education.com\"><\/iframe><\/div><\/div><\/div><\/section>\n\n\n\n<div class=\"wp-block-sts-text sts-text-editor has-max-width-md\"><div class=\"sts-text-editor__content\"><div class=\"sts-text-editor__content-inner\">\n<p>Andy og Cheryl Vogt, som de fire studentene fortsatt omtaler som \u201cmamma og pappa\u201d, bestemte seg for \u00e5 bli vertsfamilie for over ti \u00e5r siden, og de har ikke sett seg tilbake siden. Vi fikk tilbringe en dag i Oslo, der alle for f\u00f8rste gang var samlet (vel, nesten). Andy og Cheryl hadde kommet fra Canada med deres s\u00f8nn Ben. Verena fra \u00d8sterrike hadde kommet fra hennes n\u00e5v\u00e6rende hjem i Berlin. Sonja hadde kommet fra Finland, og Lita, den lokale, fungerte som b\u00e5de vertskap og guide! Dessverre hadde ikke Gaby mulighet til \u00e5 komme, men det var tydelig at hun var der i \u00e5nden (i tillegg til p\u00e5 telefonen).<\/p>\n<h3>Vi fulgte med mens de mimret om tiden de hadde sammen, og en ting ble tydelig med en gang:<\/h3>\n<p>For det f\u00f8rste, familien Vogt er en spesiell familie, som b\u00e5de er snill, kj\u00e6rlig og uendelig gener\u00f8s. Humoren henger l\u00f8st, og det er alltid latter. Spesielt Andy liker \u00e5 trykke p\u00e5 folks knapper, men kun om det bringer frem et smil eller en god latter.<\/p>\n<p>For det andre er b\u00e5ndene de knyttet med hver av de fire jentene noe helt spesielt. Alt fra intern humor til verdifulle minner gj\u00f8r forholdene helt unike og fulle av tillitt, historie og mening. Og ikke minst, ville ingen av livene deres v\u00e6rt det samme uten disse erfaringene, noe de alle veldig glad for.<\/p>\n<p>Vi fikk h\u00f8re historier om Sonja som kom ut av skallet sitt, og fikk mer selvtillit. Om Gabys engelsk som ble forbedret enormt, og familien Vogt som har reist verden rundt for \u00e5 bes\u00f8ke vertsbarna sine (de har bes\u00f8kt Norge og Ecuador og var til og med i Sonjas bryllup i Finland!).<\/p>\n<p>Andy og Cheryl begynte sin reise som vertsforeldre med en klar intensjon om \u00e5 gi. De \u00f8nsket \u00e5 gi unge studenter et sted \u00e5 bo i et \u00e5r, et stabilt st\u00f8tteapparat under utvekslings\u00e5ret og denne store erfaringen. Til gjengjeld endte de opp med \u00e5 f\u00e5 tilbake mye mer enn de forventet. De fikk oppleve flerkulturell utveksling i sitt eget hjem, fikk se sine egne barn utvide horisonten og bli klokere og mer selvsikre, og viktigst av alt: de fikk, som de selv sier, fire nye d\u00f8tre.<\/p>\n<p>Selvsagt var det ikke bare latter og hygge. Det krevde jobb, mye jobb. Som Andy sa: \u201cDa Cheryl og jeg gikk inn for dette, var vi enige om at vi skulle behandle disse barna akkurat som v\u00e5re egne. Det er ingen spesielle regler, det er ingen spesialbehandling. De stiller p\u00e5 lik linje som alle de andre barna i familien. Og p\u00e5 den m\u00e5te blir det latter, husarbeid, noen t\u00e5rer og litt krangling.<\/p>\n<p>Men ingen mengde vanskeligheter kunne endre det faktum at deres liv var endret for alltid takket v\u00e6re jentene: \u201dDe beriket livene v\u00e5re enormt. De er noen ekstra \u00e5 elske. Vi har blitt f\u00f8lelsesmessig knyttet til disse barna. Du tar de ikke bare inn I hjemmet og sender de ut etter 10 m\u00e5neder. De blir en del av familien din. Og hver gang familien vokser blir det bedre.\u201d<\/p>\n<p>N\u00e5r man er vertsfamilie for en utvekslingselev, \u00e5pnes det en verden av muligheter, opplevelser og tett knyttede b\u00e5nd. Det gjelder ikke kun for elevene, men ogs\u00e5 for de vertsfamiliene. Musikalske Sonja, og hennes iver for \u00e5 l\u00e6re. Verenas kompromissl\u00f8se personlighet. Gabys kamp med &#8211; og senere erobring av det engelske spr\u00e5ket. Litas store ambisjoner og filosofiske natur. Alle tilf\u00f8rte noe nytt og herlig til familien Vogt. Hva kommer du til \u00e5 l\u00e6re n\u00e5r du \u00e5pner d\u00f8rene og legger til et nytt medlem til din familie?<\/p>\n<p><strong>Familie Vogt<\/strong><\/p>\n<\/div><\/div><\/div>\n","protected":false},"excerpt":{"rendered":"","protected":false},"author":20,"featured_media":0,"parent":10915,"menu_order":0,"comment_status":"closed","ping_status":"closed","template":"","meta":{"_acf_changed":false,"sts_page_background_color":"","footnotes":""},"wpw_page_folders":[528],"class_list":["post-10937","page","type-page","status-publish","hentry"],"acf":[],"yoast_head":"<!-- This site is optimized with the Yoast SEO Premium plugin v27.2 (Yoast SEO v27.2) - https:\/\/yoast.com\/product\/yoast-seo-premium-wordpress\/ -->\n<title>Vogt, Canada<\/title>\n<meta name=\"robots\" content=\"index, follow, max-snippet:-1, max-image-preview:large, max-video-preview:-1\" \/>\n<link rel=\"canonical\" href=\"https:\/\/www.sts-education.com\/no\/vertsfamilie\/family-stories\/tidligere-vertsfamilier-forteller\/family-vogt-canada\/\" \/>\n<meta property=\"og:locale\" content=\"nb_NO\" \/>\n<meta property=\"og:type\" content=\"article\" \/>\n<meta property=\"og:title\" content=\"Family Vogt Canada\" \/>\n<meta property=\"og:url\" content=\"https:\/\/www.sts-education.com\/no\/vertsfamilie\/family-stories\/tidligere-vertsfamilier-forteller\/family-vogt-canada\/\" \/>\n<meta property=\"og:site_name\" content=\"STS Education\" \/>\n<meta property=\"article:modified_time\" content=\"2026-04-14T09:57:59+00:00\" \/>\n<meta property=\"og:image\" content=\"https:\/\/cdn.sts-education.com\/12788_hero_lg_xl.jpg\" \/>\n<meta name=\"twitter:card\" content=\"summary_large_image\" \/>\n<meta name=\"twitter:label1\" content=\"Ansl. lesetid\" \/>\n\t<meta name=\"twitter:data1\" content=\"4 minutter\" \/>\n<script type=\"application\/ld+json\" class=\"yoast-schema-graph\">{\"@context\":\"https:\/\/schema.org\",\"@graph\":[{\"@type\":\"WebPage\",\"@id\":\"https:\/\/www.sts-education.com\/no\/vertsfamilie\/family-stories\/tidligere-vertsfamilier-forteller\/family-vogt-canada\/\",\"url\":\"https:\/\/www.sts-education.com\/no\/vertsfamilie\/family-stories\/tidligere-vertsfamilier-forteller\/family-vogt-canada\/\",\"name\":\"Vogt, Canada\",\"isPartOf\":{\"@id\":\"https:\/\/www.sts-education.com\/no\/#website\"},\"primaryImageOfPage\":{\"@id\":\"https:\/\/www.sts-education.com\/no\/vertsfamilie\/family-stories\/tidligere-vertsfamilier-forteller\/family-vogt-canada\/#primaryimage\"},\"image\":{\"@id\":\"https:\/\/www.sts-education.com\/no\/vertsfamilie\/family-stories\/tidligere-vertsfamilier-forteller\/family-vogt-canada\/#primaryimage\"},\"thumbnailUrl\":\"https:\/\/cdn.sts-education.com\/12788_hero_lg_xl.jpg\",\"datePublished\":\"2021-02-11T12:01:00+00:00\",\"dateModified\":\"2026-04-14T09:57:59+00:00\",\"breadcrumb\":{\"@id\":\"https:\/\/www.sts-education.com\/no\/vertsfamilie\/family-stories\/tidligere-vertsfamilier-forteller\/family-vogt-canada\/#breadcrumb\"},\"inLanguage\":\"nb-NO\",\"potentialAction\":[{\"@type\":\"ReadAction\",\"target\":[\"https:\/\/www.sts-education.com\/no\/vertsfamilie\/family-stories\/tidligere-vertsfamilier-forteller\/family-vogt-canada\/\"]}]},{\"@type\":\"ImageObject\",\"inLanguage\":\"nb-NO\",\"@id\":\"https:\/\/www.sts-education.com\/no\/vertsfamilie\/family-stories\/tidligere-vertsfamilier-forteller\/family-vogt-canada\/#primaryimage\",\"url\":\"https:\/\/cdn.sts-education.com\/12788_hero_lg_xl.jpg\",\"contentUrl\":\"https:\/\/cdn.sts-education.com\/12788_hero_lg_xl.jpg\"},{\"@type\":\"BreadcrumbList\",\"@id\":\"https:\/\/www.sts-education.com\/no\/vertsfamilie\/family-stories\/tidligere-vertsfamilier-forteller\/family-vogt-canada\/#breadcrumb\",\"itemListElement\":[{\"@type\":\"ListItem\",\"position\":1,\"name\":\"Home\",\"item\":\"https:\/\/www.sts-education.com\/no\/\"},{\"@type\":\"ListItem\",\"position\":2,\"name\":\"Vertsfamilie\",\"item\":\"https:\/\/www.sts-education.com\/no\/vertsfamilie\/\"},{\"@type\":\"ListItem\",\"position\":3,\"name\":\"Family Stories\",\"item\":\"https:\/\/www.sts-education.com\/no\/vertsfamilie\/family-stories\/\"},{\"@type\":\"ListItem\",\"position\":4,\"name\":\"Tidligere vertsfamilier forteller\",\"item\":\"https:\/\/www.sts-education.com\/no\/vertsfamilie\/family-stories\/tidligere-vertsfamilier-forteller\/\"},{\"@type\":\"ListItem\",\"position\":5,\"name\":\"Family Vogt Canada\"}]},{\"@type\":\"WebSite\",\"@id\":\"https:\/\/www.sts-education.com\/no\/#website\",\"url\":\"https:\/\/www.sts-education.com\/no\/\",\"name\":\"STS Education\",\"description\":\"\",\"potentialAction\":[{\"@type\":\"SearchAction\",\"target\":{\"@type\":\"EntryPoint\",\"urlTemplate\":\"https:\/\/www.sts-education.com\/no\/?s={search_term_string}\"},\"query-input\":{\"@type\":\"PropertyValueSpecification\",\"valueRequired\":true,\"valueName\":\"search_term_string\"}}],\"inLanguage\":\"nb-NO\"}]}<\/script>\n<!-- \/ Yoast SEO Premium plugin. -->","yoast_head_json":{"title":"Vogt, Canada","robots":{"index":"index","follow":"follow","max-snippet":"max-snippet:-1","max-image-preview":"max-image-preview:large","max-video-preview":"max-video-preview:-1"},"canonical":"https:\/\/www.sts-education.com\/no\/vertsfamilie\/family-stories\/tidligere-vertsfamilier-forteller\/family-vogt-canada\/","og_locale":"nb_NO","og_type":"article","og_title":"Family Vogt Canada","og_url":"https:\/\/www.sts-education.com\/no\/vertsfamilie\/family-stories\/tidligere-vertsfamilier-forteller\/family-vogt-canada\/","og_site_name":"STS Education","article_modified_time":"2026-04-14T09:57:59+00:00","og_image":[{"url":"https:\/\/cdn.sts-education.com\/12788_hero_lg_xl.jpg","type":"","width":"","height":""}],"twitter_card":"summary_large_image","twitter_misc":{"Ansl. lesetid":"4 minutter"},"schema":{"@context":"https:\/\/schema.org","@graph":[{"@type":"WebPage","@id":"https:\/\/www.sts-education.com\/no\/vertsfamilie\/family-stories\/tidligere-vertsfamilier-forteller\/family-vogt-canada\/","url":"https:\/\/www.sts-education.com\/no\/vertsfamilie\/family-stories\/tidligere-vertsfamilier-forteller\/family-vogt-canada\/","name":"Vogt, Canada","isPartOf":{"@id":"https:\/\/www.sts-education.com\/no\/#website"},"primaryImageOfPage":{"@id":"https:\/\/www.sts-education.com\/no\/vertsfamilie\/family-stories\/tidligere-vertsfamilier-forteller\/family-vogt-canada\/#primaryimage"},"image":{"@id":"https:\/\/www.sts-education.com\/no\/vertsfamilie\/family-stories\/tidligere-vertsfamilier-forteller\/family-vogt-canada\/#primaryimage"},"thumbnailUrl":"https:\/\/cdn.sts-education.com\/12788_hero_lg_xl.jpg","datePublished":"2021-02-11T12:01:00+00:00","dateModified":"2026-04-14T09:57:59+00:00","breadcrumb":{"@id":"https:\/\/www.sts-education.com\/no\/vertsfamilie\/family-stories\/tidligere-vertsfamilier-forteller\/family-vogt-canada\/#breadcrumb"},"inLanguage":"nb-NO","potentialAction":[{"@type":"ReadAction","target":["https:\/\/www.sts-education.com\/no\/vertsfamilie\/family-stories\/tidligere-vertsfamilier-forteller\/family-vogt-canada\/"]}]},{"@type":"ImageObject","inLanguage":"nb-NO","@id":"https:\/\/www.sts-education.com\/no\/vertsfamilie\/family-stories\/tidligere-vertsfamilier-forteller\/family-vogt-canada\/#primaryimage","url":"https:\/\/cdn.sts-education.com\/12788_hero_lg_xl.jpg","contentUrl":"https:\/\/cdn.sts-education.com\/12788_hero_lg_xl.jpg"},{"@type":"BreadcrumbList","@id":"https:\/\/www.sts-education.com\/no\/vertsfamilie\/family-stories\/tidligere-vertsfamilier-forteller\/family-vogt-canada\/#breadcrumb","itemListElement":[{"@type":"ListItem","position":1,"name":"Home","item":"https:\/\/www.sts-education.com\/no\/"},{"@type":"ListItem","position":2,"name":"Vertsfamilie","item":"https:\/\/www.sts-education.com\/no\/vertsfamilie\/"},{"@type":"ListItem","position":3,"name":"Family Stories","item":"https:\/\/www.sts-education.com\/no\/vertsfamilie\/family-stories\/"},{"@type":"ListItem","position":4,"name":"Tidligere vertsfamilier forteller","item":"https:\/\/www.sts-education.com\/no\/vertsfamilie\/family-stories\/tidligere-vertsfamilier-forteller\/"},{"@type":"ListItem","position":5,"name":"Family Vogt Canada"}]},{"@type":"WebSite","@id":"https:\/\/www.sts-education.com\/no\/#website","url":"https:\/\/www.sts-education.com\/no\/","name":"STS Education","description":"","potentialAction":[{"@type":"SearchAction","target":{"@type":"EntryPoint","urlTemplate":"https:\/\/www.sts-education.com\/no\/?s={search_term_string}"},"query-input":{"@type":"PropertyValueSpecification","valueRequired":true,"valueName":"search_term_string"}}],"inLanguage":"nb-NO"}]}},"_links":{"self":[{"href":"https:\/\/www.sts-education.com\/no\/wp-json\/wp\/v2\/pages\/10937","targetHints":{"allow":["GET"]}}],"collection":[{"href":"https:\/\/www.sts-education.com\/no\/wp-json\/wp\/v2\/pages"}],"about":[{"href":"https:\/\/www.sts-education.com\/no\/wp-json\/wp\/v2\/types\/page"}],"author":[{"embeddable":true,"href":"https:\/\/www.sts-education.com\/no\/wp-json\/wp\/v2\/users\/20"}],"replies":[{"embeddable":true,"href":"https:\/\/www.sts-education.com\/no\/wp-json\/wp\/v2\/comments?post=10937"}],"version-history":[{"count":5,"href":"https:\/\/www.sts-education.com\/no\/wp-json\/wp\/v2\/pages\/10937\/revisions"}],"predecessor-version":[{"id":33436,"href":"https:\/\/www.sts-education.com\/no\/wp-json\/wp\/v2\/pages\/10937\/revisions\/33436"}],"up":[{"embeddable":true,"href":"https:\/\/www.sts-education.com\/no\/wp-json\/wp\/v2\/pages\/10915"}],"wp:attachment":[{"href":"https:\/\/www.sts-education.com\/no\/wp-json\/wp\/v2\/media?parent=10937"}],"wp:term":[{"taxonomy":"wpw_page_folders","embeddable":true,"href":"https:\/\/www.sts-education.com\/no\/wp-json\/wp\/v2\/wpw_page_folders?post=10937"}],"curies":[{"name":"wp","href":"https:\/\/api.w.org\/{rel}","templated":true}]}}