{"id":10938,"date":"2021-02-11T11:02:00","date_gmt":"2021-02-11T11:02:00","guid":{"rendered":"https:\/\/preprod.sts-education.com\/vertsfamilie\/family-stories\/tidligere-vertsfamilier-forteller\/florman\/"},"modified":"2026-04-03T14:56:09","modified_gmt":"2026-04-03T14:56:09","slug":"florman","status":"publish","type":"page","link":"https:\/\/www.sts-education.com\/no\/vertsfamilie\/family-stories\/tidligere-vertsfamilier-forteller\/florman\/","title":{"rendered":"Florman"},"content":{"rendered":"\n<div class=\"wp-block-sts-text sts-text-editor has-max-width-md\"><div class=\"sts-text-editor__content\"><div class=\"sts-text-editor__content-inner\">\n<h1>Famillien Florman er takknemlige for Christiane<\/h1>\n<\/div><\/div><\/div>\n\n\n\n<div class=\"wp-block-sts-text sts-text-editor has-max-width-md\"><div class=\"sts-text-editor__content\"><div class=\"sts-text-editor__content-inner\">\n<p>Det er en skikkelig vitamininnspr\u00f8ytning \u00e5 f\u00e5 v\u00e6re vertsfamilie for en utenlandsk ungdom! Vi har byttet den gr\u00e5 hverdagen med en spennende reise i v\u00e5r egen sofa.<\/p>\n\n<p>Den 16. august kom Christiane til oss og vi fikk en datter og lilles\u00f8ster til l\u00e5ns. Vi fikk muligheten til \u00e5 komme oss ut av det samme gamle. Gjennom \u00e5 v\u00e6re vertsfamilie f\u00e5r man ogs\u00e5 mulighet til \u00e5 knytte nye kontakter p\u00e5 hjemstedet gjennom utvekslingselevens interesser og omgangskrets, samtidig som vi fikk en gylden sjanse til \u00e5 l\u00e6re mer om forholdene i Christianes hjemland og utvide v\u00e5re egne horisonter.<\/p>\n\n<p>Jeg vil t\u00f8rre \u00e5 p\u00e5st\u00e5 at utvekslings\u00e5ret er et like stort eventyr for verstfamilien som det er for studenten. Vertsfamilien f\u00e5r muligheten til \u00e5 se tilv\u00e6relsen fra et nytt perspektiv, noe som er veldig spennende. Som vanemenneske blir tilv\u00e6relsen ofte ganske forutsigbar og da passer det bra \u00e5 gi rom for nye opplevelser i hverdagen. Jeg ser veldig frem til \u00e5 dra, som stolt vertsmor, til julekonserter for eksempel. \u00c5 sammen lage fredagspastaen gir en fantastisk start p\u00e5 helgen. \u00c5 dele sine interesser med en nysgjerrig og motivert ungdom er absolutt veldig stimulerende.<\/p>\n\n<p>\u00c5 v\u00e6re vertsfamilie er \u00e5 dele noe meningsfullt, nemlig \u00e5 knytt b\u00e5nd mellom land og bidra til at den oppvoksende generasjonen f\u00e5r en genuin og ekte forst\u00e5else for hvordan v\u00e5re ulikheter kan bidra til \u00e5 skape en bedre verden.<\/p>\n\n<p>Ja, det var noen tanker fra familien Florman som er veldig glade for \u00e5 ha Christiane hos oss dette uvekslings\u00e5ret!<\/p>\n\n<p><strong>Famillien Florman, Sverige<\/strong><\/p>\n<\/div><\/div><\/div>\n\n","protected":false},"excerpt":{"rendered":"","protected":false},"author":20,"featured_media":0,"parent":10915,"menu_order":0,"comment_status":"closed","ping_status":"closed","template":"","meta":{"_acf_changed":false,"sts_page_background_color":"","footnotes":""},"wpw_page_folders":[528],"class_list":["post-10938","page","type-page","status-publish","hentry"],"acf":[],"yoast_head":"<!-- This site is optimized with the Yoast SEO Premium plugin v27.2 (Yoast SEO v27.2) - https:\/\/yoast.com\/product\/yoast-seo-premium-wordpress\/ -->\n<title>Florman<\/title>\n<meta name=\"robots\" content=\"index, follow, max-snippet:-1, max-image-preview:large, max-video-preview:-1\" \/>\n<link rel=\"canonical\" href=\"https:\/\/www.sts-education.com\/no\/vertsfamilie\/family-stories\/tidligere-vertsfamilier-forteller\/florman\/\" \/>\n<meta property=\"og:locale\" content=\"nb_NO\" \/>\n<meta property=\"og:type\" content=\"article\" \/>\n<meta property=\"og:title\" content=\"Florman\" \/>\n<meta property=\"og:url\" content=\"https:\/\/www.sts-education.com\/no\/vertsfamilie\/family-stories\/tidligere-vertsfamilier-forteller\/florman\/\" \/>\n<meta property=\"og:site_name\" content=\"STS Education\" \/>\n<meta property=\"article:modified_time\" content=\"2026-04-03T14:56:09+00:00\" \/>\n<meta name=\"twitter:card\" content=\"summary_large_image\" \/>\n<meta name=\"twitter:label1\" content=\"Ansl. lesetid\" \/>\n\t<meta name=\"twitter:data1\" content=\"2 minutter\" \/>\n<script type=\"application\/ld+json\" class=\"yoast-schema-graph\">{\"@context\":\"https:\/\/schema.org\",\"@graph\":[{\"@type\":\"WebPage\",\"@id\":\"https:\/\/www.sts-education.com\/no\/vertsfamilie\/family-stories\/tidligere-vertsfamilier-forteller\/florman\/\",\"url\":\"https:\/\/www.sts-education.com\/no\/vertsfamilie\/family-stories\/tidligere-vertsfamilier-forteller\/florman\/\",\"name\":\"Florman\",\"isPartOf\":{\"@id\":\"https:\/\/www.sts-education.com\/no\/#website\"},\"datePublished\":\"2021-02-11T11:02:00+00:00\",\"dateModified\":\"2026-04-03T14:56:09+00:00\",\"breadcrumb\":{\"@id\":\"https:\/\/www.sts-education.com\/no\/vertsfamilie\/family-stories\/tidligere-vertsfamilier-forteller\/florman\/#breadcrumb\"},\"inLanguage\":\"nb-NO\",\"potentialAction\":[{\"@type\":\"ReadAction\",\"target\":[\"https:\/\/www.sts-education.com\/no\/vertsfamilie\/family-stories\/tidligere-vertsfamilier-forteller\/florman\/\"]}]},{\"@type\":\"BreadcrumbList\",\"@id\":\"https:\/\/www.sts-education.com\/no\/vertsfamilie\/family-stories\/tidligere-vertsfamilier-forteller\/florman\/#breadcrumb\",\"itemListElement\":[{\"@type\":\"ListItem\",\"position\":1,\"name\":\"Home\",\"item\":\"https:\/\/www.sts-education.com\/no\/\"},{\"@type\":\"ListItem\",\"position\":2,\"name\":\"Vertsfamilie\",\"item\":\"https:\/\/www.sts-education.com\/no\/vertsfamilie\/\"},{\"@type\":\"ListItem\",\"position\":3,\"name\":\"Family Stories\",\"item\":\"https:\/\/www.sts-education.com\/no\/vertsfamilie\/family-stories\/\"},{\"@type\":\"ListItem\",\"position\":4,\"name\":\"Tidligere vertsfamilier forteller\",\"item\":\"https:\/\/www.sts-education.com\/no\/vertsfamilie\/family-stories\/tidligere-vertsfamilier-forteller\/\"},{\"@type\":\"ListItem\",\"position\":5,\"name\":\"Florman\"}]},{\"@type\":\"WebSite\",\"@id\":\"https:\/\/www.sts-education.com\/no\/#website\",\"url\":\"https:\/\/www.sts-education.com\/no\/\",\"name\":\"STS Education\",\"description\":\"\",\"potentialAction\":[{\"@type\":\"SearchAction\",\"target\":{\"@type\":\"EntryPoint\",\"urlTemplate\":\"https:\/\/www.sts-education.com\/no\/?s={search_term_string}\"},\"query-input\":{\"@type\":\"PropertyValueSpecification\",\"valueRequired\":true,\"valueName\":\"search_term_string\"}}],\"inLanguage\":\"nb-NO\"}]}<\/script>\n<!-- \/ Yoast SEO Premium plugin. -->","yoast_head_json":{"title":"Florman","robots":{"index":"index","follow":"follow","max-snippet":"max-snippet:-1","max-image-preview":"max-image-preview:large","max-video-preview":"max-video-preview:-1"},"canonical":"https:\/\/www.sts-education.com\/no\/vertsfamilie\/family-stories\/tidligere-vertsfamilier-forteller\/florman\/","og_locale":"nb_NO","og_type":"article","og_title":"Florman","og_url":"https:\/\/www.sts-education.com\/no\/vertsfamilie\/family-stories\/tidligere-vertsfamilier-forteller\/florman\/","og_site_name":"STS Education","article_modified_time":"2026-04-03T14:56:09+00:00","twitter_card":"summary_large_image","twitter_misc":{"Ansl. lesetid":"2 minutter"},"schema":{"@context":"https:\/\/schema.org","@graph":[{"@type":"WebPage","@id":"https:\/\/www.sts-education.com\/no\/vertsfamilie\/family-stories\/tidligere-vertsfamilier-forteller\/florman\/","url":"https:\/\/www.sts-education.com\/no\/vertsfamilie\/family-stories\/tidligere-vertsfamilier-forteller\/florman\/","name":"Florman","isPartOf":{"@id":"https:\/\/www.sts-education.com\/no\/#website"},"datePublished":"2021-02-11T11:02:00+00:00","dateModified":"2026-04-03T14:56:09+00:00","breadcrumb":{"@id":"https:\/\/www.sts-education.com\/no\/vertsfamilie\/family-stories\/tidligere-vertsfamilier-forteller\/florman\/#breadcrumb"},"inLanguage":"nb-NO","potentialAction":[{"@type":"ReadAction","target":["https:\/\/www.sts-education.com\/no\/vertsfamilie\/family-stories\/tidligere-vertsfamilier-forteller\/florman\/"]}]},{"@type":"BreadcrumbList","@id":"https:\/\/www.sts-education.com\/no\/vertsfamilie\/family-stories\/tidligere-vertsfamilier-forteller\/florman\/#breadcrumb","itemListElement":[{"@type":"ListItem","position":1,"name":"Home","item":"https:\/\/www.sts-education.com\/no\/"},{"@type":"ListItem","position":2,"name":"Vertsfamilie","item":"https:\/\/www.sts-education.com\/no\/vertsfamilie\/"},{"@type":"ListItem","position":3,"name":"Family Stories","item":"https:\/\/www.sts-education.com\/no\/vertsfamilie\/family-stories\/"},{"@type":"ListItem","position":4,"name":"Tidligere vertsfamilier forteller","item":"https:\/\/www.sts-education.com\/no\/vertsfamilie\/family-stories\/tidligere-vertsfamilier-forteller\/"},{"@type":"ListItem","position":5,"name":"Florman"}]},{"@type":"WebSite","@id":"https:\/\/www.sts-education.com\/no\/#website","url":"https:\/\/www.sts-education.com\/no\/","name":"STS Education","description":"","potentialAction":[{"@type":"SearchAction","target":{"@type":"EntryPoint","urlTemplate":"https:\/\/www.sts-education.com\/no\/?s={search_term_string}"},"query-input":{"@type":"PropertyValueSpecification","valueRequired":true,"valueName":"search_term_string"}}],"inLanguage":"nb-NO"}]}},"_links":{"self":[{"href":"https:\/\/www.sts-education.com\/no\/wp-json\/wp\/v2\/pages\/10938","targetHints":{"allow":["GET"]}}],"collection":[{"href":"https:\/\/www.sts-education.com\/no\/wp-json\/wp\/v2\/pages"}],"about":[{"href":"https:\/\/www.sts-education.com\/no\/wp-json\/wp\/v2\/types\/page"}],"author":[{"embeddable":true,"href":"https:\/\/www.sts-education.com\/no\/wp-json\/wp\/v2\/users\/20"}],"replies":[{"embeddable":true,"href":"https:\/\/www.sts-education.com\/no\/wp-json\/wp\/v2\/comments?post=10938"}],"version-history":[{"count":2,"href":"https:\/\/www.sts-education.com\/no\/wp-json\/wp\/v2\/pages\/10938\/revisions"}],"predecessor-version":[{"id":20653,"href":"https:\/\/www.sts-education.com\/no\/wp-json\/wp\/v2\/pages\/10938\/revisions\/20653"}],"up":[{"embeddable":true,"href":"https:\/\/www.sts-education.com\/no\/wp-json\/wp\/v2\/pages\/10915"}],"wp:attachment":[{"href":"https:\/\/www.sts-education.com\/no\/wp-json\/wp\/v2\/media?parent=10938"}],"wp:term":[{"taxonomy":"wpw_page_folders","embeddable":true,"href":"https:\/\/www.sts-education.com\/no\/wp-json\/wp\/v2\/wpw_page_folders?post=10938"}],"curies":[{"name":"wp","href":"https:\/\/api.w.org\/{rel}","templated":true}]}}