{"id":10942,"date":"2021-02-11T11:03:00","date_gmt":"2021-02-11T11:03:00","guid":{"rendered":"https:\/\/preprod.sts-education.com\/vertsfamilie\/family-stories\/tidligere-vertsfamilier-forteller\/oberg\/"},"modified":"2026-04-03T14:56:24","modified_gmt":"2026-04-03T14:56:24","slug":"oberg","status":"publish","type":"page","link":"https:\/\/www.sts-education.com\/no\/vertsfamilie\/family-stories\/tidligere-vertsfamilier-forteller\/oberg\/","title":{"rendered":"Oberg"},"content":{"rendered":"\n<div class=\"wp-block-sts-text sts-text-editor has-max-width-md\"><div class=\"sts-text-editor__content\"><div class=\"sts-text-editor__content-inner\">\n<h1>Familien \u00d6bergs datter fikk en ny bestevenn i vertss\u00f8steren<\/h1>\n<\/div><\/div><\/div>\n\n\n\n<div class=\"wp-block-sts-text sts-text-editor has-max-width-md\"><div class=\"sts-text-editor__content\"><div class=\"sts-text-editor__content-inner\">\n<p>Familien v\u00e5r har f\u00e5tt et nytt tilskudd! I august \u00f8kte v\u00e5r familie med ett nytt medlem. Vi hentet da en fantastisk 16-\u00e5rig jente fra Tyskland p\u00e5 flyplassen. Tre uker tidligere hadde vi lest om Annika og hennes interesser. Vi kjente oss veldig igjen i det vi leste fra v\u00e5r egen datter, Hanna.<\/p>\n\n<p>N\u00e5r jeg og mannen min bestemte oss for \u00e5 takke ja pratet vi med Hanna for \u00e5 h\u00f8re hva hun tenkte. Siden datteren v\u00e5r alltid har lengtet etter s\u00f8sken fikk vi f\u00f8lgende kommentar &laquo;s\u00e5 kult, kanskje jeg endelig f\u00e5r en s\u00f8ster, hun m\u00e5 komme hit&raquo;. Jeg og mannen min gikk derimot og funderte veldig p\u00e5 hva slags eventyr det var vi hadde begitt oss ut p\u00e5.<\/p>\n\n<p>N\u00e5r det var klart hvilken dato Annika skulle komme vokste ogs\u00e5 Hannas selvtillit. Hanna klarte, p\u00e5 entusiastisk vis, \u00e5 overtale rektoren p\u00e5 skolen om at de skulle komme i sammen klasse, noe som ogs\u00e5 har vist seg \u00e5 v\u00e6re veldig vellykket. Siden de hadde en felles interesse for kunstl\u00f8p tok Hanna ogs\u00e5 p\u00e5 seg ansvaret for \u00e5 kontakte kunstl\u00f8psforeningen slik at de kunne komme p\u00e5 samme p\u00e5 samme lag. De har n\u00e5 mange felles venner og trener intensivt f\u00f8r konkurranser og oppvisninger. De har det s\u00e5 moro sammen, og det er en fryd \u00e5 se p\u00e5.<\/p>\n\n<p>Annika deltar n\u00e5 i alle de daglige familierutinene og det f\u00f8les helt naturlig at hun er her. Det viste seg at Annika elsker \u00e5 lage mat og vi har f\u00e5tt smake flere matretter fra Tyskland. Hun forteller med stor entusiasme om hvordan man ser p\u00e5 saker og ting i Tyskland, og vi har f\u00e5tt et godt innblikk i et annet lands vurderinger og normer. Vi kan diskutere hvorfor ting er ulikt og se p\u00e5 det gjennom ulike perspektiv, b\u00e5de historisk, geografisk og kuturelt.<\/p>\n\n<p>Noen av slektningene v\u00e5re advarte om at vi fikk veldig mye &laquo;ekstra arbeid&raquo; ved \u00e5 takke ja til en utvekslingsstudent. Men det er snarere tvert imot! Det har beriket v\u00e5r familie og det var flaks vi turte \u00e5 takke ja. V\u00e5r egen datter fikk ogs\u00e5 bedre selvtillit og har f\u00e5tt en s\u00f8ster for livet. V\u00e5r familie best\u00e5r n\u00e5 av fire personer selv om Annika ikke lenger fysisk bor hos oss. \u00c5 v\u00e6re en vertsfamilie er en av de beste avgj\u00f8relsene vi har tatt.<\/p>\n\n<p><strong>Familien \u00d6berg<\/strong><\/p>\n<\/div><\/div><\/div>\n\n","protected":false},"excerpt":{"rendered":"","protected":false},"author":20,"featured_media":0,"parent":10915,"menu_order":0,"comment_status":"closed","ping_status":"closed","template":"","meta":{"_acf_changed":false,"sts_page_background_color":"","footnotes":""},"wpw_page_folders":[528],"class_list":["post-10942","page","type-page","status-publish","hentry"],"acf":[],"yoast_head":"<!-- This site is optimized with the Yoast SEO Premium plugin v27.2 (Yoast SEO v27.2) - https:\/\/yoast.com\/product\/yoast-seo-premium-wordpress\/ -->\n<title>\u00d6berg<\/title>\n<meta name=\"robots\" content=\"index, follow, max-snippet:-1, max-image-preview:large, max-video-preview:-1\" \/>\n<link rel=\"canonical\" href=\"https:\/\/www.sts-education.com\/no\/vertsfamilie\/family-stories\/tidligere-vertsfamilier-forteller\/oberg\/\" \/>\n<meta property=\"og:locale\" content=\"nb_NO\" \/>\n<meta property=\"og:type\" content=\"article\" \/>\n<meta property=\"og:title\" content=\"Oberg\" \/>\n<meta property=\"og:url\" content=\"https:\/\/www.sts-education.com\/no\/vertsfamilie\/family-stories\/tidligere-vertsfamilier-forteller\/oberg\/\" \/>\n<meta property=\"og:site_name\" content=\"STS Education\" \/>\n<meta property=\"article:modified_time\" content=\"2026-04-03T14:56:24+00:00\" \/>\n<meta name=\"twitter:card\" content=\"summary_large_image\" \/>\n<meta name=\"twitter:label1\" content=\"Ansl. lesetid\" \/>\n\t<meta name=\"twitter:data1\" content=\"2 minutter\" \/>\n<script type=\"application\/ld+json\" class=\"yoast-schema-graph\">{\"@context\":\"https:\/\/schema.org\",\"@graph\":[{\"@type\":\"WebPage\",\"@id\":\"https:\/\/www.sts-education.com\/no\/vertsfamilie\/family-stories\/tidligere-vertsfamilier-forteller\/oberg\/\",\"url\":\"https:\/\/www.sts-education.com\/no\/vertsfamilie\/family-stories\/tidligere-vertsfamilier-forteller\/oberg\/\",\"name\":\"\u00d6berg\",\"isPartOf\":{\"@id\":\"https:\/\/www.sts-education.com\/no\/#website\"},\"datePublished\":\"2021-02-11T11:03:00+00:00\",\"dateModified\":\"2026-04-03T14:56:24+00:00\",\"breadcrumb\":{\"@id\":\"https:\/\/www.sts-education.com\/no\/vertsfamilie\/family-stories\/tidligere-vertsfamilier-forteller\/oberg\/#breadcrumb\"},\"inLanguage\":\"nb-NO\",\"potentialAction\":[{\"@type\":\"ReadAction\",\"target\":[\"https:\/\/www.sts-education.com\/no\/vertsfamilie\/family-stories\/tidligere-vertsfamilier-forteller\/oberg\/\"]}]},{\"@type\":\"BreadcrumbList\",\"@id\":\"https:\/\/www.sts-education.com\/no\/vertsfamilie\/family-stories\/tidligere-vertsfamilier-forteller\/oberg\/#breadcrumb\",\"itemListElement\":[{\"@type\":\"ListItem\",\"position\":1,\"name\":\"Home\",\"item\":\"https:\/\/www.sts-education.com\/no\/\"},{\"@type\":\"ListItem\",\"position\":2,\"name\":\"Vertsfamilie\",\"item\":\"https:\/\/www.sts-education.com\/no\/vertsfamilie\/\"},{\"@type\":\"ListItem\",\"position\":3,\"name\":\"Family Stories\",\"item\":\"https:\/\/www.sts-education.com\/no\/vertsfamilie\/family-stories\/\"},{\"@type\":\"ListItem\",\"position\":4,\"name\":\"Tidligere vertsfamilier forteller\",\"item\":\"https:\/\/www.sts-education.com\/no\/vertsfamilie\/family-stories\/tidligere-vertsfamilier-forteller\/\"},{\"@type\":\"ListItem\",\"position\":5,\"name\":\"Oberg\"}]},{\"@type\":\"WebSite\",\"@id\":\"https:\/\/www.sts-education.com\/no\/#website\",\"url\":\"https:\/\/www.sts-education.com\/no\/\",\"name\":\"STS Education\",\"description\":\"\",\"potentialAction\":[{\"@type\":\"SearchAction\",\"target\":{\"@type\":\"EntryPoint\",\"urlTemplate\":\"https:\/\/www.sts-education.com\/no\/?s={search_term_string}\"},\"query-input\":{\"@type\":\"PropertyValueSpecification\",\"valueRequired\":true,\"valueName\":\"search_term_string\"}}],\"inLanguage\":\"nb-NO\"}]}<\/script>\n<!-- \/ Yoast SEO Premium plugin. -->","yoast_head_json":{"title":"\u00d6berg","robots":{"index":"index","follow":"follow","max-snippet":"max-snippet:-1","max-image-preview":"max-image-preview:large","max-video-preview":"max-video-preview:-1"},"canonical":"https:\/\/www.sts-education.com\/no\/vertsfamilie\/family-stories\/tidligere-vertsfamilier-forteller\/oberg\/","og_locale":"nb_NO","og_type":"article","og_title":"Oberg","og_url":"https:\/\/www.sts-education.com\/no\/vertsfamilie\/family-stories\/tidligere-vertsfamilier-forteller\/oberg\/","og_site_name":"STS Education","article_modified_time":"2026-04-03T14:56:24+00:00","twitter_card":"summary_large_image","twitter_misc":{"Ansl. lesetid":"2 minutter"},"schema":{"@context":"https:\/\/schema.org","@graph":[{"@type":"WebPage","@id":"https:\/\/www.sts-education.com\/no\/vertsfamilie\/family-stories\/tidligere-vertsfamilier-forteller\/oberg\/","url":"https:\/\/www.sts-education.com\/no\/vertsfamilie\/family-stories\/tidligere-vertsfamilier-forteller\/oberg\/","name":"\u00d6berg","isPartOf":{"@id":"https:\/\/www.sts-education.com\/no\/#website"},"datePublished":"2021-02-11T11:03:00+00:00","dateModified":"2026-04-03T14:56:24+00:00","breadcrumb":{"@id":"https:\/\/www.sts-education.com\/no\/vertsfamilie\/family-stories\/tidligere-vertsfamilier-forteller\/oberg\/#breadcrumb"},"inLanguage":"nb-NO","potentialAction":[{"@type":"ReadAction","target":["https:\/\/www.sts-education.com\/no\/vertsfamilie\/family-stories\/tidligere-vertsfamilier-forteller\/oberg\/"]}]},{"@type":"BreadcrumbList","@id":"https:\/\/www.sts-education.com\/no\/vertsfamilie\/family-stories\/tidligere-vertsfamilier-forteller\/oberg\/#breadcrumb","itemListElement":[{"@type":"ListItem","position":1,"name":"Home","item":"https:\/\/www.sts-education.com\/no\/"},{"@type":"ListItem","position":2,"name":"Vertsfamilie","item":"https:\/\/www.sts-education.com\/no\/vertsfamilie\/"},{"@type":"ListItem","position":3,"name":"Family Stories","item":"https:\/\/www.sts-education.com\/no\/vertsfamilie\/family-stories\/"},{"@type":"ListItem","position":4,"name":"Tidligere vertsfamilier forteller","item":"https:\/\/www.sts-education.com\/no\/vertsfamilie\/family-stories\/tidligere-vertsfamilier-forteller\/"},{"@type":"ListItem","position":5,"name":"Oberg"}]},{"@type":"WebSite","@id":"https:\/\/www.sts-education.com\/no\/#website","url":"https:\/\/www.sts-education.com\/no\/","name":"STS Education","description":"","potentialAction":[{"@type":"SearchAction","target":{"@type":"EntryPoint","urlTemplate":"https:\/\/www.sts-education.com\/no\/?s={search_term_string}"},"query-input":{"@type":"PropertyValueSpecification","valueRequired":true,"valueName":"search_term_string"}}],"inLanguage":"nb-NO"}]}},"_links":{"self":[{"href":"https:\/\/www.sts-education.com\/no\/wp-json\/wp\/v2\/pages\/10942","targetHints":{"allow":["GET"]}}],"collection":[{"href":"https:\/\/www.sts-education.com\/no\/wp-json\/wp\/v2\/pages"}],"about":[{"href":"https:\/\/www.sts-education.com\/no\/wp-json\/wp\/v2\/types\/page"}],"author":[{"embeddable":true,"href":"https:\/\/www.sts-education.com\/no\/wp-json\/wp\/v2\/users\/20"}],"replies":[{"embeddable":true,"href":"https:\/\/www.sts-education.com\/no\/wp-json\/wp\/v2\/comments?post=10942"}],"version-history":[{"count":2,"href":"https:\/\/www.sts-education.com\/no\/wp-json\/wp\/v2\/pages\/10942\/revisions"}],"predecessor-version":[{"id":20655,"href":"https:\/\/www.sts-education.com\/no\/wp-json\/wp\/v2\/pages\/10942\/revisions\/20655"}],"up":[{"embeddable":true,"href":"https:\/\/www.sts-education.com\/no\/wp-json\/wp\/v2\/pages\/10915"}],"wp:attachment":[{"href":"https:\/\/www.sts-education.com\/no\/wp-json\/wp\/v2\/media?parent=10942"}],"wp:term":[{"taxonomy":"wpw_page_folders","embeddable":true,"href":"https:\/\/www.sts-education.com\/no\/wp-json\/wp\/v2\/wpw_page_folders?post=10942"}],"curies":[{"name":"wp","href":"https:\/\/api.w.org\/{rel}","templated":true}]}}