{"id":27799,"date":"2026-04-03T12:23:42","date_gmt":"2026-04-03T12:23:42","guid":{"rendered":"https:\/\/preprod.sts-education.com\/host-family\/why-you-should-be-a-host-family\/"},"modified":"2026-04-14T09:56:00","modified_gmt":"2026-04-14T09:56:00","slug":"hvorfor-man-bor-blivertsfamilie","status":"publish","type":"page","link":"https:\/\/www.sts-education.com\/no\/vertsfamilie\/hvorfor-man-bor-blivertsfamilie\/","title":{"rendered":"Hvorfor man b\u00f8r blivertsfamilie"},"content":{"rendered":"\n<section class=\"wp-block-sts-hero sts-block-hero sts-block-hero is-variant-full-background has-text-light has-background-media\" style=\"--sts-hero-padding-mobile:0px;--sts-hero-padding-desktop:0px;--sts-hero-text-color:var(--wp--preset--color--base-10, #fff)\" data-variant=\"full-background\"><div class=\"sts-block-hero__background\"><picture class=\"sts-responsive-image has-pos-center is-skeleton\"><img src=\"https:\/\/cdn.sts-education.com\/10824_hero_lg_xl.jpg\" alt=\"Hvorfor bli vertsfamilie?\" loading=\"lazy\" decoding=\"async\" fetchpriority=\"low\" sizes=\"(max-width: 640px) max(100vw, calc(clamp(320px, 100vh, 720px) * 9 \/ 16)), (max-width: 840px) max(100vw, calc(clamp(320px, 100vh, 720px) * 1 \/ 1)), max(100vw, calc(clamp(320px, 100vh, 720px) * 16 \/ 9))\" style=\"object-position:center\"\/><\/picture><span class=\"sts-block-hero__overlay\" aria-hidden=\"true\"><\/span><\/div><div class=\"sts-block-hero__inner\"><div class=\"sts-block-hero__content has-align-center\"><div class=\"sts-block-hero__content-inner\"><h1 class=\"sts-block-hero__heading\">Hvorfor bli vertsfamilie?<\/h1><\/div><\/div><\/div><\/section>\n\n\n\n<div class=\"wp-block-sts-text sts-text-editor has-max-width-md\"><div class=\"sts-text-editor__content\"><div class=\"sts-text-editor__content-inner\">\n<p>\u00c5 ta imot en utvekslingselev fra utlandet gir dere ikke bare et nytt familiemedlem. Dere f\u00e5r ogs\u00e5 l\u00e6re om en annen kultur og se deres eget n\u00e6romr\u00e5de, levesett og verdier med nye \u00f8yne. Ved \u00e5 v\u00e6re vertsforelder eller vertsfamilie for en 14\u201318 \u00e5r gammel internasjonal utvekslingselev i 3\u201310 m\u00e5neder, f\u00e5r familien ikke bare en ny venn og et nytt internasjonalt s\u00f8sken, men dere kommer ogs\u00e5 til \u00e5 skape mange herlige minner sammen. For eleven inneb\u00e6rer oppholdet i ditt land nye eventyr hver eneste dag, og som vertsfamilie f\u00e5r dere ta del i elevens opplevelser.<\/p>\n<p>For mange familier er dette ogs\u00e5 en flott anledning til \u00e5 forberede seg p\u00e5 at utenlandsoppholdet til familiens egen ungdom, og da kan dere dessuten dra nytte av v\u00e5r Host &amp; Go-rabatt. F\u00e5 en rikere hverdag ved \u00e5 ta imot en av v\u00e5re utvekslingselever fra rundt om i verden!<\/p>\n<h2>6 grunner til at din familie b\u00f8r bli vertsfamilie<\/h2>\n<ul>\n<li>Dere vil bli kjent med en ungdom fra et annet land<\/li>\n<li>Dere vil bli kjent med andre kulturer<\/li>\n<li>Dere vil l\u00e6re mer om verden og f\u00e5 et nytt perspektiv<\/li>\n<li>Dere er interessert i andre spr\u00e5k<\/li>\n<li>Dere vil vite mer om hva et \u00e5r i utlandet inneb\u00e6rer<\/li>\n<li>Dere vil bidra til og oppleve hvordan en annen person vokser gjennom et \u00e5r i utlandet<\/li>\n<\/ul>\n<p>B\u00e5de om v\u00e5ren og om h\u00f8sten kommer det nye elever til Norge fra land som USA, Brasil, Japan, Tyskland, Sverige, Italia og flere. Som vertsfamilie kan dere selvsagt velge hvilken elev dere \u00f8nsker \u00e5 ha boende hos dere, s\u00e5 benytt muligheten til \u00e5 <a href=\"https:\/\/www.sts-education.com\/no\/vertsfamilie\/elever\/bli-kjent-med-vare-elever\/\">lese mer og bli kjent med de ulike elevene<\/a> for \u00e5 se om en av dem kunne passet for deres familie!<\/p>\n<p>Og meld deg gjerne p\u00e5 et av v\u00e5re <a href=\"https:\/\/www.sts-education.com\/no\/hvorfor-man-bor-blivertsfamilie\/informasjonsmoten\/\">webinar<\/a>, hvor vi forteller mer om hvordan det er \u00e5 v\u00e6re vertsfamilie. Du kan ogs\u00e5 lese v\u00e5re <a href=\"https:\/\/www.sts-education.com\/no\/vertsfamilie\/faq\/\">vanlige sp\u00f8rsm\u00e5l<\/a> og om v\u00e5re <a href=\"https:\/\/www.sts-education.com\/no\/vertsfamilie\/family-stories\/tidligere-vertsfamilier-forteller\/\">tidligere vertsfamiliers<\/a> erfaringer med \u00e5 ha en utvekslingselev boende hos seg.<\/p>\n<h2>Velkomstfamilie eller lokal koordinator<\/h2>\n<p>Har du aldri v\u00e6rt vertsfamilie f\u00f8r, men er nysgjerrige p\u00e5 hvordan det er? Da kan du bli velkomstfamilie! Det inneb\u00e6rer at du er velkomsthjem for en elev fra utlandet i minst tre m\u00e5neder n\u00e5r han, hun eller hen kommer til landet. Deretter flytter eleven til en annen vertsfamilie. <a href=\"https:\/\/www.sts-education.com\/no\/hvorfor-man-bor-blivertsfamilie\/interesseskjema\/\">Meld din interesse<\/a>, s\u00e5 kontakter vi deg med mer informasjon. \u00c5 melde interesse er selvf\u00f8lgelig ikke-bindende.<\/p>\n<p>Kunne du tenke deg \u00e5 fungere som v\u00e5r h\u00f8yre h\u00e5nd og v\u00e6re STS-representant i ditt omr\u00e5de? Som lokal koordinator f\u00f8lger du opp og er tilgjengelig for \u00e9n eller flere utvekslingselever og deres vertsfamilier og skoler. Dette er et ideelt engasjement for alle som er interessert i ungdom og internasjonal utveksling. Det er noe som fint kan kombineres med studier eller jobb. <a href=\"https:\/\/www.sts-education.com\/no\/om-sts\/karriere\/\">Du kan lese mer og s\u00f8ke om \u00e5 bli lokal koordinator her<\/a>.<\/p>\n<\/div><\/div><\/div>\n\n\n\n<section class=\"wp-block-sts-video sts-block-video sts-block-video--landscape has-max-width-lg\"><div class=\"sts-video sts-video--landscape\"><div class=\"sts-video__handler\"><button type=\"button\" class=\"sts-video__play-button\" aria-label=\"Play video\" aria-pressed=\"false\" data-playing=\"false\"><span class=\"sts-video__play-icon\"><img decoding=\"async\" class=\"play-icon\" src=\"data:image\/svg+xml,%3csvg%20width='32'%20height='32'%20viewBox='0%200%2032%2032'%20fill='none'%20xmlns='http:\/\/www.w3.org\/2000\/svg'%3e%3cmask%20id='mask0_2459_8201'%20style='mask-type:alpha'%20maskUnits='userSpaceOnUse'%20x='0'%20y='0'%20width='32'%20height='32'%3e%3crect%20width='32'%20height='32'%20fill='%23D9D9D9'\/%3e%3c\/mask%3e%3cg%20mask='url(%23mask0_2459_8201)'%3e%3cpath%20d='M10.667%2022.8999V9.09993C10.667%208.72216%2010.8003%208.40549%2011.067%208.14993C11.3337%207.89438%2011.6448%207.7666%2012.0003%207.7666C12.1114%207.7666%2012.2281%207.78327%2012.3503%207.8166C12.4725%207.84993%2012.5892%207.89993%2012.7003%207.9666L23.567%2014.8666C23.767%2014.9999%2023.917%2015.1666%2024.017%2015.3666C24.117%2015.5666%2024.167%2015.7777%2024.167%2015.9999C24.167%2016.2222%2024.117%2016.4333%2024.017%2016.6333C23.917%2016.8333%2023.767%2016.9999%2023.567%2017.1333L12.7003%2024.0333C12.5892%2024.0999%2012.4725%2024.1499%2012.3503%2024.1833C12.2281%2024.2166%2012.1114%2024.2333%2012.0003%2024.2333C11.6448%2024.2333%2011.3337%2024.1055%2011.067%2023.8499C10.8003%2023.5944%2010.667%2023.2777%2010.667%2022.8999Z'%20fill='black'\/%3e%3c\/g%3e%3c\/svg%3e\" alt=\"\" aria-hidden=\"true\"\/><img decoding=\"async\" class=\"pause-icon\" src=\"data:image\/svg+xml,%3csvg%20width='32'%20height='32'%20viewBox='0%200%2032%2032'%20fill='none'%20xmlns='http:\/\/www.w3.org\/2000\/svg'%3e%3cmask%20id='mask0_pause'%20style='mask-type:alpha'%20maskUnits='userSpaceOnUse'%20x='0'%20y='0'%20width='32'%20height='32'%3e%3crect%20width='32'%20height='32'%20fill='%23D9D9D9'\/%3e%3c\/mask%3e%3cg%20mask='url(%23mask0_pause)'%3e%3c!--%20Left%20bar%20--%3e%3crect%20x='10'%20y='8'%20width='4'%20height='16'%20rx='1'%20fill='black'\/%3e%3c!--%20Right%20bar%20--%3e%3crect%20x='18'%20y='8'%20width='4'%20height='16'%20rx='1'%20fill='black'\/%3e%3c\/g%3e%3c\/svg%3e\" alt=\"\" aria-hidden=\"true\"\/><\/span><\/button><strong class=\"sts-video__duration\" data-duration-prefix=\"Video duration:\" data-unit-second=\"second\" data-unit-seconds=\"seconds\" data-unit-minute=\"minute\" data-unit-minutes=\"minutes\" aria-label=\"Video duration: 40.0 seconds\">40.0 secs<\/strong><\/div><div class=\"sts-video__media\" data-video-source=\"youtube\" data-video-url=\"\"><div class=\"sts-video__external-shell\" data-embed-url=\"https:\/\/www.youtube.com\/embed\/lPzOzZn50Mo?rel=0&amp;controls=1&amp;modestbranding=1&amp;playsinline=1&amp;enablejsapi=1&amp;autoplay=0&amp;origin=https%3A%2F%2Fwww.sts-education.com\"><iframe class=\"sts-video__iframe\" src=\"https:\/\/www.youtube.com\/embed\/lPzOzZn50Mo?rel=0&amp;controls=1&amp;modestbranding=1&amp;playsinline=1&amp;enablejsapi=1&amp;autoplay=0&amp;origin=https%3A%2F%2Fwww.sts-education.com\" title=\"Video poster\nheading\" allow=\"autoplay; fullscreen\" allowfullscreen loading=\"lazy\" data-provider=\"youtube\" data-embed-url=\"https:\/\/www.youtube.com\/embed\/lPzOzZn50Mo?rel=0&amp;controls=1&amp;modestbranding=1&amp;playsinline=1&amp;enablejsapi=1&amp;autoplay=0&amp;origin=https%3A%2F%2Fwww.sts-education.com\"><\/iframe><\/div><\/div><\/div><\/section>\n","protected":false},"excerpt":{"rendered":"","protected":false},"author":9,"featured_media":9134,"parent":27776,"menu_order":0,"comment_status":"closed","ping_status":"closed","template":"","meta":{"_acf_changed":false,"sts_page_background_color":"","footnotes":""},"wpw_page_folders":[89],"class_list":["post-27799","page","type-page","status-publish","has-post-thumbnail","hentry"],"acf":[],"yoast_head":"<!-- This site is optimized with the Yoast SEO Premium plugin v27.2 (Yoast SEO v27.3) - https:\/\/yoast.com\/product\/yoast-seo-premium-wordpress\/ -->\n<title>6 grunner til at dere b\u00f8r bli vertsfamilie<\/title>\n<meta name=\"description\" content=\"Ikke bare f\u00e5r dere et nytt familiemedlem. Dere blir ogs\u00e5 kjent med en person fra et annet land, f\u00e5r l\u00e6re om en annen kultur og se deres eget n\u00e6romr\u00e5de med nye \u00f8yne.\" \/>\n<meta name=\"robots\" content=\"index, follow, max-snippet:-1, max-image-preview:large, max-video-preview:-1\" \/>\n<link rel=\"canonical\" href=\"https:\/\/www.sts-education.com\/no\/vertsfamilie\/hvorfor-man-bor-blivertsfamilie\/\" \/>\n<meta property=\"og:locale\" content=\"nb_NO\" \/>\n<meta property=\"og:type\" content=\"article\" \/>\n<meta property=\"og:title\" content=\"Hvorfor man b\u00f8r blivertsfamilie\" \/>\n<meta property=\"og:description\" content=\"Ikke bare f\u00e5r dere et nytt familiemedlem. Dere blir ogs\u00e5 kjent med en person fra et annet land, f\u00e5r l\u00e6re om en annen kultur og se deres eget n\u00e6romr\u00e5de med nye \u00f8yne.\" \/>\n<meta property=\"og:url\" content=\"https:\/\/www.sts-education.com\/no\/vertsfamilie\/hvorfor-man-bor-blivertsfamilie\/\" \/>\n<meta property=\"og:site_name\" content=\"STS Education\" \/>\n<meta property=\"article:modified_time\" content=\"2026-04-14T09:56:00+00:00\" \/>\n<meta property=\"og:image\" content=\"https:\/\/powered-by.qbank.se\/educatius\/sts\/\/6458ed5e1bb03b8da47c065c2f647b26_1-1-thumb.webp\" \/>\n\t<meta property=\"og:image:width\" content=\"150\" \/>\n\t<meta property=\"og:image:height\" content=\"150\" \/>\n\t<meta property=\"og:image:type\" content=\"image\/jpeg\" \/>\n<meta name=\"twitter:card\" content=\"summary_large_image\" \/>\n<meta name=\"twitter:label1\" content=\"Ansl. lesetid\" \/>\n\t<meta name=\"twitter:data1\" content=\"3 minutter\" \/>\n<script type=\"application\/ld+json\" class=\"yoast-schema-graph\">{\"@context\":\"https:\\\/\\\/schema.org\",\"@graph\":[{\"@type\":\"WebPage\",\"@id\":\"https:\\\/\\\/www.sts-education.com\\\/no\\\/vertsfamilie\\\/hvorfor-man-bor-blivertsfamilie\\\/\",\"url\":\"https:\\\/\\\/www.sts-education.com\\\/no\\\/vertsfamilie\\\/hvorfor-man-bor-blivertsfamilie\\\/\",\"name\":\"6 grunner til at dere b\u00f8r bli vertsfamilie\",\"isPartOf\":{\"@id\":\"https:\\\/\\\/www.sts-education.com\\\/no\\\/#website\"},\"primaryImageOfPage\":{\"@id\":\"https:\\\/\\\/www.sts-education.com\\\/no\\\/vertsfamilie\\\/hvorfor-man-bor-blivertsfamilie\\\/#primaryimage\"},\"image\":{\"@id\":\"https:\\\/\\\/www.sts-education.com\\\/no\\\/vertsfamilie\\\/hvorfor-man-bor-blivertsfamilie\\\/#primaryimage\"},\"thumbnailUrl\":\"https:\\\/\\\/powered-by.qbank.se\\\/educatius\\\/sts\\\/\\\/6458ed5e1bb03b8da47c065c2f647b26_1-1-thumb.webp\",\"datePublished\":\"2026-04-03T12:23:42+00:00\",\"dateModified\":\"2026-04-14T09:56:00+00:00\",\"description\":\"Ikke bare f\u00e5r dere et nytt familiemedlem. Dere blir ogs\u00e5 kjent med en person fra et annet land, f\u00e5r l\u00e6re om en annen kultur og se deres eget n\u00e6romr\u00e5de med nye \u00f8yne.\",\"breadcrumb\":{\"@id\":\"https:\\\/\\\/www.sts-education.com\\\/no\\\/vertsfamilie\\\/hvorfor-man-bor-blivertsfamilie\\\/#breadcrumb\"},\"inLanguage\":\"nb-NO\",\"potentialAction\":[{\"@type\":\"ReadAction\",\"target\":[\"https:\\\/\\\/www.sts-education.com\\\/no\\\/vertsfamilie\\\/hvorfor-man-bor-blivertsfamilie\\\/\"]}]},{\"@type\":\"ImageObject\",\"inLanguage\":\"nb-NO\",\"@id\":\"https:\\\/\\\/www.sts-education.com\\\/no\\\/vertsfamilie\\\/hvorfor-man-bor-blivertsfamilie\\\/#primaryimage\",\"url\":\"https:\\\/\\\/powered-by.qbank.se\\\/educatius\\\/sts\\\/\\\/6458ed5e1bb03b8da47c065c2f647b26_1-1-thumb.webp\",\"contentUrl\":\"https:\\\/\\\/powered-by.qbank.se\\\/educatius\\\/sts\\\/\\\/6458ed5e1bb03b8da47c065c2f647b26_1-1-thumb.webp\",\"width\":150,\"height\":150},{\"@type\":\"BreadcrumbList\",\"@id\":\"https:\\\/\\\/www.sts-education.com\\\/no\\\/vertsfamilie\\\/hvorfor-man-bor-blivertsfamilie\\\/#breadcrumb\",\"itemListElement\":[{\"@type\":\"ListItem\",\"position\":1,\"name\":\"Home\",\"item\":\"https:\\\/\\\/www.sts-education.com\\\/no\\\/\"},{\"@type\":\"ListItem\",\"position\":2,\"name\":\"Vertsfamilie\",\"item\":\"https:\\\/\\\/www.sts-education.com\\\/no\\\/vertsfamilie\\\/\"},{\"@type\":\"ListItem\",\"position\":3,\"name\":\"Hvorfor man b\u00f8r blivertsfamilie\"}]},{\"@type\":\"WebSite\",\"@id\":\"https:\\\/\\\/www.sts-education.com\\\/no\\\/#website\",\"url\":\"https:\\\/\\\/www.sts-education.com\\\/no\\\/\",\"name\":\"STS Education\",\"description\":\"\",\"potentialAction\":[{\"@type\":\"SearchAction\",\"target\":{\"@type\":\"EntryPoint\",\"urlTemplate\":\"https:\\\/\\\/www.sts-education.com\\\/no\\\/?s={search_term_string}\"},\"query-input\":{\"@type\":\"PropertyValueSpecification\",\"valueRequired\":true,\"valueName\":\"search_term_string\"}}],\"inLanguage\":\"nb-NO\"}]}<\/script>\n<!-- \/ Yoast SEO Premium plugin. -->","yoast_head_json":{"title":"6 grunner til at dere b\u00f8r bli vertsfamilie","description":"Ikke bare f\u00e5r dere et nytt familiemedlem. Dere blir ogs\u00e5 kjent med en person fra et annet land, f\u00e5r l\u00e6re om en annen kultur og se deres eget n\u00e6romr\u00e5de med nye \u00f8yne.","robots":{"index":"index","follow":"follow","max-snippet":"max-snippet:-1","max-image-preview":"max-image-preview:large","max-video-preview":"max-video-preview:-1"},"canonical":"https:\/\/www.sts-education.com\/no\/vertsfamilie\/hvorfor-man-bor-blivertsfamilie\/","og_locale":"nb_NO","og_type":"article","og_title":"Hvorfor man b\u00f8r blivertsfamilie","og_description":"Ikke bare f\u00e5r dere et nytt familiemedlem. Dere blir ogs\u00e5 kjent med en person fra et annet land, f\u00e5r l\u00e6re om en annen kultur og se deres eget n\u00e6romr\u00e5de med nye \u00f8yne.","og_url":"https:\/\/www.sts-education.com\/no\/vertsfamilie\/hvorfor-man-bor-blivertsfamilie\/","og_site_name":"STS Education","article_modified_time":"2026-04-14T09:56:00+00:00","og_image":[{"width":150,"height":150,"url":"https:\/\/powered-by.qbank.se\/educatius\/sts\/\/6458ed5e1bb03b8da47c065c2f647b26_1-1-thumb.webp","type":"image\/jpeg"}],"twitter_card":"summary_large_image","twitter_misc":{"Ansl. lesetid":"3 minutter"},"schema":{"@context":"https:\/\/schema.org","@graph":[{"@type":"WebPage","@id":"https:\/\/www.sts-education.com\/no\/vertsfamilie\/hvorfor-man-bor-blivertsfamilie\/","url":"https:\/\/www.sts-education.com\/no\/vertsfamilie\/hvorfor-man-bor-blivertsfamilie\/","name":"6 grunner til at dere b\u00f8r bli vertsfamilie","isPartOf":{"@id":"https:\/\/www.sts-education.com\/no\/#website"},"primaryImageOfPage":{"@id":"https:\/\/www.sts-education.com\/no\/vertsfamilie\/hvorfor-man-bor-blivertsfamilie\/#primaryimage"},"image":{"@id":"https:\/\/www.sts-education.com\/no\/vertsfamilie\/hvorfor-man-bor-blivertsfamilie\/#primaryimage"},"thumbnailUrl":"https:\/\/powered-by.qbank.se\/educatius\/sts\/\/6458ed5e1bb03b8da47c065c2f647b26_1-1-thumb.webp","datePublished":"2026-04-03T12:23:42+00:00","dateModified":"2026-04-14T09:56:00+00:00","description":"Ikke bare f\u00e5r dere et nytt familiemedlem. Dere blir ogs\u00e5 kjent med en person fra et annet land, f\u00e5r l\u00e6re om en annen kultur og se deres eget n\u00e6romr\u00e5de med nye \u00f8yne.","breadcrumb":{"@id":"https:\/\/www.sts-education.com\/no\/vertsfamilie\/hvorfor-man-bor-blivertsfamilie\/#breadcrumb"},"inLanguage":"nb-NO","potentialAction":[{"@type":"ReadAction","target":["https:\/\/www.sts-education.com\/no\/vertsfamilie\/hvorfor-man-bor-blivertsfamilie\/"]}]},{"@type":"ImageObject","inLanguage":"nb-NO","@id":"https:\/\/www.sts-education.com\/no\/vertsfamilie\/hvorfor-man-bor-blivertsfamilie\/#primaryimage","url":"https:\/\/powered-by.qbank.se\/educatius\/sts\/\/6458ed5e1bb03b8da47c065c2f647b26_1-1-thumb.webp","contentUrl":"https:\/\/powered-by.qbank.se\/educatius\/sts\/\/6458ed5e1bb03b8da47c065c2f647b26_1-1-thumb.webp","width":150,"height":150},{"@type":"BreadcrumbList","@id":"https:\/\/www.sts-education.com\/no\/vertsfamilie\/hvorfor-man-bor-blivertsfamilie\/#breadcrumb","itemListElement":[{"@type":"ListItem","position":1,"name":"Home","item":"https:\/\/www.sts-education.com\/no\/"},{"@type":"ListItem","position":2,"name":"Vertsfamilie","item":"https:\/\/www.sts-education.com\/no\/vertsfamilie\/"},{"@type":"ListItem","position":3,"name":"Hvorfor man b\u00f8r blivertsfamilie"}]},{"@type":"WebSite","@id":"https:\/\/www.sts-education.com\/no\/#website","url":"https:\/\/www.sts-education.com\/no\/","name":"STS Education","description":"","potentialAction":[{"@type":"SearchAction","target":{"@type":"EntryPoint","urlTemplate":"https:\/\/www.sts-education.com\/no\/?s={search_term_string}"},"query-input":{"@type":"PropertyValueSpecification","valueRequired":true,"valueName":"search_term_string"}}],"inLanguage":"nb-NO"}]}},"_links":{"self":[{"href":"https:\/\/www.sts-education.com\/no\/wp-json\/wp\/v2\/pages\/27799","targetHints":{"allow":["GET"]}}],"collection":[{"href":"https:\/\/www.sts-education.com\/no\/wp-json\/wp\/v2\/pages"}],"about":[{"href":"https:\/\/www.sts-education.com\/no\/wp-json\/wp\/v2\/types\/page"}],"author":[{"embeddable":true,"href":"https:\/\/www.sts-education.com\/no\/wp-json\/wp\/v2\/users\/9"}],"replies":[{"embeddable":true,"href":"https:\/\/www.sts-education.com\/no\/wp-json\/wp\/v2\/comments?post=27799"}],"version-history":[{"count":2,"href":"https:\/\/www.sts-education.com\/no\/wp-json\/wp\/v2\/pages\/27799\/revisions"}],"predecessor-version":[{"id":33371,"href":"https:\/\/www.sts-education.com\/no\/wp-json\/wp\/v2\/pages\/27799\/revisions\/33371"}],"up":[{"embeddable":true,"href":"https:\/\/www.sts-education.com\/no\/wp-json\/wp\/v2\/pages\/27776"}],"wp:featuredmedia":[{"embeddable":true,"href":"https:\/\/www.sts-education.com\/no\/wp-json\/wp\/v2\/media\/9134"}],"wp:attachment":[{"href":"https:\/\/www.sts-education.com\/no\/wp-json\/wp\/v2\/media?parent=27799"}],"wp:term":[{"taxonomy":"wpw_page_folders","embeddable":true,"href":"https:\/\/www.sts-education.com\/no\/wp-json\/wp\/v2\/wpw_page_folders?post=27799"}],"curies":[{"name":"wp","href":"https:\/\/api.w.org\/{rel}","templated":true}]}}