{"id":10149,"date":"2025-12-16T10:21:48","date_gmt":"2025-12-16T10:21:48","guid":{"rendered":"https:\/\/preprod.sts-education.com\/o-sts\/"},"modified":"2026-04-15T14:12:59","modified_gmt":"2026-04-15T14:12:59","slug":"o-sts","status":"publish","type":"page","link":"https:\/\/www.sts-education.com\/pl\/o-sts\/","title":{"rendered":"O Sts"},"content":{"rendered":"\n<section class=\"wp-block-sts-hero sts-block-hero sts-block-hero is-variant-full-background has-text-light has-background-media\" style=\"--sts-hero-padding-mobile:0px;--sts-hero-padding-desktop:0px;--sts-hero-text-color:var(--wp--preset--color--base-10, #fff)\" data-variant=\"full-background\"><div class=\"sts-block-hero__background\"><picture class=\"sts-responsive-image has-pos-center is-skeleton\"><img src=\"https:\/\/cdn.sts-education.com\/11482_hero_lg_xl.jpg\" alt=\"Jeste\u015bmy STS Education\" loading=\"lazy\" decoding=\"async\" fetchpriority=\"low\" sizes=\"(max-width: 640px) max(100vw, calc(clamp(320px, 100vh, 720px) * 9 \/ 16)), (max-width: 840px) max(100vw, calc(clamp(320px, 100vh, 720px) * 1 \/ 1)), max(100vw, calc(clamp(320px, 100vh, 720px) * 16 \/ 9))\" style=\"object-position:center\"\/><\/picture><span class=\"sts-block-hero__overlay\" aria-hidden=\"true\"><\/span><\/div><div class=\"sts-block-hero__inner\"><div class=\"sts-block-hero__content has-align-center\"><div class=\"sts-block-hero__content-inner\"><h1 class=\"sts-block-hero__heading\">Jeste\u015bmy STS Education<\/h1><\/div><\/div><\/div><\/section>\n\n\n\n<div class=\"wp-block-sts-text sts-text-editor has-max-width-md\"><div class=\"sts-text-editor__content\"><div class=\"sts-text-editor__content-inner\">\n<p>W 1958 roku zorganizowali\u015bmy pierwszy na \u015bwiecie wyjazd j\u0119zykowy, kt\u00f3ry zapocz\u0105tkowa\u0142 zupe\u0142nie nowy spos\u00f3b podr\u00f3\u017cowania m\u0142odych ludzi. Od tamtego czasu pi\u0119kno i r\u00f3\u017cnorodno\u015b\u0107 naszego \u015bwiata odkry\u0142o ju\u017c 1 200 000 uczni\u00f3w, kt\u00f3rzy ucz\u0105c si\u0119 nowego j\u0119zyka, kszta\u0142towali r\u00f3wnie\u017c sw\u00f3j rozw\u00f3j osobisty wynikaj\u0105cy z lepszego zrozumienia kultury danego kraju. Szeroki wyb\u00f3r us\u0142ug i program\u00f3w edukacyjnych STS Education, przy naszym wsparciu i sta\u0142ej opiece, pomaga m\u0142odym ludziom samodzielnie odkrywa\u0107 \u015bwiat.<\/p>\n<p>STS, czyli Student Travel Schools, jest wiod\u0105c\u0105 na \u015bwiecie firm\u0105 edukacyjn\u0105 oferuj\u0105c\u0105 programy wymiany uczniowskiej oraz wyjazdy j\u0119zykowe. Posiadamy oddzia\u0142y w wielu krajach na ca\u0142ym \u015bwiecie, a nasza globalna sie\u0107 znakomitych szk\u00f3\u0142, serdecznych rodzin goszcz\u0105cych, fantastycznych koleg\u00f3w i partner\u00f3w zawodowych stale si\u0119 powi\u0119ksza. Nieustannie poszukujemy innowacyjnych pomys\u0142\u00f3w, kt\u00f3re sprawiaj\u0105, \u017ce prze\u017cycia naszych uczni\u00f3w s\u0105 jeszcze bardziej wyj\u0105tkowe.<\/p>\n<p>Staramy si\u0119 regularnie rozwija\u0107 nasze programy, aby by\u0107 na bie\u017c\u0105co z trendami ci\u0105gle zmieniaj\u0105cego si\u0119 \u015bwiata i m\u00f3c zawsze oferowa\u0107 m\u0142odym ludziom realn\u0105 szans\u0119 na rozw\u00f3j poprzez edukacj\u0119 i wymian\u0119 kulturow\u0105. Nasze programy inspiruj\u0105 uczni\u00f3w do poszerzania globalnych horyzont\u00f3w i lepszego zrozumienia nowych kultur.<\/p>\n<p>Od 2024 roku STS Education nale\u017cy do Educatius Group.<\/p>\n<h2>Wizja i misja<\/h2>\n<p>W STS Education umo\u017cliwiamy m\u0142odym ludziom osi\u0105gni\u0119cie ich pe\u0142nego potencja\u0142u. Tworzymy przestrzenie do wymiany pomys\u0142\u00f3w i warto\u015bci, budujemy relacje ponad granicami i przyczyniamy si\u0119 do rozwoju osobistego, spo\u0142ecznego i kulturowego.<\/p>\n<p><strong>STS vision:<\/strong><br \/>To empower young people to reach their full potential through international education and cultural exchange while contributing to global understanding.<\/p>\n<p><strong>STS mission:<\/strong><br \/>Through high-quality programs, personalized service, and extensive experience, STS Education aims to be the top choice for young people and their parents seeking international education and cultural exchange.<\/p>\n<\/div><\/div><\/div>\n\n\n\n<section class=\"wp-block-sts-video sts-block-video sts-block-video--landscape has-max-width-lg\"><div class=\"sts-video sts-video--landscape\"><div class=\"sts-video__handler\"><button type=\"button\" class=\"sts-video__play-button\" aria-label=\"Play video\" aria-pressed=\"false\" data-playing=\"false\"><span class=\"sts-video__play-icon\"><img decoding=\"async\" class=\"play-icon\" src=\"data:image\/svg+xml,%3csvg%20width='32'%20height='32'%20viewBox='0%200%2032%2032'%20fill='none'%20xmlns='http:\/\/www.w3.org\/2000\/svg'%3e%3cmask%20id='mask0_2459_8201'%20style='mask-type:alpha'%20maskUnits='userSpaceOnUse'%20x='0'%20y='0'%20width='32'%20height='32'%3e%3crect%20width='32'%20height='32'%20fill='%23D9D9D9'\/%3e%3c\/mask%3e%3cg%20mask='url(%23mask0_2459_8201)'%3e%3cpath%20d='M10.667%2022.8999V9.09993C10.667%208.72216%2010.8003%208.40549%2011.067%208.14993C11.3337%207.89438%2011.6448%207.7666%2012.0003%207.7666C12.1114%207.7666%2012.2281%207.78327%2012.3503%207.8166C12.4725%207.84993%2012.5892%207.89993%2012.7003%207.9666L23.567%2014.8666C23.767%2014.9999%2023.917%2015.1666%2024.017%2015.3666C24.117%2015.5666%2024.167%2015.7777%2024.167%2015.9999C24.167%2016.2222%2024.117%2016.4333%2024.017%2016.6333C23.917%2016.8333%2023.767%2016.9999%2023.567%2017.1333L12.7003%2024.0333C12.5892%2024.0999%2012.4725%2024.1499%2012.3503%2024.1833C12.2281%2024.2166%2012.1114%2024.2333%2012.0003%2024.2333C11.6448%2024.2333%2011.3337%2024.1055%2011.067%2023.8499C10.8003%2023.5944%2010.667%2023.2777%2010.667%2022.8999Z'%20fill='black'\/%3e%3c\/g%3e%3c\/svg%3e\" alt=\"\" aria-hidden=\"true\"\/><img decoding=\"async\" class=\"pause-icon\" src=\"data:image\/svg+xml,%3csvg%20width='32'%20height='32'%20viewBox='0%200%2032%2032'%20fill='none'%20xmlns='http:\/\/www.w3.org\/2000\/svg'%3e%3cmask%20id='mask0_pause'%20style='mask-type:alpha'%20maskUnits='userSpaceOnUse'%20x='0'%20y='0'%20width='32'%20height='32'%3e%3crect%20width='32'%20height='32'%20fill='%23D9D9D9'\/%3e%3c\/mask%3e%3cg%20mask='url(%23mask0_pause)'%3e%3c!--%20Left%20bar%20--%3e%3crect%20x='10'%20y='8'%20width='4'%20height='16'%20rx='1'%20fill='black'\/%3e%3c!--%20Right%20bar%20--%3e%3crect%20x='18'%20y='8'%20width='4'%20height='16'%20rx='1'%20fill='black'\/%3e%3c\/g%3e%3c\/svg%3e\" alt=\"\" aria-hidden=\"true\"\/><\/span><\/button><strong class=\"sts-video__duration\" data-duration-prefix=\"Video duration:\" data-unit-second=\"second\" data-unit-seconds=\"seconds\" data-unit-minute=\"minute\" data-unit-minutes=\"minutes\" aria-label=\"Video duration: 1 minute\">1 min<\/strong><\/div><div class=\"sts-video__media\" data-video-source=\"youtube\" data-video-url=\"\"><div class=\"sts-video__external-shell\" data-embed-url=\"https:\/\/www.youtube.com\/embed\/APzP1l6I8Bs?rel=0&amp;controls=1&amp;modestbranding=1&amp;playsinline=1&amp;enablejsapi=1&amp;autoplay=0&amp;origin=https%3A%2F%2Fwww.sts-education.com\"><iframe class=\"sts-video__iframe\" src=\"https:\/\/www.youtube.com\/embed\/APzP1l6I8Bs?rel=0&amp;controls=1&amp;modestbranding=1&amp;playsinline=1&amp;enablejsapi=1&amp;autoplay=0&amp;origin=https%3A%2F%2Fwww.sts-education.com\" title=\"Video poster\nheading\" allow=\"autoplay; fullscreen\" allowfullscreen loading=\"lazy\" data-provider=\"youtube\" data-embed-url=\"https:\/\/www.youtube.com\/embed\/APzP1l6I8Bs?rel=0&amp;controls=1&amp;modestbranding=1&amp;playsinline=1&amp;enablejsapi=1&amp;autoplay=0&amp;origin=https%3A%2F%2Fwww.sts-education.com\"><\/iframe><\/div><\/div><\/div><\/section>\n\n\n\n<div class=\"wp-block-sts-text sts-text-editor has-max-width-md\"><div class=\"sts-text-editor__content\"><div class=\"sts-text-editor__content-inner\">\n<h2>Akredytacje STS oraz cz\u0142onkostwo STS w stowarzyszeniach<\/h2>\n<p>Nasze szko\u0142y i programy posiadaj\u0105 akredytacje uznanych organizacji mi\u0119dzynarodowych. Akredytacje te gwarantuj\u0105, \u017ce nasze programy spe\u0142niaj\u0105 standardy jako\u015bci w zakresie zarz\u0105dzania, zasob\u00f3w, \u015brodowiska, nauczania, opieki i dobrostanu. STS jest r\u00f3wnie\u017c cz\u0142onkiem stowarzysze\u0144 podr\u00f3\u017cniczych oraz stowarzysze\u0144 wymiany uczniowskiej, co oznacza, \u017ce mamy oparcie w stabilnej sieci partner\u00f3w bran\u017cowych.<\/p>\n<\/div><\/div><\/div>\n\n\n\n<figure class=\"wp-block-sts-image sts-block-image sts-block-image--count-1 has-max-width-md\" data-count=\"1\"><div class=\"sts-block-image__grid\"><div class=\"sts-block-image__item\"><picture class=\"sts-responsive-image has-fit-cover has-pos-top is-skeleton\"><source media=\"(max-width: 834.98px)\" srcset=\"https:\/\/powered-by.qbank.se\/educatius\/sts\/84907537aa411c5ffcc37be1d18f2a7b_1-1-thumb.webp 150w, https:\/\/powered-by.qbank.se\/educatius\/sts\/84907537aa411c5ffcc37be1d18f2a7b_1-1-xsmall.webp 500w, https:\/\/powered-by.qbank.se\/educatius\/sts\/84907537aa411c5ffcc37be1d18f2a7b_1-1-small.webp 800w, https:\/\/powered-by.qbank.se\/educatius\/sts\/84907537aa411c5ffcc37be1d18f2a7b_1-1-medium.webp 1024w, https:\/\/powered-by.qbank.se\/educatius\/sts\/84907537aa411c5ffcc37be1d18f2a7b_1-1-large.webp 1536w\" sizes=\"(max-width: 736px) 100vw, 736px\" type=\"image\/webp\"\/><source media=\"(min-width: 835px)\" srcset=\"https:\/\/powered-by.qbank.se\/educatius\/sts\/84907537aa411c5ffcc37be1d18f2a7b_1-1-thumb.webp 150w, https:\/\/powered-by.qbank.se\/educatius\/sts\/84907537aa411c5ffcc37be1d18f2a7b_1-1-xsmall.webp 500w, https:\/\/powered-by.qbank.se\/educatius\/sts\/84907537aa411c5ffcc37be1d18f2a7b_1-1-small.webp 800w, https:\/\/powered-by.qbank.se\/educatius\/sts\/84907537aa411c5ffcc37be1d18f2a7b_1-1-medium.webp 1024w, https:\/\/powered-by.qbank.se\/educatius\/sts\/84907537aa411c5ffcc37be1d18f2a7b_1-1-large.webp 1536w\" sizes=\"(max-width: 736px) 100vw, 736px\" type=\"image\/webp\"\/><img src=\"https:\/\/powered-by.qbank.se\/educatius\/sts\/84907537aa411c5ffcc37be1d18f2a7b_1-1-thumb.webp\" alt=\"Alliance\" loading=\"lazy\" decoding=\"async\" fetchpriority=\"low\" style=\"object-position:top\"\/><\/picture><\/div><\/div><\/figure>\n\n\n\n<div class=\"wp-block-sts-text sts-text-editor has-max-width-md\"><div class=\"sts-text-editor__content\"><div class=\"sts-text-editor__content-inner\">\n<h3>Alliance<\/h3>\n<p>Alliance s\u0142u\u017cy jako zbiorowy g\u0142os polityki publicznej dla mi\u0119dzynarodowej spo\u0142eczno\u015bci edukacyjnej i wymiany kulturalnej w USA.<br \/><a href=\"http:\/\/www.alliance-exchange.org\" target=\"_blank\" rel=\"noopener noreferrer\">www.alliance-exchange.org<\/a><\/p>\n<\/div><\/div><\/div>\n\n\n\n<figure class=\"wp-block-sts-image sts-block-image sts-block-image--count-1 has-max-width-md\" data-count=\"1\"><div class=\"sts-block-image__grid\"><div class=\"sts-block-image__item\"><picture class=\"sts-responsive-image has-fit-cover has-pos-top is-skeleton\"><source media=\"(max-width: 834.98px)\" srcset=\"https:\/\/powered-by.qbank.se\/educatius\/sts\/26c853b77628776cfc7fef95d38a7bbd_1-1-thumb.webp 150w, https:\/\/powered-by.qbank.se\/educatius\/sts\/26c853b77628776cfc7fef95d38a7bbd_1-1-xsmall.webp 500w, https:\/\/powered-by.qbank.se\/educatius\/sts\/26c853b77628776cfc7fef95d38a7bbd_1-1-small.webp 800w, https:\/\/powered-by.qbank.se\/educatius\/sts\/26c853b77628776cfc7fef95d38a7bbd_1-1-medium.webp 1024w, https:\/\/powered-by.qbank.se\/educatius\/sts\/26c853b77628776cfc7fef95d38a7bbd_1-1-large.webp 1536w\" sizes=\"(max-width: 736px) 100vw, 736px\" type=\"image\/webp\"\/><source media=\"(min-width: 835px)\" srcset=\"https:\/\/powered-by.qbank.se\/educatius\/sts\/26c853b77628776cfc7fef95d38a7bbd_1-1-thumb.webp 150w, https:\/\/powered-by.qbank.se\/educatius\/sts\/26c853b77628776cfc7fef95d38a7bbd_1-1-xsmall.webp 500w, https:\/\/powered-by.qbank.se\/educatius\/sts\/26c853b77628776cfc7fef95d38a7bbd_1-1-small.webp 800w, https:\/\/powered-by.qbank.se\/educatius\/sts\/26c853b77628776cfc7fef95d38a7bbd_1-1-medium.webp 1024w, https:\/\/powered-by.qbank.se\/educatius\/sts\/26c853b77628776cfc7fef95d38a7bbd_1-1-large.webp 1536w\" sizes=\"(max-width: 736px) 100vw, 736px\" type=\"image\/webp\"\/><img src=\"https:\/\/powered-by.qbank.se\/educatius\/sts\/26c853b77628776cfc7fef95d38a7bbd_1-1-thumb.webp\" alt=\"CSIET\" loading=\"lazy\" decoding=\"async\" fetchpriority=\"low\" style=\"object-position:top\"\/><\/picture><\/div><\/div><\/figure>\n\n\n\n<div class=\"wp-block-sts-text sts-text-editor has-max-width-md\"><div class=\"sts-text-editor__content\"><div class=\"sts-text-editor__content-inner\">\n<h3>CSIET<\/h3>\n<p>Council on Standards for International Educational Travel (CSIET) jest organizacj\u0105 non-profit, kt\u00f3rej celem jest zapewnienie jako\u015bci mi\u0119dzynarodowych podr\u00f3\u017cy edukacyjnych i wymiany m\u0142odzie\u017cy na poziomie szko\u0142y \u015bredniej. STS jest jej cz\u0142onkiem od wielu lat.<br \/><a href=\"http:\/\/www.csiet.org\" target=\"_blank\" rel=\"noopener noreferrer\">www.csiet.org<\/a><\/p>\n<\/div><\/div><\/div>\n\n\n\n<figure class=\"wp-block-sts-image sts-block-image sts-block-image--count-1 has-max-width-md\" data-count=\"1\"><div class=\"sts-block-image__grid\"><div class=\"sts-block-image__item\"><picture class=\"sts-responsive-image has-fit-cover has-pos-top is-skeleton\"><source media=\"(max-width: 834.98px)\" srcset=\"https:\/\/powered-by.qbank.se\/educatius\/sts\/209ed5567b7de8d810127caad4f2eeb9_1-1-thumb.webp 150w, https:\/\/powered-by.qbank.se\/educatius\/sts\/209ed5567b7de8d810127caad4f2eeb9_1-1-xsmall.webp 500w, https:\/\/powered-by.qbank.se\/educatius\/sts\/209ed5567b7de8d810127caad4f2eeb9_1-1-small.webp 800w, https:\/\/powered-by.qbank.se\/educatius\/sts\/209ed5567b7de8d810127caad4f2eeb9_1-1-medium.webp 1024w, https:\/\/powered-by.qbank.se\/educatius\/sts\/209ed5567b7de8d810127caad4f2eeb9_1-1-large.webp 1536w\" sizes=\"(max-width: 736px) 100vw, 736px\" type=\"image\/webp\"\/><source media=\"(min-width: 835px)\" srcset=\"https:\/\/powered-by.qbank.se\/educatius\/sts\/209ed5567b7de8d810127caad4f2eeb9_1-1-thumb.webp 150w, https:\/\/powered-by.qbank.se\/educatius\/sts\/209ed5567b7de8d810127caad4f2eeb9_1-1-xsmall.webp 500w, https:\/\/powered-by.qbank.se\/educatius\/sts\/209ed5567b7de8d810127caad4f2eeb9_1-1-small.webp 800w, https:\/\/powered-by.qbank.se\/educatius\/sts\/209ed5567b7de8d810127caad4f2eeb9_1-1-medium.webp 1024w, https:\/\/powered-by.qbank.se\/educatius\/sts\/209ed5567b7de8d810127caad4f2eeb9_1-1-large.webp 1536w\" sizes=\"(max-width: 736px) 100vw, 736px\" type=\"image\/webp\"\/><img src=\"https:\/\/powered-by.qbank.se\/educatius\/sts\/209ed5567b7de8d810127caad4f2eeb9_1-1-thumb.webp\" alt=\"NZCIE\" loading=\"lazy\" decoding=\"async\" fetchpriority=\"low\" style=\"object-position:top\"\/><\/picture><\/div><\/div><\/figure>\n\n\n\n<div class=\"wp-block-sts-text sts-text-editor has-max-width-md\"><div class=\"sts-text-editor__content\"><div class=\"sts-text-editor__content-inner\">\n<h3>NZCIE<\/h3>\n<p>STS jest cz\u0142onkiem inauguracyjnym Nowozelandzkiej Rady Edukacji Mi\u0119dzykulturowej, kt\u00f3rej celem jest promowanie mi\u0119dzynarodowego pokoju, zrozumienia i dobrej woli poprzez pomaganie ludziom w rozwijaniu umiej\u0119tno\u015bci niezb\u0119dnych do \u017cycia w globalnie wsp\u00f3\u0142zale\u017cnym i zr\u00f3\u017cnicowanym kulturowo \u015bwiecie poprzez do\u015bwiadczanie \u017cycia w innym kraju i spo\u0142eczno\u015bci. Cz\u0142onkostwo w NZCIE jest uzale\u017cnione od bycia zatwierdzonym EPO, sygnatariuszem Kodeksu Post\u0119powania Ministerstwa Edukacji Nowej Zelandii w zakresie opieki nad studentami mi\u0119dzynarodowymi oraz akceptacji Zasad Dobrej Praktyki Edukacji Mi\u0119dzykulturowej NZCIE.<br \/><a href=\"http:\/\/www.nzcie.org.nz\" target=\"_blank\" rel=\"noopener noreferrer\">www.nzcie.org.nz<\/a><\/p>\n<\/div><\/div><\/div>\n","protected":false},"excerpt":{"rendered":"","protected":false},"author":20,"featured_media":0,"parent":0,"menu_order":0,"comment_status":"closed","ping_status":"closed","template":"templates\/template-default-with-breadcrumbs.php","meta":{"_acf_changed":false,"sts_page_background_color":"","footnotes":""},"wpw_page_folders":[77],"class_list":["post-10149","page","type-page","status-publish","hentry"],"acf":[],"yoast_head":"<!-- This site is optimized with the Yoast SEO Premium plugin v27.2 (Yoast SEO v27.3) - https:\/\/yoast.com\/product\/yoast-seo-premium-wordpress\/ -->\n<title>O nas STS | STS<\/title>\n<meta name=\"description\" content=\"Od 1958 roku STS organizuje wyjazdy j\u0119zykowe do Anglii, Austrii, Niemiec i nie tylko. Od 1971 roku oferujemy r\u00f3wnie\u017c mo\u017cliwo\u015b\u0107 wyjazdu na wymian\u0119 w ramach wymiany licealnej.\" \/>\n<meta name=\"robots\" content=\"index, follow, max-snippet:-1, max-image-preview:large, max-video-preview:-1\" \/>\n<link rel=\"canonical\" href=\"https:\/\/www.sts-education.com\/pl\/o-sts\/\" \/>\n<meta property=\"og:locale\" content=\"pl_PL\" \/>\n<meta property=\"og:type\" content=\"article\" \/>\n<meta property=\"og:title\" content=\"O Sts\" \/>\n<meta property=\"og:description\" content=\"Od 1958 roku STS organizuje wyjazdy j\u0119zykowe do Anglii, Austrii, Niemiec i nie tylko. Od 1971 roku oferujemy r\u00f3wnie\u017c mo\u017cliwo\u015b\u0107 wyjazdu na wymian\u0119 w ramach wymiany licealnej.\" \/>\n<meta property=\"og:url\" content=\"https:\/\/www.sts-education.com\/pl\/o-sts\/\" \/>\n<meta property=\"og:site_name\" content=\"STS Education\" \/>\n<meta property=\"article:modified_time\" content=\"2026-04-15T14:12:59+00:00\" \/>\n<meta property=\"og:image\" content=\"https:\/\/cdn.sts-education.com\/11482_hero_lg_xl.jpg\" \/>\n<meta name=\"twitter:card\" content=\"summary_large_image\" \/>\n<meta name=\"twitter:label1\" content=\"Szacowany czas czytania\" \/>\n\t<meta name=\"twitter:data1\" content=\"3 minuty\" \/>\n<script type=\"application\/ld+json\" class=\"yoast-schema-graph\">{\"@context\":\"https:\\\/\\\/schema.org\",\"@graph\":[{\"@type\":\"WebPage\",\"@id\":\"https:\\\/\\\/www.sts-education.com\\\/pl\\\/o-sts\\\/\",\"url\":\"https:\\\/\\\/www.sts-education.com\\\/pl\\\/o-sts\\\/\",\"name\":\"O nas STS | STS\",\"isPartOf\":{\"@id\":\"https:\\\/\\\/www.sts-education.com\\\/pl\\\/#website\"},\"primaryImageOfPage\":{\"@id\":\"https:\\\/\\\/www.sts-education.com\\\/pl\\\/o-sts\\\/#primaryimage\"},\"image\":{\"@id\":\"https:\\\/\\\/www.sts-education.com\\\/pl\\\/o-sts\\\/#primaryimage\"},\"thumbnailUrl\":\"https:\\\/\\\/cdn.sts-education.com\\\/11482_hero_lg_xl.jpg\",\"datePublished\":\"2025-12-16T10:21:48+00:00\",\"dateModified\":\"2026-04-15T14:12:59+00:00\",\"description\":\"Od 1958 roku STS organizuje wyjazdy j\u0119zykowe do Anglii, Austrii, Niemiec i nie tylko. Od 1971 roku oferujemy r\u00f3wnie\u017c mo\u017cliwo\u015b\u0107 wyjazdu na wymian\u0119 w ramach wymiany licealnej.\",\"breadcrumb\":{\"@id\":\"https:\\\/\\\/www.sts-education.com\\\/pl\\\/o-sts\\\/#breadcrumb\"},\"inLanguage\":\"pl-PL\",\"potentialAction\":[{\"@type\":\"ReadAction\",\"target\":[\"https:\\\/\\\/www.sts-education.com\\\/pl\\\/o-sts\\\/\"]}]},{\"@type\":\"ImageObject\",\"inLanguage\":\"pl-PL\",\"@id\":\"https:\\\/\\\/www.sts-education.com\\\/pl\\\/o-sts\\\/#primaryimage\",\"url\":\"https:\\\/\\\/cdn.sts-education.com\\\/11482_hero_lg_xl.jpg\",\"contentUrl\":\"https:\\\/\\\/cdn.sts-education.com\\\/11482_hero_lg_xl.jpg\"},{\"@type\":\"BreadcrumbList\",\"@id\":\"https:\\\/\\\/www.sts-education.com\\\/pl\\\/o-sts\\\/#breadcrumb\",\"itemListElement\":[{\"@type\":\"ListItem\",\"position\":1,\"name\":\"Home\",\"item\":\"https:\\\/\\\/www.sts-education.com\\\/pl\\\/\"},{\"@type\":\"ListItem\",\"position\":2,\"name\":\"O Sts\"}]},{\"@type\":\"WebSite\",\"@id\":\"https:\\\/\\\/www.sts-education.com\\\/pl\\\/#website\",\"url\":\"https:\\\/\\\/www.sts-education.com\\\/pl\\\/\",\"name\":\"STS Education\",\"description\":\"\",\"potentialAction\":[{\"@type\":\"SearchAction\",\"target\":{\"@type\":\"EntryPoint\",\"urlTemplate\":\"https:\\\/\\\/www.sts-education.com\\\/pl\\\/?s={search_term_string}\"},\"query-input\":{\"@type\":\"PropertyValueSpecification\",\"valueRequired\":true,\"valueName\":\"search_term_string\"}}],\"inLanguage\":\"pl-PL\"}]}<\/script>\n<!-- \/ Yoast SEO Premium plugin. -->","yoast_head_json":{"title":"O nas STS | STS","description":"Od 1958 roku STS organizuje wyjazdy j\u0119zykowe do Anglii, Austrii, Niemiec i nie tylko. Od 1971 roku oferujemy r\u00f3wnie\u017c mo\u017cliwo\u015b\u0107 wyjazdu na wymian\u0119 w ramach wymiany licealnej.","robots":{"index":"index","follow":"follow","max-snippet":"max-snippet:-1","max-image-preview":"max-image-preview:large","max-video-preview":"max-video-preview:-1"},"canonical":"https:\/\/www.sts-education.com\/pl\/o-sts\/","og_locale":"pl_PL","og_type":"article","og_title":"O Sts","og_description":"Od 1958 roku STS organizuje wyjazdy j\u0119zykowe do Anglii, Austrii, Niemiec i nie tylko. Od 1971 roku oferujemy r\u00f3wnie\u017c mo\u017cliwo\u015b\u0107 wyjazdu na wymian\u0119 w ramach wymiany licealnej.","og_url":"https:\/\/www.sts-education.com\/pl\/o-sts\/","og_site_name":"STS Education","article_modified_time":"2026-04-15T14:12:59+00:00","og_image":[{"url":"https:\/\/cdn.sts-education.com\/11482_hero_lg_xl.jpg","type":"","width":"","height":""}],"twitter_card":"summary_large_image","twitter_misc":{"Szacowany czas czytania":"3 minuty"},"schema":{"@context":"https:\/\/schema.org","@graph":[{"@type":"WebPage","@id":"https:\/\/www.sts-education.com\/pl\/o-sts\/","url":"https:\/\/www.sts-education.com\/pl\/o-sts\/","name":"O nas STS | STS","isPartOf":{"@id":"https:\/\/www.sts-education.com\/pl\/#website"},"primaryImageOfPage":{"@id":"https:\/\/www.sts-education.com\/pl\/o-sts\/#primaryimage"},"image":{"@id":"https:\/\/www.sts-education.com\/pl\/o-sts\/#primaryimage"},"thumbnailUrl":"https:\/\/cdn.sts-education.com\/11482_hero_lg_xl.jpg","datePublished":"2025-12-16T10:21:48+00:00","dateModified":"2026-04-15T14:12:59+00:00","description":"Od 1958 roku STS organizuje wyjazdy j\u0119zykowe do Anglii, Austrii, Niemiec i nie tylko. Od 1971 roku oferujemy r\u00f3wnie\u017c mo\u017cliwo\u015b\u0107 wyjazdu na wymian\u0119 w ramach wymiany licealnej.","breadcrumb":{"@id":"https:\/\/www.sts-education.com\/pl\/o-sts\/#breadcrumb"},"inLanguage":"pl-PL","potentialAction":[{"@type":"ReadAction","target":["https:\/\/www.sts-education.com\/pl\/o-sts\/"]}]},{"@type":"ImageObject","inLanguage":"pl-PL","@id":"https:\/\/www.sts-education.com\/pl\/o-sts\/#primaryimage","url":"https:\/\/cdn.sts-education.com\/11482_hero_lg_xl.jpg","contentUrl":"https:\/\/cdn.sts-education.com\/11482_hero_lg_xl.jpg"},{"@type":"BreadcrumbList","@id":"https:\/\/www.sts-education.com\/pl\/o-sts\/#breadcrumb","itemListElement":[{"@type":"ListItem","position":1,"name":"Home","item":"https:\/\/www.sts-education.com\/pl\/"},{"@type":"ListItem","position":2,"name":"O Sts"}]},{"@type":"WebSite","@id":"https:\/\/www.sts-education.com\/pl\/#website","url":"https:\/\/www.sts-education.com\/pl\/","name":"STS Education","description":"","potentialAction":[{"@type":"SearchAction","target":{"@type":"EntryPoint","urlTemplate":"https:\/\/www.sts-education.com\/pl\/?s={search_term_string}"},"query-input":{"@type":"PropertyValueSpecification","valueRequired":true,"valueName":"search_term_string"}}],"inLanguage":"pl-PL"}]}},"_links":{"self":[{"href":"https:\/\/www.sts-education.com\/pl\/wp-json\/wp\/v2\/pages\/10149","targetHints":{"allow":["GET"]}}],"collection":[{"href":"https:\/\/www.sts-education.com\/pl\/wp-json\/wp\/v2\/pages"}],"about":[{"href":"https:\/\/www.sts-education.com\/pl\/wp-json\/wp\/v2\/types\/page"}],"author":[{"embeddable":true,"href":"https:\/\/www.sts-education.com\/pl\/wp-json\/wp\/v2\/users\/20"}],"replies":[{"embeddable":true,"href":"https:\/\/www.sts-education.com\/pl\/wp-json\/wp\/v2\/comments?post=10149"}],"version-history":[{"count":5,"href":"https:\/\/www.sts-education.com\/pl\/wp-json\/wp\/v2\/pages\/10149\/revisions"}],"predecessor-version":[{"id":37054,"href":"https:\/\/www.sts-education.com\/pl\/wp-json\/wp\/v2\/pages\/10149\/revisions\/37054"}],"wp:attachment":[{"href":"https:\/\/www.sts-education.com\/pl\/wp-json\/wp\/v2\/media?parent=10149"}],"wp:term":[{"taxonomy":"wpw_page_folders","embeddable":true,"href":"https:\/\/www.sts-education.com\/pl\/wp-json\/wp\/v2\/wpw_page_folders?post=10149"}],"curies":[{"name":"wp","href":"https:\/\/api.w.org\/{rel}","templated":true}]}}