{"id":10151,"date":"2025-12-16T10:22:10","date_gmt":"2025-12-16T10:22:10","guid":{"rendered":"https:\/\/preprod.sts-education.com\/o-sts\/dlaczego-warto-wybrac-sts\/"},"modified":"2026-04-14T09:58:32","modified_gmt":"2026-04-14T09:58:32","slug":"dlaczego-warto-wybrac-sts","status":"publish","type":"page","link":"https:\/\/www.sts-education.com\/pl\/o-sts\/dlaczego-warto-wybrac-sts\/","title":{"rendered":"Dlaczego Warto Wybrac Sts"},"content":{"rendered":"\n<section class=\"wp-block-sts-hero sts-block-hero is-variant-full-background has-text-light has-background-media\" style=\"--sts-hero-padding-mobile:0px;--sts-hero-padding-desktop:0px;--sts-hero-text-color:var(--wp--preset--color--base-10, #fff);\" data-variant=\"full-background\"><div class=\"sts-block-hero__background\"><picture class=\"sts-responsive-image has-fit-cover is-skeleton\"><img src=\"https:\/\/cdn.sts-education.com\/12800_hero_lg_xl.jpg\" alt=\"Dlaczego warto wybra\u0107 STS?\" loading=\"lazy\" decoding=\"async\" fetchpriority=\"low\" sizes=\"100vw\" \/><\/picture><span class=\"sts-block-hero__overlay\" aria-hidden=\"true\"><\/span><\/div><div class=\"sts-block-hero__inner\"><div class=\"sts-block-hero__content has-align-center\"><div class=\"sts-block-hero__content-inner\"><h1 class=\"sts-block-hero__heading\">Dlaczego warto wybra\u0107 STS?<\/h1><\/div><\/div><\/div><\/section>\n\n\n\n<section class=\"wp-block-sts-video sts-block-video sts-block-video--landscape has-max-width-lg\"><div class=\"sts-video sts-video--landscape\"><div class=\"sts-video__handler\"><button type=\"button\" class=\"sts-video__play-button\" aria-label=\"Play video\" aria-pressed=\"false\" data-playing=\"false\"><span class=\"sts-video__play-icon\"><img decoding=\"async\" class=\"play-icon\" src=\"data:image\/svg+xml,%3csvg%20width='32'%20height='32'%20viewBox='0%200%2032%2032'%20fill='none'%20xmlns='http:\/\/www.w3.org\/2000\/svg'%3e%3cmask%20id='mask0_2459_8201'%20style='mask-type:alpha'%20maskUnits='userSpaceOnUse'%20x='0'%20y='0'%20width='32'%20height='32'%3e%3crect%20width='32'%20height='32'%20fill='%23D9D9D9'\/%3e%3c\/mask%3e%3cg%20mask='url(%23mask0_2459_8201)'%3e%3cpath%20d='M10.667%2022.8999V9.09993C10.667%208.72216%2010.8003%208.40549%2011.067%208.14993C11.3337%207.89438%2011.6448%207.7666%2012.0003%207.7666C12.1114%207.7666%2012.2281%207.78327%2012.3503%207.8166C12.4725%207.84993%2012.5892%207.89993%2012.7003%207.9666L23.567%2014.8666C23.767%2014.9999%2023.917%2015.1666%2024.017%2015.3666C24.117%2015.5666%2024.167%2015.7777%2024.167%2015.9999C24.167%2016.2222%2024.117%2016.4333%2024.017%2016.6333C23.917%2016.8333%2023.767%2016.9999%2023.567%2017.1333L12.7003%2024.0333C12.5892%2024.0999%2012.4725%2024.1499%2012.3503%2024.1833C12.2281%2024.2166%2012.1114%2024.2333%2012.0003%2024.2333C11.6448%2024.2333%2011.3337%2024.1055%2011.067%2023.8499C10.8003%2023.5944%2010.667%2023.2777%2010.667%2022.8999Z'%20fill='black'\/%3e%3c\/g%3e%3c\/svg%3e\" alt=\"\" aria-hidden=\"true\"\/><img decoding=\"async\" class=\"pause-icon\" src=\"data:image\/svg+xml,%3csvg%20width='32'%20height='32'%20viewBox='0%200%2032%2032'%20fill='none'%20xmlns='http:\/\/www.w3.org\/2000\/svg'%3e%3cmask%20id='mask0_pause'%20style='mask-type:alpha'%20maskUnits='userSpaceOnUse'%20x='0'%20y='0'%20width='32'%20height='32'%3e%3crect%20width='32'%20height='32'%20fill='%23D9D9D9'\/%3e%3c\/mask%3e%3cg%20mask='url(%23mask0_pause)'%3e%3c!--%20Left%20bar%20--%3e%3crect%20x='10'%20y='8'%20width='4'%20height='16'%20rx='1'%20fill='black'\/%3e%3c!--%20Right%20bar%20--%3e%3crect%20x='18'%20y='8'%20width='4'%20height='16'%20rx='1'%20fill='black'\/%3e%3c\/g%3e%3c\/svg%3e\" alt=\"\" aria-hidden=\"true\"\/><\/span><\/button><strong class=\"sts-video__duration\" data-duration-prefix=\"Video duration:\" data-unit-second=\"second\" data-unit-seconds=\"seconds\" data-unit-minute=\"minute\" data-unit-minutes=\"minutes\" aria-label=\"Video duration: 40.0 seconds\">40.0 secs<\/strong><\/div><div class=\"sts-video__media\" data-video-source=\"youtube\" data-video-url=\"\"><div class=\"sts-video__external-shell\" data-embed-url=\"https:\/\/www.youtube.com\/embed\/9Xtew38H0dg?rel=0&amp;controls=1&amp;modestbranding=1&amp;playsinline=1&amp;enablejsapi=1&amp;autoplay=0&amp;origin=https%3A%2F%2Fwww.sts-education.com\"><iframe class=\"sts-video__iframe\" src=\"https:\/\/www.youtube.com\/embed\/9Xtew38H0dg?rel=0&amp;controls=1&amp;modestbranding=1&amp;playsinline=1&amp;enablejsapi=1&amp;autoplay=0&amp;origin=https%3A%2F%2Fwww.sts-education.com\" title=\"Video poster\nheading\" allow=\"autoplay; fullscreen\" allowfullscreen loading=\"lazy\" data-provider=\"youtube\" data-embed-url=\"https:\/\/www.youtube.com\/embed\/9Xtew38H0dg?rel=0&amp;controls=1&amp;modestbranding=1&amp;playsinline=1&amp;enablejsapi=1&amp;autoplay=0&amp;origin=https%3A%2F%2Fwww.sts-education.com\"><\/iframe><\/div><\/div><\/div><\/section>\n\n\n\n<div class=\"wp-block-sts-text sts-text-editor has-max-width-md\"><div class=\"sts-text-editor__content\"><div class=\"sts-text-editor__content-inner\">\n<h2>Skupiamy si\u0119 przede wszystkim na Tobie!<\/h2>\n\n<p>Jeste\u015bmy zwolennikami indywidualnego podej\u015bcia. Znamy naszych uczni\u00f3w z imienia i b\u0119dziemy Ci towarzyszy\u0107 w Twojej drodze od pocz\u0105tku do ko\u0144ca. Anga\u017cujemy si\u0119 emocjonalnie w Twoje do\u015bwiadczenia, zale\u017cy nam na Twoim dobrym samopoczuciu i Twojej przysz\u0142o\u015bci \u2013 oddajemy si\u0119 w pe\u0142ni, aby pom\u00f3c Ci wykorzysta\u0107 maksimum Twojego potencja\u0142u.<\/p>\n\n<h2>Twoja podr\u00f3\u017c to nasza pasja.<\/h2>\n\n<p>Dla na to nie praca, a pasja \u2013 to nasze \u017cycie. W STS prawie ka\u017cdy z nas studiowa\u0142 lub pracowali za granic\u0105. Robimy to, bo to kochamy. Uwielbiamy patrze\u0107 jak rozwijasz si\u0119 jako osoba, jak wzbogacasz swoj\u0105 wiedz\u0119 na temat innych kultur, a przede wszystkim \u2013 jak doskonale si\u0119 bawisz podczas Twojego pobytu za granic\u0105! I cieszymy si\u0119, \u017ce mo\u017cemy Ci to wszystko zapewni\u0107.<\/p>\n\n<h2>Mo\u017cesz czu\u0107 si\u0119 bezpiecznie.<\/h2>\n\n<p>Twoje bezpiecze\u0144stwo to dla nas priorytet. Zadbamy o to, aby nasze wsparcie i troska towarzyszy\u0142y Ci przez ca\u0142\u0105 podr\u00f3\u017c. Wraz z nasz\u0105 globaln\u0105 sieci\u0105 starannie wyselekcjonowanych szk\u00f3\u0142, rodzin goszcz\u0105cych, partner\u00f3w i lokalnych wsp\u00f3\u0142pracownik\u00f3w dok\u0142adamy wszelkich stara\u0144, aby\u015b na ka\u017cdym etapie pobytu czu\u0142(a) si\u0119 wyj\u0105tkowo. Nie musisz si\u0119 przejmowa\u0107 detalami \u2013 szczeg\u00f3\u0142y zostaw nam.<\/p>\n\n<h2>Zaufaj naszemu do\u015bwiadczeniu.<\/h2>\n\n<p>Istniejemy od 1958 roku i od tego czasu podr\u00f3\u017cowa\u0142o z nami ponad 1 200 000 uczni\u00f3w. Od 65 lat wiemy co robimy, ka\u017cdego dnia spe\u0142niaj\u0105c marzenia m\u0142odych ludzi.<\/p>\n\n<h2>Historie uczni\u00f3w<\/h2>\n\n<p>Zajrzyj do dzia\u0142u: <a href=\"https:\/\/www.sts-education.com\/pl\/szkola-srednia\/uczniowie-na-wymianie\/historie-uczniow\/\">Historie uczni\u00f3w<\/a>. Znajdziesz tam relacje z pobyt\u00f3w naszych uczni\u00f3w. Mo\u017cesz te\u017c obserwowa\u0107 nas na <a href=\"https:\/\/www.instagram.com\/stsworldwide\/\" target=\"_blank\" rel=\"noopener noreferrer\">Instagramie<\/a> i <a href=\"https:\/\/www.tiktok.com\/@stsworldwide\" target=\"_blank\" rel=\"noopener noreferrer\">TikToku<\/a>, aby by\u0107 na bie\u017c\u0105co z aktualnymi wydarzeniami.<\/p>\n<\/div><\/div><\/div>\n","protected":false},"excerpt":{"rendered":"","protected":false},"author":20,"featured_media":0,"parent":10149,"menu_order":0,"comment_status":"closed","ping_status":"closed","template":"templates\/template-default-with-breadcrumbs.php","meta":{"_acf_changed":false,"sts_page_background_color":"","footnotes":""},"wpw_page_folders":[77],"class_list":["post-10151","page","type-page","status-publish","hentry"],"acf":[],"yoast_head":"<!-- This site is optimized with the Yoast SEO Premium plugin v27.2 (Yoast SEO v27.3) - https:\/\/yoast.com\/product\/yoast-seo-premium-wordpress\/ -->\n<title>Dlaczego wybra\u0107 STS?<\/title>\n<meta name=\"description\" content=\"Mamy wieloletnie do\u015bwiadczenie w podr\u00f3\u017cach j\u0119zykowych i latach wymiany. Wybierz spo\u015br\u00f3d kilku r\u00f3\u017cnych miejsc docelowych.\" \/>\n<meta name=\"robots\" content=\"index, follow, max-snippet:-1, max-image-preview:large, max-video-preview:-1\" \/>\n<link rel=\"canonical\" href=\"https:\/\/www.sts-education.com\/pl\/o-sts\/dlaczego-warto-wybrac-sts\/\" \/>\n<meta property=\"og:locale\" content=\"pl_PL\" \/>\n<meta property=\"og:type\" content=\"article\" \/>\n<meta property=\"og:title\" content=\"Dlaczego Warto Wybrac Sts\" \/>\n<meta property=\"og:description\" content=\"Mamy wieloletnie do\u015bwiadczenie w podr\u00f3\u017cach j\u0119zykowych i latach wymiany. Wybierz spo\u015br\u00f3d kilku r\u00f3\u017cnych miejsc docelowych.\" \/>\n<meta property=\"og:url\" content=\"https:\/\/www.sts-education.com\/pl\/o-sts\/dlaczego-warto-wybrac-sts\/\" \/>\n<meta property=\"og:site_name\" content=\"STS Education\" \/>\n<meta property=\"article:modified_time\" content=\"2026-04-14T09:58:32+00:00\" \/>\n<meta property=\"og:image\" content=\"https:\/\/cdn.sts-education.com\/12800_hero_lg_xl.jpg\" \/>\n<meta name=\"twitter:card\" content=\"summary_large_image\" \/>\n<meta name=\"twitter:label1\" content=\"Szacowany czas czytania\" \/>\n\t<meta name=\"twitter:data1\" content=\"1 minuta\" \/>\n<script type=\"application\/ld+json\" class=\"yoast-schema-graph\">{\"@context\":\"https:\\\/\\\/schema.org\",\"@graph\":[{\"@type\":\"WebPage\",\"@id\":\"https:\\\/\\\/www.sts-education.com\\\/pl\\\/o-sts\\\/dlaczego-warto-wybrac-sts\\\/\",\"url\":\"https:\\\/\\\/www.sts-education.com\\\/pl\\\/o-sts\\\/dlaczego-warto-wybrac-sts\\\/\",\"name\":\"Dlaczego wybra\u0107 STS?\",\"isPartOf\":{\"@id\":\"https:\\\/\\\/www.sts-education.com\\\/pl\\\/#website\"},\"primaryImageOfPage\":{\"@id\":\"https:\\\/\\\/www.sts-education.com\\\/pl\\\/o-sts\\\/dlaczego-warto-wybrac-sts\\\/#primaryimage\"},\"image\":{\"@id\":\"https:\\\/\\\/www.sts-education.com\\\/pl\\\/o-sts\\\/dlaczego-warto-wybrac-sts\\\/#primaryimage\"},\"thumbnailUrl\":\"https:\\\/\\\/cdn.sts-education.com\\\/12800_hero_lg_xl.jpg\",\"datePublished\":\"2025-12-16T10:22:10+00:00\",\"dateModified\":\"2026-04-14T09:58:32+00:00\",\"description\":\"Mamy wieloletnie do\u015bwiadczenie w podr\u00f3\u017cach j\u0119zykowych i latach wymiany. Wybierz spo\u015br\u00f3d kilku r\u00f3\u017cnych miejsc docelowych.\",\"breadcrumb\":{\"@id\":\"https:\\\/\\\/www.sts-education.com\\\/pl\\\/o-sts\\\/dlaczego-warto-wybrac-sts\\\/#breadcrumb\"},\"inLanguage\":\"pl-PL\",\"potentialAction\":[{\"@type\":\"ReadAction\",\"target\":[\"https:\\\/\\\/www.sts-education.com\\\/pl\\\/o-sts\\\/dlaczego-warto-wybrac-sts\\\/\"]}]},{\"@type\":\"ImageObject\",\"inLanguage\":\"pl-PL\",\"@id\":\"https:\\\/\\\/www.sts-education.com\\\/pl\\\/o-sts\\\/dlaczego-warto-wybrac-sts\\\/#primaryimage\",\"url\":\"https:\\\/\\\/cdn.sts-education.com\\\/12800_hero_lg_xl.jpg\",\"contentUrl\":\"https:\\\/\\\/cdn.sts-education.com\\\/12800_hero_lg_xl.jpg\"},{\"@type\":\"BreadcrumbList\",\"@id\":\"https:\\\/\\\/www.sts-education.com\\\/pl\\\/o-sts\\\/dlaczego-warto-wybrac-sts\\\/#breadcrumb\",\"itemListElement\":[{\"@type\":\"ListItem\",\"position\":1,\"name\":\"Home\",\"item\":\"https:\\\/\\\/www.sts-education.com\\\/pl\\\/\"},{\"@type\":\"ListItem\",\"position\":2,\"name\":\"O Sts\",\"item\":\"https:\\\/\\\/www.sts-education.com\\\/pl\\\/o-sts\\\/\"},{\"@type\":\"ListItem\",\"position\":3,\"name\":\"Dlaczego Warto Wybrac Sts\"}]},{\"@type\":\"WebSite\",\"@id\":\"https:\\\/\\\/www.sts-education.com\\\/pl\\\/#website\",\"url\":\"https:\\\/\\\/www.sts-education.com\\\/pl\\\/\",\"name\":\"STS Education\",\"description\":\"\",\"potentialAction\":[{\"@type\":\"SearchAction\",\"target\":{\"@type\":\"EntryPoint\",\"urlTemplate\":\"https:\\\/\\\/www.sts-education.com\\\/pl\\\/?s={search_term_string}\"},\"query-input\":{\"@type\":\"PropertyValueSpecification\",\"valueRequired\":true,\"valueName\":\"search_term_string\"}}],\"inLanguage\":\"pl-PL\"}]}<\/script>\n<!-- \/ Yoast SEO Premium plugin. -->","yoast_head_json":{"title":"Dlaczego wybra\u0107 STS?","description":"Mamy wieloletnie do\u015bwiadczenie w podr\u00f3\u017cach j\u0119zykowych i latach wymiany. Wybierz spo\u015br\u00f3d kilku r\u00f3\u017cnych miejsc docelowych.","robots":{"index":"index","follow":"follow","max-snippet":"max-snippet:-1","max-image-preview":"max-image-preview:large","max-video-preview":"max-video-preview:-1"},"canonical":"https:\/\/www.sts-education.com\/pl\/o-sts\/dlaczego-warto-wybrac-sts\/","og_locale":"pl_PL","og_type":"article","og_title":"Dlaczego Warto Wybrac Sts","og_description":"Mamy wieloletnie do\u015bwiadczenie w podr\u00f3\u017cach j\u0119zykowych i latach wymiany. Wybierz spo\u015br\u00f3d kilku r\u00f3\u017cnych miejsc docelowych.","og_url":"https:\/\/www.sts-education.com\/pl\/o-sts\/dlaczego-warto-wybrac-sts\/","og_site_name":"STS Education","article_modified_time":"2026-04-14T09:58:32+00:00","og_image":[{"url":"https:\/\/cdn.sts-education.com\/12800_hero_lg_xl.jpg","type":"","width":"","height":""}],"twitter_card":"summary_large_image","twitter_misc":{"Szacowany czas czytania":"1 minuta"},"schema":{"@context":"https:\/\/schema.org","@graph":[{"@type":"WebPage","@id":"https:\/\/www.sts-education.com\/pl\/o-sts\/dlaczego-warto-wybrac-sts\/","url":"https:\/\/www.sts-education.com\/pl\/o-sts\/dlaczego-warto-wybrac-sts\/","name":"Dlaczego wybra\u0107 STS?","isPartOf":{"@id":"https:\/\/www.sts-education.com\/pl\/#website"},"primaryImageOfPage":{"@id":"https:\/\/www.sts-education.com\/pl\/o-sts\/dlaczego-warto-wybrac-sts\/#primaryimage"},"image":{"@id":"https:\/\/www.sts-education.com\/pl\/o-sts\/dlaczego-warto-wybrac-sts\/#primaryimage"},"thumbnailUrl":"https:\/\/cdn.sts-education.com\/12800_hero_lg_xl.jpg","datePublished":"2025-12-16T10:22:10+00:00","dateModified":"2026-04-14T09:58:32+00:00","description":"Mamy wieloletnie do\u015bwiadczenie w podr\u00f3\u017cach j\u0119zykowych i latach wymiany. Wybierz spo\u015br\u00f3d kilku r\u00f3\u017cnych miejsc docelowych.","breadcrumb":{"@id":"https:\/\/www.sts-education.com\/pl\/o-sts\/dlaczego-warto-wybrac-sts\/#breadcrumb"},"inLanguage":"pl-PL","potentialAction":[{"@type":"ReadAction","target":["https:\/\/www.sts-education.com\/pl\/o-sts\/dlaczego-warto-wybrac-sts\/"]}]},{"@type":"ImageObject","inLanguage":"pl-PL","@id":"https:\/\/www.sts-education.com\/pl\/o-sts\/dlaczego-warto-wybrac-sts\/#primaryimage","url":"https:\/\/cdn.sts-education.com\/12800_hero_lg_xl.jpg","contentUrl":"https:\/\/cdn.sts-education.com\/12800_hero_lg_xl.jpg"},{"@type":"BreadcrumbList","@id":"https:\/\/www.sts-education.com\/pl\/o-sts\/dlaczego-warto-wybrac-sts\/#breadcrumb","itemListElement":[{"@type":"ListItem","position":1,"name":"Home","item":"https:\/\/www.sts-education.com\/pl\/"},{"@type":"ListItem","position":2,"name":"O Sts","item":"https:\/\/www.sts-education.com\/pl\/o-sts\/"},{"@type":"ListItem","position":3,"name":"Dlaczego Warto Wybrac Sts"}]},{"@type":"WebSite","@id":"https:\/\/www.sts-education.com\/pl\/#website","url":"https:\/\/www.sts-education.com\/pl\/","name":"STS Education","description":"","potentialAction":[{"@type":"SearchAction","target":{"@type":"EntryPoint","urlTemplate":"https:\/\/www.sts-education.com\/pl\/?s={search_term_string}"},"query-input":{"@type":"PropertyValueSpecification","valueRequired":true,"valueName":"search_term_string"}}],"inLanguage":"pl-PL"}]}},"_links":{"self":[{"href":"https:\/\/www.sts-education.com\/pl\/wp-json\/wp\/v2\/pages\/10151","targetHints":{"allow":["GET"]}}],"collection":[{"href":"https:\/\/www.sts-education.com\/pl\/wp-json\/wp\/v2\/pages"}],"about":[{"href":"https:\/\/www.sts-education.com\/pl\/wp-json\/wp\/v2\/types\/page"}],"author":[{"embeddable":true,"href":"https:\/\/www.sts-education.com\/pl\/wp-json\/wp\/v2\/users\/20"}],"replies":[{"embeddable":true,"href":"https:\/\/www.sts-education.com\/pl\/wp-json\/wp\/v2\/comments?post=10151"}],"version-history":[{"count":5,"href":"https:\/\/www.sts-education.com\/pl\/wp-json\/wp\/v2\/pages\/10151\/revisions"}],"predecessor-version":[{"id":33452,"href":"https:\/\/www.sts-education.com\/pl\/wp-json\/wp\/v2\/pages\/10151\/revisions\/33452"}],"up":[{"embeddable":true,"href":"https:\/\/www.sts-education.com\/pl\/wp-json\/wp\/v2\/pages\/10149"}],"wp:attachment":[{"href":"https:\/\/www.sts-education.com\/pl\/wp-json\/wp\/v2\/media?parent=10151"}],"wp:term":[{"taxonomy":"wpw_page_folders","embeddable":true,"href":"https:\/\/www.sts-education.com\/pl\/wp-json\/wp\/v2\/wpw_page_folders?post=10151"}],"curies":[{"name":"wp","href":"https:\/\/api.w.org\/{rel}","templated":true}]}}