{"id":10153,"date":"2025-12-16T10:23:03","date_gmt":"2025-12-16T10:23:03","guid":{"rendered":"https:\/\/preprod.sts-education.com\/o-sts\/kariera\/"},"modified":"2026-04-01T01:36:08","modified_gmt":"2026-04-01T01:36:08","slug":"kariera","status":"publish","type":"page","link":"https:\/\/www.sts-education.com\/pl\/o-sts\/kariera\/","title":{"rendered":"Kariera"},"content":{"rendered":"\n<section class=\"wp-block-sts-hero sts-block-hero is-variant-full-background has-text-light has-background-media\" style=\"--sts-hero-padding-mobile:0px;--sts-hero-padding-desktop:0px;--sts-hero-text-color:var(--wp--preset--color--base-10, #fff);\" data-variant=\"full-background\"><div class=\"sts-block-hero__background\"><picture class=\"sts-responsive-image has-fit-cover is-skeleton\"><img src=\"https:\/\/cdn.sts-education.com\/3544_hero_lg_xl.jpg\" alt=\"Sprawiamy, \u017ce m\u0142odzi ludzie rosn\u0105\" loading=\"lazy\" decoding=\"async\" fetchpriority=\"low\" sizes=\"100vw\" \/><\/picture><span class=\"sts-block-hero__overlay\" aria-hidden=\"true\"><\/span><\/div><div class=\"sts-block-hero__inner\"><div class=\"sts-block-hero__content has-align-center\"><div class=\"sts-block-hero__content-inner\"><h1 class=\"sts-block-hero__heading\">Sprawiamy, \u017ce m\u0142odzi ludzie rosn\u0105<\/h1><\/div><\/div><\/div><\/section>\n\n\n\n<div class=\"wp-block-sts-text sts-text-editor has-max-width-md\"><div class=\"sts-text-editor__content\"><div class=\"sts-text-editor__content-inner\">\n<p>W STS Education Group stawiamy na nauk\u0119 poprzez zdobywanie do\u015bwiadcze\u0144, oferuj\u0105c uczniom wyjazdy j\u0119zykowe oraz wymian\u0119 uczniowsk\u0105 na szczeblu szk\u00f3\u0142 \u015brednich. Nasza siedziba g\u0142\u00f3wna mie\u015bci si\u0119 w G\u00f6teborgu w Szwecji, natomiast lokalne biura znajduj\u0105 si\u0119 m.in. w Niemczech, Holandii, Polsce, Szwajcarii, Austrii i Nowej Zelandii.<\/p>\n\n<p>Nieustannie poszukujemy nowych pracownik\u00f3w, pragn\u0105cych pracowa\u0107 i rozwija\u0107 sw\u00f3j potencja\u0142 w dynamicznie ewoluuj\u0105cej bran\u017cy.<\/p>\n\n<p><a href=\"https:\/\/sts.teamtailor.com\/\" target=\"_blank\" rel=\"noopener noreferrer\">Aktualne oferty pracy w STS znajdziesz tutaj<\/a><\/p>\n\n<h2>Zosta\u0144 lokalnym koordynatorem STS<\/h2>\n\n<p>Czy jeste\u015b zainteresowany prac\u0105 na stanowisku przedstawiciela STS w Twojej okolicy? Jako lokalny koordynator b\u0119dziesz odpowiada\u0107 za regularny kontakt z jednym lub kilkoma uczniami z wymiany, ich rodzinami goszcz\u0105cych oraz szko\u0142ami. To idealne stanowisko dla ka\u017cdego, kto lubi wsp\u00f3\u0142pracowa\u0107 z m\u0142odzie\u017c\u0105 i interesuje si\u0119 mi\u0119dzynarodow\u0105 wymian\u0105 uczni\u00f3w. Praca ta sprawdza si\u0119 \u015bwietnie w po\u0142\u0105czeniu ze studiami lub prac\u0105. Dowiedz si\u0119 wi\u0119cej i przeczytaj wywiad z Lucasem, kt\u00f3ry mia\u0142 okazj\u0119 wielokrotnie spe\u0142nia\u0107 si\u0119 w roli koordynatora STS.<\/p>\n\n<p>Je\u015bli chcesz zosta\u0107 koordynatorem STS, wype\u0142nij niniejszy <a href=\"https:\/\/sts.teamtailor.com\/\" target=\"_blank\" rel=\"noopener noreferrer\">formularz aplikacyjny<\/a><\/p>\n\n<h2>Zosta\u0144 ambasadorem STS<\/h2>\n\n<p>Najlepszymi ambasadorami naszych program\u00f3w s\u0105 ludzie, kt\u00f3rzy mieli okazj\u0119 wyjecha\u0107 za granic\u0119 i celebrowali ka\u017cd\u0105 minut\u0119 tam sp\u0119dzon\u0105. Dlatego cz\u0119sto po powrocie do domu zapraszamy naszych student\u00f3w do pracy w charakterze reporter\u00f3w lub ambasador\u00f3w na spotkaniach informacyjnych, targach lub w szko\u0142ach. Nasi ambasadorzy organizuj\u0105 w\u0142asne wydarzenia, przeprowadzaj\u0105 wywiady z przysz\u0142ymi absolwentami szk\u00f3\u0142 z wymiany, rozdaj\u0105 ulotki lub wraz z rodzinami witaj\u0105 uczni\u00f3w z wymiany w swoim kraju.<\/p>\n\n<p>Je\u015bli jeste\u015b absolwentem programu STS lub nadal w nim uczestniczysz, program ambasador\u00f3w STS daje Ci mo\u017cliwo\u015b\u0107 podzielenia si\u0119 swoimi do\u015bwiadczeniami z innymi m\u0142odymi lud\u017ami. W ten spos\u00f3b mo\u017cesz pom\u00f3c innym zdecydowa\u0107 o rozpocz\u0119ciu ich w\u0142asnej przygody. Pomy\u015bl sobie, \u017ce po prostu dzielisz si\u0119 swoimi niezwyk\u0142ymi do\u015bwiadczeniami. Czy mo\u017cesz sobie wyobrazi\u0107 lepsz\u0105 prac\u0119?<\/p>\n\n<p>Stopie\u0144 Twojej aktywno\u015bci zale\u017cy wy\u0142\u0105cznie od Ciebie. Dzi\u0119ki tej pracy rozwiniesz swoje umiej\u0119tno\u015bci spo\u0142eczne, wydajno\u015b\u0107 oraz zdolno\u015bci organizacyjne. A dodatkowo mo\u017cesz si\u0119 przy tym \u015bwietnie bawi\u0107, zdobywaj\u0105c cenne do\u015bwiadczenie i referencje na przysz\u0142o\u015b\u0107.<\/p>\n\n<p>Je\u015bli chcesz zosta\u0107 naszym ambasadorem, napisz do nas na <a href=\"mailto:customercare@sts-education.pl\">customercare@sts-education.pl<\/a><\/p>\n<\/div><\/div><\/div>\n\n","protected":false},"excerpt":{"rendered":"","protected":false},"author":20,"featured_media":0,"parent":10149,"menu_order":0,"comment_status":"closed","ping_status":"closed","template":"templates\/template-default-with-breadcrumbs.php","meta":{"_acf_changed":false,"sts_page_background_color":"","footnotes":""},"wpw_page_folders":[77],"class_list":["post-10153","page","type-page","status-publish","hentry"],"acf":[],"yoast_head":"<!-- This site is optimized with the Yoast SEO Premium plugin v27.2 (Yoast SEO v27.3) - https:\/\/yoast.com\/product\/yoast-seo-premium-wordpress\/ -->\n<title>Kariera<\/title>\n<meta name=\"robots\" content=\"index, follow, max-snippet:-1, max-image-preview:large, max-video-preview:-1\" \/>\n<link rel=\"canonical\" href=\"https:\/\/www.sts-education.com\/pl\/o-sts\/kariera\/\" \/>\n<meta property=\"og:locale\" content=\"pl_PL\" \/>\n<meta property=\"og:type\" content=\"article\" \/>\n<meta property=\"og:title\" content=\"Kariera\" \/>\n<meta property=\"og:url\" content=\"https:\/\/www.sts-education.com\/pl\/o-sts\/kariera\/\" \/>\n<meta property=\"og:site_name\" content=\"STS Education\" \/>\n<meta property=\"article:modified_time\" content=\"2026-04-01T01:36:08+00:00\" \/>\n<meta property=\"og:image\" content=\"https:\/\/cdn.sts-education.com\/3544_hero_lg_xl.jpg\" \/>\n<meta name=\"twitter:card\" content=\"summary_large_image\" \/>\n<meta name=\"twitter:label1\" content=\"Szacowany czas czytania\" \/>\n\t<meta name=\"twitter:data1\" content=\"2 minuty\" \/>\n<script type=\"application\/ld+json\" class=\"yoast-schema-graph\">{\"@context\":\"https:\\\/\\\/schema.org\",\"@graph\":[{\"@type\":\"WebPage\",\"@id\":\"https:\\\/\\\/www.sts-education.com\\\/pl\\\/o-sts\\\/kariera\\\/\",\"url\":\"https:\\\/\\\/www.sts-education.com\\\/pl\\\/o-sts\\\/kariera\\\/\",\"name\":\"Kariera\",\"isPartOf\":{\"@id\":\"https:\\\/\\\/www.sts-education.com\\\/pl\\\/#website\"},\"primaryImageOfPage\":{\"@id\":\"https:\\\/\\\/www.sts-education.com\\\/pl\\\/o-sts\\\/kariera\\\/#primaryimage\"},\"image\":{\"@id\":\"https:\\\/\\\/www.sts-education.com\\\/pl\\\/o-sts\\\/kariera\\\/#primaryimage\"},\"thumbnailUrl\":\"https:\\\/\\\/cdn.sts-education.com\\\/3544_hero_lg_xl.jpg\",\"datePublished\":\"2025-12-16T10:23:03+00:00\",\"dateModified\":\"2026-04-01T01:36:08+00:00\",\"breadcrumb\":{\"@id\":\"https:\\\/\\\/www.sts-education.com\\\/pl\\\/o-sts\\\/kariera\\\/#breadcrumb\"},\"inLanguage\":\"pl-PL\",\"potentialAction\":[{\"@type\":\"ReadAction\",\"target\":[\"https:\\\/\\\/www.sts-education.com\\\/pl\\\/o-sts\\\/kariera\\\/\"]}]},{\"@type\":\"ImageObject\",\"inLanguage\":\"pl-PL\",\"@id\":\"https:\\\/\\\/www.sts-education.com\\\/pl\\\/o-sts\\\/kariera\\\/#primaryimage\",\"url\":\"https:\\\/\\\/cdn.sts-education.com\\\/3544_hero_lg_xl.jpg\",\"contentUrl\":\"https:\\\/\\\/cdn.sts-education.com\\\/3544_hero_lg_xl.jpg\"},{\"@type\":\"BreadcrumbList\",\"@id\":\"https:\\\/\\\/www.sts-education.com\\\/pl\\\/o-sts\\\/kariera\\\/#breadcrumb\",\"itemListElement\":[{\"@type\":\"ListItem\",\"position\":1,\"name\":\"Home\",\"item\":\"https:\\\/\\\/www.sts-education.com\\\/pl\\\/\"},{\"@type\":\"ListItem\",\"position\":2,\"name\":\"O Sts\",\"item\":\"https:\\\/\\\/www.sts-education.com\\\/pl\\\/o-sts\\\/\"},{\"@type\":\"ListItem\",\"position\":3,\"name\":\"Kariera\"}]},{\"@type\":\"WebSite\",\"@id\":\"https:\\\/\\\/www.sts-education.com\\\/pl\\\/#website\",\"url\":\"https:\\\/\\\/www.sts-education.com\\\/pl\\\/\",\"name\":\"STS Education\",\"description\":\"\",\"potentialAction\":[{\"@type\":\"SearchAction\",\"target\":{\"@type\":\"EntryPoint\",\"urlTemplate\":\"https:\\\/\\\/www.sts-education.com\\\/pl\\\/?s={search_term_string}\"},\"query-input\":{\"@type\":\"PropertyValueSpecification\",\"valueRequired\":true,\"valueName\":\"search_term_string\"}}],\"inLanguage\":\"pl-PL\"}]}<\/script>\n<!-- \/ Yoast SEO Premium plugin. -->","yoast_head_json":{"title":"Kariera","robots":{"index":"index","follow":"follow","max-snippet":"max-snippet:-1","max-image-preview":"max-image-preview:large","max-video-preview":"max-video-preview:-1"},"canonical":"https:\/\/www.sts-education.com\/pl\/o-sts\/kariera\/","og_locale":"pl_PL","og_type":"article","og_title":"Kariera","og_url":"https:\/\/www.sts-education.com\/pl\/o-sts\/kariera\/","og_site_name":"STS Education","article_modified_time":"2026-04-01T01:36:08+00:00","og_image":[{"url":"https:\/\/cdn.sts-education.com\/3544_hero_lg_xl.jpg","type":"","width":"","height":""}],"twitter_card":"summary_large_image","twitter_misc":{"Szacowany czas czytania":"2 minuty"},"schema":{"@context":"https:\/\/schema.org","@graph":[{"@type":"WebPage","@id":"https:\/\/www.sts-education.com\/pl\/o-sts\/kariera\/","url":"https:\/\/www.sts-education.com\/pl\/o-sts\/kariera\/","name":"Kariera","isPartOf":{"@id":"https:\/\/www.sts-education.com\/pl\/#website"},"primaryImageOfPage":{"@id":"https:\/\/www.sts-education.com\/pl\/o-sts\/kariera\/#primaryimage"},"image":{"@id":"https:\/\/www.sts-education.com\/pl\/o-sts\/kariera\/#primaryimage"},"thumbnailUrl":"https:\/\/cdn.sts-education.com\/3544_hero_lg_xl.jpg","datePublished":"2025-12-16T10:23:03+00:00","dateModified":"2026-04-01T01:36:08+00:00","breadcrumb":{"@id":"https:\/\/www.sts-education.com\/pl\/o-sts\/kariera\/#breadcrumb"},"inLanguage":"pl-PL","potentialAction":[{"@type":"ReadAction","target":["https:\/\/www.sts-education.com\/pl\/o-sts\/kariera\/"]}]},{"@type":"ImageObject","inLanguage":"pl-PL","@id":"https:\/\/www.sts-education.com\/pl\/o-sts\/kariera\/#primaryimage","url":"https:\/\/cdn.sts-education.com\/3544_hero_lg_xl.jpg","contentUrl":"https:\/\/cdn.sts-education.com\/3544_hero_lg_xl.jpg"},{"@type":"BreadcrumbList","@id":"https:\/\/www.sts-education.com\/pl\/o-sts\/kariera\/#breadcrumb","itemListElement":[{"@type":"ListItem","position":1,"name":"Home","item":"https:\/\/www.sts-education.com\/pl\/"},{"@type":"ListItem","position":2,"name":"O Sts","item":"https:\/\/www.sts-education.com\/pl\/o-sts\/"},{"@type":"ListItem","position":3,"name":"Kariera"}]},{"@type":"WebSite","@id":"https:\/\/www.sts-education.com\/pl\/#website","url":"https:\/\/www.sts-education.com\/pl\/","name":"STS Education","description":"","potentialAction":[{"@type":"SearchAction","target":{"@type":"EntryPoint","urlTemplate":"https:\/\/www.sts-education.com\/pl\/?s={search_term_string}"},"query-input":{"@type":"PropertyValueSpecification","valueRequired":true,"valueName":"search_term_string"}}],"inLanguage":"pl-PL"}]}},"_links":{"self":[{"href":"https:\/\/www.sts-education.com\/pl\/wp-json\/wp\/v2\/pages\/10153","targetHints":{"allow":["GET"]}}],"collection":[{"href":"https:\/\/www.sts-education.com\/pl\/wp-json\/wp\/v2\/pages"}],"about":[{"href":"https:\/\/www.sts-education.com\/pl\/wp-json\/wp\/v2\/types\/page"}],"author":[{"embeddable":true,"href":"https:\/\/www.sts-education.com\/pl\/wp-json\/wp\/v2\/users\/20"}],"replies":[{"embeddable":true,"href":"https:\/\/www.sts-education.com\/pl\/wp-json\/wp\/v2\/comments?post=10153"}],"version-history":[{"count":2,"href":"https:\/\/www.sts-education.com\/pl\/wp-json\/wp\/v2\/pages\/10153\/revisions"}],"predecessor-version":[{"id":20299,"href":"https:\/\/www.sts-education.com\/pl\/wp-json\/wp\/v2\/pages\/10153\/revisions\/20299"}],"up":[{"embeddable":true,"href":"https:\/\/www.sts-education.com\/pl\/wp-json\/wp\/v2\/pages\/10149"}],"wp:attachment":[{"href":"https:\/\/www.sts-education.com\/pl\/wp-json\/wp\/v2\/media?parent=10153"}],"wp:term":[{"taxonomy":"wpw_page_folders","embeddable":true,"href":"https:\/\/www.sts-education.com\/pl\/wp-json\/wp\/v2\/wpw_page_folders?post=10153"}],"curies":[{"name":"wp","href":"https:\/\/api.w.org\/{rel}","templated":true}]}}