{"id":10154,"date":"2025-12-16T10:25:18","date_gmt":"2025-12-16T10:25:18","guid":{"rendered":"https:\/\/preprod.sts-education.com\/o-sts\/kontakt-z-nami\/"},"modified":"2026-04-01T01:36:38","modified_gmt":"2026-04-01T01:36:38","slug":"kontakt-z-nami","status":"publish","type":"page","link":"https:\/\/www.sts-education.com\/pl\/o-sts\/kontakt-z-nami\/","title":{"rendered":"Kontakt Z Nami"},"content":{"rendered":"\n<div class=\"wp-block-sts-text sts-text-editor has-max-width-md\"><div class=\"sts-text-editor__content\"><div class=\"sts-text-editor__content-inner\">\n<h1>Kontakt z nami<\/h1>\n<\/div><\/div><\/div>\n\n\n\n<div class=\"wp-block-sts-text sts-text-editor has-max-width-md\"><div class=\"sts-text-editor__content\"><div class=\"sts-text-editor__content-inner\">\n<p>Je\u015bli masz pytania dotycz\u0105ce nauki za granic\u0105, zawsze mo\u017cesz si\u0119 z nami skontaktowa\u0107. Kontaktuj\u0105c si\u0119 z nami w sprawie rocznego turnusu za granic\u0105 lub wyjazdu j\u0119zykowego nie musisz podejmowa\u0107 \u017cadnej wi\u0105\u017c\u0105cej decyzji. Ch\u0119tnie pomo\u017cemy i odpowiemy na wszystkie Twoje pytania. Wybierz spos\u00f3b, w jaki chcesz si\u0119 z nami skontaktowa\u0107.<\/p>\n\n<h3>Zadzwo\u0144 do nas<\/h3>\n\n<p><a href=\"http:\/\/tel+48%20534%20371%20668\">+48 534 371 668<\/a><\/p>\n\n<h3>Wy\u015blij nam e-mail<\/h3>\n\n<p><a href=\"mailto:hello.pl@sts-education.com\">hello.pl@sts-education.com<\/a><\/p>\n<\/div><\/div><\/div>\n\n","protected":false},"excerpt":{"rendered":"","protected":false},"author":20,"featured_media":16073,"parent":10149,"menu_order":0,"comment_status":"closed","ping_status":"closed","template":"templates\/template-default-with-breadcrumbs.php","meta":{"_acf_changed":false,"sts_page_background_color":"","footnotes":""},"wpw_page_folders":[77],"class_list":["post-10154","page","type-page","status-publish","has-post-thumbnail","hentry"],"acf":[],"yoast_head":"<!-- This site is optimized with the Yoast SEO Premium plugin v27.2 (Yoast SEO v27.3) - https:\/\/yoast.com\/product\/yoast-seo-premium-wordpress\/ -->\n<title>Skontaktuj si\u0119 z nami tutaj | STS<\/title>\n<meta name=\"description\" content=\"Je\u015bli masz pytania dotycz\u0105ce studiowania za granic\u0105, zawsze mo\u017cesz si\u0119 z nami skontaktowa\u0107. Ch\u0119tnie pomo\u017cemy i odpowiemy na wszystkie pytania.\" \/>\n<meta name=\"robots\" content=\"index, follow, max-snippet:-1, max-image-preview:large, max-video-preview:-1\" \/>\n<link rel=\"canonical\" href=\"https:\/\/www.sts-education.com\/pl\/o-sts\/kontakt-z-nami\/\" \/>\n<meta property=\"og:locale\" content=\"pl_PL\" \/>\n<meta property=\"og:type\" content=\"article\" \/>\n<meta property=\"og:title\" content=\"Kontakt Z Nami\" \/>\n<meta property=\"og:description\" content=\"Je\u015bli masz pytania dotycz\u0105ce studiowania za granic\u0105, zawsze mo\u017cesz si\u0119 z nami skontaktowa\u0107. Ch\u0119tnie pomo\u017cemy i odpowiemy na wszystkie pytania.\" \/>\n<meta property=\"og:url\" content=\"https:\/\/www.sts-education.com\/pl\/o-sts\/kontakt-z-nami\/\" \/>\n<meta property=\"og:site_name\" content=\"STS Education\" \/>\n<meta property=\"article:modified_time\" content=\"2026-04-01T01:36:38+00:00\" \/>\n<meta property=\"og:image\" content=\"https:\/\/powered-by.qbank.se\/educatius\/sts\/\/d892cfee412f049ca3da7ada13bcf9ff_1-1-thumb.webp\" \/>\n\t<meta property=\"og:image:width\" content=\"150\" \/>\n\t<meta property=\"og:image:height\" content=\"150\" \/>\n\t<meta property=\"og:image:type\" content=\"image\/jpeg\" \/>\n<meta name=\"twitter:card\" content=\"summary_large_image\" \/>\n<script type=\"application\/ld+json\" class=\"yoast-schema-graph\">{\"@context\":\"https:\\\/\\\/schema.org\",\"@graph\":[{\"@type\":\"WebPage\",\"@id\":\"https:\\\/\\\/www.sts-education.com\\\/pl\\\/o-sts\\\/kontakt-z-nami\\\/\",\"url\":\"https:\\\/\\\/www.sts-education.com\\\/pl\\\/o-sts\\\/kontakt-z-nami\\\/\",\"name\":\"Skontaktuj si\u0119 z nami tutaj | STS\",\"isPartOf\":{\"@id\":\"https:\\\/\\\/www.sts-education.com\\\/pl\\\/#website\"},\"primaryImageOfPage\":{\"@id\":\"https:\\\/\\\/www.sts-education.com\\\/pl\\\/o-sts\\\/kontakt-z-nami\\\/#primaryimage\"},\"image\":{\"@id\":\"https:\\\/\\\/www.sts-education.com\\\/pl\\\/o-sts\\\/kontakt-z-nami\\\/#primaryimage\"},\"thumbnailUrl\":\"https:\\\/\\\/powered-by.qbank.se\\\/educatius\\\/sts\\\/\\\/d892cfee412f049ca3da7ada13bcf9ff_1-1-thumb.webp\",\"datePublished\":\"2025-12-16T10:25:18+00:00\",\"dateModified\":\"2026-04-01T01:36:38+00:00\",\"description\":\"Je\u015bli masz pytania dotycz\u0105ce studiowania za granic\u0105, zawsze mo\u017cesz si\u0119 z nami skontaktowa\u0107. Ch\u0119tnie pomo\u017cemy i odpowiemy na wszystkie pytania.\",\"breadcrumb\":{\"@id\":\"https:\\\/\\\/www.sts-education.com\\\/pl\\\/o-sts\\\/kontakt-z-nami\\\/#breadcrumb\"},\"inLanguage\":\"pl-PL\",\"potentialAction\":[{\"@type\":\"ReadAction\",\"target\":[\"https:\\\/\\\/www.sts-education.com\\\/pl\\\/o-sts\\\/kontakt-z-nami\\\/\"]}]},{\"@type\":\"ImageObject\",\"inLanguage\":\"pl-PL\",\"@id\":\"https:\\\/\\\/www.sts-education.com\\\/pl\\\/o-sts\\\/kontakt-z-nami\\\/#primaryimage\",\"url\":\"https:\\\/\\\/powered-by.qbank.se\\\/educatius\\\/sts\\\/\\\/d892cfee412f049ca3da7ada13bcf9ff_1-1-thumb.webp\",\"contentUrl\":\"https:\\\/\\\/powered-by.qbank.se\\\/educatius\\\/sts\\\/\\\/d892cfee412f049ca3da7ada13bcf9ff_1-1-thumb.webp\",\"width\":150,\"height\":150},{\"@type\":\"BreadcrumbList\",\"@id\":\"https:\\\/\\\/www.sts-education.com\\\/pl\\\/o-sts\\\/kontakt-z-nami\\\/#breadcrumb\",\"itemListElement\":[{\"@type\":\"ListItem\",\"position\":1,\"name\":\"Home\",\"item\":\"https:\\\/\\\/www.sts-education.com\\\/pl\\\/\"},{\"@type\":\"ListItem\",\"position\":2,\"name\":\"O Sts\",\"item\":\"https:\\\/\\\/www.sts-education.com\\\/pl\\\/o-sts\\\/\"},{\"@type\":\"ListItem\",\"position\":3,\"name\":\"Kontakt Z Nami\"}]},{\"@type\":\"WebSite\",\"@id\":\"https:\\\/\\\/www.sts-education.com\\\/pl\\\/#website\",\"url\":\"https:\\\/\\\/www.sts-education.com\\\/pl\\\/\",\"name\":\"STS Education\",\"description\":\"\",\"potentialAction\":[{\"@type\":\"SearchAction\",\"target\":{\"@type\":\"EntryPoint\",\"urlTemplate\":\"https:\\\/\\\/www.sts-education.com\\\/pl\\\/?s={search_term_string}\"},\"query-input\":{\"@type\":\"PropertyValueSpecification\",\"valueRequired\":true,\"valueName\":\"search_term_string\"}}],\"inLanguage\":\"pl-PL\"}]}<\/script>\n<!-- \/ Yoast SEO Premium plugin. -->","yoast_head_json":{"title":"Skontaktuj si\u0119 z nami tutaj | STS","description":"Je\u015bli masz pytania dotycz\u0105ce studiowania za granic\u0105, zawsze mo\u017cesz si\u0119 z nami skontaktowa\u0107. Ch\u0119tnie pomo\u017cemy i odpowiemy na wszystkie pytania.","robots":{"index":"index","follow":"follow","max-snippet":"max-snippet:-1","max-image-preview":"max-image-preview:large","max-video-preview":"max-video-preview:-1"},"canonical":"https:\/\/www.sts-education.com\/pl\/o-sts\/kontakt-z-nami\/","og_locale":"pl_PL","og_type":"article","og_title":"Kontakt Z Nami","og_description":"Je\u015bli masz pytania dotycz\u0105ce studiowania za granic\u0105, zawsze mo\u017cesz si\u0119 z nami skontaktowa\u0107. Ch\u0119tnie pomo\u017cemy i odpowiemy na wszystkie pytania.","og_url":"https:\/\/www.sts-education.com\/pl\/o-sts\/kontakt-z-nami\/","og_site_name":"STS Education","article_modified_time":"2026-04-01T01:36:38+00:00","og_image":[{"width":150,"height":150,"url":"https:\/\/powered-by.qbank.se\/educatius\/sts\/\/d892cfee412f049ca3da7ada13bcf9ff_1-1-thumb.webp","type":"image\/jpeg"}],"twitter_card":"summary_large_image","schema":{"@context":"https:\/\/schema.org","@graph":[{"@type":"WebPage","@id":"https:\/\/www.sts-education.com\/pl\/o-sts\/kontakt-z-nami\/","url":"https:\/\/www.sts-education.com\/pl\/o-sts\/kontakt-z-nami\/","name":"Skontaktuj si\u0119 z nami tutaj | STS","isPartOf":{"@id":"https:\/\/www.sts-education.com\/pl\/#website"},"primaryImageOfPage":{"@id":"https:\/\/www.sts-education.com\/pl\/o-sts\/kontakt-z-nami\/#primaryimage"},"image":{"@id":"https:\/\/www.sts-education.com\/pl\/o-sts\/kontakt-z-nami\/#primaryimage"},"thumbnailUrl":"https:\/\/powered-by.qbank.se\/educatius\/sts\/\/d892cfee412f049ca3da7ada13bcf9ff_1-1-thumb.webp","datePublished":"2025-12-16T10:25:18+00:00","dateModified":"2026-04-01T01:36:38+00:00","description":"Je\u015bli masz pytania dotycz\u0105ce studiowania za granic\u0105, zawsze mo\u017cesz si\u0119 z nami skontaktowa\u0107. Ch\u0119tnie pomo\u017cemy i odpowiemy na wszystkie pytania.","breadcrumb":{"@id":"https:\/\/www.sts-education.com\/pl\/o-sts\/kontakt-z-nami\/#breadcrumb"},"inLanguage":"pl-PL","potentialAction":[{"@type":"ReadAction","target":["https:\/\/www.sts-education.com\/pl\/o-sts\/kontakt-z-nami\/"]}]},{"@type":"ImageObject","inLanguage":"pl-PL","@id":"https:\/\/www.sts-education.com\/pl\/o-sts\/kontakt-z-nami\/#primaryimage","url":"https:\/\/powered-by.qbank.se\/educatius\/sts\/\/d892cfee412f049ca3da7ada13bcf9ff_1-1-thumb.webp","contentUrl":"https:\/\/powered-by.qbank.se\/educatius\/sts\/\/d892cfee412f049ca3da7ada13bcf9ff_1-1-thumb.webp","width":150,"height":150},{"@type":"BreadcrumbList","@id":"https:\/\/www.sts-education.com\/pl\/o-sts\/kontakt-z-nami\/#breadcrumb","itemListElement":[{"@type":"ListItem","position":1,"name":"Home","item":"https:\/\/www.sts-education.com\/pl\/"},{"@type":"ListItem","position":2,"name":"O Sts","item":"https:\/\/www.sts-education.com\/pl\/o-sts\/"},{"@type":"ListItem","position":3,"name":"Kontakt Z Nami"}]},{"@type":"WebSite","@id":"https:\/\/www.sts-education.com\/pl\/#website","url":"https:\/\/www.sts-education.com\/pl\/","name":"STS Education","description":"","potentialAction":[{"@type":"SearchAction","target":{"@type":"EntryPoint","urlTemplate":"https:\/\/www.sts-education.com\/pl\/?s={search_term_string}"},"query-input":{"@type":"PropertyValueSpecification","valueRequired":true,"valueName":"search_term_string"}}],"inLanguage":"pl-PL"}]}},"_links":{"self":[{"href":"https:\/\/www.sts-education.com\/pl\/wp-json\/wp\/v2\/pages\/10154","targetHints":{"allow":["GET"]}}],"collection":[{"href":"https:\/\/www.sts-education.com\/pl\/wp-json\/wp\/v2\/pages"}],"about":[{"href":"https:\/\/www.sts-education.com\/pl\/wp-json\/wp\/v2\/types\/page"}],"author":[{"embeddable":true,"href":"https:\/\/www.sts-education.com\/pl\/wp-json\/wp\/v2\/users\/20"}],"replies":[{"embeddable":true,"href":"https:\/\/www.sts-education.com\/pl\/wp-json\/wp\/v2\/comments?post=10154"}],"version-history":[{"count":2,"href":"https:\/\/www.sts-education.com\/pl\/wp-json\/wp\/v2\/pages\/10154\/revisions"}],"predecessor-version":[{"id":20311,"href":"https:\/\/www.sts-education.com\/pl\/wp-json\/wp\/v2\/pages\/10154\/revisions\/20311"}],"up":[{"embeddable":true,"href":"https:\/\/www.sts-education.com\/pl\/wp-json\/wp\/v2\/pages\/10149"}],"wp:featuredmedia":[{"embeddable":true,"href":"https:\/\/www.sts-education.com\/pl\/wp-json\/wp\/v2\/media\/16073"}],"wp:attachment":[{"href":"https:\/\/www.sts-education.com\/pl\/wp-json\/wp\/v2\/media?parent=10154"}],"wp:term":[{"taxonomy":"wpw_page_folders","embeddable":true,"href":"https:\/\/www.sts-education.com\/pl\/wp-json\/wp\/v2\/wpw_page_folders?post=10154"}],"curies":[{"name":"wp","href":"https:\/\/api.w.org\/{rel}","templated":true}]}}