{"id":10155,"date":"2025-12-16T10:22:28","date_gmt":"2025-12-16T10:22:28","guid":{"rendered":"https:\/\/preprod.sts-education.com\/o-sts\/zrownowazony-rozwoj\/"},"modified":"2026-04-01T01:35:00","modified_gmt":"2026-04-01T01:35:00","slug":"zrownowazony-rozwoj","status":"publish","type":"page","link":"https:\/\/www.sts-education.com\/pl\/o-sts\/zrownowazony-rozwoj\/","title":{"rendered":"Zrownowazony Rozwoj"},"content":{"rendered":"\n<section class=\"wp-block-sts-hero sts-block-hero is-variant-full-background has-text-light has-background-media\" style=\"--sts-hero-padding-mobile:0px;--sts-hero-padding-desktop:0px;--sts-hero-text-color:var(--wp--preset--color--base-10, #fff);\" data-variant=\"full-background\"><div class=\"sts-block-hero__background\"><picture class=\"sts-responsive-image has-fit-cover is-skeleton\"><img src=\"https:\/\/cdn.sts-education.com\/13746_hero_lg_xl.jpg\" alt=\"Globalny wp\u0142yw\" loading=\"lazy\" decoding=\"async\" fetchpriority=\"low\" sizes=\"100vw\" \/><\/picture><span class=\"sts-block-hero__overlay\" aria-hidden=\"true\"><\/span><\/div><div class=\"sts-block-hero__inner\"><div class=\"sts-block-hero__content has-align-center\"><div class=\"sts-block-hero__content-inner\"><h1 class=\"sts-block-hero__heading\">Globalny wp\u0142yw<\/h1><\/div><\/div><\/div><\/section>\n\n\n\n<div class=\"wp-block-sts-text sts-text-editor has-max-width-md\"><div class=\"sts-text-editor__content\"><div class=\"sts-text-editor__content-inner\">\n<h2>STS &amp; Aiducatius<\/h2>\n\n<p>Twoje do\u015bwiadczenie z wymiany mo\u017ce naprawd\u0119 co\u015b zmieni\u0107! Podr\u00f3\u017cuj\u0105c z STS, nie tylko wyje\u017cd\u017casz za granic\u0119. Stajesz si\u0119 cz\u0119\u015bci\u0105 projektu, kt\u00f3ry pomaga dzieciom, kt\u00f3re w innym przypadku nie mia\u0142yby dost\u0119pu do edukacji, wspiera lokalne spo\u0142eczno\u015bci i \u015brodowisko. Jako cz\u0119\u015b\u0107 Educatius Group, STS wspiera Aiducatius, inicjatyw\u0119 non-profit, kt\u00f3ra finansuje znacz\u0105ce projekty w Gambii i Tanzanii. Ka\u017cdy ucze\u0144 programu wymiany STS pomaga wspiera\u0107 te inicjatywy. Niezale\u017cnie od tego, czy zdajesz sobie z tego spraw\u0119, czy nie, jeste\u015b cz\u0119\u015bci\u0105 czego\u015b wi\u0119kszego, czego\u015b, co pomaga tworzy\u0107 mo\u017cliwo\u015bci i nadziej\u0119 dla innych.<\/p>\n\n<h2>Szko\u0142a \u015bw. Marcina w Gambii<\/h2>\n\n<p>W wiejskiej nadmorskiej miejscowo\u015bci Kartong szko\u0142a \u015bw. Marcina obs\u0142uguje ponad 1500 uczni\u00f3w z okolicznych region\u00f3w. Czesne jest bezp\u0142atne, ale wiele rodzin nadal boryka si\u0119 z podstawowymi kosztami, takimi jak ksi\u0105\u017cki, mundurki, przybory szkolne, a nawet buty. Aiducatius pomaga usun\u0105\u0107 bariery finansowe. Ka\u017cdego roku setki uczni\u00f3w otrzymuj\u0105 przybory potrzebne do kontynuowania nauki. Dzi\u0119ki temu dziecko mo\u017ce kontynuowa\u0107 nauk\u0119 zamiast zostawa\u0107 w domu. Rodzice mog\u0105 te\u017c oszcz\u0119dza\u0107 na studia zamiast martwi\u0107 si\u0119 o bie\u017c\u0105ce wydatki.<\/p>\n\n<h2>Centrum Rehabilitacji Dzieci Gabriella, Tanzania<\/h2>\n\n<p>U podn\u00f3\u017ca Kilimand\u017caro Centrum Rehabilitacji Dzieci Gabriella daje dzieciom z niepe\u0142nosprawno\u015bciami szans\u0119 na nauk\u0119, wniesienie wk\u0142adu i osi\u0105gni\u0119cie niezale\u017cno\u015bci. Bez tej szko\u0142y wiele z nich zosta\u0142oby ca\u0142kowicie wykluczonych ze spo\u0142ecze\u0144stwa i nara\u017conych na przemoc i zaniedbanie. Uczniowie s\u0105 kierowani na spersonalizowane \u015bcie\u017cki \u2013 niekt\u00f3re akademickie, inne zawodowe. Ucz\u0105 si\u0119 pieczenia, ogrodnictwa, budowania, hodowli zwierz\u0105t, a nawet produkcji towar\u00f3w, kt\u00f3re pomagaj\u0105 finansowa\u0107 dzia\u0142alno\u015b\u0107 o\u015brodka. Aiducatius wspiera wynagrodzenia nauczycieli i pomaga rozszerza\u0107 programy, kt\u00f3re s\u0105 obecnie badane i udost\u0119pniane przez nauczycieli rz\u0105dowych w ca\u0142ej Tanzanii.<\/p>\n\n<h2>Sadzenie i ochrona drzew, Tanzania<\/h2>\n\n<p>Studia za granic\u0105 oznaczaj\u0105 podr\u00f3\u017ce, a podr\u00f3\u017ce wi\u0105\u017c\u0105 si\u0119 z emisj\u0105 dwutlenku w\u0119gla. Od 2009 roku Aiducatius wspiera lokalne grupy ekologiczne w Biharamulo, w p\u00f3\u0142nocno-zachodniej Tanzanii, w sadzeniu setek tysi\u0119cy drzew. Przywraca to lasy, chroni \u017ar\u00f3d\u0142a wody i szkoli m\u0142odych ludzi w zakresie budowania \u015brodk\u00f3w do \u017cycia w zr\u00f3wnowa\u017conym le\u015bnictwie. Inicjatywy te poprawiaj\u0105 r\u00f3wnie\u017c zdrowie i ograniczaj\u0105 wylesianie poprzez wprowadzenie energooszcz\u0119dnych piec\u00f3w kuchennych, kt\u00f3re s\u0105 obecnie u\u017cywane w domach i szko\u0142ach w ca\u0142ym regionie. Inicjatywa ta chroni ekosystemy i stwarza mo\u017cliwo\u015bci ekonomiczne dla lokalnych spo\u0142eczno\u015bci.<\/p>\n\n<h2>The Aiducatius Creativity Internship<\/h2>\n\n<p>Ka\u017cdego roku Educatius organizuje globalny konkurs dla student\u00f3w, absolwent\u00f3w, rodzin goszcz\u0105cych, nauczycieli i pracownik\u00f3w, kt\u00f3rzy mog\u0105 ubiega\u0107 si\u0119 o dwutygodniowy sta\u017c kreatywny w szkole St. Martin&#8217;s School w Gambii. Zwyci\u0119zcy projektuj\u0105 i prowadz\u0105 warsztaty z zakresu sztuki, opowiadania historii lub muzyki oraz wsp\u00f3\u0142pracuj\u0105 z lokalnymi nauczycielami nad projektami wspieraj\u0105cymi t\u0119 wyj\u0105tkow\u0105 wymian\u0119 edukacyjn\u0105. Pomagaj\u0105 r\u00f3wnie\u017c w zbieraniu darowizn, takich jak ksi\u0105\u017cki, artyku\u0142y higieniczne i materia\u0142y szkolne.<\/p>\n<\/div><\/div><\/div>\n\n","protected":false},"excerpt":{"rendered":"","protected":false},"author":20,"featured_media":16077,"parent":10149,"menu_order":0,"comment_status":"closed","ping_status":"closed","template":"templates\/template-default-with-breadcrumbs.php","meta":{"_acf_changed":false,"sts_page_background_color":"","footnotes":""},"wpw_page_folders":[77],"class_list":["post-10155","page","type-page","status-publish","has-post-thumbnail","hentry"],"acf":[],"yoast_head":"<!-- This site is optimized with the Yoast SEO Premium plugin v27.2 (Yoast SEO v27.3) - https:\/\/yoast.com\/product\/yoast-seo-premium-wordpress\/ -->\n<title>Globalny wp\u0142yw<\/title>\n<meta name=\"description\" content=\"Podr\u00f3\u017cuj\u0105c z STS, nie tylko wyje\u017cd\u017casz za granic\u0119. Stajesz si\u0119 cz\u0119\u015bci\u0105 projektu, kt\u00f3ry pomaga dzieciom, kt\u00f3re w innym przypadku nie mia\u0142yby dost\u0119pu do edukacji, wspiera lokalne spo\u0142eczno\u015bci i \u015brodowisko.\" \/>\n<meta name=\"robots\" content=\"index, follow, max-snippet:-1, max-image-preview:large, max-video-preview:-1\" \/>\n<link rel=\"canonical\" href=\"https:\/\/www.sts-education.com\/pl\/o-sts\/zrownowazony-rozwoj\/\" \/>\n<meta property=\"og:locale\" content=\"pl_PL\" \/>\n<meta property=\"og:type\" content=\"article\" \/>\n<meta property=\"og:title\" content=\"Zrownowazony Rozwoj\" \/>\n<meta property=\"og:description\" content=\"Podr\u00f3\u017cuj\u0105c z STS, nie tylko wyje\u017cd\u017casz za granic\u0119. Stajesz si\u0119 cz\u0119\u015bci\u0105 projektu, kt\u00f3ry pomaga dzieciom, kt\u00f3re w innym przypadku nie mia\u0142yby dost\u0119pu do edukacji, wspiera lokalne spo\u0142eczno\u015bci i \u015brodowisko.\" \/>\n<meta property=\"og:url\" content=\"https:\/\/www.sts-education.com\/pl\/o-sts\/zrownowazony-rozwoj\/\" \/>\n<meta property=\"og:site_name\" content=\"STS Education\" \/>\n<meta property=\"article:modified_time\" content=\"2026-04-01T01:35:00+00:00\" \/>\n<meta property=\"og:image\" content=\"https:\/\/powered-by.qbank.se\/educatius\/sts\/\/3d1ea4feabe1e0e42df6e0c9e599fe93_1-1-thumb.webp\" \/>\n\t<meta property=\"og:image:width\" content=\"150\" \/>\n\t<meta property=\"og:image:height\" content=\"150\" \/>\n\t<meta property=\"og:image:type\" content=\"image\/jpeg\" \/>\n<meta name=\"twitter:card\" content=\"summary_large_image\" \/>\n<meta name=\"twitter:label1\" content=\"Szacowany czas czytania\" \/>\n\t<meta name=\"twitter:data1\" content=\"3 minuty\" \/>\n<script type=\"application\/ld+json\" class=\"yoast-schema-graph\">{\"@context\":\"https:\\\/\\\/schema.org\",\"@graph\":[{\"@type\":\"WebPage\",\"@id\":\"https:\\\/\\\/www.sts-education.com\\\/pl\\\/o-sts\\\/zrownowazony-rozwoj\\\/\",\"url\":\"https:\\\/\\\/www.sts-education.com\\\/pl\\\/o-sts\\\/zrownowazony-rozwoj\\\/\",\"name\":\"Globalny wp\u0142yw\",\"isPartOf\":{\"@id\":\"https:\\\/\\\/www.sts-education.com\\\/pl\\\/#website\"},\"primaryImageOfPage\":{\"@id\":\"https:\\\/\\\/www.sts-education.com\\\/pl\\\/o-sts\\\/zrownowazony-rozwoj\\\/#primaryimage\"},\"image\":{\"@id\":\"https:\\\/\\\/www.sts-education.com\\\/pl\\\/o-sts\\\/zrownowazony-rozwoj\\\/#primaryimage\"},\"thumbnailUrl\":\"https:\\\/\\\/powered-by.qbank.se\\\/educatius\\\/sts\\\/\\\/3d1ea4feabe1e0e42df6e0c9e599fe93_1-1-thumb.webp\",\"datePublished\":\"2025-12-16T10:22:28+00:00\",\"dateModified\":\"2026-04-01T01:35:00+00:00\",\"description\":\"Podr\u00f3\u017cuj\u0105c z STS, nie tylko wyje\u017cd\u017casz za granic\u0119. Stajesz si\u0119 cz\u0119\u015bci\u0105 projektu, kt\u00f3ry pomaga dzieciom, kt\u00f3re w innym przypadku nie mia\u0142yby dost\u0119pu do edukacji, wspiera lokalne spo\u0142eczno\u015bci i \u015brodowisko.\",\"breadcrumb\":{\"@id\":\"https:\\\/\\\/www.sts-education.com\\\/pl\\\/o-sts\\\/zrownowazony-rozwoj\\\/#breadcrumb\"},\"inLanguage\":\"pl-PL\",\"potentialAction\":[{\"@type\":\"ReadAction\",\"target\":[\"https:\\\/\\\/www.sts-education.com\\\/pl\\\/o-sts\\\/zrownowazony-rozwoj\\\/\"]}]},{\"@type\":\"ImageObject\",\"inLanguage\":\"pl-PL\",\"@id\":\"https:\\\/\\\/www.sts-education.com\\\/pl\\\/o-sts\\\/zrownowazony-rozwoj\\\/#primaryimage\",\"url\":\"https:\\\/\\\/powered-by.qbank.se\\\/educatius\\\/sts\\\/\\\/3d1ea4feabe1e0e42df6e0c9e599fe93_1-1-thumb.webp\",\"contentUrl\":\"https:\\\/\\\/powered-by.qbank.se\\\/educatius\\\/sts\\\/\\\/3d1ea4feabe1e0e42df6e0c9e599fe93_1-1-thumb.webp\",\"width\":150,\"height\":150},{\"@type\":\"BreadcrumbList\",\"@id\":\"https:\\\/\\\/www.sts-education.com\\\/pl\\\/o-sts\\\/zrownowazony-rozwoj\\\/#breadcrumb\",\"itemListElement\":[{\"@type\":\"ListItem\",\"position\":1,\"name\":\"Home\",\"item\":\"https:\\\/\\\/www.sts-education.com\\\/pl\\\/\"},{\"@type\":\"ListItem\",\"position\":2,\"name\":\"O Sts\",\"item\":\"https:\\\/\\\/www.sts-education.com\\\/pl\\\/o-sts\\\/\"},{\"@type\":\"ListItem\",\"position\":3,\"name\":\"Zrownowazony Rozwoj\"}]},{\"@type\":\"WebSite\",\"@id\":\"https:\\\/\\\/www.sts-education.com\\\/pl\\\/#website\",\"url\":\"https:\\\/\\\/www.sts-education.com\\\/pl\\\/\",\"name\":\"STS Education\",\"description\":\"\",\"potentialAction\":[{\"@type\":\"SearchAction\",\"target\":{\"@type\":\"EntryPoint\",\"urlTemplate\":\"https:\\\/\\\/www.sts-education.com\\\/pl\\\/?s={search_term_string}\"},\"query-input\":{\"@type\":\"PropertyValueSpecification\",\"valueRequired\":true,\"valueName\":\"search_term_string\"}}],\"inLanguage\":\"pl-PL\"}]}<\/script>\n<!-- \/ Yoast SEO Premium plugin. -->","yoast_head_json":{"title":"Globalny wp\u0142yw","description":"Podr\u00f3\u017cuj\u0105c z STS, nie tylko wyje\u017cd\u017casz za granic\u0119. Stajesz si\u0119 cz\u0119\u015bci\u0105 projektu, kt\u00f3ry pomaga dzieciom, kt\u00f3re w innym przypadku nie mia\u0142yby dost\u0119pu do edukacji, wspiera lokalne spo\u0142eczno\u015bci i \u015brodowisko.","robots":{"index":"index","follow":"follow","max-snippet":"max-snippet:-1","max-image-preview":"max-image-preview:large","max-video-preview":"max-video-preview:-1"},"canonical":"https:\/\/www.sts-education.com\/pl\/o-sts\/zrownowazony-rozwoj\/","og_locale":"pl_PL","og_type":"article","og_title":"Zrownowazony Rozwoj","og_description":"Podr\u00f3\u017cuj\u0105c z STS, nie tylko wyje\u017cd\u017casz za granic\u0119. Stajesz si\u0119 cz\u0119\u015bci\u0105 projektu, kt\u00f3ry pomaga dzieciom, kt\u00f3re w innym przypadku nie mia\u0142yby dost\u0119pu do edukacji, wspiera lokalne spo\u0142eczno\u015bci i \u015brodowisko.","og_url":"https:\/\/www.sts-education.com\/pl\/o-sts\/zrownowazony-rozwoj\/","og_site_name":"STS Education","article_modified_time":"2026-04-01T01:35:00+00:00","og_image":[{"width":150,"height":150,"url":"https:\/\/powered-by.qbank.se\/educatius\/sts\/\/3d1ea4feabe1e0e42df6e0c9e599fe93_1-1-thumb.webp","type":"image\/jpeg"}],"twitter_card":"summary_large_image","twitter_misc":{"Szacowany czas czytania":"3 minuty"},"schema":{"@context":"https:\/\/schema.org","@graph":[{"@type":"WebPage","@id":"https:\/\/www.sts-education.com\/pl\/o-sts\/zrownowazony-rozwoj\/","url":"https:\/\/www.sts-education.com\/pl\/o-sts\/zrownowazony-rozwoj\/","name":"Globalny wp\u0142yw","isPartOf":{"@id":"https:\/\/www.sts-education.com\/pl\/#website"},"primaryImageOfPage":{"@id":"https:\/\/www.sts-education.com\/pl\/o-sts\/zrownowazony-rozwoj\/#primaryimage"},"image":{"@id":"https:\/\/www.sts-education.com\/pl\/o-sts\/zrownowazony-rozwoj\/#primaryimage"},"thumbnailUrl":"https:\/\/powered-by.qbank.se\/educatius\/sts\/\/3d1ea4feabe1e0e42df6e0c9e599fe93_1-1-thumb.webp","datePublished":"2025-12-16T10:22:28+00:00","dateModified":"2026-04-01T01:35:00+00:00","description":"Podr\u00f3\u017cuj\u0105c z STS, nie tylko wyje\u017cd\u017casz za granic\u0119. Stajesz si\u0119 cz\u0119\u015bci\u0105 projektu, kt\u00f3ry pomaga dzieciom, kt\u00f3re w innym przypadku nie mia\u0142yby dost\u0119pu do edukacji, wspiera lokalne spo\u0142eczno\u015bci i \u015brodowisko.","breadcrumb":{"@id":"https:\/\/www.sts-education.com\/pl\/o-sts\/zrownowazony-rozwoj\/#breadcrumb"},"inLanguage":"pl-PL","potentialAction":[{"@type":"ReadAction","target":["https:\/\/www.sts-education.com\/pl\/o-sts\/zrownowazony-rozwoj\/"]}]},{"@type":"ImageObject","inLanguage":"pl-PL","@id":"https:\/\/www.sts-education.com\/pl\/o-sts\/zrownowazony-rozwoj\/#primaryimage","url":"https:\/\/powered-by.qbank.se\/educatius\/sts\/\/3d1ea4feabe1e0e42df6e0c9e599fe93_1-1-thumb.webp","contentUrl":"https:\/\/powered-by.qbank.se\/educatius\/sts\/\/3d1ea4feabe1e0e42df6e0c9e599fe93_1-1-thumb.webp","width":150,"height":150},{"@type":"BreadcrumbList","@id":"https:\/\/www.sts-education.com\/pl\/o-sts\/zrownowazony-rozwoj\/#breadcrumb","itemListElement":[{"@type":"ListItem","position":1,"name":"Home","item":"https:\/\/www.sts-education.com\/pl\/"},{"@type":"ListItem","position":2,"name":"O Sts","item":"https:\/\/www.sts-education.com\/pl\/o-sts\/"},{"@type":"ListItem","position":3,"name":"Zrownowazony Rozwoj"}]},{"@type":"WebSite","@id":"https:\/\/www.sts-education.com\/pl\/#website","url":"https:\/\/www.sts-education.com\/pl\/","name":"STS Education","description":"","potentialAction":[{"@type":"SearchAction","target":{"@type":"EntryPoint","urlTemplate":"https:\/\/www.sts-education.com\/pl\/?s={search_term_string}"},"query-input":{"@type":"PropertyValueSpecification","valueRequired":true,"valueName":"search_term_string"}}],"inLanguage":"pl-PL"}]}},"_links":{"self":[{"href":"https:\/\/www.sts-education.com\/pl\/wp-json\/wp\/v2\/pages\/10155","targetHints":{"allow":["GET"]}}],"collection":[{"href":"https:\/\/www.sts-education.com\/pl\/wp-json\/wp\/v2\/pages"}],"about":[{"href":"https:\/\/www.sts-education.com\/pl\/wp-json\/wp\/v2\/types\/page"}],"author":[{"embeddable":true,"href":"https:\/\/www.sts-education.com\/pl\/wp-json\/wp\/v2\/users\/20"}],"replies":[{"embeddable":true,"href":"https:\/\/www.sts-education.com\/pl\/wp-json\/wp\/v2\/comments?post=10155"}],"version-history":[{"count":2,"href":"https:\/\/www.sts-education.com\/pl\/wp-json\/wp\/v2\/pages\/10155\/revisions"}],"predecessor-version":[{"id":20275,"href":"https:\/\/www.sts-education.com\/pl\/wp-json\/wp\/v2\/pages\/10155\/revisions\/20275"}],"up":[{"embeddable":true,"href":"https:\/\/www.sts-education.com\/pl\/wp-json\/wp\/v2\/pages\/10149"}],"wp:featuredmedia":[{"embeddable":true,"href":"https:\/\/www.sts-education.com\/pl\/wp-json\/wp\/v2\/media\/16077"}],"wp:attachment":[{"href":"https:\/\/www.sts-education.com\/pl\/wp-json\/wp\/v2\/media?parent=10155"}],"wp:term":[{"taxonomy":"wpw_page_folders","embeddable":true,"href":"https:\/\/www.sts-education.com\/pl\/wp-json\/wp\/v2\/wpw_page_folders?post=10155"}],"curies":[{"name":"wp","href":"https:\/\/api.w.org\/{rel}","templated":true}]}}