{"id":10156,"date":"2025-12-16T10:17:46","date_gmt":"2025-12-16T10:17:46","guid":{"rendered":"https:\/\/preprod.sts-education.com\/szkola-srednia\/fakty-i-informacje-o-cenach\/"},"modified":"2026-04-14T09:58:39","modified_gmt":"2026-04-14T09:58:39","slug":"fakty-i-informacje-o-cenach","status":"publish","type":"page","link":"https:\/\/www.sts-education.com\/pl\/szkola-srednia\/fakty-i-informacje-o-cenach\/","title":{"rendered":"Fakty I Informacje O Cenach"},"content":{"rendered":"\n<section class=\"wp-block-sts-hero sts-block-hero is-variant-full-background has-text-light has-background-media\" style=\"--sts-hero-padding-mobile:0px;--sts-hero-padding-desktop:0px;--sts-hero-text-color:var(--wp--preset--color--base-10, #fff);\" data-variant=\"full-background\"><div class=\"sts-block-hero__background\"><picture class=\"sts-responsive-image has-fit-cover is-skeleton\"><img src=\"https:\/\/cdn.sts-education.com\/12566_hero_lg_xl.jpg\" alt=\"Fakty i informacje o cenach\" loading=\"lazy\" decoding=\"async\" fetchpriority=\"low\" sizes=\"100vw\" \/><\/picture><span class=\"sts-block-hero__overlay\" aria-hidden=\"true\"><\/span><\/div><div class=\"sts-block-hero__inner\"><div class=\"sts-block-hero__content has-align-center\"><div class=\"sts-block-hero__content-inner\"><h1 class=\"sts-block-hero__heading\">Fakty i informacje o cenach<\/h1><\/div><\/div><\/div><\/section>\n\n\n\n<div class=\"wp-block-sts-text sts-text-editor has-max-width-md\"><div class=\"sts-text-editor__content\"><div class=\"sts-text-editor__content-inner\">\n<p>Rok wymiany w szkole \u015bredniej wi\u0105\u017ce si\u0119 z przygotowaniami, kt\u00f3re cz\u0119sto obejmuj\u0105 kwestie finansowe. Ile kosztuje rok za granic\u0105? Jak mog\u0119 zap\u0142aci\u0107? Co jest wliczone w cen\u0119? Czy s\u0105 jakie\u015b opcje, kt\u00f3re mog\u0119 doda\u0107 i o czym powinienem pami\u0119ta\u0107 jako rodzic? Ale nie martw si\u0119, jeste\u015bmy tutaj, aby Ci pom\u00f3c! Wyja\u015bnimy Ci wszystko i upewnimy si\u0119, \u017ce rozumiesz, jak to dzia\u0142a.<\/p>\n\n<p>Wszystkie pytania s\u0105 mile widziane. Zawsze <a href=\"https:\/\/www.sts-education.com\/pl\/o-sts\/kontakt-z-nami\/\">mo\u017cesz si\u0119 z nami<\/a> skontaktowa\u0107, a my ch\u0119tnie Ci pomo\u017cemy.<\/p>\n<\/div><\/div><\/div>\n","protected":false},"excerpt":{"rendered":"","protected":false},"author":20,"featured_media":0,"parent":5376,"menu_order":0,"comment_status":"closed","ping_status":"closed","template":"templates\/template-default-with-breadcrumbs.php","meta":{"_acf_changed":false,"sts_page_background_color":"","footnotes":""},"wpw_page_folders":[86],"class_list":["post-10156","page","type-page","status-publish","hentry"],"acf":[],"yoast_head":"<!-- This site is optimized with the Yoast SEO Premium plugin v27.2 (Yoast SEO v27.3) - https:\/\/yoast.com\/product\/yoast-seo-premium-wordpress\/ -->\n<title>Fakty i informacje o cenach za rok wymiany mo\u017cna znale\u017a\u0107 tutaj | STS<\/title>\n<meta name=\"description\" content=\"Tutaj mo\u017cesz przeczyta\u0107 wi\u0119cej o naszych informacjach o cenach i przydatnych szczeg\u00f3\u0142ach dotycz\u0105cych roku wymiany. Jeste\u015bmy tutaj, aby Ci pom\u00f3c.\" \/>\n<meta name=\"robots\" content=\"index, follow, max-snippet:-1, max-image-preview:large, max-video-preview:-1\" \/>\n<link rel=\"canonical\" href=\"https:\/\/www.sts-education.com\/pl\/szkola-srednia\/fakty-i-informacje-o-cenach\/\" \/>\n<meta property=\"og:locale\" content=\"pl_PL\" \/>\n<meta property=\"og:type\" content=\"article\" \/>\n<meta property=\"og:title\" content=\"Fakty I Informacje O Cenach\" \/>\n<meta property=\"og:description\" content=\"Tutaj mo\u017cesz przeczyta\u0107 wi\u0119cej o naszych informacjach o cenach i przydatnych szczeg\u00f3\u0142ach dotycz\u0105cych roku wymiany. Jeste\u015bmy tutaj, aby Ci pom\u00f3c.\" \/>\n<meta property=\"og:url\" content=\"https:\/\/www.sts-education.com\/pl\/szkola-srednia\/fakty-i-informacje-o-cenach\/\" \/>\n<meta property=\"og:site_name\" content=\"STS Education\" \/>\n<meta property=\"article:modified_time\" content=\"2026-04-14T09:58:39+00:00\" \/>\n<meta property=\"og:image\" content=\"https:\/\/cdn.sts-education.com\/12566_hero_lg_xl.jpg\" \/>\n<meta name=\"twitter:card\" content=\"summary_large_image\" \/>\n<script type=\"application\/ld+json\" class=\"yoast-schema-graph\">{\"@context\":\"https:\\\/\\\/schema.org\",\"@graph\":[{\"@type\":\"WebPage\",\"@id\":\"https:\\\/\\\/www.sts-education.com\\\/pl\\\/szkola-srednia\\\/fakty-i-informacje-o-cenach\\\/\",\"url\":\"https:\\\/\\\/www.sts-education.com\\\/pl\\\/szkola-srednia\\\/fakty-i-informacje-o-cenach\\\/\",\"name\":\"Fakty i informacje o cenach za rok wymiany mo\u017cna znale\u017a\u0107 tutaj | STS\",\"isPartOf\":{\"@id\":\"https:\\\/\\\/www.sts-education.com\\\/pl\\\/#website\"},\"primaryImageOfPage\":{\"@id\":\"https:\\\/\\\/www.sts-education.com\\\/pl\\\/szkola-srednia\\\/fakty-i-informacje-o-cenach\\\/#primaryimage\"},\"image\":{\"@id\":\"https:\\\/\\\/www.sts-education.com\\\/pl\\\/szkola-srednia\\\/fakty-i-informacje-o-cenach\\\/#primaryimage\"},\"thumbnailUrl\":\"https:\\\/\\\/cdn.sts-education.com\\\/12566_hero_lg_xl.jpg\",\"datePublished\":\"2025-12-16T10:17:46+00:00\",\"dateModified\":\"2026-04-14T09:58:39+00:00\",\"description\":\"Tutaj mo\u017cesz przeczyta\u0107 wi\u0119cej o naszych informacjach o cenach i przydatnych szczeg\u00f3\u0142ach dotycz\u0105cych roku wymiany. Jeste\u015bmy tutaj, aby Ci pom\u00f3c.\",\"breadcrumb\":{\"@id\":\"https:\\\/\\\/www.sts-education.com\\\/pl\\\/szkola-srednia\\\/fakty-i-informacje-o-cenach\\\/#breadcrumb\"},\"inLanguage\":\"pl-PL\",\"potentialAction\":[{\"@type\":\"ReadAction\",\"target\":[\"https:\\\/\\\/www.sts-education.com\\\/pl\\\/szkola-srednia\\\/fakty-i-informacje-o-cenach\\\/\"]}]},{\"@type\":\"ImageObject\",\"inLanguage\":\"pl-PL\",\"@id\":\"https:\\\/\\\/www.sts-education.com\\\/pl\\\/szkola-srednia\\\/fakty-i-informacje-o-cenach\\\/#primaryimage\",\"url\":\"https:\\\/\\\/cdn.sts-education.com\\\/12566_hero_lg_xl.jpg\",\"contentUrl\":\"https:\\\/\\\/cdn.sts-education.com\\\/12566_hero_lg_xl.jpg\"},{\"@type\":\"BreadcrumbList\",\"@id\":\"https:\\\/\\\/www.sts-education.com\\\/pl\\\/szkola-srednia\\\/fakty-i-informacje-o-cenach\\\/#breadcrumb\",\"itemListElement\":[{\"@type\":\"ListItem\",\"position\":1,\"name\":\"Home\",\"item\":\"https:\\\/\\\/www.sts-education.com\\\/pl\\\/\"},{\"@type\":\"ListItem\",\"position\":2,\"name\":\"High school\",\"item\":\"https:\\\/\\\/www.sts-education.com\\\/pl\\\/szkola-srednia\\\/\"},{\"@type\":\"ListItem\",\"position\":3,\"name\":\"Fakty I Informacje O Cenach\"}]},{\"@type\":\"WebSite\",\"@id\":\"https:\\\/\\\/www.sts-education.com\\\/pl\\\/#website\",\"url\":\"https:\\\/\\\/www.sts-education.com\\\/pl\\\/\",\"name\":\"STS Education\",\"description\":\"\",\"potentialAction\":[{\"@type\":\"SearchAction\",\"target\":{\"@type\":\"EntryPoint\",\"urlTemplate\":\"https:\\\/\\\/www.sts-education.com\\\/pl\\\/?s={search_term_string}\"},\"query-input\":{\"@type\":\"PropertyValueSpecification\",\"valueRequired\":true,\"valueName\":\"search_term_string\"}}],\"inLanguage\":\"pl-PL\"}]}<\/script>\n<!-- \/ Yoast SEO Premium plugin. -->","yoast_head_json":{"title":"Fakty i informacje o cenach za rok wymiany mo\u017cna znale\u017a\u0107 tutaj | STS","description":"Tutaj mo\u017cesz przeczyta\u0107 wi\u0119cej o naszych informacjach o cenach i przydatnych szczeg\u00f3\u0142ach dotycz\u0105cych roku wymiany. Jeste\u015bmy tutaj, aby Ci pom\u00f3c.","robots":{"index":"index","follow":"follow","max-snippet":"max-snippet:-1","max-image-preview":"max-image-preview:large","max-video-preview":"max-video-preview:-1"},"canonical":"https:\/\/www.sts-education.com\/pl\/szkola-srednia\/fakty-i-informacje-o-cenach\/","og_locale":"pl_PL","og_type":"article","og_title":"Fakty I Informacje O Cenach","og_description":"Tutaj mo\u017cesz przeczyta\u0107 wi\u0119cej o naszych informacjach o cenach i przydatnych szczeg\u00f3\u0142ach dotycz\u0105cych roku wymiany. Jeste\u015bmy tutaj, aby Ci pom\u00f3c.","og_url":"https:\/\/www.sts-education.com\/pl\/szkola-srednia\/fakty-i-informacje-o-cenach\/","og_site_name":"STS Education","article_modified_time":"2026-04-14T09:58:39+00:00","og_image":[{"url":"https:\/\/cdn.sts-education.com\/12566_hero_lg_xl.jpg","type":"","width":"","height":""}],"twitter_card":"summary_large_image","schema":{"@context":"https:\/\/schema.org","@graph":[{"@type":"WebPage","@id":"https:\/\/www.sts-education.com\/pl\/szkola-srednia\/fakty-i-informacje-o-cenach\/","url":"https:\/\/www.sts-education.com\/pl\/szkola-srednia\/fakty-i-informacje-o-cenach\/","name":"Fakty i informacje o cenach za rok wymiany mo\u017cna znale\u017a\u0107 tutaj | STS","isPartOf":{"@id":"https:\/\/www.sts-education.com\/pl\/#website"},"primaryImageOfPage":{"@id":"https:\/\/www.sts-education.com\/pl\/szkola-srednia\/fakty-i-informacje-o-cenach\/#primaryimage"},"image":{"@id":"https:\/\/www.sts-education.com\/pl\/szkola-srednia\/fakty-i-informacje-o-cenach\/#primaryimage"},"thumbnailUrl":"https:\/\/cdn.sts-education.com\/12566_hero_lg_xl.jpg","datePublished":"2025-12-16T10:17:46+00:00","dateModified":"2026-04-14T09:58:39+00:00","description":"Tutaj mo\u017cesz przeczyta\u0107 wi\u0119cej o naszych informacjach o cenach i przydatnych szczeg\u00f3\u0142ach dotycz\u0105cych roku wymiany. Jeste\u015bmy tutaj, aby Ci pom\u00f3c.","breadcrumb":{"@id":"https:\/\/www.sts-education.com\/pl\/szkola-srednia\/fakty-i-informacje-o-cenach\/#breadcrumb"},"inLanguage":"pl-PL","potentialAction":[{"@type":"ReadAction","target":["https:\/\/www.sts-education.com\/pl\/szkola-srednia\/fakty-i-informacje-o-cenach\/"]}]},{"@type":"ImageObject","inLanguage":"pl-PL","@id":"https:\/\/www.sts-education.com\/pl\/szkola-srednia\/fakty-i-informacje-o-cenach\/#primaryimage","url":"https:\/\/cdn.sts-education.com\/12566_hero_lg_xl.jpg","contentUrl":"https:\/\/cdn.sts-education.com\/12566_hero_lg_xl.jpg"},{"@type":"BreadcrumbList","@id":"https:\/\/www.sts-education.com\/pl\/szkola-srednia\/fakty-i-informacje-o-cenach\/#breadcrumb","itemListElement":[{"@type":"ListItem","position":1,"name":"Home","item":"https:\/\/www.sts-education.com\/pl\/"},{"@type":"ListItem","position":2,"name":"High school","item":"https:\/\/www.sts-education.com\/pl\/szkola-srednia\/"},{"@type":"ListItem","position":3,"name":"Fakty I Informacje O Cenach"}]},{"@type":"WebSite","@id":"https:\/\/www.sts-education.com\/pl\/#website","url":"https:\/\/www.sts-education.com\/pl\/","name":"STS Education","description":"","potentialAction":[{"@type":"SearchAction","target":{"@type":"EntryPoint","urlTemplate":"https:\/\/www.sts-education.com\/pl\/?s={search_term_string}"},"query-input":{"@type":"PropertyValueSpecification","valueRequired":true,"valueName":"search_term_string"}}],"inLanguage":"pl-PL"}]}},"_links":{"self":[{"href":"https:\/\/www.sts-education.com\/pl\/wp-json\/wp\/v2\/pages\/10156","targetHints":{"allow":["GET"]}}],"collection":[{"href":"https:\/\/www.sts-education.com\/pl\/wp-json\/wp\/v2\/pages"}],"about":[{"href":"https:\/\/www.sts-education.com\/pl\/wp-json\/wp\/v2\/types\/page"}],"author":[{"embeddable":true,"href":"https:\/\/www.sts-education.com\/pl\/wp-json\/wp\/v2\/users\/20"}],"replies":[{"embeddable":true,"href":"https:\/\/www.sts-education.com\/pl\/wp-json\/wp\/v2\/comments?post=10156"}],"version-history":[{"count":4,"href":"https:\/\/www.sts-education.com\/pl\/wp-json\/wp\/v2\/pages\/10156\/revisions"}],"predecessor-version":[{"id":33457,"href":"https:\/\/www.sts-education.com\/pl\/wp-json\/wp\/v2\/pages\/10156\/revisions\/33457"}],"up":[{"embeddable":true,"href":"https:\/\/www.sts-education.com\/pl\/wp-json\/wp\/v2\/pages\/5376"}],"wp:attachment":[{"href":"https:\/\/www.sts-education.com\/pl\/wp-json\/wp\/v2\/media?parent=10156"}],"wp:term":[{"taxonomy":"wpw_page_folders","embeddable":true,"href":"https:\/\/www.sts-education.com\/pl\/wp-json\/wp\/v2\/wpw_page_folders?post=10156"}],"curies":[{"name":"wp","href":"https:\/\/api.w.org\/{rel}","templated":true}]}}