{"id":10158,"date":"2025-12-16T10:10:09","date_gmt":"2025-12-16T10:10:09","guid":{"rendered":"https:\/\/preprod.sts-education.com\/szkola-srednia\/podczas-rocznej-wymiany\/"},"modified":"2026-04-14T09:58:45","modified_gmt":"2026-04-14T09:58:45","slug":"podczas-rocznej-wymiany","status":"publish","type":"page","link":"https:\/\/www.sts-education.com\/pl\/szkola-srednia\/podczas-rocznej-wymiany\/","title":{"rendered":"Podczas Rocznej Wymiany"},"content":{"rendered":"\n<section class=\"wp-block-sts-hero sts-block-hero is-variant-full-background has-text-light has-background-media\" style=\"--sts-hero-padding-mobile:0px;--sts-hero-padding-desktop:0px;--sts-hero-text-color:var(--wp--preset--color--base-10, #fff);\" data-variant=\"full-background\"><div class=\"sts-block-hero__background\"><picture class=\"sts-responsive-image has-fit-cover is-skeleton\"><img src=\"https:\/\/cdn.sts-education.com\/12565_hero_lg_xl.jpg\" alt=\"Podczas roku za granic\u0105\" loading=\"lazy\" decoding=\"async\" fetchpriority=\"low\" sizes=\"100vw\" \/><\/picture><span class=\"sts-block-hero__overlay\" aria-hidden=\"true\"><\/span><\/div><div class=\"sts-block-hero__inner\"><div class=\"sts-block-hero__content has-align-center\"><div class=\"sts-block-hero__content-inner\"><h1 class=\"sts-block-hero__heading\">Podczas roku za granic\u0105<\/h1><\/div><\/div><\/div><\/section>\n\n\n\n<div class=\"wp-block-sts-text sts-text-editor has-max-width-md\"><div class=\"sts-text-editor__content\"><div class=\"sts-text-editor__content-inner\">\n<p>Rok jako student wymiany dostarczy Ci wiedzy, wra\u017ce\u0144, inspiracji i wspomnie\u0144. To Twoja szansa na prze\u017cycie czego\u015b nowego i ekscytuj\u0105cego. M\u00f3wi\u0105c wprost, b\u0119dzie to najlepszy rok w Twoim \u017cyciu!<\/p>\n\n<h2>Nagle m\u00f3wisz p\u0142ynnie w tym j\u0119zyku<\/h2>\n\n<p>G\u0142\u00f3wn\u0105 zalet\u0105 nauki j\u0119zyka w kraju, w kt\u00f3rym jest on u\u017cywany jest to, \u017ce b\u0119dziesz go s\u0142ysza\u0142 ca\u0142y czas. B\u0119dziesz go s\u0142ysza\u0142 przy stole podczas kolacji w rozmowie z rodzin\u0105 goszcz\u0105c\u0105, w szkole, na si\u0142owni, w kawiarniach i w sklepach. Tw\u00f3j akcent b\u0119dzie si\u0119 stale poprawia\u0142. B\u0119dziesz uczy\u0107 si\u0119 nowych s\u0142\u00f3w i wyra\u017ce\u0144. Zanim si\u0119 zorientujesz, zaadaptujesz si\u0119 do wszystkich tych nowych rzeczy i jednocze\u015bnie rozwiniesz si\u0119 jako osoba. Dzieje si\u0119 to niemal automatycznie i jest to \u015bwietna zabawa!<\/p>\n\n<h2>Podziel si\u0119 swoimi do\u015bwiadczeniami!<\/h2>\n\n<p>Jeste\u015b zainteresowany pisaniem i opowiadaniem o swoich do\u015bwiadczeniach podczas wyjazdu? Podziel si\u0119 nimi z nami i miej szans\u0119 pojawi\u0107 si\u0119 w naszych kana\u0142ach spo\u0142eczno\u015bciowych lub na naszym blogu! Skontaktuj si\u0119 z nami pod adresem <a href=\"mailto:social.media@sts-education.com\">social.media@sts-education.com<\/a><\/p>\n\n<p>Przeczytaj wi\u0119cej i obejrzyj filmy oraz zobacz <a href=\"https:\/\/www.sts-education.com\/pl\/szkola-srednia\/uczniowie-na-wymianie\/\">historie studenckie<\/a> naszych poprzednich uczni\u00f3w.<\/p>\n<\/div><\/div><\/div>\n","protected":false},"excerpt":{"rendered":"","protected":false},"author":20,"featured_media":0,"parent":5376,"menu_order":0,"comment_status":"closed","ping_status":"closed","template":"templates\/template-default-with-breadcrumbs.php","meta":{"_acf_changed":false,"sts_page_background_color":"","footnotes":""},"wpw_page_folders":[83],"class_list":["post-10158","page","type-page","status-publish","hentry"],"acf":[],"yoast_head":"<!-- This site is optimized with the Yoast SEO Premium plugin v27.2 (Yoast SEO v27.3) - https:\/\/yoast.com\/product\/yoast-seo-premium-wordpress\/ -->\n<title>Rok sp\u0119dzony na wymianie studenckiej w innym kraju | STS<\/title>\n<meta name=\"description\" content=\"Rok sp\u0119dzony na wymianie studenckiej dostarczy Ci wiedzy, wra\u017ce\u0144, inspiracji i wspomnie\u0144. To b\u0119dzie po prostu najlepszy rok w Twoim \u017cyciu!\" \/>\n<meta name=\"robots\" content=\"index, follow, max-snippet:-1, max-image-preview:large, max-video-preview:-1\" \/>\n<link rel=\"canonical\" href=\"https:\/\/www.sts-education.com\/pl\/szkola-srednia\/podczas-rocznej-wymiany\/\" \/>\n<meta property=\"og:locale\" content=\"pl_PL\" \/>\n<meta property=\"og:type\" content=\"article\" \/>\n<meta property=\"og:title\" content=\"Podczas Rocznej Wymiany\" \/>\n<meta property=\"og:description\" content=\"Rok sp\u0119dzony na wymianie studenckiej dostarczy Ci wiedzy, wra\u017ce\u0144, inspiracji i wspomnie\u0144. To b\u0119dzie po prostu najlepszy rok w Twoim \u017cyciu!\" \/>\n<meta property=\"og:url\" content=\"https:\/\/www.sts-education.com\/pl\/szkola-srednia\/podczas-rocznej-wymiany\/\" \/>\n<meta property=\"og:site_name\" content=\"STS Education\" \/>\n<meta property=\"article:modified_time\" content=\"2026-04-14T09:58:45+00:00\" \/>\n<meta property=\"og:image\" content=\"https:\/\/cdn.sts-education.com\/12565_hero_lg_xl.jpg\" \/>\n<meta name=\"twitter:card\" content=\"summary_large_image\" \/>\n<meta name=\"twitter:label1\" content=\"Szacowany czas czytania\" \/>\n\t<meta name=\"twitter:data1\" content=\"1 minuta\" \/>\n<script type=\"application\/ld+json\" class=\"yoast-schema-graph\">{\"@context\":\"https:\\\/\\\/schema.org\",\"@graph\":[{\"@type\":\"WebPage\",\"@id\":\"https:\\\/\\\/www.sts-education.com\\\/pl\\\/szkola-srednia\\\/podczas-rocznej-wymiany\\\/\",\"url\":\"https:\\\/\\\/www.sts-education.com\\\/pl\\\/szkola-srednia\\\/podczas-rocznej-wymiany\\\/\",\"name\":\"Rok sp\u0119dzony na wymianie studenckiej w innym kraju | STS\",\"isPartOf\":{\"@id\":\"https:\\\/\\\/www.sts-education.com\\\/pl\\\/#website\"},\"primaryImageOfPage\":{\"@id\":\"https:\\\/\\\/www.sts-education.com\\\/pl\\\/szkola-srednia\\\/podczas-rocznej-wymiany\\\/#primaryimage\"},\"image\":{\"@id\":\"https:\\\/\\\/www.sts-education.com\\\/pl\\\/szkola-srednia\\\/podczas-rocznej-wymiany\\\/#primaryimage\"},\"thumbnailUrl\":\"https:\\\/\\\/cdn.sts-education.com\\\/12565_hero_lg_xl.jpg\",\"datePublished\":\"2025-12-16T10:10:09+00:00\",\"dateModified\":\"2026-04-14T09:58:45+00:00\",\"description\":\"Rok sp\u0119dzony na wymianie studenckiej dostarczy Ci wiedzy, wra\u017ce\u0144, inspiracji i wspomnie\u0144. To b\u0119dzie po prostu najlepszy rok w Twoim \u017cyciu!\",\"breadcrumb\":{\"@id\":\"https:\\\/\\\/www.sts-education.com\\\/pl\\\/szkola-srednia\\\/podczas-rocznej-wymiany\\\/#breadcrumb\"},\"inLanguage\":\"pl-PL\",\"potentialAction\":[{\"@type\":\"ReadAction\",\"target\":[\"https:\\\/\\\/www.sts-education.com\\\/pl\\\/szkola-srednia\\\/podczas-rocznej-wymiany\\\/\"]}]},{\"@type\":\"ImageObject\",\"inLanguage\":\"pl-PL\",\"@id\":\"https:\\\/\\\/www.sts-education.com\\\/pl\\\/szkola-srednia\\\/podczas-rocznej-wymiany\\\/#primaryimage\",\"url\":\"https:\\\/\\\/cdn.sts-education.com\\\/12565_hero_lg_xl.jpg\",\"contentUrl\":\"https:\\\/\\\/cdn.sts-education.com\\\/12565_hero_lg_xl.jpg\"},{\"@type\":\"BreadcrumbList\",\"@id\":\"https:\\\/\\\/www.sts-education.com\\\/pl\\\/szkola-srednia\\\/podczas-rocznej-wymiany\\\/#breadcrumb\",\"itemListElement\":[{\"@type\":\"ListItem\",\"position\":1,\"name\":\"Home\",\"item\":\"https:\\\/\\\/www.sts-education.com\\\/pl\\\/\"},{\"@type\":\"ListItem\",\"position\":2,\"name\":\"High school\",\"item\":\"https:\\\/\\\/www.sts-education.com\\\/pl\\\/szkola-srednia\\\/\"},{\"@type\":\"ListItem\",\"position\":3,\"name\":\"Podczas Rocznej Wymiany\"}]},{\"@type\":\"WebSite\",\"@id\":\"https:\\\/\\\/www.sts-education.com\\\/pl\\\/#website\",\"url\":\"https:\\\/\\\/www.sts-education.com\\\/pl\\\/\",\"name\":\"STS Education\",\"description\":\"\",\"potentialAction\":[{\"@type\":\"SearchAction\",\"target\":{\"@type\":\"EntryPoint\",\"urlTemplate\":\"https:\\\/\\\/www.sts-education.com\\\/pl\\\/?s={search_term_string}\"},\"query-input\":{\"@type\":\"PropertyValueSpecification\",\"valueRequired\":true,\"valueName\":\"search_term_string\"}}],\"inLanguage\":\"pl-PL\"}]}<\/script>\n<!-- \/ Yoast SEO Premium plugin. -->","yoast_head_json":{"title":"Rok sp\u0119dzony na wymianie studenckiej w innym kraju | STS","description":"Rok sp\u0119dzony na wymianie studenckiej dostarczy Ci wiedzy, wra\u017ce\u0144, inspiracji i wspomnie\u0144. To b\u0119dzie po prostu najlepszy rok w Twoim \u017cyciu!","robots":{"index":"index","follow":"follow","max-snippet":"max-snippet:-1","max-image-preview":"max-image-preview:large","max-video-preview":"max-video-preview:-1"},"canonical":"https:\/\/www.sts-education.com\/pl\/szkola-srednia\/podczas-rocznej-wymiany\/","og_locale":"pl_PL","og_type":"article","og_title":"Podczas Rocznej Wymiany","og_description":"Rok sp\u0119dzony na wymianie studenckiej dostarczy Ci wiedzy, wra\u017ce\u0144, inspiracji i wspomnie\u0144. To b\u0119dzie po prostu najlepszy rok w Twoim \u017cyciu!","og_url":"https:\/\/www.sts-education.com\/pl\/szkola-srednia\/podczas-rocznej-wymiany\/","og_site_name":"STS Education","article_modified_time":"2026-04-14T09:58:45+00:00","og_image":[{"url":"https:\/\/cdn.sts-education.com\/12565_hero_lg_xl.jpg","type":"","width":"","height":""}],"twitter_card":"summary_large_image","twitter_misc":{"Szacowany czas czytania":"1 minuta"},"schema":{"@context":"https:\/\/schema.org","@graph":[{"@type":"WebPage","@id":"https:\/\/www.sts-education.com\/pl\/szkola-srednia\/podczas-rocznej-wymiany\/","url":"https:\/\/www.sts-education.com\/pl\/szkola-srednia\/podczas-rocznej-wymiany\/","name":"Rok sp\u0119dzony na wymianie studenckiej w innym kraju | STS","isPartOf":{"@id":"https:\/\/www.sts-education.com\/pl\/#website"},"primaryImageOfPage":{"@id":"https:\/\/www.sts-education.com\/pl\/szkola-srednia\/podczas-rocznej-wymiany\/#primaryimage"},"image":{"@id":"https:\/\/www.sts-education.com\/pl\/szkola-srednia\/podczas-rocznej-wymiany\/#primaryimage"},"thumbnailUrl":"https:\/\/cdn.sts-education.com\/12565_hero_lg_xl.jpg","datePublished":"2025-12-16T10:10:09+00:00","dateModified":"2026-04-14T09:58:45+00:00","description":"Rok sp\u0119dzony na wymianie studenckiej dostarczy Ci wiedzy, wra\u017ce\u0144, inspiracji i wspomnie\u0144. To b\u0119dzie po prostu najlepszy rok w Twoim \u017cyciu!","breadcrumb":{"@id":"https:\/\/www.sts-education.com\/pl\/szkola-srednia\/podczas-rocznej-wymiany\/#breadcrumb"},"inLanguage":"pl-PL","potentialAction":[{"@type":"ReadAction","target":["https:\/\/www.sts-education.com\/pl\/szkola-srednia\/podczas-rocznej-wymiany\/"]}]},{"@type":"ImageObject","inLanguage":"pl-PL","@id":"https:\/\/www.sts-education.com\/pl\/szkola-srednia\/podczas-rocznej-wymiany\/#primaryimage","url":"https:\/\/cdn.sts-education.com\/12565_hero_lg_xl.jpg","contentUrl":"https:\/\/cdn.sts-education.com\/12565_hero_lg_xl.jpg"},{"@type":"BreadcrumbList","@id":"https:\/\/www.sts-education.com\/pl\/szkola-srednia\/podczas-rocznej-wymiany\/#breadcrumb","itemListElement":[{"@type":"ListItem","position":1,"name":"Home","item":"https:\/\/www.sts-education.com\/pl\/"},{"@type":"ListItem","position":2,"name":"High school","item":"https:\/\/www.sts-education.com\/pl\/szkola-srednia\/"},{"@type":"ListItem","position":3,"name":"Podczas Rocznej Wymiany"}]},{"@type":"WebSite","@id":"https:\/\/www.sts-education.com\/pl\/#website","url":"https:\/\/www.sts-education.com\/pl\/","name":"STS Education","description":"","potentialAction":[{"@type":"SearchAction","target":{"@type":"EntryPoint","urlTemplate":"https:\/\/www.sts-education.com\/pl\/?s={search_term_string}"},"query-input":{"@type":"PropertyValueSpecification","valueRequired":true,"valueName":"search_term_string"}}],"inLanguage":"pl-PL"}]}},"_links":{"self":[{"href":"https:\/\/www.sts-education.com\/pl\/wp-json\/wp\/v2\/pages\/10158","targetHints":{"allow":["GET"]}}],"collection":[{"href":"https:\/\/www.sts-education.com\/pl\/wp-json\/wp\/v2\/pages"}],"about":[{"href":"https:\/\/www.sts-education.com\/pl\/wp-json\/wp\/v2\/types\/page"}],"author":[{"embeddable":true,"href":"https:\/\/www.sts-education.com\/pl\/wp-json\/wp\/v2\/users\/20"}],"replies":[{"embeddable":true,"href":"https:\/\/www.sts-education.com\/pl\/wp-json\/wp\/v2\/comments?post=10158"}],"version-history":[{"count":4,"href":"https:\/\/www.sts-education.com\/pl\/wp-json\/wp\/v2\/pages\/10158\/revisions"}],"predecessor-version":[{"id":33461,"href":"https:\/\/www.sts-education.com\/pl\/wp-json\/wp\/v2\/pages\/10158\/revisions\/33461"}],"up":[{"embeddable":true,"href":"https:\/\/www.sts-education.com\/pl\/wp-json\/wp\/v2\/pages\/5376"}],"wp:attachment":[{"href":"https:\/\/www.sts-education.com\/pl\/wp-json\/wp\/v2\/media?parent=10158"}],"wp:term":[{"taxonomy":"wpw_page_folders","embeddable":true,"href":"https:\/\/www.sts-education.com\/pl\/wp-json\/wp\/v2\/wpw_page_folders?post=10158"}],"curies":[{"name":"wp","href":"https:\/\/api.w.org\/{rel}","templated":true}]}}