{"id":10159,"date":"2025-12-16T10:05:12","date_gmt":"2025-12-16T10:05:12","guid":{"rendered":"https:\/\/preprod.sts-education.com\/szkola-srednia\/przed-rozpoczeciem-roku-za-granica\/"},"modified":"2026-04-14T09:58:54","modified_gmt":"2026-04-14T09:58:54","slug":"przed-rozpoczeciem-roku-za-granica","status":"publish","type":"page","link":"https:\/\/www.sts-education.com\/pl\/szkola-srednia\/przed-rozpoczeciem-roku-za-granica\/","title":{"rendered":"Przed Rozpoczeciem Roku Za Granica"},"content":{"rendered":"\n<div class=\"wp-block-sts-text sts-text-editor has-max-width-md\"><div class=\"sts-text-editor__content\"><div class=\"sts-text-editor__content-inner\">\n<h1>Przed rozpocz\u0119ciem roku za granic\u0105<\/h1>\n<\/div><\/div><\/div>\n\n\n\n<div class=\"wp-block-sts-text sts-text-editor has-max-width-md\"><div class=\"sts-text-editor__content\"><div class=\"sts-text-editor__content-inner\">\n<p>Pracujemy z wymianami mi\u0119dzynarodowymi od ponad 65 lat. Mamy wiedz\u0119 i do\u015bwiadczenie niezb\u0119dne do tego, aby m\u00f3c zaoferowa\u0107 Tobie niezwyk\u0142e do\u015bwiadczenie. Wielu z nas w STS by\u0142o studentami wymiany, wi\u0119c dok\u0142adnie wiemy, jak dzia\u0142a rok szkolny za granic\u0105. Wiemy, co nas czeka i wiemy, jak si\u0119 czujesz. Z pasj\u0105 pomagamy jak najwi\u0119kszej liczbie os\u00f3b do\u015bwiadczy\u0107 wszystkiego, co wi\u0105\u017ce si\u0119 z tym rokiem i naprawd\u0119 nie mo\u017cemy si\u0119 doczeka\u0107, aby podzieli\u0107 si\u0119 z Tob\u0105 naszym zaanga\u017cowaniem w wymian\u0119 mi\u0119dzynarodow\u0105. Masz przed sob\u0105 niesamowit\u0105 podr\u00f3\u017c, a my jeste\u015bmy tutaj, aby upewni\u0107 si\u0119, \u017ce prze\u017cyjesz najlepszy czas w Twoim \u017cyciu!<\/p>\n\n<h2>Jeste\u015bmy po to, aby Ci pom\u00f3c<\/h2>\n\n<p>Przygotowania s\u0105 ekscytuj\u0105c\u0105 i wa\u017cn\u0105 cz\u0119\u015bci\u0105 Twojego roku za granic\u0105, a nikt nie mo\u017ce przygotowa\u0107 Ci\u0119 lepiej ni\u017c my. Im wi\u0119cej wiesz o tym, co Ci\u0119 czeka, tym lepiej. Dowiedz si\u0119 wi\u0119c jak najwi\u0119cej przed wyjazdem i nie b\u00f3j si\u0119 prosi\u0107 o pomoc. Przeprowadzimy Ci\u0119 przez poszczeg\u00f3lne etapy, od aplikacji, poprzez przygotowania, a\u017c do wyjazdu.<\/p>\n\n<h2>Wyb\u00f3r kraju<\/h2>\n\n<p>Czy chcesz do\u015bwiadczy\u0107 ameryka\u0144skiego ducha szko\u0142y \u015bredniej? Wi\u0119kszo\u015b\u0107 naszych uczni\u00f3w tak, ale w STS, jeste\u015bmy dumni, \u017ce oferujemy a\u017c 20 r\u00f3\u017cnych kraj\u00f3w, z kt\u00f3rych mo\u017cna wybra\u0107. Powiedz nam o swoich marzeniach, a my pomo\u017cemy Ci wybra\u0107 idealne miejsce na wymian\u0119 dla Ciebie. <a href=\"\/pl\/high-school\/tripfinder\/?q=\">I sp\u00f3jrz na nasze opcje docelowe dla Twojego roku za granic\u0105 tutaj. <\/a><\/p>\n\n<h2>Aplikuj z du\u017cym wyprzedzeniem!<\/h2>\n\n<p>Najlepiej z\u0142o\u017cy\u0107 wniosek rok przed planowanym wyjazdem, ale najp\u00f3\u017aniej w marcu danego roku. Je\u015bli z\u0142o\u017cysz wniosek p\u00f3\u017aniej ni\u017c w marcu, wyb\u00f3r kraj\u00f3w, do kt\u00f3rych mo\u017cesz pojecha\u0107, mo\u017ce by\u0107 ograniczony. P\u00f3\u017ane z\u0142o\u017cenie wniosku mo\u017ce r\u00f3wnie\u017c oznacza\u0107 konieczno\u015b\u0107 uiszczenia dodatkowych op\u0142at.  <br>Proces znalezienia rodziny goszcz\u0105cej i szko\u0142y, kt\u00f3re s\u0105 dla Ciebie odpowiednie, jest r\u00f3wnie\u017c wa\u017cny, wi\u0119c im wcze\u015bniej mo\u017cemy rozpocz\u0105\u0107 poszukiwania rodziny i szko\u0142y, tym lepiej! Pami\u0119taj wi\u0119c: z\u0142\u00f3\u017c swoj\u0105 aplikacj\u0119 z du\u017cym wyprzedzeniem, aby da\u0107 sobie dobry start. <a href=\"https:\/\/www.sts-education.com\/pl\/o-sts\/kontakt-z-nami\/\">Skontaktuj si\u0119 z nami, aby uzyska\u0107 wi\u0119cej informacji<\/a>.<\/p>\n\n<h2>Wniosek o wiz\u0119<\/h2>\n\n<p>Aby mieszka\u0107 i studiowa\u0107 w niekt\u00f3rych krajach, potrzebna jest wiza. Je\u015bli tak jest, udzielimy Ci wszelkich informacji, aby proces ubiegania si\u0119 o wiz\u0119 przebiega\u0142 dla Ciebie jak najsprawniej. O wiz\u0119 b\u0119dziesz ubiega\u0107 si\u0119 sam, poniewa\u017c jest to dokument osobisty, ale pomo\u017cemy Ci w ca\u0142ym procesie. Je\u015bli wiza jest wymagana, to Ty jeste\u015b odpowiedzialny za jej koszt.<\/p>\n\n<h2>Webinary<\/h2>\n\n<p>Zaprosimy Ci\u0119 na webinar, w kt\u00f3rym krok po kroku pomo\u017cemy w realizacji r\u00f3\u017cnych zada\u0144, kt\u00f3re trzeba wykona\u0107 przed wyjazdem.<\/p>\n\n<h2>Spotkanie przygotowawcze-przedwyjazdowerzedwyjazdowe<\/h2>\n\n<p>Zaprosimy Ciebie i wszystkich innych student\u00f3w z wymiany na spotkanie przygotowawcze, na kt\u00f3rym udzielimy informacji i inspiracji. Spotkania odbywaj\u0105 si\u0119 w formie online. B\u0119dziesz mia\u0142 okazj\u0119 pozna\u0107 innych, kt\u00f3rzy s\u0105 tak samo entuzjastycznie nastawieni do nauki w szkole \u015bredniej za granic\u0105 jak Ty. Rodzice s\u0105 r\u00f3wnie\u017c mile widziani, poniewa\u017c wiemy, \u017ce wa\u017cne jest, aby zrozumieli wszystkie tematu, kt\u00f3re zwi\u0105zane s\u0105 z wymian\u0105.<\/p>\n<\/div><\/div><\/div>\n","protected":false},"excerpt":{"rendered":"","protected":false},"author":20,"featured_media":16081,"parent":5376,"menu_order":0,"comment_status":"closed","ping_status":"closed","template":"templates\/template-default-with-breadcrumbs.php","meta":{"_acf_changed":false,"sts_page_background_color":"","footnotes":""},"wpw_page_folders":[80],"class_list":["post-10159","page","type-page","status-publish","has-post-thumbnail","hentry"],"acf":[],"yoast_head":"<!-- This site is optimized with the Yoast SEO Premium plugin v27.2 (Yoast SEO v27.3) - https:\/\/yoast.com\/product\/yoast-seo-premium-wordpress\/ -->\n<title>Rzeczy do rozwa\u017cenia przed wyjazdem<\/title>\n<meta name=\"description\" content=\"Przygotowania s\u0105 wa\u017cn\u0105 cz\u0119\u015bci\u0105 Twojego roku za granic\u0105. Z\u0142\u00f3\u017c wniosek z du\u017cym wyprzedzeniem i we\u017a udzia\u0142 w naszych spotkaniach informacyjnych. Mamy 20 r\u00f3\u017cnych kraj\u00f3w do wyboru.\" \/>\n<meta name=\"robots\" content=\"index, follow, max-snippet:-1, max-image-preview:large, max-video-preview:-1\" \/>\n<link rel=\"canonical\" href=\"https:\/\/www.sts-education.com\/pl\/szkola-srednia\/przed-rozpoczeciem-roku-za-granica\/\" \/>\n<meta property=\"og:locale\" content=\"pl_PL\" \/>\n<meta property=\"og:type\" content=\"article\" \/>\n<meta property=\"og:title\" content=\"Przed Rozpoczeciem Roku Za Granica\" \/>\n<meta property=\"og:description\" content=\"Przygotowania s\u0105 wa\u017cn\u0105 cz\u0119\u015bci\u0105 Twojego roku za granic\u0105. Z\u0142\u00f3\u017c wniosek z du\u017cym wyprzedzeniem i we\u017a udzia\u0142 w naszych spotkaniach informacyjnych. Mamy 20 r\u00f3\u017cnych kraj\u00f3w do wyboru.\" \/>\n<meta property=\"og:url\" content=\"https:\/\/www.sts-education.com\/pl\/szkola-srednia\/przed-rozpoczeciem-roku-za-granica\/\" \/>\n<meta property=\"og:site_name\" content=\"STS Education\" \/>\n<meta property=\"article:modified_time\" content=\"2026-04-14T09:58:54+00:00\" \/>\n<meta property=\"og:image\" content=\"https:\/\/powered-by.qbank.se\/educatius\/sts\/\/df7e1de23b6e8c68863e49e03d05ef0e_1-1-thumb.webp\" \/>\n\t<meta property=\"og:image:width\" content=\"150\" \/>\n\t<meta property=\"og:image:height\" content=\"150\" \/>\n\t<meta property=\"og:image:type\" content=\"image\/jpeg\" \/>\n<meta name=\"twitter:card\" content=\"summary_large_image\" \/>\n<meta name=\"twitter:label1\" content=\"Szacowany czas czytania\" \/>\n\t<meta name=\"twitter:data1\" content=\"3 minuty\" \/>\n<script type=\"application\/ld+json\" class=\"yoast-schema-graph\">{\"@context\":\"https:\\\/\\\/schema.org\",\"@graph\":[{\"@type\":\"WebPage\",\"@id\":\"https:\\\/\\\/www.sts-education.com\\\/pl\\\/szkola-srednia\\\/przed-rozpoczeciem-roku-za-granica\\\/\",\"url\":\"https:\\\/\\\/www.sts-education.com\\\/pl\\\/szkola-srednia\\\/przed-rozpoczeciem-roku-za-granica\\\/\",\"name\":\"Rzeczy do rozwa\u017cenia przed wyjazdem\",\"isPartOf\":{\"@id\":\"https:\\\/\\\/www.sts-education.com\\\/pl\\\/#website\"},\"primaryImageOfPage\":{\"@id\":\"https:\\\/\\\/www.sts-education.com\\\/pl\\\/szkola-srednia\\\/przed-rozpoczeciem-roku-za-granica\\\/#primaryimage\"},\"image\":{\"@id\":\"https:\\\/\\\/www.sts-education.com\\\/pl\\\/szkola-srednia\\\/przed-rozpoczeciem-roku-za-granica\\\/#primaryimage\"},\"thumbnailUrl\":\"https:\\\/\\\/powered-by.qbank.se\\\/educatius\\\/sts\\\/\\\/df7e1de23b6e8c68863e49e03d05ef0e_1-1-thumb.webp\",\"datePublished\":\"2025-12-16T10:05:12+00:00\",\"dateModified\":\"2026-04-14T09:58:54+00:00\",\"description\":\"Przygotowania s\u0105 wa\u017cn\u0105 cz\u0119\u015bci\u0105 Twojego roku za granic\u0105. Z\u0142\u00f3\u017c wniosek z du\u017cym wyprzedzeniem i we\u017a udzia\u0142 w naszych spotkaniach informacyjnych. Mamy 20 r\u00f3\u017cnych kraj\u00f3w do wyboru.\",\"breadcrumb\":{\"@id\":\"https:\\\/\\\/www.sts-education.com\\\/pl\\\/szkola-srednia\\\/przed-rozpoczeciem-roku-za-granica\\\/#breadcrumb\"},\"inLanguage\":\"pl-PL\",\"potentialAction\":[{\"@type\":\"ReadAction\",\"target\":[\"https:\\\/\\\/www.sts-education.com\\\/pl\\\/szkola-srednia\\\/przed-rozpoczeciem-roku-za-granica\\\/\"]}]},{\"@type\":\"ImageObject\",\"inLanguage\":\"pl-PL\",\"@id\":\"https:\\\/\\\/www.sts-education.com\\\/pl\\\/szkola-srednia\\\/przed-rozpoczeciem-roku-za-granica\\\/#primaryimage\",\"url\":\"https:\\\/\\\/powered-by.qbank.se\\\/educatius\\\/sts\\\/\\\/df7e1de23b6e8c68863e49e03d05ef0e_1-1-thumb.webp\",\"contentUrl\":\"https:\\\/\\\/powered-by.qbank.se\\\/educatius\\\/sts\\\/\\\/df7e1de23b6e8c68863e49e03d05ef0e_1-1-thumb.webp\",\"width\":150,\"height\":150},{\"@type\":\"BreadcrumbList\",\"@id\":\"https:\\\/\\\/www.sts-education.com\\\/pl\\\/szkola-srednia\\\/przed-rozpoczeciem-roku-za-granica\\\/#breadcrumb\",\"itemListElement\":[{\"@type\":\"ListItem\",\"position\":1,\"name\":\"Home\",\"item\":\"https:\\\/\\\/www.sts-education.com\\\/pl\\\/\"},{\"@type\":\"ListItem\",\"position\":2,\"name\":\"High school\",\"item\":\"https:\\\/\\\/www.sts-education.com\\\/pl\\\/szkola-srednia\\\/\"},{\"@type\":\"ListItem\",\"position\":3,\"name\":\"Przed Rozpoczeciem Roku Za Granica\"}]},{\"@type\":\"WebSite\",\"@id\":\"https:\\\/\\\/www.sts-education.com\\\/pl\\\/#website\",\"url\":\"https:\\\/\\\/www.sts-education.com\\\/pl\\\/\",\"name\":\"STS Education\",\"description\":\"\",\"potentialAction\":[{\"@type\":\"SearchAction\",\"target\":{\"@type\":\"EntryPoint\",\"urlTemplate\":\"https:\\\/\\\/www.sts-education.com\\\/pl\\\/?s={search_term_string}\"},\"query-input\":{\"@type\":\"PropertyValueSpecification\",\"valueRequired\":true,\"valueName\":\"search_term_string\"}}],\"inLanguage\":\"pl-PL\"}]}<\/script>\n<!-- \/ Yoast SEO Premium plugin. -->","yoast_head_json":{"title":"Rzeczy do rozwa\u017cenia przed wyjazdem","description":"Przygotowania s\u0105 wa\u017cn\u0105 cz\u0119\u015bci\u0105 Twojego roku za granic\u0105. Z\u0142\u00f3\u017c wniosek z du\u017cym wyprzedzeniem i we\u017a udzia\u0142 w naszych spotkaniach informacyjnych. Mamy 20 r\u00f3\u017cnych kraj\u00f3w do wyboru.","robots":{"index":"index","follow":"follow","max-snippet":"max-snippet:-1","max-image-preview":"max-image-preview:large","max-video-preview":"max-video-preview:-1"},"canonical":"https:\/\/www.sts-education.com\/pl\/szkola-srednia\/przed-rozpoczeciem-roku-za-granica\/","og_locale":"pl_PL","og_type":"article","og_title":"Przed Rozpoczeciem Roku Za Granica","og_description":"Przygotowania s\u0105 wa\u017cn\u0105 cz\u0119\u015bci\u0105 Twojego roku za granic\u0105. Z\u0142\u00f3\u017c wniosek z du\u017cym wyprzedzeniem i we\u017a udzia\u0142 w naszych spotkaniach informacyjnych. Mamy 20 r\u00f3\u017cnych kraj\u00f3w do wyboru.","og_url":"https:\/\/www.sts-education.com\/pl\/szkola-srednia\/przed-rozpoczeciem-roku-za-granica\/","og_site_name":"STS Education","article_modified_time":"2026-04-14T09:58:54+00:00","og_image":[{"width":150,"height":150,"url":"https:\/\/powered-by.qbank.se\/educatius\/sts\/\/df7e1de23b6e8c68863e49e03d05ef0e_1-1-thumb.webp","type":"image\/jpeg"}],"twitter_card":"summary_large_image","twitter_misc":{"Szacowany czas czytania":"3 minuty"},"schema":{"@context":"https:\/\/schema.org","@graph":[{"@type":"WebPage","@id":"https:\/\/www.sts-education.com\/pl\/szkola-srednia\/przed-rozpoczeciem-roku-za-granica\/","url":"https:\/\/www.sts-education.com\/pl\/szkola-srednia\/przed-rozpoczeciem-roku-za-granica\/","name":"Rzeczy do rozwa\u017cenia przed wyjazdem","isPartOf":{"@id":"https:\/\/www.sts-education.com\/pl\/#website"},"primaryImageOfPage":{"@id":"https:\/\/www.sts-education.com\/pl\/szkola-srednia\/przed-rozpoczeciem-roku-za-granica\/#primaryimage"},"image":{"@id":"https:\/\/www.sts-education.com\/pl\/szkola-srednia\/przed-rozpoczeciem-roku-za-granica\/#primaryimage"},"thumbnailUrl":"https:\/\/powered-by.qbank.se\/educatius\/sts\/\/df7e1de23b6e8c68863e49e03d05ef0e_1-1-thumb.webp","datePublished":"2025-12-16T10:05:12+00:00","dateModified":"2026-04-14T09:58:54+00:00","description":"Przygotowania s\u0105 wa\u017cn\u0105 cz\u0119\u015bci\u0105 Twojego roku za granic\u0105. Z\u0142\u00f3\u017c wniosek z du\u017cym wyprzedzeniem i we\u017a udzia\u0142 w naszych spotkaniach informacyjnych. Mamy 20 r\u00f3\u017cnych kraj\u00f3w do wyboru.","breadcrumb":{"@id":"https:\/\/www.sts-education.com\/pl\/szkola-srednia\/przed-rozpoczeciem-roku-za-granica\/#breadcrumb"},"inLanguage":"pl-PL","potentialAction":[{"@type":"ReadAction","target":["https:\/\/www.sts-education.com\/pl\/szkola-srednia\/przed-rozpoczeciem-roku-za-granica\/"]}]},{"@type":"ImageObject","inLanguage":"pl-PL","@id":"https:\/\/www.sts-education.com\/pl\/szkola-srednia\/przed-rozpoczeciem-roku-za-granica\/#primaryimage","url":"https:\/\/powered-by.qbank.se\/educatius\/sts\/\/df7e1de23b6e8c68863e49e03d05ef0e_1-1-thumb.webp","contentUrl":"https:\/\/powered-by.qbank.se\/educatius\/sts\/\/df7e1de23b6e8c68863e49e03d05ef0e_1-1-thumb.webp","width":150,"height":150},{"@type":"BreadcrumbList","@id":"https:\/\/www.sts-education.com\/pl\/szkola-srednia\/przed-rozpoczeciem-roku-za-granica\/#breadcrumb","itemListElement":[{"@type":"ListItem","position":1,"name":"Home","item":"https:\/\/www.sts-education.com\/pl\/"},{"@type":"ListItem","position":2,"name":"High school","item":"https:\/\/www.sts-education.com\/pl\/szkola-srednia\/"},{"@type":"ListItem","position":3,"name":"Przed Rozpoczeciem Roku Za Granica"}]},{"@type":"WebSite","@id":"https:\/\/www.sts-education.com\/pl\/#website","url":"https:\/\/www.sts-education.com\/pl\/","name":"STS Education","description":"","potentialAction":[{"@type":"SearchAction","target":{"@type":"EntryPoint","urlTemplate":"https:\/\/www.sts-education.com\/pl\/?s={search_term_string}"},"query-input":{"@type":"PropertyValueSpecification","valueRequired":true,"valueName":"search_term_string"}}],"inLanguage":"pl-PL"}]}},"_links":{"self":[{"href":"https:\/\/www.sts-education.com\/pl\/wp-json\/wp\/v2\/pages\/10159","targetHints":{"allow":["GET"]}}],"collection":[{"href":"https:\/\/www.sts-education.com\/pl\/wp-json\/wp\/v2\/pages"}],"about":[{"href":"https:\/\/www.sts-education.com\/pl\/wp-json\/wp\/v2\/types\/page"}],"author":[{"embeddable":true,"href":"https:\/\/www.sts-education.com\/pl\/wp-json\/wp\/v2\/users\/20"}],"replies":[{"embeddable":true,"href":"https:\/\/www.sts-education.com\/pl\/wp-json\/wp\/v2\/comments?post=10159"}],"version-history":[{"count":4,"href":"https:\/\/www.sts-education.com\/pl\/wp-json\/wp\/v2\/pages\/10159\/revisions"}],"predecessor-version":[{"id":33467,"href":"https:\/\/www.sts-education.com\/pl\/wp-json\/wp\/v2\/pages\/10159\/revisions\/33467"}],"up":[{"embeddable":true,"href":"https:\/\/www.sts-education.com\/pl\/wp-json\/wp\/v2\/pages\/5376"}],"wp:featuredmedia":[{"embeddable":true,"href":"https:\/\/www.sts-education.com\/pl\/wp-json\/wp\/v2\/media\/16081"}],"wp:attachment":[{"href":"https:\/\/www.sts-education.com\/pl\/wp-json\/wp\/v2\/media?parent=10159"}],"wp:term":[{"taxonomy":"wpw_page_folders","embeddable":true,"href":"https:\/\/www.sts-education.com\/pl\/wp-json\/wp\/v2\/wpw_page_folders?post=10159"}],"curies":[{"name":"wp","href":"https:\/\/api.w.org\/{rel}","templated":true}]}}