{"id":10162,"date":"2023-02-10T13:57:42","date_gmt":"2023-02-10T13:57:42","guid":{"rendered":"https:\/\/preprod.sts-education.com\/warunki-i-zasady\/nota-prawna\/"},"modified":"2026-04-01T02:41:54","modified_gmt":"2026-04-01T02:41:54","slug":"nota-prawna","status":"publish","type":"page","link":"https:\/\/www.sts-education.com\/pl\/warunki-i-zasady\/nota-prawna\/","title":{"rendered":"Nota Prawna"},"content":{"rendered":"\n<div class=\"wp-block-sts-text sts-text-editor has-max-width-md\"><div class=\"sts-text-editor__content\"><div class=\"sts-text-editor__content-inner\">\n<h1>Impressum<\/h1>\n<\/div><\/div><\/div>\n\n\n\n<div class=\"wp-block-sts-text sts-text-editor has-max-width-md\"><div class=\"sts-text-editor__content\"><div class=\"sts-text-editor__content-inner\">\n<p><strong>STS Education Nordic<\/strong><br>Kaserntorget 6<br>411 18 G\u00f6teborg<br>Sweden<br><a href=\"mailto:customercare@sts.se\">customercare@sts.se<\/a><\/p>\n\n<p><strong>Rejestr handlowy (odpowiednik KRS)<\/strong><\/p>\n\n<p>556721-0819<\/p>\n\n<p><strong>W\u0142a\u015bciwo\u015b\u0107 miejscowa S\u0105du<\/strong><\/p>\n\n<p>Gothenburg<\/p>\n\n<p><strong>Dyrektor generalny, CEO<\/strong><\/p>\n\n<p>Bj\u00f6rn Bengtsson<\/p>\n\n<p><strong>Numer Identyfikacji Podatkowej <\/strong><\/p>\n\n<p>VAT &#8211; SE559251311201<\/p>\n<\/div><\/div><\/div>\n\n","protected":false},"excerpt":{"rendered":"","protected":false},"author":20,"featured_media":0,"parent":10150,"menu_order":0,"comment_status":"closed","ping_status":"closed","template":"","meta":{"_acf_changed":false,"sts_page_background_color":"","footnotes":""},"wpw_page_folders":[95],"class_list":["post-10162","page","type-page","status-publish","hentry"],"acf":[],"yoast_head":"<!-- This site is optimized with the Yoast SEO Premium plugin v27.2 (Yoast SEO v27.2) - https:\/\/yoast.com\/product\/yoast-seo-premium-wordpress\/ -->\n<title>Impressum<\/title>\n<meta name=\"robots\" content=\"index, follow, max-snippet:-1, max-image-preview:large, max-video-preview:-1\" \/>\n<link rel=\"canonical\" href=\"https:\/\/www.sts-education.com\/pl\/warunki-i-zasady\/nota-prawna\/\" \/>\n<meta property=\"og:locale\" content=\"pl_PL\" \/>\n<meta property=\"og:type\" content=\"article\" \/>\n<meta property=\"og:title\" content=\"Nota Prawna\" \/>\n<meta property=\"og:url\" content=\"https:\/\/www.sts-education.com\/pl\/warunki-i-zasady\/nota-prawna\/\" \/>\n<meta property=\"og:site_name\" content=\"STS Education\" \/>\n<meta property=\"article:modified_time\" content=\"2026-04-01T02:41:54+00:00\" \/>\n<meta name=\"twitter:card\" content=\"summary_large_image\" \/>\n<script type=\"application\/ld+json\" class=\"yoast-schema-graph\">{\"@context\":\"https:\/\/schema.org\",\"@graph\":[{\"@type\":\"WebPage\",\"@id\":\"https:\/\/www.sts-education.com\/pl\/warunki-i-zasady\/nota-prawna\/\",\"url\":\"https:\/\/www.sts-education.com\/pl\/warunki-i-zasady\/nota-prawna\/\",\"name\":\"Impressum\",\"isPartOf\":{\"@id\":\"https:\/\/www.sts-education.com\/pl\/#website\"},\"datePublished\":\"2023-02-10T13:57:42+00:00\",\"dateModified\":\"2026-04-01T02:41:54+00:00\",\"breadcrumb\":{\"@id\":\"https:\/\/www.sts-education.com\/pl\/warunki-i-zasady\/nota-prawna\/#breadcrumb\"},\"inLanguage\":\"pl-PL\",\"potentialAction\":[{\"@type\":\"ReadAction\",\"target\":[\"https:\/\/www.sts-education.com\/pl\/warunki-i-zasady\/nota-prawna\/\"]}]},{\"@type\":\"BreadcrumbList\",\"@id\":\"https:\/\/www.sts-education.com\/pl\/warunki-i-zasady\/nota-prawna\/#breadcrumb\",\"itemListElement\":[{\"@type\":\"ListItem\",\"position\":1,\"name\":\"Home\",\"item\":\"https:\/\/www.sts-education.com\/pl\/\"},{\"@type\":\"ListItem\",\"position\":2,\"name\":\"Warunki I Zasady\",\"item\":\"https:\/\/www.sts-education.com\/pl\/warunki-i-zasady\/\"},{\"@type\":\"ListItem\",\"position\":3,\"name\":\"Nota Prawna\"}]},{\"@type\":\"WebSite\",\"@id\":\"https:\/\/www.sts-education.com\/pl\/#website\",\"url\":\"https:\/\/www.sts-education.com\/pl\/\",\"name\":\"STS Education\",\"description\":\"\",\"potentialAction\":[{\"@type\":\"SearchAction\",\"target\":{\"@type\":\"EntryPoint\",\"urlTemplate\":\"https:\/\/www.sts-education.com\/pl\/?s={search_term_string}\"},\"query-input\":{\"@type\":\"PropertyValueSpecification\",\"valueRequired\":true,\"valueName\":\"search_term_string\"}}],\"inLanguage\":\"pl-PL\"}]}<\/script>\n<!-- \/ Yoast SEO Premium plugin. -->","yoast_head_json":{"title":"Impressum","robots":{"index":"index","follow":"follow","max-snippet":"max-snippet:-1","max-image-preview":"max-image-preview:large","max-video-preview":"max-video-preview:-1"},"canonical":"https:\/\/www.sts-education.com\/pl\/warunki-i-zasady\/nota-prawna\/","og_locale":"pl_PL","og_type":"article","og_title":"Nota Prawna","og_url":"https:\/\/www.sts-education.com\/pl\/warunki-i-zasady\/nota-prawna\/","og_site_name":"STS Education","article_modified_time":"2026-04-01T02:41:54+00:00","twitter_card":"summary_large_image","schema":{"@context":"https:\/\/schema.org","@graph":[{"@type":"WebPage","@id":"https:\/\/www.sts-education.com\/pl\/warunki-i-zasady\/nota-prawna\/","url":"https:\/\/www.sts-education.com\/pl\/warunki-i-zasady\/nota-prawna\/","name":"Impressum","isPartOf":{"@id":"https:\/\/www.sts-education.com\/pl\/#website"},"datePublished":"2023-02-10T13:57:42+00:00","dateModified":"2026-04-01T02:41:54+00:00","breadcrumb":{"@id":"https:\/\/www.sts-education.com\/pl\/warunki-i-zasady\/nota-prawna\/#breadcrumb"},"inLanguage":"pl-PL","potentialAction":[{"@type":"ReadAction","target":["https:\/\/www.sts-education.com\/pl\/warunki-i-zasady\/nota-prawna\/"]}]},{"@type":"BreadcrumbList","@id":"https:\/\/www.sts-education.com\/pl\/warunki-i-zasady\/nota-prawna\/#breadcrumb","itemListElement":[{"@type":"ListItem","position":1,"name":"Home","item":"https:\/\/www.sts-education.com\/pl\/"},{"@type":"ListItem","position":2,"name":"Warunki I Zasady","item":"https:\/\/www.sts-education.com\/pl\/warunki-i-zasady\/"},{"@type":"ListItem","position":3,"name":"Nota Prawna"}]},{"@type":"WebSite","@id":"https:\/\/www.sts-education.com\/pl\/#website","url":"https:\/\/www.sts-education.com\/pl\/","name":"STS Education","description":"","potentialAction":[{"@type":"SearchAction","target":{"@type":"EntryPoint","urlTemplate":"https:\/\/www.sts-education.com\/pl\/?s={search_term_string}"},"query-input":{"@type":"PropertyValueSpecification","valueRequired":true,"valueName":"search_term_string"}}],"inLanguage":"pl-PL"}]}},"_links":{"self":[{"href":"https:\/\/www.sts-education.com\/pl\/wp-json\/wp\/v2\/pages\/10162","targetHints":{"allow":["GET"]}}],"collection":[{"href":"https:\/\/www.sts-education.com\/pl\/wp-json\/wp\/v2\/pages"}],"about":[{"href":"https:\/\/www.sts-education.com\/pl\/wp-json\/wp\/v2\/types\/page"}],"author":[{"embeddable":true,"href":"https:\/\/www.sts-education.com\/pl\/wp-json\/wp\/v2\/users\/20"}],"replies":[{"embeddable":true,"href":"https:\/\/www.sts-education.com\/pl\/wp-json\/wp\/v2\/comments?post=10162"}],"version-history":[{"count":2,"href":"https:\/\/www.sts-education.com\/pl\/wp-json\/wp\/v2\/pages\/10162\/revisions"}],"predecessor-version":[{"id":20586,"href":"https:\/\/www.sts-education.com\/pl\/wp-json\/wp\/v2\/pages\/10162\/revisions\/20586"}],"up":[{"embeddable":true,"href":"https:\/\/www.sts-education.com\/pl\/wp-json\/wp\/v2\/pages\/10150"}],"wp:attachment":[{"href":"https:\/\/www.sts-education.com\/pl\/wp-json\/wp\/v2\/media?parent=10162"}],"wp:term":[{"taxonomy":"wpw_page_folders","embeddable":true,"href":"https:\/\/www.sts-education.com\/pl\/wp-json\/wp\/v2\/wpw_page_folders?post=10162"}],"curies":[{"name":"wp","href":"https:\/\/api.w.org\/{rel}","templated":true}]}}