{"id":10163,"date":"2025-12-15T15:48:25","date_gmt":"2025-12-15T15:48:25","guid":{"rendered":"https:\/\/preprod.sts-education.com\/warunki-i-zasady\/pliki-cookie\/"},"modified":"2026-04-14T09:58:58","modified_gmt":"2026-04-14T09:58:58","slug":"pliki-cookie","status":"publish","type":"page","link":"https:\/\/www.sts-education.com\/pl\/warunki-i-zasady\/pliki-cookie\/","title":{"rendered":"Pliki Cookie"},"content":{"rendered":"\n<div class=\"wp-block-sts-text sts-text-editor has-max-width-md\"><div class=\"sts-text-editor__content\"><div class=\"sts-text-editor__content-inner\">\n<h1>INFORMACJE O PLIKACH COOKIE NA sts-education.pl<\/h1>\n<\/div><\/div><\/div>\n\n\n\n<div class=\"wp-block-sts-text sts-text-editor has-max-width-md\"><div class=\"sts-text-editor__content\"><div class=\"sts-text-editor__content-inner\">\n<p><span>Podczas wizyty na naszej stronie internetowej, w Twojej przegl\u0105darce umieszczane s\u0105 pliki cookie w nast\u0119puj\u0105cych celach:<\/span><\/p>\n\n<ul><li>Aby zapami\u0119ta\u0107 preferowane ustawienia j\u0119zykowe<\/li>\n<li>Aby strona dzia\u0142a\u0142a poprawnie<\/li><\/ul>\n\n<p>Je\u015bli wyrazisz na to zgod\u0119, pliki cookie b\u0119d\u0105 r\u00f3wnie\u017c umieszczane w Twojej przegl\u0105darce, aby\u015bmy mogli:<\/p>\n\n<ul><li>Analizowa\u0107 spos\u00f3b, w jaki korzystasz z naszej strony internetowej<\/li><\/ul>\n\n<p>Aby\u015bmy mogli dostarcza\u0107 Ci odpowiednie oferty i materia\u0142y marketingowe, jako STS Education, nr rej. 559251-3112 (\u201eSTS\u201d), chcemy zachowa\u0107 przejrzysto\u015b\u0107 w sposobie korzystania z plik\u00f3w cookie, jak r\u00f3wnie\u017c poinformowa\u0107 Ci\u0119, w jaki spos\u00f3b b\u0119dziemy korzysta\u0107 z plik\u00f3w cookie.<\/p>\n\n<p>Nie u\u017cywamy \u017cadnych plik\u00f3w cookie o zaawansowanym zastosowaniu. U\u017cywamy tylko zwyk\u0142ych plik\u00f3w cookie do standardowych zastosowa\u0144, tzw. \u201ehttp cookies\u201d i \u201escript cookies\u201d. Mimo \u017ce te pliki cookie nie s\u0105 przeznaczone do zaawansowanych zastosowa\u0144, niekt\u00f3re z nich b\u0119d\u0105 gromadzi\u0107 dane osobowe, takie jak adres IP. Informacje o tym, jak przetwarzamy Twoje dane osobowe, w tym w jaki spos\u00f3b przekazujemy Twoje dane osobowe poza UE\/EOG oraz jakie masz prawa w zwi\u0105zku z przetwarzaniem przez nas Twoich danych osobowych, znajdziesz w naszej <a href=\"https:\/\/www.sts-education.com\/pl\/warunki-i-zasady\/polityka-prywatnosci-sts\/\">Polityce Prywatno\u015bci<\/a>.<\/p>\n\n<h2>Z kim si\u0119 skontaktowa\u0107?<\/h2>\n\n<p>Je\u015bli masz pytania lub chcesz uzyska\u0107 wi\u0119cej informacji na temat korzystania przez nas z plik\u00f3w cookie, skontaktuj si\u0119 z nami pod adresem:<\/p>\n\n<p>Adres: Norra Hamngatan 36, 411 06 G\u00f6teborg, Szwecja<\/p>\n\n<p>Adres e-mail: dataprotection@sts.se<\/p>\n\n<p>Nr tel.: +46 771-20 20 40<\/p>\n\n<p>W przypadku jakichkolwiek pyta\u0144 dotycz\u0105cych plik\u00f3w cookie mo\u017cesz r\u00f3wnie\u017c skontaktowa\u0107 si\u0119 z lokalnym organem nadzorczym.<\/p>\n\n<h2>Jak unika\u0107 plik\u00f3w cookie<\/h2>\n\n<p>Gdy odwiedzasz nasz\u0105 stron\u0119 internetow\u0105, automatycznie umieszczamy w Twojej przegl\u0105darce okre\u015blone pliki cookie, kt\u00f3re s\u0105 przechowywane tylko podczas Twojej wizyty na naszej stronie internetowej (sesyjne pliki cookie). Opr\u00f3cz sesyjnych plik\u00f3w cookie stosujemy r\u00f3wnie\u017c trwa\u0142e pliki cookie, kt\u00f3re s\u0105 przechowywane w Twojej przegl\u0105darce przez d\u0142u\u017cszy czas.<\/p>\n\n<p>Je\u015bli nie wyra\u017casz zgody na stosowanie plik\u00f3w cookie, Twoja przegl\u0105darka mo\u017ce by\u0107 skonfigurowana tak, aby automatycznie odrzuca\u0142a pliki cookie. Mo\u017cesz wy\u0142\u0105czy\u0107 pliki cookie za pomoc\u0105 naszego rozwi\u0105zania do zarz\u0105dzania plikami cookie. Za po\u015brednictwem przegl\u0105darki mo\u017cesz r\u00f3wnie\u017c sprawdzi\u0107, kt\u00f3re trwa\u0142e pliki cookie zosta\u0142y umieszczone w Twojej przegl\u0105darce i je usun\u0105\u0107. W ka\u017cdej chwili mo\u017cesz wycofa\u0107 swoj\u0105 zgod\u0119. Wystarczy klikn\u0105\u0107 przycisk ustawie\u0144 w lewym dolnym rogu strony, aby dok\u0142adnie zobaczy\u0107, jakich plik\u00f3w cookie u\u017cywamy i czy chcesz udzieli\u0107 zgody na ich stosowanie. Mo\u017ce to jednak oznacza\u0107, \u017ce nasza strona internetowa nie b\u0119dzie dzia\u0142a\u0107 prawid\u0142owo.<\/p>\n\n<h2>Pliki cookie umieszczane w Twojej przegl\u0105darce na podstawie udzielonej przez Ciebie zgody<\/h2>\n\n<p>Pliki cookie, kt\u00f3re umieszczamy w celu analizy sposobu korzystania przez Ciebie z naszej witryny internetowej oraz wy\u015bwietlania odpowiednich ofert i materia\u0142\u00f3w marketingowych, nie s\u0105 bezwzgl\u0119dnie niezb\u0119dne do poprawno\u015bci dzia\u0142ania strony internetowej i jej funkcjonalno\u015bci. Dlatego umieszczamy te pliki cookie w Twojej przegl\u0105darce tylko wtedy, gdy wyrazisz na to zgod\u0119.<\/p>\n\n<p>Je\u015bli zdecydujesz si\u0119 nie udzieli\u0107 zgody na umieszczanie plik\u00f3w cookie lub je\u015bli ustawisz przegl\u0105dark\u0119 tak, aby automatycznie odrzuca\u0142a okre\u015blone pliki cookie, otrzymamy mniej informacji do analizy sposobu, w jaki korzystasz z naszej witryny i nie b\u0119dziemy mogli wy\u015bwietla\u0107 Ci dostosowanych do Ciebie ofert i materia\u0142\u00f3w marketingowych.<\/p>\n\n<h2>W jaki spos\u00f3b wykorzystujemy r\u00f3\u017cne pliki cookie<\/h2>\n\n<h3>W celu poprawy funkcjonalno\u015bci naszej strony internetowej<\/h3>\n\n<p>Umieszczamy pliki cookie s\u0105 w Twojej przegl\u0105darce, aby strona internetowa dzia\u0142a\u0142a poprawnie od strony technicznej. Te pliki cookie umo\u017cliwiaj\u0105 nam m.in. identyfikowa\u0107 dzia\u0142ania wykonane przez Twoj\u0105 przegl\u0105dark\u0119 i \u015bledzi\u0107 Twoj\u0105 sesj\u0119, tworz\u0105c losowy identyfikator dla Twojej przegl\u0105darki.<\/p>\n\n<p>Aby mie\u0107 pewno\u015b\u0107, \u017ce nasza strona internetowa i jej funkcje dzia\u0142aj\u0105 jak najlepiej, np. czat itp., umieszczamy w Twojej przegl\u0105darce pliki cookie firmy Microsoft, np. aby roz\u0142o\u017cy\u0107 dystrybucj\u0119 ruchu sieciowego pomi\u0119dzy kilka serwer\u00f3w.<\/p>\n\n<h3>W celu zapami\u0119tania Twoich wybor\u00f3w<\/h3>\n\n<p>Umieszczane w Twojej przegl\u0105darce niezb\u0119dne pliki cookie s\u0105 konieczne do \u015bwiadczenia us\u0142ug online na Twoje \u017c\u0105danie. S\u0105 one niezb\u0119dne do funkcjonowania naszej strony internetowej oraz do zapami\u0119tania dokonanych przez Ciebie wybor\u00f3w podczas pierwszej wizyty na naszej stronie internetowej. Obejmuje to na przyk\u0142ad ustawienia j\u0119zykowe.<br>Je\u015bli ustawi\u0142e\u015b przegl\u0105dark\u0119 tak, aby automatycznie odrzuca\u0142a te pliki cookie, strona internetowa nie b\u0119dzie dzia\u0142a\u0107 zgodnie ze swoim przeznaczeniem. Ogranicza to r\u00f3wnie\u017c nasz\u0105 zdolno\u015b\u0107 do zapami\u0119tania preferowanych dla strony internetowej ustawie\u0144 j\u0119zykowych.<\/p>\n\n<h3>W celu analizy sposobu, w jaki spos\u00f3b korzystasz z naszej strony internetowej<\/h3>\n\n<p>Aby przeanalizowa\u0107 spos\u00f3b, w jaki korzystasz z naszej witryny, umieszczamy pliki cookie, kt\u00f3re zbieraj\u0105 informacje, takie jak Tw\u00f3j adres IP i po\u0142o\u017cenie geograficzne (wy\u0142\u0105cznie na poziomie zagregowanym, a nie dok\u0142adny adres) oraz informacje dotycz\u0105ce sposobu korzystania z naszej witryny, np. w co klikasz. Zbieraj\u0105 r\u00f3wnie\u017c informacje o Twoim ruchu na stronie oraz o najcz\u0119\u015bciej odwiedzanych podstronach. Opr\u00f3cz tego b\u0119dziemy r\u00f3wnie\u017c mieli dost\u0119p do skompilowanych statystyk, m.in. ilu go\u015bci odwiedza nasz\u0105 stron\u0119 internetow\u0105. Wszystkie informacje zebrane za pomoc\u0105 tych plik\u00f3w cookie s\u0105 agregowane, co oznacza, \u017ce s\u0105 one anonimowe. Je\u015bli nie zezwolisz na umieszczanie tych plik\u00f3w cookie, nie b\u0119dziemy mogli zapewni\u0107 Ci spersonalizowanej obs\u0142ugi.<\/p>\n\n<h3>W celu przedstawienia Ci odpowiednich ofert i materia\u0142\u00f3w marketingowych<\/h3>\n\n<p>Aby otrzymywa\u0107 od nas dopasowane do Ciebie informacje marketingowe, umieszczamy plik cookie, kt\u00f3ry generuje informacje statystyczne na temat sposobu, w jaki korzystasz z naszej witryny.<\/p>\n\n<p>Plik cookie umieszcza w Twojej przegl\u0105darce unikalny identyfikator, dzi\u0119ki kt\u00f3remu wiemy, kt\u00f3ry baner lub reklam\u0119 w mediach spo\u0142eczno\u015bciowych i innych miejscach klikn\u0105\u0142e\u015b, aby przej\u015b\u0107 do naszej witryny, oraz w jaki spos\u00f3b wchodzisz z nami w interakcj\u0119.<\/p>\n\n<p>Nast\u0119pnie przekazujemy Tw\u00f3j unikalny identyfikator stronie trzeciej, kt\u00f3ra wy\u015bwietla spersonalizowane materia\u0142y marketingowe potencjalnym, podobnym do Ciebie go\u015bciom przechodz\u0105cym na nasz\u0105 stron\u0119 internetow\u0105 za po\u015brednictwem kana\u0142\u00f3w cyfrowych, medi\u00f3w spo\u0142eczno\u015bciowych i\/lub stron internetowych os\u00f3b trzecich.<\/p>\n\n<p>Oznacza to r\u00f3wnie\u017c, \u017ce je\u015bli korzystasz z innych stron internetowych, na kt\u00f3re przeszed\u0142e\u015b z naszej witryny, b\u0119d\u0105 Ci si\u0119 wy\u015bwietla\u0142y wyniki wyszukiwania oraz banery z STS. Je\u015bli nie zezwolisz na te pliki cookie, b\u0119dzie Ci si\u0119 wy\u015bwietla\u0107 mniej spersonalizowanych reklam.<\/p>\n<\/div><\/div><\/div>\n","protected":false},"excerpt":{"rendered":"","protected":false},"author":20,"featured_media":0,"parent":10150,"menu_order":0,"comment_status":"closed","ping_status":"closed","template":"templates\/template-default-with-breadcrumbs.php","meta":{"_acf_changed":false,"sts_page_background_color":"","footnotes":""},"wpw_page_folders":[95],"class_list":["post-10163","page","type-page","status-publish","hentry"],"acf":[],"yoast_head":"<!-- This site is optimized with the Yoast SEO Premium plugin v27.2 (Yoast SEO v27.3) - https:\/\/yoast.com\/product\/yoast-seo-premium-wordpress\/ -->\n<title>Cookies<\/title>\n<meta name=\"robots\" content=\"index, follow, max-snippet:-1, max-image-preview:large, max-video-preview:-1\" \/>\n<link rel=\"canonical\" href=\"https:\/\/www.sts-education.com\/pl\/warunki-i-zasady\/pliki-cookie\/\" \/>\n<meta property=\"og:locale\" content=\"pl_PL\" \/>\n<meta property=\"og:type\" content=\"article\" \/>\n<meta property=\"og:title\" content=\"Pliki Cookie\" \/>\n<meta property=\"og:url\" content=\"https:\/\/www.sts-education.com\/pl\/warunki-i-zasady\/pliki-cookie\/\" \/>\n<meta property=\"og:site_name\" content=\"STS Education\" \/>\n<meta property=\"article:modified_time\" content=\"2026-04-14T09:58:58+00:00\" \/>\n<meta name=\"twitter:card\" content=\"summary_large_image\" \/>\n<meta name=\"twitter:label1\" content=\"Szacowany czas czytania\" \/>\n\t<meta name=\"twitter:data1\" content=\"5 minut\" \/>\n<script type=\"application\/ld+json\" class=\"yoast-schema-graph\">{\"@context\":\"https:\\\/\\\/schema.org\",\"@graph\":[{\"@type\":\"WebPage\",\"@id\":\"https:\\\/\\\/www.sts-education.com\\\/pl\\\/warunki-i-zasady\\\/pliki-cookie\\\/\",\"url\":\"https:\\\/\\\/www.sts-education.com\\\/pl\\\/warunki-i-zasady\\\/pliki-cookie\\\/\",\"name\":\"Cookies\",\"isPartOf\":{\"@id\":\"https:\\\/\\\/www.sts-education.com\\\/pl\\\/#website\"},\"datePublished\":\"2025-12-15T15:48:25+00:00\",\"dateModified\":\"2026-04-14T09:58:58+00:00\",\"breadcrumb\":{\"@id\":\"https:\\\/\\\/www.sts-education.com\\\/pl\\\/warunki-i-zasady\\\/pliki-cookie\\\/#breadcrumb\"},\"inLanguage\":\"pl-PL\",\"potentialAction\":[{\"@type\":\"ReadAction\",\"target\":[\"https:\\\/\\\/www.sts-education.com\\\/pl\\\/warunki-i-zasady\\\/pliki-cookie\\\/\"]}]},{\"@type\":\"BreadcrumbList\",\"@id\":\"https:\\\/\\\/www.sts-education.com\\\/pl\\\/warunki-i-zasady\\\/pliki-cookie\\\/#breadcrumb\",\"itemListElement\":[{\"@type\":\"ListItem\",\"position\":1,\"name\":\"Home\",\"item\":\"https:\\\/\\\/www.sts-education.com\\\/pl\\\/\"},{\"@type\":\"ListItem\",\"position\":2,\"name\":\"Warunki I Zasady\",\"item\":\"https:\\\/\\\/www.sts-education.com\\\/pl\\\/warunki-i-zasady\\\/\"},{\"@type\":\"ListItem\",\"position\":3,\"name\":\"Pliki Cookie\"}]},{\"@type\":\"WebSite\",\"@id\":\"https:\\\/\\\/www.sts-education.com\\\/pl\\\/#website\",\"url\":\"https:\\\/\\\/www.sts-education.com\\\/pl\\\/\",\"name\":\"STS Education\",\"description\":\"\",\"potentialAction\":[{\"@type\":\"SearchAction\",\"target\":{\"@type\":\"EntryPoint\",\"urlTemplate\":\"https:\\\/\\\/www.sts-education.com\\\/pl\\\/?s={search_term_string}\"},\"query-input\":{\"@type\":\"PropertyValueSpecification\",\"valueRequired\":true,\"valueName\":\"search_term_string\"}}],\"inLanguage\":\"pl-PL\"}]}<\/script>\n<!-- \/ Yoast SEO Premium plugin. -->","yoast_head_json":{"title":"Cookies","robots":{"index":"index","follow":"follow","max-snippet":"max-snippet:-1","max-image-preview":"max-image-preview:large","max-video-preview":"max-video-preview:-1"},"canonical":"https:\/\/www.sts-education.com\/pl\/warunki-i-zasady\/pliki-cookie\/","og_locale":"pl_PL","og_type":"article","og_title":"Pliki Cookie","og_url":"https:\/\/www.sts-education.com\/pl\/warunki-i-zasady\/pliki-cookie\/","og_site_name":"STS Education","article_modified_time":"2026-04-14T09:58:58+00:00","twitter_card":"summary_large_image","twitter_misc":{"Szacowany czas czytania":"5 minut"},"schema":{"@context":"https:\/\/schema.org","@graph":[{"@type":"WebPage","@id":"https:\/\/www.sts-education.com\/pl\/warunki-i-zasady\/pliki-cookie\/","url":"https:\/\/www.sts-education.com\/pl\/warunki-i-zasady\/pliki-cookie\/","name":"Cookies","isPartOf":{"@id":"https:\/\/www.sts-education.com\/pl\/#website"},"datePublished":"2025-12-15T15:48:25+00:00","dateModified":"2026-04-14T09:58:58+00:00","breadcrumb":{"@id":"https:\/\/www.sts-education.com\/pl\/warunki-i-zasady\/pliki-cookie\/#breadcrumb"},"inLanguage":"pl-PL","potentialAction":[{"@type":"ReadAction","target":["https:\/\/www.sts-education.com\/pl\/warunki-i-zasady\/pliki-cookie\/"]}]},{"@type":"BreadcrumbList","@id":"https:\/\/www.sts-education.com\/pl\/warunki-i-zasady\/pliki-cookie\/#breadcrumb","itemListElement":[{"@type":"ListItem","position":1,"name":"Home","item":"https:\/\/www.sts-education.com\/pl\/"},{"@type":"ListItem","position":2,"name":"Warunki I Zasady","item":"https:\/\/www.sts-education.com\/pl\/warunki-i-zasady\/"},{"@type":"ListItem","position":3,"name":"Pliki Cookie"}]},{"@type":"WebSite","@id":"https:\/\/www.sts-education.com\/pl\/#website","url":"https:\/\/www.sts-education.com\/pl\/","name":"STS Education","description":"","potentialAction":[{"@type":"SearchAction","target":{"@type":"EntryPoint","urlTemplate":"https:\/\/www.sts-education.com\/pl\/?s={search_term_string}"},"query-input":{"@type":"PropertyValueSpecification","valueRequired":true,"valueName":"search_term_string"}}],"inLanguage":"pl-PL"}]}},"_links":{"self":[{"href":"https:\/\/www.sts-education.com\/pl\/wp-json\/wp\/v2\/pages\/10163","targetHints":{"allow":["GET"]}}],"collection":[{"href":"https:\/\/www.sts-education.com\/pl\/wp-json\/wp\/v2\/pages"}],"about":[{"href":"https:\/\/www.sts-education.com\/pl\/wp-json\/wp\/v2\/types\/page"}],"author":[{"embeddable":true,"href":"https:\/\/www.sts-education.com\/pl\/wp-json\/wp\/v2\/users\/20"}],"replies":[{"embeddable":true,"href":"https:\/\/www.sts-education.com\/pl\/wp-json\/wp\/v2\/comments?post=10163"}],"version-history":[{"count":4,"href":"https:\/\/www.sts-education.com\/pl\/wp-json\/wp\/v2\/pages\/10163\/revisions"}],"predecessor-version":[{"id":33469,"href":"https:\/\/www.sts-education.com\/pl\/wp-json\/wp\/v2\/pages\/10163\/revisions\/33469"}],"up":[{"embeddable":true,"href":"https:\/\/www.sts-education.com\/pl\/wp-json\/wp\/v2\/pages\/10150"}],"wp:attachment":[{"href":"https:\/\/www.sts-education.com\/pl\/wp-json\/wp\/v2\/media?parent=10163"}],"wp:term":[{"taxonomy":"wpw_page_folders","embeddable":true,"href":"https:\/\/www.sts-education.com\/pl\/wp-json\/wp\/v2\/wpw_page_folders?post=10163"}],"curies":[{"name":"wp","href":"https:\/\/api.w.org\/{rel}","templated":true}]}}