{"id":10164,"date":"2025-10-27T09:40:19","date_gmt":"2025-10-27T09:40:19","guid":{"rendered":"https:\/\/preprod.sts-education.com\/warunki-i-zasady\/polityka-prywatnosci-sts\/"},"modified":"2026-04-09T13:38:37","modified_gmt":"2026-04-09T13:38:37","slug":"polityka-prywatnosci-sts","status":"publish","type":"page","link":"https:\/\/www.sts-education.com\/pl\/warunki-i-zasady\/polityka-prywatnosci-sts\/","title":{"rendered":"Polityka Prywatnosci STS"},"content":{"rendered":"\n<div class=\"wp-block-sts-text sts-text-editor has-max-width-md\"><div class=\"sts-text-editor__content\"><div class=\"sts-text-editor__content-inner\">\n<h1>STS Privacy Policy<\/h1>\n<\/div><\/div><\/div>\n\n\n\n<div class=\"wp-block-sts-text sts-text-editor has-max-width-md\"><div class=\"sts-text-editor__content\"><div class=\"sts-text-editor__content-inner\">\n<p>We at STS care about data protection and your privacy. In this privacy policy, we want to inform you about how we process your personal data and what rights you have when you use our website. Personal data is all information that relates to you, for example name and email addresses.<\/p>\n<p>We mainly process your personal data for the following purposes:<\/p>\n<ul>\n<li>to market our services and send newsletters or brochures to you on your request;<\/li>\n<li>to answer your questions about our services;<\/li>\n<li>to sign you up to attend to one of our meetings;<\/li>\n<li>to administer your interest application for High School, to become a host family or to become an ambassador; and<\/li>\n<li>to make a preliminary assessment of your application to participate in one of our trips.<\/li>\n<\/ul>\n<p>Chcesz dowiedzie\u0107 si\u0119 wi\u0119cej? Zapoznaj si\u0119 z nasz\u0105 polityk\u0105 prywatno\u015bci w poni\u017cszym dokumencie.<\/p>\n<p><a href=\"https:\/\/powered-by.qbank.se\/educatius\/sts\/6a7f689aac953c4d1fe6d76ed1e3c018_pdf.pdf?v=20260409153337\" target=\"_blank\" rel=\"noopener noreferrer\">STS Privat Policy<\/a><\/p>\n<\/div><\/div><\/div>\n","protected":false},"excerpt":{"rendered":"","protected":false},"author":20,"featured_media":0,"parent":10150,"menu_order":0,"comment_status":"closed","ping_status":"open","template":"","meta":{"_acf_changed":false,"sts_page_background_color":"","footnotes":""},"wpw_page_folders":[95],"class_list":["post-10164","page","type-page","status-publish","hentry"],"acf":[],"yoast_head":"<!-- This site is optimized with the Yoast SEO Premium plugin v27.2 (Yoast SEO v27.3) - https:\/\/yoast.com\/product\/yoast-seo-premium-wordpress\/ -->\n<title>STS Privacy Policy<\/title>\n<meta name=\"robots\" content=\"index, follow, max-snippet:-1, max-image-preview:large, max-video-preview:-1\" \/>\n<link rel=\"canonical\" href=\"https:\/\/www.sts-education.com\/pl\/warunki-i-zasady\/polityka-prywatnosci-sts\/\" \/>\n<meta property=\"og:locale\" content=\"pl_PL\" \/>\n<meta property=\"og:type\" content=\"article\" \/>\n<meta property=\"og:title\" content=\"Polityka Prywatnosci STS\" \/>\n<meta property=\"og:url\" content=\"https:\/\/www.sts-education.com\/pl\/warunki-i-zasady\/polityka-prywatnosci-sts\/\" \/>\n<meta property=\"og:site_name\" content=\"STS Education\" \/>\n<meta property=\"article:modified_time\" content=\"2026-04-09T13:38:37+00:00\" \/>\n<meta name=\"twitter:card\" content=\"summary_large_image\" \/>\n<meta name=\"twitter:label1\" content=\"Szacowany czas czytania\" \/>\n\t<meta name=\"twitter:data1\" content=\"1 minuta\" \/>\n<script type=\"application\/ld+json\" class=\"yoast-schema-graph\">{\"@context\":\"https:\\\/\\\/schema.org\",\"@graph\":[{\"@type\":\"WebPage\",\"@id\":\"https:\\\/\\\/www.sts-education.com\\\/pl\\\/warunki-i-zasady\\\/polityka-prywatnosci-sts\\\/\",\"url\":\"https:\\\/\\\/www.sts-education.com\\\/pl\\\/warunki-i-zasady\\\/polityka-prywatnosci-sts\\\/\",\"name\":\"STS Privacy Policy\",\"isPartOf\":{\"@id\":\"https:\\\/\\\/www.sts-education.com\\\/pl\\\/#website\"},\"datePublished\":\"2025-10-27T09:40:19+00:00\",\"dateModified\":\"2026-04-09T13:38:37+00:00\",\"breadcrumb\":{\"@id\":\"https:\\\/\\\/www.sts-education.com\\\/pl\\\/warunki-i-zasady\\\/polityka-prywatnosci-sts\\\/#breadcrumb\"},\"inLanguage\":\"pl-PL\",\"potentialAction\":[{\"@type\":\"ReadAction\",\"target\":[\"https:\\\/\\\/www.sts-education.com\\\/pl\\\/warunki-i-zasady\\\/polityka-prywatnosci-sts\\\/\"]}]},{\"@type\":\"BreadcrumbList\",\"@id\":\"https:\\\/\\\/www.sts-education.com\\\/pl\\\/warunki-i-zasady\\\/polityka-prywatnosci-sts\\\/#breadcrumb\",\"itemListElement\":[{\"@type\":\"ListItem\",\"position\":1,\"name\":\"Home\",\"item\":\"https:\\\/\\\/www.sts-education.com\\\/pl\\\/\"},{\"@type\":\"ListItem\",\"position\":2,\"name\":\"Warunki I Zasady\",\"item\":\"https:\\\/\\\/www.sts-education.com\\\/pl\\\/warunki-i-zasady\\\/\"},{\"@type\":\"ListItem\",\"position\":3,\"name\":\"Polityka Prywatnosci STS\"}]},{\"@type\":\"WebSite\",\"@id\":\"https:\\\/\\\/www.sts-education.com\\\/pl\\\/#website\",\"url\":\"https:\\\/\\\/www.sts-education.com\\\/pl\\\/\",\"name\":\"STS Education\",\"description\":\"\",\"potentialAction\":[{\"@type\":\"SearchAction\",\"target\":{\"@type\":\"EntryPoint\",\"urlTemplate\":\"https:\\\/\\\/www.sts-education.com\\\/pl\\\/?s={search_term_string}\"},\"query-input\":{\"@type\":\"PropertyValueSpecification\",\"valueRequired\":true,\"valueName\":\"search_term_string\"}}],\"inLanguage\":\"pl-PL\"}]}<\/script>\n<!-- \/ Yoast SEO Premium plugin. -->","yoast_head_json":{"title":"STS Privacy Policy","robots":{"index":"index","follow":"follow","max-snippet":"max-snippet:-1","max-image-preview":"max-image-preview:large","max-video-preview":"max-video-preview:-1"},"canonical":"https:\/\/www.sts-education.com\/pl\/warunki-i-zasady\/polityka-prywatnosci-sts\/","og_locale":"pl_PL","og_type":"article","og_title":"Polityka Prywatnosci STS","og_url":"https:\/\/www.sts-education.com\/pl\/warunki-i-zasady\/polityka-prywatnosci-sts\/","og_site_name":"STS Education","article_modified_time":"2026-04-09T13:38:37+00:00","twitter_card":"summary_large_image","twitter_misc":{"Szacowany czas czytania":"1 minuta"},"schema":{"@context":"https:\/\/schema.org","@graph":[{"@type":"WebPage","@id":"https:\/\/www.sts-education.com\/pl\/warunki-i-zasady\/polityka-prywatnosci-sts\/","url":"https:\/\/www.sts-education.com\/pl\/warunki-i-zasady\/polityka-prywatnosci-sts\/","name":"STS Privacy Policy","isPartOf":{"@id":"https:\/\/www.sts-education.com\/pl\/#website"},"datePublished":"2025-10-27T09:40:19+00:00","dateModified":"2026-04-09T13:38:37+00:00","breadcrumb":{"@id":"https:\/\/www.sts-education.com\/pl\/warunki-i-zasady\/polityka-prywatnosci-sts\/#breadcrumb"},"inLanguage":"pl-PL","potentialAction":[{"@type":"ReadAction","target":["https:\/\/www.sts-education.com\/pl\/warunki-i-zasady\/polityka-prywatnosci-sts\/"]}]},{"@type":"BreadcrumbList","@id":"https:\/\/www.sts-education.com\/pl\/warunki-i-zasady\/polityka-prywatnosci-sts\/#breadcrumb","itemListElement":[{"@type":"ListItem","position":1,"name":"Home","item":"https:\/\/www.sts-education.com\/pl\/"},{"@type":"ListItem","position":2,"name":"Warunki I Zasady","item":"https:\/\/www.sts-education.com\/pl\/warunki-i-zasady\/"},{"@type":"ListItem","position":3,"name":"Polityka Prywatnosci STS"}]},{"@type":"WebSite","@id":"https:\/\/www.sts-education.com\/pl\/#website","url":"https:\/\/www.sts-education.com\/pl\/","name":"STS Education","description":"","potentialAction":[{"@type":"SearchAction","target":{"@type":"EntryPoint","urlTemplate":"https:\/\/www.sts-education.com\/pl\/?s={search_term_string}"},"query-input":{"@type":"PropertyValueSpecification","valueRequired":true,"valueName":"search_term_string"}}],"inLanguage":"pl-PL"}]}},"_links":{"self":[{"href":"https:\/\/www.sts-education.com\/pl\/wp-json\/wp\/v2\/pages\/10164","targetHints":{"allow":["GET"]}}],"collection":[{"href":"https:\/\/www.sts-education.com\/pl\/wp-json\/wp\/v2\/pages"}],"about":[{"href":"https:\/\/www.sts-education.com\/pl\/wp-json\/wp\/v2\/types\/page"}],"author":[{"embeddable":true,"href":"https:\/\/www.sts-education.com\/pl\/wp-json\/wp\/v2\/users\/20"}],"replies":[{"embeddable":true,"href":"https:\/\/www.sts-education.com\/pl\/wp-json\/wp\/v2\/comments?post=10164"}],"version-history":[{"count":4,"href":"https:\/\/www.sts-education.com\/pl\/wp-json\/wp\/v2\/pages\/10164\/revisions"}],"predecessor-version":[{"id":31735,"href":"https:\/\/www.sts-education.com\/pl\/wp-json\/wp\/v2\/pages\/10164\/revisions\/31735"}],"up":[{"embeddable":true,"href":"https:\/\/www.sts-education.com\/pl\/wp-json\/wp\/v2\/pages\/10150"}],"wp:attachment":[{"href":"https:\/\/www.sts-education.com\/pl\/wp-json\/wp\/v2\/media?parent=10164"}],"wp:term":[{"taxonomy":"wpw_page_folders","embeddable":true,"href":"https:\/\/www.sts-education.com\/pl\/wp-json\/wp\/v2\/wpw_page_folders?post=10164"}],"curies":[{"name":"wp","href":"https:\/\/api.w.org\/{rel}","templated":true}]}}