{"id":10165,"date":"2023-06-01T12:32:11","date_gmt":"2023-06-01T12:32:11","guid":{"rendered":"https:\/\/preprod.sts-education.com\/szkola-srednia\/fakty-i-informacje-o-cenach\/oferty-i-rabaty\/"},"modified":"2026-04-15T15:03:57","modified_gmt":"2026-04-15T15:03:57","slug":"oferty-i-rabaty","status":"publish","type":"page","link":"https:\/\/www.sts-education.com\/pl\/szkola-srednia\/fakty-i-informacje-o-cenach\/oferty-i-rabaty\/","title":{"rendered":"Oferty I Rabaty"},"content":{"rendered":"\n<section class=\"wp-block-sts-hero sts-block-hero is-variant-full-background has-text-light has-background-media\" style=\"--sts-hero-padding-mobile:0px;--sts-hero-padding-desktop:0px;--sts-hero-text-color:var(--wp--preset--color--base-10, #fff)\" data-variant=\"full-background\"><div class=\"sts-block-hero__background\"><picture class=\"sts-responsive-image has-fit-cover is-skeleton\"><img src=\"https:\/\/cdn.sts-education.com\/12640_hero_lg_xl.jpg\" alt=\"Oferty i rabaty\" loading=\"lazy\" decoding=\"async\" fetchpriority=\"low\" sizes=\"100vw\" \/><\/picture><span class=\"sts-block-hero__overlay\" aria-hidden=\"true\"><\/span><\/div><div class=\"sts-block-hero__inner\"><div class=\"sts-block-hero__content has-align-center\"><div class=\"sts-block-hero__content-inner\"><h1 class=\"sts-block-hero__heading\">Oferty i rabaty<\/h1><\/div><\/div><\/div><\/section>\n\n\n\n<div class=\"wp-block-sts-text sts-text-editor has-max-width-md\"><div class=\"sts-text-editor__content\"><div class=\"sts-text-editor__content-inner\">\n<p>Czy zamierzasz by\u0107 uczniem na wymianie z STS High School? Je\u015bli tak, mo\u017cesz sprawdzi\u0107, czy nasze oferty specjalne mog\u0105 zapewni\u0107 Ci lepsz\u0105 cen\u0119. S\u0105 to aktualnie obowi\u0105zuj\u0105ce oferty. Skontaktuj si\u0119 z nami, aby uzyska\u0107 wi\u0119cej informacji.<\/p>\n<h2>Spe\u0142nij swoje marzenie<\/h2>\n<p>Teraz jest idealny moment, aby zaplanowa\u0107 wymian\u0119 szkoln\u0105. Wszystkie programy na rok 2027 s\u0105 otwarte, co daje Ci swobod\u0119 wyboru dok\u0142adnie tego, o czym marzysz \u2013 USA, Australia, Wielka Brytania, Irlandia lub zupe\u0142nie inne miejsce. Zg\u0142o\u015b si\u0119 do <strong>30 kwietnia<\/strong>, aby otrzyma\u0107 nasz\u0105 <a href=\"\/pl\/high-school\/first-choice-2026\/\">ofert\u0119 First Choice<\/a>.<\/p>\n<p>\u2714 Zarezerwuj teraz po cenie z 2026 roku i skorzystaj ze zni\u017cki w wysoko\u015bci \u20ac500<br \/>\u2714 Zarezerwuj swoje wymarzone miejsce docelowe<br \/>\u2714 Bezp\u0142atny Welcome Camp<br \/>\u2714 Bezp\u0142atna anulacja do 15 pa\u017adziernika<\/p>\n<h2>Zni\u017cka dla rodze\u0144stwa<\/h2>\n<p>Czy masz rodze\u0144stwo, kt\u00f3re ju\u017c wcze\u015bniej wyjecha\u0142o z nami na rok szkolny za granic\u0119? Super! W takim razie mo\u017cesz cieszy\u0107 si\u0119 zni\u017ck\u0105 w wysoko\u015bci 500 EUR, rezerwuj\u0105c z nami swoj\u0105 w\u0142asn\u0105 przygod\u0119 w szkole \u015bredniej.<\/p>\n<p>Aby skorzysta\u0107 z oferty, wpisz kod <strong>STSSIBLINGS<\/strong> podczas rezerwacji. Oferta nie \u0142\u0105czy si\u0119 z innymi zni\u017ckami.<\/p>\n<p><a href=\"\/pl\/high-school\/tripfinder\/?q=\">Znajd\u017a miejsce docelowe <\/a><\/p>\n<\/div><\/div><\/div>\n","protected":false},"excerpt":{"rendered":"","protected":false},"author":20,"featured_media":0,"parent":10156,"menu_order":0,"comment_status":"closed","ping_status":"closed","template":"","meta":{"_acf_changed":false,"sts_page_background_color":"","footnotes":""},"wpw_page_folders":[86],"class_list":["post-10165","page","type-page","status-publish","hentry"],"acf":[],"yoast_head":"<!-- This site is optimized with the Yoast SEO Premium plugin v27.2 (Yoast SEO v27.3) - https:\/\/yoast.com\/product\/yoast-seo-premium-wordpress\/ -->\n<title>Oferty i rabaty z STS<\/title>\n<meta name=\"description\" content=\"Mamy kilka ofert na rok za granic\u0105 z STS. Czy Ty lub kto\u015b z Twojej rodziny podr\u00f3\u017cowa\u0142 ju\u017c wcze\u015bniej z STS?\" \/>\n<meta name=\"robots\" content=\"index, follow, max-snippet:-1, max-image-preview:large, max-video-preview:-1\" \/>\n<link rel=\"canonical\" href=\"https:\/\/www.sts-education.com\/pl\/szkola-srednia\/fakty-i-informacje-o-cenach\/oferty-i-rabaty\/\" \/>\n<meta property=\"og:locale\" content=\"pl_PL\" \/>\n<meta property=\"og:type\" content=\"article\" \/>\n<meta property=\"og:title\" content=\"Oferty I Rabaty\" \/>\n<meta property=\"og:description\" content=\"Mamy kilka ofert na rok za granic\u0105 z STS. Czy Ty lub kto\u015b z Twojej rodziny podr\u00f3\u017cowa\u0142 ju\u017c wcze\u015bniej z STS?\" \/>\n<meta property=\"og:url\" content=\"https:\/\/www.sts-education.com\/pl\/szkola-srednia\/fakty-i-informacje-o-cenach\/oferty-i-rabaty\/\" \/>\n<meta property=\"og:site_name\" content=\"STS Education\" \/>\n<meta property=\"article:modified_time\" content=\"2026-04-15T15:03:57+00:00\" \/>\n<meta property=\"og:image\" content=\"https:\/\/cdn.sts-education.com\/12640_hero_lg_xl.jpg\" \/>\n<meta name=\"twitter:card\" content=\"summary_large_image\" \/>\n<meta name=\"twitter:label1\" content=\"Szacowany czas czytania\" \/>\n\t<meta name=\"twitter:data1\" content=\"1 minuta\" \/>\n<script type=\"application\/ld+json\" class=\"yoast-schema-graph\">{\"@context\":\"https:\\\/\\\/schema.org\",\"@graph\":[{\"@type\":\"WebPage\",\"@id\":\"https:\\\/\\\/www.sts-education.com\\\/pl\\\/szkola-srednia\\\/fakty-i-informacje-o-cenach\\\/oferty-i-rabaty\\\/\",\"url\":\"https:\\\/\\\/www.sts-education.com\\\/pl\\\/szkola-srednia\\\/fakty-i-informacje-o-cenach\\\/oferty-i-rabaty\\\/\",\"name\":\"Oferty i rabaty z STS\",\"isPartOf\":{\"@id\":\"https:\\\/\\\/www.sts-education.com\\\/pl\\\/#website\"},\"primaryImageOfPage\":{\"@id\":\"https:\\\/\\\/www.sts-education.com\\\/pl\\\/szkola-srednia\\\/fakty-i-informacje-o-cenach\\\/oferty-i-rabaty\\\/#primaryimage\"},\"image\":{\"@id\":\"https:\\\/\\\/www.sts-education.com\\\/pl\\\/szkola-srednia\\\/fakty-i-informacje-o-cenach\\\/oferty-i-rabaty\\\/#primaryimage\"},\"thumbnailUrl\":\"https:\\\/\\\/cdn.sts-education.com\\\/12640_hero_lg_xl.jpg\",\"datePublished\":\"2023-06-01T12:32:11+00:00\",\"dateModified\":\"2026-04-15T15:03:57+00:00\",\"description\":\"Mamy kilka ofert na rok za granic\u0105 z STS. Czy Ty lub kto\u015b z Twojej rodziny podr\u00f3\u017cowa\u0142 ju\u017c wcze\u015bniej z STS?\",\"breadcrumb\":{\"@id\":\"https:\\\/\\\/www.sts-education.com\\\/pl\\\/szkola-srednia\\\/fakty-i-informacje-o-cenach\\\/oferty-i-rabaty\\\/#breadcrumb\"},\"inLanguage\":\"pl-PL\",\"potentialAction\":[{\"@type\":\"ReadAction\",\"target\":[\"https:\\\/\\\/www.sts-education.com\\\/pl\\\/szkola-srednia\\\/fakty-i-informacje-o-cenach\\\/oferty-i-rabaty\\\/\"]}]},{\"@type\":\"ImageObject\",\"inLanguage\":\"pl-PL\",\"@id\":\"https:\\\/\\\/www.sts-education.com\\\/pl\\\/szkola-srednia\\\/fakty-i-informacje-o-cenach\\\/oferty-i-rabaty\\\/#primaryimage\",\"url\":\"https:\\\/\\\/cdn.sts-education.com\\\/12640_hero_lg_xl.jpg\",\"contentUrl\":\"https:\\\/\\\/cdn.sts-education.com\\\/12640_hero_lg_xl.jpg\"},{\"@type\":\"BreadcrumbList\",\"@id\":\"https:\\\/\\\/www.sts-education.com\\\/pl\\\/szkola-srednia\\\/fakty-i-informacje-o-cenach\\\/oferty-i-rabaty\\\/#breadcrumb\",\"itemListElement\":[{\"@type\":\"ListItem\",\"position\":1,\"name\":\"Home\",\"item\":\"https:\\\/\\\/www.sts-education.com\\\/pl\\\/\"},{\"@type\":\"ListItem\",\"position\":2,\"name\":\"High school\",\"item\":\"https:\\\/\\\/www.sts-education.com\\\/pl\\\/szkola-srednia\\\/\"},{\"@type\":\"ListItem\",\"position\":3,\"name\":\"Fakty I Informacje O Cenach\",\"item\":\"https:\\\/\\\/www.sts-education.com\\\/pl\\\/szkola-srednia\\\/fakty-i-informacje-o-cenach\\\/\"},{\"@type\":\"ListItem\",\"position\":4,\"name\":\"Oferty I Rabaty\"}]},{\"@type\":\"WebSite\",\"@id\":\"https:\\\/\\\/www.sts-education.com\\\/pl\\\/#website\",\"url\":\"https:\\\/\\\/www.sts-education.com\\\/pl\\\/\",\"name\":\"STS Education\",\"description\":\"\",\"potentialAction\":[{\"@type\":\"SearchAction\",\"target\":{\"@type\":\"EntryPoint\",\"urlTemplate\":\"https:\\\/\\\/www.sts-education.com\\\/pl\\\/?s={search_term_string}\"},\"query-input\":{\"@type\":\"PropertyValueSpecification\",\"valueRequired\":true,\"valueName\":\"search_term_string\"}}],\"inLanguage\":\"pl-PL\"}]}<\/script>\n<!-- \/ Yoast SEO Premium plugin. -->","yoast_head_json":{"title":"Oferty i rabaty z STS","description":"Mamy kilka ofert na rok za granic\u0105 z STS. Czy Ty lub kto\u015b z Twojej rodziny podr\u00f3\u017cowa\u0142 ju\u017c wcze\u015bniej z STS?","robots":{"index":"index","follow":"follow","max-snippet":"max-snippet:-1","max-image-preview":"max-image-preview:large","max-video-preview":"max-video-preview:-1"},"canonical":"https:\/\/www.sts-education.com\/pl\/szkola-srednia\/fakty-i-informacje-o-cenach\/oferty-i-rabaty\/","og_locale":"pl_PL","og_type":"article","og_title":"Oferty I Rabaty","og_description":"Mamy kilka ofert na rok za granic\u0105 z STS. Czy Ty lub kto\u015b z Twojej rodziny podr\u00f3\u017cowa\u0142 ju\u017c wcze\u015bniej z STS?","og_url":"https:\/\/www.sts-education.com\/pl\/szkola-srednia\/fakty-i-informacje-o-cenach\/oferty-i-rabaty\/","og_site_name":"STS Education","article_modified_time":"2026-04-15T15:03:57+00:00","og_image":[{"url":"https:\/\/cdn.sts-education.com\/12640_hero_lg_xl.jpg","type":"","width":"","height":""}],"twitter_card":"summary_large_image","twitter_misc":{"Szacowany czas czytania":"1 minuta"},"schema":{"@context":"https:\/\/schema.org","@graph":[{"@type":"WebPage","@id":"https:\/\/www.sts-education.com\/pl\/szkola-srednia\/fakty-i-informacje-o-cenach\/oferty-i-rabaty\/","url":"https:\/\/www.sts-education.com\/pl\/szkola-srednia\/fakty-i-informacje-o-cenach\/oferty-i-rabaty\/","name":"Oferty i rabaty z STS","isPartOf":{"@id":"https:\/\/www.sts-education.com\/pl\/#website"},"primaryImageOfPage":{"@id":"https:\/\/www.sts-education.com\/pl\/szkola-srednia\/fakty-i-informacje-o-cenach\/oferty-i-rabaty\/#primaryimage"},"image":{"@id":"https:\/\/www.sts-education.com\/pl\/szkola-srednia\/fakty-i-informacje-o-cenach\/oferty-i-rabaty\/#primaryimage"},"thumbnailUrl":"https:\/\/cdn.sts-education.com\/12640_hero_lg_xl.jpg","datePublished":"2023-06-01T12:32:11+00:00","dateModified":"2026-04-15T15:03:57+00:00","description":"Mamy kilka ofert na rok za granic\u0105 z STS. Czy Ty lub kto\u015b z Twojej rodziny podr\u00f3\u017cowa\u0142 ju\u017c wcze\u015bniej z STS?","breadcrumb":{"@id":"https:\/\/www.sts-education.com\/pl\/szkola-srednia\/fakty-i-informacje-o-cenach\/oferty-i-rabaty\/#breadcrumb"},"inLanguage":"pl-PL","potentialAction":[{"@type":"ReadAction","target":["https:\/\/www.sts-education.com\/pl\/szkola-srednia\/fakty-i-informacje-o-cenach\/oferty-i-rabaty\/"]}]},{"@type":"ImageObject","inLanguage":"pl-PL","@id":"https:\/\/www.sts-education.com\/pl\/szkola-srednia\/fakty-i-informacje-o-cenach\/oferty-i-rabaty\/#primaryimage","url":"https:\/\/cdn.sts-education.com\/12640_hero_lg_xl.jpg","contentUrl":"https:\/\/cdn.sts-education.com\/12640_hero_lg_xl.jpg"},{"@type":"BreadcrumbList","@id":"https:\/\/www.sts-education.com\/pl\/szkola-srednia\/fakty-i-informacje-o-cenach\/oferty-i-rabaty\/#breadcrumb","itemListElement":[{"@type":"ListItem","position":1,"name":"Home","item":"https:\/\/www.sts-education.com\/pl\/"},{"@type":"ListItem","position":2,"name":"High school","item":"https:\/\/www.sts-education.com\/pl\/szkola-srednia\/"},{"@type":"ListItem","position":3,"name":"Fakty I Informacje O Cenach","item":"https:\/\/www.sts-education.com\/pl\/szkola-srednia\/fakty-i-informacje-o-cenach\/"},{"@type":"ListItem","position":4,"name":"Oferty I Rabaty"}]},{"@type":"WebSite","@id":"https:\/\/www.sts-education.com\/pl\/#website","url":"https:\/\/www.sts-education.com\/pl\/","name":"STS Education","description":"","potentialAction":[{"@type":"SearchAction","target":{"@type":"EntryPoint","urlTemplate":"https:\/\/www.sts-education.com\/pl\/?s={search_term_string}"},"query-input":{"@type":"PropertyValueSpecification","valueRequired":true,"valueName":"search_term_string"}}],"inLanguage":"pl-PL"}]}},"_links":{"self":[{"href":"https:\/\/www.sts-education.com\/pl\/wp-json\/wp\/v2\/pages\/10165","targetHints":{"allow":["GET"]}}],"collection":[{"href":"https:\/\/www.sts-education.com\/pl\/wp-json\/wp\/v2\/pages"}],"about":[{"href":"https:\/\/www.sts-education.com\/pl\/wp-json\/wp\/v2\/types\/page"}],"author":[{"embeddable":true,"href":"https:\/\/www.sts-education.com\/pl\/wp-json\/wp\/v2\/users\/20"}],"replies":[{"embeddable":true,"href":"https:\/\/www.sts-education.com\/pl\/wp-json\/wp\/v2\/comments?post=10165"}],"version-history":[{"count":5,"href":"https:\/\/www.sts-education.com\/pl\/wp-json\/wp\/v2\/pages\/10165\/revisions"}],"predecessor-version":[{"id":37102,"href":"https:\/\/www.sts-education.com\/pl\/wp-json\/wp\/v2\/pages\/10165\/revisions\/37102"}],"up":[{"embeddable":true,"href":"https:\/\/www.sts-education.com\/pl\/wp-json\/wp\/v2\/pages\/10156"}],"wp:attachment":[{"href":"https:\/\/www.sts-education.com\/pl\/wp-json\/wp\/v2\/media?parent=10165"}],"wp:term":[{"taxonomy":"wpw_page_folders","embeddable":true,"href":"https:\/\/www.sts-education.com\/pl\/wp-json\/wp\/v2\/wpw_page_folders?post=10165"}],"curies":[{"name":"wp","href":"https:\/\/api.w.org\/{rel}","templated":true}]}}