{"id":10166,"date":"2025-12-16T10:18:50","date_gmt":"2025-12-16T10:18:50","guid":{"rendered":"https:\/\/preprod.sts-education.com\/szkola-srednia\/fakty-i-informacje-o-cenach\/opcje\/"},"modified":"2026-04-14T09:58:38","modified_gmt":"2026-04-14T09:58:38","slug":"opcje","status":"publish","type":"page","link":"https:\/\/www.sts-education.com\/pl\/szkola-srednia\/fakty-i-informacje-o-cenach\/opcje\/","title":{"rendered":"Opcje"},"content":{"rendered":"\n<section class=\"wp-block-sts-hero sts-block-hero is-variant-full-background has-text-light has-background-media\" style=\"--sts-hero-padding-mobile:0px;--sts-hero-padding-desktop:0px;--sts-hero-text-color:var(--wp--preset--color--base-10, #fff);\" data-variant=\"full-background\"><div class=\"sts-block-hero__background\"><picture class=\"sts-responsive-image has-fit-cover is-skeleton\"><img src=\"https:\/\/cdn.sts-education.com\/12838_hero_lg_xl.jpg\" alt=\"Opcje\" loading=\"lazy\" decoding=\"async\" fetchpriority=\"low\" sizes=\"100vw\" \/><\/picture><span class=\"sts-block-hero__overlay\" aria-hidden=\"true\"><\/span><\/div><div class=\"sts-block-hero__inner\"><div class=\"sts-block-hero__content has-align-center\"><div class=\"sts-block-hero__content-inner\"><h1 class=\"sts-block-hero__heading\">Opcje<\/h1><\/div><\/div><\/div><\/section>\n\n\n\n<div class=\"wp-block-sts-text sts-text-editor has-max-width-md\"><div class=\"sts-text-editor__content\"><div class=\"sts-text-editor__content-inner\">\n<p>Rok za granic\u0105 mo\u017ce by\u0107 r\u00f3\u017cny. Je\u015bli masz specjalne \u017cyczenia lub opcje, kt\u00f3re chcia\u0142by\u015b wybra\u0107, zawsze mo\u017cesz si\u0119 z nami skontaktowa\u0107. Po 65 latach w bran\u017cy edukacyjnej mamy odpowiedzi i rozwi\u0105zania na wi\u0119kszo\u015b\u0107 spraw.<\/p>\n<h2>Wymarzony region<\/h2>\n<p>Czy masz jasny obraz tego, gdzie wola\u0142by\u015b mieszka\u0107 w danym kraju? W niekt\u00f3rych z naszych miejsc docelowych mo\u017cesz poprosi\u0107 o stan, region lub miasto. Mo\u017cliwo\u015b\u0107 z\u0142o\u017cenia wniosku o umieszczenie zale\u017cy od kraju goszcz\u0105cego, do kt\u00f3rego chcesz si\u0119 uda\u0107, a tak\u017ce od faktu, \u017ce miejsca s\u0105 ograniczone, poniewa\u017c wymaga to zupe\u0142nie innego procesu administracyjnego w celu umieszczenia w szkole i znalezienia odpowiedniej rodziny goszcz\u0105cej.<\/p>\n<p>Je\u015bli wybierzesz stan, region lub miasto, jest to preferencja, kt\u00f3r\u0105 podajesz w po\u0142\u0105czeniu ze swoim zg\u0142oszeniem. Nast\u0119pnie do\u0142o\u017cymy wszelkich stara\u0144, aby spe\u0142ni\u0107 Twoj\u0105 pro\u015bb\u0119. Je\u015bli uda nam si\u0119 spe\u0142ni\u0107 Twoj\u0105 pro\u015bb\u0119, zostanie naliczona dodatkowa op\u0142ata za wyb\u00f3r miejsca docelowego. <a href=\"\/pl\/high-school\/tripfinder\/?q=\">Wi\u0119cej informacji na ten temat mo\u017cna znale\u017a\u0107 w poszczeg\u00f3lnych krajach. <\/a><\/p>\n<h2>Mo\u017cliwo\u015b\u0107 wyboru szko\u0142y<\/h2>\n<p>Czasami mo\u017ce by\u0107 wa\u017cne, aby student z wymiany m\u00f3g\u0142 uczy\u0107 si\u0119 konkretnego przedmiotu lub uprawia\u0107 konkretny sport w konkretnym mie\u015bcie podczas swojego roku za granic\u0105. W takim przypadku oferujemy program o nazwie STS High School Select. Jest to inny rodzaj produktu ze znacznie wy\u017cszymi op\u0142atami programowymi, poniewa\u017c dostosowujesz sw\u00f3j program i mo\u017cesz ucz\u0119szcza\u0107 do prywatnej szko\u0142y z r\u00f3\u017cnymi op\u0142atami programowymi. Je\u015bli jeste\u015b zainteresowany, mo\u017cesz przeczyta\u0107 wi\u0119cej o <a href=\"https:\/\/www.sts-education.com\/pl\/szkola-srednia\/przed-rozpoczeciem-roku-za-granica\/wybierz-jak-chcesz-sie-uczyc\/\">High School Select<\/a> tutaj.<\/p>\n<h2>Dodatkowe wycieczki podczas pobytu<\/h2>\n<p>We wszystkich naszych miejscach docelowych organizowane s\u0105 dodatkowe wycieczki dla naszych student\u00f3w z wymiany w danym kraju. Dok\u0142adnie okre\u015blimy, kt\u00f3re wycieczki zostan\u0105 zorganizowane, gdy ju\u017c tam b\u0119dziesz, ale jest to fantastyczna okazja do odkrywania miejsc i miast w kraju goszcz\u0105cym. Jednocze\u015bnie b\u0119dziesz mia\u0142 okazj\u0119 pozna\u0107 innych student\u00f3w z wymiany, kt\u00f3rzy s\u0105 w podobnej podr\u00f3\u017cy jak Ty. Rejestracja i p\u0142atno\u015b\u0107 za dodatkowe wycieczki odbywa si\u0119 w kraju goszcz\u0105cym.<\/p>\n<\/div><\/div><\/div>\n","protected":false},"excerpt":{"rendered":"","protected":false},"author":20,"featured_media":0,"parent":10156,"menu_order":0,"comment_status":"closed","ping_status":"closed","template":"templates\/template-default-with-breadcrumbs.php","meta":{"_acf_changed":false,"sts_page_background_color":"","footnotes":""},"wpw_page_folders":[86],"class_list":["post-10166","page","type-page","status-publish","hentry"],"acf":[],"yoast_head":"<!-- This site is optimized with the Yoast SEO Premium plugin v27.2 (Yoast SEO v27.3) - https:\/\/yoast.com\/product\/yoast-seo-premium-wordpress\/ -->\n<title>Konkretne \u017cyczenia i opcje na rok wymiany | STS<\/title>\n<meta name=\"description\" content=\"Rok wymiany mo\u017ce przybiera\u0107 r\u00f3\u017cne formy. Je\u015bli masz specjalne \u017cyczenia lub opcje, kt\u00f3re chcesz wprowadzi\u0107, zawsze mo\u017cesz si\u0119 z nami skontaktowa\u0107.\" \/>\n<meta name=\"robots\" content=\"index, follow, max-snippet:-1, max-image-preview:large, max-video-preview:-1\" \/>\n<link rel=\"canonical\" href=\"https:\/\/www.sts-education.com\/pl\/szkola-srednia\/fakty-i-informacje-o-cenach\/opcje\/\" \/>\n<meta property=\"og:locale\" content=\"pl_PL\" \/>\n<meta property=\"og:type\" content=\"article\" \/>\n<meta property=\"og:title\" content=\"Opcje\" \/>\n<meta property=\"og:description\" content=\"Rok wymiany mo\u017ce przybiera\u0107 r\u00f3\u017cne formy. Je\u015bli masz specjalne \u017cyczenia lub opcje, kt\u00f3re chcesz wprowadzi\u0107, zawsze mo\u017cesz si\u0119 z nami skontaktowa\u0107.\" \/>\n<meta property=\"og:url\" content=\"https:\/\/www.sts-education.com\/pl\/szkola-srednia\/fakty-i-informacje-o-cenach\/opcje\/\" \/>\n<meta property=\"og:site_name\" content=\"STS Education\" \/>\n<meta property=\"article:modified_time\" content=\"2026-04-14T09:58:38+00:00\" \/>\n<meta property=\"og:image\" content=\"https:\/\/cdn.sts-education.com\/12838_hero_lg_xl.jpg\" \/>\n<meta name=\"twitter:card\" content=\"summary_large_image\" \/>\n<meta name=\"twitter:label1\" content=\"Szacowany czas czytania\" \/>\n\t<meta name=\"twitter:data1\" content=\"2 minuty\" \/>\n<script type=\"application\/ld+json\" class=\"yoast-schema-graph\">{\"@context\":\"https:\\\/\\\/schema.org\",\"@graph\":[{\"@type\":\"WebPage\",\"@id\":\"https:\\\/\\\/www.sts-education.com\\\/pl\\\/szkola-srednia\\\/fakty-i-informacje-o-cenach\\\/opcje\\\/\",\"url\":\"https:\\\/\\\/www.sts-education.com\\\/pl\\\/szkola-srednia\\\/fakty-i-informacje-o-cenach\\\/opcje\\\/\",\"name\":\"Konkretne \u017cyczenia i opcje na rok wymiany | STS\",\"isPartOf\":{\"@id\":\"https:\\\/\\\/www.sts-education.com\\\/pl\\\/#website\"},\"primaryImageOfPage\":{\"@id\":\"https:\\\/\\\/www.sts-education.com\\\/pl\\\/szkola-srednia\\\/fakty-i-informacje-o-cenach\\\/opcje\\\/#primaryimage\"},\"image\":{\"@id\":\"https:\\\/\\\/www.sts-education.com\\\/pl\\\/szkola-srednia\\\/fakty-i-informacje-o-cenach\\\/opcje\\\/#primaryimage\"},\"thumbnailUrl\":\"https:\\\/\\\/cdn.sts-education.com\\\/12838_hero_lg_xl.jpg\",\"datePublished\":\"2025-12-16T10:18:50+00:00\",\"dateModified\":\"2026-04-14T09:58:38+00:00\",\"description\":\"Rok wymiany mo\u017ce przybiera\u0107 r\u00f3\u017cne formy. Je\u015bli masz specjalne \u017cyczenia lub opcje, kt\u00f3re chcesz wprowadzi\u0107, zawsze mo\u017cesz si\u0119 z nami skontaktowa\u0107.\",\"breadcrumb\":{\"@id\":\"https:\\\/\\\/www.sts-education.com\\\/pl\\\/szkola-srednia\\\/fakty-i-informacje-o-cenach\\\/opcje\\\/#breadcrumb\"},\"inLanguage\":\"pl-PL\",\"potentialAction\":[{\"@type\":\"ReadAction\",\"target\":[\"https:\\\/\\\/www.sts-education.com\\\/pl\\\/szkola-srednia\\\/fakty-i-informacje-o-cenach\\\/opcje\\\/\"]}]},{\"@type\":\"ImageObject\",\"inLanguage\":\"pl-PL\",\"@id\":\"https:\\\/\\\/www.sts-education.com\\\/pl\\\/szkola-srednia\\\/fakty-i-informacje-o-cenach\\\/opcje\\\/#primaryimage\",\"url\":\"https:\\\/\\\/cdn.sts-education.com\\\/12838_hero_lg_xl.jpg\",\"contentUrl\":\"https:\\\/\\\/cdn.sts-education.com\\\/12838_hero_lg_xl.jpg\"},{\"@type\":\"BreadcrumbList\",\"@id\":\"https:\\\/\\\/www.sts-education.com\\\/pl\\\/szkola-srednia\\\/fakty-i-informacje-o-cenach\\\/opcje\\\/#breadcrumb\",\"itemListElement\":[{\"@type\":\"ListItem\",\"position\":1,\"name\":\"Home\",\"item\":\"https:\\\/\\\/www.sts-education.com\\\/pl\\\/\"},{\"@type\":\"ListItem\",\"position\":2,\"name\":\"High school\",\"item\":\"https:\\\/\\\/www.sts-education.com\\\/pl\\\/szkola-srednia\\\/\"},{\"@type\":\"ListItem\",\"position\":3,\"name\":\"Fakty I Informacje O Cenach\",\"item\":\"https:\\\/\\\/www.sts-education.com\\\/pl\\\/szkola-srednia\\\/fakty-i-informacje-o-cenach\\\/\"},{\"@type\":\"ListItem\",\"position\":4,\"name\":\"Opcje\"}]},{\"@type\":\"WebSite\",\"@id\":\"https:\\\/\\\/www.sts-education.com\\\/pl\\\/#website\",\"url\":\"https:\\\/\\\/www.sts-education.com\\\/pl\\\/\",\"name\":\"STS Education\",\"description\":\"\",\"potentialAction\":[{\"@type\":\"SearchAction\",\"target\":{\"@type\":\"EntryPoint\",\"urlTemplate\":\"https:\\\/\\\/www.sts-education.com\\\/pl\\\/?s={search_term_string}\"},\"query-input\":{\"@type\":\"PropertyValueSpecification\",\"valueRequired\":true,\"valueName\":\"search_term_string\"}}],\"inLanguage\":\"pl-PL\"}]}<\/script>\n<!-- \/ Yoast SEO Premium plugin. -->","yoast_head_json":{"title":"Konkretne \u017cyczenia i opcje na rok wymiany | STS","description":"Rok wymiany mo\u017ce przybiera\u0107 r\u00f3\u017cne formy. Je\u015bli masz specjalne \u017cyczenia lub opcje, kt\u00f3re chcesz wprowadzi\u0107, zawsze mo\u017cesz si\u0119 z nami skontaktowa\u0107.","robots":{"index":"index","follow":"follow","max-snippet":"max-snippet:-1","max-image-preview":"max-image-preview:large","max-video-preview":"max-video-preview:-1"},"canonical":"https:\/\/www.sts-education.com\/pl\/szkola-srednia\/fakty-i-informacje-o-cenach\/opcje\/","og_locale":"pl_PL","og_type":"article","og_title":"Opcje","og_description":"Rok wymiany mo\u017ce przybiera\u0107 r\u00f3\u017cne formy. Je\u015bli masz specjalne \u017cyczenia lub opcje, kt\u00f3re chcesz wprowadzi\u0107, zawsze mo\u017cesz si\u0119 z nami skontaktowa\u0107.","og_url":"https:\/\/www.sts-education.com\/pl\/szkola-srednia\/fakty-i-informacje-o-cenach\/opcje\/","og_site_name":"STS Education","article_modified_time":"2026-04-14T09:58:38+00:00","og_image":[{"url":"https:\/\/cdn.sts-education.com\/12838_hero_lg_xl.jpg","type":"","width":"","height":""}],"twitter_card":"summary_large_image","twitter_misc":{"Szacowany czas czytania":"2 minuty"},"schema":{"@context":"https:\/\/schema.org","@graph":[{"@type":"WebPage","@id":"https:\/\/www.sts-education.com\/pl\/szkola-srednia\/fakty-i-informacje-o-cenach\/opcje\/","url":"https:\/\/www.sts-education.com\/pl\/szkola-srednia\/fakty-i-informacje-o-cenach\/opcje\/","name":"Konkretne \u017cyczenia i opcje na rok wymiany | STS","isPartOf":{"@id":"https:\/\/www.sts-education.com\/pl\/#website"},"primaryImageOfPage":{"@id":"https:\/\/www.sts-education.com\/pl\/szkola-srednia\/fakty-i-informacje-o-cenach\/opcje\/#primaryimage"},"image":{"@id":"https:\/\/www.sts-education.com\/pl\/szkola-srednia\/fakty-i-informacje-o-cenach\/opcje\/#primaryimage"},"thumbnailUrl":"https:\/\/cdn.sts-education.com\/12838_hero_lg_xl.jpg","datePublished":"2025-12-16T10:18:50+00:00","dateModified":"2026-04-14T09:58:38+00:00","description":"Rok wymiany mo\u017ce przybiera\u0107 r\u00f3\u017cne formy. Je\u015bli masz specjalne \u017cyczenia lub opcje, kt\u00f3re chcesz wprowadzi\u0107, zawsze mo\u017cesz si\u0119 z nami skontaktowa\u0107.","breadcrumb":{"@id":"https:\/\/www.sts-education.com\/pl\/szkola-srednia\/fakty-i-informacje-o-cenach\/opcje\/#breadcrumb"},"inLanguage":"pl-PL","potentialAction":[{"@type":"ReadAction","target":["https:\/\/www.sts-education.com\/pl\/szkola-srednia\/fakty-i-informacje-o-cenach\/opcje\/"]}]},{"@type":"ImageObject","inLanguage":"pl-PL","@id":"https:\/\/www.sts-education.com\/pl\/szkola-srednia\/fakty-i-informacje-o-cenach\/opcje\/#primaryimage","url":"https:\/\/cdn.sts-education.com\/12838_hero_lg_xl.jpg","contentUrl":"https:\/\/cdn.sts-education.com\/12838_hero_lg_xl.jpg"},{"@type":"BreadcrumbList","@id":"https:\/\/www.sts-education.com\/pl\/szkola-srednia\/fakty-i-informacje-o-cenach\/opcje\/#breadcrumb","itemListElement":[{"@type":"ListItem","position":1,"name":"Home","item":"https:\/\/www.sts-education.com\/pl\/"},{"@type":"ListItem","position":2,"name":"High school","item":"https:\/\/www.sts-education.com\/pl\/szkola-srednia\/"},{"@type":"ListItem","position":3,"name":"Fakty I Informacje O Cenach","item":"https:\/\/www.sts-education.com\/pl\/szkola-srednia\/fakty-i-informacje-o-cenach\/"},{"@type":"ListItem","position":4,"name":"Opcje"}]},{"@type":"WebSite","@id":"https:\/\/www.sts-education.com\/pl\/#website","url":"https:\/\/www.sts-education.com\/pl\/","name":"STS Education","description":"","potentialAction":[{"@type":"SearchAction","target":{"@type":"EntryPoint","urlTemplate":"https:\/\/www.sts-education.com\/pl\/?s={search_term_string}"},"query-input":{"@type":"PropertyValueSpecification","valueRequired":true,"valueName":"search_term_string"}}],"inLanguage":"pl-PL"}]}},"_links":{"self":[{"href":"https:\/\/www.sts-education.com\/pl\/wp-json\/wp\/v2\/pages\/10166","targetHints":{"allow":["GET"]}}],"collection":[{"href":"https:\/\/www.sts-education.com\/pl\/wp-json\/wp\/v2\/pages"}],"about":[{"href":"https:\/\/www.sts-education.com\/pl\/wp-json\/wp\/v2\/types\/page"}],"author":[{"embeddable":true,"href":"https:\/\/www.sts-education.com\/pl\/wp-json\/wp\/v2\/users\/20"}],"replies":[{"embeddable":true,"href":"https:\/\/www.sts-education.com\/pl\/wp-json\/wp\/v2\/comments?post=10166"}],"version-history":[{"count":4,"href":"https:\/\/www.sts-education.com\/pl\/wp-json\/wp\/v2\/pages\/10166\/revisions"}],"predecessor-version":[{"id":33456,"href":"https:\/\/www.sts-education.com\/pl\/wp-json\/wp\/v2\/pages\/10166\/revisions\/33456"}],"up":[{"embeddable":true,"href":"https:\/\/www.sts-education.com\/pl\/wp-json\/wp\/v2\/pages\/10156"}],"wp:attachment":[{"href":"https:\/\/www.sts-education.com\/pl\/wp-json\/wp\/v2\/media?parent=10166"}],"wp:term":[{"taxonomy":"wpw_page_folders","embeddable":true,"href":"https:\/\/www.sts-education.com\/pl\/wp-json\/wp\/v2\/wpw_page_folders?post=10166"}],"curies":[{"name":"wp","href":"https:\/\/api.w.org\/{rel}","templated":true}]}}