{"id":10167,"date":"2025-12-16T10:19:15","date_gmt":"2025-12-16T10:19:15","guid":{"rendered":"https:\/\/preprod.sts-education.com\/szkola-srednia\/fakty-i-informacje-o-cenach\/rezerwacja-i-platnosc\/"},"modified":"2026-04-14T09:58:37","modified_gmt":"2026-04-14T09:58:37","slug":"rezerwacja-i-platnosc","status":"publish","type":"page","link":"https:\/\/www.sts-education.com\/pl\/szkola-srednia\/fakty-i-informacje-o-cenach\/rezerwacja-i-platnosc\/","title":{"rendered":"Rezerwacja I Platnosc"},"content":{"rendered":"\n<section class=\"wp-block-sts-hero sts-block-hero is-variant-full-background has-text-light has-background-media\" style=\"--sts-hero-padding-mobile:0px;--sts-hero-padding-desktop:0px;--sts-hero-text-color:var(--wp--preset--color--base-10, #fff);\" data-variant=\"full-background\"><div class=\"sts-block-hero__background\"><picture class=\"sts-responsive-image has-fit-cover is-skeleton\"><img src=\"https:\/\/cdn.sts-education.com\/12578_hero_lg_xl.jpg\" alt=\"Rezerwacja i p\u0142atno\u015b\u0107\" loading=\"lazy\" decoding=\"async\" fetchpriority=\"low\" sizes=\"100vw\" \/><\/picture><span class=\"sts-block-hero__overlay\" aria-hidden=\"true\"><\/span><\/div><div class=\"sts-block-hero__inner\"><div class=\"sts-block-hero__content has-align-center\"><div class=\"sts-block-hero__content-inner\"><h1 class=\"sts-block-hero__heading\">Rezerwacja i p\u0142atno\u015b\u0107<\/h1><\/div><\/div><\/div><\/section>\n\n\n\n<div class=\"wp-block-sts-text sts-text-editor has-max-width-md\"><div class=\"sts-text-editor__content\"><div class=\"sts-text-editor__content-inner\">\n<h2>Op\u0142ata rejestracyjna<\/h2>\n\n<p>Po z\u0142o\u017ceniu wniosku o udzia\u0142 w programie wymiany i przyj\u0119ciu do programu uiszczasz op\u0142at\u0119 rejestracyjn\u0105 &#8211; dotyczy to wszystkich organizacji organizuj\u0105cych programy wymiany i jest potwierdzeniem, \u017ce chcesz, aby\u015bmy kontynuowali prac\u0119 nad Twoim wnioskiem. <br>Op\u0142ata rejestracyjna wynosi 2000 EUR niezale\u017cnie od miejsca docelowego i jest wliczona w ca\u0142kowit\u0105 cen\u0119 programu.<\/p>\n\n<h2>Op\u0142ata za program<\/h2>\n\n<p>Koszt roku wymiany zale\u017cy od miejsca docelowego, d\u0142ugo\u015bci i opcji dodatkowych. Pod ka\u017cd\u0105 destynacj\u0105 mo\u017cna jednak znale\u017a\u0107 nasz\u0105 op\u0142at\u0119 programow\u0105 za klasyczny program dla szk\u00f3\u0142 \u015brednich. <br>W przypadku program\u00f3w rozpoczynaj\u0105cych si\u0119 jesieni\u0105 obowi\u0105zuje nast\u0119puj\u0105cy harmonogram p\u0142atno\u015bci, wyra\u017cony jako procent ca\u0142kowitej op\u0142aty za program:<\/p>\n\n<p><em>Wszelkie zni\u017cki i\/lub dodatki s\u0105 odzwierciedlone na fakturze ko\u0144cowej, kt\u00f3ra jest p\u0142atna do 15 czerwca. Dowiedz si\u0119 wi\u0119cej o tym, co jest <a href=\"https:\/\/www.sts-education.com\/pl\/szkola-srednia\/fakty-i-informacje-o-cenach\/wszystko-to-jest-wliczone-w-cene\/\">wliczone w op\u0142at\u0119 za program<\/a> i jakie koszty mog\u0105 zosta\u0107 doliczone.<\/em><\/p>\n\n<h2>Ubezpieczenie<\/h2>\n\n<p>Dla wszystkich student\u00f3w STS obowi\u0105zkowe jest posiadanie wa\u017cnego ubezpieczenia podczas ca\u0142ego pobytu w kraju goszcz\u0105cym. Oferujemy spersonalizowane ubezpieczenie, kt\u00f3re obejmuje ubezpieczenie zdrowotne, nast\u0119pstwa nieszcz\u0119\u015bliwych wypadk\u00f3w, odpowiedzialno\u015b\u0107 cywiln\u0105 i ubezpieczenie baga\u017cu. Ubezpieczenie jest zatwierdzone przez agencje rz\u0105dowe w kraju, do kt\u00f3rego si\u0119 wybierasz.<\/p>\n\n<p>Je\u015bli chcesz skorzysta\u0107 z innego planu ubezpieczeniowego, musi on zosta\u0107 zatwierdzony przez organ w kraju goszcz\u0105cym, taki jak agencja rz\u0105dowa lub szko\u0142a. Porozmawiaj z nami w STS, a upewnimy si\u0119, \u017ce poprowadzimy Ci\u0119 w\u0142a\u015bciw\u0105 drog\u0105 w zakresie ubezpieczenia.<\/p>\n\n<h2>Anulowanie wyjazdu- ochrona anulowania<\/h2>\n\n<h3>Anulowanie wymiany<\/h3>\n\n<p>Je\u015bli zdecydujesz si\u0119 anulowa\u0107 wymian\u0119 na wi\u0119cej ni\u017c pi\u0119\u0107 miesi\u0119cy przed wyjazdem, STS zatrzyma op\u0142at\u0119 rejestracyjn\u0105. Po tym czasie b\u0119dziemy post\u0119powa\u0107 zgodnie z Warunkami anulowania, kt\u00f3re reguluj\u0105 wysoko\u015b\u0107 zwrotu op\u0142at za program w zale\u017cno\u015bci od tego, jak blisko daty wyjazdu wp\u0142ynie rezygnacja. Je\u015bli zdecydujesz si\u0119 doda\u0107 Ochron\u0119 przed anulowaniem, zastosowanie b\u0119d\u0105 mia\u0142y inne warunki.<\/p>\n\n<h3>Ochrona przed anulowaniem<\/h3>\n\n<p>Oferujemy dwa r\u00f3\u017cne rodzaje ochrony przed anulowaniem jako dodatkowe opcje podczas rezerwacji programu wymiany z nami:<\/p>\n\n<p><strong>Standardowa ochrona przed anulowaniem:<\/strong> Nasza najpopularniejsza ochrona przed anulowaniem podr\u00f3\u017cy jest teraz jeszcze lepsza: Zwraca uiszczone op\u0142aty za program* w ca\u0142o\u015bci w przypadku choroby, wypadku lub \u015bmierci w rodzinie, z dowodem w postaci za\u015bwiadczenia lekarskiego.<\/p>\n\n<p>Cena: <strong>395 EUR<\/strong><\/p>\n\n<p><strong>Rozszerzona ochrona przed anulowaniem:<\/strong> Rozszerzona ochrona przed anulowaniem zwraca zap\u0142acone op\u0142aty za program* w ca\u0142o\u015bci, niezale\u017cnie od przyczyny anulowania, o ile nie anulujesz p\u00f3\u017aniej ni\u017c 10 dni przed wyjazdem.<\/p>\n\n<p>Cena: <strong>1 500 EUR<\/strong> za nasz program Classic, <strong>750 EUR<\/strong> za nasz program Select (obejmuje to tylko op\u0142aty uiszczane na rzecz STS).<\/p>\n\n<p><em>*Z wyj\u0105tkiem koszt\u00f3w samej ochrony przed anulowaniem.<\/em><\/p>\n\n<h3>Pytania dotycz\u0105ce p\u0142atno\u015bci<\/h3>\n\n<p>Je\u015bli masz pytania dotycz\u0105ce p\u0142atno\u015bci, finansowania, ubezpieczenia, rodziny goszcz\u0105cej, opcji dodatkowych itp. skontaktuj si\u0119 z nami, a my Ci pomo\u017cemy! Zadzwo\u0144 do nas pod numer <a href=\"tel:+48%20534%20371%20668\">+48 534 371 668<\/a> lub napisz na adres <a href=\"mailto:customercare@sts-education.pl\">customercare@sts-education.pl<\/a><\/p>\n<\/div><\/div><\/div>\n","protected":false},"excerpt":{"rendered":"","protected":false},"author":20,"featured_media":0,"parent":10156,"menu_order":0,"comment_status":"closed","ping_status":"closed","template":"templates\/template-default-with-breadcrumbs.php","meta":{"_acf_changed":false,"sts_page_background_color":"","footnotes":""},"wpw_page_folders":[86],"class_list":["post-10167","page","type-page","status-publish","hentry"],"acf":[],"yoast_head":"<!-- This site is optimized with the Yoast SEO Premium plugin v27.2 (Yoast SEO v27.3) - https:\/\/yoast.com\/product\/yoast-seo-premium-wordpress\/ -->\n<title>Rezerwacja i bezpieczna p\u0142atno\u015b\u0107 za rok wymiany | STS<\/title>\n<meta name=\"description\" content=\"Po z\u0142o\u017ceniu wniosku i przyj\u0119ciu do jednego z naszych program\u00f3w wymiany, uiszczasz op\u0142at\u0119 aplikacyjn\u0105. P\u0142atno\u015b\u0107 jest nast\u0119pnie dzielona na kilka rat.\" \/>\n<meta name=\"robots\" content=\"index, follow, max-snippet:-1, max-image-preview:large, max-video-preview:-1\" \/>\n<link rel=\"canonical\" href=\"https:\/\/www.sts-education.com\/pl\/szkola-srednia\/fakty-i-informacje-o-cenach\/rezerwacja-i-platnosc\/\" \/>\n<meta property=\"og:locale\" content=\"pl_PL\" \/>\n<meta property=\"og:type\" content=\"article\" \/>\n<meta property=\"og:title\" content=\"Rezerwacja I Platnosc\" \/>\n<meta property=\"og:description\" content=\"Po z\u0142o\u017ceniu wniosku i przyj\u0119ciu do jednego z naszych program\u00f3w wymiany, uiszczasz op\u0142at\u0119 aplikacyjn\u0105. P\u0142atno\u015b\u0107 jest nast\u0119pnie dzielona na kilka rat.\" \/>\n<meta property=\"og:url\" content=\"https:\/\/www.sts-education.com\/pl\/szkola-srednia\/fakty-i-informacje-o-cenach\/rezerwacja-i-platnosc\/\" \/>\n<meta property=\"og:site_name\" content=\"STS Education\" \/>\n<meta property=\"article:modified_time\" content=\"2026-04-14T09:58:37+00:00\" \/>\n<meta property=\"og:image\" content=\"https:\/\/cdn.sts-education.com\/12578_hero_lg_xl.jpg\" \/>\n<meta name=\"twitter:card\" content=\"summary_large_image\" \/>\n<meta name=\"twitter:label1\" content=\"Szacowany czas czytania\" \/>\n\t<meta name=\"twitter:data1\" content=\"3 minuty\" \/>\n<script type=\"application\/ld+json\" class=\"yoast-schema-graph\">{\"@context\":\"https:\\\/\\\/schema.org\",\"@graph\":[{\"@type\":\"WebPage\",\"@id\":\"https:\\\/\\\/www.sts-education.com\\\/pl\\\/szkola-srednia\\\/fakty-i-informacje-o-cenach\\\/rezerwacja-i-platnosc\\\/\",\"url\":\"https:\\\/\\\/www.sts-education.com\\\/pl\\\/szkola-srednia\\\/fakty-i-informacje-o-cenach\\\/rezerwacja-i-platnosc\\\/\",\"name\":\"Rezerwacja i bezpieczna p\u0142atno\u015b\u0107 za rok wymiany | STS\",\"isPartOf\":{\"@id\":\"https:\\\/\\\/www.sts-education.com\\\/pl\\\/#website\"},\"primaryImageOfPage\":{\"@id\":\"https:\\\/\\\/www.sts-education.com\\\/pl\\\/szkola-srednia\\\/fakty-i-informacje-o-cenach\\\/rezerwacja-i-platnosc\\\/#primaryimage\"},\"image\":{\"@id\":\"https:\\\/\\\/www.sts-education.com\\\/pl\\\/szkola-srednia\\\/fakty-i-informacje-o-cenach\\\/rezerwacja-i-platnosc\\\/#primaryimage\"},\"thumbnailUrl\":\"https:\\\/\\\/cdn.sts-education.com\\\/12578_hero_lg_xl.jpg\",\"datePublished\":\"2025-12-16T10:19:15+00:00\",\"dateModified\":\"2026-04-14T09:58:37+00:00\",\"description\":\"Po z\u0142o\u017ceniu wniosku i przyj\u0119ciu do jednego z naszych program\u00f3w wymiany, uiszczasz op\u0142at\u0119 aplikacyjn\u0105. P\u0142atno\u015b\u0107 jest nast\u0119pnie dzielona na kilka rat.\",\"breadcrumb\":{\"@id\":\"https:\\\/\\\/www.sts-education.com\\\/pl\\\/szkola-srednia\\\/fakty-i-informacje-o-cenach\\\/rezerwacja-i-platnosc\\\/#breadcrumb\"},\"inLanguage\":\"pl-PL\",\"potentialAction\":[{\"@type\":\"ReadAction\",\"target\":[\"https:\\\/\\\/www.sts-education.com\\\/pl\\\/szkola-srednia\\\/fakty-i-informacje-o-cenach\\\/rezerwacja-i-platnosc\\\/\"]}]},{\"@type\":\"ImageObject\",\"inLanguage\":\"pl-PL\",\"@id\":\"https:\\\/\\\/www.sts-education.com\\\/pl\\\/szkola-srednia\\\/fakty-i-informacje-o-cenach\\\/rezerwacja-i-platnosc\\\/#primaryimage\",\"url\":\"https:\\\/\\\/cdn.sts-education.com\\\/12578_hero_lg_xl.jpg\",\"contentUrl\":\"https:\\\/\\\/cdn.sts-education.com\\\/12578_hero_lg_xl.jpg\"},{\"@type\":\"BreadcrumbList\",\"@id\":\"https:\\\/\\\/www.sts-education.com\\\/pl\\\/szkola-srednia\\\/fakty-i-informacje-o-cenach\\\/rezerwacja-i-platnosc\\\/#breadcrumb\",\"itemListElement\":[{\"@type\":\"ListItem\",\"position\":1,\"name\":\"Home\",\"item\":\"https:\\\/\\\/www.sts-education.com\\\/pl\\\/\"},{\"@type\":\"ListItem\",\"position\":2,\"name\":\"High school\",\"item\":\"https:\\\/\\\/www.sts-education.com\\\/pl\\\/szkola-srednia\\\/\"},{\"@type\":\"ListItem\",\"position\":3,\"name\":\"Fakty I Informacje O Cenach\",\"item\":\"https:\\\/\\\/www.sts-education.com\\\/pl\\\/szkola-srednia\\\/fakty-i-informacje-o-cenach\\\/\"},{\"@type\":\"ListItem\",\"position\":4,\"name\":\"Rezerwacja I Platnosc\"}]},{\"@type\":\"WebSite\",\"@id\":\"https:\\\/\\\/www.sts-education.com\\\/pl\\\/#website\",\"url\":\"https:\\\/\\\/www.sts-education.com\\\/pl\\\/\",\"name\":\"STS Education\",\"description\":\"\",\"potentialAction\":[{\"@type\":\"SearchAction\",\"target\":{\"@type\":\"EntryPoint\",\"urlTemplate\":\"https:\\\/\\\/www.sts-education.com\\\/pl\\\/?s={search_term_string}\"},\"query-input\":{\"@type\":\"PropertyValueSpecification\",\"valueRequired\":true,\"valueName\":\"search_term_string\"}}],\"inLanguage\":\"pl-PL\"}]}<\/script>\n<!-- \/ Yoast SEO Premium plugin. -->","yoast_head_json":{"title":"Rezerwacja i bezpieczna p\u0142atno\u015b\u0107 za rok wymiany | STS","description":"Po z\u0142o\u017ceniu wniosku i przyj\u0119ciu do jednego z naszych program\u00f3w wymiany, uiszczasz op\u0142at\u0119 aplikacyjn\u0105. P\u0142atno\u015b\u0107 jest nast\u0119pnie dzielona na kilka rat.","robots":{"index":"index","follow":"follow","max-snippet":"max-snippet:-1","max-image-preview":"max-image-preview:large","max-video-preview":"max-video-preview:-1"},"canonical":"https:\/\/www.sts-education.com\/pl\/szkola-srednia\/fakty-i-informacje-o-cenach\/rezerwacja-i-platnosc\/","og_locale":"pl_PL","og_type":"article","og_title":"Rezerwacja I Platnosc","og_description":"Po z\u0142o\u017ceniu wniosku i przyj\u0119ciu do jednego z naszych program\u00f3w wymiany, uiszczasz op\u0142at\u0119 aplikacyjn\u0105. P\u0142atno\u015b\u0107 jest nast\u0119pnie dzielona na kilka rat.","og_url":"https:\/\/www.sts-education.com\/pl\/szkola-srednia\/fakty-i-informacje-o-cenach\/rezerwacja-i-platnosc\/","og_site_name":"STS Education","article_modified_time":"2026-04-14T09:58:37+00:00","og_image":[{"url":"https:\/\/cdn.sts-education.com\/12578_hero_lg_xl.jpg","type":"","width":"","height":""}],"twitter_card":"summary_large_image","twitter_misc":{"Szacowany czas czytania":"3 minuty"},"schema":{"@context":"https:\/\/schema.org","@graph":[{"@type":"WebPage","@id":"https:\/\/www.sts-education.com\/pl\/szkola-srednia\/fakty-i-informacje-o-cenach\/rezerwacja-i-platnosc\/","url":"https:\/\/www.sts-education.com\/pl\/szkola-srednia\/fakty-i-informacje-o-cenach\/rezerwacja-i-platnosc\/","name":"Rezerwacja i bezpieczna p\u0142atno\u015b\u0107 za rok wymiany | STS","isPartOf":{"@id":"https:\/\/www.sts-education.com\/pl\/#website"},"primaryImageOfPage":{"@id":"https:\/\/www.sts-education.com\/pl\/szkola-srednia\/fakty-i-informacje-o-cenach\/rezerwacja-i-platnosc\/#primaryimage"},"image":{"@id":"https:\/\/www.sts-education.com\/pl\/szkola-srednia\/fakty-i-informacje-o-cenach\/rezerwacja-i-platnosc\/#primaryimage"},"thumbnailUrl":"https:\/\/cdn.sts-education.com\/12578_hero_lg_xl.jpg","datePublished":"2025-12-16T10:19:15+00:00","dateModified":"2026-04-14T09:58:37+00:00","description":"Po z\u0142o\u017ceniu wniosku i przyj\u0119ciu do jednego z naszych program\u00f3w wymiany, uiszczasz op\u0142at\u0119 aplikacyjn\u0105. P\u0142atno\u015b\u0107 jest nast\u0119pnie dzielona na kilka rat.","breadcrumb":{"@id":"https:\/\/www.sts-education.com\/pl\/szkola-srednia\/fakty-i-informacje-o-cenach\/rezerwacja-i-platnosc\/#breadcrumb"},"inLanguage":"pl-PL","potentialAction":[{"@type":"ReadAction","target":["https:\/\/www.sts-education.com\/pl\/szkola-srednia\/fakty-i-informacje-o-cenach\/rezerwacja-i-platnosc\/"]}]},{"@type":"ImageObject","inLanguage":"pl-PL","@id":"https:\/\/www.sts-education.com\/pl\/szkola-srednia\/fakty-i-informacje-o-cenach\/rezerwacja-i-platnosc\/#primaryimage","url":"https:\/\/cdn.sts-education.com\/12578_hero_lg_xl.jpg","contentUrl":"https:\/\/cdn.sts-education.com\/12578_hero_lg_xl.jpg"},{"@type":"BreadcrumbList","@id":"https:\/\/www.sts-education.com\/pl\/szkola-srednia\/fakty-i-informacje-o-cenach\/rezerwacja-i-platnosc\/#breadcrumb","itemListElement":[{"@type":"ListItem","position":1,"name":"Home","item":"https:\/\/www.sts-education.com\/pl\/"},{"@type":"ListItem","position":2,"name":"High school","item":"https:\/\/www.sts-education.com\/pl\/szkola-srednia\/"},{"@type":"ListItem","position":3,"name":"Fakty I Informacje O Cenach","item":"https:\/\/www.sts-education.com\/pl\/szkola-srednia\/fakty-i-informacje-o-cenach\/"},{"@type":"ListItem","position":4,"name":"Rezerwacja I Platnosc"}]},{"@type":"WebSite","@id":"https:\/\/www.sts-education.com\/pl\/#website","url":"https:\/\/www.sts-education.com\/pl\/","name":"STS Education","description":"","potentialAction":[{"@type":"SearchAction","target":{"@type":"EntryPoint","urlTemplate":"https:\/\/www.sts-education.com\/pl\/?s={search_term_string}"},"query-input":{"@type":"PropertyValueSpecification","valueRequired":true,"valueName":"search_term_string"}}],"inLanguage":"pl-PL"}]}},"_links":{"self":[{"href":"https:\/\/www.sts-education.com\/pl\/wp-json\/wp\/v2\/pages\/10167","targetHints":{"allow":["GET"]}}],"collection":[{"href":"https:\/\/www.sts-education.com\/pl\/wp-json\/wp\/v2\/pages"}],"about":[{"href":"https:\/\/www.sts-education.com\/pl\/wp-json\/wp\/v2\/types\/page"}],"author":[{"embeddable":true,"href":"https:\/\/www.sts-education.com\/pl\/wp-json\/wp\/v2\/users\/20"}],"replies":[{"embeddable":true,"href":"https:\/\/www.sts-education.com\/pl\/wp-json\/wp\/v2\/comments?post=10167"}],"version-history":[{"count":4,"href":"https:\/\/www.sts-education.com\/pl\/wp-json\/wp\/v2\/pages\/10167\/revisions"}],"predecessor-version":[{"id":33455,"href":"https:\/\/www.sts-education.com\/pl\/wp-json\/wp\/v2\/pages\/10167\/revisions\/33455"}],"up":[{"embeddable":true,"href":"https:\/\/www.sts-education.com\/pl\/wp-json\/wp\/v2\/pages\/10156"}],"wp:attachment":[{"href":"https:\/\/www.sts-education.com\/pl\/wp-json\/wp\/v2\/media?parent=10167"}],"wp:term":[{"taxonomy":"wpw_page_folders","embeddable":true,"href":"https:\/\/www.sts-education.com\/pl\/wp-json\/wp\/v2\/wpw_page_folders?post=10167"}],"curies":[{"name":"wp","href":"https:\/\/api.w.org\/{rel}","templated":true}]}}