{"id":10168,"date":"2025-12-16T10:18:24","date_gmt":"2025-12-16T10:18:24","guid":{"rendered":"https:\/\/preprod.sts-education.com\/szkola-srednia\/fakty-i-informacje-o-cenach\/wszystko-to-jest-wliczone-w-cene\/"},"modified":"2026-04-01T01:31:41","modified_gmt":"2026-04-01T01:31:41","slug":"wszystko-to-jest-wliczone-w-cene","status":"publish","type":"page","link":"https:\/\/www.sts-education.com\/pl\/szkola-srednia\/fakty-i-informacje-o-cenach\/wszystko-to-jest-wliczone-w-cene\/","title":{"rendered":"Wszystko To Jest Wliczone W Cene"},"content":{"rendered":"\n<section class=\"wp-block-sts-hero sts-block-hero is-variant-full-background has-text-light has-background-media\" style=\"--sts-hero-padding-mobile:0px;--sts-hero-padding-desktop:0px;--sts-hero-text-color:var(--wp--preset--color--base-10, #fff);\" data-variant=\"full-background\"><div class=\"sts-block-hero__background\"><picture class=\"sts-responsive-image has-fit-cover is-skeleton\"><img src=\"https:\/\/cdn.sts-education.com\/12639_hero_lg_xl.jpg\" alt=\"Wszystko to jest wliczone w cen\u0119\" loading=\"lazy\" decoding=\"async\" fetchpriority=\"low\" sizes=\"100vw\" \/><\/picture><span class=\"sts-block-hero__overlay\" aria-hidden=\"true\"><\/span><\/div><div class=\"sts-block-hero__inner\"><div class=\"sts-block-hero__content has-align-center\"><div class=\"sts-block-hero__content-inner\"><h1 class=\"sts-block-hero__heading\">Wszystko to jest wliczone w cen\u0119<\/h1><\/div><\/div><\/div><\/section>\n\n\n\n<div class=\"wp-block-sts-text sts-text-editor has-max-width-md\"><div class=\"sts-text-editor__content\"><div class=\"sts-text-editor__content-inner\">\n<p>Rok wymiany w szkole \u015bredniej jest pe\u0142en niezapomnianych wra\u017ce\u0144, o czym wkr\u00f3tce si\u0119 przekonasz. Prze\u017cyjesz wiele wspania\u0142ych chwil, kt\u00f3re stan\u0105 si\u0119 wspomnieniami na ca\u0142e \u017cycie.<\/p>\n\n<p>Podr\u00f3\u017cuj\u0105c z STS, masz dost\u0119p do ca\u0142ej wiedzy naszych niezwykle kompetentnych ekspert\u00f3w ze szk\u00f3\u0142 \u015brednich, a tak\u017ce wskaz\u00f3wek, kt\u00f3re sprawi\u0105, \u017ce Tw\u00f3j pobyt za granic\u0105 b\u0119dzie najlepszy z mo\u017cliwych.<\/p>\n\n<h2>Wszystko to jest zawarte w STS<\/h2>\n\n<ul><li>Wywiad, spotkania i materia\u0142y przygotowuj\u0105ce Ciebie i Twoich rodzic\u00f3w do wyjazdu za granic\u0119. <\/li>\n<li>Ob\u00f3z powitalny (Welcome camp) jest w prawie wszystkich miejscach docelowych wliczony w cen\u0119, gdy wyje\u017cd\u017casz na rok szkolny za granic\u0119 jesieni\u0105. <\/li>\n<li>Podr\u00f3\u017c poci\u0105giem lub samolotem w obie strony do kraju goszcz\u0105cego. (W tym wszelkie podatki zwi\u0105zane z lotem) <\/li>\n<li>Gwarancja wyjazdu na program wymiany &#8211; je\u015bli zostaniesz przyj\u0119ty i z jakiegokolwiek powodu nie zostaniesz umieszczony zgodnie z pierwotnym wyborem, zawsze mo\u017cemy zaoferowa\u0107 alternatyw\u0119. <\/li>\n<li>Plecak STS. <\/li>\n<li>Pracownik STS lub rodzina goszcz\u0105ca spotkaj\u0105 si\u0119 z Tob\u0105 na lotnisku po przylocie. <\/li>\n<li>Umieszczenie w rodzinie goszcz\u0105cej z pe\u0142nym pokojem i wy\u017cywieniem. <\/li>\n<li>24-godzinny serwis telefoniczny. Zawsze mo\u017cesz si\u0119 z nami skontaktowa\u0107. <\/li>\n<li>Spotkania informacyjne w trakcie roku akademickiego z przedstawicielami regionu i innymi studentami z wymiany. <\/li>\n<li>Certyfikat po zako\u0144czeniu roku za granic\u0105. <\/li><\/ul>\n\n<h2>Dodatkowe koszty<\/h2>\n\n<p>Istnieje r\u00f3wnie\u017c kilka rzeczy, kt\u00f3re mog\u0105 si\u0119 pojawi\u0107 jako dodatkowe opcje i dodatkowe koszty w zwi\u0105zku z rokiem za granic\u0105. Dodatkowe koszty obejmuj\u0105:<\/p>\n\n<ul><li>Badania lekarskie <\/li>\n<li>Szczepionki, je\u015bli s\u0105 potrzebne <\/li>\n<li>Wiza w razie potrzeby i zwi\u0105zane z ni\u0105 op\u0142at <\/li>\n<li>Ubezpieczenie od koszt\u00f3w rezygnacji <\/li>\n<li>Kieszonkowe <\/li>\n<li>Koszty produkt\u00f3w higienicznych <\/li>\n<li>Wszelkie op\u0142aty za podr\u00f3\u017ce i inne dzia\u0142ania w kraju goszcz\u0105cym <\/li>\n<li>Mundurek szkolny, je\u015bli jest wymagany w szkole <\/li>\n<li>Lunch w szkole <\/li>\n<li>Transport publiczny\/autobus szkolny <\/li>\n<li>Ubezpieczenie <\/li>\n<li>Wszelkie dop\u0142aty walutowe <\/li>\n<li>Je\u015bli wymagana jest specjalna dieta, mog\u0105 wyst\u0105pi\u0107 dodatkowe koszty. <\/li><\/ul>\n<\/div><\/div><\/div>\n\n","protected":false},"excerpt":{"rendered":"","protected":false},"author":20,"featured_media":0,"parent":10156,"menu_order":0,"comment_status":"closed","ping_status":"closed","template":"templates\/template-default-with-breadcrumbs.php","meta":{"_acf_changed":false,"sts_page_background_color":"","footnotes":""},"wpw_page_folders":[86],"class_list":["post-10168","page","type-page","status-publish","hentry"],"acf":[],"yoast_head":"<!-- This site is optimized with the Yoast SEO Premium plugin v27.2 (Yoast SEO v27.3) - https:\/\/yoast.com\/product\/yoast-seo-premium-wordpress\/ -->\n<title>Co jest wliczone w cen\u0119 rocznego pobytu za granic\u0105?<\/title>\n<meta name=\"description\" content=\"Wszystko to jest zawarte w rocznym pobycie za granic\u0105 z STS. Rozmowa kwalifikacyjna, ob\u00f3z powitalny (Welcome camp), podr\u00f3\u017c, szko\u0142a, zakwaterowanie, certyfikat i wiele wi\u0119cej.\" \/>\n<meta name=\"robots\" content=\"index, follow, max-snippet:-1, max-image-preview:large, max-video-preview:-1\" \/>\n<link rel=\"canonical\" href=\"https:\/\/www.sts-education.com\/pl\/szkola-srednia\/fakty-i-informacje-o-cenach\/wszystko-to-jest-wliczone-w-cene\/\" \/>\n<meta property=\"og:locale\" content=\"pl_PL\" \/>\n<meta property=\"og:type\" content=\"article\" \/>\n<meta property=\"og:title\" content=\"Wszystko To Jest Wliczone W Cene\" \/>\n<meta property=\"og:description\" content=\"Wszystko to jest zawarte w rocznym pobycie za granic\u0105 z STS. Rozmowa kwalifikacyjna, ob\u00f3z powitalny (Welcome camp), podr\u00f3\u017c, szko\u0142a, zakwaterowanie, certyfikat i wiele wi\u0119cej.\" \/>\n<meta property=\"og:url\" content=\"https:\/\/www.sts-education.com\/pl\/szkola-srednia\/fakty-i-informacje-o-cenach\/wszystko-to-jest-wliczone-w-cene\/\" \/>\n<meta property=\"og:site_name\" content=\"STS Education\" \/>\n<meta property=\"article:modified_time\" content=\"2026-04-01T01:31:41+00:00\" \/>\n<meta property=\"og:image\" content=\"https:\/\/cdn.sts-education.com\/12639_hero_lg_xl.jpg\" \/>\n<meta name=\"twitter:card\" content=\"summary_large_image\" \/>\n<meta name=\"twitter:label1\" content=\"Szacowany czas czytania\" \/>\n\t<meta name=\"twitter:data1\" content=\"2 minuty\" \/>\n<script type=\"application\/ld+json\" class=\"yoast-schema-graph\">{\"@context\":\"https:\\\/\\\/schema.org\",\"@graph\":[{\"@type\":\"WebPage\",\"@id\":\"https:\\\/\\\/www.sts-education.com\\\/pl\\\/szkola-srednia\\\/fakty-i-informacje-o-cenach\\\/wszystko-to-jest-wliczone-w-cene\\\/\",\"url\":\"https:\\\/\\\/www.sts-education.com\\\/pl\\\/szkola-srednia\\\/fakty-i-informacje-o-cenach\\\/wszystko-to-jest-wliczone-w-cene\\\/\",\"name\":\"Co jest wliczone w cen\u0119 rocznego pobytu za granic\u0105?\",\"isPartOf\":{\"@id\":\"https:\\\/\\\/www.sts-education.com\\\/pl\\\/#website\"},\"primaryImageOfPage\":{\"@id\":\"https:\\\/\\\/www.sts-education.com\\\/pl\\\/szkola-srednia\\\/fakty-i-informacje-o-cenach\\\/wszystko-to-jest-wliczone-w-cene\\\/#primaryimage\"},\"image\":{\"@id\":\"https:\\\/\\\/www.sts-education.com\\\/pl\\\/szkola-srednia\\\/fakty-i-informacje-o-cenach\\\/wszystko-to-jest-wliczone-w-cene\\\/#primaryimage\"},\"thumbnailUrl\":\"https:\\\/\\\/cdn.sts-education.com\\\/12639_hero_lg_xl.jpg\",\"datePublished\":\"2025-12-16T10:18:24+00:00\",\"dateModified\":\"2026-04-01T01:31:41+00:00\",\"description\":\"Wszystko to jest zawarte w rocznym pobycie za granic\u0105 z STS. Rozmowa kwalifikacyjna, ob\u00f3z powitalny (Welcome camp), podr\u00f3\u017c, szko\u0142a, zakwaterowanie, certyfikat i wiele wi\u0119cej.\",\"breadcrumb\":{\"@id\":\"https:\\\/\\\/www.sts-education.com\\\/pl\\\/szkola-srednia\\\/fakty-i-informacje-o-cenach\\\/wszystko-to-jest-wliczone-w-cene\\\/#breadcrumb\"},\"inLanguage\":\"pl-PL\",\"potentialAction\":[{\"@type\":\"ReadAction\",\"target\":[\"https:\\\/\\\/www.sts-education.com\\\/pl\\\/szkola-srednia\\\/fakty-i-informacje-o-cenach\\\/wszystko-to-jest-wliczone-w-cene\\\/\"]}]},{\"@type\":\"ImageObject\",\"inLanguage\":\"pl-PL\",\"@id\":\"https:\\\/\\\/www.sts-education.com\\\/pl\\\/szkola-srednia\\\/fakty-i-informacje-o-cenach\\\/wszystko-to-jest-wliczone-w-cene\\\/#primaryimage\",\"url\":\"https:\\\/\\\/cdn.sts-education.com\\\/12639_hero_lg_xl.jpg\",\"contentUrl\":\"https:\\\/\\\/cdn.sts-education.com\\\/12639_hero_lg_xl.jpg\"},{\"@type\":\"BreadcrumbList\",\"@id\":\"https:\\\/\\\/www.sts-education.com\\\/pl\\\/szkola-srednia\\\/fakty-i-informacje-o-cenach\\\/wszystko-to-jest-wliczone-w-cene\\\/#breadcrumb\",\"itemListElement\":[{\"@type\":\"ListItem\",\"position\":1,\"name\":\"Home\",\"item\":\"https:\\\/\\\/www.sts-education.com\\\/pl\\\/\"},{\"@type\":\"ListItem\",\"position\":2,\"name\":\"High school\",\"item\":\"https:\\\/\\\/www.sts-education.com\\\/pl\\\/szkola-srednia\\\/\"},{\"@type\":\"ListItem\",\"position\":3,\"name\":\"Fakty I Informacje O Cenach\",\"item\":\"https:\\\/\\\/www.sts-education.com\\\/pl\\\/szkola-srednia\\\/fakty-i-informacje-o-cenach\\\/\"},{\"@type\":\"ListItem\",\"position\":4,\"name\":\"Wszystko To Jest Wliczone W Cene\"}]},{\"@type\":\"WebSite\",\"@id\":\"https:\\\/\\\/www.sts-education.com\\\/pl\\\/#website\",\"url\":\"https:\\\/\\\/www.sts-education.com\\\/pl\\\/\",\"name\":\"STS Education\",\"description\":\"\",\"potentialAction\":[{\"@type\":\"SearchAction\",\"target\":{\"@type\":\"EntryPoint\",\"urlTemplate\":\"https:\\\/\\\/www.sts-education.com\\\/pl\\\/?s={search_term_string}\"},\"query-input\":{\"@type\":\"PropertyValueSpecification\",\"valueRequired\":true,\"valueName\":\"search_term_string\"}}],\"inLanguage\":\"pl-PL\"}]}<\/script>\n<!-- \/ Yoast SEO Premium plugin. -->","yoast_head_json":{"title":"Co jest wliczone w cen\u0119 rocznego pobytu za granic\u0105?","description":"Wszystko to jest zawarte w rocznym pobycie za granic\u0105 z STS. Rozmowa kwalifikacyjna, ob\u00f3z powitalny (Welcome camp), podr\u00f3\u017c, szko\u0142a, zakwaterowanie, certyfikat i wiele wi\u0119cej.","robots":{"index":"index","follow":"follow","max-snippet":"max-snippet:-1","max-image-preview":"max-image-preview:large","max-video-preview":"max-video-preview:-1"},"canonical":"https:\/\/www.sts-education.com\/pl\/szkola-srednia\/fakty-i-informacje-o-cenach\/wszystko-to-jest-wliczone-w-cene\/","og_locale":"pl_PL","og_type":"article","og_title":"Wszystko To Jest Wliczone W Cene","og_description":"Wszystko to jest zawarte w rocznym pobycie za granic\u0105 z STS. Rozmowa kwalifikacyjna, ob\u00f3z powitalny (Welcome camp), podr\u00f3\u017c, szko\u0142a, zakwaterowanie, certyfikat i wiele wi\u0119cej.","og_url":"https:\/\/www.sts-education.com\/pl\/szkola-srednia\/fakty-i-informacje-o-cenach\/wszystko-to-jest-wliczone-w-cene\/","og_site_name":"STS Education","article_modified_time":"2026-04-01T01:31:41+00:00","og_image":[{"url":"https:\/\/cdn.sts-education.com\/12639_hero_lg_xl.jpg","type":"","width":"","height":""}],"twitter_card":"summary_large_image","twitter_misc":{"Szacowany czas czytania":"2 minuty"},"schema":{"@context":"https:\/\/schema.org","@graph":[{"@type":"WebPage","@id":"https:\/\/www.sts-education.com\/pl\/szkola-srednia\/fakty-i-informacje-o-cenach\/wszystko-to-jest-wliczone-w-cene\/","url":"https:\/\/www.sts-education.com\/pl\/szkola-srednia\/fakty-i-informacje-o-cenach\/wszystko-to-jest-wliczone-w-cene\/","name":"Co jest wliczone w cen\u0119 rocznego pobytu za granic\u0105?","isPartOf":{"@id":"https:\/\/www.sts-education.com\/pl\/#website"},"primaryImageOfPage":{"@id":"https:\/\/www.sts-education.com\/pl\/szkola-srednia\/fakty-i-informacje-o-cenach\/wszystko-to-jest-wliczone-w-cene\/#primaryimage"},"image":{"@id":"https:\/\/www.sts-education.com\/pl\/szkola-srednia\/fakty-i-informacje-o-cenach\/wszystko-to-jest-wliczone-w-cene\/#primaryimage"},"thumbnailUrl":"https:\/\/cdn.sts-education.com\/12639_hero_lg_xl.jpg","datePublished":"2025-12-16T10:18:24+00:00","dateModified":"2026-04-01T01:31:41+00:00","description":"Wszystko to jest zawarte w rocznym pobycie za granic\u0105 z STS. Rozmowa kwalifikacyjna, ob\u00f3z powitalny (Welcome camp), podr\u00f3\u017c, szko\u0142a, zakwaterowanie, certyfikat i wiele wi\u0119cej.","breadcrumb":{"@id":"https:\/\/www.sts-education.com\/pl\/szkola-srednia\/fakty-i-informacje-o-cenach\/wszystko-to-jest-wliczone-w-cene\/#breadcrumb"},"inLanguage":"pl-PL","potentialAction":[{"@type":"ReadAction","target":["https:\/\/www.sts-education.com\/pl\/szkola-srednia\/fakty-i-informacje-o-cenach\/wszystko-to-jest-wliczone-w-cene\/"]}]},{"@type":"ImageObject","inLanguage":"pl-PL","@id":"https:\/\/www.sts-education.com\/pl\/szkola-srednia\/fakty-i-informacje-o-cenach\/wszystko-to-jest-wliczone-w-cene\/#primaryimage","url":"https:\/\/cdn.sts-education.com\/12639_hero_lg_xl.jpg","contentUrl":"https:\/\/cdn.sts-education.com\/12639_hero_lg_xl.jpg"},{"@type":"BreadcrumbList","@id":"https:\/\/www.sts-education.com\/pl\/szkola-srednia\/fakty-i-informacje-o-cenach\/wszystko-to-jest-wliczone-w-cene\/#breadcrumb","itemListElement":[{"@type":"ListItem","position":1,"name":"Home","item":"https:\/\/www.sts-education.com\/pl\/"},{"@type":"ListItem","position":2,"name":"High school","item":"https:\/\/www.sts-education.com\/pl\/szkola-srednia\/"},{"@type":"ListItem","position":3,"name":"Fakty I Informacje O Cenach","item":"https:\/\/www.sts-education.com\/pl\/szkola-srednia\/fakty-i-informacje-o-cenach\/"},{"@type":"ListItem","position":4,"name":"Wszystko To Jest Wliczone W Cene"}]},{"@type":"WebSite","@id":"https:\/\/www.sts-education.com\/pl\/#website","url":"https:\/\/www.sts-education.com\/pl\/","name":"STS Education","description":"","potentialAction":[{"@type":"SearchAction","target":{"@type":"EntryPoint","urlTemplate":"https:\/\/www.sts-education.com\/pl\/?s={search_term_string}"},"query-input":{"@type":"PropertyValueSpecification","valueRequired":true,"valueName":"search_term_string"}}],"inLanguage":"pl-PL"}]}},"_links":{"self":[{"href":"https:\/\/www.sts-education.com\/pl\/wp-json\/wp\/v2\/pages\/10168","targetHints":{"allow":["GET"]}}],"collection":[{"href":"https:\/\/www.sts-education.com\/pl\/wp-json\/wp\/v2\/pages"}],"about":[{"href":"https:\/\/www.sts-education.com\/pl\/wp-json\/wp\/v2\/types\/page"}],"author":[{"embeddable":true,"href":"https:\/\/www.sts-education.com\/pl\/wp-json\/wp\/v2\/users\/20"}],"replies":[{"embeddable":true,"href":"https:\/\/www.sts-education.com\/pl\/wp-json\/wp\/v2\/comments?post=10168"}],"version-history":[{"count":2,"href":"https:\/\/www.sts-education.com\/pl\/wp-json\/wp\/v2\/pages\/10168\/revisions"}],"predecessor-version":[{"id":20201,"href":"https:\/\/www.sts-education.com\/pl\/wp-json\/wp\/v2\/pages\/10168\/revisions\/20201"}],"up":[{"embeddable":true,"href":"https:\/\/www.sts-education.com\/pl\/wp-json\/wp\/v2\/pages\/10156"}],"wp:attachment":[{"href":"https:\/\/www.sts-education.com\/pl\/wp-json\/wp\/v2\/media?parent=10168"}],"wp:term":[{"taxonomy":"wpw_page_folders","embeddable":true,"href":"https:\/\/www.sts-education.com\/pl\/wp-json\/wp\/v2\/wpw_page_folders?post=10168"}],"curies":[{"name":"wp","href":"https:\/\/api.w.org\/{rel}","templated":true}]}}